{"id":107771,"date":"2025-06-09T09:36:57","date_gmt":"2025-06-09T08:36:57","guid":{"rendered":"https:\/\/chiptuningmarket.com\/?post_type=product&#038;p=107771"},"modified":"2025-06-24T12:12:32","modified_gmt":"2025-06-24T11:12:32","slug":"flex-full-master-road-dyno-dynoroad","status":"publish","type":"product","link":"https:\/\/chiptuningmarket.com\/en\/shop\/rogrammers\/programmers-chiptuning\/chiptuning-magicmotorsport-flex\/flex-full-master-road-dyno-dynoroad\/","title":{"rendered":"FLEX Full Master + road dyno DynoRoad"},"content":{"rendered":"<h3 style=\"text-align: center\"><strong>FLEX Full Master + road dyno DynoRoad<\/strong><\/h3>\n<h3 style=\"text-align: center\"><strong>FLEX Full Master+ road dyno DynoRoad\u00a0 set with FLEX with all protocols<\/strong><\/h3>\n<p style=\"text-align: center\"><img decoding=\"async\" class=\"aligncenter wp-image-14750 size-full\" src=\"https:\/\/ms-group.pl\/wp-content\/uploads\/2020\/11\/DR-Acc5.jpg\" alt=\"\" width=\"800\" height=\"800\" \/><\/p>\n<p class=\"tbk__title\" style=\"text-align: center\">Test your vehicle in real life conditions through our intuitive and game changing App<\/p>\n<h3 id=\"eluidfcd5a36f\" class=\"eluidfcd5a36f dn-heading\" style=\"text-align: center\">DynoRoad The Portable Car Dyno<\/h3>\n<h3 class=\"tbk__title\">A fast and easy road dynamometer for testing your vehicle\u2019s performance<\/h3>\n<p>DynoRoad is an innovative mobile car dyno that measures power and torque in both electric and traditional vehicles via an app installed on your mobile device. This road dyno is so small and compact you can always have it with you and it can be installed on your car in just two minutes.<\/p>\n<h3 class=\"kl-iconbox__title element-scheme__hdg1\">Robust Design<strong>:<\/strong><\/h3>\n<ul>\n<li>Light yet durable, DynoRoad is made in from a solid aluminum body designed to preserve its sturdy characteristics and assure device longevity.<\/li>\n<\/ul>\n<h3 class=\"kl-iconbox__title element-scheme__hdg1\">Internally Charged<strong>:<\/strong><\/h3>\n<ul>\n<li>\n<p id=\"tw-target-text\" class=\"tw-data-text tw-text-large XcVN5d tw-ta\" dir=\"ltr\" data-placeholder=\"T\u0142umaczenie\"><span lang=\"pl\">Completely portable, DynoRoad comes equipped with an internal battery that allows you to perform various test on the go and includes a USB-type C port for charging.<\/span><\/p>\n<\/li>\n<\/ul>\n<h3 class=\"kl-iconbox__title element-scheme__hdg1\">Long Lasting Battery<strong>:<\/strong><\/h3>\n<ul>\n<li>Take your time with your car tests. Our integrated battery can take up as many measurements you need with its extensive battery life &#8211; up to 10hrs of work.<\/li>\n<\/ul>\n<h3 class=\"kl-iconbox__title element-scheme__hdg1\">High Accuracy<strong>:<\/strong><\/h3>\n<ul>\n<li>\n<p id=\"tw-target-text\" class=\"tw-data-text tw-text-large XcVN5d tw-ta\" dir=\"ltr\" data-placeholder=\"T\u0142umaczenie\">With it&#8217;s built in sensors and complex algorithms, your results will be rock solid, especially now that you can test your car in a real-life scenarios &#8211; on the road.<\/p>\n<\/li>\n<\/ul>\n<h3 id=\"eluidbb77e291\" class=\"eluidbb77e291 dn-heading\" style=\"text-align: center\">Performing a Car Dyno Test is no Longer a Problem<\/h3>\n<p>With DynoRoad the measurements are highly accurate and repeatable by simply entering the correct vehicle weight and the tire dimensions. In addition, this car dyno has an integrated weather module that will allow you to measure ambient temperature and atmospheric pressure. DynoRoad allows you to consistently repeat results under similar conditions with a margin of error of less than 1%.<\/p>\n<h3 class=\"tbk__title\" style=\"text-align: center\">Accessory Kit<\/h3>\n<p class=\"tbk__subtitle\">Together with the road dyno you will also receive an accessory kit for easy installation. There are no additional costs after purchase. DynoRoad can be used without any constraints.<\/p>\n<p dir=\"ltr\" data-placeholder=\"T\u0142umaczenie\"><img decoding=\"async\" class=\"aligncenter wp-image-14747 size-full\" src=\"https:\/\/ms-group.pl\/wp-content\/uploads\/2020\/11\/installation-4.jpg\" alt=\"\" width=\"700\" height=\"562\" \/><\/p>\n<h3 class=\"tbk__title\" style=\"text-align: center\">So Easy, So Fast, So Accurate<\/h3>\n<ul>\n<li>Getting started with DynoRoad is as easy as mounting the car dyno on the vehicle\u2019s wheel, pressing the ON \/ OFF switch and connecting it to your mobile device.<\/li>\n<li>\n<p id=\"tw-target-text\" class=\"tw-data-text tw-text-large XcVN5d tw-ta\" dir=\"ltr\" data-placeholder=\"T\u0142umaczenie\">Fasten your seat belts and start your engine: after activating your car dyno with a Magicmotorsport account, you\u2019ll need to enter your car details to perform accurate measurements.<\/p>\n<\/li>\n<li>\n<p id=\"tw-target-text\" class=\"tw-data-text tw-text-large XcVN5d tw-ta\" dir=\"ltr\" data-placeholder=\"T\u0142umaczenie\">You can quickly and easily calibrate DynoRoad by maintaining 3000RPM for 5 seconds, while moving your vehicle at least 30 kmh in 4th gear. Additionally, you can change these settings to accommodate different vehicles by adjusting RPM level, gear choice and elapsed time to your desired values. Once the calibration is successful you&#8217;re ready to roll!<\/p>\n<\/li>\n<\/ul>\n<h3 class=\"tbk__title\" style=\"text-align: center\">Smart Mobile Application<\/h3>\n<h3 class=\"tbk__title\" style=\"text-align: center\"><img decoding=\"async\" class=\"aligncenter wp-image-14748 size-full\" style=\"font-size: 16px\" src=\"https:\/\/ms-group.pl\/wp-content\/uploads\/2020\/11\/App-DR.png\" alt=\"\" width=\"750\" height=\"750\" \/><\/h3>\n<p id=\"tw-target-text\" class=\"tw-data-text tw-text-large XcVN5d tw-ta\" dir=\"ltr\" data-placeholder=\"T\u0142umaczenie\">DynoRoad\u2019s application software user interface is simple and intuitive, designed for anyone that knows how to use a mobile phone. The app walks you through the initial set-up of the car dyno and gives you clear and understandable options to accurately measure the horsepower and torque of your vehicle but you can also analyze and compare the results of these measurements.<\/p>\n<ul>\n<li dir=\"ltr\" data-placeholder=\"T\u0142umaczenie\">\n<p class=\"kl-iconbox__title element-scheme__hdg1\">Measure vehicle power in a real-life scenario<\/p>\n<\/li>\n<li dir=\"ltr\" data-placeholder=\"T\u0142umaczenie\">\n<p class=\"kl-iconbox__title element-scheme__hdg1\">Customize your reports to your needs<\/p>\n<\/li>\n<li dir=\"ltr\" data-placeholder=\"T\u0142umaczenie\">\n<p class=\"kl-iconbox__title element-scheme__hdg1\">Analyze your measurements<\/p>\n<\/li>\n<li dir=\"ltr\" data-placeholder=\"T\u0142umaczenie\">\n<p class=\"kl-iconbox__title element-scheme__hdg1\">Compare your modification results<\/p>\n<\/li>\n<\/ul>\n<p><em><strong>Package content:\u00a0<\/strong><\/em><\/p>\n<p><img decoding=\"async\" class=\"aligncenter wp-image-14783 size-full\" src=\"https:\/\/ms-group.pl\/wp-content\/uploads\/2020\/11\/1.jpg\" alt=\"\" width=\"1427\" height=\"447\" \/><\/p>\n<p style=\"text-align: center\"><em><strong>Before using for the first time, you need to associate the device with your MagicMotorSport account.<\/strong><\/em><\/p>\n<p>&nbsp;<\/p>\n<h3 style=\"text-align: center\">FLEX Full Master+ road dyno DynoRoad<\/h3>\n<p style=\"text-align: center\"><img decoding=\"async\" class=\"aligncenter size-full wp-image-14842\" src=\"https:\/\/ms-group.pl\/wp-content\/uploads\/2020\/11\/5.jpg\" alt=\"\" width=\"1024\" height=\"683\" \/><\/p>\n<p>The purchased device in the Flex FULL Package MASTER mode allows you to open the read memory areas, and thus independent modification.<\/p>\n<p>FLEX, a new solution by Magicmotorsport, has been released to replace the famous MAGPro x17. It is a modular\u00a0solution which allows you to choose only the protocols you need.<\/p>\n<p>For advanced and repairing jobs, use the Flexbox module to\u00a0program your control unit in\u00a0BDM, Bootloader, JTAG and AUD modes. The device detects eventual connection or\u00a0communication errors thanks to\u00a0the concept of\u00a0its state-of-the -art design.<\/p>\n<p>FLEX allows you to\u00a0easily tune, reprogram, upgrade or\u00a0modify the software of\u00a0most control units directly through the OBD socket of\u00a0the vehicle. An\u00a0internet connection gives you access to\u00a0all the potential that the tool offers you.<\/p>\n<p>The device allows you to read \/ write memory not only in passenger cars, but also in trucks,tractors, motorcycles and boats. A full list of supported engines is available <a href=\"https:\/\/chiptuningmarket.com\/wp-content\/uploads\/2022\/11\/MMS-Duplicable-ECUs-and-TCUs.xlsx\">HERE<\/a>.<\/p>\n<p>Now you can also compose a FLEX set that will meet your expectations. Depending on your needs, you can freely configure the content or buy a full set at an attractive price &#8211; the choice is yours.<\/p>\n<h3>Reading methods:<\/h3>\n<ul>\n<li>Virtual reading via OBD connector (Internet connection required) is possible in vehicles using diagnostic protocols:\n<ul>\n<li>\u00a0ISO 15765: 2 x CAN<\/li>\n<li>ISO 99141-2 &amp; ISO 14230: 2 x K-LINE, 1xL-LINE<\/li>\n<li>Ethernet<\/li>\n<li>SAE J1850 PWM, VPW<\/li>\n<li>SAE J1708<\/li>\n<\/ul>\n<\/li>\n<li>In BOOT mode, the device provides support for:\n<ul>\n<li>BDM MPC5xx<\/li>\n<li>Bootloader C167<\/li>\n<li>Bootloader ST10F2xx<\/li>\n<li>Bootloader TC17xx<\/li>\n<li>Nexus MPC \/ SPC 5xxx bootloader<\/li>\n<li>JTAG Renesas SH705x<\/li>\n<li>JTAG Renesas SH72xxx<\/li>\n<li>AUD NEC 76F00xxv<\/li>\n<\/ul>\n<\/li>\n<\/ul>\n<p><img decoding=\"async\" class=\"aligncenter size-full wp-image-14845\" src=\"https:\/\/ms-group.pl\/wp-content\/uploads\/2020\/11\/4.jpg\" alt=\"\" width=\"1024\" height=\"683\" \/><\/p>\n<p>FLEX stands out \u00a0by its intuitive operation. Just select the vehicle \/ driver from the list, and then display the instruction that illustrates the connection of the driver to the device depending on the selected reading method.<\/p>\n<p>In addition, you can buy special tokens that can be exchanged for services. The following is a detailed list:<\/p>\n<p><strong>Additional functions for green coins<\/strong> (- you get 30 every month, do not accumulate):<\/p>\n<ul>\n<li>DPF OFF<\/li>\n<li>DPF + EGR OFF<\/li>\n<li>IMMO OFF<\/li>\n<li>HOT START<\/li>\n<li>EGR OFF<\/li>\n<li>IMMO MEDC17<\/li>\n<li>CLONE VAG MEDC17<\/li>\n<li>CLONE VAG PCR2.1<\/li>\n<li>SGO DECRYPTOR<\/li>\n<li>VAG FLSH COUNTER RESET<\/li>\n<li>FRF\/ODX Decryptor<\/li>\n<\/ul>\n<p><img decoding=\"async\" class=\"aligncenter size-full wp-image-14843\" src=\"https:\/\/ms-group.pl\/wp-content\/uploads\/2020\/11\/3.jpg\" alt=\"\" width=\"1024\" height=\"683\" \/><\/p>\n<p><strong>Additional functions for red coins<\/strong> (- you buy in a helpdesk, the price depends on the number of tokens you buy, can be exchanged for green coins):<\/p>\n<ul>\n<li>CVN FIX<\/li>\n<li>DTC OFF<\/li>\n<li>VAG SWIRL FLAPS OFF<\/li>\n<li>MOD<\/li>\n<li>ECU HARDWARE CLONE<\/li>\n<li>ADBLUE OFF<\/li>\n<li>SPEED LIMITER<\/li>\n<li>\u201c Heavy duty vehicles \u201c MOD file<\/li>\n<li>\u201c Heavy duty vehicles \u201c SCR OFF<\/li>\n<li>\u201c Heavy duty vehicles \u201c DPF OFF<\/li>\n<li>\u201c Heavy duty vehicles \u201c EGR OFF<\/li>\n<li>\u201c Heavy duty vehicles \u201c CAT OFF<\/li>\n<li>\u201c Heavy duty vehicles \u201c SWIRL VALVE OFF<\/li>\n<li>\u201c Heavy duty vehicles \u201c LAMBDA OFF<\/li>\n<\/ul>\n<h3>Base device includes:<\/h3>\n<ul>\n<li>Cabling kit: FLX3.5 color coded wiring harness<\/li>\n<li>Adapter kit: 6 pcs set of pin adapters to FLX4.2<\/li>\n<li>FLEX Base Module<\/li>\n<li>FlexBox Module for FLEX<\/li>\n<li>Connection cable OBD: FLEX to CAN\/Kline RED<\/li>\n<li>Connection cable OBD: FLEX to ENet GREEN<\/li>\n<li>Connection cable: USB 2.0 AM-BM BLK 1.8m<\/li>\n<li>Power\u00a0Supply adapter 110-240V 14V 5A<\/li>\n<li>Connection cable: FlexBox port C to NEC 7F00 XX<\/li>\n<li>Connection cable: FlexBox port D to BDM MPC5xx<\/li>\n<li>FlexBox port E 40 pins adapter for FLX3.5<\/li>\n<li>Flex &amp; FlexBox diagnostic adapter<\/li>\n<\/ul>\n<h3>Below is a link to a video showing how to activate the device:<\/h3>\n<p><iframe title=\"Programator Flex - wa\u017cny dodatek do warsztatu? Aktywacja &amp; przed\u0142u\u017cenie subskrypcji \u2705\" width=\"1170\" height=\"658\" src=\"https:\/\/www.youtube.com\/embed\/ymMww0gaDFA?start=269&#038;feature=oembed\" frameborder=\"0\" allow=\"accelerometer; autoplay; clipboard-write; encrypted-media; gyroscope; picture-in-picture; web-share\" referrerpolicy=\"strict-origin-when-cross-origin\" allowfullscreen><\/iframe><\/p>\n<h3>Examples of reading the contents of the EDC16 and EDC 17 controllers memory in Bench mode with Flex FULL Package MASTER:<\/h3>\n<p><iframe title=\"How to read and write edc17 in bench mode\" width=\"1170\" height=\"658\" src=\"https:\/\/www.youtube.com\/embed\/u4PNRVcB1Sg?feature=oembed\" frameborder=\"0\" allow=\"accelerometer; autoplay; clipboard-write; encrypted-media; gyroscope; picture-in-picture; web-share\" referrerpolicy=\"strict-origin-when-cross-origin\" allowfullscreen><\/iframe><\/p>\n<p><iframe title=\"How to read and write edc16 in bench mode\" width=\"1170\" height=\"658\" src=\"https:\/\/www.youtube.com\/embed\/2N94TXBmkbo?feature=oembed\" frameborder=\"0\" allow=\"accelerometer; autoplay; clipboard-write; encrypted-media; gyroscope; picture-in-picture; web-share\" referrerpolicy=\"strict-origin-when-cross-origin\" allowfullscreen><\/iframe><\/p>\n<p>&nbsp;<\/p>\n<p dir=\"ltr\" data-placeholder=\"T\u0142umaczenie\"><em><strong>In stock also other products MMS:<\/strong><\/em><\/p>\n<p dir=\"ltr\" data-placeholder=\"T\u0142umaczenie\"><a style=\"color: blue\" href=\"https:\/\/chiptuningmarket.com\/en\/shop\/programatory-pl\/chiptuning-programatory-2-pl\/magicmotorsport-flex-chiptuning-programatory-2-pl\/flex-slave-protokoly-tcu-obd-bench\/\">FLEX CONFIGURATOR<\/a><\/p>\n<p dir=\"ltr\" data-placeholder=\"T\u0142umaczenie\"><a style=\"color: blue\" href=\"https:\/\/chiptuningmarket.com\/en\/shop\/oprogramowanie-2-pl\/licencje-subskrypcje-pl\/stagex-licencje-subskrypcje-pl\/stagex-oprogramowanie-do-edycji-map-miesieczna-licencja\/\">StageX \u2013 oprogramowanie<\/a><\/p>\n","protected":false},"excerpt":{"rendered":"<p>DynoRoad is an innovative mobile car dyno that measures power and torque in both electric and traditional vehicles via an app installed on your mobile device. This road dyno is so small and compact you can always have it with you and it can be installed on your car in just two minutes.<\/p>\n","protected":false},"featured_media":14795,"template":"","meta":{"_monsterinsights_skip_tracking":false,"_monsterinsights_sitenote_active":false,"_monsterinsights_sitenote_note":"","_monsterinsights_sitenote_category":0},"product_brand":[],"product_cat":[5504,5453,5505,5304],"product_tag":[892,7593,5030,7592,2051,7591],"class_list":{"0":"post-107771","1":"product","2":"type-product","3":"status-publish","4":"has-post-thumbnail","6":"product_cat-programmers-chiptuning","7":"product_cat-dynamometer","8":"product_cat-chiptuning-magicmotorsport-flex","9":"product_cat-rogrammers","10":"product_tag-dynoroad","11":"product_tag-hamownia-chiptuning","12":"product_tag-hamownia-drogowa-2","13":"product_tag-hamownia-samochodowa-2","14":"product_tag-magicmotorsport-dyno","15":"product_tag-mobilna-hamownia","17":"first","18":"outofstock","19":"taxable","20":"shipping-taxable","21":"purchasable","22":"product-type-simple"},"yoast_head":"<!-- This site is optimized with the Yoast SEO plugin v25.2 - https:\/\/yoast.com\/wordpress\/plugins\/seo\/ -->\n<title>FLEX Full Master + road dyno DynoRoad - Chiptuningmarket<\/title>\n<meta name=\"description\" content=\"FLEX Full Master+ road dyno DynoRoad - the measurements are highly accurate and repeatable by simply entering the correct vehicle....\" \/>\n<meta name=\"robots\" content=\"index, follow, max-snippet:-1, max-image-preview:large, max-video-preview:-1\" \/>\n<link rel=\"canonical\" href=\"https:\/\/chiptuningmarket.com\/en\/shop\/rogrammers\/programmers-chiptuning\/chiptuning-magicmotorsport-flex\/flex-full-master-road-dyno-dynoroad\/\" \/>\n<meta property=\"og:locale\" content=\"en_US\" \/>\n<meta property=\"og:type\" content=\"article\" \/>\n<meta property=\"og:title\" content=\"FLEX Full Master + road dyno DynoRoad - Chiptuningmarket\" \/>\n<meta property=\"og:description\" content=\"FLEX Full Master+ road dyno DynoRoad - the measurements are highly accurate and repeatable by simply entering the correct vehicle....\" \/>\n<meta property=\"og:url\" content=\"https:\/\/chiptuningmarket.com\/en\/shop\/rogrammers\/programmers-chiptuning\/chiptuning-magicmotorsport-flex\/flex-full-master-road-dyno-dynoroad\/\" \/>\n<meta property=\"og:site_name\" content=\"Chiptuningmarket\" \/>\n<meta property=\"article:modified_time\" content=\"2025-06-24T11:12:32+00:00\" \/>\n<meta property=\"og:image\" content=\"https:\/\/chiptuningmarket.com\/wp-content\/uploads\/2021\/10\/FLK03.jpg\" \/>\n\t<meta property=\"og:image:width\" content=\"800\" \/>\n\t<meta property=\"og:image:height\" content=\"600\" \/>\n\t<meta property=\"og:image:type\" content=\"image\/jpeg\" \/>\n<meta name=\"twitter:card\" content=\"summary_large_image\" \/>\n<meta name=\"twitter:label1\" content=\"Est. reading time\" \/>\n\t<meta name=\"twitter:data1\" content=\"7 minutes\" \/>\n<script type=\"application\/ld+json\" class=\"yoast-schema-graph\">{\"@context\":\"https:\/\/schema.org\",\"@graph\":[{\"@type\":\"WebPage\",\"@id\":\"https:\/\/chiptuningmarket.com\/en\/shop\/rogrammers\/programmers-chiptuning\/chiptuning-magicmotorsport-flex\/flex-full-master-road-dyno-dynoroad\/\",\"url\":\"https:\/\/chiptuningmarket.com\/en\/shop\/rogrammers\/programmers-chiptuning\/chiptuning-magicmotorsport-flex\/flex-full-master-road-dyno-dynoroad\/\",\"name\":\"FLEX Full Master + road dyno DynoRoad - Chiptuningmarket\",\"isPartOf\":{\"@id\":\"https:\/\/chiptuningmarket.com\/en\/#website\"},\"primaryImageOfPage\":{\"@id\":\"https:\/\/chiptuningmarket.com\/en\/shop\/rogrammers\/programmers-chiptuning\/chiptuning-magicmotorsport-flex\/flex-full-master-road-dyno-dynoroad\/#primaryimage\"},\"image\":{\"@id\":\"https:\/\/chiptuningmarket.com\/en\/shop\/rogrammers\/programmers-chiptuning\/chiptuning-magicmotorsport-flex\/flex-full-master-road-dyno-dynoroad\/#primaryimage\"},\"thumbnailUrl\":\"https:\/\/chiptuningmarket.com\/wp-content\/uploads\/2021\/10\/FLK03.jpg\",\"datePublished\":\"2025-06-09T08:36:57+00:00\",\"dateModified\":\"2025-06-24T11:12:32+00:00\",\"description\":\"FLEX Full Master+ road dyno DynoRoad - the measurements are highly accurate and repeatable by simply entering the correct vehicle....\",\"breadcrumb\":{\"@id\":\"https:\/\/chiptuningmarket.com\/en\/shop\/rogrammers\/programmers-chiptuning\/chiptuning-magicmotorsport-flex\/flex-full-master-road-dyno-dynoroad\/#breadcrumb\"},\"inLanguage\":\"en-US\",\"potentialAction\":[{\"@type\":\"ReadAction\",\"target\":[\"https:\/\/chiptuningmarket.com\/en\/shop\/rogrammers\/programmers-chiptuning\/chiptuning-magicmotorsport-flex\/flex-full-master-road-dyno-dynoroad\/\"]}]},{\"@type\":\"ImageObject\",\"inLanguage\":\"en-US\",\"@id\":\"https:\/\/chiptuningmarket.com\/en\/shop\/rogrammers\/programmers-chiptuning\/chiptuning-magicmotorsport-flex\/flex-full-master-road-dyno-dynoroad\/#primaryimage\",\"url\":\"https:\/\/chiptuningmarket.com\/wp-content\/uploads\/2021\/10\/FLK03.jpg\",\"contentUrl\":\"https:\/\/chiptuningmarket.com\/wp-content\/uploads\/2021\/10\/FLK03.jpg\",\"width\":800,\"height\":600,\"caption\":\"FLEX Full Master + road dyno DynoRoad\"},{\"@type\":\"BreadcrumbList\",\"@id\":\"https:\/\/chiptuningmarket.com\/en\/shop\/rogrammers\/programmers-chiptuning\/chiptuning-magicmotorsport-flex\/flex-full-master-road-dyno-dynoroad\/#breadcrumb\",\"itemListElement\":[{\"@type\":\"ListItem\",\"position\":1,\"name\":\"Home\",\"item\":\"https:\/\/chiptuningmarket.com\/en\/\"},{\"@type\":\"ListItem\",\"position\":2,\"name\":\"Shop\",\"item\":\"https:\/\/chiptuningmarket.com\/en\/shop\/\"},{\"@type\":\"ListItem\",\"position\":3,\"name\":\"FLEX Full Master + road dyno DynoRoad\"}]},{\"@type\":\"WebSite\",\"@id\":\"https:\/\/chiptuningmarket.com\/en\/#website\",\"url\":\"https:\/\/chiptuningmarket.com\/en\/\",\"name\":\"Chiptuningmarket\",\"description\":\"Biggest chiptuning shop in Europe\",\"publisher\":{\"@id\":\"https:\/\/chiptuningmarket.com\/en\/#organization\"},\"alternateName\":\"Worldwide ecu tools supplier\",\"potentialAction\":[{\"@type\":\"SearchAction\",\"target\":{\"@type\":\"EntryPoint\",\"urlTemplate\":\"https:\/\/chiptuningmarket.com\/en\/?s={search_term_string}\"},\"query-input\":{\"@type\":\"PropertyValueSpecification\",\"valueRequired\":true,\"valueName\":\"search_term_string\"}}],\"inLanguage\":\"en-US\"},{\"@type\":\"Organization\",\"@id\":\"https:\/\/chiptuningmarket.com\/en\/#organization\",\"name\":\"Chiptuningmarket\",\"alternateName\":\"Chiptuning tools supplier\",\"url\":\"https:\/\/chiptuningmarket.com\/en\/\",\"logo\":{\"@type\":\"ImageObject\",\"inLanguage\":\"en-US\",\"@id\":\"https:\/\/chiptuningmarket.com\/en\/#\/schema\/logo\/image\/\",\"url\":\"https:\/\/chiptuningmarket.com\/wp-content\/uploads\/2023\/05\/logo-ChipTuningMarket-social.png\",\"contentUrl\":\"https:\/\/chiptuningmarket.com\/wp-content\/uploads\/2023\/05\/logo-ChipTuningMarket-social.png\",\"width\":512,\"height\":512,\"caption\":\"Chiptuningmarket\"},\"image\":{\"@id\":\"https:\/\/chiptuningmarket.com\/en\/#\/schema\/logo\/image\/\"}}]}<\/script>\n<!-- \/ Yoast SEO plugin. -->","yoast_head_json":{"title":"FLEX Full Master + road dyno DynoRoad - Chiptuningmarket","description":"FLEX Full Master+ road dyno DynoRoad - the measurements are highly accurate and repeatable by simply entering the correct vehicle....","robots":{"index":"index","follow":"follow","max-snippet":"max-snippet:-1","max-image-preview":"max-image-preview:large","max-video-preview":"max-video-preview:-1"},"canonical":"https:\/\/chiptuningmarket.com\/en\/shop\/rogrammers\/programmers-chiptuning\/chiptuning-magicmotorsport-flex\/flex-full-master-road-dyno-dynoroad\/","og_locale":"en_US","og_type":"article","og_title":"FLEX Full Master + road dyno DynoRoad - Chiptuningmarket","og_description":"FLEX Full Master+ road dyno DynoRoad - the measurements are highly accurate and repeatable by simply entering the correct vehicle....","og_url":"https:\/\/chiptuningmarket.com\/en\/shop\/rogrammers\/programmers-chiptuning\/chiptuning-magicmotorsport-flex\/flex-full-master-road-dyno-dynoroad\/","og_site_name":"Chiptuningmarket","article_modified_time":"2025-06-24T11:12:32+00:00","og_image":[{"width":800,"height":600,"url":"https:\/\/chiptuningmarket.com\/wp-content\/uploads\/2021\/10\/FLK03.jpg","type":"image\/jpeg"}],"twitter_card":"summary_large_image","twitter_misc":{"Est. reading time":"7 minutes"},"schema":{"@context":"https:\/\/schema.org","@graph":[{"@type":"WebPage","@id":"https:\/\/chiptuningmarket.com\/en\/shop\/rogrammers\/programmers-chiptuning\/chiptuning-magicmotorsport-flex\/flex-full-master-road-dyno-dynoroad\/","url":"https:\/\/chiptuningmarket.com\/en\/shop\/rogrammers\/programmers-chiptuning\/chiptuning-magicmotorsport-flex\/flex-full-master-road-dyno-dynoroad\/","name":"FLEX Full Master + road dyno DynoRoad - Chiptuningmarket","isPartOf":{"@id":"https:\/\/chiptuningmarket.com\/en\/#website"},"primaryImageOfPage":{"@id":"https:\/\/chiptuningmarket.com\/en\/shop\/rogrammers\/programmers-chiptuning\/chiptuning-magicmotorsport-flex\/flex-full-master-road-dyno-dynoroad\/#primaryimage"},"image":{"@id":"https:\/\/chiptuningmarket.com\/en\/shop\/rogrammers\/programmers-chiptuning\/chiptuning-magicmotorsport-flex\/flex-full-master-road-dyno-dynoroad\/#primaryimage"},"thumbnailUrl":"https:\/\/chiptuningmarket.com\/wp-content\/uploads\/2021\/10\/FLK03.jpg","datePublished":"2025-06-09T08:36:57+00:00","dateModified":"2025-06-24T11:12:32+00:00","description":"FLEX Full Master+ road dyno DynoRoad - the measurements are highly accurate and repeatable by simply entering the correct vehicle....","breadcrumb":{"@id":"https:\/\/chiptuningmarket.com\/en\/shop\/rogrammers\/programmers-chiptuning\/chiptuning-magicmotorsport-flex\/flex-full-master-road-dyno-dynoroad\/#breadcrumb"},"inLanguage":"en-US","potentialAction":[{"@type":"ReadAction","target":["https:\/\/chiptuningmarket.com\/en\/shop\/rogrammers\/programmers-chiptuning\/chiptuning-magicmotorsport-flex\/flex-full-master-road-dyno-dynoroad\/"]}]},{"@type":"ImageObject","inLanguage":"en-US","@id":"https:\/\/chiptuningmarket.com\/en\/shop\/rogrammers\/programmers-chiptuning\/chiptuning-magicmotorsport-flex\/flex-full-master-road-dyno-dynoroad\/#primaryimage","url":"https:\/\/chiptuningmarket.com\/wp-content\/uploads\/2021\/10\/FLK03.jpg","contentUrl":"https:\/\/chiptuningmarket.com\/wp-content\/uploads\/2021\/10\/FLK03.jpg","width":800,"height":600,"caption":"FLEX Full Master + road dyno DynoRoad"},{"@type":"BreadcrumbList","@id":"https:\/\/chiptuningmarket.com\/en\/shop\/rogrammers\/programmers-chiptuning\/chiptuning-magicmotorsport-flex\/flex-full-master-road-dyno-dynoroad\/#breadcrumb","itemListElement":[{"@type":"ListItem","position":1,"name":"Home","item":"https:\/\/chiptuningmarket.com\/en\/"},{"@type":"ListItem","position":2,"name":"Shop","item":"https:\/\/chiptuningmarket.com\/en\/shop\/"},{"@type":"ListItem","position":3,"name":"FLEX Full Master + road dyno DynoRoad"}]},{"@type":"WebSite","@id":"https:\/\/chiptuningmarket.com\/en\/#website","url":"https:\/\/chiptuningmarket.com\/en\/","name":"Chiptuningmarket","description":"Biggest chiptuning shop in Europe","publisher":{"@id":"https:\/\/chiptuningmarket.com\/en\/#organization"},"alternateName":"Worldwide ecu tools supplier","potentialAction":[{"@type":"SearchAction","target":{"@type":"EntryPoint","urlTemplate":"https:\/\/chiptuningmarket.com\/en\/?s={search_term_string}"},"query-input":{"@type":"PropertyValueSpecification","valueRequired":true,"valueName":"search_term_string"}}],"inLanguage":"en-US"},{"@type":"Organization","@id":"https:\/\/chiptuningmarket.com\/en\/#organization","name":"Chiptuningmarket","alternateName":"Chiptuning tools supplier","url":"https:\/\/chiptuningmarket.com\/en\/","logo":{"@type":"ImageObject","inLanguage":"en-US","@id":"https:\/\/chiptuningmarket.com\/en\/#\/schema\/logo\/image\/","url":"https:\/\/chiptuningmarket.com\/wp-content\/uploads\/2023\/05\/logo-ChipTuningMarket-social.png","contentUrl":"https:\/\/chiptuningmarket.com\/wp-content\/uploads\/2023\/05\/logo-ChipTuningMarket-social.png","width":512,"height":512,"caption":"Chiptuningmarket"},"image":{"@id":"https:\/\/chiptuningmarket.com\/en\/#\/schema\/logo\/image\/"}}]}},"_links":{"self":[{"href":"https:\/\/chiptuningmarket.com\/en\/wp-json\/wp\/v2\/product\/107771","targetHints":{"allow":["GET"]}}],"collection":[{"href":"https:\/\/chiptuningmarket.com\/en\/wp-json\/wp\/v2\/product"}],"about":[{"href":"https:\/\/chiptuningmarket.com\/en\/wp-json\/wp\/v2\/types\/product"}],"wp:featuredmedia":[{"embeddable":true,"href":"https:\/\/chiptuningmarket.com\/en\/wp-json\/wp\/v2\/media\/14795"}],"wp:attachment":[{"href":"https:\/\/chiptuningmarket.com\/en\/wp-json\/wp\/v2\/media?parent=107771"}],"wp:term":[{"taxonomy":"product_brand","embeddable":true,"href":"https:\/\/chiptuningmarket.com\/en\/wp-json\/wp\/v2\/product_brand?post=107771"},{"taxonomy":"product_cat","embeddable":true,"href":"https:\/\/chiptuningmarket.com\/en\/wp-json\/wp\/v2\/product_cat?post=107771"},{"taxonomy":"product_tag","embeddable":true,"href":"https:\/\/chiptuningmarket.com\/en\/wp-json\/wp\/v2\/product_tag?post=107771"}],"curies":[{"name":"wp","href":"https:\/\/api.w.org\/{rel}","templated":true}]}}