{"id":116714,"date":"2025-06-12T09:57:43","date_gmt":"2025-06-12T08:57:43","guid":{"rendered":"https:\/\/chiptuningmarket.com\/shop\/uncategorized\/hamownia-hub-dyno-revolt-hr-2\/"},"modified":"2025-06-12T10:00:54","modified_gmt":"2025-06-12T09:00:54","slug":"hamownia-hub-dyno-revolt-hr-2","status":"publish","type":"product","link":"https:\/\/chiptuningmarket.com\/en\/shop\/hamownie-pl\/podwoziowe-hub-pl-2\/dyno-revolt\/hamownia-hub-dyno-revolt-hr-2\/","title":{"rendered":"Dyno Revolt HR-2 dynamometer HUB"},"content":{"rendered":"<h3 style=\"text-align: center\">Dyno Revolt HR-2 dynamometer HUB<\/h3>\n<p><a href=\"https:\/\/chiptuningmarket.com\/wp-content\/uploads\/2025\/06\/Hamownia-HUB-Dyno-Revolt-HR-2-4-1.jpg\"><img decoding=\"async\" class=\"aligncenter size-full wp-image-116678\" src=\"https:\/\/chiptuningmarket.com\/wp-content\/uploads\/2025\/06\/Hamownia-HUB-Dyno-Revolt-HR-2-4-1.jpg\" alt=\"\" width=\"1600\" height=\"1067\" srcset=\"https:\/\/chiptuningmarket.com\/wp-content\/uploads\/2025\/06\/Hamownia-HUB-Dyno-Revolt-HR-2-4-1.jpg 1600w, https:\/\/chiptuningmarket.com\/wp-content\/uploads\/2025\/06\/Hamownia-HUB-Dyno-Revolt-HR-2-4-1-300x200.jpg 300w, https:\/\/chiptuningmarket.com\/wp-content\/uploads\/2025\/06\/Hamownia-HUB-Dyno-Revolt-HR-2-4-1-1024x683.jpg 1024w, https:\/\/chiptuningmarket.com\/wp-content\/uploads\/2025\/06\/Hamownia-HUB-Dyno-Revolt-HR-2-4-1-768x512.jpg 768w, https:\/\/chiptuningmarket.com\/wp-content\/uploads\/2025\/06\/Hamownia-HUB-Dyno-Revolt-HR-2-4-1-1536x1024.jpg 1536w, https:\/\/chiptuningmarket.com\/wp-content\/uploads\/2025\/06\/Hamownia-HUB-Dyno-Revolt-HR-2-4-1-270x180.jpg 270w, https:\/\/chiptuningmarket.com\/wp-content\/uploads\/2025\/06\/Hamownia-HUB-Dyno-Revolt-HR-2-4-1-600x400.jpg 600w\" sizes=\"(max-width: 1600px) 100vw, 1600px\" \/><\/a><\/p>\n<p><strong>Dyno Revolt HR-2<\/strong> is a high-end 2WD (single axle drive) HUB dynamometer, expandable to 4WD. Designed for professional vehicle tuning and diagnostics. Manufactured by <strong>Dyno Revolt<\/strong> in Poland, it provides precise and repeatable measurements for a wide range of cars.<\/p>\n<p>&nbsp;<\/p>\n<p><strong>Technical specifications:<\/strong><\/p>\n<ul>\n<li>Model HR-2<\/li>\n<li>Type 2WD dynamometer hub, mobile, expandable to 4WD<\/li>\n<li>Maximum hub size (L x W x H) 750x700x650mm<\/li>\n<li>Maximum braking torque 4000 Nm<\/li>\n<li>Max. hub speed 3500 rpm<\/li>\n<li>Wheel camber angles +5\/-8<\/li>\n<li>Maximum weight per axle 2500kg<\/li>\n<li>Maximum measurement error 0.1%<\/li>\n<li>Power requirements 110-400VAC; 50-60Hz; 1-3 phases<\/li>\n<li>Weight of a single hub 380kg<\/li>\n<li>Adjustable wheel adapter, 1 set of 4-slot and 1 set of 5-slot<\/li>\n<\/ul>\n<p>&nbsp;<\/p>\n<p><strong>Main features:<\/strong><\/p>\n<ul>\n<li>modular design, expandable to 4WD version<\/li>\n<li>compact size makes the unit suitable even for very narrow spaces<\/li>\n<li>only top-class components from world leaders such as NTN, Frenelsa, ZF, KTR, etc.<\/li>\n<li>an advanced dynamometer controller that combines a PC with a microcontroller system and a data logger. The controller is equipped with: ambient condition sensors, 2x CAN-BUS, 4x relay outputs, power outputs (24V, 12V, 5V), 12x inputs<\/li>\n<li>analog inputs, 8x thermocouple inputs, 2x analog outputs, OBD reading option, Wi-Fi, Bluetooth, Gigabit Ethernet.<\/li>\n<li>ultra-fast eddy current brake controller with innovative discharge system<\/li>\n<li>available test modes: sweep test (ramp\/fixed acceleration), steady state, manual mode<\/li>\n<li>designed and manufactured by an open-minded team of enthusiasts with years of experience in the engine dynamometer industry<\/li>\n<\/ul>\n<p>&nbsp;<\/p>\n<p><strong>Options and additional equipment:<\/strong><\/p>\n<ul>\n<li>Upgrade to 4WD configuration<\/li>\n<li>Lambda controller to CAN with Bosch LSU 4.9 probe<\/li>\n<li>Lambda exhaust clamp<\/li>\n<li>OBD interface<\/li>\n<li>Charge sensor (0-6 bar)<\/li>\n<li>Thermocouple sensor (0-1200 oC)<\/li>\n<li>General purpose NTC temperature sensor<\/li>\n<li>Induction terminal for engine speed measurement<\/li>\n<li>Surcharge for changing the color of the dynamometer<\/li>\n<li>Additional set of wheel adapters<\/li>\n<\/ul>\n","protected":false},"excerpt":{"rendered":"<p><strong>Dyno Revolt HR-2<\/strong> is a high-end 2WD (single axle drive) HUB dynamometer, expandable to 4WD. Designed for professional vehicle tuning and diagnostics. Manufactured by <strong>Dyno Revolt<\/strong> in Poland, it provides precise and repeatable measurements for a wide range of cars.<\/p>\n","protected":false},"featured_media":116678,"template":"","meta":{"_monsterinsights_skip_tracking":false,"_monsterinsights_sitenote_active":false,"_monsterinsights_sitenote_note":"","_monsterinsights_sitenote_category":0},"product_brand":[],"product_cat":[5072,5090,6098,7617],"product_tag":[7646,7647,7648,7649,7650],"class_list":{"0":"post-116714","1":"product","2":"type-product","3":"status-publish","4":"has-post-thumbnail","6":"product_cat-nowosci-pl","7":"product_cat-hamownie-pl","8":"product_cat-podwoziowe-hub-pl-2","9":"product_cat-dyno-revolt","10":"product_tag-dyno-revolt-hr-2","11":"product_tag-hamownia-hub","12":"product_tag-hub-2wd","13":"product_tag-hubdynamometer","14":"product_tag-tuningsilnika","16":"first","17":"onbackorder","18":"taxable","19":"shipping-taxable","20":"purchasable","21":"product-type-simple"},"yoast_head":"<!-- This site is optimized with the Yoast SEO plugin v25.2 - https:\/\/yoast.com\/wordpress\/plugins\/seo\/ -->\n<title>Dyno Revolt HR-2 dynamometer HUB - Chiptuningmarket<\/title>\n<meta name=\"description\" content=\"Dyno Revolt HR-2 to wysokiej klasy hamownia HUB 2WD (nap\u0119d na jedn\u0105 o\u015b), z mo\u017cliwo\u015bci\u0105 rozbudowy do 4WD. Zaprojektowana z my\u015bl\u0105 o profesjonalnym tuningu i diagnostyce pojazd\u00f3w. Produkowana przez firm\u0119 Dyno Revolt\u00a0w Polsce, zapewnia precyzyjne i powtarzalne pomiary dla szerokiego zakresu samochod\u00f3w.\" \/>\n<meta name=\"robots\" content=\"index, follow, max-snippet:-1, max-image-preview:large, max-video-preview:-1\" \/>\n<link rel=\"canonical\" href=\"https:\/\/chiptuningmarket.com\/en\/shop\/hamownie-pl\/podwoziowe-hub-pl-2\/dyno-revolt\/hamownia-hub-dyno-revolt-hr-2\/\" \/>\n<meta property=\"og:locale\" content=\"en_US\" \/>\n<meta property=\"og:type\" content=\"article\" \/>\n<meta property=\"og:title\" content=\"Dyno Revolt HR-2 dynamometer HUB - Chiptuningmarket\" \/>\n<meta property=\"og:description\" content=\"Dyno Revolt HR-2 to wysokiej klasy hamownia HUB 2WD (nap\u0119d na jedn\u0105 o\u015b), z mo\u017cliwo\u015bci\u0105 rozbudowy do 4WD. Zaprojektowana z my\u015bl\u0105 o profesjonalnym tuningu i diagnostyce pojazd\u00f3w. Produkowana przez firm\u0119 Dyno Revolt\u00a0w Polsce, zapewnia precyzyjne i powtarzalne pomiary dla szerokiego zakresu samochod\u00f3w.\" \/>\n<meta property=\"og:url\" content=\"https:\/\/chiptuningmarket.com\/en\/shop\/hamownie-pl\/podwoziowe-hub-pl-2\/dyno-revolt\/hamownia-hub-dyno-revolt-hr-2\/\" \/>\n<meta property=\"og:site_name\" content=\"Chiptuningmarket\" \/>\n<meta property=\"article:modified_time\" content=\"2025-06-12T09:00:54+00:00\" \/>\n<meta property=\"og:image\" content=\"https:\/\/chiptuningmarket.com\/wp-content\/uploads\/2025\/06\/Hamownia-HUB-Dyno-Revolt-HR-2-4-1.jpg\" \/>\n\t<meta property=\"og:image:width\" content=\"1600\" \/>\n\t<meta property=\"og:image:height\" content=\"1067\" \/>\n\t<meta property=\"og:image:type\" content=\"image\/jpeg\" \/>\n<meta name=\"twitter:card\" content=\"summary_large_image\" \/>\n<meta name=\"twitter:label1\" content=\"Est. reading time\" \/>\n\t<meta name=\"twitter:data1\" content=\"2 minutes\" \/>\n<script type=\"application\/ld+json\" class=\"yoast-schema-graph\">{\"@context\":\"https:\/\/schema.org\",\"@graph\":[{\"@type\":\"WebPage\",\"@id\":\"https:\/\/chiptuningmarket.com\/en\/shop\/hamownie-pl\/podwoziowe-hub-pl-2\/dyno-revolt\/hamownia-hub-dyno-revolt-hr-2\/\",\"url\":\"https:\/\/chiptuningmarket.com\/en\/shop\/hamownie-pl\/podwoziowe-hub-pl-2\/dyno-revolt\/hamownia-hub-dyno-revolt-hr-2\/\",\"name\":\"Dyno Revolt HR-2 dynamometer HUB - Chiptuningmarket\",\"isPartOf\":{\"@id\":\"https:\/\/chiptuningmarket.com\/en\/#website\"},\"primaryImageOfPage\":{\"@id\":\"https:\/\/chiptuningmarket.com\/en\/shop\/hamownie-pl\/podwoziowe-hub-pl-2\/dyno-revolt\/hamownia-hub-dyno-revolt-hr-2\/#primaryimage\"},\"image\":{\"@id\":\"https:\/\/chiptuningmarket.com\/en\/shop\/hamownie-pl\/podwoziowe-hub-pl-2\/dyno-revolt\/hamownia-hub-dyno-revolt-hr-2\/#primaryimage\"},\"thumbnailUrl\":\"https:\/\/chiptuningmarket.com\/wp-content\/uploads\/2025\/06\/Hamownia-HUB-Dyno-Revolt-HR-2-4-1.jpg\",\"datePublished\":\"2025-06-12T08:57:43+00:00\",\"dateModified\":\"2025-06-12T09:00:54+00:00\",\"description\":\"Dyno Revolt HR-2 to wysokiej klasy hamownia HUB 2WD (nap\u0119d na jedn\u0105 o\u015b), z mo\u017cliwo\u015bci\u0105 rozbudowy do 4WD. Zaprojektowana z my\u015bl\u0105 o profesjonalnym tuningu i diagnostyce pojazd\u00f3w. Produkowana przez firm\u0119 Dyno Revolt\u00a0w Polsce, zapewnia precyzyjne i powtarzalne pomiary dla szerokiego zakresu samochod\u00f3w.\",\"breadcrumb\":{\"@id\":\"https:\/\/chiptuningmarket.com\/en\/shop\/hamownie-pl\/podwoziowe-hub-pl-2\/dyno-revolt\/hamownia-hub-dyno-revolt-hr-2\/#breadcrumb\"},\"inLanguage\":\"en-US\",\"potentialAction\":[{\"@type\":\"ReadAction\",\"target\":[\"https:\/\/chiptuningmarket.com\/en\/shop\/hamownie-pl\/podwoziowe-hub-pl-2\/dyno-revolt\/hamownia-hub-dyno-revolt-hr-2\/\"]}]},{\"@type\":\"ImageObject\",\"inLanguage\":\"en-US\",\"@id\":\"https:\/\/chiptuningmarket.com\/en\/shop\/hamownie-pl\/podwoziowe-hub-pl-2\/dyno-revolt\/hamownia-hub-dyno-revolt-hr-2\/#primaryimage\",\"url\":\"https:\/\/chiptuningmarket.com\/wp-content\/uploads\/2025\/06\/Hamownia-HUB-Dyno-Revolt-HR-2-4-1.jpg\",\"contentUrl\":\"https:\/\/chiptuningmarket.com\/wp-content\/uploads\/2025\/06\/Hamownia-HUB-Dyno-Revolt-HR-2-4-1.jpg\",\"width\":1600,\"height\":1067},{\"@type\":\"BreadcrumbList\",\"@id\":\"https:\/\/chiptuningmarket.com\/en\/shop\/hamownie-pl\/podwoziowe-hub-pl-2\/dyno-revolt\/hamownia-hub-dyno-revolt-hr-2\/#breadcrumb\",\"itemListElement\":[{\"@type\":\"ListItem\",\"position\":1,\"name\":\"Home\",\"item\":\"https:\/\/chiptuningmarket.com\/en\/\"},{\"@type\":\"ListItem\",\"position\":2,\"name\":\"Shop\",\"item\":\"https:\/\/chiptuningmarket.com\/en\/shop\/\"},{\"@type\":\"ListItem\",\"position\":3,\"name\":\"Dyno Revolt HR-2 dynamometer HUB\"}]},{\"@type\":\"WebSite\",\"@id\":\"https:\/\/chiptuningmarket.com\/en\/#website\",\"url\":\"https:\/\/chiptuningmarket.com\/en\/\",\"name\":\"Chiptuningmarket\",\"description\":\"Biggest chiptuning shop in Europe\",\"publisher\":{\"@id\":\"https:\/\/chiptuningmarket.com\/en\/#organization\"},\"alternateName\":\"Worldwide ecu tools supplier\",\"potentialAction\":[{\"@type\":\"SearchAction\",\"target\":{\"@type\":\"EntryPoint\",\"urlTemplate\":\"https:\/\/chiptuningmarket.com\/en\/?s={search_term_string}\"},\"query-input\":{\"@type\":\"PropertyValueSpecification\",\"valueRequired\":true,\"valueName\":\"search_term_string\"}}],\"inLanguage\":\"en-US\"},{\"@type\":\"Organization\",\"@id\":\"https:\/\/chiptuningmarket.com\/en\/#organization\",\"name\":\"Chiptuningmarket\",\"alternateName\":\"Chiptuning tools supplier\",\"url\":\"https:\/\/chiptuningmarket.com\/en\/\",\"logo\":{\"@type\":\"ImageObject\",\"inLanguage\":\"en-US\",\"@id\":\"https:\/\/chiptuningmarket.com\/en\/#\/schema\/logo\/image\/\",\"url\":\"https:\/\/chiptuningmarket.com\/wp-content\/uploads\/2023\/05\/logo-ChipTuningMarket-social.png\",\"contentUrl\":\"https:\/\/chiptuningmarket.com\/wp-content\/uploads\/2023\/05\/logo-ChipTuningMarket-social.png\",\"width\":512,\"height\":512,\"caption\":\"Chiptuningmarket\"},\"image\":{\"@id\":\"https:\/\/chiptuningmarket.com\/en\/#\/schema\/logo\/image\/\"}}]}<\/script>\n<!-- \/ Yoast SEO plugin. -->","yoast_head_json":{"title":"Dyno Revolt HR-2 dynamometer HUB - Chiptuningmarket","description":"Dyno Revolt HR-2 to wysokiej klasy hamownia HUB 2WD (nap\u0119d na jedn\u0105 o\u015b), z mo\u017cliwo\u015bci\u0105 rozbudowy do 4WD. Zaprojektowana z my\u015bl\u0105 o profesjonalnym tuningu i diagnostyce pojazd\u00f3w. Produkowana przez firm\u0119 Dyno Revolt\u00a0w Polsce, zapewnia precyzyjne i powtarzalne pomiary dla szerokiego zakresu samochod\u00f3w.","robots":{"index":"index","follow":"follow","max-snippet":"max-snippet:-1","max-image-preview":"max-image-preview:large","max-video-preview":"max-video-preview:-1"},"canonical":"https:\/\/chiptuningmarket.com\/en\/shop\/hamownie-pl\/podwoziowe-hub-pl-2\/dyno-revolt\/hamownia-hub-dyno-revolt-hr-2\/","og_locale":"en_US","og_type":"article","og_title":"Dyno Revolt HR-2 dynamometer HUB - Chiptuningmarket","og_description":"Dyno Revolt HR-2 to wysokiej klasy hamownia HUB 2WD (nap\u0119d na jedn\u0105 o\u015b), z mo\u017cliwo\u015bci\u0105 rozbudowy do 4WD. Zaprojektowana z my\u015bl\u0105 o profesjonalnym tuningu i diagnostyce pojazd\u00f3w. Produkowana przez firm\u0119 Dyno Revolt\u00a0w Polsce, zapewnia precyzyjne i powtarzalne pomiary dla szerokiego zakresu samochod\u00f3w.","og_url":"https:\/\/chiptuningmarket.com\/en\/shop\/hamownie-pl\/podwoziowe-hub-pl-2\/dyno-revolt\/hamownia-hub-dyno-revolt-hr-2\/","og_site_name":"Chiptuningmarket","article_modified_time":"2025-06-12T09:00:54+00:00","og_image":[{"width":1600,"height":1067,"url":"https:\/\/chiptuningmarket.com\/wp-content\/uploads\/2025\/06\/Hamownia-HUB-Dyno-Revolt-HR-2-4-1.jpg","type":"image\/jpeg"}],"twitter_card":"summary_large_image","twitter_misc":{"Est. reading time":"2 minutes"},"schema":{"@context":"https:\/\/schema.org","@graph":[{"@type":"WebPage","@id":"https:\/\/chiptuningmarket.com\/en\/shop\/hamownie-pl\/podwoziowe-hub-pl-2\/dyno-revolt\/hamownia-hub-dyno-revolt-hr-2\/","url":"https:\/\/chiptuningmarket.com\/en\/shop\/hamownie-pl\/podwoziowe-hub-pl-2\/dyno-revolt\/hamownia-hub-dyno-revolt-hr-2\/","name":"Dyno Revolt HR-2 dynamometer HUB - Chiptuningmarket","isPartOf":{"@id":"https:\/\/chiptuningmarket.com\/en\/#website"},"primaryImageOfPage":{"@id":"https:\/\/chiptuningmarket.com\/en\/shop\/hamownie-pl\/podwoziowe-hub-pl-2\/dyno-revolt\/hamownia-hub-dyno-revolt-hr-2\/#primaryimage"},"image":{"@id":"https:\/\/chiptuningmarket.com\/en\/shop\/hamownie-pl\/podwoziowe-hub-pl-2\/dyno-revolt\/hamownia-hub-dyno-revolt-hr-2\/#primaryimage"},"thumbnailUrl":"https:\/\/chiptuningmarket.com\/wp-content\/uploads\/2025\/06\/Hamownia-HUB-Dyno-Revolt-HR-2-4-1.jpg","datePublished":"2025-06-12T08:57:43+00:00","dateModified":"2025-06-12T09:00:54+00:00","description":"Dyno Revolt HR-2 to wysokiej klasy hamownia HUB 2WD (nap\u0119d na jedn\u0105 o\u015b), z mo\u017cliwo\u015bci\u0105 rozbudowy do 4WD. Zaprojektowana z my\u015bl\u0105 o profesjonalnym tuningu i diagnostyce pojazd\u00f3w. Produkowana przez firm\u0119 Dyno Revolt\u00a0w Polsce, zapewnia precyzyjne i powtarzalne pomiary dla szerokiego zakresu samochod\u00f3w.","breadcrumb":{"@id":"https:\/\/chiptuningmarket.com\/en\/shop\/hamownie-pl\/podwoziowe-hub-pl-2\/dyno-revolt\/hamownia-hub-dyno-revolt-hr-2\/#breadcrumb"},"inLanguage":"en-US","potentialAction":[{"@type":"ReadAction","target":["https:\/\/chiptuningmarket.com\/en\/shop\/hamownie-pl\/podwoziowe-hub-pl-2\/dyno-revolt\/hamownia-hub-dyno-revolt-hr-2\/"]}]},{"@type":"ImageObject","inLanguage":"en-US","@id":"https:\/\/chiptuningmarket.com\/en\/shop\/hamownie-pl\/podwoziowe-hub-pl-2\/dyno-revolt\/hamownia-hub-dyno-revolt-hr-2\/#primaryimage","url":"https:\/\/chiptuningmarket.com\/wp-content\/uploads\/2025\/06\/Hamownia-HUB-Dyno-Revolt-HR-2-4-1.jpg","contentUrl":"https:\/\/chiptuningmarket.com\/wp-content\/uploads\/2025\/06\/Hamownia-HUB-Dyno-Revolt-HR-2-4-1.jpg","width":1600,"height":1067},{"@type":"BreadcrumbList","@id":"https:\/\/chiptuningmarket.com\/en\/shop\/hamownie-pl\/podwoziowe-hub-pl-2\/dyno-revolt\/hamownia-hub-dyno-revolt-hr-2\/#breadcrumb","itemListElement":[{"@type":"ListItem","position":1,"name":"Home","item":"https:\/\/chiptuningmarket.com\/en\/"},{"@type":"ListItem","position":2,"name":"Shop","item":"https:\/\/chiptuningmarket.com\/en\/shop\/"},{"@type":"ListItem","position":3,"name":"Dyno Revolt HR-2 dynamometer HUB"}]},{"@type":"WebSite","@id":"https:\/\/chiptuningmarket.com\/en\/#website","url":"https:\/\/chiptuningmarket.com\/en\/","name":"Chiptuningmarket","description":"Biggest chiptuning shop in Europe","publisher":{"@id":"https:\/\/chiptuningmarket.com\/en\/#organization"},"alternateName":"Worldwide ecu tools supplier","potentialAction":[{"@type":"SearchAction","target":{"@type":"EntryPoint","urlTemplate":"https:\/\/chiptuningmarket.com\/en\/?s={search_term_string}"},"query-input":{"@type":"PropertyValueSpecification","valueRequired":true,"valueName":"search_term_string"}}],"inLanguage":"en-US"},{"@type":"Organization","@id":"https:\/\/chiptuningmarket.com\/en\/#organization","name":"Chiptuningmarket","alternateName":"Chiptuning tools supplier","url":"https:\/\/chiptuningmarket.com\/en\/","logo":{"@type":"ImageObject","inLanguage":"en-US","@id":"https:\/\/chiptuningmarket.com\/en\/#\/schema\/logo\/image\/","url":"https:\/\/chiptuningmarket.com\/wp-content\/uploads\/2023\/05\/logo-ChipTuningMarket-social.png","contentUrl":"https:\/\/chiptuningmarket.com\/wp-content\/uploads\/2023\/05\/logo-ChipTuningMarket-social.png","width":512,"height":512,"caption":"Chiptuningmarket"},"image":{"@id":"https:\/\/chiptuningmarket.com\/en\/#\/schema\/logo\/image\/"}}]}},"_links":{"self":[{"href":"https:\/\/chiptuningmarket.com\/en\/wp-json\/wp\/v2\/product\/116714","targetHints":{"allow":["GET"]}}],"collection":[{"href":"https:\/\/chiptuningmarket.com\/en\/wp-json\/wp\/v2\/product"}],"about":[{"href":"https:\/\/chiptuningmarket.com\/en\/wp-json\/wp\/v2\/types\/product"}],"wp:featuredmedia":[{"embeddable":true,"href":"https:\/\/chiptuningmarket.com\/en\/wp-json\/wp\/v2\/media\/116678"}],"wp:attachment":[{"href":"https:\/\/chiptuningmarket.com\/en\/wp-json\/wp\/v2\/media?parent=116714"}],"wp:term":[{"taxonomy":"product_brand","embeddable":true,"href":"https:\/\/chiptuningmarket.com\/en\/wp-json\/wp\/v2\/product_brand?post=116714"},{"taxonomy":"product_cat","embeddable":true,"href":"https:\/\/chiptuningmarket.com\/en\/wp-json\/wp\/v2\/product_cat?post=116714"},{"taxonomy":"product_tag","embeddable":true,"href":"https:\/\/chiptuningmarket.com\/en\/wp-json\/wp\/v2\/product_tag?post=116714"}],"curies":[{"name":"wp","href":"https:\/\/api.w.org\/{rel}","templated":true}]}}