{"id":21517,"date":"2022-08-09T06:44:21","date_gmt":"2022-08-09T05:44:21","guid":{"rendered":"https:\/\/chiptuningmarket.com\/shop\/uncategorized\/renault-ecu-tool\/"},"modified":"2026-03-30T15:34:10","modified_gmt":"2026-03-30T14:34:10","slug":"renault-ecu-tool","status":"publish","type":"product","link":"https:\/\/chiptuningmarket.com\/en\/shop\/rogrammers\/programmers-keys\/keys-other\/renault-ecu-tool\/","title":{"rendered":"Renault Ecu Tool"},"content":{"rendered":"<p style=\"text-align: center;\"><strong>Renault Ecu Tool\u00a0<\/strong><\/p>\n<div class=\"lh16 pb20\">\n<div class=\"lh16 pb20\">\n<p>OBD II tool with various functions for modifying the electronic memory of the internal control unit of Renault cars. Activities such as reading or writing Eeprom and Flash, cleaning or reading the immobilizer code and programming keys and cards can be done without opening the control unit, desoldering the memory or connecting any wires &#8211; all you do through the OBD II connector.<\/p>\n<p>&nbsp;<\/p>\n<p><strong>Kit composition, download and software interface<\/strong><\/p>\n<\/div>\n<\/div>\n<p><iframe src=\"https:\/\/www.youtube.com\/embed\/ZKcEm50N37w\" width=\"560\" height=\"315\" frameborder=\"0\" allowfullscreen=\"allowfullscreen\" data-mce-fragment=\"1\"><\/iframe><\/p>\n<p><img decoding=\"async\" id=\"Renault CAN\/K-line ECU Tool\" class=\"alignnone\" dir=\"ltr\" title=\"Renault Ecu Tool\u00a0\" src=\"https:\/\/sklep.atomis.com.pl\/image\/data\/renault_ecu\/Renault-Ecu-Tool-premium-tool24.com-01-1148x646.jpg\" alt=\"Renault Ecu Tool\u00a0\" width=\"1148\" height=\"646\" \/><\/p>\n<div><\/div>\n<p><strong>Functions :<\/strong><\/p>\n<ul>\n<li><strong>read \/ write EEPROM and Flash,<\/strong><\/li>\n<li><strong>cleaning the immobilizer code,<\/strong><\/li>\n<li><strong>reading the immobilizer status,<\/strong><\/li>\n<li><strong>programming cards and keys,<\/strong><\/li>\n<li><strong>reset to virgin e.g. in BOSCH<\/strong> EDC16 95160\/95320\/95640, Delphi DCM3.4 \/ DCM3.5 EEPROM 95640 CRC<\/li>\n<li><strong>read dump EEPROM e.g. in BOSCH<\/strong> EDC16 95160\/95320\/95640, Delphi DCM3.4 \/ DCM3.5 EEPROM 95640 CRC<\/li>\n<li><strong>analyzing CRC blocks (repair and writing), e.g. in BOSCH<\/strong> EDC16 95160\/95320\/95640, Delphi DCM3.4 \/ DCM3.5 EEPROM 95640 CRC<\/li>\n<li><strong>removing<\/strong> &#8220;IMPACT DETECTED&#8221; error, eg in SIEMENS SID301<\/li>\n<li><strong>reading the status and ECU ID<\/strong>, eg SIEMENS EMS3132<\/li>\n<li><strong>reading and erasing errors<\/strong>, eg Megane III \/ Scenic III<\/li>\n<li><strong>change of language \/ length units<\/strong>, eg Megane II<\/li>\n<li><strong>testing the correct operation of the counter on the table (it is possible thanks to the wake up function)<\/strong><\/li>\n<\/ul>\n<p>&nbsp;<\/p>\n<p>&nbsp;<\/p>\n<p>Would you like to check all the possibilities of the device? Nothing simpler download the software from the manufacturer Immo-Tools.lt and unpack it. The software can be run even without a device! This allows you to familiarize yourself with the interface and check the capabilities of the device.<\/p>\n<div>\n<p><strong>W sk\u0142ad zestawu Renault Ecu Tool\u00a0 wchodzi :<\/strong><\/p>\n<ul>\n<li>urz\u0105dzenie Renault ECU tool,<\/li>\n<li>Interfejs OBD II &#8211; DB9<\/li>\n<li>Przew\u00f3d USB typu A\/B<\/li>\n<\/ul>\n<\/div>\n<div>\n<p>&nbsp;<\/p>\n<p>Wszystkie funkcje przypisane konkretnym modelom aut mo\u017cliwe s\u0105 do znalezienia w linku ni\u017cej :<\/p>\n<p><center><a href=\"https:\/\/premium-tools24.com\/extra\/ret-table\/\"><img decoding=\"async\" class=\"alignnone\" title=\"Renault Ecu Tool\u00a0\" src=\"https:\/\/sklep.atomis.com.pl\/image\/data\/renault_ecu\/ret-supprt-table-premium-tools24.com.jpg\" alt=\"Renault Ecu Tool\u00a0\" width=\"482\" height=\"469\" \/><\/a><\/center>&nbsp;<\/p>\n<p>The device software can be downloaded from the manufacturer&#8217;s website https:\/\/www.immo-tools.lt\/en\/products\/renault.htm lub <a href=\"https:\/\/www.immo-tools.lt\/site\/files\/failai\/Renault_ECU_Tool.rar\">tutaj<\/a>\u00a0.<\/p>\n<h4>The software version of Renault Ecu Tool 2.86 supports:<br \/>\nEDC15C3 (both CAN-BUS and WIRE immo systems) &#8211; Read \/ Write EEPROM, Read \/ Write FLASH, Clear immobilizer code<br \/>\nEDC15C13 &#8211; Read \/ Write EEPROM, Read \/ Write FLASH, Clear Immobilizer Code<br \/>\nSIRIUS 31H &#8211; Read \/ Write EEPROM, Read \/ Write FLASH, Clear Immobilizer Code<br \/>\nSIRIUS 32 [N] (both CAN-BUS and WIRE immo systems) &#8211; read \/ write EEPROM, read \/ write FLASH, clear immobilizer code<br \/>\nSIRIUS 34 (both CAN-BUS and WIRE immo systems) &#8211; Read \/ Write EEPROM, Read \/ Write FLASH, Clear immobilizer code<br \/>\nSIRIUS 35 &#8211; Read \/ Write EEPROM, Read \/ Write FLASH, Clear Immobilizer Code<br \/>\nEMS3132 (both CAN-BUS and WIRE immo systems) &#8211; Read \/ Write EEPROM, Read \/ Write FLASH, Clear immobilizer code<br \/>\nEMS3134 (both CAN-BUS and WIRE immo systems) &#8211; Read \/ Write EEPROM, Read \/ Write FLASH, Clear immobilizer code<br \/>\nSID301 &#8211; Read \/ Write EEPROM, Read \/ Write FLASH, Clear Immobilizer Code, Remove IMPACT DETECTED, Read Stored Mileage<br \/>\nSIM32 &#8211; Read \/ Write EEPROM, Read \/ Write FLASH from HD64F7055, Clear Immobilizer Code<br \/>\nSAFIR \/ SAFIR2 \/ SFR200 (35\/55 pin connector) &#8211; read TMS374 EEPROM, clear immobilizer code (car drives without immobilizer code)<br \/>\nIAW 6R.20 &#8211; Read \/ Write TMS370 EEPROM<br \/>\nIAW 6R.30 &#8211; Read TMS370 EEPROM, Clear immobilizer code (car drives without immobilizer code)<br \/>\nVALEO BII for ESPACE III &#8211; Read \/ Write (9) 08AZ60 EEPROM, Read \/ Write mileage, Clear replacement, Read transponder data, Emergency Start<br \/>\nVALEO IMMOBILIZER for LAGUNA I Ph2 (1998-2000) &#8211; reading transponder data, configuration, restoration to the original state<br \/>\nVALEO IMMOBILIZER for LAGUNA I Ph1 \/ SAFRANE Ph1 (1995-1996) &#8211; PINCODE reading, restoration to its original state<br \/>\nINSTRUMENT CLUSTER for ESPACE III (1998-2002) &#8211; restoring odometer reading, removing RF remotely using caluster connector<br \/>\nSIEMENS IMMOBILIZER for ESPACE III Ph1 (1996-1998) &#8211; Read \/ Write 68HC05B16 EEPROM, Read Transponder Data<br \/>\nSIEMENS UCH for MEGANE \/ SCENIC I Ph2 (&#8217;99 -&#8217;02) &#8211; read \/ write 705B32 EEPROM, read \/ write configuration, learn keys, restore to original state<br \/>\nSIEMENS UCBIC for MEGANE \/ SCENIC I Ph1 (&#8217;96 -&#8217;98) &#8211; read \/ write 68HC05B16 EEPROM, read \/ write configuration, restore to original state<br \/>\nLAGUNA II, ESPACE IV, VELSATIS Ph1 \/ Ph2 &#8211; key programming, VIN change. restoring the UCH to its original state, Learn UCH<br \/>\nMEGANE II, SCENIC II Ph1 \/ Ph2 &#8211; Card \/ UCH \/ ECM \/ ESCL Learning, VIN change, UCH restoration to its original state<br \/>\nINSTRUMENT CLUSTER for SCENIC II (&#8217;04 -&#8217;08) &#8211; Wake-Up via CAN-BUS to repair odometers, change language and units, change VIN, KM, read \/ write EEPROM<br \/>\nINSTRUMENT CLUSTER for MEGANE II (&#8217;03 -&#8217;08) &#8211; Wake-Up via CAN-BUS for odometer repair, language and units change, VIN, KM change, EEPROM read \/ write<br \/>\nCLIO II Ph1 &#8211; Key Learning, configuration, BMT restoration to its original state<br \/>\nCLIO II Ph2-5, KANGOO, TRAFIC, MASTER, VIVARO, MOVANO (-&#8217;07) &#8211; Read \/ Write EEPROM 93C66, Key Learning, Change VIN, Restore UCH to its original state, Learn UCH<br \/>\nKANGOO I, TRAFIC, MASTER, VIVARO, MOVANO (&#8217;07 -) &#8211; Key Learning, VIN change, UCH restore, Learn VIRGIN UCH<br \/>\nKANGOO II (2007-2012) &#8211; key programming, VIN change, BCM restoration, Learn VIRGIN BCM<br \/>\nMODUS \/ CLIO III ELECTRIC POWER ASSISTED STEERING (TRW DAE \/ PAS) &#8211; clear immobilizer code, Change VIN by OBDII, remove DF002 from 24C16 (restore), repair CRC (IMPROVED!)<br \/>\nMEGANE \/ SCENIC III ELECTRIC POWER ASSISTED STEERING (NSK DAE \/ PAS) &#8211; clear immobilizer code, change VIN by OBDII<br \/>\nTWINGO III ELECTRIC POWER ASSISTED STEERING (JTEKT DAE \/ PAS) &#8211; clear immobilizer code, change VIN by OBDII<br \/>\nCLIO IV ELECTRIC POWER ASSISTED STEERING (JTEKT DAE \/ PAS) &#8211; clear immobilizer code, change VIN by OBDII<br \/>\nLAGUNA III (2007-2015) &#8211; key card programming, VIN change, restoration of the BCM to its original state<br \/>\nLAGUNA III \/ LATITUDE (2007-2015) &#8211; Learn BCM \/ ECM \/ ESCL in protection mode<br \/>\nLATITUDE (2010+) &#8211; key card programming, VIN change, restoration of the BCM to its original state<br \/>\nCLIO III \/ MODUS &#8211; card programming, VIN change, Learn ECM in protection mode, Learn BCM, restore BCM to its original state<br \/>\nCLIO III &#8211; Card \/ UCH \/ ECM \/ ESCL Learning, change VIN, restore UCH to its original state<br \/>\nCLIO IV (2012 +) &#8211; card programming, VIN change, HFM restoration to original state, Learn ECM \/ ESCL \/ HFM in protection mode<br \/>\nMASTER III (2010-2014) &#8211; key programming, VIN change, restoration of BCM to its original state, Learn VIRGIN BCM<br \/>\nTRAFIC II Ph3 (2010-2014) &#8211; key programming, VIN change, BCM restoration, Learn VIRGIN BCM<br \/>\nWIND (2010-2013) &#8211; key programming, VIN change, Learn ECM<br \/>\nTWINGO II (2007-2013) &#8211; key programming, VIN change, Learn ECM<br \/>\nTWINGO (2001-2006), LOGAN (2004-2008), SANDERO I, THALIA, SYMBOL &#8211; class programming<\/h4>\n<\/div>\n<p><strong>Also in our offer:\u00a0<\/strong><br \/>\n<a href=\"https:\/\/chiptuningmarket.com\/pl\/shop\/elektronika\/can-hacker-ch-p-canlin-bus-interface-full-kit\/\">CAN Hacker \u2013 CH-P CANLIN bus interface full kit<\/a><br \/>\n<a href=\"https:\/\/chiptuningmarket.com\/pl\/shop\/elektronika\/klucze\/t-can-crash-data-dopisywanie-kluczy-tesla-x-i-s\/\">T-CAN Crash Data Dopisywanie Kluczy Tesla X i S<\/a><br \/>\n<a href=\"https:\/\/chiptuningmarket.com\/pl\/shop\/testery-diagnostyczne-diagnoskopy\/launch-hd3-do-samochodow-ciezarowych\/\">Launch HD3 Do Samochod\u00f3w Ci\u0119\u017carowych<\/a><\/p>\n","protected":false},"excerpt":{"rendered":"<p>OBD II tool with various functions for modifying the electronic memory of the internal control unit of Renault cars. Activities such as reading or writing Eeprom and Flash, cleaning or reading the immobilizer code.<\/p>\n","protected":false},"featured_media":21509,"template":"","meta":{"_monsterinsights_skip_tracking":false,"_monsterinsights_sitenote_active":false,"_monsterinsights_sitenote_note":"","_monsterinsights_sitenote_category":0},"product_brand":[],"product_cat":[401,5304,5543,5546,5562],"product_tag":[3666],"class_list":{"0":"post-21517","1":"product","2":"type-product","3":"status-publish","4":"has-post-thumbnail","6":"product_cat-news","7":"product_cat-rogrammers","8":"product_cat-programmers-keys","9":"product_cat-keys-other","10":"product_cat-bcm-eprom-uniwersal","11":"product_tag-renault-ecu-tool-2","13":"first","14":"instock","15":"taxable","16":"shipping-taxable","17":"purchasable","18":"product-type-simple"},"yoast_head":"<!-- This site is optimized with the Yoast SEO plugin v25.2 - https:\/\/yoast.com\/wordpress\/plugins\/seo\/ -->\n<title>Renault Ecu Tool - Chiptuningmarket<\/title>\n<meta name=\"description\" content=\"Renault Ecu OBD II tool with various functions for modifying the electronic memory of the internal control unit of Renault cars. Activiti...\" \/>\n<meta name=\"robots\" content=\"index, follow, max-snippet:-1, max-image-preview:large, max-video-preview:-1\" \/>\n<link rel=\"canonical\" href=\"https:\/\/chiptuningmarket.com\/en\/shop\/rogrammers\/programmers-keys\/keys-other\/renault-ecu-tool\/\" \/>\n<meta property=\"og:locale\" content=\"en_US\" \/>\n<meta property=\"og:type\" content=\"article\" \/>\n<meta property=\"og:title\" content=\"Renault Ecu Tool - Chiptuningmarket\" \/>\n<meta property=\"og:description\" content=\"Renault Ecu OBD II tool with various functions for modifying the electronic memory of the internal control unit of Renault cars. Activiti...\" \/>\n<meta property=\"og:url\" content=\"https:\/\/chiptuningmarket.com\/en\/shop\/rogrammers\/programmers-keys\/keys-other\/renault-ecu-tool\/\" \/>\n<meta property=\"og:site_name\" content=\"Chiptuningmarket\" \/>\n<meta property=\"article:modified_time\" content=\"2026-03-30T14:34:10+00:00\" \/>\n<meta property=\"og:image\" content=\"https:\/\/chiptuningmarket.com\/wp-content\/uploads\/2022\/08\/Renault-Ecu-Tool-premium-tool24.com-01-1148x646-500x500-2.jpg\" \/>\n\t<meta property=\"og:image:width\" content=\"500\" \/>\n\t<meta property=\"og:image:height\" content=\"500\" \/>\n\t<meta property=\"og:image:type\" content=\"image\/jpeg\" \/>\n<meta name=\"twitter:card\" content=\"summary_large_image\" \/>\n<meta name=\"twitter:label1\" content=\"Est. reading time\" \/>\n\t<meta name=\"twitter:data1\" content=\"7 minutes\" \/>\n<script type=\"application\/ld+json\" class=\"yoast-schema-graph\">{\"@context\":\"https:\/\/schema.org\",\"@graph\":[{\"@type\":\"WebPage\",\"@id\":\"https:\/\/chiptuningmarket.com\/en\/shop\/rogrammers\/programmers-keys\/keys-other\/renault-ecu-tool\/\",\"url\":\"https:\/\/chiptuningmarket.com\/en\/shop\/rogrammers\/programmers-keys\/keys-other\/renault-ecu-tool\/\",\"name\":\"Renault Ecu Tool - Chiptuningmarket\",\"isPartOf\":{\"@id\":\"https:\/\/chiptuningmarket.com\/en\/#website\"},\"primaryImageOfPage\":{\"@id\":\"https:\/\/chiptuningmarket.com\/en\/shop\/rogrammers\/programmers-keys\/keys-other\/renault-ecu-tool\/#primaryimage\"},\"image\":{\"@id\":\"https:\/\/chiptuningmarket.com\/en\/shop\/rogrammers\/programmers-keys\/keys-other\/renault-ecu-tool\/#primaryimage\"},\"thumbnailUrl\":\"https:\/\/chiptuningmarket.com\/wp-content\/uploads\/2022\/08\/Renault-Ecu-Tool-premium-tool24.com-01-1148x646-500x500-2.jpg\",\"datePublished\":\"2022-08-09T05:44:21+00:00\",\"dateModified\":\"2026-03-30T14:34:10+00:00\",\"description\":\"Renault Ecu OBD II tool with various functions for modifying the electronic memory of the internal control unit of Renault cars. Activiti...\",\"breadcrumb\":{\"@id\":\"https:\/\/chiptuningmarket.com\/en\/shop\/rogrammers\/programmers-keys\/keys-other\/renault-ecu-tool\/#breadcrumb\"},\"inLanguage\":\"en-US\",\"potentialAction\":[{\"@type\":\"ReadAction\",\"target\":[\"https:\/\/chiptuningmarket.com\/en\/shop\/rogrammers\/programmers-keys\/keys-other\/renault-ecu-tool\/\"]}]},{\"@type\":\"ImageObject\",\"inLanguage\":\"en-US\",\"@id\":\"https:\/\/chiptuningmarket.com\/en\/shop\/rogrammers\/programmers-keys\/keys-other\/renault-ecu-tool\/#primaryimage\",\"url\":\"https:\/\/chiptuningmarket.com\/wp-content\/uploads\/2022\/08\/Renault-Ecu-Tool-premium-tool24.com-01-1148x646-500x500-2.jpg\",\"contentUrl\":\"https:\/\/chiptuningmarket.com\/wp-content\/uploads\/2022\/08\/Renault-Ecu-Tool-premium-tool24.com-01-1148x646-500x500-2.jpg\",\"width\":500,\"height\":500,\"caption\":\"Renault Ecu Tool\u00a0\"},{\"@type\":\"BreadcrumbList\",\"@id\":\"https:\/\/chiptuningmarket.com\/en\/shop\/rogrammers\/programmers-keys\/keys-other\/renault-ecu-tool\/#breadcrumb\",\"itemListElement\":[{\"@type\":\"ListItem\",\"position\":1,\"name\":\"Home\",\"item\":\"https:\/\/chiptuningmarket.com\/en\/\"},{\"@type\":\"ListItem\",\"position\":2,\"name\":\"Shop\",\"item\":\"https:\/\/chiptuningmarket.com\/en\/shop\/\"},{\"@type\":\"ListItem\",\"position\":3,\"name\":\"Renault Ecu Tool\"}]},{\"@type\":\"WebSite\",\"@id\":\"https:\/\/chiptuningmarket.com\/en\/#website\",\"url\":\"https:\/\/chiptuningmarket.com\/en\/\",\"name\":\"Chiptuningmarket\",\"description\":\"Biggest chiptuning shop in Europe\",\"publisher\":{\"@id\":\"https:\/\/chiptuningmarket.com\/en\/#organization\"},\"alternateName\":\"Worldwide ecu tools supplier\",\"potentialAction\":[{\"@type\":\"SearchAction\",\"target\":{\"@type\":\"EntryPoint\",\"urlTemplate\":\"https:\/\/chiptuningmarket.com\/en\/?s={search_term_string}\"},\"query-input\":{\"@type\":\"PropertyValueSpecification\",\"valueRequired\":true,\"valueName\":\"search_term_string\"}}],\"inLanguage\":\"en-US\"},{\"@type\":\"Organization\",\"@id\":\"https:\/\/chiptuningmarket.com\/en\/#organization\",\"name\":\"Chiptuningmarket\",\"alternateName\":\"Chiptuning tools supplier\",\"url\":\"https:\/\/chiptuningmarket.com\/en\/\",\"logo\":{\"@type\":\"ImageObject\",\"inLanguage\":\"en-US\",\"@id\":\"https:\/\/chiptuningmarket.com\/en\/#\/schema\/logo\/image\/\",\"url\":\"https:\/\/chiptuningmarket.com\/wp-content\/uploads\/2023\/05\/logo-ChipTuningMarket-social.png\",\"contentUrl\":\"https:\/\/chiptuningmarket.com\/wp-content\/uploads\/2023\/05\/logo-ChipTuningMarket-social.png\",\"width\":512,\"height\":512,\"caption\":\"Chiptuningmarket\"},\"image\":{\"@id\":\"https:\/\/chiptuningmarket.com\/en\/#\/schema\/logo\/image\/\"}}]}<\/script>\n<!-- \/ Yoast SEO plugin. -->","yoast_head_json":{"title":"Renault Ecu Tool - Chiptuningmarket","description":"Renault Ecu OBD II tool with various functions for modifying the electronic memory of the internal control unit of Renault cars. Activiti...","robots":{"index":"index","follow":"follow","max-snippet":"max-snippet:-1","max-image-preview":"max-image-preview:large","max-video-preview":"max-video-preview:-1"},"canonical":"https:\/\/chiptuningmarket.com\/en\/shop\/rogrammers\/programmers-keys\/keys-other\/renault-ecu-tool\/","og_locale":"en_US","og_type":"article","og_title":"Renault Ecu Tool - Chiptuningmarket","og_description":"Renault Ecu OBD II tool with various functions for modifying the electronic memory of the internal control unit of Renault cars. Activiti...","og_url":"https:\/\/chiptuningmarket.com\/en\/shop\/rogrammers\/programmers-keys\/keys-other\/renault-ecu-tool\/","og_site_name":"Chiptuningmarket","article_modified_time":"2026-03-30T14:34:10+00:00","og_image":[{"width":500,"height":500,"url":"https:\/\/chiptuningmarket.com\/wp-content\/uploads\/2022\/08\/Renault-Ecu-Tool-premium-tool24.com-01-1148x646-500x500-2.jpg","type":"image\/jpeg"}],"twitter_card":"summary_large_image","twitter_misc":{"Est. reading time":"7 minutes"},"schema":{"@context":"https:\/\/schema.org","@graph":[{"@type":"WebPage","@id":"https:\/\/chiptuningmarket.com\/en\/shop\/rogrammers\/programmers-keys\/keys-other\/renault-ecu-tool\/","url":"https:\/\/chiptuningmarket.com\/en\/shop\/rogrammers\/programmers-keys\/keys-other\/renault-ecu-tool\/","name":"Renault Ecu Tool - Chiptuningmarket","isPartOf":{"@id":"https:\/\/chiptuningmarket.com\/en\/#website"},"primaryImageOfPage":{"@id":"https:\/\/chiptuningmarket.com\/en\/shop\/rogrammers\/programmers-keys\/keys-other\/renault-ecu-tool\/#primaryimage"},"image":{"@id":"https:\/\/chiptuningmarket.com\/en\/shop\/rogrammers\/programmers-keys\/keys-other\/renault-ecu-tool\/#primaryimage"},"thumbnailUrl":"https:\/\/chiptuningmarket.com\/wp-content\/uploads\/2022\/08\/Renault-Ecu-Tool-premium-tool24.com-01-1148x646-500x500-2.jpg","datePublished":"2022-08-09T05:44:21+00:00","dateModified":"2026-03-30T14:34:10+00:00","description":"Renault Ecu OBD II tool with various functions for modifying the electronic memory of the internal control unit of Renault cars. Activiti...","breadcrumb":{"@id":"https:\/\/chiptuningmarket.com\/en\/shop\/rogrammers\/programmers-keys\/keys-other\/renault-ecu-tool\/#breadcrumb"},"inLanguage":"en-US","potentialAction":[{"@type":"ReadAction","target":["https:\/\/chiptuningmarket.com\/en\/shop\/rogrammers\/programmers-keys\/keys-other\/renault-ecu-tool\/"]}]},{"@type":"ImageObject","inLanguage":"en-US","@id":"https:\/\/chiptuningmarket.com\/en\/shop\/rogrammers\/programmers-keys\/keys-other\/renault-ecu-tool\/#primaryimage","url":"https:\/\/chiptuningmarket.com\/wp-content\/uploads\/2022\/08\/Renault-Ecu-Tool-premium-tool24.com-01-1148x646-500x500-2.jpg","contentUrl":"https:\/\/chiptuningmarket.com\/wp-content\/uploads\/2022\/08\/Renault-Ecu-Tool-premium-tool24.com-01-1148x646-500x500-2.jpg","width":500,"height":500,"caption":"Renault Ecu Tool\u00a0"},{"@type":"BreadcrumbList","@id":"https:\/\/chiptuningmarket.com\/en\/shop\/rogrammers\/programmers-keys\/keys-other\/renault-ecu-tool\/#breadcrumb","itemListElement":[{"@type":"ListItem","position":1,"name":"Home","item":"https:\/\/chiptuningmarket.com\/en\/"},{"@type":"ListItem","position":2,"name":"Shop","item":"https:\/\/chiptuningmarket.com\/en\/shop\/"},{"@type":"ListItem","position":3,"name":"Renault Ecu Tool"}]},{"@type":"WebSite","@id":"https:\/\/chiptuningmarket.com\/en\/#website","url":"https:\/\/chiptuningmarket.com\/en\/","name":"Chiptuningmarket","description":"Biggest chiptuning shop in Europe","publisher":{"@id":"https:\/\/chiptuningmarket.com\/en\/#organization"},"alternateName":"Worldwide ecu tools supplier","potentialAction":[{"@type":"SearchAction","target":{"@type":"EntryPoint","urlTemplate":"https:\/\/chiptuningmarket.com\/en\/?s={search_term_string}"},"query-input":{"@type":"PropertyValueSpecification","valueRequired":true,"valueName":"search_term_string"}}],"inLanguage":"en-US"},{"@type":"Organization","@id":"https:\/\/chiptuningmarket.com\/en\/#organization","name":"Chiptuningmarket","alternateName":"Chiptuning tools supplier","url":"https:\/\/chiptuningmarket.com\/en\/","logo":{"@type":"ImageObject","inLanguage":"en-US","@id":"https:\/\/chiptuningmarket.com\/en\/#\/schema\/logo\/image\/","url":"https:\/\/chiptuningmarket.com\/wp-content\/uploads\/2023\/05\/logo-ChipTuningMarket-social.png","contentUrl":"https:\/\/chiptuningmarket.com\/wp-content\/uploads\/2023\/05\/logo-ChipTuningMarket-social.png","width":512,"height":512,"caption":"Chiptuningmarket"},"image":{"@id":"https:\/\/chiptuningmarket.com\/en\/#\/schema\/logo\/image\/"}}]}},"_links":{"self":[{"href":"https:\/\/chiptuningmarket.com\/en\/wp-json\/wp\/v2\/product\/21517","targetHints":{"allow":["GET"]}}],"collection":[{"href":"https:\/\/chiptuningmarket.com\/en\/wp-json\/wp\/v2\/product"}],"about":[{"href":"https:\/\/chiptuningmarket.com\/en\/wp-json\/wp\/v2\/types\/product"}],"wp:featuredmedia":[{"embeddable":true,"href":"https:\/\/chiptuningmarket.com\/en\/wp-json\/wp\/v2\/media\/21509"}],"wp:attachment":[{"href":"https:\/\/chiptuningmarket.com\/en\/wp-json\/wp\/v2\/media?parent=21517"}],"wp:term":[{"taxonomy":"product_brand","embeddable":true,"href":"https:\/\/chiptuningmarket.com\/en\/wp-json\/wp\/v2\/product_brand?post=21517"},{"taxonomy":"product_cat","embeddable":true,"href":"https:\/\/chiptuningmarket.com\/en\/wp-json\/wp\/v2\/product_cat?post=21517"},{"taxonomy":"product_tag","embeddable":true,"href":"https:\/\/chiptuningmarket.com\/en\/wp-json\/wp\/v2\/product_tag?post=21517"}],"curies":[{"name":"wp","href":"https:\/\/api.w.org\/{rel}","templated":true}]}}