{"id":23217,"date":"2022-08-18T08:08:37","date_gmt":"2022-08-18T08:08:37","guid":{"rendered":"https:\/\/chiptuningmarket.com\/shop\/uncategorized\/urzadzenie-do-obslugi-serwisow-adaptacji-x200-pro-2\/"},"modified":"2022-08-18T08:43:04","modified_gmt":"2022-08-18T08:43:04","slug":"urzadzenie-do-obslugi-serwisow-adaptacji-x200-pro-2","status":"publish","type":"product","link":"https:\/\/chiptuningmarket.com\/en\/shop\/news\/urzadzenie-do-obslugi-serwisow-adaptacji-x200-pro-2\/","title":{"rendered":"Device for servicing \/ adaptation X200 PRO 2"},"content":{"rendered":"<p style=\"text-align: center;\"><strong>Device for servicing \/ adaptation X200 PRO 2<\/strong><\/p>\n<p><strong><span>Device for service \/ inspection \/ adaptation X200 PRO 2<\/span><\/strong><\/p>\n<p><span>A small and handy device that will allow you to perform service work on most cars (adaptations, deletion of inspections \/ services, injection coding, resets, etc.)<\/span><\/p>\n<p><strong><span>Oil inspection \/ TPS \/ EPB \/ ABS \/ Battery \/ Steering angle sensor \/ DPF \/ Gearbox adaptations \/ Injector coding \/ Suspension adaptations for brands:<\/span><\/strong><\/p>\n<ul>\n<li><span>Mercedes Benz<\/span><\/li>\n<li>BMW<\/li>\n<li>Porsche<\/li>\n<li>Volvo<\/li>\n<li>Land Rover<\/li>\n<li>Jaguar<\/li>\n<li><span>Renault<\/span><\/li>\n<li><span>Citro\u00ebn \/ DS<\/span><\/li>\n<li>Maserati<\/li>\n<li>Aston Martin<\/li>\n<li>Volkswagen<\/li>\n<li>Audi<\/li>\n<li><span>Skoda.<\/span><\/li>\n<\/ul>\n<p><strong><span>Supports Oil Inspections on the following brands:<\/span><\/strong><\/p>\n<p><strong><span>European<\/span><\/strong><\/p>\n<ul>\n<li>Abarth<\/li>\n<li><span>Alfa Romeo<\/span><\/li>\n<li><span>Aston Martin<\/span><\/li>\n<li><span>Audi<\/span><\/li>\n<li>Bentley<\/li>\n<li><span>Mercedes Benz<\/span><\/li>\n<li><span>BMW<\/span><\/li>\n<li><span>Bugatti<\/span><\/li>\n<li>Citroen<\/li>\n<li><span>Dacia<\/span><\/li>\n<li>Ferrari<\/li>\n<li>Fiat<\/li>\n<li><span>Jaguar<\/span><\/li>\n<li>Lamborghini<\/li>\n<li><span>Launch<\/span><\/li>\n<li><span>Land Rover<\/span><\/li>\n<li><span>Maserati<\/span><\/li>\n<li>Mini<\/li>\n<li><span>Opel<\/span><\/li>\n<li>Peugeot<\/li>\n<li><span>Porsche<\/span><\/li>\n<li><span>Renault<\/span><\/li>\n<li>Rolls Royce<\/li>\n<li>Rover<\/li>\n<li><span>You can<\/span><\/li>\n<li>Seat<\/li>\n<li><span>Skoda<\/span><\/li>\n<li>Smart<\/li>\n<li>Vauxhall<\/li>\n<li><span>Volvo<\/span><\/li>\n<li><span>Vauxhall<\/span><\/li>\n<\/ul>\n<p><strong><span>Asian<\/span><\/strong><\/p>\n<ul>\n<li>Acura<\/li>\n<li>Honda<\/li>\n<li>Hyundai<\/li>\n<li>Infinity<\/li>\n<li>Isuzu<\/li>\n<li><span>Come on<\/span><\/li>\n<li>Lexus<\/li>\n<li>Mazda<\/li>\n<li>Mitsubishi<\/li>\n<li>Nissan<\/li>\n<li>Proton<\/li>\n<li>Scion<\/li>\n<li><span>Subaru<\/span><\/li>\n<li><span>Suzuki<\/span><\/li>\n<li>Toyota<\/li>\n<li>Brilliance<\/li>\n<li><span>WORLD<\/span><\/li>\n<li><span>Changan<\/span><\/li>\n<li><span>Changhe<\/span><\/li>\n<li>Chery<\/li>\n<li><span>Cowin<\/span><\/li>\n<li>DF RV<\/li>\n<li>Geely<\/li>\n<li>Great Wall<\/li>\n<li>JAC<\/li>\n<li><span>Jetour<\/span><\/li>\n<li>JMC<\/li>\n<li>Leopard<\/li>\n<li>Luxgen<\/li>\n<li><span>Lynkco<\/span><\/li>\n<li><span>Maxus<\/span><\/li>\n<li>MG<\/li>\n<li><span>Write down<\/span><\/li>\n<li><span>Rowe<\/span><\/li>\n<li><span>Senia<\/span><\/li>\n<li><span>Dream<\/span><\/li>\n<li><span>Zotye<\/span><\/li>\n<\/ul>\n<p><strong><span>American<\/span><\/strong><\/p>\n<ul>\n<li>Chrysler<\/li>\n<li>Dodge<\/li>\n<li>Ford<\/li>\n<li>GM (General Motors)<\/li>\n<li>Jeep<\/li>\n<li>Lincoln<\/li>\n<li>Mercury<\/li>\n<\/ul>\n<p>&nbsp;<\/p>\n<p>&nbsp;<\/p>\n<p><span>Specification:<\/span><\/p>\n<ul>\n<li><span>ARM CORTEX A7 processor<\/span><\/li>\n<li>Android 5.1.1<\/li>\n<li><span>2600 mAh polymer lithium battery<\/span><\/li>\n<li><span>Support for external memory on a 32GB SD card<\/span><\/li>\n<li><span>16 GB internal memory<\/span><\/li>\n<li><span>5-inch color screen with a resolution of 800&#215;480, capacitive touch<\/span><\/li>\n<li>WiFi 2.4 Ghz<\/li>\n<li><span>12 V power supply (power supply or OBD 2 connector)<\/span><\/li>\n<li><span>Working temperature in the range -20 \u00b0 C to + 55 \u00b0 C<\/span><\/li>\n<li><span>Weight approx. 700 grams<\/span><\/li>\n<li><a title=\"Description on the manufacturer's website\" href=\"https:\/\/www.obdstar.com\/Products_264.html\" target=\"_blank\" rel=\"nofollow noopener\"><span>Manufacturer<\/span><\/a><span>\u00a0&#8216;s website about the device<\/span><\/li>\n<\/ul>\n<p>&nbsp;<\/p>\n<p><span>Contents of the package:<\/span><\/p>\n<ul>\n<li><span>X200 PRO main device 2<\/span><\/li>\n<li><span><span class=\"goog-text-highlight\">230 V AC adapter (European plug)<\/span><\/span><\/li>\n<li><span>OBD2 cable<\/span><\/li>\n<li><span>Quick Start (Quick Start Guide)<\/span><\/li>\n<\/ul>\n<p><strong>Also in our offer:<\/strong><br \/>\n<a href=\"https:\/\/chiptuningmarket.com\/pl\/shop\/elektronika\/universal-pl\/key-tool-plus-pad-tablet\/\">KEY TOOL PLUS \u2013 PAD \/ TABLET<\/a><br \/>\n<a href=\"https:\/\/chiptuningmarket.com\/pl\/shop\/elektronika\/klucze\/key-tool-max\/\">Key Tool MAX<\/a><\/p>\n","protected":false},"excerpt":{"rendered":"<p>A small and handy device that will allow you to perform service work on most cars (adaptations, deletion of inspections \/ services, injection coding, resets, etc.)<\/p>\n","protected":false},"featured_media":23205,"template":"","meta":{"_monsterinsights_skip_tracking":false,"_monsterinsights_sitenote_active":false,"_monsterinsights_sitenote_note":"","_monsterinsights_sitenote_category":0},"product_brand":[],"product_cat":[401,5300],"product_tag":[3788,3789,3790,3791,3792],"class_list":{"0":"post-23217","1":"product","2":"type-product","3":"status-publish","4":"has-post-thumbnail","6":"product_cat-news","7":"product_cat-diagnostic-tools","8":"product_tag-obdstar-2","9":"product_tag-programator-2","10":"product_tag-serwis-tool-2","11":"product_tag-urzadzenie-do-obslugi-serwisow-adaptacji-x200-pro-2-2","12":"product_tag-urzadzenie-serwisowe-2","14":"first","15":"instock","16":"taxable","17":"shipping-taxable","18":"purchasable","19":"product-type-simple"},"yoast_head":"<!-- This site is optimized with the Yoast SEO plugin v25.2 - https:\/\/yoast.com\/wordpress\/plugins\/seo\/ -->\n<title>Device for servicing \/ adaptation X200 PRO 2 - Chiptuningmarket<\/title>\n<meta name=\"description\" content=\"Device for servicing \/ adaptation X200 PRO 2 A small and handy device that will allow you to perform service work on most cars (adaptatio...\" \/>\n<meta name=\"robots\" content=\"index, follow, max-snippet:-1, max-image-preview:large, max-video-preview:-1\" \/>\n<link rel=\"canonical\" href=\"https:\/\/chiptuningmarket.com\/en\/shop\/news\/urzadzenie-do-obslugi-serwisow-adaptacji-x200-pro-2\/\" \/>\n<meta property=\"og:locale\" content=\"en_US\" \/>\n<meta property=\"og:type\" content=\"article\" \/>\n<meta property=\"og:title\" content=\"Device for servicing \/ adaptation X200 PRO 2 - Chiptuningmarket\" \/>\n<meta property=\"og:description\" content=\"Device for servicing \/ adaptation X200 PRO 2 A small and handy device that will allow you to perform service work on most cars (adaptatio...\" \/>\n<meta property=\"og:url\" content=\"https:\/\/chiptuningmarket.com\/en\/shop\/news\/urzadzenie-do-obslugi-serwisow-adaptacji-x200-pro-2\/\" \/>\n<meta property=\"og:site_name\" content=\"Chiptuningmarket\" \/>\n<meta property=\"article:modified_time\" content=\"2022-08-18T08:43:04+00:00\" \/>\n<meta property=\"og:image\" content=\"https:\/\/chiptuningmarket.com\/wp-content\/uploads\/2022\/08\/big_KM5.png\" \/>\n\t<meta property=\"og:image:width\" content=\"800\" \/>\n\t<meta property=\"og:image:height\" content=\"800\" \/>\n\t<meta property=\"og:image:type\" content=\"image\/png\" \/>\n<meta name=\"twitter:card\" content=\"summary_large_image\" \/>\n<meta name=\"twitter:label1\" content=\"Est. reading time\" \/>\n\t<meta name=\"twitter:data1\" content=\"2 minutes\" \/>\n<script type=\"application\/ld+json\" class=\"yoast-schema-graph\">{\"@context\":\"https:\/\/schema.org\",\"@graph\":[{\"@type\":\"WebPage\",\"@id\":\"https:\/\/chiptuningmarket.com\/en\/shop\/news\/urzadzenie-do-obslugi-serwisow-adaptacji-x200-pro-2\/\",\"url\":\"https:\/\/chiptuningmarket.com\/en\/shop\/news\/urzadzenie-do-obslugi-serwisow-adaptacji-x200-pro-2\/\",\"name\":\"Device for servicing \/ adaptation X200 PRO 2 - Chiptuningmarket\",\"isPartOf\":{\"@id\":\"https:\/\/chiptuningmarket.com\/en\/#website\"},\"primaryImageOfPage\":{\"@id\":\"https:\/\/chiptuningmarket.com\/en\/shop\/news\/urzadzenie-do-obslugi-serwisow-adaptacji-x200-pro-2\/#primaryimage\"},\"image\":{\"@id\":\"https:\/\/chiptuningmarket.com\/en\/shop\/news\/urzadzenie-do-obslugi-serwisow-adaptacji-x200-pro-2\/#primaryimage\"},\"thumbnailUrl\":\"https:\/\/chiptuningmarket.com\/wp-content\/uploads\/2022\/08\/big_KM5.png\",\"datePublished\":\"2022-08-18T08:08:37+00:00\",\"dateModified\":\"2022-08-18T08:43:04+00:00\",\"description\":\"Device for servicing \/ adaptation X200 PRO 2 A small and handy device that will allow you to perform service work on most cars (adaptatio...\",\"breadcrumb\":{\"@id\":\"https:\/\/chiptuningmarket.com\/en\/shop\/news\/urzadzenie-do-obslugi-serwisow-adaptacji-x200-pro-2\/#breadcrumb\"},\"inLanguage\":\"en-US\",\"potentialAction\":[{\"@type\":\"ReadAction\",\"target\":[\"https:\/\/chiptuningmarket.com\/en\/shop\/news\/urzadzenie-do-obslugi-serwisow-adaptacji-x200-pro-2\/\"]}]},{\"@type\":\"ImageObject\",\"inLanguage\":\"en-US\",\"@id\":\"https:\/\/chiptuningmarket.com\/en\/shop\/news\/urzadzenie-do-obslugi-serwisow-adaptacji-x200-pro-2\/#primaryimage\",\"url\":\"https:\/\/chiptuningmarket.com\/wp-content\/uploads\/2022\/08\/big_KM5.png\",\"contentUrl\":\"https:\/\/chiptuningmarket.com\/wp-content\/uploads\/2022\/08\/big_KM5.png\",\"width\":800,\"height\":800,\"caption\":\"Urz\u0105dzenie do obs\u0142ugi serwis\u00f3w \/ adaptacji X200 PRO 2\"},{\"@type\":\"BreadcrumbList\",\"@id\":\"https:\/\/chiptuningmarket.com\/en\/shop\/news\/urzadzenie-do-obslugi-serwisow-adaptacji-x200-pro-2\/#breadcrumb\",\"itemListElement\":[{\"@type\":\"ListItem\",\"position\":1,\"name\":\"Home\",\"item\":\"https:\/\/chiptuningmarket.com\/en\/\"},{\"@type\":\"ListItem\",\"position\":2,\"name\":\"Shop\",\"item\":\"https:\/\/chiptuningmarket.com\/en\/shop\/\"},{\"@type\":\"ListItem\",\"position\":3,\"name\":\"Device for servicing \/ adaptation X200 PRO 2\"}]},{\"@type\":\"WebSite\",\"@id\":\"https:\/\/chiptuningmarket.com\/en\/#website\",\"url\":\"https:\/\/chiptuningmarket.com\/en\/\",\"name\":\"Chiptuningmarket\",\"description\":\"Biggest chiptuning shop in Europe\",\"publisher\":{\"@id\":\"https:\/\/chiptuningmarket.com\/en\/#organization\"},\"alternateName\":\"Worldwide ecu tools supplier\",\"potentialAction\":[{\"@type\":\"SearchAction\",\"target\":{\"@type\":\"EntryPoint\",\"urlTemplate\":\"https:\/\/chiptuningmarket.com\/en\/?s={search_term_string}\"},\"query-input\":{\"@type\":\"PropertyValueSpecification\",\"valueRequired\":true,\"valueName\":\"search_term_string\"}}],\"inLanguage\":\"en-US\"},{\"@type\":\"Organization\",\"@id\":\"https:\/\/chiptuningmarket.com\/en\/#organization\",\"name\":\"Chiptuningmarket\",\"alternateName\":\"Chiptuning tools supplier\",\"url\":\"https:\/\/chiptuningmarket.com\/en\/\",\"logo\":{\"@type\":\"ImageObject\",\"inLanguage\":\"en-US\",\"@id\":\"https:\/\/chiptuningmarket.com\/en\/#\/schema\/logo\/image\/\",\"url\":\"https:\/\/chiptuningmarket.com\/wp-content\/uploads\/2023\/05\/logo-ChipTuningMarket-social.png\",\"contentUrl\":\"https:\/\/chiptuningmarket.com\/wp-content\/uploads\/2023\/05\/logo-ChipTuningMarket-social.png\",\"width\":512,\"height\":512,\"caption\":\"Chiptuningmarket\"},\"image\":{\"@id\":\"https:\/\/chiptuningmarket.com\/en\/#\/schema\/logo\/image\/\"}}]}<\/script>\n<!-- \/ Yoast SEO plugin. -->","yoast_head_json":{"title":"Device for servicing \/ adaptation X200 PRO 2 - Chiptuningmarket","description":"Device for servicing \/ adaptation X200 PRO 2 A small and handy device that will allow you to perform service work on most cars (adaptatio...","robots":{"index":"index","follow":"follow","max-snippet":"max-snippet:-1","max-image-preview":"max-image-preview:large","max-video-preview":"max-video-preview:-1"},"canonical":"https:\/\/chiptuningmarket.com\/en\/shop\/news\/urzadzenie-do-obslugi-serwisow-adaptacji-x200-pro-2\/","og_locale":"en_US","og_type":"article","og_title":"Device for servicing \/ adaptation X200 PRO 2 - Chiptuningmarket","og_description":"Device for servicing \/ adaptation X200 PRO 2 A small and handy device that will allow you to perform service work on most cars (adaptatio...","og_url":"https:\/\/chiptuningmarket.com\/en\/shop\/news\/urzadzenie-do-obslugi-serwisow-adaptacji-x200-pro-2\/","og_site_name":"Chiptuningmarket","article_modified_time":"2022-08-18T08:43:04+00:00","og_image":[{"width":800,"height":800,"url":"https:\/\/chiptuningmarket.com\/wp-content\/uploads\/2022\/08\/big_KM5.png","type":"image\/png"}],"twitter_card":"summary_large_image","twitter_misc":{"Est. reading time":"2 minutes"},"schema":{"@context":"https:\/\/schema.org","@graph":[{"@type":"WebPage","@id":"https:\/\/chiptuningmarket.com\/en\/shop\/news\/urzadzenie-do-obslugi-serwisow-adaptacji-x200-pro-2\/","url":"https:\/\/chiptuningmarket.com\/en\/shop\/news\/urzadzenie-do-obslugi-serwisow-adaptacji-x200-pro-2\/","name":"Device for servicing \/ adaptation X200 PRO 2 - Chiptuningmarket","isPartOf":{"@id":"https:\/\/chiptuningmarket.com\/en\/#website"},"primaryImageOfPage":{"@id":"https:\/\/chiptuningmarket.com\/en\/shop\/news\/urzadzenie-do-obslugi-serwisow-adaptacji-x200-pro-2\/#primaryimage"},"image":{"@id":"https:\/\/chiptuningmarket.com\/en\/shop\/news\/urzadzenie-do-obslugi-serwisow-adaptacji-x200-pro-2\/#primaryimage"},"thumbnailUrl":"https:\/\/chiptuningmarket.com\/wp-content\/uploads\/2022\/08\/big_KM5.png","datePublished":"2022-08-18T08:08:37+00:00","dateModified":"2022-08-18T08:43:04+00:00","description":"Device for servicing \/ adaptation X200 PRO 2 A small and handy device that will allow you to perform service work on most cars (adaptatio...","breadcrumb":{"@id":"https:\/\/chiptuningmarket.com\/en\/shop\/news\/urzadzenie-do-obslugi-serwisow-adaptacji-x200-pro-2\/#breadcrumb"},"inLanguage":"en-US","potentialAction":[{"@type":"ReadAction","target":["https:\/\/chiptuningmarket.com\/en\/shop\/news\/urzadzenie-do-obslugi-serwisow-adaptacji-x200-pro-2\/"]}]},{"@type":"ImageObject","inLanguage":"en-US","@id":"https:\/\/chiptuningmarket.com\/en\/shop\/news\/urzadzenie-do-obslugi-serwisow-adaptacji-x200-pro-2\/#primaryimage","url":"https:\/\/chiptuningmarket.com\/wp-content\/uploads\/2022\/08\/big_KM5.png","contentUrl":"https:\/\/chiptuningmarket.com\/wp-content\/uploads\/2022\/08\/big_KM5.png","width":800,"height":800,"caption":"Urz\u0105dzenie do obs\u0142ugi serwis\u00f3w \/ adaptacji X200 PRO 2"},{"@type":"BreadcrumbList","@id":"https:\/\/chiptuningmarket.com\/en\/shop\/news\/urzadzenie-do-obslugi-serwisow-adaptacji-x200-pro-2\/#breadcrumb","itemListElement":[{"@type":"ListItem","position":1,"name":"Home","item":"https:\/\/chiptuningmarket.com\/en\/"},{"@type":"ListItem","position":2,"name":"Shop","item":"https:\/\/chiptuningmarket.com\/en\/shop\/"},{"@type":"ListItem","position":3,"name":"Device for servicing \/ adaptation X200 PRO 2"}]},{"@type":"WebSite","@id":"https:\/\/chiptuningmarket.com\/en\/#website","url":"https:\/\/chiptuningmarket.com\/en\/","name":"Chiptuningmarket","description":"Biggest chiptuning shop in Europe","publisher":{"@id":"https:\/\/chiptuningmarket.com\/en\/#organization"},"alternateName":"Worldwide ecu tools supplier","potentialAction":[{"@type":"SearchAction","target":{"@type":"EntryPoint","urlTemplate":"https:\/\/chiptuningmarket.com\/en\/?s={search_term_string}"},"query-input":{"@type":"PropertyValueSpecification","valueRequired":true,"valueName":"search_term_string"}}],"inLanguage":"en-US"},{"@type":"Organization","@id":"https:\/\/chiptuningmarket.com\/en\/#organization","name":"Chiptuningmarket","alternateName":"Chiptuning tools supplier","url":"https:\/\/chiptuningmarket.com\/en\/","logo":{"@type":"ImageObject","inLanguage":"en-US","@id":"https:\/\/chiptuningmarket.com\/en\/#\/schema\/logo\/image\/","url":"https:\/\/chiptuningmarket.com\/wp-content\/uploads\/2023\/05\/logo-ChipTuningMarket-social.png","contentUrl":"https:\/\/chiptuningmarket.com\/wp-content\/uploads\/2023\/05\/logo-ChipTuningMarket-social.png","width":512,"height":512,"caption":"Chiptuningmarket"},"image":{"@id":"https:\/\/chiptuningmarket.com\/en\/#\/schema\/logo\/image\/"}}]}},"_links":{"self":[{"href":"https:\/\/chiptuningmarket.com\/en\/wp-json\/wp\/v2\/product\/23217","targetHints":{"allow":["GET"]}}],"collection":[{"href":"https:\/\/chiptuningmarket.com\/en\/wp-json\/wp\/v2\/product"}],"about":[{"href":"https:\/\/chiptuningmarket.com\/en\/wp-json\/wp\/v2\/types\/product"}],"wp:featuredmedia":[{"embeddable":true,"href":"https:\/\/chiptuningmarket.com\/en\/wp-json\/wp\/v2\/media\/23205"}],"wp:attachment":[{"href":"https:\/\/chiptuningmarket.com\/en\/wp-json\/wp\/v2\/media?parent=23217"}],"wp:term":[{"taxonomy":"product_brand","embeddable":true,"href":"https:\/\/chiptuningmarket.com\/en\/wp-json\/wp\/v2\/product_brand?post=23217"},{"taxonomy":"product_cat","embeddable":true,"href":"https:\/\/chiptuningmarket.com\/en\/wp-json\/wp\/v2\/product_cat?post=23217"},{"taxonomy":"product_tag","embeddable":true,"href":"https:\/\/chiptuningmarket.com\/en\/wp-json\/wp\/v2\/product_tag?post=23217"}],"curies":[{"name":"wp","href":"https:\/\/api.w.org\/{rel}","templated":true}]}}