{"id":24392,"date":"2023-12-19T10:40:20","date_gmt":"2023-12-19T09:40:20","guid":{"rendered":"https:\/\/chiptuningmarket.com\/?post_type=product&#038;p=24392"},"modified":"2026-02-10T10:37:43","modified_gmt":"2026-02-10T09:37:43","slug":"vag-obd-eleven-ultimate-pack","status":"publish","type":"product","link":"https:\/\/chiptuningmarket.com\/en\/shop\/diagnostic-tools\/diagnostic-tool-car-lcv\/diagnostic-tools-car-obdeleven\/vag-obd-eleven-ultimate-pack\/","title":{"rendered":"VAG OBDEleven Ultimate Pack"},"content":{"rendered":"<h3 style=\"text-align: center\">VAG OBDEleven ultimate pack<\/h3>\n<p><img decoding=\"async\" class=\"aligncenter wp-image-20986\" src=\"https:\/\/ms-group.pl\/wp-content\/uploads\/2023\/01\/ultimate-pack-6-804x1024.png\" alt=\"OBD Eleven\" width=\"428\" height=\"545\" \/><\/p>\n<p><b>VAG OBDEleven ultimate pack Pack includes:<\/b><\/p>\n<p>NextGen device \u2013 iOS, Android &amp; Harmony compatible<\/p>\n<p>12-month ULTIMATE Plan (VAG-only)<\/p>\n<p>Carry pouch<\/p>\n<p>Phone holder<\/p>\n<p>The ULTIMATE Plan will be redeemed by connecting the application with a device<\/p>\n<p><strong>* The OBDeleven NextGen device supports both Volkswagen Group (VAG) and BMW Group\u00a0<\/strong><b>(<\/b><b>F, G &amp; I series<\/b><b>)<\/b><strong>\u00a0vehicles, but available features and plans may differ. For a complete list of available features please check the Apps &amp; Features Page.<\/strong><\/p>\n<h4><strong>Professional diagnostic tool in your pocket<\/strong><\/h4>\n<p>The ULTIMATE Pack is the perfect solution for those who are working with a large volume of cars. With unlimited One-Click Apps, RAW Data, and an OCA builder, there are no limitations to what you can do with the top-of-the-line OBDeleven plan.<\/p>\n<p>Officially licensed by the\u00a0<strong>Volkswagen Group (VAG)<\/strong>\u00a0and the\u00a0<strong>BMW Group.<\/strong><\/p>\n<h4><strong>Pack features include:<\/strong><\/h4>\n<h4><strong>BASIC Features<\/strong><\/h4>\n<p>Manufacturer-level Diagnostics<br \/>\nClear faults\/trouble codes<br \/>\nOne-Click Apps (pre-made car customizations)<br \/>\nSFD unlocking (VAG-only)<br \/>\nLive Data (VAG-only)<\/p>\n<h4><strong>PRO Features (VAG-only)<\/strong><\/h4>\n<p>Coding \/ Long Coding<br \/>\nAdaptations \/ Long Adaptations<br \/>\nControl Unit reset (UDS)<br \/>\nTrouble code freeze frame<br \/>\nBasic Settings<br \/>\n&amp; more<\/p>\n<h4><strong>ULTIMATE Features (VAG-only)<\/strong><\/h4>\n<p>UNLIMITED One-Click Apps (pre-made car customizations)<br \/>\nOCAbuilder (create One-Click Apps by yourself)<br \/>\nRAW data<\/p>\n<p>Simply plug the device into the car\u2019s OBD-II port, download the mobile application (<strong>iOS, Android, and Harmony-supported<\/strong>), and start a conversation with your car via your smartphone.<\/p>\n<p>&nbsp;<\/p>\n<div class=\"container-fluid description-content-wrap\">\n<div class=\"row no-gutters\">\n<div class=\"container-fluid description-content-wrap\">\n<div class=\"row no-gutters\">\n<div class=\"container-fluid description-content-wrap\">\n<div class=\"row no-gutters\">\n<p>Technology has improved our vehicles and changed the way we interact with them, requiring advanced equipment to understand their needs. That&#8217;s why we\u2019ve developed a revolutionary diagnostic tool \u2013 OBDeleven. A device that lets you easily connect to the car, monitor all systems, and activate various comfort features.<\/p>\n<\/div>\n<h2>DIAGNOSTICS<\/h2>\n<h3>FULLY ACCESS<br \/>\nALL CONTROL UNITS<\/h3>\n<p>Check on detailed information about the devices that control a system or subsystem on the vehicle (i.e. Part number, Software number, Coding, etc.)<\/p>\n<h2>ONE-CLICK-APPS<\/h2>\n<h3>UNLOCK NEW<br \/>\nFEATURES EASILY<\/h3>\n<p>We have developed\u00a0various unique applications for every driver to easily adjust vehicle comfort features, activate functions after retrofits, or perform service.<\/p>\n<h2>CODE READER<\/h2>\n<h3>READ AND CLEAR DIAGNOSTIC<br \/>\nTROUBLE CODES<\/h3>\n<p>Scan control units installed into your car and get detailed information about them (i.e. Engine, Transmission, ABS, Airbag, Multimedia, Air conditioning, etc.) Clear passive and check on active faults to know what needs to be fixed.<\/p>\n<h2>SHARE DATA<\/h2>\n<h3>SHARE DIAGNOSTIC DATA<br \/>\nLOG VIA EMAIL<\/h3>\n<p>Diagnostic data log sharing via email.\u00a0 Share diagnostic reports of necessary and optional repairs with your technician or your friend.<\/p>\n<h2>BATTERY<\/h2>\n<h3>OBSERVE BATTERY<br \/>\nSTATUS<\/h3>\n<p>Check your car battery health: voltage and charge.<\/p>\n<h2>HISTORY<\/h2>\n<h3>LOG CONNECTED<br \/>\nCARS HISTORY<\/h3>\n<p>Check information about all vehicles connected with your OBDeleven account: when and what kind of modifications were done.<\/p>\n<h2>GAUGES<\/h2>\n<h3>CHECK PARAMETERS<br \/>\nOF VEHICLE<\/h3>\n<p>Gauges allow checking various parameters of your vehicle (such as battery voltage, acceleration position, etc.<\/p>\n<p><a href=\"https:\/\/chiptuningmarket.com\/en\/shop\/diagnostic-tools\/obdeleven-diagnostic-devices\/vag-obdeleven-next-generation-pro-v2-bluetooth\/\"><span style=\"color: #0000ff\">VAG OBDeleven Next generation PRO v2 Bluetooth<\/span> <\/a><br \/>\n<a href=\"https:\/\/chiptuningmarket.com\/en\/shop\/diagnostic-tools\/obdeleven-diagnostic-devices\/vag-obdeleven-pro-bluetooth\/\"><span style=\"color: #0000ff\">VAG OBDeleven PRO Bluetooth<\/span> <\/a><\/p>\n<\/div>\n<\/div>\n<\/div>\n<\/div>\n<\/div>\n","protected":false},"excerpt":{"rendered":"<p>Start diagnosing your car with OBDeleven\u2019s NextGen Ultimate Pack!<\/p>\n","protected":false},"featured_media":24384,"template":"","meta":{"_monsterinsights_skip_tracking":false,"_monsterinsights_sitenote_active":false,"_monsterinsights_sitenote_note":"","_monsterinsights_sitenote_category":0},"product_brand":[],"product_cat":[5569,5300,401,5696],"product_tag":[1118,4382],"class_list":{"0":"post-24392","1":"product","2":"type-product","3":"status-publish","4":"has-post-thumbnail","6":"product_cat-diagnostic-tool-car-lcv","7":"product_cat-diagnostic-tools","8":"product_cat-news","9":"product_cat-diagnostic-tools-car-obdeleven","10":"product_tag-bmw","11":"product_tag-obdeleven","13":"first","14":"instock","15":"taxable","16":"shipping-taxable","17":"purchasable","18":"product-type-simple"},"yoast_head":"<!-- This site is optimized with the Yoast SEO plugin v25.2 - https:\/\/yoast.com\/wordpress\/plugins\/seo\/ -->\n<title>VAG OBDEleven Ultimate Pack - Chiptuningmarket<\/title>\n<meta name=\"description\" content=\"VAG OBDEleven ultimate pack pozwala na diagnostyk\u0119 pojazd\u00f3w grupy VAG oraz marki BMW. OBDEleven daje mo\u017cliwo\u015b\u0107 kodowania dodatkowych funkcji.\" \/>\n<meta name=\"robots\" content=\"index, follow, max-snippet:-1, max-image-preview:large, max-video-preview:-1\" \/>\n<link rel=\"canonical\" href=\"https:\/\/chiptuningmarket.com\/en\/shop\/diagnostic-tools\/diagnostic-tool-car-lcv\/diagnostic-tools-car-obdeleven\/vag-obd-eleven-ultimate-pack\/\" \/>\n<meta property=\"og:locale\" content=\"en_US\" \/>\n<meta property=\"og:type\" content=\"article\" \/>\n<meta property=\"og:title\" content=\"VAG OBDEleven Ultimate Pack - Chiptuningmarket\" \/>\n<meta property=\"og:description\" content=\"VAG OBDEleven ultimate pack pozwala na diagnostyk\u0119 pojazd\u00f3w grupy VAG oraz marki BMW. OBDEleven daje mo\u017cliwo\u015b\u0107 kodowania dodatkowych funkcji.\" \/>\n<meta property=\"og:url\" content=\"https:\/\/chiptuningmarket.com\/en\/shop\/diagnostic-tools\/diagnostic-tool-car-lcv\/diagnostic-tools-car-obdeleven\/vag-obd-eleven-ultimate-pack\/\" \/>\n<meta property=\"og:site_name\" content=\"Chiptuningmarket\" \/>\n<meta property=\"article:modified_time\" content=\"2026-02-10T09:37:43+00:00\" \/>\n<meta property=\"og:image\" content=\"https:\/\/chiptuningmarket.com\/wp-content\/uploads\/2023\/02\/ultimate-pack-5.png\" \/>\n\t<meta property=\"og:image:width\" content=\"870\" \/>\n\t<meta property=\"og:image:height\" content=\"1108\" \/>\n\t<meta property=\"og:image:type\" content=\"image\/png\" \/>\n<meta name=\"twitter:card\" content=\"summary_large_image\" \/>\n<meta name=\"twitter:label1\" content=\"Est. reading time\" \/>\n\t<meta name=\"twitter:data1\" content=\"3 minutes\" \/>\n<script type=\"application\/ld+json\" class=\"yoast-schema-graph\">{\"@context\":\"https:\/\/schema.org\",\"@graph\":[{\"@type\":\"WebPage\",\"@id\":\"https:\/\/chiptuningmarket.com\/en\/shop\/diagnostic-tools\/diagnostic-tool-car-lcv\/diagnostic-tools-car-obdeleven\/vag-obd-eleven-ultimate-pack\/\",\"url\":\"https:\/\/chiptuningmarket.com\/en\/shop\/diagnostic-tools\/diagnostic-tool-car-lcv\/diagnostic-tools-car-obdeleven\/vag-obd-eleven-ultimate-pack\/\",\"name\":\"VAG OBDEleven Ultimate Pack - Chiptuningmarket\",\"isPartOf\":{\"@id\":\"https:\/\/chiptuningmarket.com\/en\/#website\"},\"primaryImageOfPage\":{\"@id\":\"https:\/\/chiptuningmarket.com\/en\/shop\/diagnostic-tools\/diagnostic-tool-car-lcv\/diagnostic-tools-car-obdeleven\/vag-obd-eleven-ultimate-pack\/#primaryimage\"},\"image\":{\"@id\":\"https:\/\/chiptuningmarket.com\/en\/shop\/diagnostic-tools\/diagnostic-tool-car-lcv\/diagnostic-tools-car-obdeleven\/vag-obd-eleven-ultimate-pack\/#primaryimage\"},\"thumbnailUrl\":\"https:\/\/chiptuningmarket.com\/wp-content\/uploads\/2023\/02\/ultimate-pack-5.png\",\"datePublished\":\"2023-12-19T09:40:20+00:00\",\"dateModified\":\"2026-02-10T09:37:43+00:00\",\"description\":\"VAG OBDEleven ultimate pack pozwala na diagnostyk\u0119 pojazd\u00f3w grupy VAG oraz marki BMW. OBDEleven daje mo\u017cliwo\u015b\u0107 kodowania dodatkowych funkcji.\",\"breadcrumb\":{\"@id\":\"https:\/\/chiptuningmarket.com\/en\/shop\/diagnostic-tools\/diagnostic-tool-car-lcv\/diagnostic-tools-car-obdeleven\/vag-obd-eleven-ultimate-pack\/#breadcrumb\"},\"inLanguage\":\"en-US\",\"potentialAction\":[{\"@type\":\"ReadAction\",\"target\":[\"https:\/\/chiptuningmarket.com\/en\/shop\/diagnostic-tools\/diagnostic-tool-car-lcv\/diagnostic-tools-car-obdeleven\/vag-obd-eleven-ultimate-pack\/\"]}]},{\"@type\":\"ImageObject\",\"inLanguage\":\"en-US\",\"@id\":\"https:\/\/chiptuningmarket.com\/en\/shop\/diagnostic-tools\/diagnostic-tool-car-lcv\/diagnostic-tools-car-obdeleven\/vag-obd-eleven-ultimate-pack\/#primaryimage\",\"url\":\"https:\/\/chiptuningmarket.com\/wp-content\/uploads\/2023\/02\/ultimate-pack-5.png\",\"contentUrl\":\"https:\/\/chiptuningmarket.com\/wp-content\/uploads\/2023\/02\/ultimate-pack-5.png\",\"width\":870,\"height\":1108},{\"@type\":\"BreadcrumbList\",\"@id\":\"https:\/\/chiptuningmarket.com\/en\/shop\/diagnostic-tools\/diagnostic-tool-car-lcv\/diagnostic-tools-car-obdeleven\/vag-obd-eleven-ultimate-pack\/#breadcrumb\",\"itemListElement\":[{\"@type\":\"ListItem\",\"position\":1,\"name\":\"Home\",\"item\":\"https:\/\/chiptuningmarket.com\/en\/\"},{\"@type\":\"ListItem\",\"position\":2,\"name\":\"Shop\",\"item\":\"https:\/\/chiptuningmarket.com\/en\/shop\/\"},{\"@type\":\"ListItem\",\"position\":3,\"name\":\"VAG OBDEleven Ultimate Pack\"}]},{\"@type\":\"WebSite\",\"@id\":\"https:\/\/chiptuningmarket.com\/en\/#website\",\"url\":\"https:\/\/chiptuningmarket.com\/en\/\",\"name\":\"Chiptuningmarket\",\"description\":\"Biggest chiptuning shop in Europe\",\"publisher\":{\"@id\":\"https:\/\/chiptuningmarket.com\/en\/#organization\"},\"alternateName\":\"Worldwide ecu tools supplier\",\"potentialAction\":[{\"@type\":\"SearchAction\",\"target\":{\"@type\":\"EntryPoint\",\"urlTemplate\":\"https:\/\/chiptuningmarket.com\/en\/?s={search_term_string}\"},\"query-input\":{\"@type\":\"PropertyValueSpecification\",\"valueRequired\":true,\"valueName\":\"search_term_string\"}}],\"inLanguage\":\"en-US\"},{\"@type\":\"Organization\",\"@id\":\"https:\/\/chiptuningmarket.com\/en\/#organization\",\"name\":\"Chiptuningmarket\",\"alternateName\":\"Chiptuning tools supplier\",\"url\":\"https:\/\/chiptuningmarket.com\/en\/\",\"logo\":{\"@type\":\"ImageObject\",\"inLanguage\":\"en-US\",\"@id\":\"https:\/\/chiptuningmarket.com\/en\/#\/schema\/logo\/image\/\",\"url\":\"https:\/\/chiptuningmarket.com\/wp-content\/uploads\/2023\/05\/logo-ChipTuningMarket-social.png\",\"contentUrl\":\"https:\/\/chiptuningmarket.com\/wp-content\/uploads\/2023\/05\/logo-ChipTuningMarket-social.png\",\"width\":512,\"height\":512,\"caption\":\"Chiptuningmarket\"},\"image\":{\"@id\":\"https:\/\/chiptuningmarket.com\/en\/#\/schema\/logo\/image\/\"}}]}<\/script>\n<!-- \/ Yoast SEO plugin. -->","yoast_head_json":{"title":"VAG OBDEleven Ultimate Pack - Chiptuningmarket","description":"VAG OBDEleven ultimate pack pozwala na diagnostyk\u0119 pojazd\u00f3w grupy VAG oraz marki BMW. OBDEleven daje mo\u017cliwo\u015b\u0107 kodowania dodatkowych funkcji.","robots":{"index":"index","follow":"follow","max-snippet":"max-snippet:-1","max-image-preview":"max-image-preview:large","max-video-preview":"max-video-preview:-1"},"canonical":"https:\/\/chiptuningmarket.com\/en\/shop\/diagnostic-tools\/diagnostic-tool-car-lcv\/diagnostic-tools-car-obdeleven\/vag-obd-eleven-ultimate-pack\/","og_locale":"en_US","og_type":"article","og_title":"VAG OBDEleven Ultimate Pack - Chiptuningmarket","og_description":"VAG OBDEleven ultimate pack pozwala na diagnostyk\u0119 pojazd\u00f3w grupy VAG oraz marki BMW. OBDEleven daje mo\u017cliwo\u015b\u0107 kodowania dodatkowych funkcji.","og_url":"https:\/\/chiptuningmarket.com\/en\/shop\/diagnostic-tools\/diagnostic-tool-car-lcv\/diagnostic-tools-car-obdeleven\/vag-obd-eleven-ultimate-pack\/","og_site_name":"Chiptuningmarket","article_modified_time":"2026-02-10T09:37:43+00:00","og_image":[{"width":870,"height":1108,"url":"https:\/\/chiptuningmarket.com\/wp-content\/uploads\/2023\/02\/ultimate-pack-5.png","type":"image\/png"}],"twitter_card":"summary_large_image","twitter_misc":{"Est. reading time":"3 minutes"},"schema":{"@context":"https:\/\/schema.org","@graph":[{"@type":"WebPage","@id":"https:\/\/chiptuningmarket.com\/en\/shop\/diagnostic-tools\/diagnostic-tool-car-lcv\/diagnostic-tools-car-obdeleven\/vag-obd-eleven-ultimate-pack\/","url":"https:\/\/chiptuningmarket.com\/en\/shop\/diagnostic-tools\/diagnostic-tool-car-lcv\/diagnostic-tools-car-obdeleven\/vag-obd-eleven-ultimate-pack\/","name":"VAG OBDEleven Ultimate Pack - Chiptuningmarket","isPartOf":{"@id":"https:\/\/chiptuningmarket.com\/en\/#website"},"primaryImageOfPage":{"@id":"https:\/\/chiptuningmarket.com\/en\/shop\/diagnostic-tools\/diagnostic-tool-car-lcv\/diagnostic-tools-car-obdeleven\/vag-obd-eleven-ultimate-pack\/#primaryimage"},"image":{"@id":"https:\/\/chiptuningmarket.com\/en\/shop\/diagnostic-tools\/diagnostic-tool-car-lcv\/diagnostic-tools-car-obdeleven\/vag-obd-eleven-ultimate-pack\/#primaryimage"},"thumbnailUrl":"https:\/\/chiptuningmarket.com\/wp-content\/uploads\/2023\/02\/ultimate-pack-5.png","datePublished":"2023-12-19T09:40:20+00:00","dateModified":"2026-02-10T09:37:43+00:00","description":"VAG OBDEleven ultimate pack pozwala na diagnostyk\u0119 pojazd\u00f3w grupy VAG oraz marki BMW. OBDEleven daje mo\u017cliwo\u015b\u0107 kodowania dodatkowych funkcji.","breadcrumb":{"@id":"https:\/\/chiptuningmarket.com\/en\/shop\/diagnostic-tools\/diagnostic-tool-car-lcv\/diagnostic-tools-car-obdeleven\/vag-obd-eleven-ultimate-pack\/#breadcrumb"},"inLanguage":"en-US","potentialAction":[{"@type":"ReadAction","target":["https:\/\/chiptuningmarket.com\/en\/shop\/diagnostic-tools\/diagnostic-tool-car-lcv\/diagnostic-tools-car-obdeleven\/vag-obd-eleven-ultimate-pack\/"]}]},{"@type":"ImageObject","inLanguage":"en-US","@id":"https:\/\/chiptuningmarket.com\/en\/shop\/diagnostic-tools\/diagnostic-tool-car-lcv\/diagnostic-tools-car-obdeleven\/vag-obd-eleven-ultimate-pack\/#primaryimage","url":"https:\/\/chiptuningmarket.com\/wp-content\/uploads\/2023\/02\/ultimate-pack-5.png","contentUrl":"https:\/\/chiptuningmarket.com\/wp-content\/uploads\/2023\/02\/ultimate-pack-5.png","width":870,"height":1108},{"@type":"BreadcrumbList","@id":"https:\/\/chiptuningmarket.com\/en\/shop\/diagnostic-tools\/diagnostic-tool-car-lcv\/diagnostic-tools-car-obdeleven\/vag-obd-eleven-ultimate-pack\/#breadcrumb","itemListElement":[{"@type":"ListItem","position":1,"name":"Home","item":"https:\/\/chiptuningmarket.com\/en\/"},{"@type":"ListItem","position":2,"name":"Shop","item":"https:\/\/chiptuningmarket.com\/en\/shop\/"},{"@type":"ListItem","position":3,"name":"VAG OBDEleven Ultimate Pack"}]},{"@type":"WebSite","@id":"https:\/\/chiptuningmarket.com\/en\/#website","url":"https:\/\/chiptuningmarket.com\/en\/","name":"Chiptuningmarket","description":"Biggest chiptuning shop in Europe","publisher":{"@id":"https:\/\/chiptuningmarket.com\/en\/#organization"},"alternateName":"Worldwide ecu tools supplier","potentialAction":[{"@type":"SearchAction","target":{"@type":"EntryPoint","urlTemplate":"https:\/\/chiptuningmarket.com\/en\/?s={search_term_string}"},"query-input":{"@type":"PropertyValueSpecification","valueRequired":true,"valueName":"search_term_string"}}],"inLanguage":"en-US"},{"@type":"Organization","@id":"https:\/\/chiptuningmarket.com\/en\/#organization","name":"Chiptuningmarket","alternateName":"Chiptuning tools supplier","url":"https:\/\/chiptuningmarket.com\/en\/","logo":{"@type":"ImageObject","inLanguage":"en-US","@id":"https:\/\/chiptuningmarket.com\/en\/#\/schema\/logo\/image\/","url":"https:\/\/chiptuningmarket.com\/wp-content\/uploads\/2023\/05\/logo-ChipTuningMarket-social.png","contentUrl":"https:\/\/chiptuningmarket.com\/wp-content\/uploads\/2023\/05\/logo-ChipTuningMarket-social.png","width":512,"height":512,"caption":"Chiptuningmarket"},"image":{"@id":"https:\/\/chiptuningmarket.com\/en\/#\/schema\/logo\/image\/"}}]}},"_links":{"self":[{"href":"https:\/\/chiptuningmarket.com\/en\/wp-json\/wp\/v2\/product\/24392","targetHints":{"allow":["GET"]}}],"collection":[{"href":"https:\/\/chiptuningmarket.com\/en\/wp-json\/wp\/v2\/product"}],"about":[{"href":"https:\/\/chiptuningmarket.com\/en\/wp-json\/wp\/v2\/types\/product"}],"wp:featuredmedia":[{"embeddable":true,"href":"https:\/\/chiptuningmarket.com\/en\/wp-json\/wp\/v2\/media\/24384"}],"wp:attachment":[{"href":"https:\/\/chiptuningmarket.com\/en\/wp-json\/wp\/v2\/media?parent=24392"}],"wp:term":[{"taxonomy":"product_brand","embeddable":true,"href":"https:\/\/chiptuningmarket.com\/en\/wp-json\/wp\/v2\/product_brand?post=24392"},{"taxonomy":"product_cat","embeddable":true,"href":"https:\/\/chiptuningmarket.com\/en\/wp-json\/wp\/v2\/product_cat?post=24392"},{"taxonomy":"product_tag","embeddable":true,"href":"https:\/\/chiptuningmarket.com\/en\/wp-json\/wp\/v2\/product_tag?post=24392"}],"curies":[{"name":"wp","href":"https:\/\/api.w.org\/{rel}","templated":true}]}}