{"id":274725,"date":"2025-11-03T14:10:25","date_gmt":"2025-11-03T13:10:25","guid":{"rendered":"https:\/\/chiptuningmarket.com\/?post_type=product&#038;p=274725"},"modified":"2026-04-16T13:32:17","modified_gmt":"2026-04-16T12:32:17","slug":"hp-tuners-mpvi4","status":"publish","type":"product","link":"https:\/\/chiptuningmarket.com\/en\/shop\/rogrammers\/programmers-chiptuning\/hp-tuners\/hp-tuners-mpvi4\/","title":{"rendered":"HP Tuners MPVI4"},"content":{"rendered":"<article class=\"text-token-text-primary w-full focus:outline-none [--shadow-height:45px] has-data-writing-block:pointer-events-none has-data-writing-block:-mt-(--shadow-height) has-data-writing-block:pt-(--shadow-height) [&amp;:has([data-writing-block])&gt;*]:pointer-events-auto [content-visibility:auto] supports-[content-visibility:auto]:[contain-intrinsic-size:auto_100lvh] scroll-mt-[calc(var(--header-height)+min(200px,max(70px,20svh)))]\" dir=\"auto\" data-turn-id=\"d673c347-9688-432b-acb7-8d4dda2dd4b5\" data-testid=\"conversation-turn-2\" data-scroll-anchor=\"true\" data-turn=\"assistant\">\n<div class=\"text-base my-auto mx-auto pb-10 [--thread-content-margin:--spacing(4)] thread-sm:[--thread-content-margin:--spacing(6)] thread-lg:[--thread-content-margin:--spacing(16)] px-(--thread-content-margin)\">\n<div class=\"[--thread-content-max-width:40rem] thread-lg:[--thread-content-max-width:48rem] mx-auto max-w-(--thread-content-max-width) flex-1 group\/turn-messages focus-visible:outline-hidden relative flex w-full min-w-0 flex-col agent-turn\">\n<div class=\"flex max-w-full flex-col grow\">\n<div class=\"min-h-8 text-message relative flex w-full flex-col items-end gap-2 text-start break-words whitespace-normal [.text-message+&amp;]:mt-1\" dir=\"auto\" data-message-author-role=\"assistant\" data-message-id=\"c155fdd3-934f-4f0f-bd06-832b33c926a2\" data-message-model-slug=\"gpt-5\">\n<div class=\"flex w-full flex-col gap-1 empty:hidden first:pt-[1px]\">\n<div class=\"markdown prose dark:prose-invert w-full break-words light markdown-new-styling\">\n<h2 style=\"text-align: center\" data-start=\"0\" data-end=\"51\">MPVI4 \u2013 The new generation of tuning from HP Tuners<\/h2>\n<\/div>\n<\/div>\n<\/div>\n<\/div>\n<\/div>\n<\/div>\n<\/article>\n<h2 style=\"text-align: center\" data-start=\"149\" data-end=\"202\"><strong data-start=\"153\" data-end=\"200\"><a href=\"https:\/\/chiptuningmarket.com\/wp-content\/uploads\/2025\/11\/HP-Tuners-MPVI4-4-scaled.jpg\"><img decoding=\"async\" class=\"aligncenter wp-image-274706\" src=\"https:\/\/chiptuningmarket.com\/wp-content\/uploads\/2025\/11\/HP-Tuners-MPVI4-4-scaled.jpg\" alt=\"\" width=\"1334\" height=\"511\" srcset=\"https:\/\/chiptuningmarket.com\/wp-content\/uploads\/2025\/11\/HP-Tuners-MPVI4-4-scaled.jpg 2560w, https:\/\/chiptuningmarket.com\/wp-content\/uploads\/2025\/11\/HP-Tuners-MPVI4-4-300x115.jpg 300w, https:\/\/chiptuningmarket.com\/wp-content\/uploads\/2025\/11\/HP-Tuners-MPVI4-4-1024x393.jpg 1024w, https:\/\/chiptuningmarket.com\/wp-content\/uploads\/2025\/11\/HP-Tuners-MPVI4-4-768x294.jpg 768w, https:\/\/chiptuningmarket.com\/wp-content\/uploads\/2025\/11\/HP-Tuners-MPVI4-4-1536x589.jpg 1536w, https:\/\/chiptuningmarket.com\/wp-content\/uploads\/2025\/11\/HP-Tuners-MPVI4-4-2048x785.jpg 2048w, https:\/\/chiptuningmarket.com\/wp-content\/uploads\/2025\/11\/HP-Tuners-MPVI4-4-600x230.jpg 600w\" sizes=\"(max-width: 1334px) 100vw, 1334px\" \/><\/a><br \/>\n<\/strong><\/h2>\n<p data-start=\"0\" data-end=\"44\"><strong data-start=\"0\" data-end=\"42\">Faster Data Transfer Speeds with Wi-Fi<\/strong><\/p>\n<p data-start=\"46\" data-end=\"456\">The <strong data-start=\"50\" data-end=\"59\">MPVI4<\/strong> is the latest diagnostic and tuning interface from <strong data-start=\"111\" data-end=\"124\">HP Tuners<\/strong>, designed for automotive enthusiasts, tuners, and professionals. It enables fast scanning, diagnostics, and advanced tuning for nearly any vehicle \u2014 from muscle cars and sports cars to trucks and daily drivers. Thanks to its modern hardware architecture, the MPVI4 delivers unmatched performance and readiness for future updates.<\/p>\n<hr data-start=\"458\" data-end=\"461\" \/>\n<h3 data-start=\"463\" data-end=\"483\"><strong data-start=\"467\" data-end=\"483\">Key Features<\/strong><\/h3>\n<h4 data-start=\"485\" data-end=\"516\"><strong data-start=\"490\" data-end=\"516\">1. Vehicle Diagnostics<\/strong><\/h4>\n<ul>\n<li data-start=\"519\" data-end=\"574\">Read and write data from the ECU (vehicle\u2019s computer)<\/li>\n<li data-start=\"577\" data-end=\"664\">Quickly scan for errors and monitor engine, transmission, and other system parameters<\/li>\n<li data-start=\"667\" data-end=\"710\">View live data in real time while driving<\/li>\n<\/ul>\n<h4 data-start=\"712\" data-end=\"748\"><strong data-start=\"717\" data-end=\"748\">2. Tuning and Modifications<\/strong><\/h4>\n<ul>\n<li data-start=\"751\" data-end=\"803\">Modify engine and other electronic system settings<\/li>\n<li data-start=\"806\" data-end=\"869\">Adjust fuel, ignition, turbo boost, and many other parameters<\/li>\n<li data-start=\"872\" data-end=\"954\">Supports thousands of vehicle makes and models, including muscle and sports cars<\/li>\n<\/ul>\n<h4 data-start=\"956\" data-end=\"1007\"><strong data-start=\"961\" data-end=\"1007\">3. Data Logging and Analysis (Datalogging)<\/strong><\/h4>\n<ul>\n<li data-start=\"1010\" data-end=\"1039\">Record high-resolution data<\/li>\n<li data-start=\"1042\" data-end=\"1104\">Analyze and optimize vehicle settings after driving sessions<\/li>\n<li data-start=\"1107\" data-end=\"1179\">Wired (USB) and wireless (Wi-Fi\/Bluetooth \u2013 after update) connectivity<\/li>\n<\/ul>\n<h4 data-start=\"1181\" data-end=\"1222\"><strong data-start=\"1186\" data-end=\"1222\">4. Compatibility and Versatility<\/strong><\/h4>\n<ul>\n<li data-start=\"1225\" data-end=\"1271\">One interface for multiple vehicles and ECUs<\/li>\n<li data-start=\"1274\" data-end=\"1341\">Replaces several diagnostic and tuning tools with a single device<\/li>\n<li data-start=\"1344\" data-end=\"1446\">Selected controllers, such as <strong data-start=\"1374\" data-end=\"1388\">Ford EEC-V<\/strong> and <strong data-start=\"1393\" data-end=\"1407\">Mopar JTEC<\/strong>, will be supported in future updates<\/li>\n<\/ul>\n<hr data-start=\"1448\" data-end=\"1451\" \/>\n<h3 data-start=\"1453\" data-end=\"1478\"><strong data-start=\"1457\" data-end=\"1478\">Why Choose MPVI4?<\/strong><\/h3>\n<ul>\n<li data-start=\"1481\" data-end=\"1567\"><strong data-start=\"1481\" data-end=\"1507\">Fast data transmission<\/strong> \u2013 higher wireless speed, comparable to a wired connection<\/li>\n<li data-start=\"1570\" data-end=\"1647\"><strong data-start=\"1570\" data-end=\"1602\">Modern hardware architecture<\/strong> \u2013 dual-core 1.7 GHz processor and 1 GB RAM<\/li>\n<li data-start=\"1650\" data-end=\"1727\"><strong data-start=\"1650\" data-end=\"1666\">Future-ready<\/strong> \u2013 expandable memory bandwidth and new features via updates<\/li>\n<li data-start=\"1730\" data-end=\"1816\"><strong data-start=\"1730\" data-end=\"1757\">Secure OBDII connection<\/strong> \u2013 conical connector for stronger and more stable contact<\/li>\n<\/ul>\n<hr data-start=\"1818\" data-end=\"1821\" \/>\n<h3 data-start=\"1823\" data-end=\"1855\"><strong data-start=\"1827\" data-end=\"1855\">Technical Specifications<\/strong><\/h3>\n<ul>\n<li data-start=\"1858\" data-end=\"1887\">Dual-core 1.7 GHz processor<\/li>\n<li data-start=\"1890\" data-end=\"1900\">1 GB RAM<\/li>\n<li data-start=\"1903\" data-end=\"1918\">Bluetooth 5.2<\/li>\n<li data-start=\"1921\" data-end=\"1974\">Wi-Fi 802.11 a\/b\/g\/n (up to 150 Mbps, after update)<\/li>\n<li data-start=\"1977\" data-end=\"2014\">Three multicolor RGB indicator LEDs<\/li>\n<li data-start=\"2017\" data-end=\"2070\">Compatible with <strong data-start=\"2033\" data-end=\"2051\">VCM Suite 5.2+<\/strong> and <strong data-start=\"2056\" data-end=\"2068\">PROLINK+<\/strong><\/li>\n<\/ul>\n<hr data-start=\"2072\" data-end=\"2075\" \/>\n<h3 data-start=\"2077\" data-end=\"2101\"><strong data-start=\"2081\" data-end=\"2101\">Package Contents<\/strong><\/h3>\n<ul>\n<li data-start=\"2104\" data-end=\"2121\">MPVI4 interface<\/li>\n<li data-start=\"2124\" data-end=\"2137\">USB-C cable<\/li>\n<li data-start=\"2140\" data-end=\"2159\">Quick start guide<\/li>\n<\/ul>\n<hr data-start=\"2161\" data-end=\"2164\" \/>\n<h3 data-start=\"2166\" data-end=\"2181\"><strong data-start=\"2170\" data-end=\"2181\">Summary<\/strong><\/h3>\n<p data-start=\"2182\" data-end=\"2435\">The <strong data-start=\"2186\" data-end=\"2195\">MPVI4<\/strong> is a single device that lets you scan, diagnose, and fine-tune almost any vehicle. Whether you\u2019re building a machine for the track, trail, water, or street, the MPVI4 gives you full control over your vehicle\u2019s parameters and performance.<\/p>\n<p data-start=\"2437\" data-end=\"2485\" data-is-last-node=\"\" data-is-only-node=\"\"><strong data-start=\"2437\" data-end=\"2485\" data-is-last-node=\"\">MPVI4 \u2013 One device. Unlimited possibilities.<\/strong><\/p>\n","protected":false},"excerpt":{"rendered":"<p>The <strong data-start=\"4\" data-end=\"13\">MPVI4<\/strong> from <strong data-start=\"19\" data-end=\"32\">HP Tuners<\/strong> is an advanced diagnostic and tuning interface for sports cars, muscle cars, trucks, and daily drivers. It allows reading and modifying ECU parameters, real-time data logging, and vehicle performance optimization. With support for <strong data-start=\"264\" data-end=\"273\">OBDII<\/strong>, <strong data-start=\"275\" data-end=\"284\">Wi-Fi<\/strong>, and <strong data-start=\"290\" data-end=\"303\">Bluetooth<\/strong>, the MPVI4 enables quick error diagnostics, engine monitoring, and customized tuning adjustments. Compatible with thousands of models and hundreds of controllers, the MPVI4 is an indispensable tool for tuning enthusiasts and professionals alike.<\/p>\n","protected":false},"featured_media":274703,"template":"","meta":{"_monsterinsights_skip_tracking":false,"_monsterinsights_sitenote_active":false,"_monsterinsights_sitenote_note":"","_monsterinsights_sitenote_category":0},"product_brand":[],"product_cat":[5304,5527],"product_tag":[],"class_list":{"0":"post-274725","1":"product","2":"type-product","3":"status-publish","4":"has-post-thumbnail","6":"product_cat-rogrammers","7":"product_cat-hp-tuners","9":"first","10":"instock","11":"taxable","12":"shipping-taxable","13":"purchasable","14":"product-type-simple"},"yoast_head":"<!-- This site is optimized with the Yoast SEO plugin v25.2 - https:\/\/yoast.com\/wordpress\/plugins\/seo\/ -->\n<title>HP Tuners MPVI4 - Chiptuningmarket<\/title>\n<meta name=\"description\" content=\"MPVI4 od HP Tuners to zaawansowany interfejs diagnostyczny i tuningowy dla samochod\u00f3w sportowych, muscle car\u00f3w, ci\u0119\u017car\u00f3wek i aut codziennego u\u017cytku. Umo\u017cliwia odczyt i modyfikacj\u0119 parametr\u00f3w ECU, rejestrowanie danych w czasie rzeczywistym (datalogging) oraz optymalizacj\u0119 osi\u0105g\u00f3w pojazdu. Dzi\u0119ki obs\u0142udze OBDII, Wi-Fi i Bluetooth MPVI4 pozwala szybko diagnozowa\u0107 b\u0142\u0119dy, monitorowa\u0107 prac\u0119 silnika i dostosowywa\u0107 ustawienia do indywidualnych potrzeb. Kompatybilny z tysi\u0105cami modeli i setkami kontroler\u00f3w, MPVI4 jest niezast\u0105pionym narz\u0119dziem dla pasjonat\u00f3w tuningu i profesjonalist\u00f3w.\" \/>\n<meta name=\"robots\" content=\"index, follow, max-snippet:-1, max-image-preview:large, max-video-preview:-1\" \/>\n<link rel=\"canonical\" href=\"https:\/\/chiptuningmarket.com\/en\/shop\/rogrammers\/programmers-chiptuning\/hp-tuners\/hp-tuners-mpvi4\/\" \/>\n<meta property=\"og:locale\" content=\"en_US\" \/>\n<meta property=\"og:type\" content=\"article\" \/>\n<meta property=\"og:title\" content=\"HP Tuners MPVI4 - Chiptuningmarket\" \/>\n<meta property=\"og:description\" content=\"MPVI4 od HP Tuners to zaawansowany interfejs diagnostyczny i tuningowy dla samochod\u00f3w sportowych, muscle car\u00f3w, ci\u0119\u017car\u00f3wek i aut codziennego u\u017cytku. Umo\u017cliwia odczyt i modyfikacj\u0119 parametr\u00f3w ECU, rejestrowanie danych w czasie rzeczywistym (datalogging) oraz optymalizacj\u0119 osi\u0105g\u00f3w pojazdu. Dzi\u0119ki obs\u0142udze OBDII, Wi-Fi i Bluetooth MPVI4 pozwala szybko diagnozowa\u0107 b\u0142\u0119dy, monitorowa\u0107 prac\u0119 silnika i dostosowywa\u0107 ustawienia do indywidualnych potrzeb. Kompatybilny z tysi\u0105cami modeli i setkami kontroler\u00f3w, MPVI4 jest niezast\u0105pionym narz\u0119dziem dla pasjonat\u00f3w tuningu i profesjonalist\u00f3w.\" \/>\n<meta property=\"og:url\" content=\"https:\/\/chiptuningmarket.com\/en\/shop\/rogrammers\/programmers-chiptuning\/hp-tuners\/hp-tuners-mpvi4\/\" \/>\n<meta property=\"og:site_name\" content=\"Chiptuningmarket\" \/>\n<meta property=\"article:modified_time\" content=\"2026-04-16T12:32:17+00:00\" \/>\n<meta property=\"og:image\" content=\"https:\/\/chiptuningmarket.com\/wp-content\/uploads\/2025\/11\/HP-Tuners-MPVI4-3.png\" \/>\n\t<meta property=\"og:image:width\" content=\"800\" \/>\n\t<meta property=\"og:image:height\" content=\"330\" \/>\n\t<meta property=\"og:image:type\" content=\"image\/png\" \/>\n<meta name=\"twitter:card\" content=\"summary_large_image\" \/>\n<meta name=\"twitter:label1\" content=\"Est. reading time\" \/>\n\t<meta name=\"twitter:data1\" content=\"2 minutes\" \/>\n<script type=\"application\/ld+json\" class=\"yoast-schema-graph\">{\"@context\":\"https:\/\/schema.org\",\"@graph\":[{\"@type\":\"WebPage\",\"@id\":\"https:\/\/chiptuningmarket.com\/en\/shop\/rogrammers\/programmers-chiptuning\/hp-tuners\/hp-tuners-mpvi4\/\",\"url\":\"https:\/\/chiptuningmarket.com\/en\/shop\/rogrammers\/programmers-chiptuning\/hp-tuners\/hp-tuners-mpvi4\/\",\"name\":\"HP Tuners MPVI4 - Chiptuningmarket\",\"isPartOf\":{\"@id\":\"https:\/\/chiptuningmarket.com\/en\/#website\"},\"primaryImageOfPage\":{\"@id\":\"https:\/\/chiptuningmarket.com\/en\/shop\/rogrammers\/programmers-chiptuning\/hp-tuners\/hp-tuners-mpvi4\/#primaryimage\"},\"image\":{\"@id\":\"https:\/\/chiptuningmarket.com\/en\/shop\/rogrammers\/programmers-chiptuning\/hp-tuners\/hp-tuners-mpvi4\/#primaryimage\"},\"thumbnailUrl\":\"https:\/\/chiptuningmarket.com\/wp-content\/uploads\/2025\/11\/HP-Tuners-MPVI4-3.png\",\"datePublished\":\"2025-11-03T13:10:25+00:00\",\"dateModified\":\"2026-04-16T12:32:17+00:00\",\"description\":\"MPVI4 od HP Tuners to zaawansowany interfejs diagnostyczny i tuningowy dla samochod\u00f3w sportowych, muscle car\u00f3w, ci\u0119\u017car\u00f3wek i aut codziennego u\u017cytku. Umo\u017cliwia odczyt i modyfikacj\u0119 parametr\u00f3w ECU, rejestrowanie danych w czasie rzeczywistym (datalogging) oraz optymalizacj\u0119 osi\u0105g\u00f3w pojazdu. Dzi\u0119ki obs\u0142udze OBDII, Wi-Fi i Bluetooth MPVI4 pozwala szybko diagnozowa\u0107 b\u0142\u0119dy, monitorowa\u0107 prac\u0119 silnika i dostosowywa\u0107 ustawienia do indywidualnych potrzeb. Kompatybilny z tysi\u0105cami modeli i setkami kontroler\u00f3w, MPVI4 jest niezast\u0105pionym narz\u0119dziem dla pasjonat\u00f3w tuningu i profesjonalist\u00f3w.\",\"breadcrumb\":{\"@id\":\"https:\/\/chiptuningmarket.com\/en\/shop\/rogrammers\/programmers-chiptuning\/hp-tuners\/hp-tuners-mpvi4\/#breadcrumb\"},\"inLanguage\":\"en-US\",\"potentialAction\":[{\"@type\":\"ReadAction\",\"target\":[\"https:\/\/chiptuningmarket.com\/en\/shop\/rogrammers\/programmers-chiptuning\/hp-tuners\/hp-tuners-mpvi4\/\"]}]},{\"@type\":\"ImageObject\",\"inLanguage\":\"en-US\",\"@id\":\"https:\/\/chiptuningmarket.com\/en\/shop\/rogrammers\/programmers-chiptuning\/hp-tuners\/hp-tuners-mpvi4\/#primaryimage\",\"url\":\"https:\/\/chiptuningmarket.com\/wp-content\/uploads\/2025\/11\/HP-Tuners-MPVI4-3.png\",\"contentUrl\":\"https:\/\/chiptuningmarket.com\/wp-content\/uploads\/2025\/11\/HP-Tuners-MPVI4-3.png\",\"width\":800,\"height\":330},{\"@type\":\"BreadcrumbList\",\"@id\":\"https:\/\/chiptuningmarket.com\/en\/shop\/rogrammers\/programmers-chiptuning\/hp-tuners\/hp-tuners-mpvi4\/#breadcrumb\",\"itemListElement\":[{\"@type\":\"ListItem\",\"position\":1,\"name\":\"Home\",\"item\":\"https:\/\/chiptuningmarket.com\/en\/\"},{\"@type\":\"ListItem\",\"position\":2,\"name\":\"Shop\",\"item\":\"https:\/\/chiptuningmarket.com\/en\/shop\/\"},{\"@type\":\"ListItem\",\"position\":3,\"name\":\"HP Tuners MPVI4\"}]},{\"@type\":\"WebSite\",\"@id\":\"https:\/\/chiptuningmarket.com\/en\/#website\",\"url\":\"https:\/\/chiptuningmarket.com\/en\/\",\"name\":\"Chiptuningmarket\",\"description\":\"Biggest chiptuning shop in Europe\",\"publisher\":{\"@id\":\"https:\/\/chiptuningmarket.com\/en\/#organization\"},\"alternateName\":\"Worldwide ecu tools supplier\",\"potentialAction\":[{\"@type\":\"SearchAction\",\"target\":{\"@type\":\"EntryPoint\",\"urlTemplate\":\"https:\/\/chiptuningmarket.com\/en\/?s={search_term_string}\"},\"query-input\":{\"@type\":\"PropertyValueSpecification\",\"valueRequired\":true,\"valueName\":\"search_term_string\"}}],\"inLanguage\":\"en-US\"},{\"@type\":\"Organization\",\"@id\":\"https:\/\/chiptuningmarket.com\/en\/#organization\",\"name\":\"Chiptuningmarket\",\"alternateName\":\"Chiptuning tools supplier\",\"url\":\"https:\/\/chiptuningmarket.com\/en\/\",\"logo\":{\"@type\":\"ImageObject\",\"inLanguage\":\"en-US\",\"@id\":\"https:\/\/chiptuningmarket.com\/en\/#\/schema\/logo\/image\/\",\"url\":\"https:\/\/chiptuningmarket.com\/wp-content\/uploads\/2023\/05\/logo-ChipTuningMarket-social.png\",\"contentUrl\":\"https:\/\/chiptuningmarket.com\/wp-content\/uploads\/2023\/05\/logo-ChipTuningMarket-social.png\",\"width\":512,\"height\":512,\"caption\":\"Chiptuningmarket\"},\"image\":{\"@id\":\"https:\/\/chiptuningmarket.com\/en\/#\/schema\/logo\/image\/\"}}]}<\/script>\n<!-- \/ Yoast SEO plugin. -->","yoast_head_json":{"title":"HP Tuners MPVI4 - Chiptuningmarket","description":"MPVI4 od HP Tuners to zaawansowany interfejs diagnostyczny i tuningowy dla samochod\u00f3w sportowych, muscle car\u00f3w, ci\u0119\u017car\u00f3wek i aut codziennego u\u017cytku. Umo\u017cliwia odczyt i modyfikacj\u0119 parametr\u00f3w ECU, rejestrowanie danych w czasie rzeczywistym (datalogging) oraz optymalizacj\u0119 osi\u0105g\u00f3w pojazdu. Dzi\u0119ki obs\u0142udze OBDII, Wi-Fi i Bluetooth MPVI4 pozwala szybko diagnozowa\u0107 b\u0142\u0119dy, monitorowa\u0107 prac\u0119 silnika i dostosowywa\u0107 ustawienia do indywidualnych potrzeb. Kompatybilny z tysi\u0105cami modeli i setkami kontroler\u00f3w, MPVI4 jest niezast\u0105pionym narz\u0119dziem dla pasjonat\u00f3w tuningu i profesjonalist\u00f3w.","robots":{"index":"index","follow":"follow","max-snippet":"max-snippet:-1","max-image-preview":"max-image-preview:large","max-video-preview":"max-video-preview:-1"},"canonical":"https:\/\/chiptuningmarket.com\/en\/shop\/rogrammers\/programmers-chiptuning\/hp-tuners\/hp-tuners-mpvi4\/","og_locale":"en_US","og_type":"article","og_title":"HP Tuners MPVI4 - Chiptuningmarket","og_description":"MPVI4 od HP Tuners to zaawansowany interfejs diagnostyczny i tuningowy dla samochod\u00f3w sportowych, muscle car\u00f3w, ci\u0119\u017car\u00f3wek i aut codziennego u\u017cytku. Umo\u017cliwia odczyt i modyfikacj\u0119 parametr\u00f3w ECU, rejestrowanie danych w czasie rzeczywistym (datalogging) oraz optymalizacj\u0119 osi\u0105g\u00f3w pojazdu. Dzi\u0119ki obs\u0142udze OBDII, Wi-Fi i Bluetooth MPVI4 pozwala szybko diagnozowa\u0107 b\u0142\u0119dy, monitorowa\u0107 prac\u0119 silnika i dostosowywa\u0107 ustawienia do indywidualnych potrzeb. Kompatybilny z tysi\u0105cami modeli i setkami kontroler\u00f3w, MPVI4 jest niezast\u0105pionym narz\u0119dziem dla pasjonat\u00f3w tuningu i profesjonalist\u00f3w.","og_url":"https:\/\/chiptuningmarket.com\/en\/shop\/rogrammers\/programmers-chiptuning\/hp-tuners\/hp-tuners-mpvi4\/","og_site_name":"Chiptuningmarket","article_modified_time":"2026-04-16T12:32:17+00:00","og_image":[{"width":800,"height":330,"url":"https:\/\/chiptuningmarket.com\/wp-content\/uploads\/2025\/11\/HP-Tuners-MPVI4-3.png","type":"image\/png"}],"twitter_card":"summary_large_image","twitter_misc":{"Est. reading time":"2 minutes"},"schema":{"@context":"https:\/\/schema.org","@graph":[{"@type":"WebPage","@id":"https:\/\/chiptuningmarket.com\/en\/shop\/rogrammers\/programmers-chiptuning\/hp-tuners\/hp-tuners-mpvi4\/","url":"https:\/\/chiptuningmarket.com\/en\/shop\/rogrammers\/programmers-chiptuning\/hp-tuners\/hp-tuners-mpvi4\/","name":"HP Tuners MPVI4 - Chiptuningmarket","isPartOf":{"@id":"https:\/\/chiptuningmarket.com\/en\/#website"},"primaryImageOfPage":{"@id":"https:\/\/chiptuningmarket.com\/en\/shop\/rogrammers\/programmers-chiptuning\/hp-tuners\/hp-tuners-mpvi4\/#primaryimage"},"image":{"@id":"https:\/\/chiptuningmarket.com\/en\/shop\/rogrammers\/programmers-chiptuning\/hp-tuners\/hp-tuners-mpvi4\/#primaryimage"},"thumbnailUrl":"https:\/\/chiptuningmarket.com\/wp-content\/uploads\/2025\/11\/HP-Tuners-MPVI4-3.png","datePublished":"2025-11-03T13:10:25+00:00","dateModified":"2026-04-16T12:32:17+00:00","description":"MPVI4 od HP Tuners to zaawansowany interfejs diagnostyczny i tuningowy dla samochod\u00f3w sportowych, muscle car\u00f3w, ci\u0119\u017car\u00f3wek i aut codziennego u\u017cytku. Umo\u017cliwia odczyt i modyfikacj\u0119 parametr\u00f3w ECU, rejestrowanie danych w czasie rzeczywistym (datalogging) oraz optymalizacj\u0119 osi\u0105g\u00f3w pojazdu. Dzi\u0119ki obs\u0142udze OBDII, Wi-Fi i Bluetooth MPVI4 pozwala szybko diagnozowa\u0107 b\u0142\u0119dy, monitorowa\u0107 prac\u0119 silnika i dostosowywa\u0107 ustawienia do indywidualnych potrzeb. Kompatybilny z tysi\u0105cami modeli i setkami kontroler\u00f3w, MPVI4 jest niezast\u0105pionym narz\u0119dziem dla pasjonat\u00f3w tuningu i profesjonalist\u00f3w.","breadcrumb":{"@id":"https:\/\/chiptuningmarket.com\/en\/shop\/rogrammers\/programmers-chiptuning\/hp-tuners\/hp-tuners-mpvi4\/#breadcrumb"},"inLanguage":"en-US","potentialAction":[{"@type":"ReadAction","target":["https:\/\/chiptuningmarket.com\/en\/shop\/rogrammers\/programmers-chiptuning\/hp-tuners\/hp-tuners-mpvi4\/"]}]},{"@type":"ImageObject","inLanguage":"en-US","@id":"https:\/\/chiptuningmarket.com\/en\/shop\/rogrammers\/programmers-chiptuning\/hp-tuners\/hp-tuners-mpvi4\/#primaryimage","url":"https:\/\/chiptuningmarket.com\/wp-content\/uploads\/2025\/11\/HP-Tuners-MPVI4-3.png","contentUrl":"https:\/\/chiptuningmarket.com\/wp-content\/uploads\/2025\/11\/HP-Tuners-MPVI4-3.png","width":800,"height":330},{"@type":"BreadcrumbList","@id":"https:\/\/chiptuningmarket.com\/en\/shop\/rogrammers\/programmers-chiptuning\/hp-tuners\/hp-tuners-mpvi4\/#breadcrumb","itemListElement":[{"@type":"ListItem","position":1,"name":"Home","item":"https:\/\/chiptuningmarket.com\/en\/"},{"@type":"ListItem","position":2,"name":"Shop","item":"https:\/\/chiptuningmarket.com\/en\/shop\/"},{"@type":"ListItem","position":3,"name":"HP Tuners MPVI4"}]},{"@type":"WebSite","@id":"https:\/\/chiptuningmarket.com\/en\/#website","url":"https:\/\/chiptuningmarket.com\/en\/","name":"Chiptuningmarket","description":"Biggest chiptuning shop in Europe","publisher":{"@id":"https:\/\/chiptuningmarket.com\/en\/#organization"},"alternateName":"Worldwide ecu tools supplier","potentialAction":[{"@type":"SearchAction","target":{"@type":"EntryPoint","urlTemplate":"https:\/\/chiptuningmarket.com\/en\/?s={search_term_string}"},"query-input":{"@type":"PropertyValueSpecification","valueRequired":true,"valueName":"search_term_string"}}],"inLanguage":"en-US"},{"@type":"Organization","@id":"https:\/\/chiptuningmarket.com\/en\/#organization","name":"Chiptuningmarket","alternateName":"Chiptuning tools supplier","url":"https:\/\/chiptuningmarket.com\/en\/","logo":{"@type":"ImageObject","inLanguage":"en-US","@id":"https:\/\/chiptuningmarket.com\/en\/#\/schema\/logo\/image\/","url":"https:\/\/chiptuningmarket.com\/wp-content\/uploads\/2023\/05\/logo-ChipTuningMarket-social.png","contentUrl":"https:\/\/chiptuningmarket.com\/wp-content\/uploads\/2023\/05\/logo-ChipTuningMarket-social.png","width":512,"height":512,"caption":"Chiptuningmarket"},"image":{"@id":"https:\/\/chiptuningmarket.com\/en\/#\/schema\/logo\/image\/"}}]}},"_links":{"self":[{"href":"https:\/\/chiptuningmarket.com\/en\/wp-json\/wp\/v2\/product\/274725","targetHints":{"allow":["GET"]}}],"collection":[{"href":"https:\/\/chiptuningmarket.com\/en\/wp-json\/wp\/v2\/product"}],"about":[{"href":"https:\/\/chiptuningmarket.com\/en\/wp-json\/wp\/v2\/types\/product"}],"wp:featuredmedia":[{"embeddable":true,"href":"https:\/\/chiptuningmarket.com\/en\/wp-json\/wp\/v2\/media\/274703"}],"wp:attachment":[{"href":"https:\/\/chiptuningmarket.com\/en\/wp-json\/wp\/v2\/media?parent=274725"}],"wp:term":[{"taxonomy":"product_brand","embeddable":true,"href":"https:\/\/chiptuningmarket.com\/en\/wp-json\/wp\/v2\/product_brand?post=274725"},{"taxonomy":"product_cat","embeddable":true,"href":"https:\/\/chiptuningmarket.com\/en\/wp-json\/wp\/v2\/product_cat?post=274725"},{"taxonomy":"product_tag","embeddable":true,"href":"https:\/\/chiptuningmarket.com\/en\/wp-json\/wp\/v2\/product_tag?post=274725"}],"curies":[{"name":"wp","href":"https:\/\/api.w.org\/{rel}","templated":true}]}}