{"id":32841,"date":"2024-12-04T13:43:12","date_gmt":"2024-12-04T12:43:12","guid":{"rendered":"https:\/\/chiptuningmarket.com\/?post_type=product&#038;p=32841"},"modified":"2026-04-08T23:31:58","modified_gmt":"2026-04-08T22:31:58","slug":"przewod-jaltest-iveco-daily-sgw-bypass-obdii-st15-jdc407a","status":"publish","type":"product","link":"https:\/\/chiptuningmarket.com\/en\/shop\/accessories-adapters-cables\/accessories-adapters-cables-altest\/accessories-adapters-cables-jaltest-cables\/accessories-adapters-cables-jaltest-trucks-cv-trailers\/przewod-jaltest-iveco-daily-sgw-bypass-obdii-st15-jdc407a\/","title":{"rendered":"Jaltest IVECO DAILY diagnostic cable SGW bypass OBDII &#8211; ST15 CONNECTOR JDC407A"},"content":{"rendered":"<h2 style=\"text-align: center\"><span style=\"color: #000000\">Jaltest IVECO DAILY diagnostic cable SGW bypass OBDII &#8211; ST15 CONNECTOR JDC407A<\/span><\/h2>\n<p><span style=\"color: #000000\"><strong>JDC407A<\/strong> is a specialized diagnostic cable designed for <strong>IVECO DAILY<\/strong> vehicles equipped with a Security Gateway Module <strong>(SGW).<\/strong> Its primary purpose is to enable full diagnostics, including programming and coding, by bypassing the <strong>SGW<\/strong> protections that normally block access to certain electronic functions of the vehicle.<\/span><\/p>\n<p><span style=\"color: #000000\"><strong>ST15 Assembly Connector<\/strong><\/span><br \/>\n<span style=\"color: #000000\">The ST15 connector is usually located behind the glove compartment, at the bottom in front of the passenger seat. Depending on the vehicle configuration, it may be an intermediate installation connector. In such cases, simply disconnecting this connector provides diagnostic access.<\/span><\/p>\n<h3><span style=\"color: #000000\"><strong>Functions and Applications:<\/strong><\/span><\/h3>\n<ul>\n<li data-start=\"37\" data-end=\"193\"><span style=\"color: #000000\"><strong data-start=\"37\" data-end=\"52\">SGW Bypass:<\/strong> The cable allows bypassing the SGW gateway, providing full access to the vehicle&#8217;s diagnostic functions, including programming and coding.<\/span><\/li>\n<li data-start=\"196\" data-end=\"323\"><span style=\"color: #000000\"><strong data-start=\"196\" data-end=\"214\">Compatibility:<\/strong> The cable is compatible with IVECO DAILY vehicles from 2019\u20132021, including CNG versions from these years.<\/span><\/li>\n<li data-start=\"326\" data-end=\"432\"><span style=\"color: #000000\"><strong data-start=\"326\" data-end=\"342\">Ease of Use:<\/strong> The adapter can remain permanently in the vehicle without triggering diagnostic errors.<\/span><\/li>\n<li data-start=\"435\" data-end=\"600\"><span style=\"color: #000000\"><strong data-start=\"435\" data-end=\"450\">Connection:<\/strong> The cable connects the vehicle&#8217;s 8+8-pin connector (linked to the SGW) to a 16-pin OBD2 connector, allowing connection of a standard diagnostic tool.<\/span><\/li>\n<\/ul>\n<p><span style=\"color: #000000\"><strong>A diagnostic cable that allows connection while bypassing the secured SGW gateway.<\/strong><\/span><\/p>\n<p><span style=\"color: #000000\"><strong>Supported IVECO Models:<\/strong><\/span><\/p>\n<ul>\n<li><span style=\"color: #000000\">Daily [2021 &#8211; \u2026]<\/span><\/li>\n<li><span style=\"color: #000000\">Daily CNG [2021 &#8211; \u2026]<\/span><\/li>\n<li><span style=\"color: #000000\">Daily [2019 &#8211; 2021]<\/span><\/li>\n<li><span style=\"color: #000000\">Daily CNG [2019 &#8211; 2021]<\/span><\/li>\n<\/ul>\n<p><span style=\"color: #000000\"><strong>We also offer:<br \/>\n<\/strong><\/span><span style=\"color: #0000ff\"><strong><a style=\"color: #0000ff\" href=\"https:\/\/chiptuningmarket.com\/en\/shop\/akcesoria-chiptuning-pl\/jaltest-akcesoria-chiptuning-pl\/cables-jaltest-akcesoria-chiptuning-pl\/trucks-cv-trailers-pl\/przewod-jaltest-iveco-truck-sgw-bypass-st14d-jdc221a\/\">Jaltest IVECO truck SGW bypass<\/a><br \/>\n<\/strong><\/span><span style=\"color: #0000ff\"><a style=\"color: #0000ff\" href=\"https:\/\/chiptuningmarket.com\/en\/shop\/akcesoria-chiptuning-pl\/przewody-adaptery-uniwersalne-pl\/adapter-fiat-sgw-bypass-security-gateway-fca-sgw\/\"><strong>FCA SGW Bypass<\/strong><\/a><\/span><\/p>\n","protected":false},"excerpt":{"rendered":"<p><span style=\"color: #000000\"><strong>JDC407A<\/strong> is a specialized diagnostic cable designed for <strong>IVECO DAILY<\/strong> vehicles equipped with a Security Gateway Module <strong>(SGW).<\/strong> Its primary purpose is to enable full diagnostics, including programming and coding, by bypassing the <strong>SGW<\/strong> protections that normally block access to certain electronic functions of the vehicle.<\/span><\/p>\n<p><span style=\"color: #000000\"><strong>Supported IVECO Models:<\/strong><\/span><\/p>\n<ul>\n<li><span style=\"color: #000000\">Daily [2021 &#8211; \u2026]<\/span><\/li>\n<li><span style=\"color: #000000\">Daily CNG [2021 &#8211; \u2026]<\/span><\/li>\n<li><span style=\"color: #000000\">Daily [2019 &#8211; 2021]<\/span><\/li>\n<li><span style=\"color: #000000\">Daily CNG [2019 &#8211; 2021]<\/span><\/li>\n<\/ul>\n","protected":false},"featured_media":32839,"template":"","meta":{"_monsterinsights_skip_tracking":false,"_monsterinsights_sitenote_active":false,"_monsterinsights_sitenote_note":"","_monsterinsights_sitenote_category":0},"product_brand":[],"product_cat":[5302,5405,5406,5407],"product_tag":[6088,6089,6090],"class_list":{"0":"post-32841","1":"product","2":"type-product","3":"status-publish","4":"has-post-thumbnail","6":"product_cat-accessories-adapters-cables","7":"product_cat-accessories-adapters-cables-altest","8":"product_cat-accessories-adapters-cables-jaltest-cables","9":"product_cat-accessories-adapters-cables-jaltest-trucks-cv-trailers","10":"product_tag-iveco-daily-sgw-2","11":"product_tag-jaltest-adapter-sgw-bypass-iveco-daily-2","12":"product_tag-jdc407a-2","14":"first","15":"outofstock","16":"taxable","17":"shipping-taxable","18":"purchasable","19":"product-type-simple"},"yoast_head":"<!-- This site is optimized with the Yoast SEO plugin v25.2 - https:\/\/yoast.com\/wordpress\/plugins\/seo\/ -->\n<title>Jaltest IVECO DAILY diagnostic cable SGW bypass OBDII - ST15 CONNECTOR JDC407A - Chiptuningmarket<\/title>\n<meta name=\"description\" content=\"Przew\u00f3d Jaltest IVECO DAILY SGW bypass OBDII - ST15 CONNECTOR JDC407A Przew\u00f3d diagnostyczny umo\u017cliwiaj\u0105cy podpi\u0119cie diagnostyczne z omini\u0119ciem bramki SGW\u00a0w\u00a0IVECO\u00a0DAILY\" \/>\n<meta name=\"robots\" content=\"index, follow, max-snippet:-1, max-image-preview:large, max-video-preview:-1\" \/>\n<link rel=\"canonical\" href=\"https:\/\/chiptuningmarket.com\/en\/shop\/accessories-adapters-cables\/accessories-adapters-cables-altest\/accessories-adapters-cables-jaltest-cables\/accessories-adapters-cables-jaltest-trucks-cv-trailers\/przewod-jaltest-iveco-daily-sgw-bypass-obdii-st15-jdc407a\/\" \/>\n<meta property=\"og:locale\" content=\"en_US\" \/>\n<meta property=\"og:type\" content=\"article\" \/>\n<meta property=\"og:title\" content=\"Jaltest IVECO DAILY diagnostic cable SGW bypass OBDII - ST15 CONNECTOR JDC407A - Chiptuningmarket\" \/>\n<meta property=\"og:description\" content=\"Przew\u00f3d Jaltest IVECO DAILY SGW bypass OBDII - ST15 CONNECTOR JDC407A Przew\u00f3d diagnostyczny umo\u017cliwiaj\u0105cy podpi\u0119cie diagnostyczne z omini\u0119ciem bramki SGW\u00a0w\u00a0IVECO\u00a0DAILY\" \/>\n<meta property=\"og:url\" content=\"https:\/\/chiptuningmarket.com\/en\/shop\/accessories-adapters-cables\/accessories-adapters-cables-altest\/accessories-adapters-cables-jaltest-cables\/accessories-adapters-cables-jaltest-trucks-cv-trailers\/przewod-jaltest-iveco-daily-sgw-bypass-obdii-st15-jdc407a\/\" \/>\n<meta property=\"og:site_name\" content=\"Chiptuningmarket\" \/>\n<meta property=\"article:modified_time\" content=\"2026-04-08T22:31:58+00:00\" \/>\n<meta property=\"og:image\" content=\"https:\/\/chiptuningmarket.com\/wp-content\/uploads\/2024\/12\/JDC407A.png\" \/>\n\t<meta property=\"og:image:width\" content=\"1024\" \/>\n\t<meta property=\"og:image:height\" content=\"682\" \/>\n\t<meta property=\"og:image:type\" content=\"image\/png\" \/>\n<meta name=\"twitter:card\" content=\"summary_large_image\" \/>\n<meta name=\"twitter:label1\" content=\"Est. reading time\" \/>\n\t<meta name=\"twitter:data1\" content=\"2 minutes\" \/>\n<script type=\"application\/ld+json\" class=\"yoast-schema-graph\">{\"@context\":\"https:\/\/schema.org\",\"@graph\":[{\"@type\":\"WebPage\",\"@id\":\"https:\/\/chiptuningmarket.com\/en\/shop\/accessories-adapters-cables\/accessories-adapters-cables-altest\/accessories-adapters-cables-jaltest-cables\/accessories-adapters-cables-jaltest-trucks-cv-trailers\/przewod-jaltest-iveco-daily-sgw-bypass-obdii-st15-jdc407a\/\",\"url\":\"https:\/\/chiptuningmarket.com\/en\/shop\/accessories-adapters-cables\/accessories-adapters-cables-altest\/accessories-adapters-cables-jaltest-cables\/accessories-adapters-cables-jaltest-trucks-cv-trailers\/przewod-jaltest-iveco-daily-sgw-bypass-obdii-st15-jdc407a\/\",\"name\":\"Jaltest IVECO DAILY diagnostic cable SGW bypass OBDII - ST15 CONNECTOR JDC407A - Chiptuningmarket\",\"isPartOf\":{\"@id\":\"https:\/\/chiptuningmarket.com\/en\/#website\"},\"primaryImageOfPage\":{\"@id\":\"https:\/\/chiptuningmarket.com\/en\/shop\/accessories-adapters-cables\/accessories-adapters-cables-altest\/accessories-adapters-cables-jaltest-cables\/accessories-adapters-cables-jaltest-trucks-cv-trailers\/przewod-jaltest-iveco-daily-sgw-bypass-obdii-st15-jdc407a\/#primaryimage\"},\"image\":{\"@id\":\"https:\/\/chiptuningmarket.com\/en\/shop\/accessories-adapters-cables\/accessories-adapters-cables-altest\/accessories-adapters-cables-jaltest-cables\/accessories-adapters-cables-jaltest-trucks-cv-trailers\/przewod-jaltest-iveco-daily-sgw-bypass-obdii-st15-jdc407a\/#primaryimage\"},\"thumbnailUrl\":\"https:\/\/chiptuningmarket.com\/wp-content\/uploads\/2024\/12\/JDC407A.png\",\"datePublished\":\"2024-12-04T12:43:12+00:00\",\"dateModified\":\"2026-04-08T22:31:58+00:00\",\"description\":\"Przew\u00f3d Jaltest IVECO DAILY SGW bypass OBDII - ST15 CONNECTOR JDC407A Przew\u00f3d diagnostyczny umo\u017cliwiaj\u0105cy podpi\u0119cie diagnostyczne z omini\u0119ciem bramki SGW\u00a0w\u00a0IVECO\u00a0DAILY\",\"breadcrumb\":{\"@id\":\"https:\/\/chiptuningmarket.com\/en\/shop\/accessories-adapters-cables\/accessories-adapters-cables-altest\/accessories-adapters-cables-jaltest-cables\/accessories-adapters-cables-jaltest-trucks-cv-trailers\/przewod-jaltest-iveco-daily-sgw-bypass-obdii-st15-jdc407a\/#breadcrumb\"},\"inLanguage\":\"en-US\",\"potentialAction\":[{\"@type\":\"ReadAction\",\"target\":[\"https:\/\/chiptuningmarket.com\/en\/shop\/accessories-adapters-cables\/accessories-adapters-cables-altest\/accessories-adapters-cables-jaltest-cables\/accessories-adapters-cables-jaltest-trucks-cv-trailers\/przewod-jaltest-iveco-daily-sgw-bypass-obdii-st15-jdc407a\/\"]}]},{\"@type\":\"ImageObject\",\"inLanguage\":\"en-US\",\"@id\":\"https:\/\/chiptuningmarket.com\/en\/shop\/accessories-adapters-cables\/accessories-adapters-cables-altest\/accessories-adapters-cables-jaltest-cables\/accessories-adapters-cables-jaltest-trucks-cv-trailers\/przewod-jaltest-iveco-daily-sgw-bypass-obdii-st15-jdc407a\/#primaryimage\",\"url\":\"https:\/\/chiptuningmarket.com\/wp-content\/uploads\/2024\/12\/JDC407A.png\",\"contentUrl\":\"https:\/\/chiptuningmarket.com\/wp-content\/uploads\/2024\/12\/JDC407A.png\",\"width\":1024,\"height\":682,\"caption\":\"Przew\u00f3d Jaltest IVECO DAILY SGW bypass OBDII - ST15 CONNECTOR JDC407A\"},{\"@type\":\"BreadcrumbList\",\"@id\":\"https:\/\/chiptuningmarket.com\/en\/shop\/accessories-adapters-cables\/accessories-adapters-cables-altest\/accessories-adapters-cables-jaltest-cables\/accessories-adapters-cables-jaltest-trucks-cv-trailers\/przewod-jaltest-iveco-daily-sgw-bypass-obdii-st15-jdc407a\/#breadcrumb\",\"itemListElement\":[{\"@type\":\"ListItem\",\"position\":1,\"name\":\"Home\",\"item\":\"https:\/\/chiptuningmarket.com\/en\/\"},{\"@type\":\"ListItem\",\"position\":2,\"name\":\"Shop\",\"item\":\"https:\/\/chiptuningmarket.com\/en\/shop\/\"},{\"@type\":\"ListItem\",\"position\":3,\"name\":\"Jaltest IVECO DAILY diagnostic cable SGW bypass OBDII &#8211; ST15 CONNECTOR JDC407A\"}]},{\"@type\":\"WebSite\",\"@id\":\"https:\/\/chiptuningmarket.com\/en\/#website\",\"url\":\"https:\/\/chiptuningmarket.com\/en\/\",\"name\":\"Chiptuningmarket\",\"description\":\"Biggest chiptuning shop in Europe\",\"publisher\":{\"@id\":\"https:\/\/chiptuningmarket.com\/en\/#organization\"},\"alternateName\":\"Worldwide ecu tools supplier\",\"potentialAction\":[{\"@type\":\"SearchAction\",\"target\":{\"@type\":\"EntryPoint\",\"urlTemplate\":\"https:\/\/chiptuningmarket.com\/en\/?s={search_term_string}\"},\"query-input\":{\"@type\":\"PropertyValueSpecification\",\"valueRequired\":true,\"valueName\":\"search_term_string\"}}],\"inLanguage\":\"en-US\"},{\"@type\":\"Organization\",\"@id\":\"https:\/\/chiptuningmarket.com\/en\/#organization\",\"name\":\"Chiptuningmarket\",\"alternateName\":\"Chiptuning tools supplier\",\"url\":\"https:\/\/chiptuningmarket.com\/en\/\",\"logo\":{\"@type\":\"ImageObject\",\"inLanguage\":\"en-US\",\"@id\":\"https:\/\/chiptuningmarket.com\/en\/#\/schema\/logo\/image\/\",\"url\":\"https:\/\/chiptuningmarket.com\/wp-content\/uploads\/2023\/05\/logo-ChipTuningMarket-social.png\",\"contentUrl\":\"https:\/\/chiptuningmarket.com\/wp-content\/uploads\/2023\/05\/logo-ChipTuningMarket-social.png\",\"width\":512,\"height\":512,\"caption\":\"Chiptuningmarket\"},\"image\":{\"@id\":\"https:\/\/chiptuningmarket.com\/en\/#\/schema\/logo\/image\/\"}}]}<\/script>\n<!-- \/ Yoast SEO plugin. -->","yoast_head_json":{"title":"Jaltest IVECO DAILY diagnostic cable SGW bypass OBDII - ST15 CONNECTOR JDC407A - Chiptuningmarket","description":"Przew\u00f3d Jaltest IVECO DAILY SGW bypass OBDII - ST15 CONNECTOR JDC407A Przew\u00f3d diagnostyczny umo\u017cliwiaj\u0105cy podpi\u0119cie diagnostyczne z omini\u0119ciem bramki SGW\u00a0w\u00a0IVECO\u00a0DAILY","robots":{"index":"index","follow":"follow","max-snippet":"max-snippet:-1","max-image-preview":"max-image-preview:large","max-video-preview":"max-video-preview:-1"},"canonical":"https:\/\/chiptuningmarket.com\/en\/shop\/accessories-adapters-cables\/accessories-adapters-cables-altest\/accessories-adapters-cables-jaltest-cables\/accessories-adapters-cables-jaltest-trucks-cv-trailers\/przewod-jaltest-iveco-daily-sgw-bypass-obdii-st15-jdc407a\/","og_locale":"en_US","og_type":"article","og_title":"Jaltest IVECO DAILY diagnostic cable SGW bypass OBDII - ST15 CONNECTOR JDC407A - Chiptuningmarket","og_description":"Przew\u00f3d Jaltest IVECO DAILY SGW bypass OBDII - ST15 CONNECTOR JDC407A Przew\u00f3d diagnostyczny umo\u017cliwiaj\u0105cy podpi\u0119cie diagnostyczne z omini\u0119ciem bramki SGW\u00a0w\u00a0IVECO\u00a0DAILY","og_url":"https:\/\/chiptuningmarket.com\/en\/shop\/accessories-adapters-cables\/accessories-adapters-cables-altest\/accessories-adapters-cables-jaltest-cables\/accessories-adapters-cables-jaltest-trucks-cv-trailers\/przewod-jaltest-iveco-daily-sgw-bypass-obdii-st15-jdc407a\/","og_site_name":"Chiptuningmarket","article_modified_time":"2026-04-08T22:31:58+00:00","og_image":[{"width":1024,"height":682,"url":"https:\/\/chiptuningmarket.com\/wp-content\/uploads\/2024\/12\/JDC407A.png","type":"image\/png"}],"twitter_card":"summary_large_image","twitter_misc":{"Est. reading time":"2 minutes"},"schema":{"@context":"https:\/\/schema.org","@graph":[{"@type":"WebPage","@id":"https:\/\/chiptuningmarket.com\/en\/shop\/accessories-adapters-cables\/accessories-adapters-cables-altest\/accessories-adapters-cables-jaltest-cables\/accessories-adapters-cables-jaltest-trucks-cv-trailers\/przewod-jaltest-iveco-daily-sgw-bypass-obdii-st15-jdc407a\/","url":"https:\/\/chiptuningmarket.com\/en\/shop\/accessories-adapters-cables\/accessories-adapters-cables-altest\/accessories-adapters-cables-jaltest-cables\/accessories-adapters-cables-jaltest-trucks-cv-trailers\/przewod-jaltest-iveco-daily-sgw-bypass-obdii-st15-jdc407a\/","name":"Jaltest IVECO DAILY diagnostic cable SGW bypass OBDII - ST15 CONNECTOR JDC407A - Chiptuningmarket","isPartOf":{"@id":"https:\/\/chiptuningmarket.com\/en\/#website"},"primaryImageOfPage":{"@id":"https:\/\/chiptuningmarket.com\/en\/shop\/accessories-adapters-cables\/accessories-adapters-cables-altest\/accessories-adapters-cables-jaltest-cables\/accessories-adapters-cables-jaltest-trucks-cv-trailers\/przewod-jaltest-iveco-daily-sgw-bypass-obdii-st15-jdc407a\/#primaryimage"},"image":{"@id":"https:\/\/chiptuningmarket.com\/en\/shop\/accessories-adapters-cables\/accessories-adapters-cables-altest\/accessories-adapters-cables-jaltest-cables\/accessories-adapters-cables-jaltest-trucks-cv-trailers\/przewod-jaltest-iveco-daily-sgw-bypass-obdii-st15-jdc407a\/#primaryimage"},"thumbnailUrl":"https:\/\/chiptuningmarket.com\/wp-content\/uploads\/2024\/12\/JDC407A.png","datePublished":"2024-12-04T12:43:12+00:00","dateModified":"2026-04-08T22:31:58+00:00","description":"Przew\u00f3d Jaltest IVECO DAILY SGW bypass OBDII - ST15 CONNECTOR JDC407A Przew\u00f3d diagnostyczny umo\u017cliwiaj\u0105cy podpi\u0119cie diagnostyczne z omini\u0119ciem bramki SGW\u00a0w\u00a0IVECO\u00a0DAILY","breadcrumb":{"@id":"https:\/\/chiptuningmarket.com\/en\/shop\/accessories-adapters-cables\/accessories-adapters-cables-altest\/accessories-adapters-cables-jaltest-cables\/accessories-adapters-cables-jaltest-trucks-cv-trailers\/przewod-jaltest-iveco-daily-sgw-bypass-obdii-st15-jdc407a\/#breadcrumb"},"inLanguage":"en-US","potentialAction":[{"@type":"ReadAction","target":["https:\/\/chiptuningmarket.com\/en\/shop\/accessories-adapters-cables\/accessories-adapters-cables-altest\/accessories-adapters-cables-jaltest-cables\/accessories-adapters-cables-jaltest-trucks-cv-trailers\/przewod-jaltest-iveco-daily-sgw-bypass-obdii-st15-jdc407a\/"]}]},{"@type":"ImageObject","inLanguage":"en-US","@id":"https:\/\/chiptuningmarket.com\/en\/shop\/accessories-adapters-cables\/accessories-adapters-cables-altest\/accessories-adapters-cables-jaltest-cables\/accessories-adapters-cables-jaltest-trucks-cv-trailers\/przewod-jaltest-iveco-daily-sgw-bypass-obdii-st15-jdc407a\/#primaryimage","url":"https:\/\/chiptuningmarket.com\/wp-content\/uploads\/2024\/12\/JDC407A.png","contentUrl":"https:\/\/chiptuningmarket.com\/wp-content\/uploads\/2024\/12\/JDC407A.png","width":1024,"height":682,"caption":"Przew\u00f3d Jaltest IVECO DAILY SGW bypass OBDII - ST15 CONNECTOR JDC407A"},{"@type":"BreadcrumbList","@id":"https:\/\/chiptuningmarket.com\/en\/shop\/accessories-adapters-cables\/accessories-adapters-cables-altest\/accessories-adapters-cables-jaltest-cables\/accessories-adapters-cables-jaltest-trucks-cv-trailers\/przewod-jaltest-iveco-daily-sgw-bypass-obdii-st15-jdc407a\/#breadcrumb","itemListElement":[{"@type":"ListItem","position":1,"name":"Home","item":"https:\/\/chiptuningmarket.com\/en\/"},{"@type":"ListItem","position":2,"name":"Shop","item":"https:\/\/chiptuningmarket.com\/en\/shop\/"},{"@type":"ListItem","position":3,"name":"Jaltest IVECO DAILY diagnostic cable SGW bypass OBDII &#8211; ST15 CONNECTOR JDC407A"}]},{"@type":"WebSite","@id":"https:\/\/chiptuningmarket.com\/en\/#website","url":"https:\/\/chiptuningmarket.com\/en\/","name":"Chiptuningmarket","description":"Biggest chiptuning shop in Europe","publisher":{"@id":"https:\/\/chiptuningmarket.com\/en\/#organization"},"alternateName":"Worldwide ecu tools supplier","potentialAction":[{"@type":"SearchAction","target":{"@type":"EntryPoint","urlTemplate":"https:\/\/chiptuningmarket.com\/en\/?s={search_term_string}"},"query-input":{"@type":"PropertyValueSpecification","valueRequired":true,"valueName":"search_term_string"}}],"inLanguage":"en-US"},{"@type":"Organization","@id":"https:\/\/chiptuningmarket.com\/en\/#organization","name":"Chiptuningmarket","alternateName":"Chiptuning tools supplier","url":"https:\/\/chiptuningmarket.com\/en\/","logo":{"@type":"ImageObject","inLanguage":"en-US","@id":"https:\/\/chiptuningmarket.com\/en\/#\/schema\/logo\/image\/","url":"https:\/\/chiptuningmarket.com\/wp-content\/uploads\/2023\/05\/logo-ChipTuningMarket-social.png","contentUrl":"https:\/\/chiptuningmarket.com\/wp-content\/uploads\/2023\/05\/logo-ChipTuningMarket-social.png","width":512,"height":512,"caption":"Chiptuningmarket"},"image":{"@id":"https:\/\/chiptuningmarket.com\/en\/#\/schema\/logo\/image\/"}}]}},"_links":{"self":[{"href":"https:\/\/chiptuningmarket.com\/en\/wp-json\/wp\/v2\/product\/32841","targetHints":{"allow":["GET"]}}],"collection":[{"href":"https:\/\/chiptuningmarket.com\/en\/wp-json\/wp\/v2\/product"}],"about":[{"href":"https:\/\/chiptuningmarket.com\/en\/wp-json\/wp\/v2\/types\/product"}],"wp:featuredmedia":[{"embeddable":true,"href":"https:\/\/chiptuningmarket.com\/en\/wp-json\/wp\/v2\/media\/32839"}],"wp:attachment":[{"href":"https:\/\/chiptuningmarket.com\/en\/wp-json\/wp\/v2\/media?parent=32841"}],"wp:term":[{"taxonomy":"product_brand","embeddable":true,"href":"https:\/\/chiptuningmarket.com\/en\/wp-json\/wp\/v2\/product_brand?post=32841"},{"taxonomy":"product_cat","embeddable":true,"href":"https:\/\/chiptuningmarket.com\/en\/wp-json\/wp\/v2\/product_cat?post=32841"},{"taxonomy":"product_tag","embeddable":true,"href":"https:\/\/chiptuningmarket.com\/en\/wp-json\/wp\/v2\/product_tag?post=32841"}],"curies":[{"name":"wp","href":"https:\/\/api.w.org\/{rel}","templated":true}]}}