{"id":70744,"date":"2025-05-05T12:06:14","date_gmt":"2025-05-05T11:06:14","guid":{"rendered":"https:\/\/chiptuningmarket.com\/?post_type=product&#038;p=70744"},"modified":"2026-03-06T18:34:30","modified_gmt":"2026-03-06T17:34:30","slug":"flex-obd-cable-for-jcb-machines-heavy-duty","status":"publish","type":"product","link":"https:\/\/chiptuningmarket.com\/en\/shop\/accessories-adapters-cables\/accessories-adapters-cables-magicmotorsport-flex\/accessories-adapters-cables-mms-cables-obd\/flex-obd-cable-for-jcb-machines-heavy-duty\/","title":{"rendered":"FLEX OBD Cable for JCB Machines (Heavy-Duty) &#8211; FLX2.83"},"content":{"rendered":"<h3 style=\"text-align: center\">FLEX OBD Cable for JCB Machines (Heavy-Duty) &#8211; FLX2.83<\/h3>\n<p data-prosemirror-content-type=\"node\" data-prosemirror-node-name=\"paragraph\" data-prosemirror-node-block=\"true\" data-pm-slice=\"1 3 []\">The cable for JCB Heavy Duty vehicles is designed to establish stable connection between JCB industrial vehicle control units and Flex.<\/p>\n<p data-prosemirror-content-type=\"node\" data-prosemirror-node-name=\"paragraph\" data-prosemirror-node-block=\"true\"><strong data-prosemirror-content-type=\"mark\" data-prosemirror-mark-name=\"strong\">Main features:<\/strong><\/p>\n<ul class=\"ak-ul\" data-prosemirror-content-type=\"node\" data-prosemirror-node-name=\"bulletList\" data-prosemirror-node-block=\"true\">\n<li data-prosemirror-content-type=\"node\" data-prosemirror-node-name=\"listItem\" data-prosemirror-node-block=\"true\">\n<p data-prosemirror-content-type=\"node\" data-prosemirror-node-name=\"paragraph\" data-prosemirror-node-block=\"true\">OBD Connection<\/p>\n<\/li>\n<li data-prosemirror-content-type=\"node\" data-prosemirror-node-name=\"listItem\" data-prosemirror-node-block=\"true\">\n<p data-prosemirror-content-type=\"node\" data-prosemirror-node-name=\"paragraph\" data-prosemirror-node-block=\"true\">Programming and repair<\/p>\n<\/li>\n<li data-prosemirror-content-type=\"node\" data-prosemirror-node-name=\"listItem\" data-prosemirror-node-block=\"true\">\n<p data-prosemirror-content-type=\"node\" data-prosemirror-node-name=\"paragraph\" data-prosemirror-node-block=\"true\">Safe connection<\/p>\n<\/li>\n<\/ul>\n<p data-prosemirror-content-type=\"node\" data-prosemirror-node-name=\"paragraph\" data-prosemirror-node-block=\"true\" data-pm-slice=\"1 1 []\">Thanks to its reinforced structure and specific connectors for heavy vehicles, the dedicated cable for JCB Heavy-Duty (FLX2.83) is the perfect solution to carry out read\/write operations with Flex on heavy construction equipment.<\/p>\n<p data-prosemirror-content-type=\"node\" data-prosemirror-node-name=\"paragraph\" data-prosemirror-node-block=\"true\"><strong data-prosemirror-content-type=\"mark\" data-prosemirror-mark-name=\"strong\">Compatible ECUs:<\/strong><\/p>\n<ul class=\"ak-ul\" data-prosemirror-content-type=\"node\" data-prosemirror-node-name=\"bulletList\" data-prosemirror-node-block=\"true\">\n<li data-prosemirror-content-type=\"node\" data-prosemirror-node-name=\"listItem\" data-prosemirror-node-block=\"true\">\n<p data-prosemirror-content-type=\"node\" data-prosemirror-node-name=\"paragraph\" data-prosemirror-node-block=\"true\">Delphi DCM3.3<\/p>\n<\/li>\n<li data-prosemirror-content-type=\"node\" data-prosemirror-node-name=\"listItem\" data-prosemirror-node-block=\"true\">\n<p data-prosemirror-content-type=\"node\" data-prosemirror-node-name=\"paragraph\" data-prosemirror-node-block=\"true\">Delphi DCM3.3+<\/p>\n<\/li>\n<li data-prosemirror-content-type=\"node\" data-prosemirror-node-name=\"listItem\" data-prosemirror-node-block=\"true\">\n<p data-prosemirror-content-type=\"node\" data-prosemirror-node-name=\"paragraph\" data-prosemirror-node-block=\"true\">Delphi DCM2.7AP<\/p>\n<\/li>\n<li data-prosemirror-content-type=\"node\" data-prosemirror-node-name=\"listItem\" data-prosemirror-node-block=\"true\">\n<p data-prosemirror-content-type=\"node\" data-prosemirror-node-name=\"paragraph\" data-prosemirror-node-block=\"true\">Delphi DCM7.24<\/p>\n<\/li>\n<li data-prosemirror-content-type=\"node\" data-prosemirror-node-name=\"listItem\" data-prosemirror-node-block=\"true\">Bosch DCU17CV51<\/li>\n<\/ul>\n","protected":false},"excerpt":{"rendered":"<p data-prosemirror-content-type=\"node\" data-prosemirror-node-name=\"paragraph\" data-prosemirror-node-block=\"true\" data-pm-slice=\"1 3 []\">The cable for JCB Heavy Duty vehicles is designed to establish stable connection between JCB industrial vehicle control units and Flex.<\/p>\n<p data-prosemirror-content-type=\"node\" data-prosemirror-node-name=\"paragraph\" data-prosemirror-node-block=\"true\"><strong data-prosemirror-content-type=\"mark\" data-prosemirror-mark-name=\"strong\">Main features:<\/strong><\/p>\n<ul class=\"ak-ul\" data-prosemirror-content-type=\"node\" data-prosemirror-node-name=\"bulletList\" data-prosemirror-node-block=\"true\">\n<li data-prosemirror-content-type=\"node\" data-prosemirror-node-name=\"listItem\" data-prosemirror-node-block=\"true\">\n<p data-prosemirror-content-type=\"node\" data-prosemirror-node-name=\"paragraph\" data-prosemirror-node-block=\"true\">OBD Connection<\/p>\n<\/li>\n<li data-prosemirror-content-type=\"node\" data-prosemirror-node-name=\"listItem\" data-prosemirror-node-block=\"true\">\n<p data-prosemirror-content-type=\"node\" data-prosemirror-node-name=\"paragraph\" data-prosemirror-node-block=\"true\">Programming and repair<\/p>\n<\/li>\n<li data-prosemirror-content-type=\"node\" data-prosemirror-node-name=\"listItem\" data-prosemirror-node-block=\"true\">\n<p data-prosemirror-content-type=\"node\" data-prosemirror-node-name=\"paragraph\" data-prosemirror-node-block=\"true\">Safe connection<\/p>\n<\/li>\n<\/ul>\n","protected":false},"featured_media":70682,"template":"","meta":{"_monsterinsights_skip_tracking":false,"_monsterinsights_sitenote_active":false,"_monsterinsights_sitenote_note":"","_monsterinsights_sitenote_category":0},"product_brand":[],"product_cat":[5302,5416,5415],"product_tag":[6875,1439],"class_list":{"0":"post-70744","1":"product","2":"type-product","3":"status-publish","4":"has-post-thumbnail","6":"product_cat-accessories-adapters-cables","7":"product_cat-accessories-adapters-cables-mms-cables-obd","8":"product_cat-accessories-adapters-cables-magicmotorsport-flex","9":"product_tag-delphi-2","10":"product_tag-flex","12":"first","13":"instock","14":"taxable","15":"shipping-taxable","16":"purchasable","17":"product-type-simple"},"yoast_head":"<!-- This site is optimized with the Yoast SEO plugin v25.2 - https:\/\/yoast.com\/wordpress\/plugins\/seo\/ -->\n<title>FLEX OBD Cable for JCB Machines (Heavy-Duty) - FLX2.83 - Chiptuningmarket<\/title>\n<meta name=\"description\" content=\"FLEX OBD Cable for JCB Machines (Heavy-Duty) FLX2.83 - is designed to establish stable connection between JCB industrial vehicle control units and Flex.\" \/>\n<meta name=\"robots\" content=\"index, follow, max-snippet:-1, max-image-preview:large, max-video-preview:-1\" \/>\n<link rel=\"canonical\" href=\"https:\/\/chiptuningmarket.com\/en\/shop\/accessories-adapters-cables\/accessories-adapters-cables-magicmotorsport-flex\/accessories-adapters-cables-mms-cables-obd\/flex-obd-cable-for-jcb-machines-heavy-duty\/\" \/>\n<meta property=\"og:locale\" content=\"en_US\" \/>\n<meta property=\"og:type\" content=\"article\" \/>\n<meta property=\"og:title\" content=\"FLEX OBD Cable for JCB Machines (Heavy-Duty) - FLX2.83 - Chiptuningmarket\" \/>\n<meta property=\"og:description\" content=\"FLEX OBD Cable for JCB Machines (Heavy-Duty) FLX2.83 - is designed to establish stable connection between JCB industrial vehicle control units and Flex.\" \/>\n<meta property=\"og:url\" content=\"https:\/\/chiptuningmarket.com\/en\/shop\/accessories-adapters-cables\/accessories-adapters-cables-magicmotorsport-flex\/accessories-adapters-cables-mms-cables-obd\/flex-obd-cable-for-jcb-machines-heavy-duty\/\" \/>\n<meta property=\"og:site_name\" content=\"Chiptuningmarket\" \/>\n<meta property=\"article:modified_time\" content=\"2026-03-06T17:34:30+00:00\" \/>\n<meta property=\"og:image\" content=\"https:\/\/chiptuningmarket.com\/wp-content\/uploads\/2025\/05\/jcb-connection.jpg\" \/>\n\t<meta property=\"og:image:width\" content=\"1000\" \/>\n\t<meta property=\"og:image:height\" content=\"1000\" \/>\n\t<meta property=\"og:image:type\" content=\"image\/jpeg\" \/>\n<meta name=\"twitter:card\" content=\"summary_large_image\" \/>\n<meta name=\"twitter:label1\" content=\"Est. reading time\" \/>\n\t<meta name=\"twitter:data1\" content=\"1 minute\" \/>\n<script type=\"application\/ld+json\" class=\"yoast-schema-graph\">{\"@context\":\"https:\/\/schema.org\",\"@graph\":[{\"@type\":\"WebPage\",\"@id\":\"https:\/\/chiptuningmarket.com\/en\/shop\/accessories-adapters-cables\/accessories-adapters-cables-magicmotorsport-flex\/accessories-adapters-cables-mms-cables-obd\/flex-obd-cable-for-jcb-machines-heavy-duty\/\",\"url\":\"https:\/\/chiptuningmarket.com\/en\/shop\/accessories-adapters-cables\/accessories-adapters-cables-magicmotorsport-flex\/accessories-adapters-cables-mms-cables-obd\/flex-obd-cable-for-jcb-machines-heavy-duty\/\",\"name\":\"FLEX OBD Cable for JCB Machines (Heavy-Duty) - FLX2.83 - Chiptuningmarket\",\"isPartOf\":{\"@id\":\"https:\/\/chiptuningmarket.com\/en\/#website\"},\"primaryImageOfPage\":{\"@id\":\"https:\/\/chiptuningmarket.com\/en\/shop\/accessories-adapters-cables\/accessories-adapters-cables-magicmotorsport-flex\/accessories-adapters-cables-mms-cables-obd\/flex-obd-cable-for-jcb-machines-heavy-duty\/#primaryimage\"},\"image\":{\"@id\":\"https:\/\/chiptuningmarket.com\/en\/shop\/accessories-adapters-cables\/accessories-adapters-cables-magicmotorsport-flex\/accessories-adapters-cables-mms-cables-obd\/flex-obd-cable-for-jcb-machines-heavy-duty\/#primaryimage\"},\"thumbnailUrl\":\"https:\/\/chiptuningmarket.com\/wp-content\/uploads\/2025\/05\/jcb-connection.jpg\",\"datePublished\":\"2025-05-05T11:06:14+00:00\",\"dateModified\":\"2026-03-06T17:34:30+00:00\",\"description\":\"FLEX OBD Cable for JCB Machines (Heavy-Duty) FLX2.83 - is designed to establish stable connection between JCB industrial vehicle control units and Flex.\",\"breadcrumb\":{\"@id\":\"https:\/\/chiptuningmarket.com\/en\/shop\/accessories-adapters-cables\/accessories-adapters-cables-magicmotorsport-flex\/accessories-adapters-cables-mms-cables-obd\/flex-obd-cable-for-jcb-machines-heavy-duty\/#breadcrumb\"},\"inLanguage\":\"en-US\",\"potentialAction\":[{\"@type\":\"ReadAction\",\"target\":[\"https:\/\/chiptuningmarket.com\/en\/shop\/accessories-adapters-cables\/accessories-adapters-cables-magicmotorsport-flex\/accessories-adapters-cables-mms-cables-obd\/flex-obd-cable-for-jcb-machines-heavy-duty\/\"]}]},{\"@type\":\"ImageObject\",\"inLanguage\":\"en-US\",\"@id\":\"https:\/\/chiptuningmarket.com\/en\/shop\/accessories-adapters-cables\/accessories-adapters-cables-magicmotorsport-flex\/accessories-adapters-cables-mms-cables-obd\/flex-obd-cable-for-jcb-machines-heavy-duty\/#primaryimage\",\"url\":\"https:\/\/chiptuningmarket.com\/wp-content\/uploads\/2025\/05\/jcb-connection.jpg\",\"contentUrl\":\"https:\/\/chiptuningmarket.com\/wp-content\/uploads\/2025\/05\/jcb-connection.jpg\",\"width\":1000,\"height\":1000,\"caption\":\"Przew\u00f3d FLEX OBD do maszyn JCB (pojazdy ci\u0119\u017ckie)\"},{\"@type\":\"BreadcrumbList\",\"@id\":\"https:\/\/chiptuningmarket.com\/en\/shop\/accessories-adapters-cables\/accessories-adapters-cables-magicmotorsport-flex\/accessories-adapters-cables-mms-cables-obd\/flex-obd-cable-for-jcb-machines-heavy-duty\/#breadcrumb\",\"itemListElement\":[{\"@type\":\"ListItem\",\"position\":1,\"name\":\"Home\",\"item\":\"https:\/\/chiptuningmarket.com\/en\/\"},{\"@type\":\"ListItem\",\"position\":2,\"name\":\"Shop\",\"item\":\"https:\/\/chiptuningmarket.com\/en\/shop\/\"},{\"@type\":\"ListItem\",\"position\":3,\"name\":\"FLEX OBD Cable for JCB Machines (Heavy-Duty) &#8211; FLX2.83\"}]},{\"@type\":\"WebSite\",\"@id\":\"https:\/\/chiptuningmarket.com\/en\/#website\",\"url\":\"https:\/\/chiptuningmarket.com\/en\/\",\"name\":\"Chiptuningmarket\",\"description\":\"Biggest chiptuning shop in Europe\",\"publisher\":{\"@id\":\"https:\/\/chiptuningmarket.com\/en\/#organization\"},\"alternateName\":\"Worldwide ecu tools supplier\",\"potentialAction\":[{\"@type\":\"SearchAction\",\"target\":{\"@type\":\"EntryPoint\",\"urlTemplate\":\"https:\/\/chiptuningmarket.com\/en\/?s={search_term_string}\"},\"query-input\":{\"@type\":\"PropertyValueSpecification\",\"valueRequired\":true,\"valueName\":\"search_term_string\"}}],\"inLanguage\":\"en-US\"},{\"@type\":\"Organization\",\"@id\":\"https:\/\/chiptuningmarket.com\/en\/#organization\",\"name\":\"Chiptuningmarket\",\"alternateName\":\"Chiptuning tools supplier\",\"url\":\"https:\/\/chiptuningmarket.com\/en\/\",\"logo\":{\"@type\":\"ImageObject\",\"inLanguage\":\"en-US\",\"@id\":\"https:\/\/chiptuningmarket.com\/en\/#\/schema\/logo\/image\/\",\"url\":\"https:\/\/chiptuningmarket.com\/wp-content\/uploads\/2023\/05\/logo-ChipTuningMarket-social.png\",\"contentUrl\":\"https:\/\/chiptuningmarket.com\/wp-content\/uploads\/2023\/05\/logo-ChipTuningMarket-social.png\",\"width\":512,\"height\":512,\"caption\":\"Chiptuningmarket\"},\"image\":{\"@id\":\"https:\/\/chiptuningmarket.com\/en\/#\/schema\/logo\/image\/\"}}]}<\/script>\n<!-- \/ Yoast SEO plugin. -->","yoast_head_json":{"title":"FLEX OBD Cable for JCB Machines (Heavy-Duty) - FLX2.83 - Chiptuningmarket","description":"FLEX OBD Cable for JCB Machines (Heavy-Duty) FLX2.83 - is designed to establish stable connection between JCB industrial vehicle control units and Flex.","robots":{"index":"index","follow":"follow","max-snippet":"max-snippet:-1","max-image-preview":"max-image-preview:large","max-video-preview":"max-video-preview:-1"},"canonical":"https:\/\/chiptuningmarket.com\/en\/shop\/accessories-adapters-cables\/accessories-adapters-cables-magicmotorsport-flex\/accessories-adapters-cables-mms-cables-obd\/flex-obd-cable-for-jcb-machines-heavy-duty\/","og_locale":"en_US","og_type":"article","og_title":"FLEX OBD Cable for JCB Machines (Heavy-Duty) - FLX2.83 - Chiptuningmarket","og_description":"FLEX OBD Cable for JCB Machines (Heavy-Duty) FLX2.83 - is designed to establish stable connection between JCB industrial vehicle control units and Flex.","og_url":"https:\/\/chiptuningmarket.com\/en\/shop\/accessories-adapters-cables\/accessories-adapters-cables-magicmotorsport-flex\/accessories-adapters-cables-mms-cables-obd\/flex-obd-cable-for-jcb-machines-heavy-duty\/","og_site_name":"Chiptuningmarket","article_modified_time":"2026-03-06T17:34:30+00:00","og_image":[{"width":1000,"height":1000,"url":"https:\/\/chiptuningmarket.com\/wp-content\/uploads\/2025\/05\/jcb-connection.jpg","type":"image\/jpeg"}],"twitter_card":"summary_large_image","twitter_misc":{"Est. reading time":"1 minute"},"schema":{"@context":"https:\/\/schema.org","@graph":[{"@type":"WebPage","@id":"https:\/\/chiptuningmarket.com\/en\/shop\/accessories-adapters-cables\/accessories-adapters-cables-magicmotorsport-flex\/accessories-adapters-cables-mms-cables-obd\/flex-obd-cable-for-jcb-machines-heavy-duty\/","url":"https:\/\/chiptuningmarket.com\/en\/shop\/accessories-adapters-cables\/accessories-adapters-cables-magicmotorsport-flex\/accessories-adapters-cables-mms-cables-obd\/flex-obd-cable-for-jcb-machines-heavy-duty\/","name":"FLEX OBD Cable for JCB Machines (Heavy-Duty) - FLX2.83 - Chiptuningmarket","isPartOf":{"@id":"https:\/\/chiptuningmarket.com\/en\/#website"},"primaryImageOfPage":{"@id":"https:\/\/chiptuningmarket.com\/en\/shop\/accessories-adapters-cables\/accessories-adapters-cables-magicmotorsport-flex\/accessories-adapters-cables-mms-cables-obd\/flex-obd-cable-for-jcb-machines-heavy-duty\/#primaryimage"},"image":{"@id":"https:\/\/chiptuningmarket.com\/en\/shop\/accessories-adapters-cables\/accessories-adapters-cables-magicmotorsport-flex\/accessories-adapters-cables-mms-cables-obd\/flex-obd-cable-for-jcb-machines-heavy-duty\/#primaryimage"},"thumbnailUrl":"https:\/\/chiptuningmarket.com\/wp-content\/uploads\/2025\/05\/jcb-connection.jpg","datePublished":"2025-05-05T11:06:14+00:00","dateModified":"2026-03-06T17:34:30+00:00","description":"FLEX OBD Cable for JCB Machines (Heavy-Duty) FLX2.83 - is designed to establish stable connection between JCB industrial vehicle control units and Flex.","breadcrumb":{"@id":"https:\/\/chiptuningmarket.com\/en\/shop\/accessories-adapters-cables\/accessories-adapters-cables-magicmotorsport-flex\/accessories-adapters-cables-mms-cables-obd\/flex-obd-cable-for-jcb-machines-heavy-duty\/#breadcrumb"},"inLanguage":"en-US","potentialAction":[{"@type":"ReadAction","target":["https:\/\/chiptuningmarket.com\/en\/shop\/accessories-adapters-cables\/accessories-adapters-cables-magicmotorsport-flex\/accessories-adapters-cables-mms-cables-obd\/flex-obd-cable-for-jcb-machines-heavy-duty\/"]}]},{"@type":"ImageObject","inLanguage":"en-US","@id":"https:\/\/chiptuningmarket.com\/en\/shop\/accessories-adapters-cables\/accessories-adapters-cables-magicmotorsport-flex\/accessories-adapters-cables-mms-cables-obd\/flex-obd-cable-for-jcb-machines-heavy-duty\/#primaryimage","url":"https:\/\/chiptuningmarket.com\/wp-content\/uploads\/2025\/05\/jcb-connection.jpg","contentUrl":"https:\/\/chiptuningmarket.com\/wp-content\/uploads\/2025\/05\/jcb-connection.jpg","width":1000,"height":1000,"caption":"Przew\u00f3d FLEX OBD do maszyn JCB (pojazdy ci\u0119\u017ckie)"},{"@type":"BreadcrumbList","@id":"https:\/\/chiptuningmarket.com\/en\/shop\/accessories-adapters-cables\/accessories-adapters-cables-magicmotorsport-flex\/accessories-adapters-cables-mms-cables-obd\/flex-obd-cable-for-jcb-machines-heavy-duty\/#breadcrumb","itemListElement":[{"@type":"ListItem","position":1,"name":"Home","item":"https:\/\/chiptuningmarket.com\/en\/"},{"@type":"ListItem","position":2,"name":"Shop","item":"https:\/\/chiptuningmarket.com\/en\/shop\/"},{"@type":"ListItem","position":3,"name":"FLEX OBD Cable for JCB Machines (Heavy-Duty) &#8211; FLX2.83"}]},{"@type":"WebSite","@id":"https:\/\/chiptuningmarket.com\/en\/#website","url":"https:\/\/chiptuningmarket.com\/en\/","name":"Chiptuningmarket","description":"Biggest chiptuning shop in Europe","publisher":{"@id":"https:\/\/chiptuningmarket.com\/en\/#organization"},"alternateName":"Worldwide ecu tools supplier","potentialAction":[{"@type":"SearchAction","target":{"@type":"EntryPoint","urlTemplate":"https:\/\/chiptuningmarket.com\/en\/?s={search_term_string}"},"query-input":{"@type":"PropertyValueSpecification","valueRequired":true,"valueName":"search_term_string"}}],"inLanguage":"en-US"},{"@type":"Organization","@id":"https:\/\/chiptuningmarket.com\/en\/#organization","name":"Chiptuningmarket","alternateName":"Chiptuning tools supplier","url":"https:\/\/chiptuningmarket.com\/en\/","logo":{"@type":"ImageObject","inLanguage":"en-US","@id":"https:\/\/chiptuningmarket.com\/en\/#\/schema\/logo\/image\/","url":"https:\/\/chiptuningmarket.com\/wp-content\/uploads\/2023\/05\/logo-ChipTuningMarket-social.png","contentUrl":"https:\/\/chiptuningmarket.com\/wp-content\/uploads\/2023\/05\/logo-ChipTuningMarket-social.png","width":512,"height":512,"caption":"Chiptuningmarket"},"image":{"@id":"https:\/\/chiptuningmarket.com\/en\/#\/schema\/logo\/image\/"}}]}},"_links":{"self":[{"href":"https:\/\/chiptuningmarket.com\/en\/wp-json\/wp\/v2\/product\/70744","targetHints":{"allow":["GET"]}}],"collection":[{"href":"https:\/\/chiptuningmarket.com\/en\/wp-json\/wp\/v2\/product"}],"about":[{"href":"https:\/\/chiptuningmarket.com\/en\/wp-json\/wp\/v2\/types\/product"}],"wp:featuredmedia":[{"embeddable":true,"href":"https:\/\/chiptuningmarket.com\/en\/wp-json\/wp\/v2\/media\/70682"}],"wp:attachment":[{"href":"https:\/\/chiptuningmarket.com\/en\/wp-json\/wp\/v2\/media?parent=70744"}],"wp:term":[{"taxonomy":"product_brand","embeddable":true,"href":"https:\/\/chiptuningmarket.com\/en\/wp-json\/wp\/v2\/product_brand?post=70744"},{"taxonomy":"product_cat","embeddable":true,"href":"https:\/\/chiptuningmarket.com\/en\/wp-json\/wp\/v2\/product_cat?post=70744"},{"taxonomy":"product_tag","embeddable":true,"href":"https:\/\/chiptuningmarket.com\/en\/wp-json\/wp\/v2\/product_tag?post=70744"}],"curies":[{"name":"wp","href":"https:\/\/api.w.org\/{rel}","templated":true}]}}