{"id":94144,"date":"2025-05-28T08:15:49","date_gmt":"2025-05-28T07:15:49","guid":{"rendered":"https:\/\/chiptuningmarket.com\/?post_type=product&#038;p=94144"},"modified":"2026-01-13T00:00:07","modified_gmt":"2026-01-12T23:00:07","slug":"kess3-master-tcu-obd-bench-boot","status":"publish","type":"product","link":"https:\/\/chiptuningmarket.com\/en\/shop\/rogrammers\/programmers-chiptuning\/chiptuning-alientech\/kess3-master-tcu-obd-bench-boot\/","title":{"rendered":"KESS3 Master TCU OBD + Bench\/Boot"},"content":{"rendered":"<h3 style=\"text-align: center\">KESS3 Master TCU OBD + Bench\/Boot<\/h3>\n<p><img decoding=\"async\" class=\"aligncenter size-full wp-image-18168\" src=\"https:\/\/ms-group.pl\/wp-content\/uploads\/2022\/04\/KESS3_OBD_Bench_Boot_Programming_SuiteCase_Opened2.png\" alt=\"KESS3 - nowe urz\u0105dzenie Alientech ( KESSv2 &amp; K-TAG)\" width=\"1000\" height=\"1000\" \/><\/p>\n<h2 style=\"text-align: center\"><strong>KESS3 Master TCU OBD + Bench\/Boot &#8211; 6 <\/strong><strong>main features<\/strong><\/h2>\n<ol>\n<li>You no longer need separate tools for programming via OBD and on the bench mode. In the new KESS3, both functions are now combined.<\/li>\n<li>More choices and easier to match protocols to your needs<\/li>\n<li>Lightning fast read and write with advanced checksum processing speed. No more waiting for checksum calculations &#8211; the new KESS3 with its powerful computing power is able to process data much faster<\/li>\n<li>Compatible with KESS V2 cables &#8211; no need to buy new cable sets.<\/li>\n<li>Bench and Boot protocols are now available for purchase individually<\/li>\n<li>Service mode &#8211; greater coverage of ECUs in SM &#8211; Bench mode (read ECU via\u00a0 pins without opening )<\/li>\n<\/ol>\n<p style=\"text-align: center\"><strong>\u00a0<\/strong><\/p>\n<p style=\"text-align: center\"><strong>KESS3 is the latest TCU tuning tool from Alientech, replacing KESSv2 and K-TAG.<\/strong><\/p>\n<p>KESS3 gives you more control than its predecessors, KESSv2 and K-TAG, and can be upgraded without having to spend money on new hardware. This new tool allows users to remap faster and easier than ever before, with the ability to use both OBD and Bench methods with one device.<\/p>\n<p>The KESS 3 tool is the latest step in TCU tuning &#8211; it is faster and more powerful than its predecessors. The interface speed is faster than any previous Alientech program<\/p>\n<h3 style=\"text-align: center\"><strong>KESS3 &#8211; new tool from Alientech ( KESSv2 &amp; K-TAG) -all protocols in one programmer<\/strong><\/h3>\n<p><img decoding=\"async\" class=\"aligncenter size-large wp-image-18172\" src=\"https:\/\/ms-group.pl\/wp-content\/uploads\/2022\/04\/KESS3_OBD_Bench_Boot_Programming_Bench_Connection-1024x683.png\" alt=\"KESS3_OBD_Bench_Boot_Programming_Bench_Connection\" width=\"1024\" height=\"683\" \/><\/p>\n<p>Bench and Boot protocols are for the first time available by the type of vehicle they support rather than by processor type &#8211; making it easier to compose a kit.<\/p>\n<p>The new Kess3 uses the latest technology available to ensure fast reading and writing in TCU<\/p>\n<h3 style=\"text-align: center\">Alientech Suite<\/h3>\n<p>The Alientech Suite program that supports Kess3 is an all-in-one program. No more wandering around a complicated menu. Select the vehicle you want to read from the main screen, then simply choose the reading method &#8220;OBD&#8221; \/ &#8220;bench &#8211; service mode&#8221; \/ &#8220;Boot &#8211; direct connection to the driver PCB &#8221;<\/p>\n<h3 style=\"text-align: center\"><strong>Connection instructions\u00a0<\/strong><\/h3>\n<p>Now clear instructions are displayed before going to the read\/write screen when using Kess3. This ensures that you don&#8217;t miss important instructions and that you are up to date with the knowledge to safely read\/write a driver.<\/p>\n<p><img decoding=\"async\" class=\"aligncenter size-full wp-image-18173\" src=\"https:\/\/ms-group.pl\/wp-content\/uploads\/2022\/04\/KESS3_OBD_Bench_Boot_Programming_SuiteCase_Closed.png\" alt=\"KESS3_OBD_Bench_Boot_Programming_SuiteCase_Closed\" width=\"1000\" height=\"1000\" \/><\/p>\n<h3 style=\"text-align: center\">Easier searching<\/h3>\n<p>Quick filtering to find your vehicle. Now you can quickly jump to the protocol you need.\u00a0 Filter by ECU or TCU, or fuel type &#8211; all in one place! <strong>KESS3 is the easiest and simplest to use programmer on the market.<\/strong><\/p>\n<p>&nbsp;<\/p>\n<p>The new Kess3 has a protective rubberized layer around the outer edge of the tool to absorb shock and impact when working in harsh conditions. In addition, it has rubber non-slip feet<\/p>\n<p>&nbsp;<\/p>\n<p><strong>We also offer:<\/strong><\/p>\n<p><a style=\"color: blue\" href=\"https:\/\/chiptuningmarket.com\/en\/shop\/rogrammers\/programmers-chiptuning\/chiptuning-dfb-technology-dfox\/dfb-technology-dfox-master\/dfox-master-full-ecu-tcu-version\/\"><strong><br \/>\n<\/strong>DFOX Master Full ECU Agri Truck Cars Bikes<\/a><\/p>\n","protected":false},"excerpt":{"rendered":"<p>A new product from Alientech- One device with a choice of protocols tailored to specific vehicle groups and reading methods &#8211; OBD\/ Bench&amp;Boot<\/p>\n<p><strong>If you have a previous KESSv2 or K-TAG device please contact us. For existing Alientech users, there is an exchange program that allows you to receive a discount of up to 95%<\/strong><\/p>\n<p><strong>New device -&gt; lower annual subscriptions<\/strong>. From now on, the cost of annual subscription for Master version is 1190 EUR net regardless of the number of protocols. For Slave version it is 590 EUR net.<\/p>\n","protected":false},"featured_media":26786,"template":"","meta":{"_monsterinsights_skip_tracking":false,"_monsterinsights_sitenote_active":false,"_monsterinsights_sitenote_note":"","_monsterinsights_sitenote_category":0},"product_brand":[],"product_cat":[5314,5304,5504,5507],"product_tag":[1377,7519,4368,7521],"class_list":{"0":"post-94144","1":"product","2":"type-product","3":"status-publish","4":"has-post-thumbnail","6":"product_cat-promotions","7":"product_cat-rogrammers","8":"product_cat-programmers-chiptuning","9":"product_cat-chiptuning-alientech","10":"product_tag-alientech-pl","11":"product_tag-ecu-tuning","12":"product_tag-kess3-pl","13":"product_tag-programator-tcu","15":"first","16":"instock","17":"taxable","18":"shipping-taxable","19":"purchasable","20":"product-type-simple"},"yoast_head":"<!-- This site is optimized with the Yoast SEO plugin v25.2 - https:\/\/yoast.com\/wordpress\/plugins\/seo\/ -->\n<title>KESS3 Master TCU OBD + Bench\/Boot - Chiptuningmarket<\/title>\n<meta name=\"description\" content=\"KESS3 Master MARINE OBD - jedno urz\u0105dzenie z mo\u017cliwo\u015bci\u0105 wyboru protoko\u0142\u00f3w dopasowanych do konkretnych grup pojazd\u00f3w i metod odc...\" \/>\n<meta name=\"robots\" content=\"index, follow, max-snippet:-1, max-image-preview:large, max-video-preview:-1\" \/>\n<link rel=\"canonical\" href=\"https:\/\/chiptuningmarket.com\/en\/shop\/rogrammers\/programmers-chiptuning\/chiptuning-alientech\/kess3-master-tcu-obd-bench-boot\/\" \/>\n<meta property=\"og:locale\" content=\"en_US\" \/>\n<meta property=\"og:type\" content=\"article\" \/>\n<meta property=\"og:title\" content=\"KESS3 Master TCU OBD + Bench\/Boot - Chiptuningmarket\" \/>\n<meta property=\"og:description\" content=\"KESS3 Master MARINE OBD - jedno urz\u0105dzenie z mo\u017cliwo\u015bci\u0105 wyboru protoko\u0142\u00f3w dopasowanych do konkretnych grup pojazd\u00f3w i metod odc...\" \/>\n<meta property=\"og:url\" content=\"https:\/\/chiptuningmarket.com\/en\/shop\/rogrammers\/programmers-chiptuning\/chiptuning-alientech\/kess3-master-tcu-obd-bench-boot\/\" \/>\n<meta property=\"og:site_name\" content=\"Chiptuningmarket\" \/>\n<meta property=\"article:modified_time\" content=\"2026-01-12T23:00:07+00:00\" \/>\n<meta property=\"og:image\" content=\"https:\/\/chiptuningmarket.com\/wp-content\/uploads\/2023\/12\/KESS3_OBD_Bench_Boot_Programming_SuiteCase_Opened2.png\" \/>\n\t<meta property=\"og:image:width\" content=\"1000\" \/>\n\t<meta property=\"og:image:height\" content=\"1000\" \/>\n\t<meta property=\"og:image:type\" content=\"image\/png\" \/>\n<meta name=\"twitter:card\" content=\"summary_large_image\" \/>\n<meta name=\"twitter:label1\" content=\"Est. reading time\" \/>\n\t<meta name=\"twitter:data1\" content=\"3 minutes\" \/>\n<script type=\"application\/ld+json\" class=\"yoast-schema-graph\">{\"@context\":\"https:\/\/schema.org\",\"@graph\":[{\"@type\":\"WebPage\",\"@id\":\"https:\/\/chiptuningmarket.com\/en\/shop\/rogrammers\/programmers-chiptuning\/chiptuning-alientech\/kess3-master-tcu-obd-bench-boot\/\",\"url\":\"https:\/\/chiptuningmarket.com\/en\/shop\/rogrammers\/programmers-chiptuning\/chiptuning-alientech\/kess3-master-tcu-obd-bench-boot\/\",\"name\":\"KESS3 Master TCU OBD + Bench\/Boot - Chiptuningmarket\",\"isPartOf\":{\"@id\":\"https:\/\/chiptuningmarket.com\/en\/#website\"},\"primaryImageOfPage\":{\"@id\":\"https:\/\/chiptuningmarket.com\/en\/shop\/rogrammers\/programmers-chiptuning\/chiptuning-alientech\/kess3-master-tcu-obd-bench-boot\/#primaryimage\"},\"image\":{\"@id\":\"https:\/\/chiptuningmarket.com\/en\/shop\/rogrammers\/programmers-chiptuning\/chiptuning-alientech\/kess3-master-tcu-obd-bench-boot\/#primaryimage\"},\"thumbnailUrl\":\"https:\/\/chiptuningmarket.com\/wp-content\/uploads\/2023\/12\/KESS3_OBD_Bench_Boot_Programming_SuiteCase_Opened2.png\",\"datePublished\":\"2025-05-28T07:15:49+00:00\",\"dateModified\":\"2026-01-12T23:00:07+00:00\",\"description\":\"KESS3 Master MARINE OBD - jedno urz\u0105dzenie z mo\u017cliwo\u015bci\u0105 wyboru protoko\u0142\u00f3w dopasowanych do konkretnych grup pojazd\u00f3w i metod odc...\",\"breadcrumb\":{\"@id\":\"https:\/\/chiptuningmarket.com\/en\/shop\/rogrammers\/programmers-chiptuning\/chiptuning-alientech\/kess3-master-tcu-obd-bench-boot\/#breadcrumb\"},\"inLanguage\":\"en-US\",\"potentialAction\":[{\"@type\":\"ReadAction\",\"target\":[\"https:\/\/chiptuningmarket.com\/en\/shop\/rogrammers\/programmers-chiptuning\/chiptuning-alientech\/kess3-master-tcu-obd-bench-boot\/\"]}]},{\"@type\":\"ImageObject\",\"inLanguage\":\"en-US\",\"@id\":\"https:\/\/chiptuningmarket.com\/en\/shop\/rogrammers\/programmers-chiptuning\/chiptuning-alientech\/kess3-master-tcu-obd-bench-boot\/#primaryimage\",\"url\":\"https:\/\/chiptuningmarket.com\/wp-content\/uploads\/2023\/12\/KESS3_OBD_Bench_Boot_Programming_SuiteCase_Opened2.png\",\"contentUrl\":\"https:\/\/chiptuningmarket.com\/wp-content\/uploads\/2023\/12\/KESS3_OBD_Bench_Boot_Programming_SuiteCase_Opened2.png\",\"width\":1000,\"height\":1000},{\"@type\":\"BreadcrumbList\",\"@id\":\"https:\/\/chiptuningmarket.com\/en\/shop\/rogrammers\/programmers-chiptuning\/chiptuning-alientech\/kess3-master-tcu-obd-bench-boot\/#breadcrumb\",\"itemListElement\":[{\"@type\":\"ListItem\",\"position\":1,\"name\":\"Home\",\"item\":\"https:\/\/chiptuningmarket.com\/en\/\"},{\"@type\":\"ListItem\",\"position\":2,\"name\":\"Shop\",\"item\":\"https:\/\/chiptuningmarket.com\/en\/shop\/\"},{\"@type\":\"ListItem\",\"position\":3,\"name\":\"KESS3 Master TCU OBD + Bench\/Boot\"}]},{\"@type\":\"WebSite\",\"@id\":\"https:\/\/chiptuningmarket.com\/en\/#website\",\"url\":\"https:\/\/chiptuningmarket.com\/en\/\",\"name\":\"Chiptuningmarket\",\"description\":\"Biggest chiptuning shop in Europe\",\"publisher\":{\"@id\":\"https:\/\/chiptuningmarket.com\/en\/#organization\"},\"alternateName\":\"Worldwide ecu tools supplier\",\"potentialAction\":[{\"@type\":\"SearchAction\",\"target\":{\"@type\":\"EntryPoint\",\"urlTemplate\":\"https:\/\/chiptuningmarket.com\/en\/?s={search_term_string}\"},\"query-input\":{\"@type\":\"PropertyValueSpecification\",\"valueRequired\":true,\"valueName\":\"search_term_string\"}}],\"inLanguage\":\"en-US\"},{\"@type\":\"Organization\",\"@id\":\"https:\/\/chiptuningmarket.com\/en\/#organization\",\"name\":\"Chiptuningmarket\",\"alternateName\":\"Chiptuning tools supplier\",\"url\":\"https:\/\/chiptuningmarket.com\/en\/\",\"logo\":{\"@type\":\"ImageObject\",\"inLanguage\":\"en-US\",\"@id\":\"https:\/\/chiptuningmarket.com\/en\/#\/schema\/logo\/image\/\",\"url\":\"https:\/\/chiptuningmarket.com\/wp-content\/uploads\/2023\/05\/logo-ChipTuningMarket-social.png\",\"contentUrl\":\"https:\/\/chiptuningmarket.com\/wp-content\/uploads\/2023\/05\/logo-ChipTuningMarket-social.png\",\"width\":512,\"height\":512,\"caption\":\"Chiptuningmarket\"},\"image\":{\"@id\":\"https:\/\/chiptuningmarket.com\/en\/#\/schema\/logo\/image\/\"}}]}<\/script>\n<!-- \/ Yoast SEO plugin. -->","yoast_head_json":{"title":"KESS3 Master TCU OBD + Bench\/Boot - Chiptuningmarket","description":"KESS3 Master MARINE OBD - jedno urz\u0105dzenie z mo\u017cliwo\u015bci\u0105 wyboru protoko\u0142\u00f3w dopasowanych do konkretnych grup pojazd\u00f3w i metod odc...","robots":{"index":"index","follow":"follow","max-snippet":"max-snippet:-1","max-image-preview":"max-image-preview:large","max-video-preview":"max-video-preview:-1"},"canonical":"https:\/\/chiptuningmarket.com\/en\/shop\/rogrammers\/programmers-chiptuning\/chiptuning-alientech\/kess3-master-tcu-obd-bench-boot\/","og_locale":"en_US","og_type":"article","og_title":"KESS3 Master TCU OBD + Bench\/Boot - Chiptuningmarket","og_description":"KESS3 Master MARINE OBD - jedno urz\u0105dzenie z mo\u017cliwo\u015bci\u0105 wyboru protoko\u0142\u00f3w dopasowanych do konkretnych grup pojazd\u00f3w i metod odc...","og_url":"https:\/\/chiptuningmarket.com\/en\/shop\/rogrammers\/programmers-chiptuning\/chiptuning-alientech\/kess3-master-tcu-obd-bench-boot\/","og_site_name":"Chiptuningmarket","article_modified_time":"2026-01-12T23:00:07+00:00","og_image":[{"width":1000,"height":1000,"url":"https:\/\/chiptuningmarket.com\/wp-content\/uploads\/2023\/12\/KESS3_OBD_Bench_Boot_Programming_SuiteCase_Opened2.png","type":"image\/png"}],"twitter_card":"summary_large_image","twitter_misc":{"Est. reading time":"3 minutes"},"schema":{"@context":"https:\/\/schema.org","@graph":[{"@type":"WebPage","@id":"https:\/\/chiptuningmarket.com\/en\/shop\/rogrammers\/programmers-chiptuning\/chiptuning-alientech\/kess3-master-tcu-obd-bench-boot\/","url":"https:\/\/chiptuningmarket.com\/en\/shop\/rogrammers\/programmers-chiptuning\/chiptuning-alientech\/kess3-master-tcu-obd-bench-boot\/","name":"KESS3 Master TCU OBD + Bench\/Boot - Chiptuningmarket","isPartOf":{"@id":"https:\/\/chiptuningmarket.com\/en\/#website"},"primaryImageOfPage":{"@id":"https:\/\/chiptuningmarket.com\/en\/shop\/rogrammers\/programmers-chiptuning\/chiptuning-alientech\/kess3-master-tcu-obd-bench-boot\/#primaryimage"},"image":{"@id":"https:\/\/chiptuningmarket.com\/en\/shop\/rogrammers\/programmers-chiptuning\/chiptuning-alientech\/kess3-master-tcu-obd-bench-boot\/#primaryimage"},"thumbnailUrl":"https:\/\/chiptuningmarket.com\/wp-content\/uploads\/2023\/12\/KESS3_OBD_Bench_Boot_Programming_SuiteCase_Opened2.png","datePublished":"2025-05-28T07:15:49+00:00","dateModified":"2026-01-12T23:00:07+00:00","description":"KESS3 Master MARINE OBD - jedno urz\u0105dzenie z mo\u017cliwo\u015bci\u0105 wyboru protoko\u0142\u00f3w dopasowanych do konkretnych grup pojazd\u00f3w i metod odc...","breadcrumb":{"@id":"https:\/\/chiptuningmarket.com\/en\/shop\/rogrammers\/programmers-chiptuning\/chiptuning-alientech\/kess3-master-tcu-obd-bench-boot\/#breadcrumb"},"inLanguage":"en-US","potentialAction":[{"@type":"ReadAction","target":["https:\/\/chiptuningmarket.com\/en\/shop\/rogrammers\/programmers-chiptuning\/chiptuning-alientech\/kess3-master-tcu-obd-bench-boot\/"]}]},{"@type":"ImageObject","inLanguage":"en-US","@id":"https:\/\/chiptuningmarket.com\/en\/shop\/rogrammers\/programmers-chiptuning\/chiptuning-alientech\/kess3-master-tcu-obd-bench-boot\/#primaryimage","url":"https:\/\/chiptuningmarket.com\/wp-content\/uploads\/2023\/12\/KESS3_OBD_Bench_Boot_Programming_SuiteCase_Opened2.png","contentUrl":"https:\/\/chiptuningmarket.com\/wp-content\/uploads\/2023\/12\/KESS3_OBD_Bench_Boot_Programming_SuiteCase_Opened2.png","width":1000,"height":1000},{"@type":"BreadcrumbList","@id":"https:\/\/chiptuningmarket.com\/en\/shop\/rogrammers\/programmers-chiptuning\/chiptuning-alientech\/kess3-master-tcu-obd-bench-boot\/#breadcrumb","itemListElement":[{"@type":"ListItem","position":1,"name":"Home","item":"https:\/\/chiptuningmarket.com\/en\/"},{"@type":"ListItem","position":2,"name":"Shop","item":"https:\/\/chiptuningmarket.com\/en\/shop\/"},{"@type":"ListItem","position":3,"name":"KESS3 Master TCU OBD + Bench\/Boot"}]},{"@type":"WebSite","@id":"https:\/\/chiptuningmarket.com\/en\/#website","url":"https:\/\/chiptuningmarket.com\/en\/","name":"Chiptuningmarket","description":"Biggest chiptuning shop in Europe","publisher":{"@id":"https:\/\/chiptuningmarket.com\/en\/#organization"},"alternateName":"Worldwide ecu tools supplier","potentialAction":[{"@type":"SearchAction","target":{"@type":"EntryPoint","urlTemplate":"https:\/\/chiptuningmarket.com\/en\/?s={search_term_string}"},"query-input":{"@type":"PropertyValueSpecification","valueRequired":true,"valueName":"search_term_string"}}],"inLanguage":"en-US"},{"@type":"Organization","@id":"https:\/\/chiptuningmarket.com\/en\/#organization","name":"Chiptuningmarket","alternateName":"Chiptuning tools supplier","url":"https:\/\/chiptuningmarket.com\/en\/","logo":{"@type":"ImageObject","inLanguage":"en-US","@id":"https:\/\/chiptuningmarket.com\/en\/#\/schema\/logo\/image\/","url":"https:\/\/chiptuningmarket.com\/wp-content\/uploads\/2023\/05\/logo-ChipTuningMarket-social.png","contentUrl":"https:\/\/chiptuningmarket.com\/wp-content\/uploads\/2023\/05\/logo-ChipTuningMarket-social.png","width":512,"height":512,"caption":"Chiptuningmarket"},"image":{"@id":"https:\/\/chiptuningmarket.com\/en\/#\/schema\/logo\/image\/"}}]}},"_links":{"self":[{"href":"https:\/\/chiptuningmarket.com\/en\/wp-json\/wp\/v2\/product\/94144","targetHints":{"allow":["GET"]}}],"collection":[{"href":"https:\/\/chiptuningmarket.com\/en\/wp-json\/wp\/v2\/product"}],"about":[{"href":"https:\/\/chiptuningmarket.com\/en\/wp-json\/wp\/v2\/types\/product"}],"wp:featuredmedia":[{"embeddable":true,"href":"https:\/\/chiptuningmarket.com\/en\/wp-json\/wp\/v2\/media\/26786"}],"wp:attachment":[{"href":"https:\/\/chiptuningmarket.com\/en\/wp-json\/wp\/v2\/media?parent=94144"}],"wp:term":[{"taxonomy":"product_brand","embeddable":true,"href":"https:\/\/chiptuningmarket.com\/en\/wp-json\/wp\/v2\/product_brand?post=94144"},{"taxonomy":"product_cat","embeddable":true,"href":"https:\/\/chiptuningmarket.com\/en\/wp-json\/wp\/v2\/product_cat?post=94144"},{"taxonomy":"product_tag","embeddable":true,"href":"https:\/\/chiptuningmarket.com\/en\/wp-json\/wp\/v2\/product_tag?post=94144"}],"curies":[{"name":"wp","href":"https:\/\/api.w.org\/{rel}","templated":true}]}}