{"id":115928,"date":"2025-06-11T14:38:53","date_gmt":"2025-06-11T13:38:53","guid":{"rendered":"https:\/\/chiptuningmarket.com\/?post_type=product&#038;p=115928"},"modified":"2025-09-16T13:35:18","modified_gmt":"2025-09-16T12:35:18","slug":"pto-hamownia-dyno-revolt-hr-1","status":"publish","type":"product","link":"https:\/\/chiptuningmarket.com\/pl\/shop\/hamownie-pl\/wom\/dyno-revolt-pl\/pto-hamownia-dyno-revolt-hr-1\/","title":{"rendered":"PTO HAMOWNIA DYNO REVOLT HR-1"},"content":{"rendered":"<h2 style=\"text-align: center\">PTO HAMOWNIA DYNO REVOLT HR-1<\/h2>\n<p><a href=\"https:\/\/chiptuningmarket.com\/wp-content\/uploads\/2025\/06\/PTO-DYNAMOMETER-DYNO-REVOLT-HR-1-3.jpg\"><img decoding=\"async\" class=\"aligncenter wp-image-137481 size-large\" src=\"https:\/\/chiptuningmarket.com\/wp-content\/uploads\/2025\/06\/PTO-DYNAMOMETER-DYNO-REVOLT-HR-1-3-768x1024.jpg\" alt=\"\" width=\"768\" height=\"1024\" srcset=\"https:\/\/chiptuningmarket.com\/wp-content\/uploads\/2025\/06\/PTO-DYNAMOMETER-DYNO-REVOLT-HR-1-3-768x1024.jpg 768w, https:\/\/chiptuningmarket.com\/wp-content\/uploads\/2025\/06\/PTO-DYNAMOMETER-DYNO-REVOLT-HR-1-3-225x300.jpg 225w, https:\/\/chiptuningmarket.com\/wp-content\/uploads\/2025\/06\/PTO-DYNAMOMETER-DYNO-REVOLT-HR-1-3-1152x1536.jpg 1152w, https:\/\/chiptuningmarket.com\/wp-content\/uploads\/2025\/06\/PTO-DYNAMOMETER-DYNO-REVOLT-HR-1-3-600x800.jpg 600w, https:\/\/chiptuningmarket.com\/wp-content\/uploads\/2025\/06\/PTO-DYNAMOMETER-DYNO-REVOLT-HR-1-3.jpg 1200w\" sizes=\"(max-width: 768px) 100vw, 768px\" \/><\/a><\/p>\n<p><strong data-start=\"136\" data-end=\"157\">Dyno Revolt HR-1<\/strong> to wysokiej klasy hamownia PTO, zaprojektowana z my\u015bl\u0105 o profesjonalnym tuningu i diagnostyce. Produkowana przez firm\u0119 <strong data-start=\"317\" data-end=\"332\">Dyno Revolt<\/strong> w Polsce, zapewnia precyzyjne i powtarzalne pomiary. W cenie nie jest zawarty monta\u017c hamowni oraz wa\u0142ek WOM.<\/p>\n<p><strong>G\u0142\u00f3wne cechy:<\/strong><br \/>\n&#8211; modu\u0142owa konstrukcja, mo\u017cliwo\u015b\u0107 rozbudowy o dodatkowe modu\u0142y<br \/>\n&#8211; kompaktowy rozmiar sprawia, \u017ce urz\u0105dzenie nadaje si\u0119 nawet do niewielkiej przestrzeni<br \/>\n&#8211; wiele opcji monta\u017cu: na furgonetce lub przyczepie do test\u00f3w mobilnych lub na dedykowanym stojaku do oceny stacjonarnej<br \/>\n&#8211; tylko najwy\u017cszej klasy komponenty od \u015bwiatowych lider\u00f3w, takich jak SKF, KLAM, ZF, KTR itp.<br \/>\n&#8211; zaawansowany kontroler hamowni, kt\u00f3ry \u0142\u0105czy w sobie komputer PC z systemem mikrokontrolera i rejestratorem danych. Kontroler wyposa\u017cony jest w: czujniki warunk\u00f3w otoczenia, 2x CAN-BUS, 4x wyj\u015bcia przeka\u017anikowe, wyj\u015bcia zasilania (24V,12V,5V), 12x wej\u015bcia analogowe, 8x wej\u015bcia termoparowe, 2x wyj\u015bcia analogowe, opcj\u0119 odczytu OBD, Wi-Fi, Bluetooth, Gigabit Ethernet.<br \/>\n&#8211; ultraszybki wiropr\u0105dowy kontroler hamulca z innowacyjnym systemem roz\u0142adowania<br \/>\n&#8211; dost\u0119pne tryby testowe: test przemiatania (rampa\/sta\u0142e przyspieszenie), stan ustalony, tryb r\u0119czny<br \/>\n&#8211; zaprojektowany i wyprodukowany przez otwarty zesp\u00f3\u0142 entuzjast\u00f3w z wieloletnim do\u015bwiadczeniem w bran\u017cy hamowni silnikowych<\/p>\n<h3><\/h3>\n<h3>Specyfikacja techniczna \u2013 HR-1 PTO Dyno<\/h3>\n<table>\n<thead>\n<tr>\n<th>Parametr<\/th>\n<th>Warto\u015b\u0107<\/th>\n<\/tr>\n<\/thead>\n<tbody>\n<tr>\n<td><strong>Model<\/strong><\/td>\n<td>HR-1<\/td>\n<\/tr>\n<tr>\n<td><strong>Typ<\/strong><\/td>\n<td>Hamownia PTO (wa\u0142 odbioru mocy), modu\u0142owa<\/td>\n<\/tr>\n<tr>\n<td><strong>Maks. wymiary piasty<\/strong><\/td>\n<td>800 \u00d7 800 \u00d7 800 mm (d\u0142. \u00d7 szer. \u00d7 wys.)<\/td>\n<\/tr>\n<tr>\n<td><strong>Maksymalny moment hamuj\u0105cy<\/strong><\/td>\n<td>4660 Nm<\/td>\n<\/tr>\n<tr>\n<td><strong>Maksymalne obroty wa\u0142u<\/strong><\/td>\n<td>6700 obr.\/min<\/td>\n<\/tr>\n<tr>\n<td><strong>Wa\u0142 wyj\u015bciowy<\/strong><\/td>\n<td>1 3\/8&#8243; \u2013 6 wypust\u00f3w (typowy dla PTO)<\/td>\n<\/tr>\n<tr>\n<td><strong>Masa urz\u0105dzenia<\/strong><\/td>\n<td>600 kg<\/td>\n<\/tr>\n<tr>\n<td><strong>Maks. b\u0142\u0105d pomiarowy<\/strong><\/td>\n<td>0,1%<\/td>\n<\/tr>\n<tr>\n<td><strong>Zasilanie<\/strong><\/td>\n<td>110\u2013400 VAC, 50\u201360 Hz, 1\u20133 fazy<\/td>\n<\/tr>\n<\/tbody>\n<\/table>\n<p>&nbsp;<\/p>\n<p>&nbsp;<\/p>\n<p>&nbsp;<\/p>\n","protected":false},"excerpt":{"rendered":"<p><strong data-start=\"136\" data-end=\"157\">Dyno Revolt HR-1<\/strong> to wysokiej klasy hamownia PTO, zaprojektowana z my\u015bl\u0105 o profesjonalnym tuningu i diagnostyce. Produkowana przez firm\u0119 <strong data-start=\"317\" data-end=\"332\">Dyno Revolt<\/strong>\u00a0w Polsce, zapewnia precyzyjne i powtarzalne pomiary<\/p>\n","protected":false},"featured_media":137475,"template":"","meta":{"_monsterinsights_skip_tracking":false,"_monsterinsights_sitenote_active":false,"_monsterinsights_sitenote_note":"","_monsterinsights_sitenote_category":0},"product_brand":[],"product_cat":[5072,5090,5656,7634],"product_tag":[7636,7637,7638,7639,3967,7640],"class_list":{"0":"post-115928","1":"product","2":"type-product","3":"status-publish","4":"has-post-thumbnail","6":"product_cat-nowosci-pl","7":"product_cat-hamownie-pl","8":"product_cat-wom","9":"product_cat-dyno-revolt-pl","10":"product_tag-dyno-revolt-hr-1","11":"product_tag-hamownia-mobilna-pto","12":"product_tag-hamownia-pto","13":"product_tag-hamownia-rolnicza","14":"product_tag-hamownia-wom-pl","15":"product_tag-pomiar-mocy-silnika-ciagnika","17":"first","18":"onbackorder","19":"taxable","20":"shipping-taxable","21":"purchasable","22":"product-type-simple"},"yoast_head":"<!-- This site is optimized with the Yoast SEO plugin v25.2 - https:\/\/yoast.com\/wordpress\/plugins\/seo\/ -->\n<title>PTO HAMOWNIA DYNO REVOLT HR-1 - Chiptuningmarket<\/title>\n<meta name=\"description\" content=\"Dyno Revolt HR-1 to wysokiej klasy hamownia PTO, zaprojektowana z my\u015bl\u0105 o profesjonalnym tuningu i diagnostyce. Produkowana przez firm\u0119 Dyno Revolt\u00a0w Polsce, zapewnia precyzyjne i powtarzalne pomiary\u00a0\" \/>\n<meta name=\"robots\" content=\"index, follow, max-snippet:-1, max-image-preview:large, max-video-preview:-1\" \/>\n<link rel=\"canonical\" href=\"https:\/\/chiptuningmarket.com\/pl\/shop\/hamownie-pl\/wom\/dyno-revolt-pl\/pto-hamownia-dyno-revolt-hr-1\/\" \/>\n<meta property=\"og:locale\" content=\"pl_PL\" \/>\n<meta property=\"og:type\" content=\"article\" \/>\n<meta property=\"og:title\" content=\"PTO HAMOWNIA DYNO REVOLT HR-1 - Chiptuningmarket\" \/>\n<meta property=\"og:description\" content=\"Dyno Revolt HR-1 to wysokiej klasy hamownia PTO, zaprojektowana z my\u015bl\u0105 o profesjonalnym tuningu i diagnostyce. Produkowana przez firm\u0119 Dyno Revolt\u00a0w Polsce, zapewnia precyzyjne i powtarzalne pomiary\u00a0\" \/>\n<meta property=\"og:url\" content=\"https:\/\/chiptuningmarket.com\/pl\/shop\/hamownie-pl\/wom\/dyno-revolt-pl\/pto-hamownia-dyno-revolt-hr-1\/\" \/>\n<meta property=\"og:site_name\" content=\"Chiptuningmarket\" \/>\n<meta property=\"article:modified_time\" content=\"2025-09-16T12:35:18+00:00\" \/>\n<meta property=\"og:image\" content=\"https:\/\/chiptuningmarket.com\/wp-content\/uploads\/2025\/06\/20250327_130210-scaled.jpg\" \/>\n\t<meta property=\"og:image:width\" content=\"1920\" \/>\n\t<meta property=\"og:image:height\" content=\"2560\" \/>\n\t<meta property=\"og:image:type\" content=\"image\/jpeg\" \/>\n<meta name=\"twitter:card\" content=\"summary_large_image\" \/>\n<meta name=\"twitter:label1\" content=\"Szacowany czas czytania\" \/>\n\t<meta name=\"twitter:data1\" content=\"2 minuty\" \/>\n<script type=\"application\/ld+json\" class=\"yoast-schema-graph\">{\"@context\":\"https:\/\/schema.org\",\"@graph\":[{\"@type\":\"WebPage\",\"@id\":\"https:\/\/chiptuningmarket.com\/pl\/shop\/hamownie-pl\/wom\/dyno-revolt-pl\/pto-hamownia-dyno-revolt-hr-1\/\",\"url\":\"https:\/\/chiptuningmarket.com\/pl\/shop\/hamownie-pl\/wom\/dyno-revolt-pl\/pto-hamownia-dyno-revolt-hr-1\/\",\"name\":\"PTO HAMOWNIA DYNO REVOLT HR-1 - Chiptuningmarket\",\"isPartOf\":{\"@id\":\"https:\/\/chiptuningmarket.com\/pl\/#website\"},\"primaryImageOfPage\":{\"@id\":\"https:\/\/chiptuningmarket.com\/pl\/shop\/hamownie-pl\/wom\/dyno-revolt-pl\/pto-hamownia-dyno-revolt-hr-1\/#primaryimage\"},\"image\":{\"@id\":\"https:\/\/chiptuningmarket.com\/pl\/shop\/hamownie-pl\/wom\/dyno-revolt-pl\/pto-hamownia-dyno-revolt-hr-1\/#primaryimage\"},\"thumbnailUrl\":\"https:\/\/chiptuningmarket.com\/wp-content\/uploads\/2025\/06\/20250327_130210-scaled.jpg\",\"datePublished\":\"2025-06-11T13:38:53+00:00\",\"dateModified\":\"2025-09-16T12:35:18+00:00\",\"description\":\"Dyno Revolt HR-1 to wysokiej klasy hamownia PTO, zaprojektowana z my\u015bl\u0105 o profesjonalnym tuningu i diagnostyce. Produkowana przez firm\u0119 Dyno Revolt\u00a0w Polsce, zapewnia precyzyjne i powtarzalne pomiary\u00a0\",\"breadcrumb\":{\"@id\":\"https:\/\/chiptuningmarket.com\/pl\/shop\/hamownie-pl\/wom\/dyno-revolt-pl\/pto-hamownia-dyno-revolt-hr-1\/#breadcrumb\"},\"inLanguage\":\"pl-PL\",\"potentialAction\":[{\"@type\":\"ReadAction\",\"target\":[\"https:\/\/chiptuningmarket.com\/pl\/shop\/hamownie-pl\/wom\/dyno-revolt-pl\/pto-hamownia-dyno-revolt-hr-1\/\"]}]},{\"@type\":\"ImageObject\",\"inLanguage\":\"pl-PL\",\"@id\":\"https:\/\/chiptuningmarket.com\/pl\/shop\/hamownie-pl\/wom\/dyno-revolt-pl\/pto-hamownia-dyno-revolt-hr-1\/#primaryimage\",\"url\":\"https:\/\/chiptuningmarket.com\/wp-content\/uploads\/2025\/06\/20250327_130210-scaled.jpg\",\"contentUrl\":\"https:\/\/chiptuningmarket.com\/wp-content\/uploads\/2025\/06\/20250327_130210-scaled.jpg\",\"width\":1920,\"height\":2560},{\"@type\":\"BreadcrumbList\",\"@id\":\"https:\/\/chiptuningmarket.com\/pl\/shop\/hamownie-pl\/wom\/dyno-revolt-pl\/pto-hamownia-dyno-revolt-hr-1\/#breadcrumb\",\"itemListElement\":[{\"@type\":\"ListItem\",\"position\":1,\"name\":\"Home\",\"item\":\"https:\/\/chiptuningmarket.com\/pl\/\"},{\"@type\":\"ListItem\",\"position\":2,\"name\":\"Sklep\",\"item\":\"https:\/\/chiptuningmarket.com\/pl\/shop\/\"},{\"@type\":\"ListItem\",\"position\":3,\"name\":\"PTO HAMOWNIA DYNO REVOLT HR-1\"}]},{\"@type\":\"WebSite\",\"@id\":\"https:\/\/chiptuningmarket.com\/pl\/#website\",\"url\":\"https:\/\/chiptuningmarket.com\/pl\/\",\"name\":\"Chiptuningmarket\",\"description\":\"Biggest chiptuning shop in Europe\",\"publisher\":{\"@id\":\"https:\/\/chiptuningmarket.com\/pl\/#organization\"},\"alternateName\":\"Worldwide ecu tools supplier\",\"potentialAction\":[{\"@type\":\"SearchAction\",\"target\":{\"@type\":\"EntryPoint\",\"urlTemplate\":\"https:\/\/chiptuningmarket.com\/pl\/?s={search_term_string}\"},\"query-input\":{\"@type\":\"PropertyValueSpecification\",\"valueRequired\":true,\"valueName\":\"search_term_string\"}}],\"inLanguage\":\"pl-PL\"},{\"@type\":\"Organization\",\"@id\":\"https:\/\/chiptuningmarket.com\/pl\/#organization\",\"name\":\"Chiptuningmarket\",\"alternateName\":\"Chiptuning tools supplier\",\"url\":\"https:\/\/chiptuningmarket.com\/pl\/\",\"logo\":{\"@type\":\"ImageObject\",\"inLanguage\":\"pl-PL\",\"@id\":\"https:\/\/chiptuningmarket.com\/pl\/#\/schema\/logo\/image\/\",\"url\":\"https:\/\/chiptuningmarket.com\/wp-content\/uploads\/2023\/05\/logo-ChipTuningMarket-social.png\",\"contentUrl\":\"https:\/\/chiptuningmarket.com\/wp-content\/uploads\/2023\/05\/logo-ChipTuningMarket-social.png\",\"width\":512,\"height\":512,\"caption\":\"Chiptuningmarket\"},\"image\":{\"@id\":\"https:\/\/chiptuningmarket.com\/pl\/#\/schema\/logo\/image\/\"}}]}<\/script>\n<!-- \/ Yoast SEO plugin. -->","yoast_head_json":{"title":"PTO HAMOWNIA DYNO REVOLT HR-1 - Chiptuningmarket","description":"Dyno Revolt HR-1 to wysokiej klasy hamownia PTO, zaprojektowana z my\u015bl\u0105 o profesjonalnym tuningu i diagnostyce. Produkowana przez firm\u0119 Dyno Revolt\u00a0w Polsce, zapewnia precyzyjne i powtarzalne pomiary\u00a0","robots":{"index":"index","follow":"follow","max-snippet":"max-snippet:-1","max-image-preview":"max-image-preview:large","max-video-preview":"max-video-preview:-1"},"canonical":"https:\/\/chiptuningmarket.com\/pl\/shop\/hamownie-pl\/wom\/dyno-revolt-pl\/pto-hamownia-dyno-revolt-hr-1\/","og_locale":"pl_PL","og_type":"article","og_title":"PTO HAMOWNIA DYNO REVOLT HR-1 - Chiptuningmarket","og_description":"Dyno Revolt HR-1 to wysokiej klasy hamownia PTO, zaprojektowana z my\u015bl\u0105 o profesjonalnym tuningu i diagnostyce. Produkowana przez firm\u0119 Dyno Revolt\u00a0w Polsce, zapewnia precyzyjne i powtarzalne pomiary\u00a0","og_url":"https:\/\/chiptuningmarket.com\/pl\/shop\/hamownie-pl\/wom\/dyno-revolt-pl\/pto-hamownia-dyno-revolt-hr-1\/","og_site_name":"Chiptuningmarket","article_modified_time":"2025-09-16T12:35:18+00:00","og_image":[{"width":1920,"height":2560,"url":"https:\/\/chiptuningmarket.com\/wp-content\/uploads\/2025\/06\/20250327_130210-scaled.jpg","type":"image\/jpeg"}],"twitter_card":"summary_large_image","twitter_misc":{"Szacowany czas czytania":"2 minuty"},"schema":{"@context":"https:\/\/schema.org","@graph":[{"@type":"WebPage","@id":"https:\/\/chiptuningmarket.com\/pl\/shop\/hamownie-pl\/wom\/dyno-revolt-pl\/pto-hamownia-dyno-revolt-hr-1\/","url":"https:\/\/chiptuningmarket.com\/pl\/shop\/hamownie-pl\/wom\/dyno-revolt-pl\/pto-hamownia-dyno-revolt-hr-1\/","name":"PTO HAMOWNIA DYNO REVOLT HR-1 - Chiptuningmarket","isPartOf":{"@id":"https:\/\/chiptuningmarket.com\/pl\/#website"},"primaryImageOfPage":{"@id":"https:\/\/chiptuningmarket.com\/pl\/shop\/hamownie-pl\/wom\/dyno-revolt-pl\/pto-hamownia-dyno-revolt-hr-1\/#primaryimage"},"image":{"@id":"https:\/\/chiptuningmarket.com\/pl\/shop\/hamownie-pl\/wom\/dyno-revolt-pl\/pto-hamownia-dyno-revolt-hr-1\/#primaryimage"},"thumbnailUrl":"https:\/\/chiptuningmarket.com\/wp-content\/uploads\/2025\/06\/20250327_130210-scaled.jpg","datePublished":"2025-06-11T13:38:53+00:00","dateModified":"2025-09-16T12:35:18+00:00","description":"Dyno Revolt HR-1 to wysokiej klasy hamownia PTO, zaprojektowana z my\u015bl\u0105 o profesjonalnym tuningu i diagnostyce. Produkowana przez firm\u0119 Dyno Revolt\u00a0w Polsce, zapewnia precyzyjne i powtarzalne pomiary\u00a0","breadcrumb":{"@id":"https:\/\/chiptuningmarket.com\/pl\/shop\/hamownie-pl\/wom\/dyno-revolt-pl\/pto-hamownia-dyno-revolt-hr-1\/#breadcrumb"},"inLanguage":"pl-PL","potentialAction":[{"@type":"ReadAction","target":["https:\/\/chiptuningmarket.com\/pl\/shop\/hamownie-pl\/wom\/dyno-revolt-pl\/pto-hamownia-dyno-revolt-hr-1\/"]}]},{"@type":"ImageObject","inLanguage":"pl-PL","@id":"https:\/\/chiptuningmarket.com\/pl\/shop\/hamownie-pl\/wom\/dyno-revolt-pl\/pto-hamownia-dyno-revolt-hr-1\/#primaryimage","url":"https:\/\/chiptuningmarket.com\/wp-content\/uploads\/2025\/06\/20250327_130210-scaled.jpg","contentUrl":"https:\/\/chiptuningmarket.com\/wp-content\/uploads\/2025\/06\/20250327_130210-scaled.jpg","width":1920,"height":2560},{"@type":"BreadcrumbList","@id":"https:\/\/chiptuningmarket.com\/pl\/shop\/hamownie-pl\/wom\/dyno-revolt-pl\/pto-hamownia-dyno-revolt-hr-1\/#breadcrumb","itemListElement":[{"@type":"ListItem","position":1,"name":"Home","item":"https:\/\/chiptuningmarket.com\/pl\/"},{"@type":"ListItem","position":2,"name":"Sklep","item":"https:\/\/chiptuningmarket.com\/pl\/shop\/"},{"@type":"ListItem","position":3,"name":"PTO HAMOWNIA DYNO REVOLT HR-1"}]},{"@type":"WebSite","@id":"https:\/\/chiptuningmarket.com\/pl\/#website","url":"https:\/\/chiptuningmarket.com\/pl\/","name":"Chiptuningmarket","description":"Biggest chiptuning shop in Europe","publisher":{"@id":"https:\/\/chiptuningmarket.com\/pl\/#organization"},"alternateName":"Worldwide ecu tools supplier","potentialAction":[{"@type":"SearchAction","target":{"@type":"EntryPoint","urlTemplate":"https:\/\/chiptuningmarket.com\/pl\/?s={search_term_string}"},"query-input":{"@type":"PropertyValueSpecification","valueRequired":true,"valueName":"search_term_string"}}],"inLanguage":"pl-PL"},{"@type":"Organization","@id":"https:\/\/chiptuningmarket.com\/pl\/#organization","name":"Chiptuningmarket","alternateName":"Chiptuning tools supplier","url":"https:\/\/chiptuningmarket.com\/pl\/","logo":{"@type":"ImageObject","inLanguage":"pl-PL","@id":"https:\/\/chiptuningmarket.com\/pl\/#\/schema\/logo\/image\/","url":"https:\/\/chiptuningmarket.com\/wp-content\/uploads\/2023\/05\/logo-ChipTuningMarket-social.png","contentUrl":"https:\/\/chiptuningmarket.com\/wp-content\/uploads\/2023\/05\/logo-ChipTuningMarket-social.png","width":512,"height":512,"caption":"Chiptuningmarket"},"image":{"@id":"https:\/\/chiptuningmarket.com\/pl\/#\/schema\/logo\/image\/"}}]}},"_links":{"self":[{"href":"https:\/\/chiptuningmarket.com\/pl\/wp-json\/wp\/v2\/product\/115928","targetHints":{"allow":["GET"]}}],"collection":[{"href":"https:\/\/chiptuningmarket.com\/pl\/wp-json\/wp\/v2\/product"}],"about":[{"href":"https:\/\/chiptuningmarket.com\/pl\/wp-json\/wp\/v2\/types\/product"}],"wp:featuredmedia":[{"embeddable":true,"href":"https:\/\/chiptuningmarket.com\/pl\/wp-json\/wp\/v2\/media\/137475"}],"wp:attachment":[{"href":"https:\/\/chiptuningmarket.com\/pl\/wp-json\/wp\/v2\/media?parent=115928"}],"wp:term":[{"taxonomy":"product_brand","embeddable":true,"href":"https:\/\/chiptuningmarket.com\/pl\/wp-json\/wp\/v2\/product_brand?post=115928"},{"taxonomy":"product_cat","embeddable":true,"href":"https:\/\/chiptuningmarket.com\/pl\/wp-json\/wp\/v2\/product_cat?post=115928"},{"taxonomy":"product_tag","embeddable":true,"href":"https:\/\/chiptuningmarket.com\/pl\/wp-json\/wp\/v2\/product_tag?post=115928"}],"curies":[{"name":"wp","href":"https:\/\/api.w.org\/{rel}","templated":true}]}}