{"id":132801,"date":"2025-07-01T12:32:16","date_gmt":"2025-07-01T11:32:16","guid":{"rendered":"https:\/\/chiptuningmarket.com\/?post_type=product&#038;p=132801"},"modified":"2025-07-09T15:07:26","modified_gmt":"2025-07-09T14:07:26","slug":"otofix-d1","status":"publish","type":"product","link":"https:\/\/chiptuningmarket.com\/pl\/shop\/urzadzenia-diagnostyczne-pl-pl\/osobowe-urzadzenia-diagnostyczne-pl\/otofix\/otofix-d1\/","title":{"rendered":"OTOFIX D1"},"content":{"rendered":"<h2 style=\"text-align: center\">OTOFIX D1 by Autel<\/h2>\n<p>Profesjonalny diagnoskop najnowszej marki klasy premium <strong>OTOFIX<\/strong> od firmy <strong>AUTEL<\/strong> model <strong>D1.<\/strong> Nowoczesnej generacji inteligentny, uniwersalny i wielofunkcyjny diagnoskop do obs\u0142ugi serwisowej samochod\u00f3w europejskich, ameryka\u0144skich oraz azjatyckich, opracowany przez najwybitniejszych ekspert\u00f3w bran\u017cy diagnostyki samochodowej &#8211; in\u017cynier\u00f3w renomowanej firmy <strong>Autel. D1<\/strong> umo\u017cliwia diagnostyk\u0119 wszystkich system\u00f3w pojazdu na poziomie OE (poziom fabryczny). Obs\u0142uguje mi\u0119dzy innymi nastawy podstawowe, adaptacje, kodowanie, live data, test element\u00f3w wykonawczych, sterowanie dwukierunkowe Bi-Directional Controls, ponad 26 funkcji serwisowych i wiele, wiele innych. Sprawdzona intuicyjna aplikacja doceniona przez tysi\u0105ce zadowolonych klient\u00f3w Autela, wysokie parametry podzespo\u0142\u00f3w oraz komunikacja bezprzewodowa sprawiaj\u0105, \u017ce <strong>OTOFIX<\/strong> D1 jest bardzo szybki, wydajny i wygodny, idealny dla warsztat\u00f3w, serwis\u00f3w oraz u\u017cytkownik\u00f3w pojazd\u00f3w osobowych, nie wymaga op\u0142at abonamentowych.<\/p>\n<p style=\"text-align: center\"><strong>2-lata darmowej aktualizacji w cenie urz\u0105dzenia!<\/strong><\/p>\n<p><a href=\"https:\/\/chiptuningmarket.com\/wp-content\/uploads\/2025\/07\/Autel-pomaranczowy.jpeg\"><img decoding=\"async\" class=\"wp-image-132243 alignnone\" src=\"https:\/\/chiptuningmarket.com\/wp-content\/uploads\/2025\/07\/Autel-pomaranczowy.jpeg\" alt=\"\" width=\"1800\" height=\"134\" srcset=\"https:\/\/chiptuningmarket.com\/wp-content\/uploads\/2025\/07\/Autel-pomaranczowy.jpeg 2560w, https:\/\/chiptuningmarket.com\/wp-content\/uploads\/2025\/07\/Autel-pomaranczowy-300x22.jpeg 300w, https:\/\/chiptuningmarket.com\/wp-content\/uploads\/2025\/07\/Autel-pomaranczowy-1024x76.jpeg 1024w, https:\/\/chiptuningmarket.com\/wp-content\/uploads\/2025\/07\/Autel-pomaranczowy-768x57.jpeg 768w, https:\/\/chiptuningmarket.com\/wp-content\/uploads\/2025\/07\/Autel-pomaranczowy-1536x114.jpeg 1536w, https:\/\/chiptuningmarket.com\/wp-content\/uploads\/2025\/07\/Autel-pomaranczowy-2048x152.jpeg 2048w, https:\/\/chiptuningmarket.com\/wp-content\/uploads\/2025\/07\/Autel-pomaranczowy-600x45.jpeg 600w\" sizes=\"(max-width: 1800px) 100vw, 1800px\" \/><\/a><\/p>\n<p><a href=\"https:\/\/chiptuningmarket.com\/wp-content\/uploads\/2025\/07\/Otofixd1-1-1.png\"><img decoding=\"async\" class=\"size-full wp-image-132261 alignleft\" src=\"https:\/\/chiptuningmarket.com\/wp-content\/uploads\/2025\/07\/Otofixd1-1-1.png\" alt=\"\" width=\"1008\" height=\"708\" srcset=\"https:\/\/chiptuningmarket.com\/wp-content\/uploads\/2025\/07\/Otofixd1-1-1.png 1008w, https:\/\/chiptuningmarket.com\/wp-content\/uploads\/2025\/07\/Otofixd1-1-1-300x211.png 300w, https:\/\/chiptuningmarket.com\/wp-content\/uploads\/2025\/07\/Otofixd1-1-1-768x539.png 768w, https:\/\/chiptuningmarket.com\/wp-content\/uploads\/2025\/07\/Otofixd1-1-1-600x421.png 600w\" sizes=\"(max-width: 1008px) 100vw, 1008px\" \/><\/a><\/p>\n<h3><\/h3>\n<h3><\/h3>\n<h3>W\u0142a\u015bciwo\u015bci urz\u0105dzenia:<\/h3>\n<ul>\n<li>Szeroki zakres pojazd\u00f3w obejmuj\u0105cy marki ameryka\u0144skie, azjatyckie i europejskie,<\/li>\n<li>Obs\u0142uga na poziomie OE dla wszystkich system\u00f3w elektronicznych,<\/li>\n<li>Pe\u0142ne mo\u017cliwo\u015bci diagnostyki, odczytu danych na \u017cywo, testu element\u00f3w wykonawczych, informacji ECU, adaptacji, dopasowywania itp.<\/li>\n<li>Sterowanie dwukierunkowe Full System Bi-directional Active Test,<\/li>\n<li>26 Funkcji serwisowych, mi\u0119dzy innymi: OIL RESET, EPB, BMS, SAS, DPF, INJECTOR, TRANS ADAPTION, THROTTLE, AIRBAG RESET i inne,<\/li>\n<li>Technologia Auto VIN mo\u017ce w kr\u00f3tkim czasie automatycznie zidentyfikowa\u0107 mark\u0119, model i rok pojazdu,<\/li>\n<li>Automatyczne aktualizacje systemu i oprogramowania z powiadomieniami push w czasie rzeczywistym przez Wi-Fi,<\/li>\n<li>Mo\u017cliwo\u015b\u0107 zdalnego sterowania,<\/li>\n<li>Spo\u0142eczno\u015b\u0107 online MaxiFix oparta na chmurze zapewnia rozbudowan\u0105 baz\u0119 porad diagnostycznych i napraw oraz sprawdzonych poprawek,<\/li>\n<li>Interaktywne sesje rejestrowania danych umo\u017cliwiaj\u0105 bezpo\u015bredni kontakt z dzia\u0142em pomocy technicznej firmy Autel, umo\u017cliwiaj\u0105c rozwi\u0105zywanie problem\u00f3w diagnostycznych i b\u0142\u0119d\u00f3w,<\/li>\n<li>Kompleksowa wielozadaniowo\u015b\u0107 zaprojektowana z my\u015bl\u0105 o idealnym zarz\u0105dzaniu operacjami warsztatowymi w celu zapewnienia dobrej organizacji wszystkich plik\u00f3w danych, informacji o klientach i rejestr\u00f3w pojazd\u00f3w,<\/li>\n<li>Wygodny system zarz\u0105dzania danymi do zarz\u0105dzania wewn\u0119trznymi aplikacjami program\u00f3w i przegl\u0105dania danych,<\/li>\n<li>Bezprzewodowa komunikacja z pojazdem poprzez <strong>VCI<\/strong>\u00a0<strong>V1,<\/strong><\/li>\n<\/ul>\n<p>&nbsp;<\/p>\n<p>Tester jest samodzielnym urz\u0105dzeniem warsztatowym, wyposa\u017cony w 7 calowy ekran dotykowy,\u00a0<b>pancern\u0105, warsztatow\u0105 obudow\u0119 typu rugget!<\/b><br \/>\nZasilony jest bardzo szybkim systemem operacyjnym Android. Oryginalny, legalny sprz\u0119t z aktualizacjami online!<\/p>\n<h3 data-start=\"1468\" data-end=\"1499\"><\/h3>\n<h3 data-start=\"1468\" data-end=\"1499\">Specyfikacja techniczna:<\/h3>\n<ul>\n<li data-start=\"1503\" data-end=\"1522\">System: Android 9.0<\/li>\n<li>Procesor: 4-rdzeniowy\u00a0ARM Cortex-A35 (1.5Ghz)<\/li>\n<li>RAM: 2 GB<\/li>\n<li>Pami\u0119\u0107: 64 GB<\/li>\n<li>Ekran: 7&#8243; pojemno\u015bciowy LCD<\/li>\n<li>Rozdzielczo\u015b\u0107: 1024&#215;600<\/li>\n<li>Aparat: 8 Mpx<\/li>\n<li>\u0141\u0105czno\u015b\u0107: WiFi, Bluetooth, USB-C<\/li>\n<li>VCI: V1<\/li>\n<li>Bateria: 5800 mAh \u2013 do 10h pracy<\/li>\n<li>Temperatura przechowywania Od -10 do 60 \u00b0 C<\/li>\n<li>Temperatura pracy Od 0 do 45 \u00b0 C<\/li>\n<li>2-lata aktualizacji w cenie!<\/li>\n<\/ul>\n<p><a href=\"https:\/\/chiptuningmarket.com\/wp-content\/uploads\/2025\/07\/Otofix-D1-1.jpeg\"><img decoding=\"async\" class=\"aligncenter wp-image-132227 size-large\" src=\"https:\/\/chiptuningmarket.com\/wp-content\/uploads\/2025\/07\/Otofix-D1-1-1024x792.jpeg\" alt=\"\" width=\"1024\" height=\"792\" srcset=\"https:\/\/chiptuningmarket.com\/wp-content\/uploads\/2025\/07\/Otofix-D1-1-1024x792.jpeg 1024w, https:\/\/chiptuningmarket.com\/wp-content\/uploads\/2025\/07\/Otofix-D1-1-300x232.jpeg 300w, https:\/\/chiptuningmarket.com\/wp-content\/uploads\/2025\/07\/Otofix-D1-1-768x594.jpeg 768w, https:\/\/chiptuningmarket.com\/wp-content\/uploads\/2025\/07\/Otofix-D1-1-1536x1189.jpeg 1536w, https:\/\/chiptuningmarket.com\/wp-content\/uploads\/2025\/07\/Otofix-D1-1-600x464.jpeg 600w, https:\/\/chiptuningmarket.com\/wp-content\/uploads\/2025\/07\/Otofix-D1-1.jpeg 1977w\" sizes=\"(max-width: 1024px) 100vw, 1024px\" \/><\/a><\/p>\n<h3><b>Mo\u017cliwo\u015bci diagnoskopu:<\/b><\/h3>\n<ul>\n<li>odczyt kod\u00f3w usterek<\/li>\n<li>kasowanie kod\u00f3w usterek<\/li>\n<li>podgl\u0105d parametr\u00f3w rzeczywistych<\/li>\n<li>reset inspekcji serwisowych, oraz olejowych<\/li>\n<li>kodowanie wtryskiwaczy<\/li>\n<li>adaptacja skrzyni bieg\u00f3w<\/li>\n<li>adaptacja nowego akumulatora<\/li>\n<li>adaptacja przepustnicy<\/li>\n<li>regulacja reflektor\u00f3w<\/li>\n<li>regulacja zawieszenia<\/li>\n<li>kalibracja czujnika k\u0105ta skr\u0119tu kierownicy<\/li>\n<li>pe\u0142na obs\u0142uga filtra cz\u0105stek sta\u0142ych DPF (sprawdzenie poziomu sadzy, reset, regeneracja, adaptacja po wymianie)<\/li>\n<li>pe\u0142na obs\u0142uga elektrycznego hamulca postojowego EPB (cofanie zacisk\u00f3w przy wymianie klock\u00f3w, ustawienie si\u0142y nacisku t\u0142oczk\u00f3w, grubo\u015bci klock\u00f3w)<\/li>\n<li>automatyczne skanowanie wszystkich modu\u0142\u00f3w pojazdu<\/li>\n<li>odczyt informacji o module steruj\u0105cym<\/li>\n<li>czyszczenie warto\u015bci przyuczonych<\/li>\n<li>odczyt kodu VIN<\/li>\n<li>odpowietrzanie pompy hamulcowej<\/li>\n<li>k\u0105t wyprzedzenia zap\u0142onu<\/li>\n<li>oraz wiele innych&#8230;<\/li>\n<\/ul>\n<p><a href=\"https:\/\/chiptuningmarket.com\/wp-content\/uploads\/2025\/07\/Otofix-D1-2.jpeg\"><img decoding=\"async\" class=\"aligncenter wp-image-132230\" src=\"https:\/\/chiptuningmarket.com\/wp-content\/uploads\/2025\/07\/Otofix-D1-2.jpeg\" alt=\"\" width=\"1024\" height=\"793\" srcset=\"https:\/\/chiptuningmarket.com\/wp-content\/uploads\/2025\/07\/Otofix-D1-2.jpeg 1979w, https:\/\/chiptuningmarket.com\/wp-content\/uploads\/2025\/07\/Otofix-D1-2-300x232.jpeg 300w, https:\/\/chiptuningmarket.com\/wp-content\/uploads\/2025\/07\/Otofix-D1-2-1024x793.jpeg 1024w, https:\/\/chiptuningmarket.com\/wp-content\/uploads\/2025\/07\/Otofix-D1-2-768x595.jpeg 768w, https:\/\/chiptuningmarket.com\/wp-content\/uploads\/2025\/07\/Otofix-D1-2-1536x1189.jpeg 1536w, https:\/\/chiptuningmarket.com\/wp-content\/uploads\/2025\/07\/Otofix-D1-2-600x464.jpeg 600w\" sizes=\"(max-width: 1024px) 100vw, 1024px\" \/><\/a><\/p>\n<h3 style=\"text-align: left\"><b>Obs\u0142ugiwane modu\u0142y: <\/b><\/h3>\n<ul>\n<li>silnik<\/li>\n<li>uk\u0142ad hamulcowy ABS<\/li>\n<li>poduszki powietrzne<\/li>\n<li>automatyczna skrzynia bieg\u00f3w<\/li>\n<li>modu\u0142 komfortu<\/li>\n<li>elektronika hamulc\u00f3w<\/li>\n<li>kontrola trakcji ESP\/ASR\/EBD<\/li>\n<li>uk\u0142ad ci\u015bnienia w oponach TMPS<\/li>\n<li>klimatyzacja<\/li>\n<li>wspomaganie uk\u0142adu kierowniczego<\/li>\n<li>deska rozdzielcza<\/li>\n<li>nawigacja<\/li>\n<li>system audio<\/li>\n<li>centralny zamek<\/li>\n<li>system antyw\u0142amaniowy<\/li>\n<li>elektronika \u015bwiate\u0142<\/li>\n<li>nap\u0119d 4&#215;4<\/li>\n<li>pami\u0119\u0107 foteli<\/li>\n<li>elektronika drzwi<\/li>\n<li>nawigacja<\/li>\n<li>wspomaganie parkowania<\/li>\n<li>asystent utrzymania pasa ruchu<\/li>\n<li>kamera cofania<\/li>\n<li>tempomat<\/li>\n<li>oraz wiele innych system\u00f3w wyposa\u017cenia pojazdu..<\/li>\n<\/ul>\n<p><a href=\"https:\/\/chiptuningmarket.com\/wp-content\/uploads\/2025\/07\/Autel-pomaranczowy.jpeg\"><img decoding=\"async\" class=\"wp-image-132243 alignnone\" src=\"https:\/\/chiptuningmarket.com\/wp-content\/uploads\/2025\/07\/Autel-pomaranczowy-1024x76.jpeg\" alt=\"\" width=\"1200\" height=\"89\" srcset=\"https:\/\/chiptuningmarket.com\/wp-content\/uploads\/2025\/07\/Autel-pomaranczowy-1024x76.jpeg 1024w, https:\/\/chiptuningmarket.com\/wp-content\/uploads\/2025\/07\/Autel-pomaranczowy-300x22.jpeg 300w, https:\/\/chiptuningmarket.com\/wp-content\/uploads\/2025\/07\/Autel-pomaranczowy-768x57.jpeg 768w, https:\/\/chiptuningmarket.com\/wp-content\/uploads\/2025\/07\/Autel-pomaranczowy-1536x114.jpeg 1536w, https:\/\/chiptuningmarket.com\/wp-content\/uploads\/2025\/07\/Autel-pomaranczowy-2048x152.jpeg 2048w, https:\/\/chiptuningmarket.com\/wp-content\/uploads\/2025\/07\/Autel-pomaranczowy-600x45.jpeg 600w\" sizes=\"(max-width: 1200px) 100vw, 1200px\" \/><\/a><\/p>\n<p>&nbsp;<\/p>\n<p>&nbsp;<\/p>\n<p><a href=\"https:\/\/chiptuningmarket.com\/wp-content\/uploads\/2025\/07\/Otofix-D1.jpg\"><img decoding=\"async\" class=\"wp-image-132791 alignleft\" src=\"https:\/\/chiptuningmarket.com\/wp-content\/uploads\/2025\/07\/Otofix-D1-1022x1024.jpg\" alt=\"\" width=\"800\" height=\"802\" srcset=\"https:\/\/chiptuningmarket.com\/wp-content\/uploads\/2025\/07\/Otofix-D1-1022x1024.jpg 1022w, https:\/\/chiptuningmarket.com\/wp-content\/uploads\/2025\/07\/Otofix-D1-300x300.jpg 300w, https:\/\/chiptuningmarket.com\/wp-content\/uploads\/2025\/07\/Otofix-D1-150x150.jpg 150w, https:\/\/chiptuningmarket.com\/wp-content\/uploads\/2025\/07\/Otofix-D1-768x769.jpg 768w, https:\/\/chiptuningmarket.com\/wp-content\/uploads\/2025\/07\/Otofix-D1-1533x1536.jpg 1533w, https:\/\/chiptuningmarket.com\/wp-content\/uploads\/2025\/07\/Otofix-D1-600x601.jpg 600w, https:\/\/chiptuningmarket.com\/wp-content\/uploads\/2025\/07\/Otofix-D1-100x100.jpg 100w, https:\/\/chiptuningmarket.com\/wp-content\/uploads\/2025\/07\/Otofix-D1.jpg 1564w\" sizes=\"(max-width: 800px) 100vw, 800px\" \/><\/a><\/p>\n<h3 style=\"text-align: left\"><b>W sk\u0142ad zestawu wchodzi:<\/b><\/h3>\n<ol>\n<li style=\"text-align: left\">Diagnoskop <strong>OTOFIX D1<\/strong> by Autel<\/li>\n<li style=\"text-align: left\">Walizka z przegrodami<\/li>\n<li style=\"text-align: left\">Bezprzewodowa g\u0142owica Bluetooth OBDII<\/li>\n<li style=\"text-align: left\">\u0141adowarka sieciowa<\/li>\n<li style=\"text-align: left\">3 szt. d\u0142ugopis\u00f3w do ekranu dotykowego<\/li>\n<li style=\"text-align: left\">Karta gwarancyjna<\/li>\n<\/ol>\n<p style=\"text-align: left\"><strong>W ofercie r\u00f3wnie\u017c:\u00a0<\/strong><\/p>\n<p><a style=\"color: blue\" href=\"https:\/\/chiptuningmarket.com\/pl\/shop\/urzadzenia-diagnostyczne-pl-pl\/osobowe-urzadzenia-diagnostyczne-pl\/urzadzenia-diagnostyczne-autel\/autel-maxidas-ds900bt\/\">Autel DS900 BT\u00a0<\/a><\/p>\n<p><a style=\"color: blue\" href=\"https:\/\/chiptuningmarket.com\/pl\/shop\/urzadzenia-diagnostyczne-pl-pl\/osobowe-urzadzenia-diagnostyczne-pl\/urzadzenia-diagnostyczne-launch\/launch-crp919x-bt\/\">Launch CRP 919X BT\u00a0<\/a><\/p>\n<p>&nbsp;<\/p>\n","protected":false},"excerpt":{"rendered":"<p><strong>OTOFIX<\/strong>\u00a0<strong>D1 by Autel <\/strong>to nowoczesny tester do pe\u0142nej diagnostyki samochodowej z bezprzewodowym interfejsem <strong>VCI.<\/strong> Obs\u0142uguje ponad 80 marek aut, oferuje funkcje serwisowe (DPF, EPB, BMS, reset oleju, itp.), automatyczne VIN, raporty PDF i darmowe aktualizacje.Idealny dla warsztatu i mobilnego diagnosty!<\/p>\n","protected":false},"featured_media":132239,"template":"","meta":{"_monsterinsights_skip_tracking":false,"_monsterinsights_sitenote_active":false,"_monsterinsights_sitenote_note":"","_monsterinsights_sitenote_category":0},"product_brand":[],"product_cat":[5259,7685,5059],"product_tag":[7699,7032,2693,7701,7700,6919,3005,7702],"class_list":{"0":"post-132801","1":"product","2":"type-product","3":"status-publish","4":"has-post-thumbnail","6":"product_cat-osobowe-urzadzenia-diagnostyczne-pl","7":"product_cat-otofix","8":"product_cat-urzadzenia-diagnostyczne-pl-pl","9":"product_tag-autel-otofix-d1","10":"product_tag-bluetooth","11":"product_tag-diagnoskop-pl","12":"product_tag-otofix","13":"product_tag-otofix-d1","14":"product_tag-skaner-diagnostyczny","15":"product_tag-tester-diagnostyczny","16":"product_tag-vci-v1","18":"first","19":"instock","20":"sale","21":"taxable","22":"shipping-taxable","23":"purchasable","24":"product-type-simple"},"yoast_head":"<!-- This site is optimized with the Yoast SEO plugin v25.2 - https:\/\/yoast.com\/wordpress\/plugins\/seo\/ -->\n<title>OTOFIX D1 - Chiptuningmarket<\/title>\n<meta name=\"description\" content=\"OTOFIX D1 - Nowoczesnej generacji inteligentny, uniwersalny i wielofunkcyjny diagnoskop do obs\u0142ugi serwisowej samochod\u00f3w europejskich, ameryka\u0144skich..\" \/>\n<meta name=\"robots\" content=\"index, follow, max-snippet:-1, max-image-preview:large, max-video-preview:-1\" \/>\n<link rel=\"canonical\" href=\"https:\/\/chiptuningmarket.com\/pl\/shop\/urzadzenia-diagnostyczne-pl-pl\/osobowe-urzadzenia-diagnostyczne-pl\/otofix\/otofix-d1\/\" \/>\n<meta property=\"og:locale\" content=\"pl_PL\" \/>\n<meta property=\"og:type\" content=\"article\" \/>\n<meta property=\"og:title\" content=\"OTOFIX D1 - Chiptuningmarket\" \/>\n<meta property=\"og:description\" content=\"OTOFIX D1 - Nowoczesnej generacji inteligentny, uniwersalny i wielofunkcyjny diagnoskop do obs\u0142ugi serwisowej samochod\u00f3w europejskich, ameryka\u0144skich..\" \/>\n<meta property=\"og:url\" content=\"https:\/\/chiptuningmarket.com\/pl\/shop\/urzadzenia-diagnostyczne-pl-pl\/osobowe-urzadzenia-diagnostyczne-pl\/otofix\/otofix-d1\/\" \/>\n<meta property=\"og:site_name\" content=\"Chiptuningmarket\" \/>\n<meta property=\"article:modified_time\" content=\"2025-07-09T14:07:26+00:00\" \/>\n<meta property=\"og:image\" content=\"https:\/\/chiptuningmarket.com\/wp-content\/uploads\/2025\/07\/Otofix-D1-5.png\" \/>\n\t<meta property=\"og:image:width\" content=\"500\" \/>\n\t<meta property=\"og:image:height\" content=\"300\" \/>\n\t<meta property=\"og:image:type\" content=\"image\/png\" \/>\n<meta name=\"twitter:card\" content=\"summary_large_image\" \/>\n<meta name=\"twitter:label1\" content=\"Szacowany czas czytania\" \/>\n\t<meta name=\"twitter:data1\" content=\"4 minuty\" \/>\n<script type=\"application\/ld+json\" class=\"yoast-schema-graph\">{\"@context\":\"https:\/\/schema.org\",\"@graph\":[{\"@type\":\"WebPage\",\"@id\":\"https:\/\/chiptuningmarket.com\/pl\/shop\/urzadzenia-diagnostyczne-pl-pl\/osobowe-urzadzenia-diagnostyczne-pl\/otofix\/otofix-d1\/\",\"url\":\"https:\/\/chiptuningmarket.com\/pl\/shop\/urzadzenia-diagnostyczne-pl-pl\/osobowe-urzadzenia-diagnostyczne-pl\/otofix\/otofix-d1\/\",\"name\":\"OTOFIX D1 - Chiptuningmarket\",\"isPartOf\":{\"@id\":\"https:\/\/chiptuningmarket.com\/ru\/#website\"},\"primaryImageOfPage\":{\"@id\":\"https:\/\/chiptuningmarket.com\/pl\/shop\/urzadzenia-diagnostyczne-pl-pl\/osobowe-urzadzenia-diagnostyczne-pl\/otofix\/otofix-d1\/#primaryimage\"},\"image\":{\"@id\":\"https:\/\/chiptuningmarket.com\/pl\/shop\/urzadzenia-diagnostyczne-pl-pl\/osobowe-urzadzenia-diagnostyczne-pl\/otofix\/otofix-d1\/#primaryimage\"},\"thumbnailUrl\":\"https:\/\/chiptuningmarket.com\/wp-content\/uploads\/2025\/07\/Otofix-D1-5.png\",\"datePublished\":\"2025-07-01T11:32:16+00:00\",\"dateModified\":\"2025-07-09T14:07:26+00:00\",\"description\":\"OTOFIX D1 - Nowoczesnej generacji inteligentny, uniwersalny i wielofunkcyjny diagnoskop do obs\u0142ugi serwisowej samochod\u00f3w europejskich, ameryka\u0144skich..\",\"breadcrumb\":{\"@id\":\"https:\/\/chiptuningmarket.com\/pl\/shop\/urzadzenia-diagnostyczne-pl-pl\/osobowe-urzadzenia-diagnostyczne-pl\/otofix\/otofix-d1\/#breadcrumb\"},\"inLanguage\":\"pl-PL\",\"potentialAction\":[{\"@type\":\"ReadAction\",\"target\":[\"https:\/\/chiptuningmarket.com\/pl\/shop\/urzadzenia-diagnostyczne-pl-pl\/osobowe-urzadzenia-diagnostyczne-pl\/otofix\/otofix-d1\/\"]}]},{\"@type\":\"ImageObject\",\"inLanguage\":\"pl-PL\",\"@id\":\"https:\/\/chiptuningmarket.com\/pl\/shop\/urzadzenia-diagnostyczne-pl-pl\/osobowe-urzadzenia-diagnostyczne-pl\/otofix\/otofix-d1\/#primaryimage\",\"url\":\"https:\/\/chiptuningmarket.com\/wp-content\/uploads\/2025\/07\/Otofix-D1-5.png\",\"contentUrl\":\"https:\/\/chiptuningmarket.com\/wp-content\/uploads\/2025\/07\/Otofix-D1-5.png\",\"width\":500,\"height\":300,\"caption\":\"Autel OTOFIX D1\"},{\"@type\":\"BreadcrumbList\",\"@id\":\"https:\/\/chiptuningmarket.com\/pl\/shop\/urzadzenia-diagnostyczne-pl-pl\/osobowe-urzadzenia-diagnostyczne-pl\/otofix\/otofix-d1\/#breadcrumb\",\"itemListElement\":[{\"@type\":\"ListItem\",\"position\":1,\"name\":\"Home\",\"item\":\"https:\/\/chiptuningmarket.com\/pl\/\"},{\"@type\":\"ListItem\",\"position\":2,\"name\":\"Sklep\",\"item\":\"https:\/\/chiptuningmarket.com\/pl\/shop\/\"},{\"@type\":\"ListItem\",\"position\":3,\"name\":\"OTOFIX D1\"}]},{\"@type\":\"WebSite\",\"@id\":\"https:\/\/chiptuningmarket.com\/ru\/#website\",\"url\":\"https:\/\/chiptuningmarket.com\/ru\/\",\"name\":\"Chiptuningmarket\",\"description\":\"Biggest chiptuning shop in Europe\",\"publisher\":{\"@id\":\"https:\/\/chiptuningmarket.com\/ru\/#organization\"},\"alternateName\":\"Worldwide ecu tools supplier\",\"potentialAction\":[{\"@type\":\"SearchAction\",\"target\":{\"@type\":\"EntryPoint\",\"urlTemplate\":\"https:\/\/chiptuningmarket.com\/ru\/?s={search_term_string}\"},\"query-input\":{\"@type\":\"PropertyValueSpecification\",\"valueRequired\":true,\"valueName\":\"search_term_string\"}}],\"inLanguage\":\"pl-PL\"},{\"@type\":\"Organization\",\"@id\":\"https:\/\/chiptuningmarket.com\/ru\/#organization\",\"name\":\"Chiptuningmarket\",\"alternateName\":\"Chiptuning tools supplier\",\"url\":\"https:\/\/chiptuningmarket.com\/ru\/\",\"logo\":{\"@type\":\"ImageObject\",\"inLanguage\":\"pl-PL\",\"@id\":\"https:\/\/chiptuningmarket.com\/ru\/#\/schema\/logo\/image\/\",\"url\":\"https:\/\/chiptuningmarket.com\/wp-content\/uploads\/2023\/05\/logo-ChipTuningMarket-social.png\",\"contentUrl\":\"https:\/\/chiptuningmarket.com\/wp-content\/uploads\/2023\/05\/logo-ChipTuningMarket-social.png\",\"width\":512,\"height\":512,\"caption\":\"Chiptuningmarket\"},\"image\":{\"@id\":\"https:\/\/chiptuningmarket.com\/ru\/#\/schema\/logo\/image\/\"}}]}<\/script>\n<!-- \/ Yoast SEO plugin. -->","yoast_head_json":{"title":"OTOFIX D1 - Chiptuningmarket","description":"OTOFIX D1 - Nowoczesnej generacji inteligentny, uniwersalny i wielofunkcyjny diagnoskop do obs\u0142ugi serwisowej samochod\u00f3w europejskich, ameryka\u0144skich..","robots":{"index":"index","follow":"follow","max-snippet":"max-snippet:-1","max-image-preview":"max-image-preview:large","max-video-preview":"max-video-preview:-1"},"canonical":"https:\/\/chiptuningmarket.com\/pl\/shop\/urzadzenia-diagnostyczne-pl-pl\/osobowe-urzadzenia-diagnostyczne-pl\/otofix\/otofix-d1\/","og_locale":"pl_PL","og_type":"article","og_title":"OTOFIX D1 - Chiptuningmarket","og_description":"OTOFIX D1 - Nowoczesnej generacji inteligentny, uniwersalny i wielofunkcyjny diagnoskop do obs\u0142ugi serwisowej samochod\u00f3w europejskich, ameryka\u0144skich..","og_url":"https:\/\/chiptuningmarket.com\/pl\/shop\/urzadzenia-diagnostyczne-pl-pl\/osobowe-urzadzenia-diagnostyczne-pl\/otofix\/otofix-d1\/","og_site_name":"Chiptuningmarket","article_modified_time":"2025-07-09T14:07:26+00:00","og_image":[{"width":500,"height":300,"url":"https:\/\/chiptuningmarket.com\/wp-content\/uploads\/2025\/07\/Otofix-D1-5.png","type":"image\/png"}],"twitter_card":"summary_large_image","twitter_misc":{"Szacowany czas czytania":"4 minuty"},"schema":{"@context":"https:\/\/schema.org","@graph":[{"@type":"WebPage","@id":"https:\/\/chiptuningmarket.com\/pl\/shop\/urzadzenia-diagnostyczne-pl-pl\/osobowe-urzadzenia-diagnostyczne-pl\/otofix\/otofix-d1\/","url":"https:\/\/chiptuningmarket.com\/pl\/shop\/urzadzenia-diagnostyczne-pl-pl\/osobowe-urzadzenia-diagnostyczne-pl\/otofix\/otofix-d1\/","name":"OTOFIX D1 - Chiptuningmarket","isPartOf":{"@id":"https:\/\/chiptuningmarket.com\/ru\/#website"},"primaryImageOfPage":{"@id":"https:\/\/chiptuningmarket.com\/pl\/shop\/urzadzenia-diagnostyczne-pl-pl\/osobowe-urzadzenia-diagnostyczne-pl\/otofix\/otofix-d1\/#primaryimage"},"image":{"@id":"https:\/\/chiptuningmarket.com\/pl\/shop\/urzadzenia-diagnostyczne-pl-pl\/osobowe-urzadzenia-diagnostyczne-pl\/otofix\/otofix-d1\/#primaryimage"},"thumbnailUrl":"https:\/\/chiptuningmarket.com\/wp-content\/uploads\/2025\/07\/Otofix-D1-5.png","datePublished":"2025-07-01T11:32:16+00:00","dateModified":"2025-07-09T14:07:26+00:00","description":"OTOFIX D1 - Nowoczesnej generacji inteligentny, uniwersalny i wielofunkcyjny diagnoskop do obs\u0142ugi serwisowej samochod\u00f3w europejskich, ameryka\u0144skich..","breadcrumb":{"@id":"https:\/\/chiptuningmarket.com\/pl\/shop\/urzadzenia-diagnostyczne-pl-pl\/osobowe-urzadzenia-diagnostyczne-pl\/otofix\/otofix-d1\/#breadcrumb"},"inLanguage":"pl-PL","potentialAction":[{"@type":"ReadAction","target":["https:\/\/chiptuningmarket.com\/pl\/shop\/urzadzenia-diagnostyczne-pl-pl\/osobowe-urzadzenia-diagnostyczne-pl\/otofix\/otofix-d1\/"]}]},{"@type":"ImageObject","inLanguage":"pl-PL","@id":"https:\/\/chiptuningmarket.com\/pl\/shop\/urzadzenia-diagnostyczne-pl-pl\/osobowe-urzadzenia-diagnostyczne-pl\/otofix\/otofix-d1\/#primaryimage","url":"https:\/\/chiptuningmarket.com\/wp-content\/uploads\/2025\/07\/Otofix-D1-5.png","contentUrl":"https:\/\/chiptuningmarket.com\/wp-content\/uploads\/2025\/07\/Otofix-D1-5.png","width":500,"height":300,"caption":"Autel OTOFIX D1"},{"@type":"BreadcrumbList","@id":"https:\/\/chiptuningmarket.com\/pl\/shop\/urzadzenia-diagnostyczne-pl-pl\/osobowe-urzadzenia-diagnostyczne-pl\/otofix\/otofix-d1\/#breadcrumb","itemListElement":[{"@type":"ListItem","position":1,"name":"Home","item":"https:\/\/chiptuningmarket.com\/pl\/"},{"@type":"ListItem","position":2,"name":"Sklep","item":"https:\/\/chiptuningmarket.com\/pl\/shop\/"},{"@type":"ListItem","position":3,"name":"OTOFIX D1"}]},{"@type":"WebSite","@id":"https:\/\/chiptuningmarket.com\/ru\/#website","url":"https:\/\/chiptuningmarket.com\/ru\/","name":"Chiptuningmarket","description":"Biggest chiptuning shop in Europe","publisher":{"@id":"https:\/\/chiptuningmarket.com\/ru\/#organization"},"alternateName":"Worldwide ecu tools supplier","potentialAction":[{"@type":"SearchAction","target":{"@type":"EntryPoint","urlTemplate":"https:\/\/chiptuningmarket.com\/ru\/?s={search_term_string}"},"query-input":{"@type":"PropertyValueSpecification","valueRequired":true,"valueName":"search_term_string"}}],"inLanguage":"pl-PL"},{"@type":"Organization","@id":"https:\/\/chiptuningmarket.com\/ru\/#organization","name":"Chiptuningmarket","alternateName":"Chiptuning tools supplier","url":"https:\/\/chiptuningmarket.com\/ru\/","logo":{"@type":"ImageObject","inLanguage":"pl-PL","@id":"https:\/\/chiptuningmarket.com\/ru\/#\/schema\/logo\/image\/","url":"https:\/\/chiptuningmarket.com\/wp-content\/uploads\/2023\/05\/logo-ChipTuningMarket-social.png","contentUrl":"https:\/\/chiptuningmarket.com\/wp-content\/uploads\/2023\/05\/logo-ChipTuningMarket-social.png","width":512,"height":512,"caption":"Chiptuningmarket"},"image":{"@id":"https:\/\/chiptuningmarket.com\/ru\/#\/schema\/logo\/image\/"}}]}},"_links":{"self":[{"href":"https:\/\/chiptuningmarket.com\/pl\/wp-json\/wp\/v2\/product\/132801","targetHints":{"allow":["GET"]}}],"collection":[{"href":"https:\/\/chiptuningmarket.com\/pl\/wp-json\/wp\/v2\/product"}],"about":[{"href":"https:\/\/chiptuningmarket.com\/pl\/wp-json\/wp\/v2\/types\/product"}],"wp:featuredmedia":[{"embeddable":true,"href":"https:\/\/chiptuningmarket.com\/pl\/wp-json\/wp\/v2\/media\/132239"}],"wp:attachment":[{"href":"https:\/\/chiptuningmarket.com\/pl\/wp-json\/wp\/v2\/media?parent=132801"}],"wp:term":[{"taxonomy":"product_brand","embeddable":true,"href":"https:\/\/chiptuningmarket.com\/pl\/wp-json\/wp\/v2\/product_brand?post=132801"},{"taxonomy":"product_cat","embeddable":true,"href":"https:\/\/chiptuningmarket.com\/pl\/wp-json\/wp\/v2\/product_cat?post=132801"},{"taxonomy":"product_tag","embeddable":true,"href":"https:\/\/chiptuningmarket.com\/pl\/wp-json\/wp\/v2\/product_tag?post=132801"}],"curies":[{"name":"wp","href":"https:\/\/api.w.org\/{rel}","templated":true}]}}