{"id":134250,"date":"2025-07-03T13:34:42","date_gmt":"2025-07-03T12:34:42","guid":{"rendered":"https:\/\/chiptuningmarket.com\/?post_type=product&#038;p=134250"},"modified":"2025-08-21T07:17:20","modified_gmt":"2025-08-21T06:17:20","slug":"dekarbonizator-autoxscan-x558-pro","status":"publish","type":"product","link":"https:\/\/chiptuningmarket.com\/pl\/shop\/nowosci-pl\/dekarbonizator-autoxscan-x558-pro\/","title":{"rendered":"Dekarbonizator AUTOXSCAN X558 PRO"},"content":{"rendered":"<div class=\"elementor-element elementor-element-e74957d elementor-widget elementor-widget-heading\" data-id=\"e74957d\" data-element_type=\"widget\" data-widget_type=\"heading.default\">\n<h2 class=\"elementor-heading-title elementor-size-default\" style=\"text-align: center\">Profesjonalny dekarbonizator proszkiem orzechowym<\/h2>\n<\/div>\n<div class=\"elementor-element elementor-element-9e56e92 elementor-widget elementor-widget-text-editor\" data-id=\"9e56e92\" data-element_type=\"widget\" data-widget_type=\"text-editor.default\">\n<p style=\"text-align: center\">X558 PRO jest to maszyna do dekarbonizacji proszkiem orzechowym. Proszek jest wtryskiwany do rury wlotowej silnika przez przep\u0142yw powietrza pod wysokim ci\u015bnieniem, kt\u00f3ry b\u0119dzie si\u0119 toczy\u0142 i zderza\u0142 w zamkni\u0119tej rurze dolotowej, oczyszczaj\u0105c w ten spos\u00f3b osad w\u0119gla na zaworze dolotowym i \u015bciankach cylindra. Nast\u0119pnie mieszanina proszku orzechowego i osadu w\u0119glowego jest zasysana do pojemnika na py\u0142 przez specjalne z\u0142\u0105cze<\/p>\n<p><img decoding=\"async\" class=\"aligncenter wp-image-134272\" src=\"https:\/\/chiptuningmarket.com\/wp-content\/uploads\/2025\/07\/autoxscan-X558-741x1024.png\" alt=\"\" width=\"546\" height=\"754\" srcset=\"https:\/\/chiptuningmarket.com\/wp-content\/uploads\/2025\/07\/autoxscan-X558-741x1024.png 741w, https:\/\/chiptuningmarket.com\/wp-content\/uploads\/2025\/07\/autoxscan-X558-217x300.png 217w, https:\/\/chiptuningmarket.com\/wp-content\/uploads\/2025\/07\/autoxscan-X558-768x1061.png 768w, https:\/\/chiptuningmarket.com\/wp-content\/uploads\/2025\/07\/autoxscan-X558-600x829.png 600w, https:\/\/chiptuningmarket.com\/wp-content\/uploads\/2025\/07\/autoxscan-X558.png 797w\" sizes=\"(max-width: 546px) 100vw, 546px\" \/><\/p>\n<div class=\"elementor-element elementor-element-328c5cd elementor-align-left elementor-icon-list--layout-traditional elementor-list-item-link-full_width elementor-widget elementor-widget-icon-list\" data-id=\"328c5cd\" data-element_type=\"widget\" data-widget_type=\"icon-list.default\">\n<h3 class=\"elementor-heading-title elementor-size-default\" style=\"text-align: left\">Mo\u017cliwo\u015bci urz\u0105dzenia:<\/h3>\n<ul>\n<li>Pozwala <strong data-start=\"600\" data-end=\"639\">g\u0142\u0119boko usuwa\u0107 lepkie osady w\u0119glowe<\/strong> z kolektora wlotowego, zawor\u00f3w dolotowych i wydechowych \u2014 co pomaga rozwi\u0105za\u0107 problemy takie jak niestabilny rozruch, s\u0142aby dop\u0142yw powietrza, niedostateczna moc czy gorsze przyspieszenie<\/li>\n<li>Ma <strong data-start=\"872\" data-end=\"903\">zewn\u0119trzne \u017ar\u00f3d\u0142o powietrza<\/strong>, dzi\u0119ki kt\u00f3remu praca jest bardziej skuteczna i wydajna<\/li>\n<li><strong data-start=\"1002\" data-end=\"1035\">Wbudowany filtr przeciwpy\u0142owy<\/strong> umo\u017cliwia separacj\u0119 odzyskanego proszku orzechowego od zanieczyszcze\u0144 (osad\u00f3w w\u0119glowych), co pozwala na jego recykling \u2014 mo\u017cna go u\u017cy\u0107 ponownie, je\u015bli jest nadal czysty<\/li>\n<li><strong data-start=\"1247\" data-end=\"1275\">Zintegrowana konstrukcja<\/strong>, kt\u00f3ra jednocze\u015bnie rozpylaj\u0105c i zasysaj\u0105c \u2013 co zwi\u0119ksza komfort i efektywno\u015b\u0107 pracy<\/li>\n<\/ul>\n<p><a href=\"https:\/\/chiptuningmarket.com\/wp-content\/uploads\/2025\/07\/x558-pro.png\"><img decoding=\"async\" class=\"aligncenter wp-image-134281\" src=\"https:\/\/chiptuningmarket.com\/wp-content\/uploads\/2025\/07\/x558-pro.png\" alt=\"\" width=\"952\" height=\"950\" srcset=\"https:\/\/chiptuningmarket.com\/wp-content\/uploads\/2025\/07\/x558-pro.png 1172w, https:\/\/chiptuningmarket.com\/wp-content\/uploads\/2025\/07\/x558-pro-300x300.png 300w, https:\/\/chiptuningmarket.com\/wp-content\/uploads\/2025\/07\/x558-pro-1024x1021.png 1024w, https:\/\/chiptuningmarket.com\/wp-content\/uploads\/2025\/07\/x558-pro-150x150.png 150w, https:\/\/chiptuningmarket.com\/wp-content\/uploads\/2025\/07\/x558-pro-768x766.png 768w, https:\/\/chiptuningmarket.com\/wp-content\/uploads\/2025\/07\/x558-pro-600x598.png 600w, https:\/\/chiptuningmarket.com\/wp-content\/uploads\/2025\/07\/x558-pro-100x100.png 100w\" sizes=\"(max-width: 952px) 100vw, 952px\" \/><\/a><\/p>\n<p><a href=\"https:\/\/chiptuningmarket.com\/wp-content\/uploads\/2025\/07\/f423a16f4ce9beba23ccc888f09a.jpeg\"><img decoding=\"async\" class=\"wp-image-134278 aligncenter\" src=\"https:\/\/chiptuningmarket.com\/wp-content\/uploads\/2025\/07\/f423a16f4ce9beba23ccc888f09a.jpeg\" alt=\"\" width=\"952\" height=\"365\" srcset=\"https:\/\/chiptuningmarket.com\/wp-content\/uploads\/2025\/07\/f423a16f4ce9beba23ccc888f09a.jpeg 1841w, https:\/\/chiptuningmarket.com\/wp-content\/uploads\/2025\/07\/f423a16f4ce9beba23ccc888f09a-300x115.jpeg 300w, https:\/\/chiptuningmarket.com\/wp-content\/uploads\/2025\/07\/f423a16f4ce9beba23ccc888f09a-1024x393.jpeg 1024w, https:\/\/chiptuningmarket.com\/wp-content\/uploads\/2025\/07\/f423a16f4ce9beba23ccc888f09a-768x295.jpeg 768w, https:\/\/chiptuningmarket.com\/wp-content\/uploads\/2025\/07\/f423a16f4ce9beba23ccc888f09a-1536x589.jpeg 1536w, https:\/\/chiptuningmarket.com\/wp-content\/uploads\/2025\/07\/f423a16f4ce9beba23ccc888f09a-600x230.jpeg 600w\" sizes=\"(max-width: 952px) 100vw, 952px\" \/><\/a><\/p>\n<h3 data-start=\"113\" data-end=\"143\">Specyfikacja techniczna:<\/h3>\n<ul>\n<li data-start=\"147\" data-end=\"199\"><strong data-start=\"147\" data-end=\"160\">Zasilanie<\/strong>: <span class=\"relative -mx-px my-[-0.2rem] rounded px-px py-[0.2rem] transition-colors duration-100 ease-in-out\">AC 220V\u00b110% 50Hz; AC 110V\u00b110% 60Hz<\/span><\/li>\n<li data-start=\"202\" data-end=\"248\"><strong data-start=\"202\" data-end=\"209\">Moc<\/strong>: <span class=\"relative -mx-px my-[-0.2rem] rounded px-px py-[0.2rem] transition-colors duration-100 ease-in-out\">1200 W<\/span><\/li>\n<li data-start=\"251\" data-end=\"311\"><strong data-start=\"251\" data-end=\"272\">Ci\u015bnienie robocze<\/strong>: <span class=\"relative -mx-px my-[-0.2rem] rounded px-px py-[0.2rem] transition-colors duration-100 ease-in-out\">1,03 bar<\/span><\/li>\n<li data-start=\"314\" data-end=\"388\"><strong data-start=\"314\" data-end=\"347\">Wydajno\u015b\u0107 przep\u0142ywu powietrza<\/strong>: <span class=\"relative -mx-px my-[-0.2rem] rounded px-px py-[0.2rem] transition-colors duration-100 ease-in-out\">6 l\/min<\/span><\/li>\n<li data-start=\"391\" data-end=\"431\"><strong data-start=\"391\" data-end=\"425\">Pojemno\u015b\u0107 zbiornika na proszek<\/strong>: 13 l<\/li>\n<li data-start=\"434\" data-end=\"486\"><strong data-start=\"434\" data-end=\"445\">Wymiary<\/strong>: <span class=\"relative -mx-px my-[-0.2rem] rounded px-px py-[0.2rem] transition-colors duration-100 ease-in-out\">29,5 \u00d7 29,5 \u00d7 21 cm<\/span><\/li>\n<li data-start=\"489\" data-end=\"503\"><strong data-start=\"489\" data-end=\"497\">Waga<\/strong>: 4 kg<\/li>\n<li data-start=\"506\" data-end=\"568\"><strong data-start=\"506\" data-end=\"527\">Temperatura pracy<\/strong>: <span class=\"relative -mx-px my-[-0.2rem] rounded px-px py-[0.2rem] transition-colors duration-100 ease-in-out\">od -10\u00b0C do +40\u00b0C<\/span><\/li>\n<li data-start=\"571\" data-end=\"635\"><strong data-start=\"571\" data-end=\"594\">Wilgotno\u015b\u0107 wzgl\u0119dna<\/strong>: <span class=\"relative -mx-px my-[-0.2rem] rounded px-px py-[0.2rem] transition-colors duration-100 ease-in-out\">poni\u017cej 85%<\/span><\/li>\n<li data-start=\"638\" data-end=\"713\"><strong data-start=\"638\" data-end=\"672\">Granulacja proszku orzechowego<\/strong>: <span class=\"relative -mx-px my-[-0.2rem] rounded px-px py-[0.2rem] transition-colors duration-100 ease-in-out\">0,45\u20130,8 mm<\/span><\/li>\n<\/ul>\n<h3>Zawarto\u015b\u0107 zestawu:<\/h3>\n<div class=\"elementor-element elementor-element-328c5cd elementor-align-left elementor-icon-list--layout-traditional elementor-list-item-link-full_width elementor-widget elementor-widget-icon-list\" data-id=\"328c5cd\" data-element_type=\"widget\" data-widget_type=\"icon-list.default\">\n<p>1. Dekarbonizator Autoxscan X558 PRO<br \/>\n2. Pistolet natryskowy<br \/>\n3. Okulary zabezpieczaj\u0105ce oczy<br \/>\n4. W\u0105\u017c do recyklingu<br \/>\n5. Z\u0142\u0105cze w\u0119\u017ca do recyklingu i pistoletu natryskowego<br \/>\n6. Zestaw gumowych adapter\u00f3w (5szt) &#8211; DODATKOWO P\u0141ATNE,\u00a0 zdj\u0119cia zestawu poni\u017cej!<br \/>\n7. Proszek orzechowy<br \/>\n8. Instrukcja obs\u0142ugi<br \/>\n9. Karta gwarancyjna<\/p>\n<\/div>\n<p style=\"text-align: center\">By zakupi\u0107 urz\u0105dzenie w zestawie z gumowymi adapterami nale\u017cy na g\u00f3rze og\u0142oszenia zaznaczy\u0107 opcj\u0119 <strong>&#8222;dodatkowe adaptery&#8221;!<\/strong><\/p>\n<p><a href=\"https:\/\/chiptuningmarket.com\/wp-content\/uploads\/2025\/07\/x558-pror.png\"><img decoding=\"async\" class=\"aligncenter size-full wp-image-134852\" src=\"https:\/\/chiptuningmarket.com\/wp-content\/uploads\/2025\/07\/x558-pror.png\" alt=\"\" width=\"618\" height=\"795\" srcset=\"https:\/\/chiptuningmarket.com\/wp-content\/uploads\/2025\/07\/x558-pror.png 618w, https:\/\/chiptuningmarket.com\/wp-content\/uploads\/2025\/07\/x558-pror-233x300.png 233w, https:\/\/chiptuningmarket.com\/wp-content\/uploads\/2025\/07\/x558-pror-600x772.png 600w\" sizes=\"(max-width: 618px) 100vw, 618px\" \/><\/a><\/p>\n<\/div>\n<p>&nbsp;<\/p>\n<\/div>\n","protected":false},"excerpt":{"rendered":"<p><strong data-start=\"64\" data-end=\"126\">Profesjonalny dekarbonizator proszkiem orzechowym X558 PRO &#8211; <\/strong>Wydajna i niezawodna maszyna do usuwania nagaru z dolotu, zawor\u00f3w i komory spalania za pomoc\u0105 naturalnego proszku orzechowego. Model X558 PRO przeznaczony jest do profesjonalnych zastosowa\u0144 w warsztatach samochodowych \u2013 skutecznie czy\u015bci bez u\u017cycia chemii, bezpiecznie dla silnika i \u015brodowiska. Idealny do silnik\u00f3w benzynowych i diesla.<\/p>\n","protected":false},"featured_media":134272,"template":"","meta":{"_monsterinsights_skip_tracking":false,"_monsterinsights_sitenote_active":false,"_monsterinsights_sitenote_note":"","_monsterinsights_sitenote_category":0},"product_brand":[],"product_cat":[5087,5072,5144],"product_tag":[5862,7707,7709,7708],"class_list":{"0":"post-134250","1":"product","2":"type-product","3":"status-publish","4":"has-post-thumbnail","6":"product_cat-promocje","7":"product_cat-nowosci-pl","8":"product_cat-elektronika-wyposazenie-pl","9":"product_tag-autoxscan","10":"product_tag-dekarbonizator","11":"product_tag-proszek-orzechowy","12":"product_tag-x558-pro","14":"first","15":"outofstock","16":"sale","17":"taxable","18":"shipping-taxable","19":"purchasable","20":"product-type-simple"},"yoast_head":"<!-- This site is optimized with the Yoast SEO plugin v25.2 - https:\/\/yoast.com\/wordpress\/plugins\/seo\/ -->\n<title>Dekarbonizator AUTOXSCAN X558 PRO - Chiptuningmarket<\/title>\n<meta name=\"description\" content=\"Profesjonalny dekarbonizator proszkiem orzechowym X558 PRO - Wydajna i niezawodna maszyna do usuwania nagaru z dolotu, zawor\u00f3w i komory spalania...\" \/>\n<meta name=\"robots\" content=\"index, follow, max-snippet:-1, max-image-preview:large, max-video-preview:-1\" \/>\n<link rel=\"canonical\" href=\"https:\/\/chiptuningmarket.com\/pl\/shop\/nowosci-pl\/dekarbonizator-autoxscan-x558-pro\/\" \/>\n<meta property=\"og:locale\" content=\"pl_PL\" \/>\n<meta property=\"og:type\" content=\"article\" \/>\n<meta property=\"og:title\" content=\"Dekarbonizator AUTOXSCAN X558 PRO - Chiptuningmarket\" \/>\n<meta property=\"og:description\" content=\"Profesjonalny dekarbonizator proszkiem orzechowym X558 PRO - Wydajna i niezawodna maszyna do usuwania nagaru z dolotu, zawor\u00f3w i komory spalania...\" \/>\n<meta property=\"og:url\" content=\"https:\/\/chiptuningmarket.com\/pl\/shop\/nowosci-pl\/dekarbonizator-autoxscan-x558-pro\/\" \/>\n<meta property=\"og:site_name\" content=\"Chiptuningmarket\" \/>\n<meta property=\"article:modified_time\" content=\"2025-08-21T06:17:20+00:00\" \/>\n<meta property=\"og:image\" content=\"https:\/\/chiptuningmarket.com\/wp-content\/uploads\/2025\/07\/autoxscan-X558.png\" \/>\n\t<meta property=\"og:image:width\" content=\"797\" \/>\n\t<meta property=\"og:image:height\" content=\"1101\" \/>\n\t<meta property=\"og:image:type\" content=\"image\/png\" \/>\n<meta name=\"twitter:card\" content=\"summary_large_image\" \/>\n<meta name=\"twitter:label1\" content=\"Szacowany czas czytania\" \/>\n\t<meta name=\"twitter:data1\" content=\"3 minuty\" \/>\n<script type=\"application\/ld+json\" class=\"yoast-schema-graph\">{\"@context\":\"https:\/\/schema.org\",\"@graph\":[{\"@type\":\"WebPage\",\"@id\":\"https:\/\/chiptuningmarket.com\/pl\/shop\/nowosci-pl\/dekarbonizator-autoxscan-x558-pro\/\",\"url\":\"https:\/\/chiptuningmarket.com\/pl\/shop\/nowosci-pl\/dekarbonizator-autoxscan-x558-pro\/\",\"name\":\"Dekarbonizator AUTOXSCAN X558 PRO - Chiptuningmarket\",\"isPartOf\":{\"@id\":\"https:\/\/chiptuningmarket.com\/pl\/#website\"},\"primaryImageOfPage\":{\"@id\":\"https:\/\/chiptuningmarket.com\/pl\/shop\/nowosci-pl\/dekarbonizator-autoxscan-x558-pro\/#primaryimage\"},\"image\":{\"@id\":\"https:\/\/chiptuningmarket.com\/pl\/shop\/nowosci-pl\/dekarbonizator-autoxscan-x558-pro\/#primaryimage\"},\"thumbnailUrl\":\"https:\/\/chiptuningmarket.com\/wp-content\/uploads\/2025\/07\/autoxscan-X558.png\",\"datePublished\":\"2025-07-03T12:34:42+00:00\",\"dateModified\":\"2025-08-21T06:17:20+00:00\",\"description\":\"Profesjonalny dekarbonizator proszkiem orzechowym X558 PRO - Wydajna i niezawodna maszyna do usuwania nagaru z dolotu, zawor\u00f3w i komory spalania...\",\"breadcrumb\":{\"@id\":\"https:\/\/chiptuningmarket.com\/pl\/shop\/nowosci-pl\/dekarbonizator-autoxscan-x558-pro\/#breadcrumb\"},\"inLanguage\":\"pl-PL\",\"potentialAction\":[{\"@type\":\"ReadAction\",\"target\":[\"https:\/\/chiptuningmarket.com\/pl\/shop\/nowosci-pl\/dekarbonizator-autoxscan-x558-pro\/\"]}]},{\"@type\":\"ImageObject\",\"inLanguage\":\"pl-PL\",\"@id\":\"https:\/\/chiptuningmarket.com\/pl\/shop\/nowosci-pl\/dekarbonizator-autoxscan-x558-pro\/#primaryimage\",\"url\":\"https:\/\/chiptuningmarket.com\/wp-content\/uploads\/2025\/07\/autoxscan-X558.png\",\"contentUrl\":\"https:\/\/chiptuningmarket.com\/wp-content\/uploads\/2025\/07\/autoxscan-X558.png\",\"width\":797,\"height\":1101,\"caption\":\"Dekarbonizator AUTOXSCAN X558 PRO\"},{\"@type\":\"BreadcrumbList\",\"@id\":\"https:\/\/chiptuningmarket.com\/pl\/shop\/nowosci-pl\/dekarbonizator-autoxscan-x558-pro\/#breadcrumb\",\"itemListElement\":[{\"@type\":\"ListItem\",\"position\":1,\"name\":\"Home\",\"item\":\"https:\/\/chiptuningmarket.com\/pl\/\"},{\"@type\":\"ListItem\",\"position\":2,\"name\":\"Sklep\",\"item\":\"https:\/\/chiptuningmarket.com\/pl\/shop\/\"},{\"@type\":\"ListItem\",\"position\":3,\"name\":\"Dekarbonizator AUTOXSCAN X558 PRO\"}]},{\"@type\":\"WebSite\",\"@id\":\"https:\/\/chiptuningmarket.com\/pl\/#website\",\"url\":\"https:\/\/chiptuningmarket.com\/pl\/\",\"name\":\"Chiptuningmarket\",\"description\":\"Biggest chiptuning shop in Europe\",\"publisher\":{\"@id\":\"https:\/\/chiptuningmarket.com\/pl\/#organization\"},\"alternateName\":\"Worldwide ecu tools supplier\",\"potentialAction\":[{\"@type\":\"SearchAction\",\"target\":{\"@type\":\"EntryPoint\",\"urlTemplate\":\"https:\/\/chiptuningmarket.com\/pl\/?s={search_term_string}\"},\"query-input\":{\"@type\":\"PropertyValueSpecification\",\"valueRequired\":true,\"valueName\":\"search_term_string\"}}],\"inLanguage\":\"pl-PL\"},{\"@type\":\"Organization\",\"@id\":\"https:\/\/chiptuningmarket.com\/pl\/#organization\",\"name\":\"Chiptuningmarket\",\"alternateName\":\"Chiptuning tools supplier\",\"url\":\"https:\/\/chiptuningmarket.com\/pl\/\",\"logo\":{\"@type\":\"ImageObject\",\"inLanguage\":\"pl-PL\",\"@id\":\"https:\/\/chiptuningmarket.com\/pl\/#\/schema\/logo\/image\/\",\"url\":\"https:\/\/chiptuningmarket.com\/wp-content\/uploads\/2023\/05\/logo-ChipTuningMarket-social.png\",\"contentUrl\":\"https:\/\/chiptuningmarket.com\/wp-content\/uploads\/2023\/05\/logo-ChipTuningMarket-social.png\",\"width\":512,\"height\":512,\"caption\":\"Chiptuningmarket\"},\"image\":{\"@id\":\"https:\/\/chiptuningmarket.com\/pl\/#\/schema\/logo\/image\/\"}}]}<\/script>\n<!-- \/ Yoast SEO plugin. -->","yoast_head_json":{"title":"Dekarbonizator AUTOXSCAN X558 PRO - Chiptuningmarket","description":"Profesjonalny dekarbonizator proszkiem orzechowym X558 PRO - Wydajna i niezawodna maszyna do usuwania nagaru z dolotu, zawor\u00f3w i komory spalania...","robots":{"index":"index","follow":"follow","max-snippet":"max-snippet:-1","max-image-preview":"max-image-preview:large","max-video-preview":"max-video-preview:-1"},"canonical":"https:\/\/chiptuningmarket.com\/pl\/shop\/nowosci-pl\/dekarbonizator-autoxscan-x558-pro\/","og_locale":"pl_PL","og_type":"article","og_title":"Dekarbonizator AUTOXSCAN X558 PRO - Chiptuningmarket","og_description":"Profesjonalny dekarbonizator proszkiem orzechowym X558 PRO - Wydajna i niezawodna maszyna do usuwania nagaru z dolotu, zawor\u00f3w i komory spalania...","og_url":"https:\/\/chiptuningmarket.com\/pl\/shop\/nowosci-pl\/dekarbonizator-autoxscan-x558-pro\/","og_site_name":"Chiptuningmarket","article_modified_time":"2025-08-21T06:17:20+00:00","og_image":[{"width":797,"height":1101,"url":"https:\/\/chiptuningmarket.com\/wp-content\/uploads\/2025\/07\/autoxscan-X558.png","type":"image\/png"}],"twitter_card":"summary_large_image","twitter_misc":{"Szacowany czas czytania":"3 minuty"},"schema":{"@context":"https:\/\/schema.org","@graph":[{"@type":"WebPage","@id":"https:\/\/chiptuningmarket.com\/pl\/shop\/nowosci-pl\/dekarbonizator-autoxscan-x558-pro\/","url":"https:\/\/chiptuningmarket.com\/pl\/shop\/nowosci-pl\/dekarbonizator-autoxscan-x558-pro\/","name":"Dekarbonizator AUTOXSCAN X558 PRO - Chiptuningmarket","isPartOf":{"@id":"https:\/\/chiptuningmarket.com\/pl\/#website"},"primaryImageOfPage":{"@id":"https:\/\/chiptuningmarket.com\/pl\/shop\/nowosci-pl\/dekarbonizator-autoxscan-x558-pro\/#primaryimage"},"image":{"@id":"https:\/\/chiptuningmarket.com\/pl\/shop\/nowosci-pl\/dekarbonizator-autoxscan-x558-pro\/#primaryimage"},"thumbnailUrl":"https:\/\/chiptuningmarket.com\/wp-content\/uploads\/2025\/07\/autoxscan-X558.png","datePublished":"2025-07-03T12:34:42+00:00","dateModified":"2025-08-21T06:17:20+00:00","description":"Profesjonalny dekarbonizator proszkiem orzechowym X558 PRO - Wydajna i niezawodna maszyna do usuwania nagaru z dolotu, zawor\u00f3w i komory spalania...","breadcrumb":{"@id":"https:\/\/chiptuningmarket.com\/pl\/shop\/nowosci-pl\/dekarbonizator-autoxscan-x558-pro\/#breadcrumb"},"inLanguage":"pl-PL","potentialAction":[{"@type":"ReadAction","target":["https:\/\/chiptuningmarket.com\/pl\/shop\/nowosci-pl\/dekarbonizator-autoxscan-x558-pro\/"]}]},{"@type":"ImageObject","inLanguage":"pl-PL","@id":"https:\/\/chiptuningmarket.com\/pl\/shop\/nowosci-pl\/dekarbonizator-autoxscan-x558-pro\/#primaryimage","url":"https:\/\/chiptuningmarket.com\/wp-content\/uploads\/2025\/07\/autoxscan-X558.png","contentUrl":"https:\/\/chiptuningmarket.com\/wp-content\/uploads\/2025\/07\/autoxscan-X558.png","width":797,"height":1101,"caption":"Dekarbonizator AUTOXSCAN X558 PRO"},{"@type":"BreadcrumbList","@id":"https:\/\/chiptuningmarket.com\/pl\/shop\/nowosci-pl\/dekarbonizator-autoxscan-x558-pro\/#breadcrumb","itemListElement":[{"@type":"ListItem","position":1,"name":"Home","item":"https:\/\/chiptuningmarket.com\/pl\/"},{"@type":"ListItem","position":2,"name":"Sklep","item":"https:\/\/chiptuningmarket.com\/pl\/shop\/"},{"@type":"ListItem","position":3,"name":"Dekarbonizator AUTOXSCAN X558 PRO"}]},{"@type":"WebSite","@id":"https:\/\/chiptuningmarket.com\/pl\/#website","url":"https:\/\/chiptuningmarket.com\/pl\/","name":"Chiptuningmarket","description":"Biggest chiptuning shop in Europe","publisher":{"@id":"https:\/\/chiptuningmarket.com\/pl\/#organization"},"alternateName":"Worldwide ecu tools supplier","potentialAction":[{"@type":"SearchAction","target":{"@type":"EntryPoint","urlTemplate":"https:\/\/chiptuningmarket.com\/pl\/?s={search_term_string}"},"query-input":{"@type":"PropertyValueSpecification","valueRequired":true,"valueName":"search_term_string"}}],"inLanguage":"pl-PL"},{"@type":"Organization","@id":"https:\/\/chiptuningmarket.com\/pl\/#organization","name":"Chiptuningmarket","alternateName":"Chiptuning tools supplier","url":"https:\/\/chiptuningmarket.com\/pl\/","logo":{"@type":"ImageObject","inLanguage":"pl-PL","@id":"https:\/\/chiptuningmarket.com\/pl\/#\/schema\/logo\/image\/","url":"https:\/\/chiptuningmarket.com\/wp-content\/uploads\/2023\/05\/logo-ChipTuningMarket-social.png","contentUrl":"https:\/\/chiptuningmarket.com\/wp-content\/uploads\/2023\/05\/logo-ChipTuningMarket-social.png","width":512,"height":512,"caption":"Chiptuningmarket"},"image":{"@id":"https:\/\/chiptuningmarket.com\/pl\/#\/schema\/logo\/image\/"}}]}},"_links":{"self":[{"href":"https:\/\/chiptuningmarket.com\/pl\/wp-json\/wp\/v2\/product\/134250","targetHints":{"allow":["GET"]}}],"collection":[{"href":"https:\/\/chiptuningmarket.com\/pl\/wp-json\/wp\/v2\/product"}],"about":[{"href":"https:\/\/chiptuningmarket.com\/pl\/wp-json\/wp\/v2\/types\/product"}],"wp:featuredmedia":[{"embeddable":true,"href":"https:\/\/chiptuningmarket.com\/pl\/wp-json\/wp\/v2\/media\/134272"}],"wp:attachment":[{"href":"https:\/\/chiptuningmarket.com\/pl\/wp-json\/wp\/v2\/media?parent=134250"}],"wp:term":[{"taxonomy":"product_brand","embeddable":true,"href":"https:\/\/chiptuningmarket.com\/pl\/wp-json\/wp\/v2\/product_brand?post=134250"},{"taxonomy":"product_cat","embeddable":true,"href":"https:\/\/chiptuningmarket.com\/pl\/wp-json\/wp\/v2\/product_cat?post=134250"},{"taxonomy":"product_tag","embeddable":true,"href":"https:\/\/chiptuningmarket.com\/pl\/wp-json\/wp\/v2\/product_tag?post=134250"}],"curies":[{"name":"wp","href":"https:\/\/api.w.org\/{rel}","templated":true}]}}