{"id":134837,"date":"2025-07-03T14:38:03","date_gmt":"2025-07-03T13:38:03","guid":{"rendered":"https:\/\/chiptuningmarket.com\/?post_type=product&#038;p=134837"},"modified":"2025-07-04T09:28:50","modified_gmt":"2025-07-04T08:28:50","slug":"autovei-licencja-mb-mr","status":"publish","type":"product","link":"https:\/\/chiptuningmarket.com\/pl\/shop\/programatory-pl\/chiptuning-programatory-2-pl\/autovei-truck-explorer-chiptuning-programatory-2-pl\/dodatkowe-licencje\/autovei-licencja-mb-mr\/","title":{"rendered":"Licencja AutoVEI MB MR D2351S0057"},"content":{"rendered":"<p>&nbsp;<\/p>\n<p><b>Licencja MB MR &#8211; <\/b>\u00a0pozwala na odblokowanie \/ odczyt \/ zapis MR PLD ECU.<br \/>\nMercedes MP1, MP2, MP3 truck. Euro 1-5.<\/p>\n<p>Funkcje:<\/p>\n<ul>\n<li>Odczyt\/zapis zewn\u0119trznej pami\u0119ci FLASH i EEPROM PLD (MR).<\/li>\n<li>Korekta sumy kontrolnej;<\/li>\n<li>PLD MANIPULOWANA POPRAWKA<\/li>\n<li>Po\u0142\u0105czenie OBD \/ DC \/ BSL.<\/li>\n<\/ul>\n<p><b>Obs\u0142ugiwane wersje sprz\u0119tu\/oprogramowania uk\u0142adowego PLD:<\/b><\/p>\n<div>A2 (C167CS): V49, W49, B50, D51, E51, G51, H51, J51<\/div>\n<div>A3 (C167CS): 53E, 53D, 53G, 53H<\/div>\n<div>A4 (C167CS): 56E, 59B, 60A, 60C<\/div>\n<div>A5\/A6 (C167CS): 04C, 04E, 05A, 06A, 07B, 08C, 08E, 09D, 10B, 11C<\/div>\n<div>G1 (C167CS): 14B, 15A, 16A, 17A, 18A, 19A<\/div>\n<div>G2 (C167CS): 20A<\/div>\n<div>A7 (XC2287): 21D, 22B, 23E, 24B, 23F, 24C, 25B, 25C<\/div>\n<div>A8 (XC2288): 30A, 30C, 30D, 31B, 31C<br \/>\nA8b (XC2287)<b>Uwaga:<\/b><br \/>\nPrzydatna funkcja \u201e\u00a0<b>PLD MANIPULATED FIX\u201d\u00a0<\/b>\u00a0do naprawy b\u0142\u0119du \u201e14058\u201d lub \u201e4058\u201d.<br \/>\nRozwi\u0105zanie \u201ejednym przyciskiem\u201d!<b>Wymagania sprz\u0119towe dla trybu OBD:<\/b><\/p>\n<p>adapter VEI V6\/V7<br \/>\nOBD2F-4-MB14 (dla starszych modeli)<\/p>\n<p><b>Dodatkowo dla trybu warsztatowego:<\/b><\/p>\n<\/div>\n<div>narz\u0119dzie Direct Connect 2U<br \/>\nkabel zasilaj\u0105cy DC2-OBD2<br \/>\nkabel DC2-PLD<br \/>\nadapter DC2-ISP2 (dla trybu BSL)<strong>Wideo:<\/strong><\/p>\n<\/div>\n<p><iframe title=\"MR (PLD) Read\/Write Flash\/EEPROM by OBD\" width=\"1170\" height=\"658\" src=\"https:\/\/www.youtube.com\/embed\/km1rbeXZeTc?feature=oembed\" frameborder=\"0\" allow=\"accelerometer; autoplay; clipboard-write; encrypted-media; gyroscope; picture-in-picture; web-share\" referrerpolicy=\"strict-origin-when-cross-origin\" allowfullscreen><\/iframe><\/p>\n<p><iframe title=\"MR (PLD) read\/write by DirectConnect\" width=\"1170\" height=\"658\" src=\"https:\/\/www.youtube.com\/embed\/agVILOFOvOc?feature=oembed\" frameborder=\"0\" allow=\"accelerometer; autoplay; clipboard-write; encrypted-media; gyroscope; picture-in-picture; web-share\" referrerpolicy=\"strict-origin-when-cross-origin\" allowfullscreen><\/iframe><\/p>\n<p><b>Jak odblokowa\u0107 XC2287:<\/b><\/p>\n<p><iframe title=\"MR XC2287 unlock firmware in BSL mode\" width=\"1170\" height=\"658\" src=\"https:\/\/www.youtube.com\/embed\/cjnU_UHbr64?feature=oembed\" frameborder=\"0\" allow=\"accelerometer; autoplay; clipboard-write; encrypted-media; gyroscope; picture-in-picture; web-share\" referrerpolicy=\"strict-origin-when-cross-origin\" allowfullscreen><\/iframe><\/p>\n<p><iframe title=\"How to avoid 4058 fault code after rewriting MR (PLD)\" width=\"1170\" height=\"658\" src=\"https:\/\/www.youtube.com\/embed\/9qY-YzRU4XA?feature=oembed\" frameborder=\"0\" allow=\"accelerometer; autoplay; clipboard-write; encrypted-media; gyroscope; picture-in-picture; web-share\" referrerpolicy=\"strict-origin-when-cross-origin\" allowfullscreen><\/iframe><\/p>\n","protected":false},"excerpt":{"rendered":"<p><b>Licencja MB MR &#8211;\u00a0<\/b>\u00a0pozwala na odblokowanie \/ odczyt \/ zapis MR PLD ECU.<br \/>\nMercedes MP1, MP2, MP3 truck. Euro 1-5.<\/p>\n<p>Funkcje:<\/p>\n<ul>\n<li>Odczyt\/zapis zewn\u0119trznej pami\u0119ci FLASH i EEPROM PLD (MR).<\/li>\n<li>Korekta sumy kontrolnej;<\/li>\n<li>PLD MANIPULOWANA POPRAWKA<\/li>\n<li>Po\u0142\u0105czenie OBD \/ DC \/ BSL<\/li>\n<\/ul>\n","protected":false},"featured_media":135199,"template":"","meta":{"_monsterinsights_skip_tracking":false,"_monsterinsights_sitenote_active":false,"_monsterinsights_sitenote_note":"","_monsterinsights_sitenote_category":0},"product_brand":[],"product_cat":[5064,5203,5220,7717],"product_tag":[3090,7519,7718,7719,7720],"class_list":{"0":"post-134837","1":"product","2":"type-product","3":"status-publish","4":"has-post-thumbnail","6":"product_cat-programatory-pl","7":"product_cat-chiptuning-programatory-2-pl","8":"product_cat-autovei-truck-explorer-chiptuning-programatory-2-pl","9":"product_cat-dodatkowe-licencje","10":"product_tag-autovei-2","11":"product_tag-ecu-tuning","12":"product_tag-eeprom-flash","13":"product_tag-mb-mr","14":"product_tag-truck-explorer","16":"first","17":"instock","18":"taxable","19":"shipping-taxable","20":"purchasable","21":"product-type-simple"},"yoast_head":"<!-- This site is optimized with the Yoast SEO plugin v25.2 - https:\/\/yoast.com\/wordpress\/plugins\/seo\/ -->\n<title>Licencja AutoVEI MB MR D2351S0057 - Chiptuningmarket<\/title>\n<meta name=\"description\" content=\"Licencja MB MR AutoVEI \u2013 programowanie sterownik\u00f3w PLD (Mercedes MP1\u2013MP3, Euro 3\u20135). Odczyt, zapis, naprawa b\u0142\u0119d\u00f3w 14058. Tryby OBD, DC, BSL.\" \/>\n<meta name=\"robots\" content=\"index, follow, max-snippet:-1, max-image-preview:large, max-video-preview:-1\" \/>\n<link rel=\"canonical\" href=\"https:\/\/chiptuningmarket.com\/pl\/shop\/programatory-pl\/chiptuning-programatory-2-pl\/autovei-truck-explorer-chiptuning-programatory-2-pl\/dodatkowe-licencje\/autovei-licencja-mb-mr\/\" \/>\n<meta property=\"og:locale\" content=\"pl_PL\" \/>\n<meta property=\"og:type\" content=\"article\" \/>\n<meta property=\"og:title\" content=\"Licencja AutoVEI MB MR D2351S0057 - Chiptuningmarket\" \/>\n<meta property=\"og:description\" content=\"Licencja MB MR AutoVEI \u2013 programowanie sterownik\u00f3w PLD (Mercedes MP1\u2013MP3, Euro 3\u20135). Odczyt, zapis, naprawa b\u0142\u0119d\u00f3w 14058. Tryby OBD, DC, BSL.\" \/>\n<meta property=\"og:url\" content=\"https:\/\/chiptuningmarket.com\/pl\/shop\/programatory-pl\/chiptuning-programatory-2-pl\/autovei-truck-explorer-chiptuning-programatory-2-pl\/dodatkowe-licencje\/autovei-licencja-mb-mr\/\" \/>\n<meta property=\"og:site_name\" content=\"Chiptuningmarket\" \/>\n<meta property=\"article:modified_time\" content=\"2025-07-04T08:28:50+00:00\" \/>\n<meta property=\"og:image\" content=\"https:\/\/chiptuningmarket.com\/wp-content\/uploads\/2025\/07\/license-mb-mr_617.jpg\" \/>\n\t<meta property=\"og:image:width\" content=\"573\" \/>\n\t<meta property=\"og:image:height\" content=\"492\" \/>\n\t<meta property=\"og:image:type\" content=\"image\/jpeg\" \/>\n<meta name=\"twitter:card\" content=\"summary_large_image\" \/>\n<meta name=\"twitter:label1\" content=\"Szacowany czas czytania\" \/>\n\t<meta name=\"twitter:data1\" content=\"1 minuta\" \/>\n<script type=\"application\/ld+json\" class=\"yoast-schema-graph\">{\"@context\":\"https:\/\/schema.org\",\"@graph\":[{\"@type\":\"WebPage\",\"@id\":\"https:\/\/chiptuningmarket.com\/pl\/shop\/programatory-pl\/chiptuning-programatory-2-pl\/autovei-truck-explorer-chiptuning-programatory-2-pl\/dodatkowe-licencje\/autovei-licencja-mb-mr\/\",\"url\":\"https:\/\/chiptuningmarket.com\/pl\/shop\/programatory-pl\/chiptuning-programatory-2-pl\/autovei-truck-explorer-chiptuning-programatory-2-pl\/dodatkowe-licencje\/autovei-licencja-mb-mr\/\",\"name\":\"Licencja AutoVEI MB MR D2351S0057 - Chiptuningmarket\",\"isPartOf\":{\"@id\":\"https:\/\/chiptuningmarket.com\/pl\/#website\"},\"primaryImageOfPage\":{\"@id\":\"https:\/\/chiptuningmarket.com\/pl\/shop\/programatory-pl\/chiptuning-programatory-2-pl\/autovei-truck-explorer-chiptuning-programatory-2-pl\/dodatkowe-licencje\/autovei-licencja-mb-mr\/#primaryimage\"},\"image\":{\"@id\":\"https:\/\/chiptuningmarket.com\/pl\/shop\/programatory-pl\/chiptuning-programatory-2-pl\/autovei-truck-explorer-chiptuning-programatory-2-pl\/dodatkowe-licencje\/autovei-licencja-mb-mr\/#primaryimage\"},\"thumbnailUrl\":\"https:\/\/chiptuningmarket.com\/wp-content\/uploads\/2025\/07\/license-mb-mr_617.jpg\",\"datePublished\":\"2025-07-03T13:38:03+00:00\",\"dateModified\":\"2025-07-04T08:28:50+00:00\",\"description\":\"Licencja MB MR AutoVEI \u2013 programowanie sterownik\u00f3w PLD (Mercedes MP1\u2013MP3, Euro 3\u20135). Odczyt, zapis, naprawa b\u0142\u0119d\u00f3w 14058. Tryby OBD, DC, BSL.\",\"breadcrumb\":{\"@id\":\"https:\/\/chiptuningmarket.com\/pl\/shop\/programatory-pl\/chiptuning-programatory-2-pl\/autovei-truck-explorer-chiptuning-programatory-2-pl\/dodatkowe-licencje\/autovei-licencja-mb-mr\/#breadcrumb\"},\"inLanguage\":\"pl-PL\",\"potentialAction\":[{\"@type\":\"ReadAction\",\"target\":[\"https:\/\/chiptuningmarket.com\/pl\/shop\/programatory-pl\/chiptuning-programatory-2-pl\/autovei-truck-explorer-chiptuning-programatory-2-pl\/dodatkowe-licencje\/autovei-licencja-mb-mr\/\"]}]},{\"@type\":\"ImageObject\",\"inLanguage\":\"pl-PL\",\"@id\":\"https:\/\/chiptuningmarket.com\/pl\/shop\/programatory-pl\/chiptuning-programatory-2-pl\/autovei-truck-explorer-chiptuning-programatory-2-pl\/dodatkowe-licencje\/autovei-licencja-mb-mr\/#primaryimage\",\"url\":\"https:\/\/chiptuningmarket.com\/wp-content\/uploads\/2025\/07\/license-mb-mr_617.jpg\",\"contentUrl\":\"https:\/\/chiptuningmarket.com\/wp-content\/uploads\/2025\/07\/license-mb-mr_617.jpg\",\"width\":573,\"height\":492},{\"@type\":\"BreadcrumbList\",\"@id\":\"https:\/\/chiptuningmarket.com\/pl\/shop\/programatory-pl\/chiptuning-programatory-2-pl\/autovei-truck-explorer-chiptuning-programatory-2-pl\/dodatkowe-licencje\/autovei-licencja-mb-mr\/#breadcrumb\",\"itemListElement\":[{\"@type\":\"ListItem\",\"position\":1,\"name\":\"Home\",\"item\":\"https:\/\/chiptuningmarket.com\/pl\/\"},{\"@type\":\"ListItem\",\"position\":2,\"name\":\"Sklep\",\"item\":\"https:\/\/chiptuningmarket.com\/pl\/shop\/\"},{\"@type\":\"ListItem\",\"position\":3,\"name\":\"AutoVEI Licencja MB MR\"}]},{\"@type\":\"WebSite\",\"@id\":\"https:\/\/chiptuningmarket.com\/pl\/#website\",\"url\":\"https:\/\/chiptuningmarket.com\/pl\/\",\"name\":\"Chiptuningmarket\",\"description\":\"Biggest chiptuning shop in Europe\",\"publisher\":{\"@id\":\"https:\/\/chiptuningmarket.com\/pl\/#organization\"},\"alternateName\":\"Worldwide ecu tools supplier\",\"potentialAction\":[{\"@type\":\"SearchAction\",\"target\":{\"@type\":\"EntryPoint\",\"urlTemplate\":\"https:\/\/chiptuningmarket.com\/pl\/?s={search_term_string}\"},\"query-input\":{\"@type\":\"PropertyValueSpecification\",\"valueRequired\":true,\"valueName\":\"search_term_string\"}}],\"inLanguage\":\"pl-PL\"},{\"@type\":\"Organization\",\"@id\":\"https:\/\/chiptuningmarket.com\/pl\/#organization\",\"name\":\"Chiptuningmarket\",\"alternateName\":\"Chiptuning tools supplier\",\"url\":\"https:\/\/chiptuningmarket.com\/pl\/\",\"logo\":{\"@type\":\"ImageObject\",\"inLanguage\":\"pl-PL\",\"@id\":\"https:\/\/chiptuningmarket.com\/pl\/#\/schema\/logo\/image\/\",\"url\":\"https:\/\/chiptuningmarket.com\/wp-content\/uploads\/2023\/05\/logo-ChipTuningMarket-social.png\",\"contentUrl\":\"https:\/\/chiptuningmarket.com\/wp-content\/uploads\/2023\/05\/logo-ChipTuningMarket-social.png\",\"width\":512,\"height\":512,\"caption\":\"Chiptuningmarket\"},\"image\":{\"@id\":\"https:\/\/chiptuningmarket.com\/pl\/#\/schema\/logo\/image\/\"}}]}<\/script>\n<!-- \/ Yoast SEO plugin. -->","yoast_head_json":{"title":"Licencja AutoVEI MB MR D2351S0057 - Chiptuningmarket","description":"Licencja MB MR AutoVEI \u2013 programowanie sterownik\u00f3w PLD (Mercedes MP1\u2013MP3, Euro 3\u20135). Odczyt, zapis, naprawa b\u0142\u0119d\u00f3w 14058. Tryby OBD, DC, BSL.","robots":{"index":"index","follow":"follow","max-snippet":"max-snippet:-1","max-image-preview":"max-image-preview:large","max-video-preview":"max-video-preview:-1"},"canonical":"https:\/\/chiptuningmarket.com\/pl\/shop\/programatory-pl\/chiptuning-programatory-2-pl\/autovei-truck-explorer-chiptuning-programatory-2-pl\/dodatkowe-licencje\/autovei-licencja-mb-mr\/","og_locale":"pl_PL","og_type":"article","og_title":"Licencja AutoVEI MB MR D2351S0057 - Chiptuningmarket","og_description":"Licencja MB MR AutoVEI \u2013 programowanie sterownik\u00f3w PLD (Mercedes MP1\u2013MP3, Euro 3\u20135). Odczyt, zapis, naprawa b\u0142\u0119d\u00f3w 14058. Tryby OBD, DC, BSL.","og_url":"https:\/\/chiptuningmarket.com\/pl\/shop\/programatory-pl\/chiptuning-programatory-2-pl\/autovei-truck-explorer-chiptuning-programatory-2-pl\/dodatkowe-licencje\/autovei-licencja-mb-mr\/","og_site_name":"Chiptuningmarket","article_modified_time":"2025-07-04T08:28:50+00:00","og_image":[{"width":573,"height":492,"url":"https:\/\/chiptuningmarket.com\/wp-content\/uploads\/2025\/07\/license-mb-mr_617.jpg","type":"image\/jpeg"}],"twitter_card":"summary_large_image","twitter_misc":{"Szacowany czas czytania":"1 minuta"},"schema":{"@context":"https:\/\/schema.org","@graph":[{"@type":"WebPage","@id":"https:\/\/chiptuningmarket.com\/pl\/shop\/programatory-pl\/chiptuning-programatory-2-pl\/autovei-truck-explorer-chiptuning-programatory-2-pl\/dodatkowe-licencje\/autovei-licencja-mb-mr\/","url":"https:\/\/chiptuningmarket.com\/pl\/shop\/programatory-pl\/chiptuning-programatory-2-pl\/autovei-truck-explorer-chiptuning-programatory-2-pl\/dodatkowe-licencje\/autovei-licencja-mb-mr\/","name":"Licencja AutoVEI MB MR D2351S0057 - Chiptuningmarket","isPartOf":{"@id":"https:\/\/chiptuningmarket.com\/pl\/#website"},"primaryImageOfPage":{"@id":"https:\/\/chiptuningmarket.com\/pl\/shop\/programatory-pl\/chiptuning-programatory-2-pl\/autovei-truck-explorer-chiptuning-programatory-2-pl\/dodatkowe-licencje\/autovei-licencja-mb-mr\/#primaryimage"},"image":{"@id":"https:\/\/chiptuningmarket.com\/pl\/shop\/programatory-pl\/chiptuning-programatory-2-pl\/autovei-truck-explorer-chiptuning-programatory-2-pl\/dodatkowe-licencje\/autovei-licencja-mb-mr\/#primaryimage"},"thumbnailUrl":"https:\/\/chiptuningmarket.com\/wp-content\/uploads\/2025\/07\/license-mb-mr_617.jpg","datePublished":"2025-07-03T13:38:03+00:00","dateModified":"2025-07-04T08:28:50+00:00","description":"Licencja MB MR AutoVEI \u2013 programowanie sterownik\u00f3w PLD (Mercedes MP1\u2013MP3, Euro 3\u20135). Odczyt, zapis, naprawa b\u0142\u0119d\u00f3w 14058. Tryby OBD, DC, BSL.","breadcrumb":{"@id":"https:\/\/chiptuningmarket.com\/pl\/shop\/programatory-pl\/chiptuning-programatory-2-pl\/autovei-truck-explorer-chiptuning-programatory-2-pl\/dodatkowe-licencje\/autovei-licencja-mb-mr\/#breadcrumb"},"inLanguage":"pl-PL","potentialAction":[{"@type":"ReadAction","target":["https:\/\/chiptuningmarket.com\/pl\/shop\/programatory-pl\/chiptuning-programatory-2-pl\/autovei-truck-explorer-chiptuning-programatory-2-pl\/dodatkowe-licencje\/autovei-licencja-mb-mr\/"]}]},{"@type":"ImageObject","inLanguage":"pl-PL","@id":"https:\/\/chiptuningmarket.com\/pl\/shop\/programatory-pl\/chiptuning-programatory-2-pl\/autovei-truck-explorer-chiptuning-programatory-2-pl\/dodatkowe-licencje\/autovei-licencja-mb-mr\/#primaryimage","url":"https:\/\/chiptuningmarket.com\/wp-content\/uploads\/2025\/07\/license-mb-mr_617.jpg","contentUrl":"https:\/\/chiptuningmarket.com\/wp-content\/uploads\/2025\/07\/license-mb-mr_617.jpg","width":573,"height":492},{"@type":"BreadcrumbList","@id":"https:\/\/chiptuningmarket.com\/pl\/shop\/programatory-pl\/chiptuning-programatory-2-pl\/autovei-truck-explorer-chiptuning-programatory-2-pl\/dodatkowe-licencje\/autovei-licencja-mb-mr\/#breadcrumb","itemListElement":[{"@type":"ListItem","position":1,"name":"Home","item":"https:\/\/chiptuningmarket.com\/pl\/"},{"@type":"ListItem","position":2,"name":"Sklep","item":"https:\/\/chiptuningmarket.com\/pl\/shop\/"},{"@type":"ListItem","position":3,"name":"AutoVEI Licencja MB MR"}]},{"@type":"WebSite","@id":"https:\/\/chiptuningmarket.com\/pl\/#website","url":"https:\/\/chiptuningmarket.com\/pl\/","name":"Chiptuningmarket","description":"Biggest chiptuning shop in Europe","publisher":{"@id":"https:\/\/chiptuningmarket.com\/pl\/#organization"},"alternateName":"Worldwide ecu tools supplier","potentialAction":[{"@type":"SearchAction","target":{"@type":"EntryPoint","urlTemplate":"https:\/\/chiptuningmarket.com\/pl\/?s={search_term_string}"},"query-input":{"@type":"PropertyValueSpecification","valueRequired":true,"valueName":"search_term_string"}}],"inLanguage":"pl-PL"},{"@type":"Organization","@id":"https:\/\/chiptuningmarket.com\/pl\/#organization","name":"Chiptuningmarket","alternateName":"Chiptuning tools supplier","url":"https:\/\/chiptuningmarket.com\/pl\/","logo":{"@type":"ImageObject","inLanguage":"pl-PL","@id":"https:\/\/chiptuningmarket.com\/pl\/#\/schema\/logo\/image\/","url":"https:\/\/chiptuningmarket.com\/wp-content\/uploads\/2023\/05\/logo-ChipTuningMarket-social.png","contentUrl":"https:\/\/chiptuningmarket.com\/wp-content\/uploads\/2023\/05\/logo-ChipTuningMarket-social.png","width":512,"height":512,"caption":"Chiptuningmarket"},"image":{"@id":"https:\/\/chiptuningmarket.com\/pl\/#\/schema\/logo\/image\/"}}]}},"_links":{"self":[{"href":"https:\/\/chiptuningmarket.com\/pl\/wp-json\/wp\/v2\/product\/134837","targetHints":{"allow":["GET"]}}],"collection":[{"href":"https:\/\/chiptuningmarket.com\/pl\/wp-json\/wp\/v2\/product"}],"about":[{"href":"https:\/\/chiptuningmarket.com\/pl\/wp-json\/wp\/v2\/types\/product"}],"wp:featuredmedia":[{"embeddable":true,"href":"https:\/\/chiptuningmarket.com\/pl\/wp-json\/wp\/v2\/media\/135199"}],"wp:attachment":[{"href":"https:\/\/chiptuningmarket.com\/pl\/wp-json\/wp\/v2\/media?parent=134837"}],"wp:term":[{"taxonomy":"product_brand","embeddable":true,"href":"https:\/\/chiptuningmarket.com\/pl\/wp-json\/wp\/v2\/product_brand?post=134837"},{"taxonomy":"product_cat","embeddable":true,"href":"https:\/\/chiptuningmarket.com\/pl\/wp-json\/wp\/v2\/product_cat?post=134837"},{"taxonomy":"product_tag","embeddable":true,"href":"https:\/\/chiptuningmarket.com\/pl\/wp-json\/wp\/v2\/product_tag?post=134837"}],"curies":[{"name":"wp","href":"https:\/\/api.w.org\/{rel}","templated":true}]}}