{"id":173757,"date":"2025-08-04T13:06:12","date_gmt":"2025-08-04T12:06:12","guid":{"rendered":"https:\/\/chiptuningmarket.com\/?post_type=product&#038;p=173757"},"modified":"2025-09-02T13:05:50","modified_gmt":"2025-09-02T12:05:50","slug":"przewod-dfox-bench-md-mg1","status":"publish","type":"product","link":"https:\/\/chiptuningmarket.com\/pl\/shop\/akcesoria-chiptuning-pl\/dfb-technology-dfox-pl\/cables-dfb-technology-dfox-pl\/truck-cv-cables-dfb-technology-dfox-pl\/przewod-dfox-bench-md-mg1\/","title":{"rendered":"Przew\u00f3d DFOX Bench MD\/MG1 for BMW"},"content":{"rendered":"<p>Przew\u00f3d u\u0142atwia bezpieczne pod\u0142\u0105czenie do ECU bez ryzyka uszkodzenia drobnych pin\u00f3w i znacz\u0105co przyspiesza proces pin\u2011outu<\/p>\n","protected":false},"excerpt":{"rendered":"<p>Przew\u00f3d u\u0142atwia bezpieczne pod\u0142\u0105czenie do ECU bez ryzyka uszkodzenia drobnych pin\u00f3w i znacz\u0105co przyspiesza proces pin\u2011outu<\/p>\n","protected":false},"featured_media":173791,"template":"","meta":{"_monsterinsights_skip_tracking":false,"_monsterinsights_sitenote_active":false,"_monsterinsights_sitenote_note":"","_monsterinsights_sitenote_category":0},"product_brand":[],"product_cat":[5060,5111,5115,5116,5113,5114],"product_tag":[7935,7936,4663],"class_list":{"0":"post-173757","1":"product","2":"type-product","3":"status-publish","4":"has-post-thumbnail","6":"product_cat-akcesoria-chiptuning-pl","7":"product_cat-dfb-technology-dfox-pl","8":"product_cat-ohw-agv-cables-dfb-technology-dfox-pl","9":"product_cat-cars-lcv-cables-dfb-technology-dfox-pl","10":"product_cat-cables-dfb-technology-dfox-pl","11":"product_cat-truck-cv-cables-dfb-technology-dfox-pl","12":"product_tag-md-mg1","13":"product_tag-odczyt-ecu-tcu","14":"product_tag-przewod-dfox","16":"first","17":"instock","18":"taxable","19":"shipping-taxable","20":"purchasable","21":"product-type-simple"},"yoast_head":"<!-- This site is optimized with the Yoast SEO plugin v25.2 - https:\/\/yoast.com\/wordpress\/plugins\/seo\/ -->\n<title>Przew\u00f3d DFOX Bench MD\/MG1 for BMW - Chiptuningmarket<\/title>\n<meta name=\"description\" content=\"Przew\u00f3d u\u0142atwia bezpieczne pod\u0142\u0105czenie do ECU bez ryzyka uszkodzenia drobnych pin\u00f3w i znacz\u0105co przyspiesza proces pin\u2011outu\" \/>\n<meta name=\"robots\" content=\"index, follow, max-snippet:-1, max-image-preview:large, max-video-preview:-1\" \/>\n<link rel=\"canonical\" href=\"https:\/\/chiptuningmarket.com\/pl\/shop\/akcesoria-chiptuning-pl\/dfb-technology-dfox-pl\/cables-dfb-technology-dfox-pl\/truck-cv-cables-dfb-technology-dfox-pl\/przewod-dfox-bench-md-mg1\/\" \/>\n<meta property=\"og:locale\" content=\"pl_PL\" \/>\n<meta property=\"og:type\" content=\"article\" \/>\n<meta property=\"og:title\" content=\"Przew\u00f3d DFOX Bench MD\/MG1 for BMW - Chiptuningmarket\" \/>\n<meta property=\"og:description\" content=\"Przew\u00f3d u\u0142atwia bezpieczne pod\u0142\u0105czenie do ECU bez ryzyka uszkodzenia drobnych pin\u00f3w i znacz\u0105co przyspiesza proces pin\u2011outu\" \/>\n<meta property=\"og:url\" content=\"https:\/\/chiptuningmarket.com\/pl\/shop\/akcesoria-chiptuning-pl\/dfb-technology-dfox-pl\/cables-dfb-technology-dfox-pl\/truck-cv-cables-dfb-technology-dfox-pl\/przewod-dfox-bench-md-mg1\/\" \/>\n<meta property=\"og:site_name\" content=\"Chiptuningmarket\" \/>\n<meta property=\"article:modified_time\" content=\"2025-09-02T12:05:50+00:00\" \/>\n<meta property=\"og:image\" content=\"https:\/\/chiptuningmarket.com\/wp-content\/uploads\/2025\/08\/Przewod-DFOX-Bench-MDMG1-3.jpg\" \/>\n\t<meta property=\"og:image:width\" content=\"1536\" \/>\n\t<meta property=\"og:image:height\" content=\"2048\" \/>\n\t<meta property=\"og:image:type\" content=\"image\/jpeg\" \/>\n<meta name=\"twitter:card\" content=\"summary_large_image\" \/>\n<meta name=\"twitter:label1\" content=\"Szacowany czas czytania\" \/>\n\t<meta name=\"twitter:data1\" content=\"1 minuta\" \/>\n<script type=\"application\/ld+json\" class=\"yoast-schema-graph\">{\"@context\":\"https:\/\/schema.org\",\"@graph\":[{\"@type\":\"WebPage\",\"@id\":\"https:\/\/chiptuningmarket.com\/pl\/shop\/akcesoria-chiptuning-pl\/dfb-technology-dfox-pl\/cables-dfb-technology-dfox-pl\/truck-cv-cables-dfb-technology-dfox-pl\/przewod-dfox-bench-md-mg1\/\",\"url\":\"https:\/\/chiptuningmarket.com\/pl\/shop\/akcesoria-chiptuning-pl\/dfb-technology-dfox-pl\/cables-dfb-technology-dfox-pl\/truck-cv-cables-dfb-technology-dfox-pl\/przewod-dfox-bench-md-mg1\/\",\"name\":\"Przew\u00f3d DFOX Bench MD\/MG1 for BMW - Chiptuningmarket\",\"isPartOf\":{\"@id\":\"https:\/\/chiptuningmarket.com\/ru\/#website\"},\"primaryImageOfPage\":{\"@id\":\"https:\/\/chiptuningmarket.com\/pl\/shop\/akcesoria-chiptuning-pl\/dfb-technology-dfox-pl\/cables-dfb-technology-dfox-pl\/truck-cv-cables-dfb-technology-dfox-pl\/przewod-dfox-bench-md-mg1\/#primaryimage\"},\"image\":{\"@id\":\"https:\/\/chiptuningmarket.com\/pl\/shop\/akcesoria-chiptuning-pl\/dfb-technology-dfox-pl\/cables-dfb-technology-dfox-pl\/truck-cv-cables-dfb-technology-dfox-pl\/przewod-dfox-bench-md-mg1\/#primaryimage\"},\"thumbnailUrl\":\"https:\/\/chiptuningmarket.com\/wp-content\/uploads\/2025\/08\/Przewod-DFOX-Bench-MDMG1-3.jpg\",\"datePublished\":\"2025-08-04T12:06:12+00:00\",\"dateModified\":\"2025-09-02T12:05:50+00:00\",\"description\":\"Przew\u00f3d u\u0142atwia bezpieczne pod\u0142\u0105czenie do ECU bez ryzyka uszkodzenia drobnych pin\u00f3w i znacz\u0105co przyspiesza proces pin\u2011outu\",\"breadcrumb\":{\"@id\":\"https:\/\/chiptuningmarket.com\/pl\/shop\/akcesoria-chiptuning-pl\/dfb-technology-dfox-pl\/cables-dfb-technology-dfox-pl\/truck-cv-cables-dfb-technology-dfox-pl\/przewod-dfox-bench-md-mg1\/#breadcrumb\"},\"inLanguage\":\"pl-PL\",\"potentialAction\":[{\"@type\":\"ReadAction\",\"target\":[\"https:\/\/chiptuningmarket.com\/pl\/shop\/akcesoria-chiptuning-pl\/dfb-technology-dfox-pl\/cables-dfb-technology-dfox-pl\/truck-cv-cables-dfb-technology-dfox-pl\/przewod-dfox-bench-md-mg1\/\"]}]},{\"@type\":\"ImageObject\",\"inLanguage\":\"pl-PL\",\"@id\":\"https:\/\/chiptuningmarket.com\/pl\/shop\/akcesoria-chiptuning-pl\/dfb-technology-dfox-pl\/cables-dfb-technology-dfox-pl\/truck-cv-cables-dfb-technology-dfox-pl\/przewod-dfox-bench-md-mg1\/#primaryimage\",\"url\":\"https:\/\/chiptuningmarket.com\/wp-content\/uploads\/2025\/08\/Przewod-DFOX-Bench-MDMG1-3.jpg\",\"contentUrl\":\"https:\/\/chiptuningmarket.com\/wp-content\/uploads\/2025\/08\/Przewod-DFOX-Bench-MDMG1-3.jpg\",\"width\":1536,\"height\":2048},{\"@type\":\"BreadcrumbList\",\"@id\":\"https:\/\/chiptuningmarket.com\/pl\/shop\/akcesoria-chiptuning-pl\/dfb-technology-dfox-pl\/cables-dfb-technology-dfox-pl\/truck-cv-cables-dfb-technology-dfox-pl\/przewod-dfox-bench-md-mg1\/#breadcrumb\",\"itemListElement\":[{\"@type\":\"ListItem\",\"position\":1,\"name\":\"Home\",\"item\":\"https:\/\/chiptuningmarket.com\/pl\/\"},{\"@type\":\"ListItem\",\"position\":2,\"name\":\"Sklep\",\"item\":\"https:\/\/chiptuningmarket.com\/pl\/shop\/\"},{\"@type\":\"ListItem\",\"position\":3,\"name\":\"Przew\u00f3d DFOX Bench MD\/MG1 for BMW\"}]},{\"@type\":\"WebSite\",\"@id\":\"https:\/\/chiptuningmarket.com\/ru\/#website\",\"url\":\"https:\/\/chiptuningmarket.com\/ru\/\",\"name\":\"Chiptuningmarket\",\"description\":\"Biggest chiptuning shop in Europe\",\"publisher\":{\"@id\":\"https:\/\/chiptuningmarket.com\/ru\/#organization\"},\"alternateName\":\"Worldwide ecu tools supplier\",\"potentialAction\":[{\"@type\":\"SearchAction\",\"target\":{\"@type\":\"EntryPoint\",\"urlTemplate\":\"https:\/\/chiptuningmarket.com\/ru\/?s={search_term_string}\"},\"query-input\":{\"@type\":\"PropertyValueSpecification\",\"valueRequired\":true,\"valueName\":\"search_term_string\"}}],\"inLanguage\":\"pl-PL\"},{\"@type\":\"Organization\",\"@id\":\"https:\/\/chiptuningmarket.com\/ru\/#organization\",\"name\":\"Chiptuningmarket\",\"alternateName\":\"Chiptuning tools supplier\",\"url\":\"https:\/\/chiptuningmarket.com\/ru\/\",\"logo\":{\"@type\":\"ImageObject\",\"inLanguage\":\"pl-PL\",\"@id\":\"https:\/\/chiptuningmarket.com\/ru\/#\/schema\/logo\/image\/\",\"url\":\"https:\/\/chiptuningmarket.com\/wp-content\/uploads\/2023\/05\/logo-ChipTuningMarket-social.png\",\"contentUrl\":\"https:\/\/chiptuningmarket.com\/wp-content\/uploads\/2023\/05\/logo-ChipTuningMarket-social.png\",\"width\":512,\"height\":512,\"caption\":\"Chiptuningmarket\"},\"image\":{\"@id\":\"https:\/\/chiptuningmarket.com\/ru\/#\/schema\/logo\/image\/\"}}]}<\/script>\n<!-- \/ Yoast SEO plugin. -->","yoast_head_json":{"title":"Przew\u00f3d DFOX Bench MD\/MG1 for BMW - Chiptuningmarket","description":"Przew\u00f3d u\u0142atwia bezpieczne pod\u0142\u0105czenie do ECU bez ryzyka uszkodzenia drobnych pin\u00f3w i znacz\u0105co przyspiesza proces pin\u2011outu","robots":{"index":"index","follow":"follow","max-snippet":"max-snippet:-1","max-image-preview":"max-image-preview:large","max-video-preview":"max-video-preview:-1"},"canonical":"https:\/\/chiptuningmarket.com\/pl\/shop\/akcesoria-chiptuning-pl\/dfb-technology-dfox-pl\/cables-dfb-technology-dfox-pl\/truck-cv-cables-dfb-technology-dfox-pl\/przewod-dfox-bench-md-mg1\/","og_locale":"pl_PL","og_type":"article","og_title":"Przew\u00f3d DFOX Bench MD\/MG1 for BMW - Chiptuningmarket","og_description":"Przew\u00f3d u\u0142atwia bezpieczne pod\u0142\u0105czenie do ECU bez ryzyka uszkodzenia drobnych pin\u00f3w i znacz\u0105co przyspiesza proces pin\u2011outu","og_url":"https:\/\/chiptuningmarket.com\/pl\/shop\/akcesoria-chiptuning-pl\/dfb-technology-dfox-pl\/cables-dfb-technology-dfox-pl\/truck-cv-cables-dfb-technology-dfox-pl\/przewod-dfox-bench-md-mg1\/","og_site_name":"Chiptuningmarket","article_modified_time":"2025-09-02T12:05:50+00:00","og_image":[{"width":1536,"height":2048,"url":"https:\/\/chiptuningmarket.com\/wp-content\/uploads\/2025\/08\/Przewod-DFOX-Bench-MDMG1-3.jpg","type":"image\/jpeg"}],"twitter_card":"summary_large_image","twitter_misc":{"Szacowany czas czytania":"1 minuta"},"schema":{"@context":"https:\/\/schema.org","@graph":[{"@type":"WebPage","@id":"https:\/\/chiptuningmarket.com\/pl\/shop\/akcesoria-chiptuning-pl\/dfb-technology-dfox-pl\/cables-dfb-technology-dfox-pl\/truck-cv-cables-dfb-technology-dfox-pl\/przewod-dfox-bench-md-mg1\/","url":"https:\/\/chiptuningmarket.com\/pl\/shop\/akcesoria-chiptuning-pl\/dfb-technology-dfox-pl\/cables-dfb-technology-dfox-pl\/truck-cv-cables-dfb-technology-dfox-pl\/przewod-dfox-bench-md-mg1\/","name":"Przew\u00f3d DFOX Bench MD\/MG1 for BMW - Chiptuningmarket","isPartOf":{"@id":"https:\/\/chiptuningmarket.com\/ru\/#website"},"primaryImageOfPage":{"@id":"https:\/\/chiptuningmarket.com\/pl\/shop\/akcesoria-chiptuning-pl\/dfb-technology-dfox-pl\/cables-dfb-technology-dfox-pl\/truck-cv-cables-dfb-technology-dfox-pl\/przewod-dfox-bench-md-mg1\/#primaryimage"},"image":{"@id":"https:\/\/chiptuningmarket.com\/pl\/shop\/akcesoria-chiptuning-pl\/dfb-technology-dfox-pl\/cables-dfb-technology-dfox-pl\/truck-cv-cables-dfb-technology-dfox-pl\/przewod-dfox-bench-md-mg1\/#primaryimage"},"thumbnailUrl":"https:\/\/chiptuningmarket.com\/wp-content\/uploads\/2025\/08\/Przewod-DFOX-Bench-MDMG1-3.jpg","datePublished":"2025-08-04T12:06:12+00:00","dateModified":"2025-09-02T12:05:50+00:00","description":"Przew\u00f3d u\u0142atwia bezpieczne pod\u0142\u0105czenie do ECU bez ryzyka uszkodzenia drobnych pin\u00f3w i znacz\u0105co przyspiesza proces pin\u2011outu","breadcrumb":{"@id":"https:\/\/chiptuningmarket.com\/pl\/shop\/akcesoria-chiptuning-pl\/dfb-technology-dfox-pl\/cables-dfb-technology-dfox-pl\/truck-cv-cables-dfb-technology-dfox-pl\/przewod-dfox-bench-md-mg1\/#breadcrumb"},"inLanguage":"pl-PL","potentialAction":[{"@type":"ReadAction","target":["https:\/\/chiptuningmarket.com\/pl\/shop\/akcesoria-chiptuning-pl\/dfb-technology-dfox-pl\/cables-dfb-technology-dfox-pl\/truck-cv-cables-dfb-technology-dfox-pl\/przewod-dfox-bench-md-mg1\/"]}]},{"@type":"ImageObject","inLanguage":"pl-PL","@id":"https:\/\/chiptuningmarket.com\/pl\/shop\/akcesoria-chiptuning-pl\/dfb-technology-dfox-pl\/cables-dfb-technology-dfox-pl\/truck-cv-cables-dfb-technology-dfox-pl\/przewod-dfox-bench-md-mg1\/#primaryimage","url":"https:\/\/chiptuningmarket.com\/wp-content\/uploads\/2025\/08\/Przewod-DFOX-Bench-MDMG1-3.jpg","contentUrl":"https:\/\/chiptuningmarket.com\/wp-content\/uploads\/2025\/08\/Przewod-DFOX-Bench-MDMG1-3.jpg","width":1536,"height":2048},{"@type":"BreadcrumbList","@id":"https:\/\/chiptuningmarket.com\/pl\/shop\/akcesoria-chiptuning-pl\/dfb-technology-dfox-pl\/cables-dfb-technology-dfox-pl\/truck-cv-cables-dfb-technology-dfox-pl\/przewod-dfox-bench-md-mg1\/#breadcrumb","itemListElement":[{"@type":"ListItem","position":1,"name":"Home","item":"https:\/\/chiptuningmarket.com\/pl\/"},{"@type":"ListItem","position":2,"name":"Sklep","item":"https:\/\/chiptuningmarket.com\/pl\/shop\/"},{"@type":"ListItem","position":3,"name":"Przew\u00f3d DFOX Bench MD\/MG1 for BMW"}]},{"@type":"WebSite","@id":"https:\/\/chiptuningmarket.com\/ru\/#website","url":"https:\/\/chiptuningmarket.com\/ru\/","name":"Chiptuningmarket","description":"Biggest chiptuning shop in Europe","publisher":{"@id":"https:\/\/chiptuningmarket.com\/ru\/#organization"},"alternateName":"Worldwide ecu tools supplier","potentialAction":[{"@type":"SearchAction","target":{"@type":"EntryPoint","urlTemplate":"https:\/\/chiptuningmarket.com\/ru\/?s={search_term_string}"},"query-input":{"@type":"PropertyValueSpecification","valueRequired":true,"valueName":"search_term_string"}}],"inLanguage":"pl-PL"},{"@type":"Organization","@id":"https:\/\/chiptuningmarket.com\/ru\/#organization","name":"Chiptuningmarket","alternateName":"Chiptuning tools supplier","url":"https:\/\/chiptuningmarket.com\/ru\/","logo":{"@type":"ImageObject","inLanguage":"pl-PL","@id":"https:\/\/chiptuningmarket.com\/ru\/#\/schema\/logo\/image\/","url":"https:\/\/chiptuningmarket.com\/wp-content\/uploads\/2023\/05\/logo-ChipTuningMarket-social.png","contentUrl":"https:\/\/chiptuningmarket.com\/wp-content\/uploads\/2023\/05\/logo-ChipTuningMarket-social.png","width":512,"height":512,"caption":"Chiptuningmarket"},"image":{"@id":"https:\/\/chiptuningmarket.com\/ru\/#\/schema\/logo\/image\/"}}]}},"_links":{"self":[{"href":"https:\/\/chiptuningmarket.com\/pl\/wp-json\/wp\/v2\/product\/173757","targetHints":{"allow":["GET"]}}],"collection":[{"href":"https:\/\/chiptuningmarket.com\/pl\/wp-json\/wp\/v2\/product"}],"about":[{"href":"https:\/\/chiptuningmarket.com\/pl\/wp-json\/wp\/v2\/types\/product"}],"wp:featuredmedia":[{"embeddable":true,"href":"https:\/\/chiptuningmarket.com\/pl\/wp-json\/wp\/v2\/media\/173791"}],"wp:attachment":[{"href":"https:\/\/chiptuningmarket.com\/pl\/wp-json\/wp\/v2\/media?parent=173757"}],"wp:term":[{"taxonomy":"product_brand","embeddable":true,"href":"https:\/\/chiptuningmarket.com\/pl\/wp-json\/wp\/v2\/product_brand?post=173757"},{"taxonomy":"product_cat","embeddable":true,"href":"https:\/\/chiptuningmarket.com\/pl\/wp-json\/wp\/v2\/product_cat?post=173757"},{"taxonomy":"product_tag","embeddable":true,"href":"https:\/\/chiptuningmarket.com\/pl\/wp-json\/wp\/v2\/product_tag?post=173757"}],"curies":[{"name":"wp","href":"https:\/\/api.w.org\/{rel}","templated":true}]}}