{"id":18179,"date":"2019-04-15T21:46:34","date_gmt":"2019-04-15T20:46:34","guid":{"rendered":"https:\/\/chiptuningmarket.com\/product\/rama-bdm\/"},"modified":"2025-05-27T14:18:21","modified_gmt":"2025-05-27T13:18:21","slug":"rama-bdm","status":"publish","type":"product","link":"https:\/\/chiptuningmarket.com\/pl\/shop\/akcesoria-chiptuning-pl\/rama-bdm\/","title":{"rendered":"Rama BDM BOOT DO ODCZYTU STEROWNIK\u00d3W"},"content":{"rendered":"<h3 style=\"text-align: center\">Rama BDM BOOT DO ODCZYTU STEROWNIK\u00d3W<\/h3>\n<p><a href=\"https:\/\/chiptuningmarket.com\/wp-content\/uploads\/2019\/04\/Rama-BDM-4-scaled.jpg\"><img decoding=\"async\" class=\"aligncenter wp-image-31383 size-large\" src=\"https:\/\/chiptuningmarket.com\/wp-content\/uploads\/2019\/04\/Rama-BDM-4-1024x760.jpg\" alt=\"\" width=\"1024\" height=\"760\" srcset=\"https:\/\/chiptuningmarket.com\/wp-content\/uploads\/2019\/04\/Rama-BDM-4-1024x760.jpg 1024w, https:\/\/chiptuningmarket.com\/wp-content\/uploads\/2019\/04\/Rama-BDM-4-300x223.jpg 300w, https:\/\/chiptuningmarket.com\/wp-content\/uploads\/2019\/04\/Rama-BDM-4-768x570.jpg 768w, https:\/\/chiptuningmarket.com\/wp-content\/uploads\/2019\/04\/Rama-BDM-4-1536x1140.jpg 1536w, https:\/\/chiptuningmarket.com\/wp-content\/uploads\/2019\/04\/Rama-BDM-4-2048x1520.jpg 2048w, https:\/\/chiptuningmarket.com\/wp-content\/uploads\/2019\/04\/Rama-BDM-4-600x445.jpg 600w\" sizes=\"(max-width: 1024px) 100vw, 1024px\" \/><\/a><\/p>\n<p>&nbsp;<\/p>\n<div class=\"jhH5U\">\n<div id=\"tw-ob\" class=\"tw-src-ltr\">\n<div class=\"oSioSc\">\n<div id=\"tw-target\">\n<div id=\"kAz1tf\" class=\"g9WsWb\">\n<div id=\"tw-target-text-container\" class=\"tw-ta-container hide-focus-ring tw-nfl\">\n<p>Polecamy r\u00f3wnie\u017c pozosta\u0142e akcesoria u\u0142atwiaj\u0105ce odczyt sterownik\u00f3w:<\/p>\n<\/div>\n<\/div>\n<\/div>\n<\/div>\n<\/div>\n<\/div>\n<p><a style=\"color: blue\" href=\"https:\/\/chiptuningmarket.com\/en\/product\/igly-bootmode\/\">BOOTMODE needles<\/a><\/p>\n<p><a style=\"color: blue\" href=\"https:\/\/chiptuningmarket.com\/en\/product\/ecu-opener\/\">ECU Opener<\/a><\/p>\n","protected":false},"excerpt":{"rendered":"<p>Rama do odczytu sterownik\u00f3w w trybie \u201eboot mode\u201d oraz z wykorzystaniem z\u0142\u0105cza BDM.<\/p>\n<p>Rama posiada pod\u015bwietlenie LED oraz ko\u0142ki ustalaj\u0105ce dla sterownik\u00f3w Bosch.<\/p>\n<p>Rama posiada \u0142o\u017cyska liniowe, blokad\u0119 wysoko\u015bci w\u00f3zka.<\/p>\n<p>Wykonana w technologii CNC, zapewniaj\u0105c precyzyjne pozycjonowanie, malowana proszkowo co czyni j\u0105 trwa\u0142\u0105 w d\u0142ugiej eksploatacji<\/p>\n<p>Mo\u017cliwo\u015b\u0107 rozbudowania o dodatkow\u0105 p\u00f3\u0142k\u0119 tyln\u0105 na programator.<\/p>\n","protected":false},"featured_media":31383,"template":"","meta":{"_monsterinsights_skip_tracking":false,"_monsterinsights_sitenote_active":false,"_monsterinsights_sitenote_note":"","_monsterinsights_sitenote_category":0},"product_brand":[],"product_cat":[5060],"product_tag":[2313,2852,2406],"class_list":{"0":"post-18179","1":"product","2":"type-product","3":"status-publish","4":"has-post-thumbnail","6":"product_cat-akcesoria-chiptuning-pl","7":"product_tag-boot-mode-positioner-frame-bdm-pl","8":"product_tag-read-boot-mode-pl","9":"product_tag-frame-bdm-pl","10":"product_shipping_class-rama-pl","12":"first","13":"instock","14":"taxable","15":"shipping-taxable","16":"purchasable","17":"product-type-simple"},"yoast_head":"<!-- This site is optimized with the Yoast SEO plugin v25.2 - https:\/\/yoast.com\/wordpress\/plugins\/seo\/ -->\n<title>Rama BDM BOOT DO ODCZYTU STEROWNIK\u00d3W - Chiptuningmarket<\/title>\n<meta name=\"description\" content=\"Frame for reading drivers in &quot;boot mode&quot; and using the BDM connector. Made in CNC technology, ensuring precise positioning, powder coated which makes it...\" \/>\n<meta name=\"robots\" content=\"index, follow, max-snippet:-1, max-image-preview:large, max-video-preview:-1\" \/>\n<link rel=\"canonical\" href=\"https:\/\/chiptuningmarket.com\/pl\/shop\/akcesoria-chiptuning-pl\/rama-bdm\/\" \/>\n<meta property=\"og:locale\" content=\"pl_PL\" \/>\n<meta property=\"og:type\" content=\"article\" \/>\n<meta property=\"og:title\" content=\"Rama BDM BOOT DO ODCZYTU STEROWNIK\u00d3W - Chiptuningmarket\" \/>\n<meta property=\"og:description\" content=\"Frame for reading drivers in &quot;boot mode&quot; and using the BDM connector. Made in CNC technology, ensuring precise positioning, powder coated which makes it...\" \/>\n<meta property=\"og:url\" content=\"https:\/\/chiptuningmarket.com\/pl\/shop\/akcesoria-chiptuning-pl\/rama-bdm\/\" \/>\n<meta property=\"og:site_name\" content=\"Chiptuningmarket\" \/>\n<meta property=\"article:modified_time\" content=\"2025-05-27T13:18:21+00:00\" \/>\n<meta property=\"og:image\" content=\"https:\/\/chiptuningmarket.com\/wp-content\/uploads\/2019\/04\/Rama-BDM-4-scaled.jpg\" \/>\n\t<meta property=\"og:image:width\" content=\"2560\" \/>\n\t<meta property=\"og:image:height\" content=\"1900\" \/>\n\t<meta property=\"og:image:type\" content=\"image\/jpeg\" \/>\n<meta name=\"twitter:card\" content=\"summary_large_image\" \/>\n<meta name=\"twitter:label1\" content=\"Szacowany czas czytania\" \/>\n\t<meta name=\"twitter:data1\" content=\"1 minuta\" \/>\n<script type=\"application\/ld+json\" class=\"yoast-schema-graph\">{\"@context\":\"https:\/\/schema.org\",\"@graph\":[{\"@type\":\"WebPage\",\"@id\":\"https:\/\/chiptuningmarket.com\/pl\/shop\/akcesoria-chiptuning-pl\/rama-bdm\/\",\"url\":\"https:\/\/chiptuningmarket.com\/pl\/shop\/akcesoria-chiptuning-pl\/rama-bdm\/\",\"name\":\"Rama BDM BOOT DO ODCZYTU STEROWNIK\u00d3W - Chiptuningmarket\",\"isPartOf\":{\"@id\":\"https:\/\/chiptuningmarket.com\/pl\/#website\"},\"primaryImageOfPage\":{\"@id\":\"https:\/\/chiptuningmarket.com\/pl\/shop\/akcesoria-chiptuning-pl\/rama-bdm\/#primaryimage\"},\"image\":{\"@id\":\"https:\/\/chiptuningmarket.com\/pl\/shop\/akcesoria-chiptuning-pl\/rama-bdm\/#primaryimage\"},\"thumbnailUrl\":\"https:\/\/chiptuningmarket.com\/wp-content\/uploads\/2019\/04\/Rama-BDM-4-scaled.jpg\",\"datePublished\":\"2019-04-15T20:46:34+00:00\",\"dateModified\":\"2025-05-27T13:18:21+00:00\",\"description\":\"Frame for reading drivers in \\\"boot mode\\\" and using the BDM connector. Made in CNC technology, ensuring precise positioning, powder coated which makes it...\",\"breadcrumb\":{\"@id\":\"https:\/\/chiptuningmarket.com\/pl\/shop\/akcesoria-chiptuning-pl\/rama-bdm\/#breadcrumb\"},\"inLanguage\":\"pl-PL\",\"potentialAction\":[{\"@type\":\"ReadAction\",\"target\":[\"https:\/\/chiptuningmarket.com\/pl\/shop\/akcesoria-chiptuning-pl\/rama-bdm\/\"]}]},{\"@type\":\"ImageObject\",\"inLanguage\":\"pl-PL\",\"@id\":\"https:\/\/chiptuningmarket.com\/pl\/shop\/akcesoria-chiptuning-pl\/rama-bdm\/#primaryimage\",\"url\":\"https:\/\/chiptuningmarket.com\/wp-content\/uploads\/2019\/04\/Rama-BDM-4-scaled.jpg\",\"contentUrl\":\"https:\/\/chiptuningmarket.com\/wp-content\/uploads\/2019\/04\/Rama-BDM-4-scaled.jpg\",\"width\":2560,\"height\":1900},{\"@type\":\"BreadcrumbList\",\"@id\":\"https:\/\/chiptuningmarket.com\/pl\/shop\/akcesoria-chiptuning-pl\/rama-bdm\/#breadcrumb\",\"itemListElement\":[{\"@type\":\"ListItem\",\"position\":1,\"name\":\"Home\",\"item\":\"https:\/\/chiptuningmarket.com\/pl\/\"},{\"@type\":\"ListItem\",\"position\":2,\"name\":\"Sklep\",\"item\":\"https:\/\/chiptuningmarket.com\/pl\/shop\/\"},{\"@type\":\"ListItem\",\"position\":3,\"name\":\"Rama BDM BOOT DO ODCZYTU STEROWNIK\u00d3W\"}]},{\"@type\":\"WebSite\",\"@id\":\"https:\/\/chiptuningmarket.com\/pl\/#website\",\"url\":\"https:\/\/chiptuningmarket.com\/pl\/\",\"name\":\"Chiptuningmarket\",\"description\":\"Biggest chiptuning shop in Europe\",\"publisher\":{\"@id\":\"https:\/\/chiptuningmarket.com\/pl\/#organization\"},\"alternateName\":\"Worldwide ecu tools supplier\",\"potentialAction\":[{\"@type\":\"SearchAction\",\"target\":{\"@type\":\"EntryPoint\",\"urlTemplate\":\"https:\/\/chiptuningmarket.com\/pl\/?s={search_term_string}\"},\"query-input\":{\"@type\":\"PropertyValueSpecification\",\"valueRequired\":true,\"valueName\":\"search_term_string\"}}],\"inLanguage\":\"pl-PL\"},{\"@type\":\"Organization\",\"@id\":\"https:\/\/chiptuningmarket.com\/pl\/#organization\",\"name\":\"Chiptuningmarket\",\"alternateName\":\"Chiptuning tools supplier\",\"url\":\"https:\/\/chiptuningmarket.com\/pl\/\",\"logo\":{\"@type\":\"ImageObject\",\"inLanguage\":\"pl-PL\",\"@id\":\"https:\/\/chiptuningmarket.com\/pl\/#\/schema\/logo\/image\/\",\"url\":\"https:\/\/chiptuningmarket.com\/wp-content\/uploads\/2023\/05\/logo-ChipTuningMarket-social.png\",\"contentUrl\":\"https:\/\/chiptuningmarket.com\/wp-content\/uploads\/2023\/05\/logo-ChipTuningMarket-social.png\",\"width\":512,\"height\":512,\"caption\":\"Chiptuningmarket\"},\"image\":{\"@id\":\"https:\/\/chiptuningmarket.com\/pl\/#\/schema\/logo\/image\/\"}}]}<\/script>\n<!-- \/ Yoast SEO plugin. -->","yoast_head_json":{"title":"Rama BDM BOOT DO ODCZYTU STEROWNIK\u00d3W - Chiptuningmarket","description":"Frame for reading drivers in \"boot mode\" and using the BDM connector. Made in CNC technology, ensuring precise positioning, powder coated which makes it...","robots":{"index":"index","follow":"follow","max-snippet":"max-snippet:-1","max-image-preview":"max-image-preview:large","max-video-preview":"max-video-preview:-1"},"canonical":"https:\/\/chiptuningmarket.com\/pl\/shop\/akcesoria-chiptuning-pl\/rama-bdm\/","og_locale":"pl_PL","og_type":"article","og_title":"Rama BDM BOOT DO ODCZYTU STEROWNIK\u00d3W - Chiptuningmarket","og_description":"Frame for reading drivers in \"boot mode\" and using the BDM connector. Made in CNC technology, ensuring precise positioning, powder coated which makes it...","og_url":"https:\/\/chiptuningmarket.com\/pl\/shop\/akcesoria-chiptuning-pl\/rama-bdm\/","og_site_name":"Chiptuningmarket","article_modified_time":"2025-05-27T13:18:21+00:00","og_image":[{"width":2560,"height":1900,"url":"https:\/\/chiptuningmarket.com\/wp-content\/uploads\/2019\/04\/Rama-BDM-4-scaled.jpg","type":"image\/jpeg"}],"twitter_card":"summary_large_image","twitter_misc":{"Szacowany czas czytania":"1 minuta"},"schema":{"@context":"https:\/\/schema.org","@graph":[{"@type":"WebPage","@id":"https:\/\/chiptuningmarket.com\/pl\/shop\/akcesoria-chiptuning-pl\/rama-bdm\/","url":"https:\/\/chiptuningmarket.com\/pl\/shop\/akcesoria-chiptuning-pl\/rama-bdm\/","name":"Rama BDM BOOT DO ODCZYTU STEROWNIK\u00d3W - Chiptuningmarket","isPartOf":{"@id":"https:\/\/chiptuningmarket.com\/pl\/#website"},"primaryImageOfPage":{"@id":"https:\/\/chiptuningmarket.com\/pl\/shop\/akcesoria-chiptuning-pl\/rama-bdm\/#primaryimage"},"image":{"@id":"https:\/\/chiptuningmarket.com\/pl\/shop\/akcesoria-chiptuning-pl\/rama-bdm\/#primaryimage"},"thumbnailUrl":"https:\/\/chiptuningmarket.com\/wp-content\/uploads\/2019\/04\/Rama-BDM-4-scaled.jpg","datePublished":"2019-04-15T20:46:34+00:00","dateModified":"2025-05-27T13:18:21+00:00","description":"Frame for reading drivers in \"boot mode\" and using the BDM connector. Made in CNC technology, ensuring precise positioning, powder coated which makes it...","breadcrumb":{"@id":"https:\/\/chiptuningmarket.com\/pl\/shop\/akcesoria-chiptuning-pl\/rama-bdm\/#breadcrumb"},"inLanguage":"pl-PL","potentialAction":[{"@type":"ReadAction","target":["https:\/\/chiptuningmarket.com\/pl\/shop\/akcesoria-chiptuning-pl\/rama-bdm\/"]}]},{"@type":"ImageObject","inLanguage":"pl-PL","@id":"https:\/\/chiptuningmarket.com\/pl\/shop\/akcesoria-chiptuning-pl\/rama-bdm\/#primaryimage","url":"https:\/\/chiptuningmarket.com\/wp-content\/uploads\/2019\/04\/Rama-BDM-4-scaled.jpg","contentUrl":"https:\/\/chiptuningmarket.com\/wp-content\/uploads\/2019\/04\/Rama-BDM-4-scaled.jpg","width":2560,"height":1900},{"@type":"BreadcrumbList","@id":"https:\/\/chiptuningmarket.com\/pl\/shop\/akcesoria-chiptuning-pl\/rama-bdm\/#breadcrumb","itemListElement":[{"@type":"ListItem","position":1,"name":"Home","item":"https:\/\/chiptuningmarket.com\/pl\/"},{"@type":"ListItem","position":2,"name":"Sklep","item":"https:\/\/chiptuningmarket.com\/pl\/shop\/"},{"@type":"ListItem","position":3,"name":"Rama BDM BOOT DO ODCZYTU STEROWNIK\u00d3W"}]},{"@type":"WebSite","@id":"https:\/\/chiptuningmarket.com\/pl\/#website","url":"https:\/\/chiptuningmarket.com\/pl\/","name":"Chiptuningmarket","description":"Biggest chiptuning shop in Europe","publisher":{"@id":"https:\/\/chiptuningmarket.com\/pl\/#organization"},"alternateName":"Worldwide ecu tools supplier","potentialAction":[{"@type":"SearchAction","target":{"@type":"EntryPoint","urlTemplate":"https:\/\/chiptuningmarket.com\/pl\/?s={search_term_string}"},"query-input":{"@type":"PropertyValueSpecification","valueRequired":true,"valueName":"search_term_string"}}],"inLanguage":"pl-PL"},{"@type":"Organization","@id":"https:\/\/chiptuningmarket.com\/pl\/#organization","name":"Chiptuningmarket","alternateName":"Chiptuning tools supplier","url":"https:\/\/chiptuningmarket.com\/pl\/","logo":{"@type":"ImageObject","inLanguage":"pl-PL","@id":"https:\/\/chiptuningmarket.com\/pl\/#\/schema\/logo\/image\/","url":"https:\/\/chiptuningmarket.com\/wp-content\/uploads\/2023\/05\/logo-ChipTuningMarket-social.png","contentUrl":"https:\/\/chiptuningmarket.com\/wp-content\/uploads\/2023\/05\/logo-ChipTuningMarket-social.png","width":512,"height":512,"caption":"Chiptuningmarket"},"image":{"@id":"https:\/\/chiptuningmarket.com\/pl\/#\/schema\/logo\/image\/"}}]}},"_links":{"self":[{"href":"https:\/\/chiptuningmarket.com\/pl\/wp-json\/wp\/v2\/product\/18179","targetHints":{"allow":["GET"]}}],"collection":[{"href":"https:\/\/chiptuningmarket.com\/pl\/wp-json\/wp\/v2\/product"}],"about":[{"href":"https:\/\/chiptuningmarket.com\/pl\/wp-json\/wp\/v2\/types\/product"}],"wp:featuredmedia":[{"embeddable":true,"href":"https:\/\/chiptuningmarket.com\/pl\/wp-json\/wp\/v2\/media\/31383"}],"wp:attachment":[{"href":"https:\/\/chiptuningmarket.com\/pl\/wp-json\/wp\/v2\/media?parent=18179"}],"wp:term":[{"taxonomy":"product_brand","embeddable":true,"href":"https:\/\/chiptuningmarket.com\/pl\/wp-json\/wp\/v2\/product_brand?post=18179"},{"taxonomy":"product_cat","embeddable":true,"href":"https:\/\/chiptuningmarket.com\/pl\/wp-json\/wp\/v2\/product_cat?post=18179"},{"taxonomy":"product_tag","embeddable":true,"href":"https:\/\/chiptuningmarket.com\/pl\/wp-json\/wp\/v2\/product_tag?post=18179"}],"curies":[{"name":"wp","href":"https:\/\/api.w.org\/{rel}","templated":true}]}}