{"id":18259,"date":"2019-04-27T16:06:55","date_gmt":"2019-04-27T15:06:55","guid":{"rendered":"https:\/\/chiptuningmarket.com\/product\/winols-upgrade-ols500-to-ols505\/"},"modified":"2026-04-15T07:43:29","modified_gmt":"2026-04-15T06:43:29","slug":"winols-ols510-1-upgrade-z-ols500","status":"publish","type":"product","link":"https:\/\/chiptuningmarket.com\/pl\/shop\/oprogramowanie-2-pl\/chiptuning-pl\/evc-winols-chiptuning-pl\/winols-ols510-1-upgrade-z-ols500\/","title":{"rendered":"WinOLS 5 OLS510-1 upgrade z OLS500"},"content":{"rendered":"<p style=\"text-align: center\"><strong>WinOLS 5 OLS510-1 upgrade z OLS500<\/strong><\/p>\n<h3 style=\"text-align: center\"><strong>Nowa wersja oprogramowania!<\/strong><\/h3>\n<p><iframe title=\"WinOLS 5 (English)\" width=\"1170\" height=\"658\" src=\"https:\/\/www.youtube.com\/embed\/thys1qPNMDQ?feature=oembed\" frameborder=\"0\" allow=\"accelerometer; autoplay; clipboard-write; encrypted-media; gyroscope; picture-in-picture; web-share\" referrerpolicy=\"strict-origin-when-cross-origin\" allowfullscreen><\/iframe><\/p>\n<h3><strong>Najwa\u017cniejsze cechy nowego oprogramowania WinOLS 5 software full version OLS505:<\/strong><\/h3>\n<table>\n<tbody>\n<tr>\n<td width=\"559\">Prawdziwa aplikacja 64-bitowa, nie b\u0119dzie ju\u017c wersji\u00a032-bit , wsparcie dla\u00a0Win10-64<\/td>\n<\/tr>\n<tr>\n<td width=\"559\">Zaktualizowany interfejs, w tym tryb ciemny<\/td>\n<\/tr>\n<tr>\n<td width=\"559\">Baza danych SQL do zarz\u0105dzania projektami<\/td>\n<\/tr>\n<tr>\n<td width=\"559\">Konfigurowalne maski do wyszukiwania nazewnictwa map, za pomoc\u0105 kt\u00f3rych klient mo\u017ce stworzy\u0107 w\u0142asn\u0105 baz\u0119 danych map<\/td>\n<\/tr>\n<tr>\n<td width=\"559\">Mo\u017cliwo\u015b\u0107 wy\u015bwietlania map Float64<\/td>\n<\/tr>\n<\/tbody>\n<\/table>\n<h3><\/h3>\n<ul>\n<li>Edytuj&gt; Wyg\u0142ad\u017a warto\u015bci<img decoding=\"async\" class=\"aligncenter size-full wp-image-15532\" src=\"https:\/\/ms-group.pl\/wp-content\/uploads\/2019\/04\/winols5_smooth.png\" alt=\"WinOLS 5\" width=\"470\" height=\"198\" \/><\/li>\n<li>Okno&gt; Linia polece\u0144 (dokowalne okno dialogowe)<\/li>\n<li>Okno&gt; Lista okien (dokowalne okno dialogowe)<img decoding=\"async\" class=\"aligncenter size-full wp-image-15531\" src=\"https:\/\/ms-group.pl\/wp-content\/uploads\/2019\/04\/winols5_commandline.png\" alt=\"WinOLS 5\" width=\"268\" height=\"57\" \/><\/li>\n<li>W oknie dialogowym Otw\u00f3rz projekt mo\u017cesz u\u017cy\u0107 przycisku Opcje, aby przypisa\u0107 kolory t\u0142a w zale\u017cno\u015bci od ikony projektu<\/li>\n<li>Typ danych Float 64<\/li>\n<li>Baza danych map do automatycznego nadawania nazw mapom<\/li>\n<li>Podgl\u0105d podczas importowania plik\u00f3w .kp<\/li>\n<li>Okno dialogowe r\u00f3\u017cnic: Nowy klawisz opcji z nowymi funkcjami<\/li>\n<li>Profile osi mapy obs\u0142uguj\u0105 teraz grupy, wi\u0119c mo\u017cesz przypisa\u0107 Map x y za jednym razem<\/li>\n<li>W\u0142a\u015bciwo\u015bci projektu&gt; Niekt\u00f3re wyskakuj\u0105ce menu ECU zawieraj\u0105 \u0142\u0105cza do internetowego lokalizatora dealer\u00f3w<img decoding=\"async\" class=\"aligncenter size-full wp-image-15533\" src=\"https:\/\/ms-group.pl\/wp-content\/uploads\/2019\/04\/winols5_differences.png\" alt=\"WinOLS 5\" width=\"291\" height=\"282\" \/><\/li>\n<\/ul>\n<h3><strong>Ulepszenia WinOLS 5 software full version OLS505:<\/strong><\/h3>\n<p>Wraz z naszymi klientami pojawia si\u0119 coraz wi\u0119cej projekt\u00f3w, kt\u00f3re z biegiem czasu przesuwaj\u0105 zarz\u0105dzanie projektami do granic mo\u017cliwo\u015bci. W tym przypadku b\u0119dziemy polega\u0107 na po\u0142\u0105czeniu istniej\u0105cych plik\u00f3w projekt\u00f3w i bazy danych SQL, kt\u00f3ra zawiera w\u0142a\u015bciwo\u015bci projekt\u00f3w wszystkich projekt\u00f3w, a tym samym znacznie skr\u00f3ci czas dost\u0119pu do funkcji wyszukiwania i sortowania.<\/p>\n<p>Kolejn\u0105 prze\u0142omow\u0105 funkcj\u0105 s\u0105 konfigurowalne maski wyszukiwania, za pomoc\u0105 kt\u00f3rych klienci mog\u0105 tworzy\u0107 w\u0142asn\u0105 baz\u0119 danych map. Znacz\u0105co przyspieszy to prac\u0119 podczas importowania plik\u00f3w odczytanych z ECU, kt\u00f3re s\u0105 ju\u017c dost\u0119pne w podobnej formie i s\u0105 po\u0142\u0105czone z opisami map.<\/p>\n<p>Obs\u0142uga 64-bitowych map zmiennoprzecinkowych umo\u017cliwi r\u00f3wnie\u017c odwzorowanie w ka\u017cdym szczeg\u00f3le najnowocze\u015bniejszych jednostek steruj\u0105cych<\/p>\n<p>Koncepcja wtyczek dla filtr\u00f3w importu \/ eksportu i korekt sum kontrolnych jest kontynuowana w tej samej formie. Aktualizacje sum kontrolnych s\u0105 publikowane r\u00f3wnolegle jako wersje WinOLS4 = 32-bitowe i WinOLS5 = 64-bitowe.<\/p>\n<p>Licencjonowanie tj. pakiety oprogramowania, kt\u00f3re mo\u017cna kupi\u0107, zostan\u0105 nieznacznie zmienione, ale koncepcja aktywacji oprogramowania na instalacj\u0119 systemu Windows zostanie zachowana<\/p>\n<p>Aktualizacja z WinOLS4 do WinOLS5 b\u0119dzie p\u0142atna. Klienci, kt\u00f3rzy zakupili <strong>WinOLS4 w ci\u0105gu ostatnich 12 miesi\u0119cy, otrzymaj\u0105 aktualizacj\u0119 bezp\u0142atnie.<\/strong><\/p>\n<p>WinOLS4 b\u0119dzie nadal utrzymywany przez 2 lata, tj. b\u0142\u0119dy s\u0105 poprawiane, ale nie s\u0105 dodawane \u017cadne nowe funkcje. Nadal mo\u017cna go zainstalowa\u0107 i zarejestrowa\u0107<\/p>\n<p><strong>Wprowadzono r\u00f3wnie\u017c roczn\u0105 subskrypcj\u0119, kt\u00f3ra zapewnia aktualizacje nowych funkcjonalno\u015bci. Koszt to 75 EUR netto rocznie. Nie jest ona wymagana do pracy programu.<\/strong><\/p>\n<p>WinOLS to najbardziej profesjonalne oprogramowanie stworzone w celu modyfikacji zawarto\u015bci pami\u0119ci ECU. \u015arodowisko WinOLS u\u0142atwia wyszukiwanie map, kt\u00f3re mo\u017cna nast\u0119pnie nazwa\u0107 i przegl\u0105da\u0107 na r\u00f3\u017cne sposoby oraz zmienia\u0107. Aby zmieni\u0107 dane, dost\u0119pne s\u0105 r\u00f3\u017cne funkcje edycji map. \u00a0Wszystkie dane i mapy przechowywane s\u0105 w plikach projektu. Dodatkowo narz\u0119dzie u\u0142atwia organizacj\u0119 pracy poprzez mo\u017cliwo\u015b\u0107 wprowadzania dodatkowych danych identyfikacyjnych do plik\u00f3w w postaci nazw klienta, numeru samochodu i obrazu plik\u00f3w.<\/p>\n<p>Modyfikacje map mog\u0105 by\u0107 przechowywane jako wersje, a ka\u017cd\u0105 z nich mo\u017cna opatrzy\u0107 komentarzem. Dzi\u0119ki temu istnieje mo\u017cliwo\u015b\u0107 przechowywania w jednym projekcie do 200 wersji jednego oryginalnego pliku.<\/p>\n<p>Wszystkie zmodyfikowane projekty s\u0105 wy\u015bwietlane na li\u015bcie, kt\u00f3r\u0105 mo\u017cna filtrowa\u0107 i sortowa\u0107. \u0141atwo wi\u0119c ponownie znale\u017a\u0107 ju\u017c zmodyfikowany projekt.<\/p>\n<p>W ofercie r\u00f3wnie\u017c:<\/p>\n<p><a style=\"color: blue\" href=\"https:\/\/chiptuningmarket.com\/product\/winols-software-full-version-ols501-2\/\">WinOLS software full version OLS501<\/a><\/p>\n<p><a style=\"color: blue\" href=\"https:\/\/chiptuningmarket.com\/product\/ecm-titanium\/\">ECM Titanium<\/a><\/p>\n<p><a style=\"color: blue\" href=\"https:\/\/chiptuningmarket.com\/product\/stagex-wersja-basic\/\">StageX \u2013 wersja Basic<\/a><\/p>\n","protected":false},"excerpt":{"rendered":"<p><strong>WinOLS 5 OLS510-1 upgrade z OLS500 dla 10 stanowisk<\/strong><\/p>\n","protected":false},"featured_media":19737,"template":"","meta":{"_monsterinsights_skip_tracking":false,"_monsterinsights_sitenote_active":false,"_monsterinsights_sitenote_note":"","_monsterinsights_sitenote_category":0},"product_brand":[],"product_cat":[5184,5190,5183],"product_tag":[2558,1761,1233],"class_list":{"0":"post-18259","1":"product","2":"type-product","3":"status-publish","4":"has-post-thumbnail","6":"product_cat-chiptuning-pl","7":"product_cat-evc-winols-chiptuning-pl","8":"product_cat-oprogramowanie-2-pl","9":"product_tag-ols500-update-pl","10":"product_tag-upgrade-ols500-pl","11":"product_tag-winols-pl","13":"first","14":"instock","15":"virtual","16":"taxable","17":"purchasable","18":"product-type-simple"},"yoast_head":"<!-- This site is optimized with the Yoast SEO plugin v25.2 - https:\/\/yoast.com\/wordpress\/plugins\/seo\/ -->\n<title>WinOLS 5 OLS510-1 upgrade z OLS500 - Chiptuningmarket<\/title>\n<meta name=\"description\" content=\"WinOLS 5 - upgrade from OLS500\" \/>\n<meta name=\"robots\" content=\"index, follow, max-snippet:-1, max-image-preview:large, max-video-preview:-1\" \/>\n<link rel=\"canonical\" href=\"https:\/\/chiptuningmarket.com\/pl\/shop\/oprogramowanie-2-pl\/chiptuning-pl\/evc-winols-chiptuning-pl\/winols-ols510-1-upgrade-z-ols500\/\" \/>\n<meta property=\"og:locale\" content=\"pl_PL\" \/>\n<meta property=\"og:type\" content=\"article\" \/>\n<meta property=\"og:title\" content=\"WinOLS 5 OLS510-1 upgrade z OLS500 - Chiptuningmarket\" \/>\n<meta property=\"og:description\" content=\"WinOLS 5 - upgrade from OLS500\" \/>\n<meta property=\"og:url\" content=\"https:\/\/chiptuningmarket.com\/pl\/shop\/oprogramowanie-2-pl\/chiptuning-pl\/evc-winols-chiptuning-pl\/winols-ols510-1-upgrade-z-ols500\/\" \/>\n<meta property=\"og:site_name\" content=\"Chiptuningmarket\" \/>\n<meta property=\"article:modified_time\" content=\"2026-04-15T06:43:29+00:00\" \/>\n<meta property=\"og:image\" content=\"https:\/\/chiptuningmarket.com\/wp-content\/uploads\/2019\/04\/winols-5-final-800x-3.png\" \/>\n\t<meta property=\"og:image:width\" content=\"800\" \/>\n\t<meta property=\"og:image:height\" content=\"800\" \/>\n\t<meta property=\"og:image:type\" content=\"image\/png\" \/>\n<meta name=\"twitter:card\" content=\"summary_large_image\" \/>\n<meta name=\"twitter:label1\" content=\"Szacowany czas czytania\" \/>\n\t<meta name=\"twitter:data1\" content=\"4 minuty\" \/>\n<script type=\"application\/ld+json\" class=\"yoast-schema-graph\">{\"@context\":\"https:\/\/schema.org\",\"@graph\":[{\"@type\":\"WebPage\",\"@id\":\"https:\/\/chiptuningmarket.com\/pl\/shop\/oprogramowanie-2-pl\/chiptuning-pl\/evc-winols-chiptuning-pl\/winols-ols510-1-upgrade-z-ols500\/\",\"url\":\"https:\/\/chiptuningmarket.com\/pl\/shop\/oprogramowanie-2-pl\/chiptuning-pl\/evc-winols-chiptuning-pl\/winols-ols510-1-upgrade-z-ols500\/\",\"name\":\"WinOLS 5 OLS510-1 upgrade z OLS500 - Chiptuningmarket\",\"isPartOf\":{\"@id\":\"https:\/\/chiptuningmarket.com\/ru\/#website\"},\"primaryImageOfPage\":{\"@id\":\"https:\/\/chiptuningmarket.com\/pl\/shop\/oprogramowanie-2-pl\/chiptuning-pl\/evc-winols-chiptuning-pl\/winols-ols510-1-upgrade-z-ols500\/#primaryimage\"},\"image\":{\"@id\":\"https:\/\/chiptuningmarket.com\/pl\/shop\/oprogramowanie-2-pl\/chiptuning-pl\/evc-winols-chiptuning-pl\/winols-ols510-1-upgrade-z-ols500\/#primaryimage\"},\"thumbnailUrl\":\"https:\/\/chiptuningmarket.com\/wp-content\/uploads\/2019\/04\/winols-5-final-800x-3.png\",\"datePublished\":\"2019-04-27T15:06:55+00:00\",\"dateModified\":\"2026-04-15T06:43:29+00:00\",\"description\":\"WinOLS 5 - upgrade from OLS500\",\"breadcrumb\":{\"@id\":\"https:\/\/chiptuningmarket.com\/pl\/shop\/oprogramowanie-2-pl\/chiptuning-pl\/evc-winols-chiptuning-pl\/winols-ols510-1-upgrade-z-ols500\/#breadcrumb\"},\"inLanguage\":\"pl-PL\",\"potentialAction\":[{\"@type\":\"ReadAction\",\"target\":[\"https:\/\/chiptuningmarket.com\/pl\/shop\/oprogramowanie-2-pl\/chiptuning-pl\/evc-winols-chiptuning-pl\/winols-ols510-1-upgrade-z-ols500\/\"]}]},{\"@type\":\"ImageObject\",\"inLanguage\":\"pl-PL\",\"@id\":\"https:\/\/chiptuningmarket.com\/pl\/shop\/oprogramowanie-2-pl\/chiptuning-pl\/evc-winols-chiptuning-pl\/winols-ols510-1-upgrade-z-ols500\/#primaryimage\",\"url\":\"https:\/\/chiptuningmarket.com\/wp-content\/uploads\/2019\/04\/winols-5-final-800x-3.png\",\"contentUrl\":\"https:\/\/chiptuningmarket.com\/wp-content\/uploads\/2019\/04\/winols-5-final-800x-3.png\",\"width\":800,\"height\":800},{\"@type\":\"BreadcrumbList\",\"@id\":\"https:\/\/chiptuningmarket.com\/pl\/shop\/oprogramowanie-2-pl\/chiptuning-pl\/evc-winols-chiptuning-pl\/winols-ols510-1-upgrade-z-ols500\/#breadcrumb\",\"itemListElement\":[{\"@type\":\"ListItem\",\"position\":1,\"name\":\"Home\",\"item\":\"https:\/\/chiptuningmarket.com\/pl\/\"},{\"@type\":\"ListItem\",\"position\":2,\"name\":\"Sklep\",\"item\":\"https:\/\/chiptuningmarket.com\/pl\/shop\/\"},{\"@type\":\"ListItem\",\"position\":3,\"name\":\"WinOLS 5 OLS510-1 upgrade z OLS500\"}]},{\"@type\":\"WebSite\",\"@id\":\"https:\/\/chiptuningmarket.com\/ru\/#website\",\"url\":\"https:\/\/chiptuningmarket.com\/ru\/\",\"name\":\"Chiptuningmarket\",\"description\":\"Biggest chiptuning shop in Europe\",\"publisher\":{\"@id\":\"https:\/\/chiptuningmarket.com\/ru\/#organization\"},\"alternateName\":\"Worldwide ecu tools supplier\",\"potentialAction\":[{\"@type\":\"SearchAction\",\"target\":{\"@type\":\"EntryPoint\",\"urlTemplate\":\"https:\/\/chiptuningmarket.com\/ru\/?s={search_term_string}\"},\"query-input\":{\"@type\":\"PropertyValueSpecification\",\"valueRequired\":true,\"valueName\":\"search_term_string\"}}],\"inLanguage\":\"pl-PL\"},{\"@type\":\"Organization\",\"@id\":\"https:\/\/chiptuningmarket.com\/ru\/#organization\",\"name\":\"Chiptuningmarket\",\"alternateName\":\"Chiptuning tools supplier\",\"url\":\"https:\/\/chiptuningmarket.com\/ru\/\",\"logo\":{\"@type\":\"ImageObject\",\"inLanguage\":\"pl-PL\",\"@id\":\"https:\/\/chiptuningmarket.com\/ru\/#\/schema\/logo\/image\/\",\"url\":\"https:\/\/chiptuningmarket.com\/wp-content\/uploads\/2023\/05\/logo-ChipTuningMarket-social.png\",\"contentUrl\":\"https:\/\/chiptuningmarket.com\/wp-content\/uploads\/2023\/05\/logo-ChipTuningMarket-social.png\",\"width\":512,\"height\":512,\"caption\":\"Chiptuningmarket\"},\"image\":{\"@id\":\"https:\/\/chiptuningmarket.com\/ru\/#\/schema\/logo\/image\/\"}}]}<\/script>\n<!-- \/ Yoast SEO plugin. -->","yoast_head_json":{"title":"WinOLS 5 OLS510-1 upgrade z OLS500 - Chiptuningmarket","description":"WinOLS 5 - upgrade from OLS500","robots":{"index":"index","follow":"follow","max-snippet":"max-snippet:-1","max-image-preview":"max-image-preview:large","max-video-preview":"max-video-preview:-1"},"canonical":"https:\/\/chiptuningmarket.com\/pl\/shop\/oprogramowanie-2-pl\/chiptuning-pl\/evc-winols-chiptuning-pl\/winols-ols510-1-upgrade-z-ols500\/","og_locale":"pl_PL","og_type":"article","og_title":"WinOLS 5 OLS510-1 upgrade z OLS500 - Chiptuningmarket","og_description":"WinOLS 5 - upgrade from OLS500","og_url":"https:\/\/chiptuningmarket.com\/pl\/shop\/oprogramowanie-2-pl\/chiptuning-pl\/evc-winols-chiptuning-pl\/winols-ols510-1-upgrade-z-ols500\/","og_site_name":"Chiptuningmarket","article_modified_time":"2026-04-15T06:43:29+00:00","og_image":[{"width":800,"height":800,"url":"https:\/\/chiptuningmarket.com\/wp-content\/uploads\/2019\/04\/winols-5-final-800x-3.png","type":"image\/png"}],"twitter_card":"summary_large_image","twitter_misc":{"Szacowany czas czytania":"4 minuty"},"schema":{"@context":"https:\/\/schema.org","@graph":[{"@type":"WebPage","@id":"https:\/\/chiptuningmarket.com\/pl\/shop\/oprogramowanie-2-pl\/chiptuning-pl\/evc-winols-chiptuning-pl\/winols-ols510-1-upgrade-z-ols500\/","url":"https:\/\/chiptuningmarket.com\/pl\/shop\/oprogramowanie-2-pl\/chiptuning-pl\/evc-winols-chiptuning-pl\/winols-ols510-1-upgrade-z-ols500\/","name":"WinOLS 5 OLS510-1 upgrade z OLS500 - Chiptuningmarket","isPartOf":{"@id":"https:\/\/chiptuningmarket.com\/ru\/#website"},"primaryImageOfPage":{"@id":"https:\/\/chiptuningmarket.com\/pl\/shop\/oprogramowanie-2-pl\/chiptuning-pl\/evc-winols-chiptuning-pl\/winols-ols510-1-upgrade-z-ols500\/#primaryimage"},"image":{"@id":"https:\/\/chiptuningmarket.com\/pl\/shop\/oprogramowanie-2-pl\/chiptuning-pl\/evc-winols-chiptuning-pl\/winols-ols510-1-upgrade-z-ols500\/#primaryimage"},"thumbnailUrl":"https:\/\/chiptuningmarket.com\/wp-content\/uploads\/2019\/04\/winols-5-final-800x-3.png","datePublished":"2019-04-27T15:06:55+00:00","dateModified":"2026-04-15T06:43:29+00:00","description":"WinOLS 5 - upgrade from OLS500","breadcrumb":{"@id":"https:\/\/chiptuningmarket.com\/pl\/shop\/oprogramowanie-2-pl\/chiptuning-pl\/evc-winols-chiptuning-pl\/winols-ols510-1-upgrade-z-ols500\/#breadcrumb"},"inLanguage":"pl-PL","potentialAction":[{"@type":"ReadAction","target":["https:\/\/chiptuningmarket.com\/pl\/shop\/oprogramowanie-2-pl\/chiptuning-pl\/evc-winols-chiptuning-pl\/winols-ols510-1-upgrade-z-ols500\/"]}]},{"@type":"ImageObject","inLanguage":"pl-PL","@id":"https:\/\/chiptuningmarket.com\/pl\/shop\/oprogramowanie-2-pl\/chiptuning-pl\/evc-winols-chiptuning-pl\/winols-ols510-1-upgrade-z-ols500\/#primaryimage","url":"https:\/\/chiptuningmarket.com\/wp-content\/uploads\/2019\/04\/winols-5-final-800x-3.png","contentUrl":"https:\/\/chiptuningmarket.com\/wp-content\/uploads\/2019\/04\/winols-5-final-800x-3.png","width":800,"height":800},{"@type":"BreadcrumbList","@id":"https:\/\/chiptuningmarket.com\/pl\/shop\/oprogramowanie-2-pl\/chiptuning-pl\/evc-winols-chiptuning-pl\/winols-ols510-1-upgrade-z-ols500\/#breadcrumb","itemListElement":[{"@type":"ListItem","position":1,"name":"Home","item":"https:\/\/chiptuningmarket.com\/pl\/"},{"@type":"ListItem","position":2,"name":"Sklep","item":"https:\/\/chiptuningmarket.com\/pl\/shop\/"},{"@type":"ListItem","position":3,"name":"WinOLS 5 OLS510-1 upgrade z OLS500"}]},{"@type":"WebSite","@id":"https:\/\/chiptuningmarket.com\/ru\/#website","url":"https:\/\/chiptuningmarket.com\/ru\/","name":"Chiptuningmarket","description":"Biggest chiptuning shop in Europe","publisher":{"@id":"https:\/\/chiptuningmarket.com\/ru\/#organization"},"alternateName":"Worldwide ecu tools supplier","potentialAction":[{"@type":"SearchAction","target":{"@type":"EntryPoint","urlTemplate":"https:\/\/chiptuningmarket.com\/ru\/?s={search_term_string}"},"query-input":{"@type":"PropertyValueSpecification","valueRequired":true,"valueName":"search_term_string"}}],"inLanguage":"pl-PL"},{"@type":"Organization","@id":"https:\/\/chiptuningmarket.com\/ru\/#organization","name":"Chiptuningmarket","alternateName":"Chiptuning tools supplier","url":"https:\/\/chiptuningmarket.com\/ru\/","logo":{"@type":"ImageObject","inLanguage":"pl-PL","@id":"https:\/\/chiptuningmarket.com\/ru\/#\/schema\/logo\/image\/","url":"https:\/\/chiptuningmarket.com\/wp-content\/uploads\/2023\/05\/logo-ChipTuningMarket-social.png","contentUrl":"https:\/\/chiptuningmarket.com\/wp-content\/uploads\/2023\/05\/logo-ChipTuningMarket-social.png","width":512,"height":512,"caption":"Chiptuningmarket"},"image":{"@id":"https:\/\/chiptuningmarket.com\/ru\/#\/schema\/logo\/image\/"}}]}},"_links":{"self":[{"href":"https:\/\/chiptuningmarket.com\/pl\/wp-json\/wp\/v2\/product\/18259","targetHints":{"allow":["GET"]}}],"collection":[{"href":"https:\/\/chiptuningmarket.com\/pl\/wp-json\/wp\/v2\/product"}],"about":[{"href":"https:\/\/chiptuningmarket.com\/pl\/wp-json\/wp\/v2\/types\/product"}],"wp:featuredmedia":[{"embeddable":true,"href":"https:\/\/chiptuningmarket.com\/pl\/wp-json\/wp\/v2\/media\/19737"}],"wp:attachment":[{"href":"https:\/\/chiptuningmarket.com\/pl\/wp-json\/wp\/v2\/media?parent=18259"}],"wp:term":[{"taxonomy":"product_brand","embeddable":true,"href":"https:\/\/chiptuningmarket.com\/pl\/wp-json\/wp\/v2\/product_brand?post=18259"},{"taxonomy":"product_cat","embeddable":true,"href":"https:\/\/chiptuningmarket.com\/pl\/wp-json\/wp\/v2\/product_cat?post=18259"},{"taxonomy":"product_tag","embeddable":true,"href":"https:\/\/chiptuningmarket.com\/pl\/wp-json\/wp\/v2\/product_tag?post=18259"}],"curies":[{"name":"wp","href":"https:\/\/api.w.org\/{rel}","templated":true}]}}