{"id":18278,"date":"2019-06-25T14:18:10","date_gmt":"2019-06-25T13:18:10","guid":{"rendered":"https:\/\/chiptuningmarket.com\/product\/dpf-control-vag-cr-group\/"},"modified":"2026-04-14T16:20:31","modified_gmt":"2026-04-14T15:20:31","slug":"dpf-control-vag-cr-group","status":"publish","type":"product","link":"https:\/\/chiptuningmarket.com\/pl\/shop\/dpf-control-pl\/dpf-control-vag-cr-group\/","title":{"rendered":"DPF control\u00a0\u2013\u00a0VAG\u00a0+ Dioda"},"content":{"rendered":"<h3 style=\"text-align: center\">DPF control \u2013 VAG + Dioda<\/h3>\n<p><strong>DPF control &#8211; co to jest?\u00a0<\/strong><\/p>\n<p>DPF Control to estetyczne, kompaktowe urz\u0105dzenie wpinane w gniazdo OBD w poje\u017adzie, kt\u00f3re poinformuje kierowc\u0119 o tym kiedy nast\u0119puje regeneracja filtra cz\u0105stek sta\u0142ych (DPF). Do dzia\u0142ania urz\u0105dzenia nie jest potrzebna \u017cadna aplikacja. Ponadto urz\u0105dzenie mo\u017ce pozosta\u0107 w\u0142o\u017cone w gnie\u017adzie nawet gdy auto jest nieu\u017cytkowane d\u0142ugi czas. Nasze urz\u0105dzenie po zgaszeniu pojazdu nie roz\u0142adowuje akumulatora <span class=\"x3nfvp2 x1j61x8r x1fcty0u xdj266r xhhsvwb xat24cr xgzva0m xxymvpz xlup9mm x1kky2od\"><img decoding=\"async\" src=\"https:\/\/static.xx.fbcdn.net\/images\/emoji.php\/v9\/t57\/1\/16\/1f609.png\" alt=\"\ud83d\ude09\" width=\"16\" height=\"16\" \/><\/span><\/p>\n<p><strong>Funkcjonalno\u015b\u0107 i dzia\u0142anie DPF Control:<\/strong><\/p>\n<ul>\n<li style=\"text-align: left\">Informuje w spos\u00f3b d\u017awi\u0119kowy o wypalaniu filtra DPF<\/li>\n<li style=\"text-align: left\">Informuje w spos\u00f3b \u015bwietlny o wypalaniu filtra DPF<\/li>\n<li style=\"text-align: left\">Kasowanie b\u0142\u0119d\u00f3w zapisanych we wszystkich systemach (w niekt\u00f3rych pojazdach funkcja ta mo\u017ce nie dzia\u0142a\u0107 w pe\u0142ni)<\/li>\n<li style=\"text-align: left\">Wskazuje mas\u0119 sadzy w filtrze DPF (po kr\u00f3tkim przyci\u015bni\u0119ciu przycisku)<\/li>\n<li style=\"text-align: left\">Prosty monta\u017c \u2013 wk\u0142adany w gniazdo OBD<\/li>\n<li style=\"text-align: left\">Ma\u0142e, kompaktowe, estetyczne<\/li>\n<li style=\"text-align: left\">Nie wymaga \u017cadnej aplikacji do dzia\u0142ania<\/li>\n<\/ul>\n<p style=\"text-align: left\"><a href=\"https:\/\/ms-group.pl\/wp-content\/uploads\/2019\/06\/DPF-3-scaled.jpg\"><img decoding=\"async\" class=\" wp-image-21841 aligncenter\" src=\"https:\/\/ms-group.pl\/wp-content\/uploads\/2019\/06\/DPF-3-scaled.jpg\" alt=\"\" width=\"713\" height=\"535\" \/><\/a><\/p>\n<h3 style=\"text-align: center\">Bardzo prosimy o wpisanie kodu silnika w komentarzu, informacja ta jest niezb\u0119dna do zrealizowania zam\u00f3wienia<\/h3>\n<p><strong>Co to jest regeneracja filtra cz\u0105stek sta\u0142ych?\u00a0<\/strong><\/p>\n<p>Aktywna regeneracja filtra to proces, w kt\u00f3rym sterownik generuje dodatkowe wtryski paliwa w p\u00f3\u017anej fazie suwu pracy w celu podniesienia temperatury spalin. Przep\u0142yw spalin o odpowiednio wysokiej temperaturze, pozwala na wypalenie zgromadzonych w nim cz\u0105stek sta\u0142ych. Procedura ta wykonuje si\u0119 w okre\u015blonych interwa\u0142ach kilometrowych\/czasowych, zale\u017cnych od stylu jazdy, warunk\u00f3w, algorytmu steruj\u0105cego oraz od samej pojemno\u015bci filtra. W wi\u0119kszo\u015bci aut osobowych grupy VW waha si\u0119 od oko\u0142o 250 km do oko\u0142o 600 km przy bardzo korzystnych warunkach.<\/p>\n<p>Algorytm aktywnej regeneracji w wi\u0119kszo\u015bci aut jest realizowany w taki spos\u00f3b, by u\u017cytkownik nie by\u0142 \u015bwiadomy, \u017ce z silnikiem dzieje si\u0119 co\u015b niestandardowego. W warunkach miejskich, jest to \u0142atwiejsze do zauwa\u017cenia poprzez zwi\u0119kszon\u0105 pr\u0119dko\u015b\u0107 biegu ja\u0142owego, niemniej jednak wynika ona cz\u0119sto z dogrzewania silnika lub du\u017cego poboru pr\u0105du.<\/p>\n<p>Wobec powy\u017cszych u\u017cytkownik bardzo cz\u0119sto przerywa procedur\u0119 regeneracji, co powoduje konieczno\u015b\u0107 aktywacji wentylatora w celu studzenia komory silnika. Dodatkowo, przerywanie tej procedury jest niekorzystne z punktu widzenia eksploatacji DPF jak r\u00f3wnie\u017c wi\u0105\u017ce si\u0119 ze zwi\u0119kszonym zu\u017cyciem paliwa, ze wzgl\u0119du na konieczno\u015b\u0107 cz\u0119stej regeneracji.<\/p>\n<p>Urz\u0105dzenie, kt\u00f3re oferujemy pozwala na kontrol\u0119 tego procesu, ze wzgl\u0119du na fakt, \u017ce przy ka\u017cdej regeneracji urz\u0105dzenie informuje o rozpocz\u0119ciu procedury oraz o jej ko\u0144cu. Informacja ta jest przekazywana w spos\u00f3b d\u017awi\u0119kowy (buzzer) oraz w spos\u00f3b \u015bwietlny (dioda).<\/p>\n<p>W chwili wykrycia spadku masy sadzy w filtrze, co jest jednoznaczne z rzeczywistym pocz\u0105tkiem procesu wypalania urz\u0105dzenie zasygnalizuje to d\u0142ugim sygna\u0142em d\u017awi\u0119kowym oraz w\u0142\u0105czy diod\u0119 LED informuj\u0105c o wypalaniu. Po sko\u0144czonej regeneracji urz\u0105dzenie zasygnalizuje koniec procedury wypalania filtra DPF poprzez kr\u00f3tki sygna\u0142 d\u017awi\u0119kowy oraz zgaszenie diody LED.<\/p>\n<p>U\u017cytkownicy mog\u0105 w ten spos\u00f3b optymalizowa\u0107 swoj\u0105 drog\u0105 oraz nie przerywa\u0107 procedury, a tym samym oszcz\u0119dza\u0107 paliwo oraz pieni\u0105dze, poprzez znaczne wyd\u0142u\u017cenie czasu jego eksploatacji. Co wi\u0119cej, mo\u017ce diagnozowa\u0107 jego dzia\u0142anie poprzez obserwacj\u0119 okresu lub dystans mi\u0119dzy regeneracjami.<\/p>\n<p><strong>Jak zamontowa\u0107 urz\u0105dzenie i korzysta\u0107 z niego?\u00a0<\/strong><\/p>\n<ol>\n<li>Zamontuj urz\u0105dzenie w gnie\u017adzie OBD pojazdu (na og\u00f3\u0142 okolice lewego kolana kierowcy).<\/li>\n<li>Pod\u0142\u0105cz diod\u0119 je\u015bli chcesz j\u0105 umie\u015bci\u0107 w konkretnym miejscu, lub nie pod\u0142\u0105czaj jej w og\u00f3le, je\u015bli sygna\u0142 d\u017awi\u0119kowy jest informacj\u0105 wystarczaj\u0105c\u0105.<\/li>\n<li>Ciesz si\u0119 ze \u015bwiadomo\u015bci i mo\u017cliwo\u015bci kontroli procesu regeneracji filtra cz\u0105stek sta\u0142ych w Twoim samochodzie.<\/li>\n<li>Przytrzymaj przycisk na urz\u0105dzeniu a dowiesz si\u0119 ile miligram sadzy znajduje si\u0119 w Twoim filtrze poprzez ilo\u015b\u0107 mrugni\u0119\u0107 diody.<\/li>\n<li>Przytrzymaj d\u0142u\u017cej przycisk na urz\u0105dzeniu, a usuniesz wszystkie b\u0142\u0119dy ze swojego samochodu.<\/li>\n<\/ol>\n<p><a href=\"https:\/\/ms-group.pl\/wp-content\/uploads\/2019\/06\/DPF.png\"><img decoding=\"async\" class=\" wp-image-21843 aligncenter\" src=\"https:\/\/ms-group.pl\/wp-content\/uploads\/2019\/06\/DPF.png\" alt=\"\" width=\"791\" height=\"594\" \/><\/a><\/p>\n<div class=\"mpof_ki myre_zn myre_8v_l m389_6m_l\">\n<div class=\"mp4t_16_s mryx_16_s mr3m_1 mli2_1 mh85_56 mh85_0_l\">\n<div class=\"mgn2_16 _0d3bd_am0a-\">\n<p><b>Obs\u0142ugiwane samochody:<\/b><\/p>\n<p>Urz\u0105dzenie obs\u0142uguje\u00a0<b>pojazdy z grupy VAG<\/b>, powy\u017cej 2010 roku &#8211; Volkswagen, Seat, Audi, Skoda, : kody silnika 4-ro znakowe rozpoczynaj\u0105ce si\u0119 na liter\u0119 &#8220;C&#8221;, &#8220;D&#8221;. Niekt\u00f3re modele Porsche, MB Sprinter oraz MAN.<\/p>\n<p><b>UWAGA!<\/b><\/p>\n<p>Dla modeli Skoda Octavia II oraz Skoda Superb II ze wzgl\u0119du na g\u0142\u0119bok\u0105 zabudow\u0119 z\u0142\u0105cza OBDII monta\u017c urz\u0105dzenia jest utrudniony, a w niekt\u00f3rych przypadkach niemo\u017cliwy. W zwi\u0105zku z tym zalecamy u\u017cycie przed\u0142u\u017cacza OBDII, kt\u00f3ry r\u00f3wnie\u017c mo\u017cna zakupi\u0107 w naszym sklepie. Nie ka\u017cdy przed\u0142u\u017cacz oferowany na rynku posiada fizyczne po\u0142\u0105czenie pomi\u0119dzy wszystkimi pinami z\u0142\u0105cza OBDII, co mo\u017ce skutkowa\u0107 nieprawid\u0142ow\u0105 prac\u0105 urz\u0105dzenia, polecamy dost\u0119pne\u00a0 u nas przed\u0142u\u017cki pod <strong><em><a style=\"color: blue\" href=\"https:\/\/ms-group.pl\/product\/przedluzacz-obdii-dpf-control\/\">linkiem.<\/a><\/em><\/strong><\/p>\n<p>W VW Touran I z\u0142\u0105cze obd II jest zas\u0142oni\u0119te schowkiem, aby zamontowa\u0107 urz\u0105dzenie nale\u017cy zmodyfikowa\u0107 tyln\u0105 \u015bciank\u0119 schowka.<\/p>\n<\/div>\n<\/div>\n<\/div>\n<p><strong>Pytania\/ kontakt:\u00a0<\/strong><\/p>\n<p>Je\u015bli zakupi\u0142e\u015b urz\u0105dzenie i masz jakiekolwiek w\u0105tpliwo\u015bci co do jego dzia\u0142ania lub obs\u0142ugi, prosimy o kontakt <strong>mailowy<\/strong> pod adresem <strong>dpfcontrol@ms-group.pl<\/strong> lub przez aplikacje WhatsApp, <strong>s\u0105 to najskuteczniejsze metody kontaktu<\/strong>. Niekiedy kontakt telefoniczny mo\u017ce by\u0107 utrudniony, i nie zawsze mo\u017cliwy, dlatego zach\u0119camy do dok\u0142adnego opisu problemu i przes\u0142ania wiadomo\u015bci mailowo lub przy wykorzystaniu aplikacji WhatsApp (mo\u017cna tak\u017ce przes\u0142a\u0107 wiadomo\u015b\u0107 g\u0142osow\u0105).<\/p>\n<p>W sprawach zwi\u0105zanych z urz\u0105dzeniem DPF Control prosimy o kontakt <strong>tylko i wy\u0142\u0105cznie<\/strong> pod adresem dpfcontrol@ms-group.pl lub WhatsApp +48 577 151 405. Po kontakcie pod innym numerem\/ mailem zostan\u0105 Pa\u0144stwo przekierowani pod wy\u017cej podane drogi kontaktu. Obranie w\u0142a\u015bciwej drogi kontaktu na samym pocz\u0105tku pozwoli zar\u00f3wno Pa\u0144stwu jak i nam na pewn\u0105 oszcz\u0119dno\u015b\u0107 czasu oraz efektywniejsze wykorzystanie dnia. Dzi\u0119kujemy za zrozumienie<\/p>\n<p><strong>Wysy\u0142ka:\u00a0<\/strong><\/p>\n<p>Z\u0142o\u017cone zam\u00f3wienia wysy\u0142amy w ci\u0105gu 2 dni roboczych &#8211; 95% urz\u0105dze\u0144 wysy\u0142amy ju\u017c nast\u0119pnego dnia roboczego.<\/p>\n<p>Dost\u0119pne metody wysy\u0142ki oraz p\u0142atno\u015bci s\u0105 widoczne po dodaniu produktu do koszyka zakupowego i przej\u015bcia do realizacji zam\u00f3wienia. W przypadku ch\u0119ci zam\u00f3wienia poza granice Polski prosimy o kontakt mailowy w celu indywidualnej wyceny przesy\u0142ki ekonomicznej. Zach\u0119camy do zakupu naszego urz\u0105dzenia u naszych dystrybutor\u00f3w w Czechach oraz Anglii.<\/p>\n<p><img decoding=\"async\" class=\" wp-image-22673 aligncenter\" src=\"https:\/\/ms-group.pl\/wp-content\/uploads\/2019\/06\/Oceny-alllegro.png\" alt=\"\" width=\"756\" height=\"624\" \/><\/p>\n<p>&nbsp;<\/p>\n","protected":false},"excerpt":{"rendered":"<p style=\"text-align: left\">Urz\u0105dzenie wpinane w gniazdo OBD, kt\u00f3re poinformuje Ci\u0119\u00a0 o pocz\u0105tku i ko\u0144cu procedury regeneracji filtra cz\u0105stek sta\u0142ych w Twoim samochodzie z grupy VAG. Urz\u0105dzenie pozwala zmniejszy\u0107 zu\u017cycie paliwa oraz wyd\u0142u\u017cy\u0107 \u017cywotno\u015b\u0107 filtra DPF na skutek jego prawid\u0142owej eksploatacji. Ponad to prawid\u0142owa praca filtra DPF zapewnia ochron\u0119 silnika, a tak\u017ce turbospr\u0119\u017carki.<\/p>\n<h3 style=\"text-align: center\"><strong><span style=\"color: red\">Bardzo prosimy o wpisanie kodu silnika przy zakupie, informacja ta pozwoli nam na ci\u0105g\u0142y rozw\u00f3j urz\u0105dzenia.<br \/>\n<\/span><\/strong><\/h3>\n<h1 style=\"text-align: center\"><strong><span style=\"color: #ff0000\">Uwaga!!! Urz\u0105dzenie dzia\u0142a w markach: Audi, Seat, Skoda, VW oraz w niekt\u00f3rych Porsche, MAN, Ford Tourneo Connect.<\/span><\/strong><\/h1>\n<h3 style=\"text-align: center\"><span style=\"color: #ff0000\">Je\u015bli Pa\u0144stwa auto nie znajduje si\u0119 na powy\u017cszej li\u015bcie przed zam\u00f3wieniem prosimy o kontakt.<\/span><\/h3>\n<h3 style=\"text-align: center\"><strong><span style=\"color: red\">\u00a0<\/span><\/strong><\/h3>\n<p>Je\u015bli nie znaj\u0105 Pa\u0144stwo kodu silnika a auto jest wyprodukowane po 2010 roku prosz\u0119 wpisa\u0107 &#8220;????&#8221; w miejsce na kod silnika a w uwagach wpisa\u0107 VIN.<\/p>\n<h3><strong><em>Aby, zobaczy\u0107 wskaz\u00f3wk\u0119 jak odczyta\u0107 kod silnika w swoim poje\u017adzie kliknij <a style=\"color: red\" href=\"https:\/\/chiptuningmarket.com\/wyszukiwanie-kodu-silnika-pojazdu-z-grupy-vag\/\">tutaj<\/a><\/em><\/strong><\/h3>\n<p><strong>Je\u015bli masz pytania dotycz\u0105ce funkcjonowania urz\u0105dzenia zapraszamy do zapoznania si\u0119 ze szczeg\u00f3\u0142ow\u0105 instrukcj\u0105 obs\u0142ugi urz\u0105dzenia dost\u0119pn\u0105 <a style=\"color: red\" href=\"https:\/\/chiptuningmarket.com\/dfp-instrukcja-obslugi\/\">tutaj<\/a><\/strong><\/p>\n<p>Je\u015bli chcesz natomiast <strong>zg\u0142osi\u0107 reklamacj\u0119<\/strong> prosimy o wype\u0142nienie<span style=\"color: #3366ff\"><strong> <a style=\"color: #3366ff\" href=\"https:\/\/chiptuningmarket.com\/wp-content\/uploads\/2019\/06\/DPF-Control_zwrot-reklamacja-Rad.pdf.pdf\">formularza <\/a><\/strong><\/span>i do\u0142\u0105czenie go do przesy\u0142ki zwrotnej<\/p>\n","protected":false},"featured_media":34599,"template":"","meta":{"_monsterinsights_skip_tracking":false,"_monsterinsights_sitenote_active":false,"_monsterinsights_sitenote_note":"","_monsterinsights_sitenote_category":0},"product_brand":[],"product_cat":[5066],"product_tag":[1594,1380,2268,2282,2278,2279,2283,1595,1596,1597,1599,1598],"class_list":{"0":"post-18278","1":"product","2":"type-product","3":"status-publish","4":"has-post-thumbnail","6":"product_cat-dpf-control-pl","7":"product_tag-dpf-audi-pl","8":"product_tag-dpf-control-vag-cr-pl","9":"product_tag-dpf-diode-pl","10":"product_tag-dpf-information-pl","11":"product_tag-dpf-how-to-prevent-blockages-pl","12":"product_tag-dpf-how-to-prevent-clogging-pl","13":"product_tag-dpf-when-it-burns-out-pl","14":"product_tag-dpf-porsche-pl","15":"product_tag-dpf-seat-pl","16":"product_tag-dpf-skoda-pl","17":"product_tag-dpf-vag-pl","18":"product_tag-dpf-vw-pl","19":"product_shipping_class-dpf-conrtoll-free","21":"first","22":"instock","23":"taxable","24":"shipping-taxable","25":"purchasable","26":"product-type-simple"},"yoast_head":"<!-- This site is optimized with the Yoast SEO plugin v25.2 - https:\/\/yoast.com\/wordpress\/plugins\/seo\/ -->\n<title>DPF control\u00a0\u2013\u00a0VAG\u00a0+ Dioda - Chiptuningmarket<\/title>\n<meta name=\"description\" content=\"DPF Control - A device plugged into the OBD socket, which will inform you about the beginning and end of the diesel particulate filter regeneration\" \/>\n<meta name=\"robots\" content=\"index, follow, max-snippet:-1, max-image-preview:large, max-video-preview:-1\" \/>\n<link rel=\"canonical\" href=\"https:\/\/chiptuningmarket.com\/pl\/shop\/dpf-control-pl\/dpf-control-vag-cr-group\/\" \/>\n<meta property=\"og:locale\" content=\"pl_PL\" \/>\n<meta property=\"og:type\" content=\"article\" \/>\n<meta property=\"og:title\" content=\"DPF control\u00a0\u2013\u00a0VAG\u00a0+ Dioda - Chiptuningmarket\" \/>\n<meta property=\"og:description\" content=\"DPF Control - A device plugged into the OBD socket, which will inform you about the beginning and end of the diesel particulate filter regeneration\" \/>\n<meta property=\"og:url\" content=\"https:\/\/chiptuningmarket.com\/pl\/shop\/dpf-control-pl\/dpf-control-vag-cr-group\/\" \/>\n<meta property=\"og:site_name\" content=\"Chiptuningmarket\" \/>\n<meta property=\"article:modified_time\" content=\"2026-04-14T15:20:31+00:00\" \/>\n<meta property=\"og:image\" content=\"https:\/\/chiptuningmarket.com\/wp-content\/uploads\/2019\/06\/DPF-Control-VAG.jpg\" \/>\n\t<meta property=\"og:image:width\" content=\"2560\" \/>\n\t<meta property=\"og:image:height\" content=\"2560\" \/>\n\t<meta property=\"og:image:type\" content=\"image\/jpeg\" \/>\n<meta name=\"twitter:card\" content=\"summary_large_image\" \/>\n<meta name=\"twitter:label1\" content=\"Szacowany czas czytania\" \/>\n\t<meta name=\"twitter:data1\" content=\"5 minut\" \/>\n<script type=\"application\/ld+json\" class=\"yoast-schema-graph\">{\"@context\":\"https:\/\/schema.org\",\"@graph\":[{\"@type\":\"WebPage\",\"@id\":\"https:\/\/chiptuningmarket.com\/pl\/shop\/dpf-control-pl\/dpf-control-vag-cr-group\/\",\"url\":\"https:\/\/chiptuningmarket.com\/pl\/shop\/dpf-control-pl\/dpf-control-vag-cr-group\/\",\"name\":\"DPF control\u00a0\u2013\u00a0VAG\u00a0+ Dioda - Chiptuningmarket\",\"isPartOf\":{\"@id\":\"https:\/\/chiptuningmarket.com\/ru\/#website\"},\"primaryImageOfPage\":{\"@id\":\"https:\/\/chiptuningmarket.com\/pl\/shop\/dpf-control-pl\/dpf-control-vag-cr-group\/#primaryimage\"},\"image\":{\"@id\":\"https:\/\/chiptuningmarket.com\/pl\/shop\/dpf-control-pl\/dpf-control-vag-cr-group\/#primaryimage\"},\"thumbnailUrl\":\"https:\/\/chiptuningmarket.com\/wp-content\/uploads\/2019\/06\/DPF-Control-VAG.jpg\",\"datePublished\":\"2019-06-25T13:18:10+00:00\",\"dateModified\":\"2026-04-14T15:20:31+00:00\",\"description\":\"DPF Control - A device plugged into the OBD socket, which will inform you about the beginning and end of the diesel particulate filter regeneration\",\"breadcrumb\":{\"@id\":\"https:\/\/chiptuningmarket.com\/pl\/shop\/dpf-control-pl\/dpf-control-vag-cr-group\/#breadcrumb\"},\"inLanguage\":\"pl-PL\",\"potentialAction\":[{\"@type\":\"ReadAction\",\"target\":[\"https:\/\/chiptuningmarket.com\/pl\/shop\/dpf-control-pl\/dpf-control-vag-cr-group\/\"]}]},{\"@type\":\"ImageObject\",\"inLanguage\":\"pl-PL\",\"@id\":\"https:\/\/chiptuningmarket.com\/pl\/shop\/dpf-control-pl\/dpf-control-vag-cr-group\/#primaryimage\",\"url\":\"https:\/\/chiptuningmarket.com\/wp-content\/uploads\/2019\/06\/DPF-Control-VAG.jpg\",\"contentUrl\":\"https:\/\/chiptuningmarket.com\/wp-content\/uploads\/2019\/06\/DPF-Control-VAG.jpg\",\"width\":2560,\"height\":2560},{\"@type\":\"BreadcrumbList\",\"@id\":\"https:\/\/chiptuningmarket.com\/pl\/shop\/dpf-control-pl\/dpf-control-vag-cr-group\/#breadcrumb\",\"itemListElement\":[{\"@type\":\"ListItem\",\"position\":1,\"name\":\"Home\",\"item\":\"https:\/\/chiptuningmarket.com\/pl\/\"},{\"@type\":\"ListItem\",\"position\":2,\"name\":\"Sklep\",\"item\":\"https:\/\/chiptuningmarket.com\/pl\/shop\/\"},{\"@type\":\"ListItem\",\"position\":3,\"name\":\"DPF control\u00a0\u2013\u00a0VAG\u00a0+ Dioda\"}]},{\"@type\":\"WebSite\",\"@id\":\"https:\/\/chiptuningmarket.com\/ru\/#website\",\"url\":\"https:\/\/chiptuningmarket.com\/ru\/\",\"name\":\"Chiptuningmarket\",\"description\":\"Biggest chiptuning shop in Europe\",\"publisher\":{\"@id\":\"https:\/\/chiptuningmarket.com\/ru\/#organization\"},\"alternateName\":\"Worldwide ecu tools supplier\",\"potentialAction\":[{\"@type\":\"SearchAction\",\"target\":{\"@type\":\"EntryPoint\",\"urlTemplate\":\"https:\/\/chiptuningmarket.com\/ru\/?s={search_term_string}\"},\"query-input\":{\"@type\":\"PropertyValueSpecification\",\"valueRequired\":true,\"valueName\":\"search_term_string\"}}],\"inLanguage\":\"pl-PL\"},{\"@type\":\"Organization\",\"@id\":\"https:\/\/chiptuningmarket.com\/ru\/#organization\",\"name\":\"Chiptuningmarket\",\"alternateName\":\"Chiptuning tools supplier\",\"url\":\"https:\/\/chiptuningmarket.com\/ru\/\",\"logo\":{\"@type\":\"ImageObject\",\"inLanguage\":\"pl-PL\",\"@id\":\"https:\/\/chiptuningmarket.com\/ru\/#\/schema\/logo\/image\/\",\"url\":\"https:\/\/chiptuningmarket.com\/wp-content\/uploads\/2023\/05\/logo-ChipTuningMarket-social.png\",\"contentUrl\":\"https:\/\/chiptuningmarket.com\/wp-content\/uploads\/2023\/05\/logo-ChipTuningMarket-social.png\",\"width\":512,\"height\":512,\"caption\":\"Chiptuningmarket\"},\"image\":{\"@id\":\"https:\/\/chiptuningmarket.com\/ru\/#\/schema\/logo\/image\/\"}}]}<\/script>\n<!-- \/ Yoast SEO plugin. -->","yoast_head_json":{"title":"DPF control\u00a0\u2013\u00a0VAG\u00a0+ Dioda - Chiptuningmarket","description":"DPF Control - A device plugged into the OBD socket, which will inform you about the beginning and end of the diesel particulate filter regeneration","robots":{"index":"index","follow":"follow","max-snippet":"max-snippet:-1","max-image-preview":"max-image-preview:large","max-video-preview":"max-video-preview:-1"},"canonical":"https:\/\/chiptuningmarket.com\/pl\/shop\/dpf-control-pl\/dpf-control-vag-cr-group\/","og_locale":"pl_PL","og_type":"article","og_title":"DPF control\u00a0\u2013\u00a0VAG\u00a0+ Dioda - Chiptuningmarket","og_description":"DPF Control - A device plugged into the OBD socket, which will inform you about the beginning and end of the diesel particulate filter regeneration","og_url":"https:\/\/chiptuningmarket.com\/pl\/shop\/dpf-control-pl\/dpf-control-vag-cr-group\/","og_site_name":"Chiptuningmarket","article_modified_time":"2026-04-14T15:20:31+00:00","og_image":[{"width":2560,"height":2560,"url":"https:\/\/chiptuningmarket.com\/wp-content\/uploads\/2019\/06\/DPF-Control-VAG.jpg","type":"image\/jpeg"}],"twitter_card":"summary_large_image","twitter_misc":{"Szacowany czas czytania":"5 minut"},"schema":{"@context":"https:\/\/schema.org","@graph":[{"@type":"WebPage","@id":"https:\/\/chiptuningmarket.com\/pl\/shop\/dpf-control-pl\/dpf-control-vag-cr-group\/","url":"https:\/\/chiptuningmarket.com\/pl\/shop\/dpf-control-pl\/dpf-control-vag-cr-group\/","name":"DPF control\u00a0\u2013\u00a0VAG\u00a0+ Dioda - Chiptuningmarket","isPartOf":{"@id":"https:\/\/chiptuningmarket.com\/ru\/#website"},"primaryImageOfPage":{"@id":"https:\/\/chiptuningmarket.com\/pl\/shop\/dpf-control-pl\/dpf-control-vag-cr-group\/#primaryimage"},"image":{"@id":"https:\/\/chiptuningmarket.com\/pl\/shop\/dpf-control-pl\/dpf-control-vag-cr-group\/#primaryimage"},"thumbnailUrl":"https:\/\/chiptuningmarket.com\/wp-content\/uploads\/2019\/06\/DPF-Control-VAG.jpg","datePublished":"2019-06-25T13:18:10+00:00","dateModified":"2026-04-14T15:20:31+00:00","description":"DPF Control - A device plugged into the OBD socket, which will inform you about the beginning and end of the diesel particulate filter regeneration","breadcrumb":{"@id":"https:\/\/chiptuningmarket.com\/pl\/shop\/dpf-control-pl\/dpf-control-vag-cr-group\/#breadcrumb"},"inLanguage":"pl-PL","potentialAction":[{"@type":"ReadAction","target":["https:\/\/chiptuningmarket.com\/pl\/shop\/dpf-control-pl\/dpf-control-vag-cr-group\/"]}]},{"@type":"ImageObject","inLanguage":"pl-PL","@id":"https:\/\/chiptuningmarket.com\/pl\/shop\/dpf-control-pl\/dpf-control-vag-cr-group\/#primaryimage","url":"https:\/\/chiptuningmarket.com\/wp-content\/uploads\/2019\/06\/DPF-Control-VAG.jpg","contentUrl":"https:\/\/chiptuningmarket.com\/wp-content\/uploads\/2019\/06\/DPF-Control-VAG.jpg","width":2560,"height":2560},{"@type":"BreadcrumbList","@id":"https:\/\/chiptuningmarket.com\/pl\/shop\/dpf-control-pl\/dpf-control-vag-cr-group\/#breadcrumb","itemListElement":[{"@type":"ListItem","position":1,"name":"Home","item":"https:\/\/chiptuningmarket.com\/pl\/"},{"@type":"ListItem","position":2,"name":"Sklep","item":"https:\/\/chiptuningmarket.com\/pl\/shop\/"},{"@type":"ListItem","position":3,"name":"DPF control\u00a0\u2013\u00a0VAG\u00a0+ Dioda"}]},{"@type":"WebSite","@id":"https:\/\/chiptuningmarket.com\/ru\/#website","url":"https:\/\/chiptuningmarket.com\/ru\/","name":"Chiptuningmarket","description":"Biggest chiptuning shop in Europe","publisher":{"@id":"https:\/\/chiptuningmarket.com\/ru\/#organization"},"alternateName":"Worldwide ecu tools supplier","potentialAction":[{"@type":"SearchAction","target":{"@type":"EntryPoint","urlTemplate":"https:\/\/chiptuningmarket.com\/ru\/?s={search_term_string}"},"query-input":{"@type":"PropertyValueSpecification","valueRequired":true,"valueName":"search_term_string"}}],"inLanguage":"pl-PL"},{"@type":"Organization","@id":"https:\/\/chiptuningmarket.com\/ru\/#organization","name":"Chiptuningmarket","alternateName":"Chiptuning tools supplier","url":"https:\/\/chiptuningmarket.com\/ru\/","logo":{"@type":"ImageObject","inLanguage":"pl-PL","@id":"https:\/\/chiptuningmarket.com\/ru\/#\/schema\/logo\/image\/","url":"https:\/\/chiptuningmarket.com\/wp-content\/uploads\/2023\/05\/logo-ChipTuningMarket-social.png","contentUrl":"https:\/\/chiptuningmarket.com\/wp-content\/uploads\/2023\/05\/logo-ChipTuningMarket-social.png","width":512,"height":512,"caption":"Chiptuningmarket"},"image":{"@id":"https:\/\/chiptuningmarket.com\/ru\/#\/schema\/logo\/image\/"}}]}},"_links":{"self":[{"href":"https:\/\/chiptuningmarket.com\/pl\/wp-json\/wp\/v2\/product\/18278","targetHints":{"allow":["GET"]}}],"collection":[{"href":"https:\/\/chiptuningmarket.com\/pl\/wp-json\/wp\/v2\/product"}],"about":[{"href":"https:\/\/chiptuningmarket.com\/pl\/wp-json\/wp\/v2\/types\/product"}],"wp:featuredmedia":[{"embeddable":true,"href":"https:\/\/chiptuningmarket.com\/pl\/wp-json\/wp\/v2\/media\/34599"}],"wp:attachment":[{"href":"https:\/\/chiptuningmarket.com\/pl\/wp-json\/wp\/v2\/media?parent=18278"}],"wp:term":[{"taxonomy":"product_brand","embeddable":true,"href":"https:\/\/chiptuningmarket.com\/pl\/wp-json\/wp\/v2\/product_brand?post=18278"},{"taxonomy":"product_cat","embeddable":true,"href":"https:\/\/chiptuningmarket.com\/pl\/wp-json\/wp\/v2\/product_cat?post=18278"},{"taxonomy":"product_tag","embeddable":true,"href":"https:\/\/chiptuningmarket.com\/pl\/wp-json\/wp\/v2\/product_tag?post=18278"}],"curies":[{"name":"wp","href":"https:\/\/api.w.org\/{rel}","templated":true}]}}