{"id":18309,"date":"2019-11-04T10:25:48","date_gmt":"2019-11-04T09:25:48","guid":{"rendered":"https:\/\/chiptuningmarket.com\/product\/ecm-titanium-credit\/"},"modified":"2026-03-03T11:43:05","modified_gmt":"2026-03-03T10:43:05","slug":"ecm-titanium-credit","status":"publish","type":"product","link":"https:\/\/chiptuningmarket.com\/pl\/shop\/oprogramowanie-2-pl\/chiptuning-pl\/ecm-titanium-pl\/ecm-titanium-credit\/","title":{"rendered":"ECM Titanium &#8211; Credit"},"content":{"rendered":"<p style=\"text-align: center\"><strong>ECM Titanium &#8211; Credit<\/strong><\/p>\n<p style=\"text-align: center\"><strong>Wersja kredytowa, w zestawie otrzymujesz 1000 kredyt\u00f3w!<\/strong><\/p>\n<p><img decoding=\"async\" class=\"aligncenter wp-image-13658 size-large\" src=\"https:\/\/ms-group.pl\/wp-content\/uploads\/2019\/11\/ecm-titanium-box-new-1024x586.jpg\" alt=\"ECM Titanium - Promo\" width=\"1024\" height=\"586\" \/><\/p>\n<h3><strong>Cena za driver (opis kalibracji map)<\/strong><\/h3>\n<ul>\n<li>Driver dla Samochod\u00f3w osobowych 1 \u015bci\u0105gni\u0119cie = 40 kredyt\u00f3w<\/li>\n<li>Driver dla motocykli 1 \u015bci\u0105gni\u0119cie\u00a0 = 40 kredyt\u00f3w<\/li>\n<li>Driver dla samochod\u00f3w Ci\u0119\u017carowych 1 \u015bci\u0105gni\u0119cie = 70 kredyt\u00f3w<\/li>\n<li>Driver dla Ci\u0105gnik\u00f3w rolniczych 1 \u015bci\u0105gniecie\u00a0 = 70 kredyt\u00f3w<\/li>\n<li>Driver dla \u0142odzi 1 \u015bci\u0105gni\u0119cie\u00a0 = 70 kredyt\u00f3w<\/li>\n<\/ul>\n<p>ECM Titanium to oprogramowanie do tuningu, kt\u00f3re umo\u017cliwia \u0142atw\u0105 i dok\u0142adn\u0105 interpretacj\u0119 modyfikowanych plik\u00f3w jednostki steruj\u0105cej. Jest kompatybilny ze wszystkimi oryginalnymi plikami samochod\u00f3w, motocykli, ci\u0119\u017car\u00f3wek, ci\u0105gnik\u00f3w i \u0142odzi; nie potrzebuje innych plik\u00f3w ani dodatkowych informacji, poniewa\u017c wszystkie s\u0105 ju\u017c zawarte i opisane w oprogramowaniu.<\/p>\n<p>Ka\u017cdy oryginalny plik odpowiada sterownikowi poszczeg\u00f3lnej mapy dostarczanemu przez Alientech, dekoduje on i udost\u0119pnia parametry pracy silnika, takie jak: przyspieszenie zap\u0142onu, obroty silnika, procent przyspieszenia i ci\u015bnienie atmosferyczne. W ten spos\u00f3b mo\u017cna edytowa\u0107 powi\u0105zane parametry poprawiaj\u0105c wydajno\u015b\u0107 silnika.<\/p>\n<p>Ka\u017cdy ECU zarz\u0105dza wszystkimi czujnikami i elementami wykonawczymi uk\u0142adu silnika. Pliki zawarte w ECU mog\u0105 by\u0107 odczytane przez KESSv2 i K-TAG, zapisane w jednym pliku, kt\u00f3ry mo\u017cna edytowa\u0107 za pomoc\u0105 oprogramowania ECM Titanium. Nast\u0119pnie mo\u017cna ponownie zapisa\u0107 zmodyfikowany plik za pomoc\u0105 KESSv2 lub K-Tag w ECU.<\/p>\n<h3>SZUKANIE STEROWNIKA(OPISU)MAP ECU<\/h3>\n<p>Wyszukiwarka sterownik\u00f3w to wyj\u0105tkowa funkcja, kt\u00f3ra pozwala automatycznie znale\u017a\u0107 wszystkie niezb\u0119dne informacje, aby zmodyfikowa\u0107 oryginalny plik za\u0142adowany do ECM Titanium. Nie musisz kupowa\u0107 ani wyszukiwa\u0107 dodatkowych informacji, aby edytowa\u0107 parametry pracy silnika.<\/p>\n<p><iframe title=\"ECM Titanium - MAP LIST MEVD17 2 G BMW\" width=\"1170\" height=\"658\" src=\"https:\/\/www.youtube.com\/embed\/_mfeJSGO130?start=8&#038;feature=oembed\" frameborder=\"0\" allow=\"accelerometer; autoplay; clipboard-write; encrypted-media; gyroscope; picture-in-picture; web-share\" referrerpolicy=\"strict-origin-when-cross-origin\" allowfullscreen><\/iframe><\/p>\n<p>&nbsp;<\/p>\n<p>&nbsp;<\/p>\n<p><iframe title=\"ECM Titanium - DRIVER SEARCH EDC17C50 BMW\" width=\"1170\" height=\"658\" src=\"https:\/\/www.youtube.com\/embed\/cOsPlgotY6M?start=8&#038;feature=oembed\" frameborder=\"0\" allow=\"accelerometer; autoplay; clipboard-write; encrypted-media; gyroscope; picture-in-picture; web-share\" referrerpolicy=\"strict-origin-when-cross-origin\" allowfullscreen><\/iframe><\/p>\n<h3>LISTA MAP ECU<\/h3>\n<p>W sekcji po\u015bwi\u0119conej li\u015bcie map znajdziesz wszystkie niezb\u0119dne informacje, aby jak w najlepszy spos\u00f3b zarz\u0105dza\u0107 dowolnym ECU i TCU. Mapy s\u0105 podzielone na kategorie takie jak: sterowanie zmiennymi fazami rozrz\u0105du, k\u0105t wyprzedzenia zap\u0142onu, ci\u015bnienie do\u0142adowania, moment obrotowy silnika, ograniczniki, limitery i dezaktywacje. Opr\u00f3cz kategorii mapy, znajdziesz tak\u017ce wszystkie dost\u0119pne jednostki miary dla ka\u017cdej pojedynczej funkcji.<\/p>\n<h3>PODGL\u0104D TABELI<\/h3>\n<p>Dzi\u0119ki widokowi tabeli masz dok\u0142adnie przedstawione parametry w rzeczywistych warto\u015bciach u\u017cywanych do sterowania silnikiem. Nast\u0119pnie mo\u017cna utworzy\u0107 w\u0142asn\u0105 strategi\u0119 edycji map w sterownikach. Na przyk\u0142ad mo\u017cesz u\u017cy\u0107 funkcji interpolacji, kt\u00f3ra pozwala modyfikowa\u0107 parametry w spos\u00f3b proporcjonalny do wybranego obszaru mapy.<\/p>\n<p><iframe title=\"ECM Titanium - TABLE VIEW EDC17C56  BMW\" width=\"1170\" height=\"658\" src=\"https:\/\/www.youtube.com\/embed\/yu_iROHI-Ac?start=6&#038;feature=oembed\" frameborder=\"0\" allow=\"accelerometer; autoplay; clipboard-write; encrypted-media; gyroscope; picture-in-picture; web-share\" referrerpolicy=\"strict-origin-when-cross-origin\" allowfullscreen><\/iframe><\/p>\n<p><strong>PODGL\u0104D 2D<\/strong><\/p>\n<p>Dzi\u0119ki widokowi 2D b\u0119dziesz mie\u0107 mo\u017cliwo\u015b\u0107 rozpoznania ca\u0142ego oryginalnego pliku, aby wyszuka\u0107 jedn\u0105 lub wi\u0119cej map, kt\u00f3re s\u0105 dla Ciebie istotne. B\u0119dziesz m\u00f3g\u0142 modyfikowa\u0107 dowolny parametr na za\u0142adowanej mapie. A dzi\u0119ki funkcji &#8221;addresses MEMO&#8221; mo\u017cesz zapami\u0119ta\u0107 adresy map, dzi\u0119ki czemu z \u0142atwo\u015bci\u0105 odnajdziesz je podczas kolejnych prac.<\/p>\n<div class=\"container\">\n<div class=\"programator\">\n<p><iframe title=\"ECM Titanium - 2D VIEW EDC17C50 BMW\" width=\"1170\" height=\"658\" src=\"https:\/\/www.youtube.com\/embed\/fp_zrwTyYYY?feature=oembed\" frameborder=\"0\" allow=\"accelerometer; autoplay; clipboard-write; encrypted-media; gyroscope; picture-in-picture; web-share\" referrerpolicy=\"strict-origin-when-cross-origin\" allowfullscreen><\/iframe><\/p>\n<\/div>\n<\/div>\n<p><strong>PODGL\u0104D 3D<\/strong><\/p>\n<p>Widok 3D pozwoli okre\u015bli\u0107 kszta\u0142t mapy. W tej funkcji mo\u017cesz linearyzowa\u0107, modyfikuj\u0105c warto\u015bci punkt po punkcie tak, aby reakcja silnika by\u0142a bardziej wyr\u00f3wnana i g\u0142adka. B\u0119dziesz tak\u017ce w stanie zwi\u0119kszy\u0107 lub zmniejszy\u0107 okre\u015blone obszary, aby poprawi\u0107 osi\u0105gi pojazdu.<\/p>\n<p><iframe title=\"ECM Titanium - 3D VIEW  MED9 1 VAG\" width=\"1170\" height=\"658\" src=\"https:\/\/www.youtube.com\/embed\/yUzgV_ouHxQ?start=7&#038;feature=oembed\" frameborder=\"0\" allow=\"accelerometer; autoplay; clipboard-write; encrypted-media; gyroscope; picture-in-picture; web-share\" referrerpolicy=\"strict-origin-when-cross-origin\" allowfullscreen><\/iframe><\/p>\n<h4>Widok szesnastkowy<\/h4>\n<p><span lang=\"pl\">Wszystkie pliki jednostek steruj\u0105cych silnika maj\u0105 struktur\u0119 szesnastkow\u0105. Ten system reprezentacji numerycznej jest szeroko stosowany w informatyce ze wzgl\u0119du na bezpo\u015bredni zwi\u0105zek mi\u0119dzy cyfr\u0105 szesnastkow\u0105 a czterema cyframi binarnymi. Za pomoc\u0105 tego okna szesnastkowego mo\u017cesz interpretowa\u0107 i zmienia\u0107 struktur\u0119 plik\u00f3w.<a href=\"https:\/\/ms-group.pl\/wp-content\/uploads\/2019\/11\/ECM-Hex-300x209-1.jpg\"><img decoding=\"async\" class=\"size-full wp-image-14136 aligncenter\" src=\"https:\/\/ms-group.pl\/wp-content\/uploads\/2019\/11\/ECM-Hex-300x209-1.jpg\" alt=\"\" width=\"300\" height=\"209\" \/><\/a><\/span><\/p>\n<h4>WEWN\u0118TRZNE BAZY DANYCH<\/h4>\n<p>Nasza wewn\u0119trzna baza danych, umo\u017cliwi zapisanie wszystkich plik\u00f3w na ECM Titanium w pami\u0119ci flash, dzi\u0119ki czemu b\u0119d\u0105 odszukiwane automatycznie gdy za\u0142adujesz plik kt\u00f3ry by\u0142 ju\u017c rozpoznany. Pozwala to pracowa\u0107 na wielu komputerach nie trac\u0105c zapisanych wcze\u015bniej kalibracji map. Je\u015bli wybierzesz \u017c\u0105dany oryginalny plik, znajdziesz wszystkie skojarzone pliki oryginalne modyfikowane, kt\u00f3re wcze\u015bniej utworzy\u0142e\u015b.<\/p>\n<p><iframe title=\"ECM Titanium - INTERNAL DATABASE MED9 1 VAG\" width=\"1170\" height=\"658\" src=\"https:\/\/www.youtube.com\/embed\/DZZ55_Qm19o?feature=oembed\" frameborder=\"0\" allow=\"accelerometer; autoplay; clipboard-write; encrypted-media; gyroscope; picture-in-picture; web-share\" referrerpolicy=\"strict-origin-when-cross-origin\" allowfullscreen><\/iframe><\/p>\n<h2>Driver Maker (Kreator MAP)<\/h2>\n<p>Je\u015bli chcesz w pe\u0142ni wykorzysta\u0107 potencja\u0142 ECM Titanium i sta\u0107 si\u0119 jeszcze bardziej niezale\u017cnym, tworz\u0105c w\u0142asne mapy, Driver Maker to w\u0142a\u015bciwy wyb\u00f3r: jest to wtyczka do tworzenia nowych sterownik\u00f3w lub modyfikacji istniej\u0105cych sterownik\u00f3w kalibracji pliku zapisanych w bazie danych Alientech. Dzi\u0119ki Driver Maker mo\u017cesz sta\u0107 si\u0119 profesjonalist\u0105, jakim kiedykolwiek chcia\u0142e\u015b by\u0107.<\/p>\n<p>W naszej ofercie znajdziesz r\u00f3wnie\u017c:<\/p>\n<p><a style=\"color: blue\" href=\"https:\/\/chiptuningmarket.com\/product\/ecm-titanium\/\">ECM Titanium<\/a><\/p>\n<p><a style=\"color: blue\" href=\"https:\/\/chiptuningmarket.com\/product\/winols-software-full-version-ols501-2\/\">WinOLS software full version OLS501<\/a><\/p>\n<p><a style=\"color: blue\" href=\"https:\/\/chiptuningmarket.com\/product\/stagex-wersja-basic\/\">StageX \u2013 wersja Basic<\/a><\/p>\n","protected":false},"excerpt":{"rendered":"<p>Wersja ECM Titanium Credit zawiera 1000 kredyt\u00f3w.<\/p>\n<p>Oprogramowanie tuningowe stworzone przez firm\u0119 Alientech, kt\u00f3re pozwala dok\u0142adnie rozpoznawa\u0107 i edytowa\u0107 mapy kt\u00f3re zapisane s\u0105 w jednostce sterowania silnikiem (ECU).<\/p>\n<p>Nr produktu: 149757EC10<\/p>\n","protected":false},"featured_media":19725,"template":"","meta":{"_monsterinsights_skip_tracking":false,"_monsterinsights_sitenote_active":false,"_monsterinsights_sitenote_note":"","_monsterinsights_sitenote_category":0},"product_brand":[],"product_cat":[5183,5184,5186,5193],"product_tag":[1368,1381,2298,1605],"class_list":{"0":"post-18309","1":"product","2":"type-product","3":"status-publish","4":"has-post-thumbnail","6":"product_cat-oprogramowanie-2-pl","7":"product_cat-chiptuning-pl","8":"product_cat-ecm-titanium-pl","9":"product_cat-tokeny-oprogramowanie-2-pl","10":"product_tag-149757ec10-pl","11":"product_tag-ecm-pl","12":"product_tag-ecm-kredyt-pl","13":"product_tag-ecm-titanium-pl","15":"first","16":"instock","17":"taxable","18":"shipping-taxable","19":"purchasable","20":"product-type-simple"},"yoast_head":"<!-- This site is optimized with the Yoast SEO plugin v25.2 - https:\/\/yoast.com\/wordpress\/plugins\/seo\/ -->\n<title>ECM Titanium - Credit - Chiptuningmarket<\/title>\n<meta name=\"description\" content=\"ECM Titanium - Credit tuning software that allows easy and accurate interpretation of modified control unit files.\" \/>\n<meta name=\"robots\" content=\"index, follow, max-snippet:-1, max-image-preview:large, max-video-preview:-1\" \/>\n<link rel=\"canonical\" href=\"https:\/\/chiptuningmarket.com\/pl\/shop\/oprogramowanie-2-pl\/chiptuning-pl\/ecm-titanium-pl\/ecm-titanium-credit\/\" \/>\n<meta property=\"og:locale\" content=\"pl_PL\" \/>\n<meta property=\"og:type\" content=\"article\" \/>\n<meta property=\"og:title\" content=\"ECM Titanium - Credit - Chiptuningmarket\" \/>\n<meta property=\"og:description\" content=\"ECM Titanium - Credit tuning software that allows easy and accurate interpretation of modified control unit files.\" \/>\n<meta property=\"og:url\" content=\"https:\/\/chiptuningmarket.com\/pl\/shop\/oprogramowanie-2-pl\/chiptuning-pl\/ecm-titanium-pl\/ecm-titanium-credit\/\" \/>\n<meta property=\"og:site_name\" content=\"Chiptuningmarket\" \/>\n<meta property=\"article:modified_time\" content=\"2026-03-03T10:43:05+00:00\" \/>\n<meta property=\"og:image\" content=\"https:\/\/chiptuningmarket.com\/wp-content\/uploads\/2019\/11\/ecm-titanium-box-new-1.jpg\" \/>\n\t<meta property=\"og:image:width\" content=\"1839\" \/>\n\t<meta property=\"og:image:height\" content=\"1839\" \/>\n\t<meta property=\"og:image:type\" content=\"image\/jpeg\" \/>\n<meta name=\"twitter:card\" content=\"summary_large_image\" \/>\n<meta name=\"twitter:label1\" content=\"Szacowany czas czytania\" \/>\n\t<meta name=\"twitter:data1\" content=\"4 minuty\" \/>\n<script type=\"application\/ld+json\" class=\"yoast-schema-graph\">{\"@context\":\"https:\/\/schema.org\",\"@graph\":[{\"@type\":\"WebPage\",\"@id\":\"https:\/\/chiptuningmarket.com\/pl\/shop\/oprogramowanie-2-pl\/chiptuning-pl\/ecm-titanium-pl\/ecm-titanium-credit\/\",\"url\":\"https:\/\/chiptuningmarket.com\/pl\/shop\/oprogramowanie-2-pl\/chiptuning-pl\/ecm-titanium-pl\/ecm-titanium-credit\/\",\"name\":\"ECM Titanium - Credit - Chiptuningmarket\",\"isPartOf\":{\"@id\":\"https:\/\/chiptuningmarket.com\/ru\/#website\"},\"primaryImageOfPage\":{\"@id\":\"https:\/\/chiptuningmarket.com\/pl\/shop\/oprogramowanie-2-pl\/chiptuning-pl\/ecm-titanium-pl\/ecm-titanium-credit\/#primaryimage\"},\"image\":{\"@id\":\"https:\/\/chiptuningmarket.com\/pl\/shop\/oprogramowanie-2-pl\/chiptuning-pl\/ecm-titanium-pl\/ecm-titanium-credit\/#primaryimage\"},\"thumbnailUrl\":\"https:\/\/chiptuningmarket.com\/wp-content\/uploads\/2019\/11\/ecm-titanium-box-new-1.jpg\",\"datePublished\":\"2019-11-04T09:25:48+00:00\",\"dateModified\":\"2026-03-03T10:43:05+00:00\",\"description\":\"ECM Titanium - Credit tuning software that allows easy and accurate interpretation of modified control unit files.\",\"breadcrumb\":{\"@id\":\"https:\/\/chiptuningmarket.com\/pl\/shop\/oprogramowanie-2-pl\/chiptuning-pl\/ecm-titanium-pl\/ecm-titanium-credit\/#breadcrumb\"},\"inLanguage\":\"pl-PL\",\"potentialAction\":[{\"@type\":\"ReadAction\",\"target\":[\"https:\/\/chiptuningmarket.com\/pl\/shop\/oprogramowanie-2-pl\/chiptuning-pl\/ecm-titanium-pl\/ecm-titanium-credit\/\"]}]},{\"@type\":\"ImageObject\",\"inLanguage\":\"pl-PL\",\"@id\":\"https:\/\/chiptuningmarket.com\/pl\/shop\/oprogramowanie-2-pl\/chiptuning-pl\/ecm-titanium-pl\/ecm-titanium-credit\/#primaryimage\",\"url\":\"https:\/\/chiptuningmarket.com\/wp-content\/uploads\/2019\/11\/ecm-titanium-box-new-1.jpg\",\"contentUrl\":\"https:\/\/chiptuningmarket.com\/wp-content\/uploads\/2019\/11\/ecm-titanium-box-new-1.jpg\",\"width\":1839,\"height\":1839},{\"@type\":\"BreadcrumbList\",\"@id\":\"https:\/\/chiptuningmarket.com\/pl\/shop\/oprogramowanie-2-pl\/chiptuning-pl\/ecm-titanium-pl\/ecm-titanium-credit\/#breadcrumb\",\"itemListElement\":[{\"@type\":\"ListItem\",\"position\":1,\"name\":\"Home\",\"item\":\"https:\/\/chiptuningmarket.com\/pl\/\"},{\"@type\":\"ListItem\",\"position\":2,\"name\":\"Sklep\",\"item\":\"https:\/\/chiptuningmarket.com\/pl\/shop\/\"},{\"@type\":\"ListItem\",\"position\":3,\"name\":\"ECM Titanium &#8211; Credit\"}]},{\"@type\":\"WebSite\",\"@id\":\"https:\/\/chiptuningmarket.com\/ru\/#website\",\"url\":\"https:\/\/chiptuningmarket.com\/ru\/\",\"name\":\"Chiptuningmarket\",\"description\":\"Biggest chiptuning shop in Europe\",\"publisher\":{\"@id\":\"https:\/\/chiptuningmarket.com\/ru\/#organization\"},\"alternateName\":\"Worldwide ecu tools supplier\",\"potentialAction\":[{\"@type\":\"SearchAction\",\"target\":{\"@type\":\"EntryPoint\",\"urlTemplate\":\"https:\/\/chiptuningmarket.com\/ru\/?s={search_term_string}\"},\"query-input\":{\"@type\":\"PropertyValueSpecification\",\"valueRequired\":true,\"valueName\":\"search_term_string\"}}],\"inLanguage\":\"pl-PL\"},{\"@type\":\"Organization\",\"@id\":\"https:\/\/chiptuningmarket.com\/ru\/#organization\",\"name\":\"Chiptuningmarket\",\"alternateName\":\"Chiptuning tools supplier\",\"url\":\"https:\/\/chiptuningmarket.com\/ru\/\",\"logo\":{\"@type\":\"ImageObject\",\"inLanguage\":\"pl-PL\",\"@id\":\"https:\/\/chiptuningmarket.com\/ru\/#\/schema\/logo\/image\/\",\"url\":\"https:\/\/chiptuningmarket.com\/wp-content\/uploads\/2023\/05\/logo-ChipTuningMarket-social.png\",\"contentUrl\":\"https:\/\/chiptuningmarket.com\/wp-content\/uploads\/2023\/05\/logo-ChipTuningMarket-social.png\",\"width\":512,\"height\":512,\"caption\":\"Chiptuningmarket\"},\"image\":{\"@id\":\"https:\/\/chiptuningmarket.com\/ru\/#\/schema\/logo\/image\/\"}}]}<\/script>\n<!-- \/ Yoast SEO plugin. -->","yoast_head_json":{"title":"ECM Titanium - Credit - Chiptuningmarket","description":"ECM Titanium - Credit tuning software that allows easy and accurate interpretation of modified control unit files.","robots":{"index":"index","follow":"follow","max-snippet":"max-snippet:-1","max-image-preview":"max-image-preview:large","max-video-preview":"max-video-preview:-1"},"canonical":"https:\/\/chiptuningmarket.com\/pl\/shop\/oprogramowanie-2-pl\/chiptuning-pl\/ecm-titanium-pl\/ecm-titanium-credit\/","og_locale":"pl_PL","og_type":"article","og_title":"ECM Titanium - Credit - Chiptuningmarket","og_description":"ECM Titanium - Credit tuning software that allows easy and accurate interpretation of modified control unit files.","og_url":"https:\/\/chiptuningmarket.com\/pl\/shop\/oprogramowanie-2-pl\/chiptuning-pl\/ecm-titanium-pl\/ecm-titanium-credit\/","og_site_name":"Chiptuningmarket","article_modified_time":"2026-03-03T10:43:05+00:00","og_image":[{"width":1839,"height":1839,"url":"https:\/\/chiptuningmarket.com\/wp-content\/uploads\/2019\/11\/ecm-titanium-box-new-1.jpg","type":"image\/jpeg"}],"twitter_card":"summary_large_image","twitter_misc":{"Szacowany czas czytania":"4 minuty"},"schema":{"@context":"https:\/\/schema.org","@graph":[{"@type":"WebPage","@id":"https:\/\/chiptuningmarket.com\/pl\/shop\/oprogramowanie-2-pl\/chiptuning-pl\/ecm-titanium-pl\/ecm-titanium-credit\/","url":"https:\/\/chiptuningmarket.com\/pl\/shop\/oprogramowanie-2-pl\/chiptuning-pl\/ecm-titanium-pl\/ecm-titanium-credit\/","name":"ECM Titanium - Credit - Chiptuningmarket","isPartOf":{"@id":"https:\/\/chiptuningmarket.com\/ru\/#website"},"primaryImageOfPage":{"@id":"https:\/\/chiptuningmarket.com\/pl\/shop\/oprogramowanie-2-pl\/chiptuning-pl\/ecm-titanium-pl\/ecm-titanium-credit\/#primaryimage"},"image":{"@id":"https:\/\/chiptuningmarket.com\/pl\/shop\/oprogramowanie-2-pl\/chiptuning-pl\/ecm-titanium-pl\/ecm-titanium-credit\/#primaryimage"},"thumbnailUrl":"https:\/\/chiptuningmarket.com\/wp-content\/uploads\/2019\/11\/ecm-titanium-box-new-1.jpg","datePublished":"2019-11-04T09:25:48+00:00","dateModified":"2026-03-03T10:43:05+00:00","description":"ECM Titanium - Credit tuning software that allows easy and accurate interpretation of modified control unit files.","breadcrumb":{"@id":"https:\/\/chiptuningmarket.com\/pl\/shop\/oprogramowanie-2-pl\/chiptuning-pl\/ecm-titanium-pl\/ecm-titanium-credit\/#breadcrumb"},"inLanguage":"pl-PL","potentialAction":[{"@type":"ReadAction","target":["https:\/\/chiptuningmarket.com\/pl\/shop\/oprogramowanie-2-pl\/chiptuning-pl\/ecm-titanium-pl\/ecm-titanium-credit\/"]}]},{"@type":"ImageObject","inLanguage":"pl-PL","@id":"https:\/\/chiptuningmarket.com\/pl\/shop\/oprogramowanie-2-pl\/chiptuning-pl\/ecm-titanium-pl\/ecm-titanium-credit\/#primaryimage","url":"https:\/\/chiptuningmarket.com\/wp-content\/uploads\/2019\/11\/ecm-titanium-box-new-1.jpg","contentUrl":"https:\/\/chiptuningmarket.com\/wp-content\/uploads\/2019\/11\/ecm-titanium-box-new-1.jpg","width":1839,"height":1839},{"@type":"BreadcrumbList","@id":"https:\/\/chiptuningmarket.com\/pl\/shop\/oprogramowanie-2-pl\/chiptuning-pl\/ecm-titanium-pl\/ecm-titanium-credit\/#breadcrumb","itemListElement":[{"@type":"ListItem","position":1,"name":"Home","item":"https:\/\/chiptuningmarket.com\/pl\/"},{"@type":"ListItem","position":2,"name":"Sklep","item":"https:\/\/chiptuningmarket.com\/pl\/shop\/"},{"@type":"ListItem","position":3,"name":"ECM Titanium &#8211; Credit"}]},{"@type":"WebSite","@id":"https:\/\/chiptuningmarket.com\/ru\/#website","url":"https:\/\/chiptuningmarket.com\/ru\/","name":"Chiptuningmarket","description":"Biggest chiptuning shop in Europe","publisher":{"@id":"https:\/\/chiptuningmarket.com\/ru\/#organization"},"alternateName":"Worldwide ecu tools supplier","potentialAction":[{"@type":"SearchAction","target":{"@type":"EntryPoint","urlTemplate":"https:\/\/chiptuningmarket.com\/ru\/?s={search_term_string}"},"query-input":{"@type":"PropertyValueSpecification","valueRequired":true,"valueName":"search_term_string"}}],"inLanguage":"pl-PL"},{"@type":"Organization","@id":"https:\/\/chiptuningmarket.com\/ru\/#organization","name":"Chiptuningmarket","alternateName":"Chiptuning tools supplier","url":"https:\/\/chiptuningmarket.com\/ru\/","logo":{"@type":"ImageObject","inLanguage":"pl-PL","@id":"https:\/\/chiptuningmarket.com\/ru\/#\/schema\/logo\/image\/","url":"https:\/\/chiptuningmarket.com\/wp-content\/uploads\/2023\/05\/logo-ChipTuningMarket-social.png","contentUrl":"https:\/\/chiptuningmarket.com\/wp-content\/uploads\/2023\/05\/logo-ChipTuningMarket-social.png","width":512,"height":512,"caption":"Chiptuningmarket"},"image":{"@id":"https:\/\/chiptuningmarket.com\/ru\/#\/schema\/logo\/image\/"}}]}},"_links":{"self":[{"href":"https:\/\/chiptuningmarket.com\/pl\/wp-json\/wp\/v2\/product\/18309","targetHints":{"allow":["GET"]}}],"collection":[{"href":"https:\/\/chiptuningmarket.com\/pl\/wp-json\/wp\/v2\/product"}],"about":[{"href":"https:\/\/chiptuningmarket.com\/pl\/wp-json\/wp\/v2\/types\/product"}],"wp:featuredmedia":[{"embeddable":true,"href":"https:\/\/chiptuningmarket.com\/pl\/wp-json\/wp\/v2\/media\/19725"}],"wp:attachment":[{"href":"https:\/\/chiptuningmarket.com\/pl\/wp-json\/wp\/v2\/media?parent=18309"}],"wp:term":[{"taxonomy":"product_brand","embeddable":true,"href":"https:\/\/chiptuningmarket.com\/pl\/wp-json\/wp\/v2\/product_brand?post=18309"},{"taxonomy":"product_cat","embeddable":true,"href":"https:\/\/chiptuningmarket.com\/pl\/wp-json\/wp\/v2\/product_cat?post=18309"},{"taxonomy":"product_tag","embeddable":true,"href":"https:\/\/chiptuningmarket.com\/pl\/wp-json\/wp\/v2\/product_tag?post=18309"}],"curies":[{"name":"wp","href":"https:\/\/api.w.org\/{rel}","templated":true}]}}