{"id":18317,"date":"2019-11-04T11:25:33","date_gmt":"2019-11-04T10:25:33","guid":{"rendered":"https:\/\/chiptuningmarket.com\/product\/ecm-titanium-abonament-6-miesiecy\/"},"modified":"2026-01-13T00:00:02","modified_gmt":"2026-01-12T23:00:02","slug":"ecm-titanium-abonament-6-miesiecy","status":"publish","type":"product","link":"https:\/\/chiptuningmarket.com\/pl\/shop\/oprogramowanie-2-pl\/licencje-subskrypcje-pl\/ecm-titanium-licencje-subskrypcje-pl\/ecm-titanium-abonament-6-miesiecy\/","title":{"rendered":"ECM Titanium Abonament &#8211; 6 miesi\u0119cy"},"content":{"rendered":"<p style=\"text-align: center;\"><strong>ECM Titanium Abonament &#8211; 6 miesi\u0119cy<\/strong><\/p>\n<p><strong>Zgodnie z polityk\u0105 Alientech, produkt mo\u017cna zakupi\u0107 tylko u dystrybutora u kt\u00f3rego kupi\u0142e\u015b urz\u0105dzenie<\/strong><\/p>\n<p>Alientech ECM Titanium to oprogramowanie do chiptuningu, kt\u00f3re umo\u017cliwia wprowadzanie zmian w pliku odczytanym z ECU lub TCU.<br \/>\nProgramatory Alientech Kess i K-tag umo\u017cliwiaj\u0105 odczytanie pliku z pojazdu, ale to oprogramowanie ECM Titanium, jest g\u0142\u00f3wnym narz\u0119dziem tuner\u00f3w.<br \/>\nAlientech ECM Titanium jest stosunkowo \u0142atwy w u\u017cyciu, cho\u0107 wymagane s\u0105 podstawy w jego u\u017cytkowaniu. Dzi\u0119ki ECM Titanium wi\u0119kszo\u015b\u0107 map g\u0142\u00f3wnych i ogranicznik\u00f3w potrzebnych do zmodyfikowania plik\u00f3w jest ju\u017c rozpoznana, w\u0142\u0105cznie z osiami obrot\u00f3w, obci\u0105\u017cenia, ci\u015bnienia atmosferycznego itp.<\/p>\n<p><img decoding=\"async\" class=\"aligncenter size-full wp-image-13666\" src=\"https:\/\/ms-group.pl\/wp-content\/uploads\/2019\/11\/ECM.jpg\" alt=\"ECM Titanium - Kreator map\" width=\"449\" height=\"228\" \/><\/p>\n<p>W ofercie r\u00f3wnie\u017c inne dodatki oraz oprogramowanie ECM:<\/p>\n<p><a style=\"color: blue;\" href=\"https:\/\/chiptuningmarket.com\/product\/ecm-titanium\/\">ECM Titanium<\/a><\/p>\n<p><a style=\"color: blue;\" href=\"https:\/\/chiptuningmarket.com\/product\/ecm-titanium-credit\/\">ECM Titanium \u2013 Credit<\/a><\/p>\n<p><a style=\"color: blue;\" href=\"https:\/\/chiptuningmarket.com\/product\/ecm-titanium-dwiescie-kredytow-200\/\">ECM Titanium \u2013 dwie\u015bcie kredyt\u00f3w (200)<\/a><\/p>\n","protected":false},"excerpt":{"rendered":"<p>6 Miesi\u0119czny okres Subskrypcji:<\/p>\n<ul>\n<li>Zaplecze techniczno-informacyjne Alientech<\/li>\n<li>Aktualizacje oprogramowania ECM TITANIUM<\/li>\n<li>Aktualizacj bie\u017c\u0105cych driver\u00f3w i \u015bci\u0105ganie nowych<\/li>\n<\/ul>\n<p>Nr produktu: 18C757EC06<\/p>\n","protected":false},"featured_media":19714,"template":"","meta":{"_monsterinsights_skip_tracking":false,"_monsterinsights_sitenote_active":false,"_monsterinsights_sitenote_note":"","_monsterinsights_sitenote_category":0},"product_brand":[],"product_cat":[5183,5192,5195],"product_tag":[1356,1381],"class_list":{"0":"post-18317","1":"product","2":"type-product","3":"status-publish","4":"has-post-thumbnail","6":"product_cat-oprogramowanie-2-pl","7":"product_cat-licencje-subskrypcje-pl","8":"product_cat-ecm-titanium-licencje-subskrypcje-pl","9":"product_tag-18c757ec06-pl","10":"product_tag-ecm-pl","12":"first","13":"instock","14":"virtual","15":"taxable","16":"purchasable","17":"product-type-simple"},"yoast_head":"<!-- This site is optimized with the Yoast SEO plugin v25.2 - https:\/\/yoast.com\/wordpress\/plugins\/seo\/ -->\n<title>ECM Titanium Abonament - 6 miesi\u0119cy - Chiptuningmarket<\/title>\n<meta name=\"description\" content=\"ECM Titanium Subscription - 6 month Period:Alientech technical and information baseECM TITANIUM software updatesUpdating current drivers and downloading\" \/>\n<meta name=\"robots\" content=\"index, follow, max-snippet:-1, max-image-preview:large, max-video-preview:-1\" \/>\n<link rel=\"canonical\" href=\"https:\/\/chiptuningmarket.com\/pl\/shop\/oprogramowanie-2-pl\/licencje-subskrypcje-pl\/ecm-titanium-licencje-subskrypcje-pl\/ecm-titanium-abonament-6-miesiecy\/\" \/>\n<meta property=\"og:locale\" content=\"pl_PL\" \/>\n<meta property=\"og:type\" content=\"article\" \/>\n<meta property=\"og:title\" content=\"ECM Titanium Abonament - 6 miesi\u0119cy - Chiptuningmarket\" \/>\n<meta property=\"og:description\" content=\"ECM Titanium Subscription - 6 month Period:Alientech technical and information baseECM TITANIUM software updatesUpdating current drivers and downloading\" \/>\n<meta property=\"og:url\" content=\"https:\/\/chiptuningmarket.com\/pl\/shop\/oprogramowanie-2-pl\/licencje-subskrypcje-pl\/ecm-titanium-licencje-subskrypcje-pl\/ecm-titanium-abonament-6-miesiecy\/\" \/>\n<meta property=\"og:site_name\" content=\"Chiptuningmarket\" \/>\n<meta property=\"article:modified_time\" content=\"2026-01-12T23:00:02+00:00\" \/>\n<meta property=\"og:image\" content=\"https:\/\/chiptuningmarket.com\/wp-content\/uploads\/2019\/11\/ECM-4.jpg\" \/>\n\t<meta property=\"og:image:width\" content=\"449\" \/>\n\t<meta property=\"og:image:height\" content=\"449\" \/>\n\t<meta property=\"og:image:type\" content=\"image\/jpeg\" \/>\n<meta name=\"twitter:card\" content=\"summary_large_image\" \/>\n<meta name=\"twitter:label1\" content=\"Szacowany czas czytania\" \/>\n\t<meta name=\"twitter:data1\" content=\"1 minuta\" \/>\n<script type=\"application\/ld+json\" class=\"yoast-schema-graph\">{\"@context\":\"https:\/\/schema.org\",\"@graph\":[{\"@type\":\"WebPage\",\"@id\":\"https:\/\/chiptuningmarket.com\/pl\/shop\/oprogramowanie-2-pl\/licencje-subskrypcje-pl\/ecm-titanium-licencje-subskrypcje-pl\/ecm-titanium-abonament-6-miesiecy\/\",\"url\":\"https:\/\/chiptuningmarket.com\/pl\/shop\/oprogramowanie-2-pl\/licencje-subskrypcje-pl\/ecm-titanium-licencje-subskrypcje-pl\/ecm-titanium-abonament-6-miesiecy\/\",\"name\":\"ECM Titanium Abonament - 6 miesi\u0119cy - Chiptuningmarket\",\"isPartOf\":{\"@id\":\"https:\/\/chiptuningmarket.com\/ru\/#website\"},\"primaryImageOfPage\":{\"@id\":\"https:\/\/chiptuningmarket.com\/pl\/shop\/oprogramowanie-2-pl\/licencje-subskrypcje-pl\/ecm-titanium-licencje-subskrypcje-pl\/ecm-titanium-abonament-6-miesiecy\/#primaryimage\"},\"image\":{\"@id\":\"https:\/\/chiptuningmarket.com\/pl\/shop\/oprogramowanie-2-pl\/licencje-subskrypcje-pl\/ecm-titanium-licencje-subskrypcje-pl\/ecm-titanium-abonament-6-miesiecy\/#primaryimage\"},\"thumbnailUrl\":\"https:\/\/chiptuningmarket.com\/wp-content\/uploads\/2019\/11\/ECM-4.jpg\",\"datePublished\":\"2019-11-04T10:25:33+00:00\",\"dateModified\":\"2026-01-12T23:00:02+00:00\",\"description\":\"ECM Titanium Subscription - 6 month Period:Alientech technical and information baseECM TITANIUM software updatesUpdating current drivers and downloading\",\"breadcrumb\":{\"@id\":\"https:\/\/chiptuningmarket.com\/pl\/shop\/oprogramowanie-2-pl\/licencje-subskrypcje-pl\/ecm-titanium-licencje-subskrypcje-pl\/ecm-titanium-abonament-6-miesiecy\/#breadcrumb\"},\"inLanguage\":\"pl-PL\",\"potentialAction\":[{\"@type\":\"ReadAction\",\"target\":[\"https:\/\/chiptuningmarket.com\/pl\/shop\/oprogramowanie-2-pl\/licencje-subskrypcje-pl\/ecm-titanium-licencje-subskrypcje-pl\/ecm-titanium-abonament-6-miesiecy\/\"]}]},{\"@type\":\"ImageObject\",\"inLanguage\":\"pl-PL\",\"@id\":\"https:\/\/chiptuningmarket.com\/pl\/shop\/oprogramowanie-2-pl\/licencje-subskrypcje-pl\/ecm-titanium-licencje-subskrypcje-pl\/ecm-titanium-abonament-6-miesiecy\/#primaryimage\",\"url\":\"https:\/\/chiptuningmarket.com\/wp-content\/uploads\/2019\/11\/ECM-4.jpg\",\"contentUrl\":\"https:\/\/chiptuningmarket.com\/wp-content\/uploads\/2019\/11\/ECM-4.jpg\",\"width\":449,\"height\":449},{\"@type\":\"BreadcrumbList\",\"@id\":\"https:\/\/chiptuningmarket.com\/pl\/shop\/oprogramowanie-2-pl\/licencje-subskrypcje-pl\/ecm-titanium-licencje-subskrypcje-pl\/ecm-titanium-abonament-6-miesiecy\/#breadcrumb\",\"itemListElement\":[{\"@type\":\"ListItem\",\"position\":1,\"name\":\"Home\",\"item\":\"https:\/\/chiptuningmarket.com\/pl\/\"},{\"@type\":\"ListItem\",\"position\":2,\"name\":\"Sklep\",\"item\":\"https:\/\/chiptuningmarket.com\/pl\/shop\/\"},{\"@type\":\"ListItem\",\"position\":3,\"name\":\"ECM Titanium Abonament &#8211; 6 miesi\u0119cy\"}]},{\"@type\":\"WebSite\",\"@id\":\"https:\/\/chiptuningmarket.com\/ru\/#website\",\"url\":\"https:\/\/chiptuningmarket.com\/ru\/\",\"name\":\"Chiptuningmarket\",\"description\":\"Biggest chiptuning shop in Europe\",\"publisher\":{\"@id\":\"https:\/\/chiptuningmarket.com\/ru\/#organization\"},\"alternateName\":\"Worldwide ecu tools supplier\",\"potentialAction\":[{\"@type\":\"SearchAction\",\"target\":{\"@type\":\"EntryPoint\",\"urlTemplate\":\"https:\/\/chiptuningmarket.com\/ru\/?s={search_term_string}\"},\"query-input\":{\"@type\":\"PropertyValueSpecification\",\"valueRequired\":true,\"valueName\":\"search_term_string\"}}],\"inLanguage\":\"pl-PL\"},{\"@type\":\"Organization\",\"@id\":\"https:\/\/chiptuningmarket.com\/ru\/#organization\",\"name\":\"Chiptuningmarket\",\"alternateName\":\"Chiptuning tools supplier\",\"url\":\"https:\/\/chiptuningmarket.com\/ru\/\",\"logo\":{\"@type\":\"ImageObject\",\"inLanguage\":\"pl-PL\",\"@id\":\"https:\/\/chiptuningmarket.com\/ru\/#\/schema\/logo\/image\/\",\"url\":\"https:\/\/chiptuningmarket.com\/wp-content\/uploads\/2023\/05\/logo-ChipTuningMarket-social.png\",\"contentUrl\":\"https:\/\/chiptuningmarket.com\/wp-content\/uploads\/2023\/05\/logo-ChipTuningMarket-social.png\",\"width\":512,\"height\":512,\"caption\":\"Chiptuningmarket\"},\"image\":{\"@id\":\"https:\/\/chiptuningmarket.com\/ru\/#\/schema\/logo\/image\/\"}}]}<\/script>\n<!-- \/ Yoast SEO plugin. -->","yoast_head_json":{"title":"ECM Titanium Abonament - 6 miesi\u0119cy - Chiptuningmarket","description":"ECM Titanium Subscription - 6 month Period:Alientech technical and information baseECM TITANIUM software updatesUpdating current drivers and downloading","robots":{"index":"index","follow":"follow","max-snippet":"max-snippet:-1","max-image-preview":"max-image-preview:large","max-video-preview":"max-video-preview:-1"},"canonical":"https:\/\/chiptuningmarket.com\/pl\/shop\/oprogramowanie-2-pl\/licencje-subskrypcje-pl\/ecm-titanium-licencje-subskrypcje-pl\/ecm-titanium-abonament-6-miesiecy\/","og_locale":"pl_PL","og_type":"article","og_title":"ECM Titanium Abonament - 6 miesi\u0119cy - Chiptuningmarket","og_description":"ECM Titanium Subscription - 6 month Period:Alientech technical and information baseECM TITANIUM software updatesUpdating current drivers and downloading","og_url":"https:\/\/chiptuningmarket.com\/pl\/shop\/oprogramowanie-2-pl\/licencje-subskrypcje-pl\/ecm-titanium-licencje-subskrypcje-pl\/ecm-titanium-abonament-6-miesiecy\/","og_site_name":"Chiptuningmarket","article_modified_time":"2026-01-12T23:00:02+00:00","og_image":[{"width":449,"height":449,"url":"https:\/\/chiptuningmarket.com\/wp-content\/uploads\/2019\/11\/ECM-4.jpg","type":"image\/jpeg"}],"twitter_card":"summary_large_image","twitter_misc":{"Szacowany czas czytania":"1 minuta"},"schema":{"@context":"https:\/\/schema.org","@graph":[{"@type":"WebPage","@id":"https:\/\/chiptuningmarket.com\/pl\/shop\/oprogramowanie-2-pl\/licencje-subskrypcje-pl\/ecm-titanium-licencje-subskrypcje-pl\/ecm-titanium-abonament-6-miesiecy\/","url":"https:\/\/chiptuningmarket.com\/pl\/shop\/oprogramowanie-2-pl\/licencje-subskrypcje-pl\/ecm-titanium-licencje-subskrypcje-pl\/ecm-titanium-abonament-6-miesiecy\/","name":"ECM Titanium Abonament - 6 miesi\u0119cy - Chiptuningmarket","isPartOf":{"@id":"https:\/\/chiptuningmarket.com\/ru\/#website"},"primaryImageOfPage":{"@id":"https:\/\/chiptuningmarket.com\/pl\/shop\/oprogramowanie-2-pl\/licencje-subskrypcje-pl\/ecm-titanium-licencje-subskrypcje-pl\/ecm-titanium-abonament-6-miesiecy\/#primaryimage"},"image":{"@id":"https:\/\/chiptuningmarket.com\/pl\/shop\/oprogramowanie-2-pl\/licencje-subskrypcje-pl\/ecm-titanium-licencje-subskrypcje-pl\/ecm-titanium-abonament-6-miesiecy\/#primaryimage"},"thumbnailUrl":"https:\/\/chiptuningmarket.com\/wp-content\/uploads\/2019\/11\/ECM-4.jpg","datePublished":"2019-11-04T10:25:33+00:00","dateModified":"2026-01-12T23:00:02+00:00","description":"ECM Titanium Subscription - 6 month Period:Alientech technical and information baseECM TITANIUM software updatesUpdating current drivers and downloading","breadcrumb":{"@id":"https:\/\/chiptuningmarket.com\/pl\/shop\/oprogramowanie-2-pl\/licencje-subskrypcje-pl\/ecm-titanium-licencje-subskrypcje-pl\/ecm-titanium-abonament-6-miesiecy\/#breadcrumb"},"inLanguage":"pl-PL","potentialAction":[{"@type":"ReadAction","target":["https:\/\/chiptuningmarket.com\/pl\/shop\/oprogramowanie-2-pl\/licencje-subskrypcje-pl\/ecm-titanium-licencje-subskrypcje-pl\/ecm-titanium-abonament-6-miesiecy\/"]}]},{"@type":"ImageObject","inLanguage":"pl-PL","@id":"https:\/\/chiptuningmarket.com\/pl\/shop\/oprogramowanie-2-pl\/licencje-subskrypcje-pl\/ecm-titanium-licencje-subskrypcje-pl\/ecm-titanium-abonament-6-miesiecy\/#primaryimage","url":"https:\/\/chiptuningmarket.com\/wp-content\/uploads\/2019\/11\/ECM-4.jpg","contentUrl":"https:\/\/chiptuningmarket.com\/wp-content\/uploads\/2019\/11\/ECM-4.jpg","width":449,"height":449},{"@type":"BreadcrumbList","@id":"https:\/\/chiptuningmarket.com\/pl\/shop\/oprogramowanie-2-pl\/licencje-subskrypcje-pl\/ecm-titanium-licencje-subskrypcje-pl\/ecm-titanium-abonament-6-miesiecy\/#breadcrumb","itemListElement":[{"@type":"ListItem","position":1,"name":"Home","item":"https:\/\/chiptuningmarket.com\/pl\/"},{"@type":"ListItem","position":2,"name":"Sklep","item":"https:\/\/chiptuningmarket.com\/pl\/shop\/"},{"@type":"ListItem","position":3,"name":"ECM Titanium Abonament &#8211; 6 miesi\u0119cy"}]},{"@type":"WebSite","@id":"https:\/\/chiptuningmarket.com\/ru\/#website","url":"https:\/\/chiptuningmarket.com\/ru\/","name":"Chiptuningmarket","description":"Biggest chiptuning shop in Europe","publisher":{"@id":"https:\/\/chiptuningmarket.com\/ru\/#organization"},"alternateName":"Worldwide ecu tools supplier","potentialAction":[{"@type":"SearchAction","target":{"@type":"EntryPoint","urlTemplate":"https:\/\/chiptuningmarket.com\/ru\/?s={search_term_string}"},"query-input":{"@type":"PropertyValueSpecification","valueRequired":true,"valueName":"search_term_string"}}],"inLanguage":"pl-PL"},{"@type":"Organization","@id":"https:\/\/chiptuningmarket.com\/ru\/#organization","name":"Chiptuningmarket","alternateName":"Chiptuning tools supplier","url":"https:\/\/chiptuningmarket.com\/ru\/","logo":{"@type":"ImageObject","inLanguage":"pl-PL","@id":"https:\/\/chiptuningmarket.com\/ru\/#\/schema\/logo\/image\/","url":"https:\/\/chiptuningmarket.com\/wp-content\/uploads\/2023\/05\/logo-ChipTuningMarket-social.png","contentUrl":"https:\/\/chiptuningmarket.com\/wp-content\/uploads\/2023\/05\/logo-ChipTuningMarket-social.png","width":512,"height":512,"caption":"Chiptuningmarket"},"image":{"@id":"https:\/\/chiptuningmarket.com\/ru\/#\/schema\/logo\/image\/"}}]}},"_links":{"self":[{"href":"https:\/\/chiptuningmarket.com\/pl\/wp-json\/wp\/v2\/product\/18317","targetHints":{"allow":["GET"]}}],"collection":[{"href":"https:\/\/chiptuningmarket.com\/pl\/wp-json\/wp\/v2\/product"}],"about":[{"href":"https:\/\/chiptuningmarket.com\/pl\/wp-json\/wp\/v2\/types\/product"}],"wp:featuredmedia":[{"embeddable":true,"href":"https:\/\/chiptuningmarket.com\/pl\/wp-json\/wp\/v2\/media\/19714"}],"wp:attachment":[{"href":"https:\/\/chiptuningmarket.com\/pl\/wp-json\/wp\/v2\/media?parent=18317"}],"wp:term":[{"taxonomy":"product_brand","embeddable":true,"href":"https:\/\/chiptuningmarket.com\/pl\/wp-json\/wp\/v2\/product_brand?post=18317"},{"taxonomy":"product_cat","embeddable":true,"href":"https:\/\/chiptuningmarket.com\/pl\/wp-json\/wp\/v2\/product_cat?post=18317"},{"taxonomy":"product_tag","embeddable":true,"href":"https:\/\/chiptuningmarket.com\/pl\/wp-json\/wp\/v2\/product_tag?post=18317"}],"curies":[{"name":"wp","href":"https:\/\/api.w.org\/{rel}","templated":true}]}}