{"id":18318,"date":"2019-11-04T11:35:46","date_gmt":"2019-11-04T11:35:46","guid":{"rendered":"https:\/\/chiptuningmarket.com\/product\/ecm-titanium-abonament-dla-sum-kontrolnych\/"},"modified":"2022-07-21T07:36:45","modified_gmt":"2022-07-21T07:36:45","slug":"ecm-titanium-abonament-dla-sum-kontrolnych","status":"publish","type":"product","link":"https:\/\/chiptuningmarket.com\/pl\/shop\/oprogramowanie-2-pl\/licencje-subskrypcje-pl\/ecm-titanium-licencje-subskrypcje-pl\/ecm-titanium-abonament-dla-sum-kontrolnych\/","title":{"rendered":"ECM Titanium &#8211; abonament dla sum kontrolnych"},"content":{"rendered":"<p style=\"text-align: center;\"><strong>ECM Titanium &#8211; abonament dla sum kontrolnych<\/strong><\/p>\n<p style=\"text-align: left;\"><strong>Zgodnie z polityk\u0105 Alientech, produkt mo\u017cna zakupi\u0107 tylko u dystrybutora u kt\u00f3rego kupi\u0142e\u015b urz\u0105dzenie <\/strong><\/p>\n<p>Alientech ECM Titanium to oprogramowanie do chiptuningu, kt\u00f3re umo\u017cliwia wprowadzanie zmian w pliku odczytanym z ECU lub TCU.<br \/>\nProgramatory Alientech Kess i K-tag umo\u017cliwiaj\u0105 odczytanie pliku z pojazdu, ale to oprogramowanie ECM Titanium, jest g\u0142\u00f3wnym narz\u0119dziem tuner\u00f3w.<br \/>\nAlientech ECM Titanium jest stosunkowo \u0142atwy w u\u017cyciu, cho\u0107 wymagane s\u0105 podstawy w jego u\u017cytkowaniu. Dzi\u0119ki ECM Titanium wi\u0119kszo\u015b\u0107 map g\u0142\u00f3wnych i ogranicznik\u00f3w potrzebnych do zmodyfikowania plik\u00f3w jest ju\u017c rozpoznana, w\u0142\u0105cznie z osiami obrot\u00f3w, obci\u0105\u017cenia, ci\u015bnienia atmosferycznego itp.<\/p>\n<p><img decoding=\"async\" class=\"aligncenter size-full wp-image-13666\" src=\"https:\/\/ms-group.pl\/wp-content\/uploads\/2019\/11\/ECM.jpg\" alt=\"ECM Titanium - Kreator map\" width=\"449\" height=\"228\" \/><\/p>\n<p>W ofercie r\u00f3wnie\u017c inne dodatki oraz oprogramowanie ECM:<\/p>\n<p><a style=\"color: blue;\" href=\"https:\/\/chiptuningmarket.com\/product\/ecm-titanium\/\">ECM Titanium<\/a><\/p>\n<p><a style=\"color: blue;\" href=\"https:\/\/chiptuningmarket.com\/product\/ecm-titanium-credit\/\">ECM Titanium \u2013 Credit<\/a><\/p>\n<p><a style=\"color: blue;\" href=\"https:\/\/chiptuningmarket.com\/product\/ecm-titanium-dwiescie-kredytow-200\/\">ECM Titanium \u2013 dwie\u015bcie kredyt\u00f3w (200)<\/a><\/p>\n","protected":false},"excerpt":{"rendered":"<p>Pobieranie sum kontrolnych b\u0119dzie dost\u0119pne dopiero po zakupie <a href=\"https:\/\/chiptuningmarket.com\/product\/ecm-titanium-pakiet-sum-kontrolnych\/\" target=\"_blank\" rel=\"noopener noreferrer\">Checksum Package<\/a>.<\/p>\n<p>Nr produktu: 18C7570009<\/p>\n","protected":false},"featured_media":19712,"template":"","meta":{"_monsterinsights_skip_tracking":false,"_monsterinsights_sitenote_active":false,"_monsterinsights_sitenote_note":"","_monsterinsights_sitenote_category":0},"product_brand":[],"product_cat":[5183,5192,5195],"product_tag":[1358,1381,2303,2304,2306,2296],"class_list":{"0":"post-18318","1":"product","2":"type-product","3":"status-publish","4":"has-post-thumbnail","6":"product_cat-oprogramowanie-2-pl","7":"product_cat-licencje-subskrypcje-pl","8":"product_cat-ecm-titanium-licencje-subskrypcje-pl","9":"product_tag-18c7570009-pl","10":"product_tag-ecm-pl","11":"product_tag-ecm-subscription-pl","12":"product_tag-ecm-subscription-checksums-pl","13":"product_tag-ecm-sums-pl","14":"product_tag-ecm-checksums-pl","16":"first","17":"instock","18":"virtual","19":"taxable","20":"purchasable","21":"product-type-simple"},"yoast_head":"<!-- This site is optimized with the Yoast SEO plugin v25.2 - https:\/\/yoast.com\/wordpress\/plugins\/seo\/ -->\n<title>ECM Titanium - abonament dla sum kontrolnych - Chiptuningmarket<\/title>\n<meta name=\"description\" content=\"ECM Titanium - subscription for checksums. Checksum download will only be available after purchasing the Checksum Package.\" \/>\n<meta name=\"robots\" content=\"index, follow, max-snippet:-1, max-image-preview:large, max-video-preview:-1\" \/>\n<link rel=\"canonical\" href=\"https:\/\/chiptuningmarket.com\/pl\/shop\/oprogramowanie-2-pl\/licencje-subskrypcje-pl\/ecm-titanium-licencje-subskrypcje-pl\/ecm-titanium-abonament-dla-sum-kontrolnych\/\" \/>\n<meta property=\"og:locale\" content=\"pl_PL\" \/>\n<meta property=\"og:type\" content=\"article\" \/>\n<meta property=\"og:title\" content=\"ECM Titanium - abonament dla sum kontrolnych - Chiptuningmarket\" \/>\n<meta property=\"og:description\" content=\"ECM Titanium - subscription for checksums. Checksum download will only be available after purchasing the Checksum Package.\" \/>\n<meta property=\"og:url\" content=\"https:\/\/chiptuningmarket.com\/pl\/shop\/oprogramowanie-2-pl\/licencje-subskrypcje-pl\/ecm-titanium-licencje-subskrypcje-pl\/ecm-titanium-abonament-dla-sum-kontrolnych\/\" \/>\n<meta property=\"og:site_name\" content=\"Chiptuningmarket\" \/>\n<meta property=\"article:modified_time\" content=\"2022-07-21T07:36:45+00:00\" \/>\n<meta property=\"og:image\" content=\"https:\/\/chiptuningmarket.com\/wp-content\/uploads\/2019\/11\/ECM-3.jpg\" \/>\n\t<meta property=\"og:image:width\" content=\"449\" \/>\n\t<meta property=\"og:image:height\" content=\"449\" \/>\n\t<meta property=\"og:image:type\" content=\"image\/jpeg\" \/>\n<meta name=\"twitter:card\" content=\"summary_large_image\" \/>\n<meta name=\"twitter:label1\" content=\"Szacowany czas czytania\" \/>\n\t<meta name=\"twitter:data1\" content=\"1 minuta\" \/>\n<script type=\"application\/ld+json\" class=\"yoast-schema-graph\">{\"@context\":\"https:\/\/schema.org\",\"@graph\":[{\"@type\":\"WebPage\",\"@id\":\"https:\/\/chiptuningmarket.com\/pl\/shop\/oprogramowanie-2-pl\/licencje-subskrypcje-pl\/ecm-titanium-licencje-subskrypcje-pl\/ecm-titanium-abonament-dla-sum-kontrolnych\/\",\"url\":\"https:\/\/chiptuningmarket.com\/pl\/shop\/oprogramowanie-2-pl\/licencje-subskrypcje-pl\/ecm-titanium-licencje-subskrypcje-pl\/ecm-titanium-abonament-dla-sum-kontrolnych\/\",\"name\":\"ECM Titanium - abonament dla sum kontrolnych - Chiptuningmarket\",\"isPartOf\":{\"@id\":\"https:\/\/chiptuningmarket.com\/ru\/#website\"},\"primaryImageOfPage\":{\"@id\":\"https:\/\/chiptuningmarket.com\/pl\/shop\/oprogramowanie-2-pl\/licencje-subskrypcje-pl\/ecm-titanium-licencje-subskrypcje-pl\/ecm-titanium-abonament-dla-sum-kontrolnych\/#primaryimage\"},\"image\":{\"@id\":\"https:\/\/chiptuningmarket.com\/pl\/shop\/oprogramowanie-2-pl\/licencje-subskrypcje-pl\/ecm-titanium-licencje-subskrypcje-pl\/ecm-titanium-abonament-dla-sum-kontrolnych\/#primaryimage\"},\"thumbnailUrl\":\"https:\/\/chiptuningmarket.com\/wp-content\/uploads\/2019\/11\/ECM-3.jpg\",\"datePublished\":\"2019-11-04T11:35:46+00:00\",\"dateModified\":\"2022-07-21T07:36:45+00:00\",\"description\":\"ECM Titanium - subscription for checksums. Checksum download will only be available after purchasing the Checksum Package.\",\"breadcrumb\":{\"@id\":\"https:\/\/chiptuningmarket.com\/pl\/shop\/oprogramowanie-2-pl\/licencje-subskrypcje-pl\/ecm-titanium-licencje-subskrypcje-pl\/ecm-titanium-abonament-dla-sum-kontrolnych\/#breadcrumb\"},\"inLanguage\":\"pl-PL\",\"potentialAction\":[{\"@type\":\"ReadAction\",\"target\":[\"https:\/\/chiptuningmarket.com\/pl\/shop\/oprogramowanie-2-pl\/licencje-subskrypcje-pl\/ecm-titanium-licencje-subskrypcje-pl\/ecm-titanium-abonament-dla-sum-kontrolnych\/\"]}]},{\"@type\":\"ImageObject\",\"inLanguage\":\"pl-PL\",\"@id\":\"https:\/\/chiptuningmarket.com\/pl\/shop\/oprogramowanie-2-pl\/licencje-subskrypcje-pl\/ecm-titanium-licencje-subskrypcje-pl\/ecm-titanium-abonament-dla-sum-kontrolnych\/#primaryimage\",\"url\":\"https:\/\/chiptuningmarket.com\/wp-content\/uploads\/2019\/11\/ECM-3.jpg\",\"contentUrl\":\"https:\/\/chiptuningmarket.com\/wp-content\/uploads\/2019\/11\/ECM-3.jpg\",\"width\":449,\"height\":449},{\"@type\":\"BreadcrumbList\",\"@id\":\"https:\/\/chiptuningmarket.com\/pl\/shop\/oprogramowanie-2-pl\/licencje-subskrypcje-pl\/ecm-titanium-licencje-subskrypcje-pl\/ecm-titanium-abonament-dla-sum-kontrolnych\/#breadcrumb\",\"itemListElement\":[{\"@type\":\"ListItem\",\"position\":1,\"name\":\"Home\",\"item\":\"https:\/\/chiptuningmarket.com\/pl\/\"},{\"@type\":\"ListItem\",\"position\":2,\"name\":\"Sklep\",\"item\":\"https:\/\/chiptuningmarket.com\/pl\/shop\/\"},{\"@type\":\"ListItem\",\"position\":3,\"name\":\"ECM Titanium &#8211; abonament dla sum kontrolnych\"}]},{\"@type\":\"WebSite\",\"@id\":\"https:\/\/chiptuningmarket.com\/ru\/#website\",\"url\":\"https:\/\/chiptuningmarket.com\/ru\/\",\"name\":\"Chiptuningmarket\",\"description\":\"Biggest chiptuning shop in Europe\",\"publisher\":{\"@id\":\"https:\/\/chiptuningmarket.com\/ru\/#organization\"},\"alternateName\":\"Worldwide ecu tools supplier\",\"potentialAction\":[{\"@type\":\"SearchAction\",\"target\":{\"@type\":\"EntryPoint\",\"urlTemplate\":\"https:\/\/chiptuningmarket.com\/ru\/?s={search_term_string}\"},\"query-input\":{\"@type\":\"PropertyValueSpecification\",\"valueRequired\":true,\"valueName\":\"search_term_string\"}}],\"inLanguage\":\"pl-PL\"},{\"@type\":\"Organization\",\"@id\":\"https:\/\/chiptuningmarket.com\/ru\/#organization\",\"name\":\"Chiptuningmarket\",\"alternateName\":\"Chiptuning tools supplier\",\"url\":\"https:\/\/chiptuningmarket.com\/ru\/\",\"logo\":{\"@type\":\"ImageObject\",\"inLanguage\":\"pl-PL\",\"@id\":\"https:\/\/chiptuningmarket.com\/ru\/#\/schema\/logo\/image\/\",\"url\":\"https:\/\/chiptuningmarket.com\/wp-content\/uploads\/2023\/05\/logo-ChipTuningMarket-social.png\",\"contentUrl\":\"https:\/\/chiptuningmarket.com\/wp-content\/uploads\/2023\/05\/logo-ChipTuningMarket-social.png\",\"width\":512,\"height\":512,\"caption\":\"Chiptuningmarket\"},\"image\":{\"@id\":\"https:\/\/chiptuningmarket.com\/ru\/#\/schema\/logo\/image\/\"}}]}<\/script>\n<!-- \/ Yoast SEO plugin. -->","yoast_head_json":{"title":"ECM Titanium - abonament dla sum kontrolnych - Chiptuningmarket","description":"ECM Titanium - subscription for checksums. Checksum download will only be available after purchasing the Checksum Package.","robots":{"index":"index","follow":"follow","max-snippet":"max-snippet:-1","max-image-preview":"max-image-preview:large","max-video-preview":"max-video-preview:-1"},"canonical":"https:\/\/chiptuningmarket.com\/pl\/shop\/oprogramowanie-2-pl\/licencje-subskrypcje-pl\/ecm-titanium-licencje-subskrypcje-pl\/ecm-titanium-abonament-dla-sum-kontrolnych\/","og_locale":"pl_PL","og_type":"article","og_title":"ECM Titanium - abonament dla sum kontrolnych - Chiptuningmarket","og_description":"ECM Titanium - subscription for checksums. Checksum download will only be available after purchasing the Checksum Package.","og_url":"https:\/\/chiptuningmarket.com\/pl\/shop\/oprogramowanie-2-pl\/licencje-subskrypcje-pl\/ecm-titanium-licencje-subskrypcje-pl\/ecm-titanium-abonament-dla-sum-kontrolnych\/","og_site_name":"Chiptuningmarket","article_modified_time":"2022-07-21T07:36:45+00:00","og_image":[{"width":449,"height":449,"url":"https:\/\/chiptuningmarket.com\/wp-content\/uploads\/2019\/11\/ECM-3.jpg","type":"image\/jpeg"}],"twitter_card":"summary_large_image","twitter_misc":{"Szacowany czas czytania":"1 minuta"},"schema":{"@context":"https:\/\/schema.org","@graph":[{"@type":"WebPage","@id":"https:\/\/chiptuningmarket.com\/pl\/shop\/oprogramowanie-2-pl\/licencje-subskrypcje-pl\/ecm-titanium-licencje-subskrypcje-pl\/ecm-titanium-abonament-dla-sum-kontrolnych\/","url":"https:\/\/chiptuningmarket.com\/pl\/shop\/oprogramowanie-2-pl\/licencje-subskrypcje-pl\/ecm-titanium-licencje-subskrypcje-pl\/ecm-titanium-abonament-dla-sum-kontrolnych\/","name":"ECM Titanium - abonament dla sum kontrolnych - Chiptuningmarket","isPartOf":{"@id":"https:\/\/chiptuningmarket.com\/ru\/#website"},"primaryImageOfPage":{"@id":"https:\/\/chiptuningmarket.com\/pl\/shop\/oprogramowanie-2-pl\/licencje-subskrypcje-pl\/ecm-titanium-licencje-subskrypcje-pl\/ecm-titanium-abonament-dla-sum-kontrolnych\/#primaryimage"},"image":{"@id":"https:\/\/chiptuningmarket.com\/pl\/shop\/oprogramowanie-2-pl\/licencje-subskrypcje-pl\/ecm-titanium-licencje-subskrypcje-pl\/ecm-titanium-abonament-dla-sum-kontrolnych\/#primaryimage"},"thumbnailUrl":"https:\/\/chiptuningmarket.com\/wp-content\/uploads\/2019\/11\/ECM-3.jpg","datePublished":"2019-11-04T11:35:46+00:00","dateModified":"2022-07-21T07:36:45+00:00","description":"ECM Titanium - subscription for checksums. Checksum download will only be available after purchasing the Checksum Package.","breadcrumb":{"@id":"https:\/\/chiptuningmarket.com\/pl\/shop\/oprogramowanie-2-pl\/licencje-subskrypcje-pl\/ecm-titanium-licencje-subskrypcje-pl\/ecm-titanium-abonament-dla-sum-kontrolnych\/#breadcrumb"},"inLanguage":"pl-PL","potentialAction":[{"@type":"ReadAction","target":["https:\/\/chiptuningmarket.com\/pl\/shop\/oprogramowanie-2-pl\/licencje-subskrypcje-pl\/ecm-titanium-licencje-subskrypcje-pl\/ecm-titanium-abonament-dla-sum-kontrolnych\/"]}]},{"@type":"ImageObject","inLanguage":"pl-PL","@id":"https:\/\/chiptuningmarket.com\/pl\/shop\/oprogramowanie-2-pl\/licencje-subskrypcje-pl\/ecm-titanium-licencje-subskrypcje-pl\/ecm-titanium-abonament-dla-sum-kontrolnych\/#primaryimage","url":"https:\/\/chiptuningmarket.com\/wp-content\/uploads\/2019\/11\/ECM-3.jpg","contentUrl":"https:\/\/chiptuningmarket.com\/wp-content\/uploads\/2019\/11\/ECM-3.jpg","width":449,"height":449},{"@type":"BreadcrumbList","@id":"https:\/\/chiptuningmarket.com\/pl\/shop\/oprogramowanie-2-pl\/licencje-subskrypcje-pl\/ecm-titanium-licencje-subskrypcje-pl\/ecm-titanium-abonament-dla-sum-kontrolnych\/#breadcrumb","itemListElement":[{"@type":"ListItem","position":1,"name":"Home","item":"https:\/\/chiptuningmarket.com\/pl\/"},{"@type":"ListItem","position":2,"name":"Sklep","item":"https:\/\/chiptuningmarket.com\/pl\/shop\/"},{"@type":"ListItem","position":3,"name":"ECM Titanium &#8211; abonament dla sum kontrolnych"}]},{"@type":"WebSite","@id":"https:\/\/chiptuningmarket.com\/ru\/#website","url":"https:\/\/chiptuningmarket.com\/ru\/","name":"Chiptuningmarket","description":"Biggest chiptuning shop in Europe","publisher":{"@id":"https:\/\/chiptuningmarket.com\/ru\/#organization"},"alternateName":"Worldwide ecu tools supplier","potentialAction":[{"@type":"SearchAction","target":{"@type":"EntryPoint","urlTemplate":"https:\/\/chiptuningmarket.com\/ru\/?s={search_term_string}"},"query-input":{"@type":"PropertyValueSpecification","valueRequired":true,"valueName":"search_term_string"}}],"inLanguage":"pl-PL"},{"@type":"Organization","@id":"https:\/\/chiptuningmarket.com\/ru\/#organization","name":"Chiptuningmarket","alternateName":"Chiptuning tools supplier","url":"https:\/\/chiptuningmarket.com\/ru\/","logo":{"@type":"ImageObject","inLanguage":"pl-PL","@id":"https:\/\/chiptuningmarket.com\/ru\/#\/schema\/logo\/image\/","url":"https:\/\/chiptuningmarket.com\/wp-content\/uploads\/2023\/05\/logo-ChipTuningMarket-social.png","contentUrl":"https:\/\/chiptuningmarket.com\/wp-content\/uploads\/2023\/05\/logo-ChipTuningMarket-social.png","width":512,"height":512,"caption":"Chiptuningmarket"},"image":{"@id":"https:\/\/chiptuningmarket.com\/ru\/#\/schema\/logo\/image\/"}}]}},"_links":{"self":[{"href":"https:\/\/chiptuningmarket.com\/pl\/wp-json\/wp\/v2\/product\/18318","targetHints":{"allow":["GET"]}}],"collection":[{"href":"https:\/\/chiptuningmarket.com\/pl\/wp-json\/wp\/v2\/product"}],"about":[{"href":"https:\/\/chiptuningmarket.com\/pl\/wp-json\/wp\/v2\/types\/product"}],"wp:featuredmedia":[{"embeddable":true,"href":"https:\/\/chiptuningmarket.com\/pl\/wp-json\/wp\/v2\/media\/19712"}],"wp:attachment":[{"href":"https:\/\/chiptuningmarket.com\/pl\/wp-json\/wp\/v2\/media?parent=18318"}],"wp:term":[{"taxonomy":"product_brand","embeddable":true,"href":"https:\/\/chiptuningmarket.com\/pl\/wp-json\/wp\/v2\/product_brand?post=18318"},{"taxonomy":"product_cat","embeddable":true,"href":"https:\/\/chiptuningmarket.com\/pl\/wp-json\/wp\/v2\/product_cat?post=18318"},{"taxonomy":"product_tag","embeddable":true,"href":"https:\/\/chiptuningmarket.com\/pl\/wp-json\/wp\/v2\/product_tag?post=18318"}],"curies":[{"name":"wp","href":"https:\/\/api.w.org\/{rel}","templated":true}]}}