{"id":18423,"date":"2020-04-17T12:38:46","date_gmt":"2020-04-17T11:38:46","guid":{"rendered":"https:\/\/chiptuningmarket.com\/product\/emulator-uniwersalny-julie-black\/"},"modified":"2023-09-25T18:52:27","modified_gmt":"2023-09-25T18:52:27","slug":"emulator-uniwersalny-julie-black","status":"publish","type":"product","link":"https:\/\/chiptuningmarket.com\/pl\/shop\/emulatory-pl\/emulator-uniwersalny-julie-black\/","title":{"rendered":"Emulator uniwersalny Julie PRO"},"content":{"rendered":"<p style=\"text-align: center;\"><strong>Julie PRO Emulator<\/strong><\/p>\n<h1 style=\"text-align: center;\"><strong><a href=\"https:\/\/chiptuningmarket.com\/wp-content\/uploads\/2020\/04\/julie-pro-front.png\"><img decoding=\"async\" class=\"aligncenter size-full wp-image-24575\" src=\"https:\/\/chiptuningmarket.com\/wp-content\/uploads\/2020\/04\/julie-pro-front.png\" alt=\"\" width=\"1034\" height=\"1218\" srcset=\"https:\/\/chiptuningmarket.com\/wp-content\/uploads\/2020\/04\/julie-pro-front.png 1034w, https:\/\/chiptuningmarket.com\/wp-content\/uploads\/2020\/04\/julie-pro-front-255x300.png 255w, https:\/\/chiptuningmarket.com\/wp-content\/uploads\/2020\/04\/julie-pro-front-869x1024.png 869w, https:\/\/chiptuningmarket.com\/wp-content\/uploads\/2020\/04\/julie-pro-front-768x905.png 768w, https:\/\/chiptuningmarket.com\/wp-content\/uploads\/2020\/04\/julie-pro-front-600x707.png 600w\" sizes=\"(max-width: 1034px) 100vw, 1034px\" \/><\/a>Nie bez powodu najbardziej popularny emulator na \u015bwiecie<\/strong><\/h1>\n<p><strong>\u00a0<\/strong><\/p>\n<p><strong>\u00a0<\/strong><\/p>\n<p>&nbsp;<\/p>\n<p>Wybierz emulator, kt\u00f3remu zaufa\u0142o tysi\u0105ce mechanik\u00f3w na ca\u0142ym \u015bwiecie.<\/p>\n<p>Poznaj najbardziej uniwersalny i popularny emulator elektroniki samochodowej.<\/p>\n<p><strong>Zaoszcz\u0119d\u017a czas i pieni\u0105dze, dzi\u0119ki emulatorowi, kt\u00f3remu mo\u017cesz zaufa\u0107.<\/strong><\/p>\n<p><strong><a href=\"https:\/\/chiptuningmarket.com\/wp-content\/uploads\/2020\/04\/julie-pro-3d-open.png\"><img decoding=\"async\" class=\"aligncenter size-full wp-image-24572\" src=\"https:\/\/chiptuningmarket.com\/wp-content\/uploads\/2020\/04\/julie-pro-3d-open.png\" alt=\"\" width=\"1920\" height=\"1861\" srcset=\"https:\/\/chiptuningmarket.com\/wp-content\/uploads\/2020\/04\/julie-pro-3d-open.png 1920w, https:\/\/chiptuningmarket.com\/wp-content\/uploads\/2020\/04\/julie-pro-3d-open-300x291.png 300w, https:\/\/chiptuningmarket.com\/wp-content\/uploads\/2020\/04\/julie-pro-3d-open-1024x993.png 1024w, https:\/\/chiptuningmarket.com\/wp-content\/uploads\/2020\/04\/julie-pro-3d-open-768x744.png 768w, https:\/\/chiptuningmarket.com\/wp-content\/uploads\/2020\/04\/julie-pro-3d-open-1536x1489.png 1536w, https:\/\/chiptuningmarket.com\/wp-content\/uploads\/2020\/04\/julie-pro-3d-open-600x582.png 600w\" sizes=\"(max-width: 1920px) 100vw, 1920px\" \/><\/a>\u00a0<\/strong><\/p>\n<p><strong><u>DOWIEDZ SI\u0118 WI\u0118CEJ: <\/u><\/strong><a href=\"https:\/\/carlabimmo.com\/julie\"><strong><u>https:\/\/carlabimmo.com\/julie<\/u><\/strong><\/a><\/p>\n<p><strong><u>INSTRUKCJA OBS\u0141UGI I PE\u0141NA LISTA ECU:<\/u><\/strong><a href=\"https:\/\/carlabimmo.com\/julie-manual\"><strong><u> https:\/\/carlabimmo.com\/julie-manual<\/u><\/strong><\/a><\/p>\n<p><b><u>PREZENTACJA URZ\u0104DZENIA: <a href=\"https:\/\/youtu.be\/b9PD80JuU0Y\">https:\/\/youtu.be\/b9PD80JuU0Y<\/a><\/u><\/b><\/p>\n<p>&nbsp;<\/p>\n<p><strong>IMMOBILIZER &#8211; <\/strong><strong>ZAST\u0118PYWANIE SYGNA\u0141U<\/strong><\/p>\n<p>Uszkodzony immobilizer lub ECU, zgubione klucze, zamiana silnika &#8211; mo\u017cesz rozwi\u0105za\u0107 wszystkie te i wiele innych problem\u00f3w przy pomocy Emulatora Julie. Julie zast\u0119puje oryginalny sygna\u0142 emulatora i dop\u00f3ki jest wpi\u0119ty w ECU, tw\u00f3j system jest pod dobr\u0105 opiek\u0105.<\/p>\n<p>&nbsp;<\/p>\n<p><strong>NAPRAWA ESL \/ ELV<\/strong><\/p>\n<p>Damaged Electronic Steering Column Lock (ESL\/ELV) is a common fault, the repair of which can cost hundreds of euros. Luckily, there&#8217;s Julie Emulator! By installing it in the place of the damaged ESL, you replace its signal and save a great deal of time and money.<\/p>\n<p>Uszkodzenia ESL\/ELV to cz\u0119sty problem, kt\u00f3rego koszty naprawy cz\u0119sto si\u0119gaj\u0105 tysi\u0105com z\u0142otych. Na szcz\u0119\u015bcie, istnieje emulator Julie. Instaluj\u0105c go w miejsce uszkodzonego ESL, zast\u0105pisz jego sygna\u0142, zaoszcz\u0119dzaj\u0105c du\u017co czasu i pieni\u0119dzy.<\/p>\n<p>&nbsp;<\/p>\n<p><b>SYMULACJA CZUJNIKA OBECNO\u015a\u0106I PASA\u017bERA<\/b><\/p>\n<p>Lampka &#8220;b\u0142\u0105d poduszki powietrznej&#8217; zapalaj\u0105ca si\u0119 na desce rozdzielczej pojazdu to cz\u0119sty symptom rozdartego siedzenia pasa\u017cera, jednak gdy nie jest to pow\u00f3d problemu, z pomoc\u0105 przychodzi emulator Julie. Nie marnuj czasu i zdiagnozuj system przy pomocy Julie. Pod\u0142\u0105cz urz\u0105dzenie do czujnika obecno\u015b\u0107i pasa\u017cera i sprawd\u017a czy b\u0142\u0105d zniknie.<\/p>\n<p>&nbsp;<\/p>\n<p><b>TESTOWANIE TACHO<\/b><\/p>\n<p>Emulator Julie potrafi r\u00f3wnie\u017c symulowa\u0107 sygna\u0142y, kt\u00f3re nadaje zwykle pracuj\u0105cy samoch\u00f3d, co pozwoli Ci okre\u015bli\u0107 czy dana cz\u0119\u015b\u0107 wsp\u00f3\u0142pracuje poprawnie z pojazdem, zanim zainstaluj j\u0105 w aucie.<\/p>\n<p>&nbsp;<\/p>\n<p>\u2014\u2014\u2014\u2014\u2014\u2014\u2014\u2014\u2014\u2014\u2014\u2014\u2014\u2014<\/p>\n<p>&nbsp;<\/p>\n<p><strong>JAKO\u015a\u0106<\/strong><\/p>\n<p>Przy tworzeniu emulatora dbano o to, by by\u0142 wysokiej jako\u015b\u0107i i bezawaryjny, bior\u0105c pod uwag\u0119 to, aby by\u0142 r\u00f3wnie\u017c wytrzyma\u0142y i \u0142atwy w obs\u0142udze<\/p>\n<p>&nbsp;<\/p>\n<p><strong>TESTOWANE TRZYKROTNIE<\/strong><\/p>\n<p>Poprawne funkcjonowanie emulatora sprawdzane jest przynajmniej 3 razy podczas produkcji.<\/p>\n<p><strong>BEZAWARYJNY<\/strong><\/p>\n<p>You can be 100% sure that every emulator that leaves our company is working correctly and ready for tough work!<\/p>\n<p>Mo\u017cesz by\u0107 w 100% pewny, \u017ce emulator, kt\u00f3ry od nas dostaniesz dzia\u0142a poprawnie i jest gotowy do u\u017cytku.<\/p>\n<p>&nbsp;<\/p>\n","protected":false},"excerpt":{"rendered":"<p>Emulator uniwersalny IMMO, ESL\/ELV, AIRBAG, TACHO<\/p>\n<p><strong>Wersja urz\u0105dzenia v.117<\/strong><\/p>\n","protected":false},"featured_media":24570,"template":"","meta":{"_monsterinsights_skip_tracking":false,"_monsterinsights_sitenote_active":false,"_monsterinsights_sitenote_note":"","_monsterinsights_sitenote_category":0},"product_brand":[],"product_cat":[5063],"product_tag":[2395,2726,2727,2728,2729,2730,2762,2432],"class_list":{"0":"post-18423","1":"product","2":"type-product","3":"status-publish","4":"has-post-thumbnail","6":"product_cat-emulatory-pl","7":"product_tag-emulator-pl","8":"product_tag-emulator-airbag-pl","9":"product_tag-emulator-elv-pl","10":"product_tag-emulator-esl-pl","11":"product_tag-emulator-immo-pl","12":"product_tag-emulator-universal-pl","13":"product_tag-immo-off-pl","14":"product_tag-julie-black-pl","15":"product_shipping_class-zwykla-pl","17":"first","18":"instock","19":"taxable","20":"shipping-taxable","21":"purchasable","22":"product-type-simple"},"yoast_head":"<!-- This site is optimized with the Yoast SEO plugin v25.2 - https:\/\/yoast.com\/wordpress\/plugins\/seo\/ -->\n<title>Emulator uniwersalny Julie PRO - Chiptuningmarket<\/title>\n<meta name=\"description\" content=\"Universal emulator Julie Black IMMO, ESL\/ELV, AIRBAG, TACHO - 104 programs. Unlimited use- Quick and simple program selection\" \/>\n<meta name=\"robots\" content=\"index, follow, max-snippet:-1, max-image-preview:large, max-video-preview:-1\" \/>\n<link rel=\"canonical\" href=\"https:\/\/chiptuningmarket.com\/pl\/shop\/emulatory-pl\/emulator-uniwersalny-julie-black\/\" \/>\n<meta property=\"og:locale\" content=\"pl_PL\" \/>\n<meta property=\"og:type\" content=\"article\" \/>\n<meta property=\"og:title\" content=\"Emulator uniwersalny Julie PRO - Chiptuningmarket\" \/>\n<meta property=\"og:description\" content=\"Universal emulator Julie Black IMMO, ESL\/ELV, AIRBAG, TACHO - 104 programs. Unlimited use- Quick and simple program selection\" \/>\n<meta property=\"og:url\" content=\"https:\/\/chiptuningmarket.com\/pl\/shop\/emulatory-pl\/emulator-uniwersalny-julie-black\/\" \/>\n<meta property=\"og:site_name\" content=\"Chiptuningmarket\" \/>\n<meta property=\"article:modified_time\" content=\"2023-09-25T18:52:27+00:00\" \/>\n<meta property=\"og:image\" content=\"https:\/\/chiptuningmarket.com\/wp-content\/uploads\/2020\/04\/julie-pro-3d-closed.png\" \/>\n\t<meta property=\"og:image:width\" content=\"1500\" \/>\n\t<meta property=\"og:image:height\" content=\"1885\" \/>\n\t<meta property=\"og:image:type\" content=\"image\/png\" \/>\n<meta name=\"twitter:card\" content=\"summary_large_image\" \/>\n<meta name=\"twitter:label1\" content=\"Szacowany czas czytania\" \/>\n\t<meta name=\"twitter:data1\" content=\"2 minuty\" \/>\n<script type=\"application\/ld+json\" class=\"yoast-schema-graph\">{\"@context\":\"https:\/\/schema.org\",\"@graph\":[{\"@type\":\"WebPage\",\"@id\":\"https:\/\/chiptuningmarket.com\/pl\/shop\/emulatory-pl\/emulator-uniwersalny-julie-black\/\",\"url\":\"https:\/\/chiptuningmarket.com\/pl\/shop\/emulatory-pl\/emulator-uniwersalny-julie-black\/\",\"name\":\"Emulator uniwersalny Julie PRO - Chiptuningmarket\",\"isPartOf\":{\"@id\":\"https:\/\/chiptuningmarket.com\/ru\/#website\"},\"primaryImageOfPage\":{\"@id\":\"https:\/\/chiptuningmarket.com\/pl\/shop\/emulatory-pl\/emulator-uniwersalny-julie-black\/#primaryimage\"},\"image\":{\"@id\":\"https:\/\/chiptuningmarket.com\/pl\/shop\/emulatory-pl\/emulator-uniwersalny-julie-black\/#primaryimage\"},\"thumbnailUrl\":\"https:\/\/chiptuningmarket.com\/wp-content\/uploads\/2020\/04\/julie-pro-3d-closed.png\",\"datePublished\":\"2020-04-17T11:38:46+00:00\",\"dateModified\":\"2023-09-25T18:52:27+00:00\",\"description\":\"Universal emulator Julie Black IMMO, ESL\/ELV, AIRBAG, TACHO - 104 programs. Unlimited use- Quick and simple program selection\",\"breadcrumb\":{\"@id\":\"https:\/\/chiptuningmarket.com\/pl\/shop\/emulatory-pl\/emulator-uniwersalny-julie-black\/#breadcrumb\"},\"inLanguage\":\"pl-PL\",\"potentialAction\":[{\"@type\":\"ReadAction\",\"target\":[\"https:\/\/chiptuningmarket.com\/pl\/shop\/emulatory-pl\/emulator-uniwersalny-julie-black\/\"]}]},{\"@type\":\"ImageObject\",\"inLanguage\":\"pl-PL\",\"@id\":\"https:\/\/chiptuningmarket.com\/pl\/shop\/emulatory-pl\/emulator-uniwersalny-julie-black\/#primaryimage\",\"url\":\"https:\/\/chiptuningmarket.com\/wp-content\/uploads\/2020\/04\/julie-pro-3d-closed.png\",\"contentUrl\":\"https:\/\/chiptuningmarket.com\/wp-content\/uploads\/2020\/04\/julie-pro-3d-closed.png\",\"width\":1500,\"height\":1885},{\"@type\":\"BreadcrumbList\",\"@id\":\"https:\/\/chiptuningmarket.com\/pl\/shop\/emulatory-pl\/emulator-uniwersalny-julie-black\/#breadcrumb\",\"itemListElement\":[{\"@type\":\"ListItem\",\"position\":1,\"name\":\"Home\",\"item\":\"https:\/\/chiptuningmarket.com\/pl\/\"},{\"@type\":\"ListItem\",\"position\":2,\"name\":\"Sklep\",\"item\":\"https:\/\/chiptuningmarket.com\/pl\/shop\/\"},{\"@type\":\"ListItem\",\"position\":3,\"name\":\"Emulator uniwersalny Julie PRO\"}]},{\"@type\":\"WebSite\",\"@id\":\"https:\/\/chiptuningmarket.com\/ru\/#website\",\"url\":\"https:\/\/chiptuningmarket.com\/ru\/\",\"name\":\"Chiptuningmarket\",\"description\":\"Biggest chiptuning shop in Europe\",\"publisher\":{\"@id\":\"https:\/\/chiptuningmarket.com\/ru\/#organization\"},\"alternateName\":\"Worldwide ecu tools supplier\",\"potentialAction\":[{\"@type\":\"SearchAction\",\"target\":{\"@type\":\"EntryPoint\",\"urlTemplate\":\"https:\/\/chiptuningmarket.com\/ru\/?s={search_term_string}\"},\"query-input\":{\"@type\":\"PropertyValueSpecification\",\"valueRequired\":true,\"valueName\":\"search_term_string\"}}],\"inLanguage\":\"pl-PL\"},{\"@type\":\"Organization\",\"@id\":\"https:\/\/chiptuningmarket.com\/ru\/#organization\",\"name\":\"Chiptuningmarket\",\"alternateName\":\"Chiptuning tools supplier\",\"url\":\"https:\/\/chiptuningmarket.com\/ru\/\",\"logo\":{\"@type\":\"ImageObject\",\"inLanguage\":\"pl-PL\",\"@id\":\"https:\/\/chiptuningmarket.com\/ru\/#\/schema\/logo\/image\/\",\"url\":\"https:\/\/chiptuningmarket.com\/wp-content\/uploads\/2023\/05\/logo-ChipTuningMarket-social.png\",\"contentUrl\":\"https:\/\/chiptuningmarket.com\/wp-content\/uploads\/2023\/05\/logo-ChipTuningMarket-social.png\",\"width\":512,\"height\":512,\"caption\":\"Chiptuningmarket\"},\"image\":{\"@id\":\"https:\/\/chiptuningmarket.com\/ru\/#\/schema\/logo\/image\/\"}}]}<\/script>\n<!-- \/ Yoast SEO plugin. -->","yoast_head_json":{"title":"Emulator uniwersalny Julie PRO - Chiptuningmarket","description":"Universal emulator Julie Black IMMO, ESL\/ELV, AIRBAG, TACHO - 104 programs. Unlimited use- Quick and simple program selection","robots":{"index":"index","follow":"follow","max-snippet":"max-snippet:-1","max-image-preview":"max-image-preview:large","max-video-preview":"max-video-preview:-1"},"canonical":"https:\/\/chiptuningmarket.com\/pl\/shop\/emulatory-pl\/emulator-uniwersalny-julie-black\/","og_locale":"pl_PL","og_type":"article","og_title":"Emulator uniwersalny Julie PRO - Chiptuningmarket","og_description":"Universal emulator Julie Black IMMO, ESL\/ELV, AIRBAG, TACHO - 104 programs. Unlimited use- Quick and simple program selection","og_url":"https:\/\/chiptuningmarket.com\/pl\/shop\/emulatory-pl\/emulator-uniwersalny-julie-black\/","og_site_name":"Chiptuningmarket","article_modified_time":"2023-09-25T18:52:27+00:00","og_image":[{"width":1500,"height":1885,"url":"https:\/\/chiptuningmarket.com\/wp-content\/uploads\/2020\/04\/julie-pro-3d-closed.png","type":"image\/png"}],"twitter_card":"summary_large_image","twitter_misc":{"Szacowany czas czytania":"2 minuty"},"schema":{"@context":"https:\/\/schema.org","@graph":[{"@type":"WebPage","@id":"https:\/\/chiptuningmarket.com\/pl\/shop\/emulatory-pl\/emulator-uniwersalny-julie-black\/","url":"https:\/\/chiptuningmarket.com\/pl\/shop\/emulatory-pl\/emulator-uniwersalny-julie-black\/","name":"Emulator uniwersalny Julie PRO - Chiptuningmarket","isPartOf":{"@id":"https:\/\/chiptuningmarket.com\/ru\/#website"},"primaryImageOfPage":{"@id":"https:\/\/chiptuningmarket.com\/pl\/shop\/emulatory-pl\/emulator-uniwersalny-julie-black\/#primaryimage"},"image":{"@id":"https:\/\/chiptuningmarket.com\/pl\/shop\/emulatory-pl\/emulator-uniwersalny-julie-black\/#primaryimage"},"thumbnailUrl":"https:\/\/chiptuningmarket.com\/wp-content\/uploads\/2020\/04\/julie-pro-3d-closed.png","datePublished":"2020-04-17T11:38:46+00:00","dateModified":"2023-09-25T18:52:27+00:00","description":"Universal emulator Julie Black IMMO, ESL\/ELV, AIRBAG, TACHO - 104 programs. Unlimited use- Quick and simple program selection","breadcrumb":{"@id":"https:\/\/chiptuningmarket.com\/pl\/shop\/emulatory-pl\/emulator-uniwersalny-julie-black\/#breadcrumb"},"inLanguage":"pl-PL","potentialAction":[{"@type":"ReadAction","target":["https:\/\/chiptuningmarket.com\/pl\/shop\/emulatory-pl\/emulator-uniwersalny-julie-black\/"]}]},{"@type":"ImageObject","inLanguage":"pl-PL","@id":"https:\/\/chiptuningmarket.com\/pl\/shop\/emulatory-pl\/emulator-uniwersalny-julie-black\/#primaryimage","url":"https:\/\/chiptuningmarket.com\/wp-content\/uploads\/2020\/04\/julie-pro-3d-closed.png","contentUrl":"https:\/\/chiptuningmarket.com\/wp-content\/uploads\/2020\/04\/julie-pro-3d-closed.png","width":1500,"height":1885},{"@type":"BreadcrumbList","@id":"https:\/\/chiptuningmarket.com\/pl\/shop\/emulatory-pl\/emulator-uniwersalny-julie-black\/#breadcrumb","itemListElement":[{"@type":"ListItem","position":1,"name":"Home","item":"https:\/\/chiptuningmarket.com\/pl\/"},{"@type":"ListItem","position":2,"name":"Sklep","item":"https:\/\/chiptuningmarket.com\/pl\/shop\/"},{"@type":"ListItem","position":3,"name":"Emulator uniwersalny Julie PRO"}]},{"@type":"WebSite","@id":"https:\/\/chiptuningmarket.com\/ru\/#website","url":"https:\/\/chiptuningmarket.com\/ru\/","name":"Chiptuningmarket","description":"Biggest chiptuning shop in Europe","publisher":{"@id":"https:\/\/chiptuningmarket.com\/ru\/#organization"},"alternateName":"Worldwide ecu tools supplier","potentialAction":[{"@type":"SearchAction","target":{"@type":"EntryPoint","urlTemplate":"https:\/\/chiptuningmarket.com\/ru\/?s={search_term_string}"},"query-input":{"@type":"PropertyValueSpecification","valueRequired":true,"valueName":"search_term_string"}}],"inLanguage":"pl-PL"},{"@type":"Organization","@id":"https:\/\/chiptuningmarket.com\/ru\/#organization","name":"Chiptuningmarket","alternateName":"Chiptuning tools supplier","url":"https:\/\/chiptuningmarket.com\/ru\/","logo":{"@type":"ImageObject","inLanguage":"pl-PL","@id":"https:\/\/chiptuningmarket.com\/ru\/#\/schema\/logo\/image\/","url":"https:\/\/chiptuningmarket.com\/wp-content\/uploads\/2023\/05\/logo-ChipTuningMarket-social.png","contentUrl":"https:\/\/chiptuningmarket.com\/wp-content\/uploads\/2023\/05\/logo-ChipTuningMarket-social.png","width":512,"height":512,"caption":"Chiptuningmarket"},"image":{"@id":"https:\/\/chiptuningmarket.com\/ru\/#\/schema\/logo\/image\/"}}]}},"_links":{"self":[{"href":"https:\/\/chiptuningmarket.com\/pl\/wp-json\/wp\/v2\/product\/18423","targetHints":{"allow":["GET"]}}],"collection":[{"href":"https:\/\/chiptuningmarket.com\/pl\/wp-json\/wp\/v2\/product"}],"about":[{"href":"https:\/\/chiptuningmarket.com\/pl\/wp-json\/wp\/v2\/types\/product"}],"wp:featuredmedia":[{"embeddable":true,"href":"https:\/\/chiptuningmarket.com\/pl\/wp-json\/wp\/v2\/media\/24570"}],"wp:attachment":[{"href":"https:\/\/chiptuningmarket.com\/pl\/wp-json\/wp\/v2\/media?parent=18423"}],"wp:term":[{"taxonomy":"product_brand","embeddable":true,"href":"https:\/\/chiptuningmarket.com\/pl\/wp-json\/wp\/v2\/product_brand?post=18423"},{"taxonomy":"product_cat","embeddable":true,"href":"https:\/\/chiptuningmarket.com\/pl\/wp-json\/wp\/v2\/product_cat?post=18423"},{"taxonomy":"product_tag","embeddable":true,"href":"https:\/\/chiptuningmarket.com\/pl\/wp-json\/wp\/v2\/product_tag?post=18423"}],"curies":[{"name":"wp","href":"https:\/\/api.w.org\/{rel}","templated":true}]}}