{"id":18503,"date":"2020-05-29T12:12:53","date_gmt":"2020-05-29T12:12:53","guid":{"rendered":"https:\/\/chiptuningmarket.com\/product\/programator-vvdi-2\/"},"modified":"2022-01-08T16:36:50","modified_gmt":"2022-01-08T16:36:50","slug":"programator-vvdi-2","status":"publish","type":"product","link":"https:\/\/chiptuningmarket.com\/pl\/shop\/programatory-pl\/programatory-uniwersalne-pl\/programator-vvdi-2\/","title":{"rendered":"Programator VVDI 2"},"content":{"rendered":"<h3><img decoding=\"async\" class=\"aligncenter wp-image-14429 size-full\" src=\"https:\/\/ms-group.pl\/wp-content\/uploads\/2020\/05\/big_VVDI2-side2-XhorsePolska-SOTE.jpg\" alt=\"\" width=\"1000\" height=\"1000\" \/><\/h3>\n<h3>Programator VVDI 2 to urz\u0105dzenie diagnostyczne posiadaj\u0105ce nast\u0119puj\u0105ce funkcje:<\/h3>\n<ul>\n<li>Obs\u0142uga grupy VAG ( diagnostyka , funkcje specjalne &#8211; immo 1, immo 2, immo 3,\u00a0 4 i immo 5 , CS, PIN, MAC, edytor EDC17\/MED17, edytor BCM2, adaptacja blokad PG35, programowanie kluczy smart key, wszystkie klucze zagubione Audi A6\/A7\/A8\/Tuareg-immo5 ). Funkcje prowadzone- adaptacje czujnik\u00f3w, kodowanie, TV-free, Programowanie kluczy po OBD-BCM2, EZS ( Audi a6\/q7 ).<\/li>\n<li>Obs\u0142uga BMW ( naprawa CAS po nieudanym flashowaniu, obs\u0142uga kluczy w\u0142\u0105cznie z CAS 4 na XEP100- r\u00f3wnie\u017c po OBD, kodowanie modu\u0142\u00f3w, odblokowywanie kluczy na podstawie pliku z CAS, odczytywanie ISN, przenoszenie kluczy pomi\u0119dzy CAS-ami, edycja ), Dopisywanie kluczy w BMW na FEM oraz BDC (od 24.08.2017), blokowanie oraz usuwanie kluczy w FEM\/BDC<\/li>\n<li>Obs\u0142uga Porsche ( programowanie kluczy Panamera, Macan, Cayenne, keyless i bez keyless)<\/li>\n<li>Obs\u0142uga grupy PSA ( w tej chwili odczyt PIN i programowanie kluczy)<\/li>\n<li>Programator VVDI 2 pozwala r\u00f3wnie\u017c na programowanie transponder\u00f3w wi\u0119kszo\u015bci marek z pliku ( przygotowanie, odblokowanie, kopiowanie transponder\u00f3w) mi\u0119dzy innymi BMW CAS3 , Mercedes Atego, RangeRover na PIC<\/li>\n<li>Obs\u0142uga Passthru<\/li>\n<li>Wbudowana antena do programowania transponder\u00f3w z miejscami na ma\u0142e w\u0119glowe i szklane.<\/li>\n<li>Tester cz\u0119stotliwo\u015bci pilot\u00f3w wbudowany w urz\u0105dzenie ( odczyt pomiaru bezpo\u015brednio na wy\u015bwietlaczu LCD)<\/li>\n<li>Programator dodatkowo wyposa\u017cony jest w zgrabn\u0105 walizk\u0119 do przechowywania urz\u0105dzenia wraz z przewodami (walizka dost\u0119pna jest od 10\/05\/2017)<\/li>\n<li>Brak op\u0142at abonamentowych<\/li>\n<li>Bardzo cz\u0119ste aktualizacje<\/li>\n<\/ul>\n<p>Opisane powy\u017cej funkcje nie wyczerpuj\u0105 mo\u017cliwo\u015bci urz\u0105dzenia. Jest to tylko zarys mo\u017cliwo\u015bci.<\/p>\n<p><img decoding=\"async\" class=\"aligncenter wp-image-14430 size-full\" src=\"https:\/\/ms-group.pl\/wp-content\/uploads\/2020\/05\/big_OBD-cable-XhorsePolska-SOTE-1.jpg\" alt=\"\" width=\"1000\" height=\"1000\" \/><\/p>\n<p>Co zawieraj\u0105 poszczeg\u00f3lne wersje ?<\/p>\n<h3>Wersja Basic:<\/h3>\n<ul>\n<li>Transpondery z pliku<\/li>\n<li>Narz\u0119dzia do transponder\u00f3w ( odczyt\/zapis\/edycja)<\/li>\n<li>Passthru<\/li>\n<li>PSA odczyt PIN oraz programowanie kluczy<\/li>\n<li>Programowanie pilot\u00f3w uniwersalnych Xhorse<\/li>\n<li>Klonowanie pilot\u00f3w<\/li>\n<\/ul>\n<h3>Wersja VAG IMMO 4:<\/h3>\n<ul>\n<li>Wszystko to co w wersji Basic<\/li>\n<li>Immo 4 ( licencja obejmuje wszystkie funkcje wykorzystywane w immo4 tj. klucze\/liczniki\/adaptacje itp.)<\/li>\n<li>Diagnostyka OBD 2, funkcje prowadzone, adaptacje, nastawy podstawowe, programowanie sterownik\u00f3w .sgo .frf itd.<\/li>\n<\/ul>\n<h3>Wersja VAG IMMO 4 IMMO 5<\/h3>\n<ul>\n<li>Wszystko to co w wersji VAG IMMO 4<\/li>\n<li>Immo 5 ( licencja obejmuje wszystkie funkcje wykorzystywane w immo 5 np. BCM 2, Liczniki MQB, edc17&#8230;<\/li>\n<li>Programowanie kluczy w Samochodach marki Porsche<\/li>\n<\/ul>\n<h3>Wersja VAG FULL<\/h3>\n<ul>\n<li>Wszystko to co w IMMO 4 oraz IMMO 5<\/li>\n<li>Licencja kopiowania transponder\u00f3w ID 48 VAG (<a title=\"Data collector\" href=\"https:\/\/xhorsepolska.pl\/data-collector-vvdi-2-kopiowanie-id48.html\" target=\"_blank\" rel=\"nofollow noopener noreferrer\">wymagany Data collector<\/a>)<\/li>\n<li>Licencja kopiowania transponder\u00f3w ID 48 96 bit &#8211; umo\u017cliwia dost\u0119p do platformy MQB (programowanie kluczy)<\/li>\n<\/ul>\n<h3>Wersja BMW OBD<\/h3>\n<ul>\n<li>BMW OBD (licencja obejmuje klucze , przebiegi, kodowanie, naprawa, \u0142\u0105cznie z CAS3 , odczyt ISN\u00f3w z du\u017cej ilo\u015bci modeli sterownik\u00f3w)<\/li>\n<\/ul>\n<h3>Wersja BMW OBD CAS 4, CAS 4<\/h3>\n<ul>\n<li>Wszystko to co w wersji BMW OBD<\/li>\n<li>BMW CAS 4, 4 ( programowanie kluczy, edycja )- CAS 4 i 4 na XEP100 obs\u0142uga po OBD !!! (funkcja dost\u0119pna od 20\/08\/2019)<\/li>\n<\/ul>\n<h3>Wersja BMW OBD FEM\/BDC<\/h3>\n<ul>\n<li>Wszystko to co w wersji BMW OBD<\/li>\n<li>BMW FEM\/BDC ( programowanie kluczy, edycja, kodowanie, wymiana )<\/li>\n<\/ul>\n<h3>Wersja BMW FULL<\/h3>\n<ul>\n<li>Wszystko to co w wersji BMW OBD, CAS 4, CAS 4 oraz\u00a0FEM\/BDC<\/li>\n<\/ul>\n<h3>Wersja FULL<\/h3>\n<ul>\n<li>VAG IMMO 4<\/li>\n<li>VAG IMMO 5<\/li>\n<li>COPY 48 VAG (<a title=\"Data collector\" href=\"https:\/\/xhorsepolska.pl\/data-collector-vvdi-2-kopiowanie-id48.html\" target=\"_blank\" rel=\"nofollow noopener noreferrer\">wymagany data collector<\/a>)<\/li>\n<li>ID48 96 bit transponder copy (w tym licencja na klucze MQB)<\/li>\n<li>BMW OBD<\/li>\n<li>BMW CAS 4, CAS 4 (r\u00f3wnie\u017c po OBD)<\/li>\n<li>BMW FEM\/BDC<\/li>\n<\/ul>\n<p>&nbsp;<\/p>\n<h3>Poni\u017cej film prezentuj\u0105cy procedur\u0119 odczytu z wykorzystaniem programatora VVDI 2:<\/h3>\n<p><iframe title=\"Jak odczyta\u0107 eeprom z EZS AUDI przez OBD-VVDI 2-Xhorse Polska\" width=\"1170\" height=\"878\" src=\"https:\/\/www.youtube.com\/embed\/UKk6U7Ch9ZE?feature=oembed\" frameborder=\"0\" allow=\"accelerometer; autoplay; clipboard-write; encrypted-media; gyroscope; picture-in-picture\" allowfullscreen><\/iframe><\/p>\n<p>&nbsp;<\/p>\n<h3>Programator VVDI 2 posiada licencje na ka\u017cd\u0105 z marek. Przed zakupem prosz\u0119 upewnij si\u0119 jak\u0105 licencj\u0119 chcesz zakupi\u0107.<\/h3>\n<p><strong>Pobierz oprogramowanie:<\/strong><\/p>\n<ul>\n<li><strong><a title=\"Oprogramowanie dla VVDI MB TOOL\" href=\"https:\/\/xhorsepolska-download.pl\/VVDI 2\/\" target=\"_blank\" rel=\"nofollow noopener noreferrer\">VVDI 2 software (aktualizacja oprogramowania)<\/a><\/strong><\/li>\n<li><strong><a title=\"Xhorse Upgrade Kit\" href=\"https:\/\/xhorsepolska-download.pl\/XHORSE UPGRADE KIT\/\" target=\"_blank\" rel=\"nofollow noopener noreferrer\">Xhorse Upgrade Kit (aktualizacja firmware)<\/a><\/strong><\/li>\n<\/ul>\n<p>W sprzeda\u017cy posiadamy r\u00f3wnie\u017c ta\u0144sze programatory VVDI :<\/p>\n<p><a style=\"color: blue\" href=\"https:\/\/chiptuningmarket.com\/product\/programator-vvdi-prog\/\">Programator VVDI PROG<\/a><\/p>\n<p><a style=\"color: blue\" href=\"https:\/\/chiptuningmarket.com\/product\/programator-vvdi-bmw-tool\/\">Programator VVDI BMW TOOL<\/a><\/p>\n","protected":false},"excerpt":{"rendered":"<p>Urz\u0105dzenie obs\u0142uguj\u0105ce wiele marek, skonfiguruj samodzielnie kt\u00f3rej wersji potrzebujesz.<\/p>\n","protected":false},"featured_media":17528,"template":"","meta":{"_monsterinsights_skip_tracking":false,"_monsterinsights_sitenote_active":false,"_monsterinsights_sitenote_note":"","_monsterinsights_sitenote_category":0},"product_brand":[],"product_cat":[5065],"product_tag":[2805,2822,2839,2838,1695,2625,2266],"class_list":{"0":"post-18503","1":"product","2":"type-product","3":"status-publish","4":"has-post-thumbnail","6":"product_cat-programatory-uniwersalne-pl","7":"product_tag-programmer-bmw-pl","8":"product_tag-programmer-vag-pl","9":"product_tag-programming-keys-porsche-pl","10":"product_tag-programming-keys-psa-pl","11":"product_tag-vvdi-2-pl","12":"product_tag-xdv2f1en-pl","13":"product_tag-xhorse-vvdi2-pl","14":"product_shipping_class-zwykla-pl","16":"first","17":"outofstock","18":"taxable","19":"shipping-taxable","20":"purchasable","21":"product-type-simple"},"yoast_head":"<!-- This site is optimized with the Yoast SEO plugin v25.2 - https:\/\/yoast.com\/wordpress\/plugins\/seo\/ -->\n<title>Programator VVDI 2 - Chiptuningmarket<\/title>\n<meta name=\"description\" content=\"The VVDI 2 programmer allows you to read \/ write the memory of electronic modules in vehicles of the VAG group, BMW, PSA, Porsche, as well as coding\" \/>\n<meta name=\"robots\" content=\"index, follow, max-snippet:-1, max-image-preview:large, max-video-preview:-1\" \/>\n<link rel=\"canonical\" href=\"https:\/\/chiptuningmarket.com\/pl\/shop\/programatory-pl\/programatory-uniwersalne-pl\/programator-vvdi-2\/\" \/>\n<meta property=\"og:locale\" content=\"pl_PL\" \/>\n<meta property=\"og:type\" content=\"article\" \/>\n<meta property=\"og:title\" content=\"Programator VVDI 2 - Chiptuningmarket\" \/>\n<meta property=\"og:description\" content=\"The VVDI 2 programmer allows you to read \/ write the memory of electronic modules in vehicles of the VAG group, BMW, PSA, Porsche, as well as coding\" \/>\n<meta property=\"og:url\" content=\"https:\/\/chiptuningmarket.com\/pl\/shop\/programatory-pl\/programatory-uniwersalne-pl\/programator-vvdi-2\/\" \/>\n<meta property=\"og:site_name\" content=\"Chiptuningmarket\" \/>\n<meta property=\"article:modified_time\" content=\"2022-01-08T16:36:50+00:00\" \/>\n<meta property=\"og:image\" content=\"https:\/\/chiptuningmarket.com\/wp-content\/uploads\/2021\/10\/big_VVDI2-front-XhorsePolska-SOTE.jpg\" \/>\n\t<meta property=\"og:image:width\" content=\"1000\" \/>\n\t<meta property=\"og:image:height\" content=\"1000\" \/>\n\t<meta property=\"og:image:type\" content=\"image\/jpeg\" \/>\n<meta name=\"twitter:card\" content=\"summary_large_image\" \/>\n<meta name=\"twitter:label1\" content=\"Szacowany czas czytania\" \/>\n\t<meta name=\"twitter:data1\" content=\"3 minuty\" \/>\n<script type=\"application\/ld+json\" class=\"yoast-schema-graph\">{\"@context\":\"https:\/\/schema.org\",\"@graph\":[{\"@type\":\"WebPage\",\"@id\":\"https:\/\/chiptuningmarket.com\/pl\/shop\/programatory-pl\/programatory-uniwersalne-pl\/programator-vvdi-2\/\",\"url\":\"https:\/\/chiptuningmarket.com\/pl\/shop\/programatory-pl\/programatory-uniwersalne-pl\/programator-vvdi-2\/\",\"name\":\"Programator VVDI 2 - Chiptuningmarket\",\"isPartOf\":{\"@id\":\"https:\/\/chiptuningmarket.com\/ru\/#website\"},\"primaryImageOfPage\":{\"@id\":\"https:\/\/chiptuningmarket.com\/pl\/shop\/programatory-pl\/programatory-uniwersalne-pl\/programator-vvdi-2\/#primaryimage\"},\"image\":{\"@id\":\"https:\/\/chiptuningmarket.com\/pl\/shop\/programatory-pl\/programatory-uniwersalne-pl\/programator-vvdi-2\/#primaryimage\"},\"thumbnailUrl\":\"https:\/\/chiptuningmarket.com\/wp-content\/uploads\/2021\/10\/big_VVDI2-front-XhorsePolska-SOTE.jpg\",\"datePublished\":\"2020-05-29T12:12:53+00:00\",\"dateModified\":\"2022-01-08T16:36:50+00:00\",\"description\":\"The VVDI 2 programmer allows you to read \/ write the memory of electronic modules in vehicles of the VAG group, BMW, PSA, Porsche, as well as coding\",\"breadcrumb\":{\"@id\":\"https:\/\/chiptuningmarket.com\/pl\/shop\/programatory-pl\/programatory-uniwersalne-pl\/programator-vvdi-2\/#breadcrumb\"},\"inLanguage\":\"pl-PL\",\"potentialAction\":[{\"@type\":\"ReadAction\",\"target\":[\"https:\/\/chiptuningmarket.com\/pl\/shop\/programatory-pl\/programatory-uniwersalne-pl\/programator-vvdi-2\/\"]}]},{\"@type\":\"ImageObject\",\"inLanguage\":\"pl-PL\",\"@id\":\"https:\/\/chiptuningmarket.com\/pl\/shop\/programatory-pl\/programatory-uniwersalne-pl\/programator-vvdi-2\/#primaryimage\",\"url\":\"https:\/\/chiptuningmarket.com\/wp-content\/uploads\/2021\/10\/big_VVDI2-front-XhorsePolska-SOTE.jpg\",\"contentUrl\":\"https:\/\/chiptuningmarket.com\/wp-content\/uploads\/2021\/10\/big_VVDI2-front-XhorsePolska-SOTE.jpg\",\"width\":1000,\"height\":1000},{\"@type\":\"BreadcrumbList\",\"@id\":\"https:\/\/chiptuningmarket.com\/pl\/shop\/programatory-pl\/programatory-uniwersalne-pl\/programator-vvdi-2\/#breadcrumb\",\"itemListElement\":[{\"@type\":\"ListItem\",\"position\":1,\"name\":\"Home\",\"item\":\"https:\/\/chiptuningmarket.com\/pl\/\"},{\"@type\":\"ListItem\",\"position\":2,\"name\":\"Sklep\",\"item\":\"https:\/\/chiptuningmarket.com\/pl\/shop\/\"},{\"@type\":\"ListItem\",\"position\":3,\"name\":\"Programator VVDI 2\"}]},{\"@type\":\"WebSite\",\"@id\":\"https:\/\/chiptuningmarket.com\/ru\/#website\",\"url\":\"https:\/\/chiptuningmarket.com\/ru\/\",\"name\":\"Chiptuningmarket\",\"description\":\"Biggest chiptuning shop in Europe\",\"publisher\":{\"@id\":\"https:\/\/chiptuningmarket.com\/ru\/#organization\"},\"alternateName\":\"Worldwide ecu tools supplier\",\"potentialAction\":[{\"@type\":\"SearchAction\",\"target\":{\"@type\":\"EntryPoint\",\"urlTemplate\":\"https:\/\/chiptuningmarket.com\/ru\/?s={search_term_string}\"},\"query-input\":{\"@type\":\"PropertyValueSpecification\",\"valueRequired\":true,\"valueName\":\"search_term_string\"}}],\"inLanguage\":\"pl-PL\"},{\"@type\":\"Organization\",\"@id\":\"https:\/\/chiptuningmarket.com\/ru\/#organization\",\"name\":\"Chiptuningmarket\",\"alternateName\":\"Chiptuning tools supplier\",\"url\":\"https:\/\/chiptuningmarket.com\/ru\/\",\"logo\":{\"@type\":\"ImageObject\",\"inLanguage\":\"pl-PL\",\"@id\":\"https:\/\/chiptuningmarket.com\/ru\/#\/schema\/logo\/image\/\",\"url\":\"https:\/\/chiptuningmarket.com\/wp-content\/uploads\/2023\/05\/logo-ChipTuningMarket-social.png\",\"contentUrl\":\"https:\/\/chiptuningmarket.com\/wp-content\/uploads\/2023\/05\/logo-ChipTuningMarket-social.png\",\"width\":512,\"height\":512,\"caption\":\"Chiptuningmarket\"},\"image\":{\"@id\":\"https:\/\/chiptuningmarket.com\/ru\/#\/schema\/logo\/image\/\"}}]}<\/script>\n<!-- \/ Yoast SEO plugin. -->","yoast_head_json":{"title":"Programator VVDI 2 - Chiptuningmarket","description":"The VVDI 2 programmer allows you to read \/ write the memory of electronic modules in vehicles of the VAG group, BMW, PSA, Porsche, as well as coding","robots":{"index":"index","follow":"follow","max-snippet":"max-snippet:-1","max-image-preview":"max-image-preview:large","max-video-preview":"max-video-preview:-1"},"canonical":"https:\/\/chiptuningmarket.com\/pl\/shop\/programatory-pl\/programatory-uniwersalne-pl\/programator-vvdi-2\/","og_locale":"pl_PL","og_type":"article","og_title":"Programator VVDI 2 - Chiptuningmarket","og_description":"The VVDI 2 programmer allows you to read \/ write the memory of electronic modules in vehicles of the VAG group, BMW, PSA, Porsche, as well as coding","og_url":"https:\/\/chiptuningmarket.com\/pl\/shop\/programatory-pl\/programatory-uniwersalne-pl\/programator-vvdi-2\/","og_site_name":"Chiptuningmarket","article_modified_time":"2022-01-08T16:36:50+00:00","og_image":[{"width":1000,"height":1000,"url":"https:\/\/chiptuningmarket.com\/wp-content\/uploads\/2021\/10\/big_VVDI2-front-XhorsePolska-SOTE.jpg","type":"image\/jpeg"}],"twitter_card":"summary_large_image","twitter_misc":{"Szacowany czas czytania":"3 minuty"},"schema":{"@context":"https:\/\/schema.org","@graph":[{"@type":"WebPage","@id":"https:\/\/chiptuningmarket.com\/pl\/shop\/programatory-pl\/programatory-uniwersalne-pl\/programator-vvdi-2\/","url":"https:\/\/chiptuningmarket.com\/pl\/shop\/programatory-pl\/programatory-uniwersalne-pl\/programator-vvdi-2\/","name":"Programator VVDI 2 - Chiptuningmarket","isPartOf":{"@id":"https:\/\/chiptuningmarket.com\/ru\/#website"},"primaryImageOfPage":{"@id":"https:\/\/chiptuningmarket.com\/pl\/shop\/programatory-pl\/programatory-uniwersalne-pl\/programator-vvdi-2\/#primaryimage"},"image":{"@id":"https:\/\/chiptuningmarket.com\/pl\/shop\/programatory-pl\/programatory-uniwersalne-pl\/programator-vvdi-2\/#primaryimage"},"thumbnailUrl":"https:\/\/chiptuningmarket.com\/wp-content\/uploads\/2021\/10\/big_VVDI2-front-XhorsePolska-SOTE.jpg","datePublished":"2020-05-29T12:12:53+00:00","dateModified":"2022-01-08T16:36:50+00:00","description":"The VVDI 2 programmer allows you to read \/ write the memory of electronic modules in vehicles of the VAG group, BMW, PSA, Porsche, as well as coding","breadcrumb":{"@id":"https:\/\/chiptuningmarket.com\/pl\/shop\/programatory-pl\/programatory-uniwersalne-pl\/programator-vvdi-2\/#breadcrumb"},"inLanguage":"pl-PL","potentialAction":[{"@type":"ReadAction","target":["https:\/\/chiptuningmarket.com\/pl\/shop\/programatory-pl\/programatory-uniwersalne-pl\/programator-vvdi-2\/"]}]},{"@type":"ImageObject","inLanguage":"pl-PL","@id":"https:\/\/chiptuningmarket.com\/pl\/shop\/programatory-pl\/programatory-uniwersalne-pl\/programator-vvdi-2\/#primaryimage","url":"https:\/\/chiptuningmarket.com\/wp-content\/uploads\/2021\/10\/big_VVDI2-front-XhorsePolska-SOTE.jpg","contentUrl":"https:\/\/chiptuningmarket.com\/wp-content\/uploads\/2021\/10\/big_VVDI2-front-XhorsePolska-SOTE.jpg","width":1000,"height":1000},{"@type":"BreadcrumbList","@id":"https:\/\/chiptuningmarket.com\/pl\/shop\/programatory-pl\/programatory-uniwersalne-pl\/programator-vvdi-2\/#breadcrumb","itemListElement":[{"@type":"ListItem","position":1,"name":"Home","item":"https:\/\/chiptuningmarket.com\/pl\/"},{"@type":"ListItem","position":2,"name":"Sklep","item":"https:\/\/chiptuningmarket.com\/pl\/shop\/"},{"@type":"ListItem","position":3,"name":"Programator VVDI 2"}]},{"@type":"WebSite","@id":"https:\/\/chiptuningmarket.com\/ru\/#website","url":"https:\/\/chiptuningmarket.com\/ru\/","name":"Chiptuningmarket","description":"Biggest chiptuning shop in Europe","publisher":{"@id":"https:\/\/chiptuningmarket.com\/ru\/#organization"},"alternateName":"Worldwide ecu tools supplier","potentialAction":[{"@type":"SearchAction","target":{"@type":"EntryPoint","urlTemplate":"https:\/\/chiptuningmarket.com\/ru\/?s={search_term_string}"},"query-input":{"@type":"PropertyValueSpecification","valueRequired":true,"valueName":"search_term_string"}}],"inLanguage":"pl-PL"},{"@type":"Organization","@id":"https:\/\/chiptuningmarket.com\/ru\/#organization","name":"Chiptuningmarket","alternateName":"Chiptuning tools supplier","url":"https:\/\/chiptuningmarket.com\/ru\/","logo":{"@type":"ImageObject","inLanguage":"pl-PL","@id":"https:\/\/chiptuningmarket.com\/ru\/#\/schema\/logo\/image\/","url":"https:\/\/chiptuningmarket.com\/wp-content\/uploads\/2023\/05\/logo-ChipTuningMarket-social.png","contentUrl":"https:\/\/chiptuningmarket.com\/wp-content\/uploads\/2023\/05\/logo-ChipTuningMarket-social.png","width":512,"height":512,"caption":"Chiptuningmarket"},"image":{"@id":"https:\/\/chiptuningmarket.com\/ru\/#\/schema\/logo\/image\/"}}]}},"_links":{"self":[{"href":"https:\/\/chiptuningmarket.com\/pl\/wp-json\/wp\/v2\/product\/18503","targetHints":{"allow":["GET"]}}],"collection":[{"href":"https:\/\/chiptuningmarket.com\/pl\/wp-json\/wp\/v2\/product"}],"about":[{"href":"https:\/\/chiptuningmarket.com\/pl\/wp-json\/wp\/v2\/types\/product"}],"wp:featuredmedia":[{"embeddable":true,"href":"https:\/\/chiptuningmarket.com\/pl\/wp-json\/wp\/v2\/media\/17528"}],"wp:attachment":[{"href":"https:\/\/chiptuningmarket.com\/pl\/wp-json\/wp\/v2\/media?parent=18503"}],"wp:term":[{"taxonomy":"product_brand","embeddable":true,"href":"https:\/\/chiptuningmarket.com\/pl\/wp-json\/wp\/v2\/product_brand?post=18503"},{"taxonomy":"product_cat","embeddable":true,"href":"https:\/\/chiptuningmarket.com\/pl\/wp-json\/wp\/v2\/product_cat?post=18503"},{"taxonomy":"product_tag","embeddable":true,"href":"https:\/\/chiptuningmarket.com\/pl\/wp-json\/wp\/v2\/product_tag?post=18503"}],"curies":[{"name":"wp","href":"https:\/\/api.w.org\/{rel}","templated":true}]}}