{"id":18567,"date":"2021-02-24T09:19:03","date_gmt":"2021-02-24T09:19:03","guid":{"rendered":"https:\/\/chiptuningmarket.com\/product\/obrobka-pliku-11\/"},"modified":"2022-04-04T19:40:53","modified_gmt":"2022-04-04T19:40:53","slug":"obrobka-pliku-11","status":"publish","type":"product","link":"https:\/\/chiptuningmarket.com\/pl\/shop\/file-service-pl\/chiptuning-file-service-pl\/obrobka-pliku-11\/","title":{"rendered":"Modyfikacja oprogramowania ECU\/TCU"},"content":{"rendered":"<p><strong><em>Chiptuning\/modyfikacje<\/em><\/strong>\u00a0\u2013 Profesjonalna modyfikacja zawarto\u015bci pami\u0119ci sterownika odpowiedzialnej za sterowania parametrami pracy silnika spalinowego. Nasz\u0105 przygod\u0119 z samochodami zacz\u0119li\u015bmy w\u0142a\u015bnie od tej dziedziny \u2013 czyli strojenia silnik\u00f3w zar\u00f3wno benzynowych jak i Diesel. Nasze do\u015bwiadczenia badawcze oraz us\u0142ugi zwi\u0105zane z obr\u00f3bk\u0105 plik\u00f3w ECU dla dziesi\u0105tek warsztat\u00f3w, pozwoli\u0142o na zdobycie do\u015bwiadczenia w optymalizacji oprogramowania steruj\u0105cego prac\u0105 silnik\u00f3w spalinowych. W ramach modyfikacji oferujemy indywidualn\u0105 modyfikacj\u0119 w zale\u017cno\u015bci od potrzeb klienta, uwzgl\u0119dniaj\u0105c oczekiwania zwi\u0105zane z przyrostem momentu obrotowego i mocy. Ka\u017cd\u0105 modyfikacj\u0119 poprzedza kompleksowa diagnostyka auta, sugestie zwi\u0105zane z proponowanymi rezultatami. Modyfikujemy do\u0142adowane silniki benzynowe oraz Diesel o niekt\u00f3re silniki wolnoss\u0105ce,. Wykonujemy r\u00f3wnie\u017c modyfikacje mechaniczne polegaj\u0105ce na zmianie element\u00f3w uk\u0142adu dolotowego, wydechowego oraz komponent\u00f3w uk\u0142adu zasilania. Wsp\u00f3\u0142pracujemy z firmami zajmuj\u0105cymi si\u0119 przygotowaniem customowych uk\u0142ad\u00f3w wydechowych oraz turbospr\u0119\u017carek.<\/p>\n<h3>Przebieg procesu modyfikacji oprogramowania w naszej firmie:<\/h3>\n<ul>\n<li>Ustalenie warunk\u00f3w cenowych<\/li>\n<li>Diagnostyka silnika i podzespo\u0142\u00f3w wraz z logowaniem parametr\u00f3w oraz ogl\u0119dziny<\/li>\n<li>Pomiar momentu obrotowego i mocy na programie seryjnym<\/li>\n<li>Odczyt zawarto\u015bci pami\u0119ci sterownika<\/li>\n<li>Modyfikacja zawarto\u015bci sterownika<\/li>\n<li>Programowanie sterownika z indywidualnie przygotowanym zestawem map<\/li>\n<li>Ponowna diagnostyka parametr\u00f3w<\/li>\n<li>Pomiar momentu obrotowego i mocy na programie zmodyfikowanym wraz z logowaniem istotnych parametr\u00f3w<\/li>\n<li>Podczas modyfikacji oprogramowania efektem ko\u0144cowym interesuj\u0105cym klienta jest na og\u00f3\u0142 wykres momentu obrotowego i mocy. Nale\u017cy zauwa\u017cy\u0107, \u017ce wiele os\u00f3b zwraca uwag\u0119 na warto\u015bci \u2013 maksymalne, kt\u00f3re w wielu przypadkach modyfikowanych aut dost\u0119pne s\u0105 w w\u0105skim zakresie pr\u0119dko\u015bci obrotowych, tym samym mog\u0105 nie nie\u015b\u0107 za sob\u0105 istotnego skr\u00f3cenia czasu rozp\u0119dzania, za\u015b przyczyni\u0107 si\u0119 do szybszej eksploatacji element\u00f3w przeniesienia nap\u0119du lub uk\u0142adu do\u0142adowania czy oczyszczania spalin. Nasze modyfikacje maj\u0105 na celu zmian\u0119 charakterystyki przebiegu momentu obrotowego w taki spos\u00f3b by daj\u0105c rado\u015b\u0107 u\u017cytkownikom i pozwalaj\u0105c na sprawniejsze wyprzedzanie nie przyczynia\u0107 si\u0119 do przyspieszonej eksploatacji. Najcz\u0119\u015bciej spotykanym problemem aut, kt\u00f3re przyje\u017cd\u017caj\u0105 do nas na poprawki s\u0105 problemy zwi\u0105zane ze zbyt wysokim ci\u015bnieniem turbospr\u0119\u017carki lub cz\u0119st\u0105 regeneracj\u0105 filtra cz\u0105stek sta\u0142ych. Wynika to najcz\u0119\u015bciej z braku diagnostyki lub nieumiej\u0119tnej obr\u00f3bki map, kt\u00f3re najcz\u0119\u015bciej pochodz\u0105 z zewn\u0119trznego \u017ar\u00f3d\u0142a. W naszej firmie mo\u017cecie Pa\u0144stwo zmodyfikowa\u0107 auto z zachowaniem bezpiecznych nastaw i parametr\u00f3w. Nigdy nie modyfikujemy aut, kt\u00f3re posiadaj\u0105 usterki lub niedomagania, kt\u00f3regokolwiek z system\u00f3w.<br \/>\n<h3>Nawi\u0105zujemy wsp\u00f3\u0142prac\u0119 z warsztatami posiadaj\u0105cymi odpowiednie narz\u0119dzia do programowania sterownik\u00f3w. \u2013 Us\u0142uga polega na obr\u00f3bce wsadu sterownika odczytanego przez warsztat partnerski. Wykonujemy us\u0142ugi zwi\u0105zane z modyfikacj\u0105 zawarto\u015bci pami\u0119ci, maj\u0105c\u0105 na celu:<\/h3>\n<ul>\n<li><em>Podniesienie momentu obrotowego oraz mocy pojazdu.<\/em><\/li>\n<li><em>Aktywacj\u0119 lub dezaktywacj\u0119 system\u00f3w\/funkcji (DPF\/SCR\/EGR\/SWIRL\/02S)<\/em><\/li>\n<li><em>W\u0142\u0105czanie\/wy\u0142\u0105czanie DTC<\/em><\/li>\n<li><em>Aktywacj\u0119 procedur AL\/LC\/P&amp;B\/HR itp.<\/em><\/li>\n<\/ul>\n<h3><strong>Przejd\u017a do <a style=\"color: blue;\" href=\"https:\/\/chiptuningmarket.com\/chip_manager\/\">Chip Managera<\/a><\/strong><\/h3>\n<\/li>\n<\/ul>\n","protected":false},"excerpt":{"rendered":"<p>Zakupu nale\u017cy dokona\u0107 po wcze\u015bniejszym kontakcie za pomoc\u0105 Chip Managera i wycenie us\u0142ugi.<\/p>\n","protected":false},"featured_media":17561,"template":"","meta":{"_monsterinsights_skip_tracking":false,"_monsterinsights_sitenote_active":false,"_monsterinsights_sitenote_note":"","_monsterinsights_sitenote_category":0},"product_brand":[],"product_cat":[5067,5286],"product_tag":[1734,2570,2732,2731],"class_list":{"0":"post-18567","1":"product","2":"type-product","3":"status-publish","4":"has-post-thumbnail","6":"product_cat-file-service-pl","7":"product_cat-chiptuning-file-service-pl","8":"product_tag-chiptuning-pl","9":"product_tag-software-modification-ecu-tcu-pl","10":"product_tag-file-service-pl","11":"product_tag-file-processing-pl","13":"first","14":"instock","15":"virtual","16":"taxable","17":"purchasable","18":"product-type-simple"},"yoast_head":"<!-- This site is optimized with the Yoast SEO plugin v25.2 - https:\/\/yoast.com\/wordpress\/plugins\/seo\/ -->\n<title>Modyfikacja oprogramowania ECU\/TCU - Chiptuningmarket<\/title>\n<meta name=\"description\" content=\"ECU\/TCU Software Modification - professional modification of the contents of the controller memory responsible for controlling the parameters of the internal combustion\" \/>\n<meta name=\"robots\" content=\"index, follow, max-snippet:-1, max-image-preview:large, max-video-preview:-1\" \/>\n<link rel=\"canonical\" href=\"https:\/\/chiptuningmarket.com\/pl\/shop\/file-service-pl\/chiptuning-file-service-pl\/obrobka-pliku-11\/\" \/>\n<meta property=\"og:locale\" content=\"pl_PL\" \/>\n<meta property=\"og:type\" content=\"article\" \/>\n<meta property=\"og:title\" content=\"Modyfikacja oprogramowania ECU\/TCU - Chiptuningmarket\" \/>\n<meta property=\"og:description\" content=\"ECU\/TCU Software Modification - professional modification of the contents of the controller memory responsible for controlling the parameters of the internal combustion\" \/>\n<meta property=\"og:url\" content=\"https:\/\/chiptuningmarket.com\/pl\/shop\/file-service-pl\/chiptuning-file-service-pl\/obrobka-pliku-11\/\" \/>\n<meta property=\"og:site_name\" content=\"Chiptuningmarket\" \/>\n<meta property=\"article:modified_time\" content=\"2022-04-04T19:40:53+00:00\" \/>\n<meta property=\"og:image\" content=\"https:\/\/chiptuningmarket.com\/wp-content\/uploads\/2021\/10\/boost.png\" \/>\n\t<meta property=\"og:image:width\" content=\"1450\" \/>\n\t<meta property=\"og:image:height\" content=\"891\" \/>\n\t<meta property=\"og:image:type\" content=\"image\/png\" \/>\n<meta name=\"twitter:card\" content=\"summary_large_image\" \/>\n<meta name=\"twitter:label1\" content=\"Szacowany czas czytania\" \/>\n\t<meta name=\"twitter:data1\" content=\"2 minuty\" \/>\n<script type=\"application\/ld+json\" class=\"yoast-schema-graph\">{\"@context\":\"https:\/\/schema.org\",\"@graph\":[{\"@type\":\"WebPage\",\"@id\":\"https:\/\/chiptuningmarket.com\/pl\/shop\/file-service-pl\/chiptuning-file-service-pl\/obrobka-pliku-11\/\",\"url\":\"https:\/\/chiptuningmarket.com\/pl\/shop\/file-service-pl\/chiptuning-file-service-pl\/obrobka-pliku-11\/\",\"name\":\"Modyfikacja oprogramowania ECU\/TCU - Chiptuningmarket\",\"isPartOf\":{\"@id\":\"https:\/\/chiptuningmarket.com\/ru\/#website\"},\"primaryImageOfPage\":{\"@id\":\"https:\/\/chiptuningmarket.com\/pl\/shop\/file-service-pl\/chiptuning-file-service-pl\/obrobka-pliku-11\/#primaryimage\"},\"image\":{\"@id\":\"https:\/\/chiptuningmarket.com\/pl\/shop\/file-service-pl\/chiptuning-file-service-pl\/obrobka-pliku-11\/#primaryimage\"},\"thumbnailUrl\":\"https:\/\/chiptuningmarket.com\/wp-content\/uploads\/2021\/10\/boost.png\",\"datePublished\":\"2021-02-24T09:19:03+00:00\",\"dateModified\":\"2022-04-04T19:40:53+00:00\",\"description\":\"ECU\/TCU Software Modification - professional modification of the contents of the controller memory responsible for controlling the parameters of the internal combustion\",\"breadcrumb\":{\"@id\":\"https:\/\/chiptuningmarket.com\/pl\/shop\/file-service-pl\/chiptuning-file-service-pl\/obrobka-pliku-11\/#breadcrumb\"},\"inLanguage\":\"pl-PL\",\"potentialAction\":[{\"@type\":\"ReadAction\",\"target\":[\"https:\/\/chiptuningmarket.com\/pl\/shop\/file-service-pl\/chiptuning-file-service-pl\/obrobka-pliku-11\/\"]}]},{\"@type\":\"ImageObject\",\"inLanguage\":\"pl-PL\",\"@id\":\"https:\/\/chiptuningmarket.com\/pl\/shop\/file-service-pl\/chiptuning-file-service-pl\/obrobka-pliku-11\/#primaryimage\",\"url\":\"https:\/\/chiptuningmarket.com\/wp-content\/uploads\/2021\/10\/boost.png\",\"contentUrl\":\"https:\/\/chiptuningmarket.com\/wp-content\/uploads\/2021\/10\/boost.png\",\"width\":1450,\"height\":891,\"caption\":\"ECU\/TCU Software Modification\"},{\"@type\":\"BreadcrumbList\",\"@id\":\"https:\/\/chiptuningmarket.com\/pl\/shop\/file-service-pl\/chiptuning-file-service-pl\/obrobka-pliku-11\/#breadcrumb\",\"itemListElement\":[{\"@type\":\"ListItem\",\"position\":1,\"name\":\"Home\",\"item\":\"https:\/\/chiptuningmarket.com\/pl\/\"},{\"@type\":\"ListItem\",\"position\":2,\"name\":\"Sklep\",\"item\":\"https:\/\/chiptuningmarket.com\/pl\/shop\/\"},{\"@type\":\"ListItem\",\"position\":3,\"name\":\"Modyfikacja oprogramowania ECU\/TCU\"}]},{\"@type\":\"WebSite\",\"@id\":\"https:\/\/chiptuningmarket.com\/ru\/#website\",\"url\":\"https:\/\/chiptuningmarket.com\/ru\/\",\"name\":\"Chiptuningmarket\",\"description\":\"Biggest chiptuning shop in Europe\",\"publisher\":{\"@id\":\"https:\/\/chiptuningmarket.com\/ru\/#organization\"},\"alternateName\":\"Worldwide ecu tools supplier\",\"potentialAction\":[{\"@type\":\"SearchAction\",\"target\":{\"@type\":\"EntryPoint\",\"urlTemplate\":\"https:\/\/chiptuningmarket.com\/ru\/?s={search_term_string}\"},\"query-input\":{\"@type\":\"PropertyValueSpecification\",\"valueRequired\":true,\"valueName\":\"search_term_string\"}}],\"inLanguage\":\"pl-PL\"},{\"@type\":\"Organization\",\"@id\":\"https:\/\/chiptuningmarket.com\/ru\/#organization\",\"name\":\"Chiptuningmarket\",\"alternateName\":\"Chiptuning tools supplier\",\"url\":\"https:\/\/chiptuningmarket.com\/ru\/\",\"logo\":{\"@type\":\"ImageObject\",\"inLanguage\":\"pl-PL\",\"@id\":\"https:\/\/chiptuningmarket.com\/ru\/#\/schema\/logo\/image\/\",\"url\":\"https:\/\/chiptuningmarket.com\/wp-content\/uploads\/2023\/05\/logo-ChipTuningMarket-social.png\",\"contentUrl\":\"https:\/\/chiptuningmarket.com\/wp-content\/uploads\/2023\/05\/logo-ChipTuningMarket-social.png\",\"width\":512,\"height\":512,\"caption\":\"Chiptuningmarket\"},\"image\":{\"@id\":\"https:\/\/chiptuningmarket.com\/ru\/#\/schema\/logo\/image\/\"}}]}<\/script>\n<!-- \/ Yoast SEO plugin. -->","yoast_head_json":{"title":"Modyfikacja oprogramowania ECU\/TCU - Chiptuningmarket","description":"ECU\/TCU Software Modification - professional modification of the contents of the controller memory responsible for controlling the parameters of the internal combustion","robots":{"index":"index","follow":"follow","max-snippet":"max-snippet:-1","max-image-preview":"max-image-preview:large","max-video-preview":"max-video-preview:-1"},"canonical":"https:\/\/chiptuningmarket.com\/pl\/shop\/file-service-pl\/chiptuning-file-service-pl\/obrobka-pliku-11\/","og_locale":"pl_PL","og_type":"article","og_title":"Modyfikacja oprogramowania ECU\/TCU - Chiptuningmarket","og_description":"ECU\/TCU Software Modification - professional modification of the contents of the controller memory responsible for controlling the parameters of the internal combustion","og_url":"https:\/\/chiptuningmarket.com\/pl\/shop\/file-service-pl\/chiptuning-file-service-pl\/obrobka-pliku-11\/","og_site_name":"Chiptuningmarket","article_modified_time":"2022-04-04T19:40:53+00:00","og_image":[{"width":1450,"height":891,"url":"https:\/\/chiptuningmarket.com\/wp-content\/uploads\/2021\/10\/boost.png","type":"image\/png"}],"twitter_card":"summary_large_image","twitter_misc":{"Szacowany czas czytania":"2 minuty"},"schema":{"@context":"https:\/\/schema.org","@graph":[{"@type":"WebPage","@id":"https:\/\/chiptuningmarket.com\/pl\/shop\/file-service-pl\/chiptuning-file-service-pl\/obrobka-pliku-11\/","url":"https:\/\/chiptuningmarket.com\/pl\/shop\/file-service-pl\/chiptuning-file-service-pl\/obrobka-pliku-11\/","name":"Modyfikacja oprogramowania ECU\/TCU - Chiptuningmarket","isPartOf":{"@id":"https:\/\/chiptuningmarket.com\/ru\/#website"},"primaryImageOfPage":{"@id":"https:\/\/chiptuningmarket.com\/pl\/shop\/file-service-pl\/chiptuning-file-service-pl\/obrobka-pliku-11\/#primaryimage"},"image":{"@id":"https:\/\/chiptuningmarket.com\/pl\/shop\/file-service-pl\/chiptuning-file-service-pl\/obrobka-pliku-11\/#primaryimage"},"thumbnailUrl":"https:\/\/chiptuningmarket.com\/wp-content\/uploads\/2021\/10\/boost.png","datePublished":"2021-02-24T09:19:03+00:00","dateModified":"2022-04-04T19:40:53+00:00","description":"ECU\/TCU Software Modification - professional modification of the contents of the controller memory responsible for controlling the parameters of the internal combustion","breadcrumb":{"@id":"https:\/\/chiptuningmarket.com\/pl\/shop\/file-service-pl\/chiptuning-file-service-pl\/obrobka-pliku-11\/#breadcrumb"},"inLanguage":"pl-PL","potentialAction":[{"@type":"ReadAction","target":["https:\/\/chiptuningmarket.com\/pl\/shop\/file-service-pl\/chiptuning-file-service-pl\/obrobka-pliku-11\/"]}]},{"@type":"ImageObject","inLanguage":"pl-PL","@id":"https:\/\/chiptuningmarket.com\/pl\/shop\/file-service-pl\/chiptuning-file-service-pl\/obrobka-pliku-11\/#primaryimage","url":"https:\/\/chiptuningmarket.com\/wp-content\/uploads\/2021\/10\/boost.png","contentUrl":"https:\/\/chiptuningmarket.com\/wp-content\/uploads\/2021\/10\/boost.png","width":1450,"height":891,"caption":"ECU\/TCU Software Modification"},{"@type":"BreadcrumbList","@id":"https:\/\/chiptuningmarket.com\/pl\/shop\/file-service-pl\/chiptuning-file-service-pl\/obrobka-pliku-11\/#breadcrumb","itemListElement":[{"@type":"ListItem","position":1,"name":"Home","item":"https:\/\/chiptuningmarket.com\/pl\/"},{"@type":"ListItem","position":2,"name":"Sklep","item":"https:\/\/chiptuningmarket.com\/pl\/shop\/"},{"@type":"ListItem","position":3,"name":"Modyfikacja oprogramowania ECU\/TCU"}]},{"@type":"WebSite","@id":"https:\/\/chiptuningmarket.com\/ru\/#website","url":"https:\/\/chiptuningmarket.com\/ru\/","name":"Chiptuningmarket","description":"Biggest chiptuning shop in Europe","publisher":{"@id":"https:\/\/chiptuningmarket.com\/ru\/#organization"},"alternateName":"Worldwide ecu tools supplier","potentialAction":[{"@type":"SearchAction","target":{"@type":"EntryPoint","urlTemplate":"https:\/\/chiptuningmarket.com\/ru\/?s={search_term_string}"},"query-input":{"@type":"PropertyValueSpecification","valueRequired":true,"valueName":"search_term_string"}}],"inLanguage":"pl-PL"},{"@type":"Organization","@id":"https:\/\/chiptuningmarket.com\/ru\/#organization","name":"Chiptuningmarket","alternateName":"Chiptuning tools supplier","url":"https:\/\/chiptuningmarket.com\/ru\/","logo":{"@type":"ImageObject","inLanguage":"pl-PL","@id":"https:\/\/chiptuningmarket.com\/ru\/#\/schema\/logo\/image\/","url":"https:\/\/chiptuningmarket.com\/wp-content\/uploads\/2023\/05\/logo-ChipTuningMarket-social.png","contentUrl":"https:\/\/chiptuningmarket.com\/wp-content\/uploads\/2023\/05\/logo-ChipTuningMarket-social.png","width":512,"height":512,"caption":"Chiptuningmarket"},"image":{"@id":"https:\/\/chiptuningmarket.com\/ru\/#\/schema\/logo\/image\/"}}]}},"_links":{"self":[{"href":"https:\/\/chiptuningmarket.com\/pl\/wp-json\/wp\/v2\/product\/18567","targetHints":{"allow":["GET"]}}],"collection":[{"href":"https:\/\/chiptuningmarket.com\/pl\/wp-json\/wp\/v2\/product"}],"about":[{"href":"https:\/\/chiptuningmarket.com\/pl\/wp-json\/wp\/v2\/types\/product"}],"wp:featuredmedia":[{"embeddable":true,"href":"https:\/\/chiptuningmarket.com\/pl\/wp-json\/wp\/v2\/media\/17561"}],"wp:attachment":[{"href":"https:\/\/chiptuningmarket.com\/pl\/wp-json\/wp\/v2\/media?parent=18567"}],"wp:term":[{"taxonomy":"product_brand","embeddable":true,"href":"https:\/\/chiptuningmarket.com\/pl\/wp-json\/wp\/v2\/product_brand?post=18567"},{"taxonomy":"product_cat","embeddable":true,"href":"https:\/\/chiptuningmarket.com\/pl\/wp-json\/wp\/v2\/product_cat?post=18567"},{"taxonomy":"product_tag","embeddable":true,"href":"https:\/\/chiptuningmarket.com\/pl\/wp-json\/wp\/v2\/product_tag?post=18567"}],"curies":[{"name":"wp","href":"https:\/\/api.w.org\/{rel}","templated":true}]}}