{"id":18742,"date":"2021-06-16T11:46:56","date_gmt":"2021-06-16T11:46:56","guid":{"rendered":"https:\/\/chiptuningmarket.com\/product\/phoenix-plus\/"},"modified":"2022-04-12T20:19:47","modified_gmt":"2022-04-12T20:19:47","slug":"phoenix-plus","status":"publish","type":"product","link":"https:\/\/chiptuningmarket.com\/pl\/shop\/bez-kategorii\/phoenix-plus\/","title":{"rendered":"Topdon Phoenix Plus"},"content":{"rendered":"<p style=\"text-align: center;\"><strong>Topdon Phoenix Plus<\/strong><\/p>\n<p><img decoding=\"async\" class=\"aligncenter wp-image-15862 size-full\" src=\"https:\/\/ms-group.pl\/wp-content\/uploads\/2021\/06\/phoenix_plus_2.jpg\" alt=\"Phoenix Plus\" width=\"950\" height=\"605\" \/><\/p>\n<p>Wysokiej klasy konfiguracja sprz\u0119towa nowej generacji, zaawansowane narz\u0119dzie diagnostyczne na poziomie profesjonalnym, zapewniaj\u0105ce diagnostyk\u0119 na poziomie OE dla pojazd\u00f3w krajowych, azjatyckich i europejskich.<\/p>\n<p>Wytrzyma\u0142a konstrukcja z metalowym wspornikiem i otaczaj\u0105c\u0105 gum\u0105 zapewnia trwa\u0142e u\u017cytkowanie przez najbardziej wymagaj\u0105cych technik\u00f3w. Obejmuje bezprzewodowe po\u0142\u0105czenie VCI do pojazdu OBDII, kt\u00f3rego mo\u017cna u\u017cywa\u0107 z oprogramowaniem systemu operacyjnego Android 10.<\/p>\n<p>Funkcja tworzenia wykres\u00f3w topologicznych zapewnia bardziej inteligentne wy\u015bwietlanie na jednym ekranie wszystkich modu\u0142\u00f3w w systemie pojazdu i sposobu ich po\u0142\u0105czenia, aby pom\u00f3c technikom w dok\u0142adniejszym diagnozowaniu.<\/p>\n<p>Zatwierdzony przez FCA do odblokowywania pojazd\u00f3w chronionych za pomoc\u0105 Secure Gateway (SGW) z dost\u0119pem do konta zarejestrowanego w AutoAuth. Obs\u0142uga kalibracji czujnik\u00f3w systemu wspomagaj\u0105cych sterownik ADAS przy u\u017cyciu wskaz\u00f3wek oprogramowania krok po kroku. Zawiera 28 funkcji resetowania us\u0142ug serwisowych, zaawansowane kodowanie i adaptacje, dwukierunkowe sterowanie, umo\u017cliwia dost\u0119p do wszystkich modu\u0142\u00f3w we wszystkich systemach w celu wykonania AutoSCAN i AutoVIN (2006 ).<\/p>\n<p>Generuje diagnostyczne raporty stanu zdrowia do wydrukowania na podstawie danych pojazdu i potwierdzonych przez AutoSCAN kod\u00f3w DTC. Zakres oprogramowania i pojazd\u00f3w mo\u017cna aktualizowa\u0107 przez WiFi i obejmuje 2 lata bezp\u0142atnych aktualizacji oprogramowania i 1 rok gwarancji. Obs\u0142uguje 8 r\u00f3\u017cnych modu\u0142\u00f3w rozszerze\u0144, w tym zakres wideo, oscyloskop, kamera termowizyjna, stacja dokuj\u0105ca modu\u0142\u00f3w i narz\u0119dzie TPMS.<\/p>\n<p><img decoding=\"async\" class=\"aligncenter size-full wp-image-15863\" src=\"https:\/\/ms-group.pl\/wp-content\/uploads\/2021\/06\/phoenix_plus_1.jpg\" alt=\"Phoenix Plus\" width=\"631\" height=\"605\" \/><\/p>\n<p><strong><b>FUNKCJE:<\/b><\/strong><\/p>\n<ul>\n<li>Diagnoza na poziomie OE<\/li>\n<li>Zaawansowane resetowanie us\u0142ug<\/li>\n<li>Diagnostyka dwukierunkowa<\/li>\n<li>Diagnostyczne raporty o stanie (przed napraw\u0105 i po naprawie)<\/li>\n<li>Dost\u0119p do FCA (w toku)<\/li>\n<li>Obs\u0142uguje opcjonalne modu\u0142y rozszerze\u0144<\/li>\n<li>Bezprzewodowy Bluetooth VCI<\/li>\n<li>28 Reset\u00f3w serwisowych<\/li>\n<\/ul>\n<p><strong><b>SPECYFIKACJA:<\/b><\/strong><\/p>\n<ul>\n<li>System operacyjny Android 10.0<\/li>\n<li>Czterordzeniowy procesor 2,0 GHz<\/li>\n<li>4 GB pami\u0119ci RAM i 64 GB pami\u0119ci ROM<\/li>\n<li>10-calowy ekran dotykowy IPS<\/li>\n<li>\u0141\u0105czno\u015b\u0107 WiFi i Bluetooth<\/li>\n<li>Kamera tylna 8,0 MP<\/li>\n<\/ul>\n<p><strong><b>ZESTAW ZAWIERA:<\/b><\/strong><\/p>\n<ul>\n<li>Tablet Phoenix Plus<\/li>\n<li>Z\u0142\u0105cze Bluetooth VCI<\/li>\n<li>Przed\u0142u\u017cacz OBDII<\/li>\n<li>Zasilacz<\/li>\n<li>Kabel USB<\/li>\n<li>Adapter OBDII<\/li>\n<li>\u0141adowarka samochodowa<\/li>\n<li>Kabel zacisk\u00f3w akumulatora<\/li>\n<li>Zestaw kabla adaptera<\/li>\n<li>W zestawie adaptery: Benz 38, BMW 2, BMW, F-Chassis, Chrysler 6, Honda 3, GM \/ VAZ 12, Mitsubishi \/ Hyundai 12 16, Nissan 14 16, Toyota 22, Toyota 17<\/li>\n<\/ul>\n<p>&nbsp;<\/p>\n<p><strong><b>GWARANCJA I AKTUALIZACJE<\/b><\/strong><\/p>\n<ul>\n<li>1 rok gwarancji<\/li>\n<li>Aktualizacje na 2 lata<\/li>\n<\/ul>\n<p>W ofercie r\u00f3wnie\u017c:<\/p>\n<p><a style=\"color: blue;\" href=\"https:\/\/chiptuningmarket.com\/product\/phoenix\/\">PHOENIX<\/a><\/p>\n<p><a style=\"color: blue;\" href=\"https:\/\/chiptuningmarket.com\/product\/autel-maxidas-ds808kit\/\">AUTEL MaxiDAS DS808KIT<\/a><\/p>\n","protected":false},"excerpt":{"rendered":"<p><b>2-Letnie aktualizacje oprogramowania w cenie!<\/b><\/p>\n","protected":false},"featured_media":19753,"template":"","meta":{"_monsterinsights_skip_tracking":false,"_monsterinsights_sitenote_active":false,"_monsterinsights_sitenote_note":"","_monsterinsights_sitenote_category":0},"product_brand":[],"product_cat":[],"product_tag":[2777],"class_list":{"0":"post-18742","1":"product","2":"type-product","3":"status-publish","4":"has-post-thumbnail","6":"product_tag-launch-pl","8":"first","9":"outofstock","10":"taxable","11":"shipping-taxable","12":"purchasable","13":"product-type-simple"},"yoast_head":"<!-- This site is optimized with the Yoast SEO plugin v25.2 - https:\/\/yoast.com\/wordpress\/plugins\/seo\/ -->\n<title>Topdon Phoenix Plus - Chiptuningmarket<\/title>\n<meta name=\"description\" content=\"Phoenix Plus fully optimized easy-to-use software allows advanced OE-level diagnostics of online ECU coding, complete bi-directional functions, access...\" \/>\n<meta name=\"robots\" content=\"index, follow, max-snippet:-1, max-image-preview:large, max-video-preview:-1\" \/>\n<link rel=\"canonical\" href=\"https:\/\/chiptuningmarket.com\/pl\/shop\/bez-kategorii\/phoenix-plus\/\" \/>\n<meta property=\"og:locale\" content=\"pl_PL\" \/>\n<meta property=\"og:type\" content=\"article\" \/>\n<meta property=\"og:title\" content=\"Topdon Phoenix Plus - Chiptuningmarket\" \/>\n<meta property=\"og:description\" content=\"Phoenix Plus fully optimized easy-to-use software allows advanced OE-level diagnostics of online ECU coding, complete bi-directional functions, access...\" \/>\n<meta property=\"og:url\" content=\"https:\/\/chiptuningmarket.com\/pl\/shop\/bez-kategorii\/phoenix-plus\/\" \/>\n<meta property=\"og:site_name\" content=\"Chiptuningmarket\" \/>\n<meta property=\"article:modified_time\" content=\"2022-04-12T20:19:47+00:00\" \/>\n<meta property=\"og:image\" content=\"https:\/\/chiptuningmarket.com\/wp-content\/uploads\/2021\/06\/phoenix_plus_2.jpg\" \/>\n\t<meta property=\"og:image:width\" content=\"950\" \/>\n\t<meta property=\"og:image:height\" content=\"905\" \/>\n\t<meta property=\"og:image:type\" content=\"image\/jpeg\" \/>\n<meta name=\"twitter:card\" content=\"summary_large_image\" \/>\n<meta name=\"twitter:label1\" content=\"Szacowany czas czytania\" \/>\n\t<meta name=\"twitter:data1\" content=\"2 minuty\" \/>\n<script type=\"application\/ld+json\" class=\"yoast-schema-graph\">{\"@context\":\"https:\/\/schema.org\",\"@graph\":[{\"@type\":\"WebPage\",\"@id\":\"https:\/\/chiptuningmarket.com\/pl\/shop\/bez-kategorii\/phoenix-plus\/\",\"url\":\"https:\/\/chiptuningmarket.com\/pl\/shop\/bez-kategorii\/phoenix-plus\/\",\"name\":\"Topdon Phoenix Plus - Chiptuningmarket\",\"isPartOf\":{\"@id\":\"https:\/\/chiptuningmarket.com\/ru\/#website\"},\"primaryImageOfPage\":{\"@id\":\"https:\/\/chiptuningmarket.com\/pl\/shop\/bez-kategorii\/phoenix-plus\/#primaryimage\"},\"image\":{\"@id\":\"https:\/\/chiptuningmarket.com\/pl\/shop\/bez-kategorii\/phoenix-plus\/#primaryimage\"},\"thumbnailUrl\":\"https:\/\/chiptuningmarket.com\/wp-content\/uploads\/2021\/06\/phoenix_plus_2.jpg\",\"datePublished\":\"2021-06-16T11:46:56+00:00\",\"dateModified\":\"2022-04-12T20:19:47+00:00\",\"description\":\"Phoenix Plus fully optimized easy-to-use software allows advanced OE-level diagnostics of online ECU coding, complete bi-directional functions, access...\",\"breadcrumb\":{\"@id\":\"https:\/\/chiptuningmarket.com\/pl\/shop\/bez-kategorii\/phoenix-plus\/#breadcrumb\"},\"inLanguage\":\"pl-PL\",\"potentialAction\":[{\"@type\":\"ReadAction\",\"target\":[\"https:\/\/chiptuningmarket.com\/pl\/shop\/bez-kategorii\/phoenix-plus\/\"]}]},{\"@type\":\"ImageObject\",\"inLanguage\":\"pl-PL\",\"@id\":\"https:\/\/chiptuningmarket.com\/pl\/shop\/bez-kategorii\/phoenix-plus\/#primaryimage\",\"url\":\"https:\/\/chiptuningmarket.com\/wp-content\/uploads\/2021\/06\/phoenix_plus_2.jpg\",\"contentUrl\":\"https:\/\/chiptuningmarket.com\/wp-content\/uploads\/2021\/06\/phoenix_plus_2.jpg\",\"width\":950,\"height\":905},{\"@type\":\"BreadcrumbList\",\"@id\":\"https:\/\/chiptuningmarket.com\/pl\/shop\/bez-kategorii\/phoenix-plus\/#breadcrumb\",\"itemListElement\":[{\"@type\":\"ListItem\",\"position\":1,\"name\":\"Home\",\"item\":\"https:\/\/chiptuningmarket.com\/pl\/\"},{\"@type\":\"ListItem\",\"position\":2,\"name\":\"Sklep\",\"item\":\"https:\/\/chiptuningmarket.com\/pl\/shop\/\"},{\"@type\":\"ListItem\",\"position\":3,\"name\":\"Topdon Phoenix Plus\"}]},{\"@type\":\"WebSite\",\"@id\":\"https:\/\/chiptuningmarket.com\/ru\/#website\",\"url\":\"https:\/\/chiptuningmarket.com\/ru\/\",\"name\":\"Chiptuningmarket\",\"description\":\"Biggest chiptuning shop in Europe\",\"publisher\":{\"@id\":\"https:\/\/chiptuningmarket.com\/ru\/#organization\"},\"alternateName\":\"Worldwide ecu tools supplier\",\"potentialAction\":[{\"@type\":\"SearchAction\",\"target\":{\"@type\":\"EntryPoint\",\"urlTemplate\":\"https:\/\/chiptuningmarket.com\/ru\/?s={search_term_string}\"},\"query-input\":{\"@type\":\"PropertyValueSpecification\",\"valueRequired\":true,\"valueName\":\"search_term_string\"}}],\"inLanguage\":\"pl-PL\"},{\"@type\":\"Organization\",\"@id\":\"https:\/\/chiptuningmarket.com\/ru\/#organization\",\"name\":\"Chiptuningmarket\",\"alternateName\":\"Chiptuning tools supplier\",\"url\":\"https:\/\/chiptuningmarket.com\/ru\/\",\"logo\":{\"@type\":\"ImageObject\",\"inLanguage\":\"pl-PL\",\"@id\":\"https:\/\/chiptuningmarket.com\/ru\/#\/schema\/logo\/image\/\",\"url\":\"https:\/\/chiptuningmarket.com\/wp-content\/uploads\/2023\/05\/logo-ChipTuningMarket-social.png\",\"contentUrl\":\"https:\/\/chiptuningmarket.com\/wp-content\/uploads\/2023\/05\/logo-ChipTuningMarket-social.png\",\"width\":512,\"height\":512,\"caption\":\"Chiptuningmarket\"},\"image\":{\"@id\":\"https:\/\/chiptuningmarket.com\/ru\/#\/schema\/logo\/image\/\"}}]}<\/script>\n<!-- \/ Yoast SEO plugin. -->","yoast_head_json":{"title":"Topdon Phoenix Plus - Chiptuningmarket","description":"Phoenix Plus fully optimized easy-to-use software allows advanced OE-level diagnostics of online ECU coding, complete bi-directional functions, access...","robots":{"index":"index","follow":"follow","max-snippet":"max-snippet:-1","max-image-preview":"max-image-preview:large","max-video-preview":"max-video-preview:-1"},"canonical":"https:\/\/chiptuningmarket.com\/pl\/shop\/bez-kategorii\/phoenix-plus\/","og_locale":"pl_PL","og_type":"article","og_title":"Topdon Phoenix Plus - Chiptuningmarket","og_description":"Phoenix Plus fully optimized easy-to-use software allows advanced OE-level diagnostics of online ECU coding, complete bi-directional functions, access...","og_url":"https:\/\/chiptuningmarket.com\/pl\/shop\/bez-kategorii\/phoenix-plus\/","og_site_name":"Chiptuningmarket","article_modified_time":"2022-04-12T20:19:47+00:00","og_image":[{"width":950,"height":905,"url":"https:\/\/chiptuningmarket.com\/wp-content\/uploads\/2021\/06\/phoenix_plus_2.jpg","type":"image\/jpeg"}],"twitter_card":"summary_large_image","twitter_misc":{"Szacowany czas czytania":"2 minuty"},"schema":{"@context":"https:\/\/schema.org","@graph":[{"@type":"WebPage","@id":"https:\/\/chiptuningmarket.com\/pl\/shop\/bez-kategorii\/phoenix-plus\/","url":"https:\/\/chiptuningmarket.com\/pl\/shop\/bez-kategorii\/phoenix-plus\/","name":"Topdon Phoenix Plus - Chiptuningmarket","isPartOf":{"@id":"https:\/\/chiptuningmarket.com\/ru\/#website"},"primaryImageOfPage":{"@id":"https:\/\/chiptuningmarket.com\/pl\/shop\/bez-kategorii\/phoenix-plus\/#primaryimage"},"image":{"@id":"https:\/\/chiptuningmarket.com\/pl\/shop\/bez-kategorii\/phoenix-plus\/#primaryimage"},"thumbnailUrl":"https:\/\/chiptuningmarket.com\/wp-content\/uploads\/2021\/06\/phoenix_plus_2.jpg","datePublished":"2021-06-16T11:46:56+00:00","dateModified":"2022-04-12T20:19:47+00:00","description":"Phoenix Plus fully optimized easy-to-use software allows advanced OE-level diagnostics of online ECU coding, complete bi-directional functions, access...","breadcrumb":{"@id":"https:\/\/chiptuningmarket.com\/pl\/shop\/bez-kategorii\/phoenix-plus\/#breadcrumb"},"inLanguage":"pl-PL","potentialAction":[{"@type":"ReadAction","target":["https:\/\/chiptuningmarket.com\/pl\/shop\/bez-kategorii\/phoenix-plus\/"]}]},{"@type":"ImageObject","inLanguage":"pl-PL","@id":"https:\/\/chiptuningmarket.com\/pl\/shop\/bez-kategorii\/phoenix-plus\/#primaryimage","url":"https:\/\/chiptuningmarket.com\/wp-content\/uploads\/2021\/06\/phoenix_plus_2.jpg","contentUrl":"https:\/\/chiptuningmarket.com\/wp-content\/uploads\/2021\/06\/phoenix_plus_2.jpg","width":950,"height":905},{"@type":"BreadcrumbList","@id":"https:\/\/chiptuningmarket.com\/pl\/shop\/bez-kategorii\/phoenix-plus\/#breadcrumb","itemListElement":[{"@type":"ListItem","position":1,"name":"Home","item":"https:\/\/chiptuningmarket.com\/pl\/"},{"@type":"ListItem","position":2,"name":"Sklep","item":"https:\/\/chiptuningmarket.com\/pl\/shop\/"},{"@type":"ListItem","position":3,"name":"Topdon Phoenix Plus"}]},{"@type":"WebSite","@id":"https:\/\/chiptuningmarket.com\/ru\/#website","url":"https:\/\/chiptuningmarket.com\/ru\/","name":"Chiptuningmarket","description":"Biggest chiptuning shop in Europe","publisher":{"@id":"https:\/\/chiptuningmarket.com\/ru\/#organization"},"alternateName":"Worldwide ecu tools supplier","potentialAction":[{"@type":"SearchAction","target":{"@type":"EntryPoint","urlTemplate":"https:\/\/chiptuningmarket.com\/ru\/?s={search_term_string}"},"query-input":{"@type":"PropertyValueSpecification","valueRequired":true,"valueName":"search_term_string"}}],"inLanguage":"pl-PL"},{"@type":"Organization","@id":"https:\/\/chiptuningmarket.com\/ru\/#organization","name":"Chiptuningmarket","alternateName":"Chiptuning tools supplier","url":"https:\/\/chiptuningmarket.com\/ru\/","logo":{"@type":"ImageObject","inLanguage":"pl-PL","@id":"https:\/\/chiptuningmarket.com\/ru\/#\/schema\/logo\/image\/","url":"https:\/\/chiptuningmarket.com\/wp-content\/uploads\/2023\/05\/logo-ChipTuningMarket-social.png","contentUrl":"https:\/\/chiptuningmarket.com\/wp-content\/uploads\/2023\/05\/logo-ChipTuningMarket-social.png","width":512,"height":512,"caption":"Chiptuningmarket"},"image":{"@id":"https:\/\/chiptuningmarket.com\/ru\/#\/schema\/logo\/image\/"}}]}},"_links":{"self":[{"href":"https:\/\/chiptuningmarket.com\/pl\/wp-json\/wp\/v2\/product\/18742","targetHints":{"allow":["GET"]}}],"collection":[{"href":"https:\/\/chiptuningmarket.com\/pl\/wp-json\/wp\/v2\/product"}],"about":[{"href":"https:\/\/chiptuningmarket.com\/pl\/wp-json\/wp\/v2\/types\/product"}],"wp:featuredmedia":[{"embeddable":true,"href":"https:\/\/chiptuningmarket.com\/pl\/wp-json\/wp\/v2\/media\/19753"}],"wp:attachment":[{"href":"https:\/\/chiptuningmarket.com\/pl\/wp-json\/wp\/v2\/media?parent=18742"}],"wp:term":[{"taxonomy":"product_brand","embeddable":true,"href":"https:\/\/chiptuningmarket.com\/pl\/wp-json\/wp\/v2\/product_brand?post=18742"},{"taxonomy":"product_cat","embeddable":true,"href":"https:\/\/chiptuningmarket.com\/pl\/wp-json\/wp\/v2\/product_cat?post=18742"},{"taxonomy":"product_tag","embeddable":true,"href":"https:\/\/chiptuningmarket.com\/pl\/wp-json\/wp\/v2\/product_tag?post=18742"}],"curies":[{"name":"wp","href":"https:\/\/api.w.org\/{rel}","templated":true}]}}