{"id":18824,"date":"2021-07-16T11:12:49","date_gmt":"2021-07-16T11:12:49","guid":{"rendered":"https:\/\/chiptuningmarket.com\/product\/magic-trolley-xl\/"},"modified":"2022-04-12T16:26:59","modified_gmt":"2022-04-12T16:26:59","slug":"magic-trolley-xl","status":"publish","type":"product","link":"https:\/\/chiptuningmarket.com\/pl\/shop\/akcesoria-chiptuning-pl\/magic-trolley-xl\/","title":{"rendered":"Magic Trolley XL"},"content":{"rendered":"<p style=\"text-align: center;\"><strong>Magic Trolley XL<\/strong><\/p>\n<p style=\"text-align: center;\">W\u00f3zek Magic Trolley XL w pe\u0142ni spe\u0142nia funkcj\u0119 u\u0142atwiaj\u0105c\u0105 prac\u0119 i u\u017cytkowanie \u0142adowarek w warsztatach samochodowych.<\/p>\n<p><img decoding=\"async\" class=\"aligncenter size-full wp-image-16038\" src=\"https:\/\/ms-group.pl\/wp-content\/uploads\/2021\/07\/GYSTXL-3_5.jpg\" alt=\"\" width=\"600\" height=\"600\" \/><\/p>\n<p>Diagnozowanie najnowszych samochod\u00f3w coraz cz\u0119\u015bciej wymaga zastosowania profesjonalnego prostownika do akumulator\u00f3w.<\/p>\n<p>W\u00f3zek ten w pe\u0142ni spe\u0142nia swoj\u0105 funkcj\u0119, aby u\u0142atwi\u0107 prac\u0119 i korzystanie z \u0142adowarek w warsztatach samochodowych. Dodatkowa p\u00f3\u0142ka zwi\u0119ksza ergonomi\u0119 i umo\u017cliwia przechowywanie na w\u00f3zku klawiatur, laptop\u00f3w lub dodatkowych narz\u0119dzi. TROLLEY daje mobilne miejsce pracy przy poje\u017adzie. W\u00f3zek wyposa\u017cony jest w uchwyt do zawieszenia przewod\u00f3w po\u0142\u0105czeniowych do akumulatora. Fantastyczny przeno\u015bny w\u00f3zek, kt\u00f3ry pozwala u\u017cytkownikowi na transport \u0142adowarki wsz\u0119dzie tam, gdzie jest potrzebna.<\/p>\n<p>&nbsp;<\/p>\n<p>&nbsp;<\/p>\n<p><img decoding=\"async\" class=\"aligncenter size-full wp-image-16037\" src=\"https:\/\/ms-group.pl\/wp-content\/uploads\/2021\/07\/GYSTXL-4_5.jpg\" alt=\"\" width=\"600\" height=\"600\" \/>W ofercie r\u00f3wnie\u017c:<\/p>\n<p><a style=\"color: blue;\" href=\"https:\/\/chiptuningmarket.com\/product\/flex-full-sw-package-master\/\">Flex MASTER \u2013 FULL SW Package<\/a><\/p>\n<p><a style=\"color: blue;\" href=\"https:\/\/chiptuningmarket.com\/product\/flex-slave-bikes-fls0-13s\/\">FLEX Slave Bikes FLS0.13S<\/a><\/p>\n","protected":false},"excerpt":{"rendered":"<p>Magic Trolley XL W\u00f3zek Magic Trolley XL w pe\u0142ni spe\u0142nia funkcj\u0119 u\u0142atwiaj\u0105c\u0105 prac\u0119 i u\u017cytkowanie \u0142adowarek w warsztatach samochodowych. Diagnozowanie najnowszych samochod\u00f3w coraz cz\u0119\u015bciej wymaga zastosowania profesjonalnego prostownika do akumulator\u00f3w.<\/p>\n","protected":false},"featured_media":17729,"template":"","meta":{"_monsterinsights_skip_tracking":false,"_monsterinsights_sitenote_active":false,"_monsterinsights_sitenote_note":"","_monsterinsights_sitenote_category":0},"product_brand":[],"product_cat":[5060],"product_tag":[2751,2751,1497,1497,2800,2801,2882,2881,2884,2882,2881,2884,2800,2801],"class_list":{"0":"post-18824","1":"product","2":"type-product","3":"status-publish","4":"has-post-thumbnail","6":"product_cat-akcesoria-chiptuning-pl","7":"product_tag-gysflash-trolley-pl","9":"product_tag-magic-trolley-xl-pl","11":"product_tag-power-supply-ecu-programming-pl","12":"product_tag-power-supply-unit-100a-pl","13":"product_tag-trolley-gys-pl","14":"product_tag-trolley-mms-pl","15":"product_tag-trolley-power-supply-chiptunning-pl","21":"product_shipping_class-rama-pl","24":"first","25":"outofstock","26":"taxable","27":"shipping-taxable","28":"purchasable","29":"product-type-simple"},"yoast_head":"<!-- This site is optimized with the Yoast SEO plugin v25.2 - https:\/\/yoast.com\/wordpress\/plugins\/seo\/ -->\n<title>Magic Trolley XL - Chiptuningmarket<\/title>\n<meta name=\"robots\" content=\"index, follow, max-snippet:-1, max-image-preview:large, max-video-preview:-1\" \/>\n<link rel=\"canonical\" href=\"https:\/\/chiptuningmarket.com\/pl\/shop\/akcesoria-chiptuning-pl\/magic-trolley-xl\/\" \/>\n<meta property=\"og:locale\" content=\"pl_PL\" \/>\n<meta property=\"og:type\" content=\"article\" \/>\n<meta property=\"og:title\" content=\"Magic Trolley XL - Chiptuningmarket\" \/>\n<meta property=\"og:description\" content=\"Magic Trolley XL W\u00f3zek Magic Trolley XL w pe\u0142ni spe\u0142nia funkcj\u0119 u\u0142atwiaj\u0105c\u0105 prac\u0119 i u\u017cytkowanie \u0142adowarek w warsztatach samochodowych. Diagnozowanie najnowszych samochod\u00f3w coraz cz\u0119\u015bciej wymaga zastosowania profesjonalnego prostownika do akumulator\u00f3w.\" \/>\n<meta property=\"og:url\" content=\"https:\/\/chiptuningmarket.com\/pl\/shop\/akcesoria-chiptuning-pl\/magic-trolley-xl\/\" \/>\n<meta property=\"og:site_name\" content=\"Chiptuningmarket\" \/>\n<meta property=\"article:modified_time\" content=\"2022-04-12T16:26:59+00:00\" \/>\n<meta property=\"og:image\" content=\"https:\/\/chiptuningmarket.com\/wp-content\/uploads\/2021\/10\/GYSTXL-4_5.jpg\" \/>\n\t<meta property=\"og:image:width\" content=\"600\" \/>\n\t<meta property=\"og:image:height\" content=\"600\" \/>\n\t<meta property=\"og:image:type\" content=\"image\/jpeg\" \/>\n<meta name=\"twitter:card\" content=\"summary_large_image\" \/>\n<meta name=\"twitter:label1\" content=\"Szacowany czas czytania\" \/>\n\t<meta name=\"twitter:data1\" content=\"1 minuta\" \/>\n<script type=\"application\/ld+json\" class=\"yoast-schema-graph\">{\"@context\":\"https:\/\/schema.org\",\"@graph\":[{\"@type\":\"WebPage\",\"@id\":\"https:\/\/chiptuningmarket.com\/pl\/shop\/akcesoria-chiptuning-pl\/magic-trolley-xl\/\",\"url\":\"https:\/\/chiptuningmarket.com\/pl\/shop\/akcesoria-chiptuning-pl\/magic-trolley-xl\/\",\"name\":\"Magic Trolley XL - Chiptuningmarket\",\"isPartOf\":{\"@id\":\"https:\/\/chiptuningmarket.com\/ru\/#website\"},\"primaryImageOfPage\":{\"@id\":\"https:\/\/chiptuningmarket.com\/pl\/shop\/akcesoria-chiptuning-pl\/magic-trolley-xl\/#primaryimage\"},\"image\":{\"@id\":\"https:\/\/chiptuningmarket.com\/pl\/shop\/akcesoria-chiptuning-pl\/magic-trolley-xl\/#primaryimage\"},\"thumbnailUrl\":\"https:\/\/chiptuningmarket.com\/wp-content\/uploads\/2021\/10\/GYSTXL-4_5.jpg\",\"datePublished\":\"2021-07-16T11:12:49+00:00\",\"dateModified\":\"2022-04-12T16:26:59+00:00\",\"breadcrumb\":{\"@id\":\"https:\/\/chiptuningmarket.com\/pl\/shop\/akcesoria-chiptuning-pl\/magic-trolley-xl\/#breadcrumb\"},\"inLanguage\":\"pl-PL\",\"potentialAction\":[{\"@type\":\"ReadAction\",\"target\":[\"https:\/\/chiptuningmarket.com\/pl\/shop\/akcesoria-chiptuning-pl\/magic-trolley-xl\/\"]}]},{\"@type\":\"ImageObject\",\"inLanguage\":\"pl-PL\",\"@id\":\"https:\/\/chiptuningmarket.com\/pl\/shop\/akcesoria-chiptuning-pl\/magic-trolley-xl\/#primaryimage\",\"url\":\"https:\/\/chiptuningmarket.com\/wp-content\/uploads\/2021\/10\/GYSTXL-4_5.jpg\",\"contentUrl\":\"https:\/\/chiptuningmarket.com\/wp-content\/uploads\/2021\/10\/GYSTXL-4_5.jpg\",\"width\":600,\"height\":600},{\"@type\":\"BreadcrumbList\",\"@id\":\"https:\/\/chiptuningmarket.com\/pl\/shop\/akcesoria-chiptuning-pl\/magic-trolley-xl\/#breadcrumb\",\"itemListElement\":[{\"@type\":\"ListItem\",\"position\":1,\"name\":\"Home\",\"item\":\"https:\/\/chiptuningmarket.com\/pl\/\"},{\"@type\":\"ListItem\",\"position\":2,\"name\":\"Sklep\",\"item\":\"https:\/\/chiptuningmarket.com\/pl\/shop\/\"},{\"@type\":\"ListItem\",\"position\":3,\"name\":\"Magic Trolley XL\"}]},{\"@type\":\"WebSite\",\"@id\":\"https:\/\/chiptuningmarket.com\/ru\/#website\",\"url\":\"https:\/\/chiptuningmarket.com\/ru\/\",\"name\":\"Chiptuningmarket\",\"description\":\"Biggest chiptuning shop in Europe\",\"publisher\":{\"@id\":\"https:\/\/chiptuningmarket.com\/ru\/#organization\"},\"alternateName\":\"Worldwide ecu tools supplier\",\"potentialAction\":[{\"@type\":\"SearchAction\",\"target\":{\"@type\":\"EntryPoint\",\"urlTemplate\":\"https:\/\/chiptuningmarket.com\/ru\/?s={search_term_string}\"},\"query-input\":{\"@type\":\"PropertyValueSpecification\",\"valueRequired\":true,\"valueName\":\"search_term_string\"}}],\"inLanguage\":\"pl-PL\"},{\"@type\":\"Organization\",\"@id\":\"https:\/\/chiptuningmarket.com\/ru\/#organization\",\"name\":\"Chiptuningmarket\",\"alternateName\":\"Chiptuning tools supplier\",\"url\":\"https:\/\/chiptuningmarket.com\/ru\/\",\"logo\":{\"@type\":\"ImageObject\",\"inLanguage\":\"pl-PL\",\"@id\":\"https:\/\/chiptuningmarket.com\/ru\/#\/schema\/logo\/image\/\",\"url\":\"https:\/\/chiptuningmarket.com\/wp-content\/uploads\/2023\/05\/logo-ChipTuningMarket-social.png\",\"contentUrl\":\"https:\/\/chiptuningmarket.com\/wp-content\/uploads\/2023\/05\/logo-ChipTuningMarket-social.png\",\"width\":512,\"height\":512,\"caption\":\"Chiptuningmarket\"},\"image\":{\"@id\":\"https:\/\/chiptuningmarket.com\/ru\/#\/schema\/logo\/image\/\"}}]}<\/script>\n<!-- \/ Yoast SEO plugin. -->","yoast_head_json":{"title":"Magic Trolley XL - Chiptuningmarket","robots":{"index":"index","follow":"follow","max-snippet":"max-snippet:-1","max-image-preview":"max-image-preview:large","max-video-preview":"max-video-preview:-1"},"canonical":"https:\/\/chiptuningmarket.com\/pl\/shop\/akcesoria-chiptuning-pl\/magic-trolley-xl\/","og_locale":"pl_PL","og_type":"article","og_title":"Magic Trolley XL - Chiptuningmarket","og_description":"Magic Trolley XL W\u00f3zek Magic Trolley XL w pe\u0142ni spe\u0142nia funkcj\u0119 u\u0142atwiaj\u0105c\u0105 prac\u0119 i u\u017cytkowanie \u0142adowarek w warsztatach samochodowych. Diagnozowanie najnowszych samochod\u00f3w coraz cz\u0119\u015bciej wymaga zastosowania profesjonalnego prostownika do akumulator\u00f3w.","og_url":"https:\/\/chiptuningmarket.com\/pl\/shop\/akcesoria-chiptuning-pl\/magic-trolley-xl\/","og_site_name":"Chiptuningmarket","article_modified_time":"2022-04-12T16:26:59+00:00","og_image":[{"width":600,"height":600,"url":"https:\/\/chiptuningmarket.com\/wp-content\/uploads\/2021\/10\/GYSTXL-4_5.jpg","type":"image\/jpeg"}],"twitter_card":"summary_large_image","twitter_misc":{"Szacowany czas czytania":"1 minuta"},"schema":{"@context":"https:\/\/schema.org","@graph":[{"@type":"WebPage","@id":"https:\/\/chiptuningmarket.com\/pl\/shop\/akcesoria-chiptuning-pl\/magic-trolley-xl\/","url":"https:\/\/chiptuningmarket.com\/pl\/shop\/akcesoria-chiptuning-pl\/magic-trolley-xl\/","name":"Magic Trolley XL - Chiptuningmarket","isPartOf":{"@id":"https:\/\/chiptuningmarket.com\/ru\/#website"},"primaryImageOfPage":{"@id":"https:\/\/chiptuningmarket.com\/pl\/shop\/akcesoria-chiptuning-pl\/magic-trolley-xl\/#primaryimage"},"image":{"@id":"https:\/\/chiptuningmarket.com\/pl\/shop\/akcesoria-chiptuning-pl\/magic-trolley-xl\/#primaryimage"},"thumbnailUrl":"https:\/\/chiptuningmarket.com\/wp-content\/uploads\/2021\/10\/GYSTXL-4_5.jpg","datePublished":"2021-07-16T11:12:49+00:00","dateModified":"2022-04-12T16:26:59+00:00","breadcrumb":{"@id":"https:\/\/chiptuningmarket.com\/pl\/shop\/akcesoria-chiptuning-pl\/magic-trolley-xl\/#breadcrumb"},"inLanguage":"pl-PL","potentialAction":[{"@type":"ReadAction","target":["https:\/\/chiptuningmarket.com\/pl\/shop\/akcesoria-chiptuning-pl\/magic-trolley-xl\/"]}]},{"@type":"ImageObject","inLanguage":"pl-PL","@id":"https:\/\/chiptuningmarket.com\/pl\/shop\/akcesoria-chiptuning-pl\/magic-trolley-xl\/#primaryimage","url":"https:\/\/chiptuningmarket.com\/wp-content\/uploads\/2021\/10\/GYSTXL-4_5.jpg","contentUrl":"https:\/\/chiptuningmarket.com\/wp-content\/uploads\/2021\/10\/GYSTXL-4_5.jpg","width":600,"height":600},{"@type":"BreadcrumbList","@id":"https:\/\/chiptuningmarket.com\/pl\/shop\/akcesoria-chiptuning-pl\/magic-trolley-xl\/#breadcrumb","itemListElement":[{"@type":"ListItem","position":1,"name":"Home","item":"https:\/\/chiptuningmarket.com\/pl\/"},{"@type":"ListItem","position":2,"name":"Sklep","item":"https:\/\/chiptuningmarket.com\/pl\/shop\/"},{"@type":"ListItem","position":3,"name":"Magic Trolley XL"}]},{"@type":"WebSite","@id":"https:\/\/chiptuningmarket.com\/ru\/#website","url":"https:\/\/chiptuningmarket.com\/ru\/","name":"Chiptuningmarket","description":"Biggest chiptuning shop in Europe","publisher":{"@id":"https:\/\/chiptuningmarket.com\/ru\/#organization"},"alternateName":"Worldwide ecu tools supplier","potentialAction":[{"@type":"SearchAction","target":{"@type":"EntryPoint","urlTemplate":"https:\/\/chiptuningmarket.com\/ru\/?s={search_term_string}"},"query-input":{"@type":"PropertyValueSpecification","valueRequired":true,"valueName":"search_term_string"}}],"inLanguage":"pl-PL"},{"@type":"Organization","@id":"https:\/\/chiptuningmarket.com\/ru\/#organization","name":"Chiptuningmarket","alternateName":"Chiptuning tools supplier","url":"https:\/\/chiptuningmarket.com\/ru\/","logo":{"@type":"ImageObject","inLanguage":"pl-PL","@id":"https:\/\/chiptuningmarket.com\/ru\/#\/schema\/logo\/image\/","url":"https:\/\/chiptuningmarket.com\/wp-content\/uploads\/2023\/05\/logo-ChipTuningMarket-social.png","contentUrl":"https:\/\/chiptuningmarket.com\/wp-content\/uploads\/2023\/05\/logo-ChipTuningMarket-social.png","width":512,"height":512,"caption":"Chiptuningmarket"},"image":{"@id":"https:\/\/chiptuningmarket.com\/ru\/#\/schema\/logo\/image\/"}}]}},"_links":{"self":[{"href":"https:\/\/chiptuningmarket.com\/pl\/wp-json\/wp\/v2\/product\/18824","targetHints":{"allow":["GET"]}}],"collection":[{"href":"https:\/\/chiptuningmarket.com\/pl\/wp-json\/wp\/v2\/product"}],"about":[{"href":"https:\/\/chiptuningmarket.com\/pl\/wp-json\/wp\/v2\/types\/product"}],"wp:featuredmedia":[{"embeddable":true,"href":"https:\/\/chiptuningmarket.com\/pl\/wp-json\/wp\/v2\/media\/17729"}],"wp:attachment":[{"href":"https:\/\/chiptuningmarket.com\/pl\/wp-json\/wp\/v2\/media?parent=18824"}],"wp:term":[{"taxonomy":"product_brand","embeddable":true,"href":"https:\/\/chiptuningmarket.com\/pl\/wp-json\/wp\/v2\/product_brand?post=18824"},{"taxonomy":"product_cat","embeddable":true,"href":"https:\/\/chiptuningmarket.com\/pl\/wp-json\/wp\/v2\/product_cat?post=18824"},{"taxonomy":"product_tag","embeddable":true,"href":"https:\/\/chiptuningmarket.com\/pl\/wp-json\/wp\/v2\/product_tag?post=18824"}],"curies":[{"name":"wp","href":"https:\/\/api.w.org\/{rel}","templated":true}]}}