{"id":18827,"date":"2021-07-22T12:10:42","date_gmt":"2021-07-22T11:10:42","guid":{"rendered":"https:\/\/chiptuningmarket.com\/product\/mms-license-plates-somagic\/"},"modified":"2022-11-23T11:53:57","modified_gmt":"2022-11-23T11:53:57","slug":"mms-license-plates-somagic","status":"publish","type":"product","link":"https:\/\/chiptuningmarket.com\/pl\/shop\/gadzety-pl\/mms-license-plates-somagic\/","title":{"rendered":"Tablice rejestracyjne MMS #SOMAGIC"},"content":{"rendered":"<p style=\"text-align: center;\"><strong>Tablice rejestracyjne MMS #SOMAGIC<\/strong><\/p>\n<p><img decoding=\"async\" class=\"aligncenter size-full wp-image-16077\" src=\"https:\/\/ms-group.pl\/wp-content\/uploads\/2021\/07\/MAGP8.138-1_832.jpg\" alt=\"\" width=\"600\" height=\"600\" \/>Ekskluzywny gad\u017cet na zam\u00f3wienie, tablica rejestracyjna MMS Brand #SOMAGIC odwzorowuje te obecne na pojazdach i dlatego mo\u017ce by\u0107 u\u017cywana jako tymczasowa os\u0142ona tablicy rejestracyjnej w warsztatach, gdy nadarzy si\u0119 okazja do zrobienia zdj\u0119cia. \u0141atwy w monta\u017cu i demonta\u017cu, mo\u017ce by\u0107 umieszczony na wszystkich typach pojazd\u00f3w i jest idealny do zastosowania na samochodach wystawowych lub do u\u017cytku dekoracyjnego. 36&#215;11 cm (prz\u00f3d); 52&#215;11 cm (ty\u0142)<\/p>\n<p>W ofercie r\u00f3wnie\u017c:<\/p>\n<p><a style=\"color: blue;\" href=\"https:\/\/chiptuningmarket.com\/product\/oslona-blotnika-mms\/\">Os\u0142ona b\u0142otnika MMS<\/a><\/p>\n<p><a style=\"color: blue;\" href=\"https:\/\/chiptuningmarket.com\/product\/ramka-na-tablice-rejestracyjna-ms-performance\/\">Ramka na tablic\u0119 rejestracyjn\u0105 MS Performance<\/a><\/p>\n","protected":false},"excerpt":{"rendered":"<p>Tablica rejestracyjna MMS Brand #SOMAGIC odwzorowuje te obecne na pojazdach i dlatego mo\u017ce by\u0107 u\u017cywana jako tymczasowa os\u0142ona tablicy rejestracyjnej w warsztatach, gdy nadarzy si\u0119 okazja do zrobienia zdj\u0119cia.<\/p>\n","protected":false},"featured_media":19560,"template":"","meta":{"_monsterinsights_skip_tracking":false,"_monsterinsights_sitenote_active":false,"_monsterinsights_sitenote_note":"","_monsterinsights_sitenote_category":0},"product_brand":[],"product_cat":[5158],"product_tag":[1501,2778],"class_list":{"0":"post-18827","1":"product","2":"type-product","3":"status-publish","4":"has-post-thumbnail","6":"product_cat-gadzety-pl","7":"product_tag-mms-plate-cover-pl","8":"product_tag-license-plates-for-photos-mms-pl","10":"first","11":"instock","12":"taxable","13":"shipping-taxable","14":"purchasable","15":"product-type-simple"},"yoast_head":"<!-- This site is optimized with the Yoast SEO plugin v25.2 - https:\/\/yoast.com\/wordpress\/plugins\/seo\/ -->\n<title>Tablice rejestracyjne MMS #SOMAGIC - Chiptuningmarket<\/title>\n<meta name=\"description\" content=\"MMS License Plates #SOMAGIC - License plate cover for workshops\" \/>\n<meta name=\"robots\" content=\"index, follow, max-snippet:-1, max-image-preview:large, max-video-preview:-1\" \/>\n<link rel=\"canonical\" href=\"https:\/\/chiptuningmarket.com\/pl\/shop\/gadzety-pl\/mms-license-plates-somagic\/\" \/>\n<meta property=\"og:locale\" content=\"pl_PL\" \/>\n<meta property=\"og:type\" content=\"article\" \/>\n<meta property=\"og:title\" content=\"Tablice rejestracyjne MMS #SOMAGIC - Chiptuningmarket\" \/>\n<meta property=\"og:description\" content=\"MMS License Plates #SOMAGIC - License plate cover for workshops\" \/>\n<meta property=\"og:url\" content=\"https:\/\/chiptuningmarket.com\/pl\/shop\/gadzety-pl\/mms-license-plates-somagic\/\" \/>\n<meta property=\"og:site_name\" content=\"Chiptuningmarket\" \/>\n<meta property=\"article:modified_time\" content=\"2022-11-23T11:53:57+00:00\" \/>\n<meta property=\"og:image\" content=\"https:\/\/chiptuningmarket.com\/wp-content\/uploads\/2021\/07\/SO-Plates.jpg\" \/>\n\t<meta property=\"og:image:width\" content=\"1000\" \/>\n\t<meta property=\"og:image:height\" content=\"1000\" \/>\n\t<meta property=\"og:image:type\" content=\"image\/jpeg\" \/>\n<meta name=\"twitter:card\" content=\"summary_large_image\" \/>\n<meta name=\"twitter:label1\" content=\"Szacowany czas czytania\" \/>\n\t<meta name=\"twitter:data1\" content=\"1 minuta\" \/>\n<script type=\"application\/ld+json\" class=\"yoast-schema-graph\">{\"@context\":\"https:\/\/schema.org\",\"@graph\":[{\"@type\":\"WebPage\",\"@id\":\"https:\/\/chiptuningmarket.com\/pl\/shop\/gadzety-pl\/mms-license-plates-somagic\/\",\"url\":\"https:\/\/chiptuningmarket.com\/pl\/shop\/gadzety-pl\/mms-license-plates-somagic\/\",\"name\":\"Tablice rejestracyjne MMS #SOMAGIC - Chiptuningmarket\",\"isPartOf\":{\"@id\":\"https:\/\/chiptuningmarket.com\/pl\/#website\"},\"primaryImageOfPage\":{\"@id\":\"https:\/\/chiptuningmarket.com\/pl\/shop\/gadzety-pl\/mms-license-plates-somagic\/#primaryimage\"},\"image\":{\"@id\":\"https:\/\/chiptuningmarket.com\/pl\/shop\/gadzety-pl\/mms-license-plates-somagic\/#primaryimage\"},\"thumbnailUrl\":\"https:\/\/chiptuningmarket.com\/wp-content\/uploads\/2021\/07\/SO-Plates.jpg\",\"datePublished\":\"2021-07-22T11:10:42+00:00\",\"dateModified\":\"2022-11-23T11:53:57+00:00\",\"description\":\"MMS License Plates #SOMAGIC - License plate cover for workshops\",\"breadcrumb\":{\"@id\":\"https:\/\/chiptuningmarket.com\/pl\/shop\/gadzety-pl\/mms-license-plates-somagic\/#breadcrumb\"},\"inLanguage\":\"pl-PL\",\"potentialAction\":[{\"@type\":\"ReadAction\",\"target\":[\"https:\/\/chiptuningmarket.com\/pl\/shop\/gadzety-pl\/mms-license-plates-somagic\/\"]}]},{\"@type\":\"ImageObject\",\"inLanguage\":\"pl-PL\",\"@id\":\"https:\/\/chiptuningmarket.com\/pl\/shop\/gadzety-pl\/mms-license-plates-somagic\/#primaryimage\",\"url\":\"https:\/\/chiptuningmarket.com\/wp-content\/uploads\/2021\/07\/SO-Plates.jpg\",\"contentUrl\":\"https:\/\/chiptuningmarket.com\/wp-content\/uploads\/2021\/07\/SO-Plates.jpg\",\"width\":1000,\"height\":1000},{\"@type\":\"BreadcrumbList\",\"@id\":\"https:\/\/chiptuningmarket.com\/pl\/shop\/gadzety-pl\/mms-license-plates-somagic\/#breadcrumb\",\"itemListElement\":[{\"@type\":\"ListItem\",\"position\":1,\"name\":\"Home\",\"item\":\"https:\/\/chiptuningmarket.com\/pl\/\"},{\"@type\":\"ListItem\",\"position\":2,\"name\":\"Sklep\",\"item\":\"https:\/\/chiptuningmarket.com\/pl\/shop\/\"},{\"@type\":\"ListItem\",\"position\":3,\"name\":\"Tablice rejestracyjne MMS #SOMAGIC\"}]},{\"@type\":\"WebSite\",\"@id\":\"https:\/\/chiptuningmarket.com\/pl\/#website\",\"url\":\"https:\/\/chiptuningmarket.com\/pl\/\",\"name\":\"Chiptuningmarket\",\"description\":\"Biggest chiptuning shop in Europe\",\"publisher\":{\"@id\":\"https:\/\/chiptuningmarket.com\/pl\/#organization\"},\"alternateName\":\"Worldwide ecu tools supplier\",\"potentialAction\":[{\"@type\":\"SearchAction\",\"target\":{\"@type\":\"EntryPoint\",\"urlTemplate\":\"https:\/\/chiptuningmarket.com\/pl\/?s={search_term_string}\"},\"query-input\":{\"@type\":\"PropertyValueSpecification\",\"valueRequired\":true,\"valueName\":\"search_term_string\"}}],\"inLanguage\":\"pl-PL\"},{\"@type\":\"Organization\",\"@id\":\"https:\/\/chiptuningmarket.com\/pl\/#organization\",\"name\":\"Chiptuningmarket\",\"alternateName\":\"Chiptuning tools supplier\",\"url\":\"https:\/\/chiptuningmarket.com\/pl\/\",\"logo\":{\"@type\":\"ImageObject\",\"inLanguage\":\"pl-PL\",\"@id\":\"https:\/\/chiptuningmarket.com\/pl\/#\/schema\/logo\/image\/\",\"url\":\"https:\/\/chiptuningmarket.com\/wp-content\/uploads\/2023\/05\/logo-ChipTuningMarket-social.png\",\"contentUrl\":\"https:\/\/chiptuningmarket.com\/wp-content\/uploads\/2023\/05\/logo-ChipTuningMarket-social.png\",\"width\":512,\"height\":512,\"caption\":\"Chiptuningmarket\"},\"image\":{\"@id\":\"https:\/\/chiptuningmarket.com\/pl\/#\/schema\/logo\/image\/\"}}]}<\/script>\n<!-- \/ Yoast SEO plugin. -->","yoast_head_json":{"title":"Tablice rejestracyjne MMS #SOMAGIC - Chiptuningmarket","description":"MMS License Plates #SOMAGIC - License plate cover for workshops","robots":{"index":"index","follow":"follow","max-snippet":"max-snippet:-1","max-image-preview":"max-image-preview:large","max-video-preview":"max-video-preview:-1"},"canonical":"https:\/\/chiptuningmarket.com\/pl\/shop\/gadzety-pl\/mms-license-plates-somagic\/","og_locale":"pl_PL","og_type":"article","og_title":"Tablice rejestracyjne MMS #SOMAGIC - Chiptuningmarket","og_description":"MMS License Plates #SOMAGIC - License plate cover for workshops","og_url":"https:\/\/chiptuningmarket.com\/pl\/shop\/gadzety-pl\/mms-license-plates-somagic\/","og_site_name":"Chiptuningmarket","article_modified_time":"2022-11-23T11:53:57+00:00","og_image":[{"width":1000,"height":1000,"url":"https:\/\/chiptuningmarket.com\/wp-content\/uploads\/2021\/07\/SO-Plates.jpg","type":"image\/jpeg"}],"twitter_card":"summary_large_image","twitter_misc":{"Szacowany czas czytania":"1 minuta"},"schema":{"@context":"https:\/\/schema.org","@graph":[{"@type":"WebPage","@id":"https:\/\/chiptuningmarket.com\/pl\/shop\/gadzety-pl\/mms-license-plates-somagic\/","url":"https:\/\/chiptuningmarket.com\/pl\/shop\/gadzety-pl\/mms-license-plates-somagic\/","name":"Tablice rejestracyjne MMS #SOMAGIC - Chiptuningmarket","isPartOf":{"@id":"https:\/\/chiptuningmarket.com\/pl\/#website"},"primaryImageOfPage":{"@id":"https:\/\/chiptuningmarket.com\/pl\/shop\/gadzety-pl\/mms-license-plates-somagic\/#primaryimage"},"image":{"@id":"https:\/\/chiptuningmarket.com\/pl\/shop\/gadzety-pl\/mms-license-plates-somagic\/#primaryimage"},"thumbnailUrl":"https:\/\/chiptuningmarket.com\/wp-content\/uploads\/2021\/07\/SO-Plates.jpg","datePublished":"2021-07-22T11:10:42+00:00","dateModified":"2022-11-23T11:53:57+00:00","description":"MMS License Plates #SOMAGIC - License plate cover for workshops","breadcrumb":{"@id":"https:\/\/chiptuningmarket.com\/pl\/shop\/gadzety-pl\/mms-license-plates-somagic\/#breadcrumb"},"inLanguage":"pl-PL","potentialAction":[{"@type":"ReadAction","target":["https:\/\/chiptuningmarket.com\/pl\/shop\/gadzety-pl\/mms-license-plates-somagic\/"]}]},{"@type":"ImageObject","inLanguage":"pl-PL","@id":"https:\/\/chiptuningmarket.com\/pl\/shop\/gadzety-pl\/mms-license-plates-somagic\/#primaryimage","url":"https:\/\/chiptuningmarket.com\/wp-content\/uploads\/2021\/07\/SO-Plates.jpg","contentUrl":"https:\/\/chiptuningmarket.com\/wp-content\/uploads\/2021\/07\/SO-Plates.jpg","width":1000,"height":1000},{"@type":"BreadcrumbList","@id":"https:\/\/chiptuningmarket.com\/pl\/shop\/gadzety-pl\/mms-license-plates-somagic\/#breadcrumb","itemListElement":[{"@type":"ListItem","position":1,"name":"Home","item":"https:\/\/chiptuningmarket.com\/pl\/"},{"@type":"ListItem","position":2,"name":"Sklep","item":"https:\/\/chiptuningmarket.com\/pl\/shop\/"},{"@type":"ListItem","position":3,"name":"Tablice rejestracyjne MMS #SOMAGIC"}]},{"@type":"WebSite","@id":"https:\/\/chiptuningmarket.com\/pl\/#website","url":"https:\/\/chiptuningmarket.com\/pl\/","name":"Chiptuningmarket","description":"Biggest chiptuning shop in Europe","publisher":{"@id":"https:\/\/chiptuningmarket.com\/pl\/#organization"},"alternateName":"Worldwide ecu tools supplier","potentialAction":[{"@type":"SearchAction","target":{"@type":"EntryPoint","urlTemplate":"https:\/\/chiptuningmarket.com\/pl\/?s={search_term_string}"},"query-input":{"@type":"PropertyValueSpecification","valueRequired":true,"valueName":"search_term_string"}}],"inLanguage":"pl-PL"},{"@type":"Organization","@id":"https:\/\/chiptuningmarket.com\/pl\/#organization","name":"Chiptuningmarket","alternateName":"Chiptuning tools supplier","url":"https:\/\/chiptuningmarket.com\/pl\/","logo":{"@type":"ImageObject","inLanguage":"pl-PL","@id":"https:\/\/chiptuningmarket.com\/pl\/#\/schema\/logo\/image\/","url":"https:\/\/chiptuningmarket.com\/wp-content\/uploads\/2023\/05\/logo-ChipTuningMarket-social.png","contentUrl":"https:\/\/chiptuningmarket.com\/wp-content\/uploads\/2023\/05\/logo-ChipTuningMarket-social.png","width":512,"height":512,"caption":"Chiptuningmarket"},"image":{"@id":"https:\/\/chiptuningmarket.com\/pl\/#\/schema\/logo\/image\/"}}]}},"_links":{"self":[{"href":"https:\/\/chiptuningmarket.com\/pl\/wp-json\/wp\/v2\/product\/18827","targetHints":{"allow":["GET"]}}],"collection":[{"href":"https:\/\/chiptuningmarket.com\/pl\/wp-json\/wp\/v2\/product"}],"about":[{"href":"https:\/\/chiptuningmarket.com\/pl\/wp-json\/wp\/v2\/types\/product"}],"wp:featuredmedia":[{"embeddable":true,"href":"https:\/\/chiptuningmarket.com\/pl\/wp-json\/wp\/v2\/media\/19560"}],"wp:attachment":[{"href":"https:\/\/chiptuningmarket.com\/pl\/wp-json\/wp\/v2\/media?parent=18827"}],"wp:term":[{"taxonomy":"product_brand","embeddable":true,"href":"https:\/\/chiptuningmarket.com\/pl\/wp-json\/wp\/v2\/product_brand?post=18827"},{"taxonomy":"product_cat","embeddable":true,"href":"https:\/\/chiptuningmarket.com\/pl\/wp-json\/wp\/v2\/product_cat?post=18827"},{"taxonomy":"product_tag","embeddable":true,"href":"https:\/\/chiptuningmarket.com\/pl\/wp-json\/wp\/v2\/product_tag?post=18827"}],"curies":[{"name":"wp","href":"https:\/\/api.w.org\/{rel}","templated":true}]}}