{"id":18828,"date":"2021-07-22T15:20:25","date_gmt":"2021-07-22T14:20:25","guid":{"rendered":"https:\/\/chiptuningmarket.com\/product\/icom-next-a-oe-interfejs-diagnostyczny-bmw\/"},"modified":"2026-02-18T13:42:31","modified_gmt":"2026-02-18T12:42:31","slug":"icom-next-a","status":"publish","type":"product","link":"https:\/\/chiptuningmarket.com\/pl\/shop\/urzadzenia-diagnostyczne-pl-pl\/osobowe-urzadzenia-diagnostyczne-pl\/urzadzenia-diagnostyczne-icom\/icom-next-a\/","title":{"rendered":"ICOM Next A"},"content":{"rendered":"<p style=\"text-align: center\"><strong>ICOM Next A\u00a0<\/strong><\/p>\n<p style=\"text-align: center\">Produkt rekomendowany do diagnostyki pojazd\u00f3w BMW<\/p>\n<p style=\"text-align: center\">numer katalogowy: <strong>ACTIA AR10008059<\/strong><\/p>\n<p style=\"text-align: center\"><strong>NIE ZAWIERA OPROGRAMOWANIA\u00a0<\/strong><\/p>\n<p style=\"text-align: center\"><em><strong>Dost\u0119p do oprogramowania jest mo\u017cliwy tylko i wy\u0142\u0105cznie za pomoc\u0105 oficjalnego portalu AOS<\/strong><\/em>: <a href=\"https:\/\/aos.bmwgroup.com\/\">https:\/\/aos.bmwgroup.com\/<\/a><\/p>\n<p style=\"text-align: center\">W sk\u0142ad zestawu wchodzi:<\/p>\n<p style=\"text-align: center\">&#8211; multiplekser ACTIA ICOM NEXT A<\/p>\n<p style=\"text-align: center\">&#8211; przew\u00f3d OBD II 16PIN<\/p>\n<p style=\"text-align: center\">&#8211; Kabel LAN<\/p>\n<p>&nbsp;<\/p>\n<p style=\"text-align: center\">Obs\u0142uguje wszystkie protoko\u0142y komunikacji : MOST, DCAN, K+CAN, K-Line<\/p>\n<p><img decoding=\"async\" class=\"aligncenter size-large wp-image-16093\" src=\"https:\/\/ms-group.pl\/wp-content\/uploads\/2021\/07\/WhatsApp-Image-2021-07-23-at-10.06.34-1024x768.jpeg\" alt=\"\" width=\"1024\" height=\"768\" \/><\/p>\n<p>&nbsp;<\/p>\n<p>W ofercie r\u00f3wnie\u017c:<\/p>\n<p><a style=\"color: blue\" href=\"https:\/\/chiptuningmarket.com\/product\/phoenix-plus\/\">Phoenix Plus<\/a><\/p>\n<p><a style=\"color: blue\" href=\"https:\/\/chiptuningmarket.com\/product\/texa-navigator-multihub-txt\/\">Texa Navigator Multihub TXT<\/a><\/p>\n","protected":false},"excerpt":{"rendered":"<p style=\"text-align: center\">Produkt rekomendowany do diagnostyki pojazd\u00f3w BMW<\/p>\n<p style=\"text-align: center\">numer katalogowy: <strong>ACTIA AR10008059<\/strong><\/p>\n<p style=\"text-align: center\"><strong>NIE ZAWIERA OPROGRAMOWANIA\u00a0<\/strong><\/p>\n<p style=\"text-align: center\"><em><strong>Dost\u0119p do oprogramowania jest mo\u017cliwy tylko i wy\u0142\u0105cznie za pomoc\u0105 oficjalnego portalu AOS<\/strong><\/em>: <a href=\"https:\/\/aos.bmwgroup.com\/\">https:\/\/aos.bmwgroup.com\/<\/a><\/p>\n<p style=\"text-align: center\">W sk\u0142ad zestawu wchodzi:<\/p>\n<p style=\"text-align: center\">&#8211; multiplekser ACTIA ICOM NEXT A<\/p>\n<p style=\"text-align: center\">&#8211; przew\u00f3d OBD II 16PIN<\/p>\n<p style=\"text-align: center\">&#8211; Kabel LAN<\/p>\n<p>&nbsp;<\/p>\n<p style=\"text-align: center\">Obs\u0142uguje wszystkie protoko\u0142y komunikacji : MOST, DCAN, K+CAN, K-Line<\/p>\n","protected":false},"featured_media":401943,"template":"","meta":{"_monsterinsights_skip_tracking":false,"_monsterinsights_sitenote_active":false,"_monsterinsights_sitenote_note":"","_monsterinsights_sitenote_category":0},"product_brand":[],"product_cat":[5683],"product_tag":[1690,1691],"class_list":{"0":"post-18828","1":"product","2":"type-product","3":"status-publish","4":"has-post-thumbnail","6":"product_cat-urzadzenia-diagnostyczne-icom","7":"product_tag-icom-pl","8":"product_tag-icom-next-a-pl","9":"product_shipping_class-zwykla-pl","11":"first","12":"instock","13":"sale","14":"taxable","15":"shipping-taxable","16":"purchasable","17":"product-type-simple"},"yoast_head":"<!-- This site is optimized with the Yoast SEO plugin v25.2 - https:\/\/yoast.com\/wordpress\/plugins\/seo\/ -->\n<title>ICOM Next A - Chiptuningmarket<\/title>\n<meta name=\"description\" content=\"ICOM Next A - produkt rekomendowany do diagnostyki pojazd\u00f3w BMW. Numer katalogowy: ACTIA AR10008059\" \/>\n<meta name=\"robots\" content=\"index, follow, max-snippet:-1, max-image-preview:large, max-video-preview:-1\" \/>\n<link rel=\"canonical\" href=\"https:\/\/chiptuningmarket.com\/pl\/shop\/urzadzenia-diagnostyczne-pl-pl\/osobowe-urzadzenia-diagnostyczne-pl\/urzadzenia-diagnostyczne-icom\/icom-next-a\/\" \/>\n<meta property=\"og:locale\" content=\"pl_PL\" \/>\n<meta property=\"og:type\" content=\"article\" \/>\n<meta property=\"og:title\" content=\"ICOM Next A - Chiptuningmarket\" \/>\n<meta property=\"og:description\" content=\"ICOM Next A - produkt rekomendowany do diagnostyki pojazd\u00f3w BMW. Numer katalogowy: ACTIA AR10008059\" \/>\n<meta property=\"og:url\" content=\"https:\/\/chiptuningmarket.com\/pl\/shop\/urzadzenia-diagnostyczne-pl-pl\/osobowe-urzadzenia-diagnostyczne-pl\/urzadzenia-diagnostyczne-icom\/icom-next-a\/\" \/>\n<meta property=\"og:site_name\" content=\"Chiptuningmarket\" \/>\n<meta property=\"article:modified_time\" content=\"2026-02-18T12:42:31+00:00\" \/>\n<meta property=\"og:image\" content=\"https:\/\/chiptuningmarket.com\/wp-content\/uploads\/2021\/07\/ACTIA-ICOM-NEXT-A-5-scaled-e1771399864382.jpeg\" \/>\n\t<meta property=\"og:image:width\" content=\"1425\" \/>\n\t<meta property=\"og:image:height\" content=\"1786\" \/>\n\t<meta property=\"og:image:type\" content=\"image\/jpeg\" \/>\n<meta name=\"twitter:card\" content=\"summary_large_image\" \/>\n<meta name=\"twitter:label1\" content=\"Szacowany czas czytania\" \/>\n\t<meta name=\"twitter:data1\" content=\"1 minuta\" \/>\n<script type=\"application\/ld+json\" class=\"yoast-schema-graph\">{\"@context\":\"https:\/\/schema.org\",\"@graph\":[{\"@type\":\"WebPage\",\"@id\":\"https:\/\/chiptuningmarket.com\/pl\/shop\/urzadzenia-diagnostyczne-pl-pl\/osobowe-urzadzenia-diagnostyczne-pl\/urzadzenia-diagnostyczne-icom\/icom-next-a\/\",\"url\":\"https:\/\/chiptuningmarket.com\/pl\/shop\/urzadzenia-diagnostyczne-pl-pl\/osobowe-urzadzenia-diagnostyczne-pl\/urzadzenia-diagnostyczne-icom\/icom-next-a\/\",\"name\":\"ICOM Next A - Chiptuningmarket\",\"isPartOf\":{\"@id\":\"https:\/\/chiptuningmarket.com\/ru\/#website\"},\"primaryImageOfPage\":{\"@id\":\"https:\/\/chiptuningmarket.com\/pl\/shop\/urzadzenia-diagnostyczne-pl-pl\/osobowe-urzadzenia-diagnostyczne-pl\/urzadzenia-diagnostyczne-icom\/icom-next-a\/#primaryimage\"},\"image\":{\"@id\":\"https:\/\/chiptuningmarket.com\/pl\/shop\/urzadzenia-diagnostyczne-pl-pl\/osobowe-urzadzenia-diagnostyczne-pl\/urzadzenia-diagnostyczne-icom\/icom-next-a\/#primaryimage\"},\"thumbnailUrl\":\"https:\/\/chiptuningmarket.com\/wp-content\/uploads\/2021\/07\/ACTIA-ICOM-NEXT-A-5-scaled-e1771399864382.jpeg\",\"datePublished\":\"2021-07-22T14:20:25+00:00\",\"dateModified\":\"2026-02-18T12:42:31+00:00\",\"description\":\"ICOM Next A - produkt rekomendowany do diagnostyki pojazd\u00f3w BMW. Numer katalogowy: ACTIA AR10008059\",\"breadcrumb\":{\"@id\":\"https:\/\/chiptuningmarket.com\/pl\/shop\/urzadzenia-diagnostyczne-pl-pl\/osobowe-urzadzenia-diagnostyczne-pl\/urzadzenia-diagnostyczne-icom\/icom-next-a\/#breadcrumb\"},\"inLanguage\":\"pl-PL\",\"potentialAction\":[{\"@type\":\"ReadAction\",\"target\":[\"https:\/\/chiptuningmarket.com\/pl\/shop\/urzadzenia-diagnostyczne-pl-pl\/osobowe-urzadzenia-diagnostyczne-pl\/urzadzenia-diagnostyczne-icom\/icom-next-a\/\"]}]},{\"@type\":\"ImageObject\",\"inLanguage\":\"pl-PL\",\"@id\":\"https:\/\/chiptuningmarket.com\/pl\/shop\/urzadzenia-diagnostyczne-pl-pl\/osobowe-urzadzenia-diagnostyczne-pl\/urzadzenia-diagnostyczne-icom\/icom-next-a\/#primaryimage\",\"url\":\"https:\/\/chiptuningmarket.com\/wp-content\/uploads\/2021\/07\/ACTIA-ICOM-NEXT-A-5-scaled-e1771399864382.jpeg\",\"contentUrl\":\"https:\/\/chiptuningmarket.com\/wp-content\/uploads\/2021\/07\/ACTIA-ICOM-NEXT-A-5-scaled-e1771399864382.jpeg\",\"width\":1425,\"height\":1786,\"caption\":\"ACTIA ICOM NEXT A\"},{\"@type\":\"BreadcrumbList\",\"@id\":\"https:\/\/chiptuningmarket.com\/pl\/shop\/urzadzenia-diagnostyczne-pl-pl\/osobowe-urzadzenia-diagnostyczne-pl\/urzadzenia-diagnostyczne-icom\/icom-next-a\/#breadcrumb\",\"itemListElement\":[{\"@type\":\"ListItem\",\"position\":1,\"name\":\"Home\",\"item\":\"https:\/\/chiptuningmarket.com\/pl\/\"},{\"@type\":\"ListItem\",\"position\":2,\"name\":\"Sklep\",\"item\":\"https:\/\/chiptuningmarket.com\/pl\/shop\/\"},{\"@type\":\"ListItem\",\"position\":3,\"name\":\"ICOM Next A\"}]},{\"@type\":\"WebSite\",\"@id\":\"https:\/\/chiptuningmarket.com\/ru\/#website\",\"url\":\"https:\/\/chiptuningmarket.com\/ru\/\",\"name\":\"Chiptuningmarket\",\"description\":\"Biggest chiptuning shop in Europe\",\"publisher\":{\"@id\":\"https:\/\/chiptuningmarket.com\/ru\/#organization\"},\"alternateName\":\"Worldwide ecu tools supplier\",\"potentialAction\":[{\"@type\":\"SearchAction\",\"target\":{\"@type\":\"EntryPoint\",\"urlTemplate\":\"https:\/\/chiptuningmarket.com\/ru\/?s={search_term_string}\"},\"query-input\":{\"@type\":\"PropertyValueSpecification\",\"valueRequired\":true,\"valueName\":\"search_term_string\"}}],\"inLanguage\":\"pl-PL\"},{\"@type\":\"Organization\",\"@id\":\"https:\/\/chiptuningmarket.com\/ru\/#organization\",\"name\":\"Chiptuningmarket\",\"alternateName\":\"Chiptuning tools supplier\",\"url\":\"https:\/\/chiptuningmarket.com\/ru\/\",\"logo\":{\"@type\":\"ImageObject\",\"inLanguage\":\"pl-PL\",\"@id\":\"https:\/\/chiptuningmarket.com\/ru\/#\/schema\/logo\/image\/\",\"url\":\"https:\/\/chiptuningmarket.com\/wp-content\/uploads\/2023\/05\/logo-ChipTuningMarket-social.png\",\"contentUrl\":\"https:\/\/chiptuningmarket.com\/wp-content\/uploads\/2023\/05\/logo-ChipTuningMarket-social.png\",\"width\":512,\"height\":512,\"caption\":\"Chiptuningmarket\"},\"image\":{\"@id\":\"https:\/\/chiptuningmarket.com\/ru\/#\/schema\/logo\/image\/\"}}]}<\/script>\n<!-- \/ Yoast SEO plugin. -->","yoast_head_json":{"title":"ICOM Next A - Chiptuningmarket","description":"ICOM Next A - produkt rekomendowany do diagnostyki pojazd\u00f3w BMW. Numer katalogowy: ACTIA AR10008059","robots":{"index":"index","follow":"follow","max-snippet":"max-snippet:-1","max-image-preview":"max-image-preview:large","max-video-preview":"max-video-preview:-1"},"canonical":"https:\/\/chiptuningmarket.com\/pl\/shop\/urzadzenia-diagnostyczne-pl-pl\/osobowe-urzadzenia-diagnostyczne-pl\/urzadzenia-diagnostyczne-icom\/icom-next-a\/","og_locale":"pl_PL","og_type":"article","og_title":"ICOM Next A - Chiptuningmarket","og_description":"ICOM Next A - produkt rekomendowany do diagnostyki pojazd\u00f3w BMW. Numer katalogowy: ACTIA AR10008059","og_url":"https:\/\/chiptuningmarket.com\/pl\/shop\/urzadzenia-diagnostyczne-pl-pl\/osobowe-urzadzenia-diagnostyczne-pl\/urzadzenia-diagnostyczne-icom\/icom-next-a\/","og_site_name":"Chiptuningmarket","article_modified_time":"2026-02-18T12:42:31+00:00","og_image":[{"width":1425,"height":1786,"url":"https:\/\/chiptuningmarket.com\/wp-content\/uploads\/2021\/07\/ACTIA-ICOM-NEXT-A-5-scaled-e1771399864382.jpeg","type":"image\/jpeg"}],"twitter_card":"summary_large_image","twitter_misc":{"Szacowany czas czytania":"1 minuta"},"schema":{"@context":"https:\/\/schema.org","@graph":[{"@type":"WebPage","@id":"https:\/\/chiptuningmarket.com\/pl\/shop\/urzadzenia-diagnostyczne-pl-pl\/osobowe-urzadzenia-diagnostyczne-pl\/urzadzenia-diagnostyczne-icom\/icom-next-a\/","url":"https:\/\/chiptuningmarket.com\/pl\/shop\/urzadzenia-diagnostyczne-pl-pl\/osobowe-urzadzenia-diagnostyczne-pl\/urzadzenia-diagnostyczne-icom\/icom-next-a\/","name":"ICOM Next A - Chiptuningmarket","isPartOf":{"@id":"https:\/\/chiptuningmarket.com\/ru\/#website"},"primaryImageOfPage":{"@id":"https:\/\/chiptuningmarket.com\/pl\/shop\/urzadzenia-diagnostyczne-pl-pl\/osobowe-urzadzenia-diagnostyczne-pl\/urzadzenia-diagnostyczne-icom\/icom-next-a\/#primaryimage"},"image":{"@id":"https:\/\/chiptuningmarket.com\/pl\/shop\/urzadzenia-diagnostyczne-pl-pl\/osobowe-urzadzenia-diagnostyczne-pl\/urzadzenia-diagnostyczne-icom\/icom-next-a\/#primaryimage"},"thumbnailUrl":"https:\/\/chiptuningmarket.com\/wp-content\/uploads\/2021\/07\/ACTIA-ICOM-NEXT-A-5-scaled-e1771399864382.jpeg","datePublished":"2021-07-22T14:20:25+00:00","dateModified":"2026-02-18T12:42:31+00:00","description":"ICOM Next A - produkt rekomendowany do diagnostyki pojazd\u00f3w BMW. Numer katalogowy: ACTIA AR10008059","breadcrumb":{"@id":"https:\/\/chiptuningmarket.com\/pl\/shop\/urzadzenia-diagnostyczne-pl-pl\/osobowe-urzadzenia-diagnostyczne-pl\/urzadzenia-diagnostyczne-icom\/icom-next-a\/#breadcrumb"},"inLanguage":"pl-PL","potentialAction":[{"@type":"ReadAction","target":["https:\/\/chiptuningmarket.com\/pl\/shop\/urzadzenia-diagnostyczne-pl-pl\/osobowe-urzadzenia-diagnostyczne-pl\/urzadzenia-diagnostyczne-icom\/icom-next-a\/"]}]},{"@type":"ImageObject","inLanguage":"pl-PL","@id":"https:\/\/chiptuningmarket.com\/pl\/shop\/urzadzenia-diagnostyczne-pl-pl\/osobowe-urzadzenia-diagnostyczne-pl\/urzadzenia-diagnostyczne-icom\/icom-next-a\/#primaryimage","url":"https:\/\/chiptuningmarket.com\/wp-content\/uploads\/2021\/07\/ACTIA-ICOM-NEXT-A-5-scaled-e1771399864382.jpeg","contentUrl":"https:\/\/chiptuningmarket.com\/wp-content\/uploads\/2021\/07\/ACTIA-ICOM-NEXT-A-5-scaled-e1771399864382.jpeg","width":1425,"height":1786,"caption":"ACTIA ICOM NEXT A"},{"@type":"BreadcrumbList","@id":"https:\/\/chiptuningmarket.com\/pl\/shop\/urzadzenia-diagnostyczne-pl-pl\/osobowe-urzadzenia-diagnostyczne-pl\/urzadzenia-diagnostyczne-icom\/icom-next-a\/#breadcrumb","itemListElement":[{"@type":"ListItem","position":1,"name":"Home","item":"https:\/\/chiptuningmarket.com\/pl\/"},{"@type":"ListItem","position":2,"name":"Sklep","item":"https:\/\/chiptuningmarket.com\/pl\/shop\/"},{"@type":"ListItem","position":3,"name":"ICOM Next A"}]},{"@type":"WebSite","@id":"https:\/\/chiptuningmarket.com\/ru\/#website","url":"https:\/\/chiptuningmarket.com\/ru\/","name":"Chiptuningmarket","description":"Biggest chiptuning shop in Europe","publisher":{"@id":"https:\/\/chiptuningmarket.com\/ru\/#organization"},"alternateName":"Worldwide ecu tools supplier","potentialAction":[{"@type":"SearchAction","target":{"@type":"EntryPoint","urlTemplate":"https:\/\/chiptuningmarket.com\/ru\/?s={search_term_string}"},"query-input":{"@type":"PropertyValueSpecification","valueRequired":true,"valueName":"search_term_string"}}],"inLanguage":"pl-PL"},{"@type":"Organization","@id":"https:\/\/chiptuningmarket.com\/ru\/#organization","name":"Chiptuningmarket","alternateName":"Chiptuning tools supplier","url":"https:\/\/chiptuningmarket.com\/ru\/","logo":{"@type":"ImageObject","inLanguage":"pl-PL","@id":"https:\/\/chiptuningmarket.com\/ru\/#\/schema\/logo\/image\/","url":"https:\/\/chiptuningmarket.com\/wp-content\/uploads\/2023\/05\/logo-ChipTuningMarket-social.png","contentUrl":"https:\/\/chiptuningmarket.com\/wp-content\/uploads\/2023\/05\/logo-ChipTuningMarket-social.png","width":512,"height":512,"caption":"Chiptuningmarket"},"image":{"@id":"https:\/\/chiptuningmarket.com\/ru\/#\/schema\/logo\/image\/"}}]}},"_links":{"self":[{"href":"https:\/\/chiptuningmarket.com\/pl\/wp-json\/wp\/v2\/product\/18828","targetHints":{"allow":["GET"]}}],"collection":[{"href":"https:\/\/chiptuningmarket.com\/pl\/wp-json\/wp\/v2\/product"}],"about":[{"href":"https:\/\/chiptuningmarket.com\/pl\/wp-json\/wp\/v2\/types\/product"}],"wp:featuredmedia":[{"embeddable":true,"href":"https:\/\/chiptuningmarket.com\/pl\/wp-json\/wp\/v2\/media\/401943"}],"wp:attachment":[{"href":"https:\/\/chiptuningmarket.com\/pl\/wp-json\/wp\/v2\/media?parent=18828"}],"wp:term":[{"taxonomy":"product_brand","embeddable":true,"href":"https:\/\/chiptuningmarket.com\/pl\/wp-json\/wp\/v2\/product_brand?post=18828"},{"taxonomy":"product_cat","embeddable":true,"href":"https:\/\/chiptuningmarket.com\/pl\/wp-json\/wp\/v2\/product_cat?post=18828"},{"taxonomy":"product_tag","embeddable":true,"href":"https:\/\/chiptuningmarket.com\/pl\/wp-json\/wp\/v2\/product_tag?post=18828"}],"curies":[{"name":"wp","href":"https:\/\/api.w.org\/{rel}","templated":true}]}}