{"id":18852,"date":"2021-07-28T15:03:21","date_gmt":"2021-07-28T14:03:21","guid":{"rendered":"https:\/\/chiptuningmarket.com\/product\/pico-wps500x-zestaw-czujnik-cisnienia-i-podcisnienia\/"},"modified":"2025-04-16T13:11:56","modified_gmt":"2025-04-16T12:11:56","slug":"pico-wps500x-zestaw-czujnik-cisnienia-i-podcisnienia","status":"publish","type":"product","link":"https:\/\/chiptuningmarket.com\/pl\/shop\/elektronika-wyposazenie-pl\/elektronika-oscyloskopy\/picoscope\/pico-wps500x-zestaw-czujnik-cisnienia-i-podcisnienia\/","title":{"rendered":"PICO WPS500X zestaw czujnik ci\u015bnienia i podci\u015bnienia"},"content":{"rendered":"<p style=\"text-align: center\"><strong>PICO WPS500X zestaw czujnik ci\u015bnienia i podci\u015bnienia<\/strong><\/p>\n<p><img decoding=\"async\" class=\"aligncenter size-full wp-image-16175\" src=\"https:\/\/ms-group.pl\/wp-content\/uploads\/2021\/07\/Pico-WPS500-30015466-01.jpg\" alt=\"PICO WPS500x\" width=\"600\" height=\"336\" \/><\/p>\n<p>WPS500X to czujnik ci\u015bnienia i podci\u015bnienia posiadaj\u0105cy szeroki zakres pomiarowy. Z jego bezkompromisow\u0105 rozdzielczo\u015bci\u0105 i dok\u0142adno\u015bci\u0105 mo\u017cesz dokonywa\u0107 szybkich i precyzyjnych test\u00f3w diagnostycznych r\u00f3\u017cnych system\u00f3w w samochodzie.<\/p>\n<h3>Funkcje:<\/h3>\n<ul>\n<li>Dok\u0142adny pomiar do 500 psi<\/li>\n<li>Ultra-szybki czas reakcji: 100\u00b5s<\/li>\n<li>Funkcja zoom i zaawansowane mo\u017cliwo\u015bci analizy<\/li>\n<li>Wbudowany akumulator\u00a0<abbr title=\"litowo-polimerowy\">Li-Po<\/abbr><\/li>\n<li>Zintegrowany zaw\u00f3r bezpiecze\u0144stwa<\/li>\n<li>Automatyczne zerowanie<\/li>\n<li>Wysoka odporno\u015b\u0107 na zak\u0142\u00f3cenia<\/li>\n<li>Kompensacja temperaturowa<\/li>\n<\/ul>\n<p>Przetwornik ci\u015bnienia WPS500X oferuje ekstremalnie szybki czas reakcji (100us) na zmiany ci\u015bnienia w zakresie 0-90% pe\u0142nej skali. Dolna granica czu\u0142o\u015bci wynosi 0,07psi (5mbar) w rezultacie mo\u017cliwy jest dok\u0142adny pomiar szybkozmiennych ci\u015bnie\u0144\u00a0 w szerokim zakresie.<\/p>\n<h3><b>Trzy zakresy pomiarowe:<\/b><\/h3>\n<p><b>Zakres 1:\u00a0<\/b>Pierwszy zakres daje wysok\u0105 rozdzielczo\u015b\u0107 pomiaru przy wysokich ci\u015bnieniach, takich jak ci\u015bnienie w cylindrze podczas rozruchu czy podczas pracy, oraz ci\u015bnienia w uk\u0142adzie paliwowym.<\/p>\n<p><b>Zakres 2:\u00a0<\/b>Drugi zakres (od -15 do 50 psi, czyli od -1 do 3,45 bar) jest idealny do pomiar\u00f3w podci\u015bnienia w uk\u0142adzie dolotowym i ci\u015bnienia paliwa. Podczas pomiar\u00f3w w tych uk\u0142adach szczeg\u00f3lnie pomocna jest funkcja &#8222;zoom&#8221;.<\/p>\n<p><b>Zakres 3:\u00a0<\/b>Na trzecim zakresie mo\u017cna mierzy\u0107 ci\u015bnienia w zakresie od -5 do 5 psi (ok.-0,34 do 0,34 bar). Czu\u0142o\u015b\u0107 tego zakresu pozwala na analiz\u0119 impuls\u00f3w ci\u015bnienia w uk\u0142adzie wydechowym.<\/p>\n<table class=\"wps500xSpec\" summary=\"WPS500X specifications\" width=\"650\" cellspacing=\"0\" cellpadding=\"6\">\n<colgroup>\n<col width=\"60\" \/>\n<col \/>\n<col width=\"120\" \/>\n<col width=\"80\" \/>\n<col \/><\/colgroup>\n<thead>\n<tr>\n<th scope=\"col\">Zakres<\/th>\n<th scope=\"col\">Ci\u015bnienie<\/th>\n<th scope=\"col\">Dok\u0142adno\u015b\u0107<\/th>\n<th scope=\"col\">Szybko\u015b\u0107 reakcji<\/th>\n<th scope=\"col\">Wyj\u015bcie<\/th>\n<\/tr>\n<\/thead>\n<tbody>\n<tr>\n<th scope=\"col\">1<\/th>\n<td>-15 do 500 psi<br \/>\n-1 do 34.47 bar<\/td>\n<td>1% zakresu<\/td>\n<td>100 \u00b5s<\/td>\n<td>10 mV\/1 psi<br \/>\n(500 psi = 5 V)<\/td>\n<\/tr>\n<tr>\n<th scope=\"col\">2<\/th>\n<td>-15 do 50 psi<br \/>\n-1 do 3.45 bar<\/td>\n<td>1% zakresu<\/td>\n<td>100 \u00b5s<\/td>\n<td>100 mV\/1 psi<br \/>\n(50 psi = 5 V)<\/td>\n<\/tr>\n<tr>\n<th scope=\"col\">3<\/th>\n<td>-5 do 5 psi<br \/>\n-0.34 do 0.34 bar<\/td>\n<td>5% of scale<\/td>\n<td>&#8211;<\/td>\n<td>1 V\/1 psi<br \/>\n(5 psi = 5 V)<\/td>\n<\/tr>\n<\/tbody>\n<\/table>\n<p><b>Funkcja zoom<\/b><\/p>\n<p>Funkcja zoom dzia\u0142a na zasadzie filtra ze wzmacniaczem dzi\u0119ki czemu, usuwa z pobieranego sygna\u0142u sk\u0142adowe niskiej cz\u0119stotliwo\u015bci (wszystkie sygna\u0142y, kt\u00f3rych szybko\u015b\u0107 nie przekracza 100Hz) po czym to, co pozosta\u0142o z sygna\u0142u jest wzmacniane 100-krotnie. Dzi\u0119ki wysokiej dok\u0142adno\u015bci czujnika, mo\u017cliwa jest obserwacja drobnych zmian ci\u015bnienia pojawiaj\u0105cych si\u0119 na tle wi\u0119kszych zmian. Przyk\u0142adowo funkcj\u0119 &#8222;zoom&#8221; mo\u017cna wykorzysta\u0107 do obserwacji zmian ci\u015bnienia powodowanych przez otwieraj\u0105ce si\u0119 i zamykaj\u0105ce zawory (zmiany na zaworach s\u0105 szybsze ni\u017c zmiany ci\u015bnienia w kolektorze ss\u0105cym, zatem du\u017ca, wolna zmiana ci\u015bnienia w cylindrze zostanie usuni\u0119ta a szybkie chocia\u017c ma\u0142e drgania ci\u015bnienia powodowane przez zawory, zostan\u0105 wzmocnione i wy\u015bwietlone). Konkluduj\u0105c bez funkcji &#8222;zoom&#8221; taka obserwacja nie by\u0142a by mo\u017cliwa, poniewa\u017c zmiany te by\u0142y by niewidoczne na tle du\u017cych zmian ci\u015bnienia w kolektorze dolotowym podczas pracy silnika.<\/p>\n<p>&nbsp;<\/p>\n<h3><b>Bezkonkurencyjna konstrukcja:<\/b><\/h3>\n<p>Po pierwsze, nasz produkt eliminuje konieczno\u015b\u0107 stosowania r\u00f3\u017cnych przetwornik\u00f3w ci\u015bnienia do pomiar\u00f3w ci\u015bnie\u0144 r\u00f3\u017cnych rz\u0119d\u00f3w wielko\u015bci w zwi\u0105zku z tym, wysoka rozdzielczo\u015b\u0107, dok\u0142adno\u015b\u0107, wbudowany akumulator oraz solidna obudowa sprawiaj\u0105, \u017ce jest to idealny przyrz\u0105d do diagnostyki samochodowej.<\/p>\n<p>Po drugie, je\u017celi zale\u017cy Ci na przyst\u0119pnej cenie i szerokim zakresie zastosowa\u0144 prawdopodobnie przetwornik do autodiagnostyki WPS500X jest idealnym rozwi\u0105zaniem dla Ciebie, jest niepor\u00f3wnywalny z \u017cadnym innym przyrz\u0105dem dost\u0119pnym obecnie na rynku.<\/p>\n<h3>PICO WPS500X zestaw czujnik ci\u015bnienia i podci\u015bnienia zawiera:<\/h3>\n<ul>\n<li>Czujnik ci\u015bnienia WPS500X<\/li>\n<li>Walizka<\/li>\n<li>Przew\u00f3d USB<\/li>\n<li>Przew\u00f3d BNC-BNC<\/li>\n<li>TA083: W\u0105\u017c paliwowy z du\u017c\u0105 z\u0142\u0105czk\u0105<\/li>\n<li>TA117: W\u0105\u017c paliwowy z ma\u0142\u0105 z\u0142\u0105czk\u0105<\/li>\n<li>TA085: W\u0105\u017c podci\u015bnieniowy<\/li>\n<li>TA086: W\u0105\u017c przelewowy<\/li>\n<li>TA087: W\u0105\u017c do pomiaru ci\u015bnienia w rurze<\/li>\n<li>TA213: Adapter-przelotka M10 kr\u00f3tka 10mm<\/li>\n<li>TA216: Adapter-przelotka M12 d\u0142uga 12mm<\/li>\n<li>TA217: Adapter-przelotka M14 kr\u00f3tka 14mm<\/li>\n<li>TA218: Adapter-przelotka M14 d\u0142uga 14mm<\/li>\n<li>TA212: W\u0105\u017c wysokiego ci\u015bnienia<\/li>\n<li>TA129: \u0141\u0105cznik uniwersalny<\/li>\n<\/ul>\n<p>W ofercie r\u00f3wnie\u017c:<\/p>\n<p><a style=\"color: blue\" href=\"https:\/\/chiptuningmarket.com\/product\/pico-oscyloskop-automotive-advanced-pq180\/\">PICO oscyloskop automotive 4 kana\u0142owy Advanced Kit PQ180<\/a><\/p>\n","protected":false},"excerpt":{"rendered":"<p>WPS500X to czujnik ci\u015bnienia i podci\u015bnienia posiadaj\u0105cy szeroki zakres pomiarowy. Z jego bezkompromisow\u0105 rozdzielczo\u015bci\u0105 i dok\u0142adno\u015bci\u0105 mo\u017cesz dokonywa\u0107 szybkich i precyzyjnych test\u00f3w diagnostycznych r\u00f3\u017cnych system\u00f3w w samochodzie<\/p>\n","protected":false},"featured_media":19779,"template":"","meta":{"_monsterinsights_skip_tracking":false,"_monsterinsights_sitenote_active":false,"_monsterinsights_sitenote_note":"","_monsterinsights_sitenote_category":0},"product_brand":[],"product_cat":[5144,5630,5634],"product_tag":[1672,1673,1696],"class_list":{"0":"post-18852","1":"product","2":"type-product","3":"status-publish","4":"has-post-thumbnail","6":"product_cat-elektronika-wyposazenie-pl","7":"product_cat-elektronika-oscyloskopy","8":"product_cat-picoscope","9":"product_tag-pico-automotive-pl","10":"product_tag-pp939-pl","11":"product_tag-wps500x-pl","13":"first","14":"onbackorder","15":"taxable","16":"shipping-taxable","17":"purchasable","18":"product-type-simple"},"yoast_head":"<!-- This site is optimized with the Yoast SEO plugin v25.2 - https:\/\/yoast.com\/wordpress\/plugins\/seo\/ -->\n<title>PICO WPS500X zestaw czujnik ci\u015bnienia i podci\u015bnienia - Chiptuningmarket<\/title>\n<meta name=\"description\" content=\"PICO WPS500X pressure and vacuum sensor kit with a wide measuring range. With its uncompromising resolution and accuracy, you can...\" \/>\n<meta name=\"robots\" content=\"index, follow, max-snippet:-1, max-image-preview:large, max-video-preview:-1\" \/>\n<link rel=\"canonical\" href=\"https:\/\/chiptuningmarket.com\/pl\/shop\/elektronika-wyposazenie-pl\/elektronika-oscyloskopy\/picoscope\/pico-wps500x-zestaw-czujnik-cisnienia-i-podcisnienia\/\" \/>\n<meta property=\"og:locale\" content=\"pl_PL\" \/>\n<meta property=\"og:type\" content=\"article\" \/>\n<meta property=\"og:title\" content=\"PICO WPS500X zestaw czujnik ci\u015bnienia i podci\u015bnienia - Chiptuningmarket\" \/>\n<meta property=\"og:description\" content=\"PICO WPS500X pressure and vacuum sensor kit with a wide measuring range. With its uncompromising resolution and accuracy, you can...\" \/>\n<meta property=\"og:url\" content=\"https:\/\/chiptuningmarket.com\/pl\/shop\/elektronika-wyposazenie-pl\/elektronika-oscyloskopy\/picoscope\/pico-wps500x-zestaw-czujnik-cisnienia-i-podcisnienia\/\" \/>\n<meta property=\"og:site_name\" content=\"Chiptuningmarket\" \/>\n<meta property=\"article:modified_time\" content=\"2025-04-16T12:11:56+00:00\" \/>\n<meta property=\"og:image\" content=\"https:\/\/chiptuningmarket.com\/wp-content\/uploads\/2021\/07\/Pico-WPS500.jpg\" \/>\n\t<meta property=\"og:image:width\" content=\"600\" \/>\n\t<meta property=\"og:image:height\" content=\"600\" \/>\n\t<meta property=\"og:image:type\" content=\"image\/jpeg\" \/>\n<meta name=\"twitter:card\" content=\"summary_large_image\" \/>\n<meta name=\"twitter:label1\" content=\"Szacowany czas czytania\" \/>\n\t<meta name=\"twitter:data1\" content=\"3 minuty\" \/>\n<script type=\"application\/ld+json\" class=\"yoast-schema-graph\">{\"@context\":\"https:\/\/schema.org\",\"@graph\":[{\"@type\":\"WebPage\",\"@id\":\"https:\/\/chiptuningmarket.com\/pl\/shop\/elektronika-wyposazenie-pl\/elektronika-oscyloskopy\/picoscope\/pico-wps500x-zestaw-czujnik-cisnienia-i-podcisnienia\/\",\"url\":\"https:\/\/chiptuningmarket.com\/pl\/shop\/elektronika-wyposazenie-pl\/elektronika-oscyloskopy\/picoscope\/pico-wps500x-zestaw-czujnik-cisnienia-i-podcisnienia\/\",\"name\":\"PICO WPS500X zestaw czujnik ci\u015bnienia i podci\u015bnienia - Chiptuningmarket\",\"isPartOf\":{\"@id\":\"https:\/\/chiptuningmarket.com\/pl\/#website\"},\"primaryImageOfPage\":{\"@id\":\"https:\/\/chiptuningmarket.com\/pl\/shop\/elektronika-wyposazenie-pl\/elektronika-oscyloskopy\/picoscope\/pico-wps500x-zestaw-czujnik-cisnienia-i-podcisnienia\/#primaryimage\"},\"image\":{\"@id\":\"https:\/\/chiptuningmarket.com\/pl\/shop\/elektronika-wyposazenie-pl\/elektronika-oscyloskopy\/picoscope\/pico-wps500x-zestaw-czujnik-cisnienia-i-podcisnienia\/#primaryimage\"},\"thumbnailUrl\":\"https:\/\/chiptuningmarket.com\/wp-content\/uploads\/2021\/07\/Pico-WPS500.jpg\",\"datePublished\":\"2021-07-28T14:03:21+00:00\",\"dateModified\":\"2025-04-16T12:11:56+00:00\",\"description\":\"PICO WPS500X pressure and vacuum sensor kit with a wide measuring range. With its uncompromising resolution and accuracy, you can...\",\"breadcrumb\":{\"@id\":\"https:\/\/chiptuningmarket.com\/pl\/shop\/elektronika-wyposazenie-pl\/elektronika-oscyloskopy\/picoscope\/pico-wps500x-zestaw-czujnik-cisnienia-i-podcisnienia\/#breadcrumb\"},\"inLanguage\":\"pl-PL\",\"potentialAction\":[{\"@type\":\"ReadAction\",\"target\":[\"https:\/\/chiptuningmarket.com\/pl\/shop\/elektronika-wyposazenie-pl\/elektronika-oscyloskopy\/picoscope\/pico-wps500x-zestaw-czujnik-cisnienia-i-podcisnienia\/\"]}]},{\"@type\":\"ImageObject\",\"inLanguage\":\"pl-PL\",\"@id\":\"https:\/\/chiptuningmarket.com\/pl\/shop\/elektronika-wyposazenie-pl\/elektronika-oscyloskopy\/picoscope\/pico-wps500x-zestaw-czujnik-cisnienia-i-podcisnienia\/#primaryimage\",\"url\":\"https:\/\/chiptuningmarket.com\/wp-content\/uploads\/2021\/07\/Pico-WPS500.jpg\",\"contentUrl\":\"https:\/\/chiptuningmarket.com\/wp-content\/uploads\/2021\/07\/Pico-WPS500.jpg\",\"width\":600,\"height\":600},{\"@type\":\"BreadcrumbList\",\"@id\":\"https:\/\/chiptuningmarket.com\/pl\/shop\/elektronika-wyposazenie-pl\/elektronika-oscyloskopy\/picoscope\/pico-wps500x-zestaw-czujnik-cisnienia-i-podcisnienia\/#breadcrumb\",\"itemListElement\":[{\"@type\":\"ListItem\",\"position\":1,\"name\":\"Home\",\"item\":\"https:\/\/chiptuningmarket.com\/pl\/\"},{\"@type\":\"ListItem\",\"position\":2,\"name\":\"Sklep\",\"item\":\"https:\/\/chiptuningmarket.com\/pl\/shop\/\"},{\"@type\":\"ListItem\",\"position\":3,\"name\":\"PICO WPS500X zestaw czujnik ci\u015bnienia i podci\u015bnienia\"}]},{\"@type\":\"WebSite\",\"@id\":\"https:\/\/chiptuningmarket.com\/pl\/#website\",\"url\":\"https:\/\/chiptuningmarket.com\/pl\/\",\"name\":\"Chiptuningmarket\",\"description\":\"Biggest chiptuning shop in Europe\",\"publisher\":{\"@id\":\"https:\/\/chiptuningmarket.com\/pl\/#organization\"},\"alternateName\":\"Worldwide ecu tools supplier\",\"potentialAction\":[{\"@type\":\"SearchAction\",\"target\":{\"@type\":\"EntryPoint\",\"urlTemplate\":\"https:\/\/chiptuningmarket.com\/pl\/?s={search_term_string}\"},\"query-input\":{\"@type\":\"PropertyValueSpecification\",\"valueRequired\":true,\"valueName\":\"search_term_string\"}}],\"inLanguage\":\"pl-PL\"},{\"@type\":\"Organization\",\"@id\":\"https:\/\/chiptuningmarket.com\/pl\/#organization\",\"name\":\"Chiptuningmarket\",\"alternateName\":\"Chiptuning tools supplier\",\"url\":\"https:\/\/chiptuningmarket.com\/pl\/\",\"logo\":{\"@type\":\"ImageObject\",\"inLanguage\":\"pl-PL\",\"@id\":\"https:\/\/chiptuningmarket.com\/pl\/#\/schema\/logo\/image\/\",\"url\":\"https:\/\/chiptuningmarket.com\/wp-content\/uploads\/2023\/05\/logo-ChipTuningMarket-social.png\",\"contentUrl\":\"https:\/\/chiptuningmarket.com\/wp-content\/uploads\/2023\/05\/logo-ChipTuningMarket-social.png\",\"width\":512,\"height\":512,\"caption\":\"Chiptuningmarket\"},\"image\":{\"@id\":\"https:\/\/chiptuningmarket.com\/pl\/#\/schema\/logo\/image\/\"}}]}<\/script>\n<!-- \/ Yoast SEO plugin. -->","yoast_head_json":{"title":"PICO WPS500X zestaw czujnik ci\u015bnienia i podci\u015bnienia - Chiptuningmarket","description":"PICO WPS500X pressure and vacuum sensor kit with a wide measuring range. With its uncompromising resolution and accuracy, you can...","robots":{"index":"index","follow":"follow","max-snippet":"max-snippet:-1","max-image-preview":"max-image-preview:large","max-video-preview":"max-video-preview:-1"},"canonical":"https:\/\/chiptuningmarket.com\/pl\/shop\/elektronika-wyposazenie-pl\/elektronika-oscyloskopy\/picoscope\/pico-wps500x-zestaw-czujnik-cisnienia-i-podcisnienia\/","og_locale":"pl_PL","og_type":"article","og_title":"PICO WPS500X zestaw czujnik ci\u015bnienia i podci\u015bnienia - Chiptuningmarket","og_description":"PICO WPS500X pressure and vacuum sensor kit with a wide measuring range. With its uncompromising resolution and accuracy, you can...","og_url":"https:\/\/chiptuningmarket.com\/pl\/shop\/elektronika-wyposazenie-pl\/elektronika-oscyloskopy\/picoscope\/pico-wps500x-zestaw-czujnik-cisnienia-i-podcisnienia\/","og_site_name":"Chiptuningmarket","article_modified_time":"2025-04-16T12:11:56+00:00","og_image":[{"width":600,"height":600,"url":"https:\/\/chiptuningmarket.com\/wp-content\/uploads\/2021\/07\/Pico-WPS500.jpg","type":"image\/jpeg"}],"twitter_card":"summary_large_image","twitter_misc":{"Szacowany czas czytania":"3 minuty"},"schema":{"@context":"https:\/\/schema.org","@graph":[{"@type":"WebPage","@id":"https:\/\/chiptuningmarket.com\/pl\/shop\/elektronika-wyposazenie-pl\/elektronika-oscyloskopy\/picoscope\/pico-wps500x-zestaw-czujnik-cisnienia-i-podcisnienia\/","url":"https:\/\/chiptuningmarket.com\/pl\/shop\/elektronika-wyposazenie-pl\/elektronika-oscyloskopy\/picoscope\/pico-wps500x-zestaw-czujnik-cisnienia-i-podcisnienia\/","name":"PICO WPS500X zestaw czujnik ci\u015bnienia i podci\u015bnienia - Chiptuningmarket","isPartOf":{"@id":"https:\/\/chiptuningmarket.com\/pl\/#website"},"primaryImageOfPage":{"@id":"https:\/\/chiptuningmarket.com\/pl\/shop\/elektronika-wyposazenie-pl\/elektronika-oscyloskopy\/picoscope\/pico-wps500x-zestaw-czujnik-cisnienia-i-podcisnienia\/#primaryimage"},"image":{"@id":"https:\/\/chiptuningmarket.com\/pl\/shop\/elektronika-wyposazenie-pl\/elektronika-oscyloskopy\/picoscope\/pico-wps500x-zestaw-czujnik-cisnienia-i-podcisnienia\/#primaryimage"},"thumbnailUrl":"https:\/\/chiptuningmarket.com\/wp-content\/uploads\/2021\/07\/Pico-WPS500.jpg","datePublished":"2021-07-28T14:03:21+00:00","dateModified":"2025-04-16T12:11:56+00:00","description":"PICO WPS500X pressure and vacuum sensor kit with a wide measuring range. With its uncompromising resolution and accuracy, you can...","breadcrumb":{"@id":"https:\/\/chiptuningmarket.com\/pl\/shop\/elektronika-wyposazenie-pl\/elektronika-oscyloskopy\/picoscope\/pico-wps500x-zestaw-czujnik-cisnienia-i-podcisnienia\/#breadcrumb"},"inLanguage":"pl-PL","potentialAction":[{"@type":"ReadAction","target":["https:\/\/chiptuningmarket.com\/pl\/shop\/elektronika-wyposazenie-pl\/elektronika-oscyloskopy\/picoscope\/pico-wps500x-zestaw-czujnik-cisnienia-i-podcisnienia\/"]}]},{"@type":"ImageObject","inLanguage":"pl-PL","@id":"https:\/\/chiptuningmarket.com\/pl\/shop\/elektronika-wyposazenie-pl\/elektronika-oscyloskopy\/picoscope\/pico-wps500x-zestaw-czujnik-cisnienia-i-podcisnienia\/#primaryimage","url":"https:\/\/chiptuningmarket.com\/wp-content\/uploads\/2021\/07\/Pico-WPS500.jpg","contentUrl":"https:\/\/chiptuningmarket.com\/wp-content\/uploads\/2021\/07\/Pico-WPS500.jpg","width":600,"height":600},{"@type":"BreadcrumbList","@id":"https:\/\/chiptuningmarket.com\/pl\/shop\/elektronika-wyposazenie-pl\/elektronika-oscyloskopy\/picoscope\/pico-wps500x-zestaw-czujnik-cisnienia-i-podcisnienia\/#breadcrumb","itemListElement":[{"@type":"ListItem","position":1,"name":"Home","item":"https:\/\/chiptuningmarket.com\/pl\/"},{"@type":"ListItem","position":2,"name":"Sklep","item":"https:\/\/chiptuningmarket.com\/pl\/shop\/"},{"@type":"ListItem","position":3,"name":"PICO WPS500X zestaw czujnik ci\u015bnienia i podci\u015bnienia"}]},{"@type":"WebSite","@id":"https:\/\/chiptuningmarket.com\/pl\/#website","url":"https:\/\/chiptuningmarket.com\/pl\/","name":"Chiptuningmarket","description":"Biggest chiptuning shop in Europe","publisher":{"@id":"https:\/\/chiptuningmarket.com\/pl\/#organization"},"alternateName":"Worldwide ecu tools supplier","potentialAction":[{"@type":"SearchAction","target":{"@type":"EntryPoint","urlTemplate":"https:\/\/chiptuningmarket.com\/pl\/?s={search_term_string}"},"query-input":{"@type":"PropertyValueSpecification","valueRequired":true,"valueName":"search_term_string"}}],"inLanguage":"pl-PL"},{"@type":"Organization","@id":"https:\/\/chiptuningmarket.com\/pl\/#organization","name":"Chiptuningmarket","alternateName":"Chiptuning tools supplier","url":"https:\/\/chiptuningmarket.com\/pl\/","logo":{"@type":"ImageObject","inLanguage":"pl-PL","@id":"https:\/\/chiptuningmarket.com\/pl\/#\/schema\/logo\/image\/","url":"https:\/\/chiptuningmarket.com\/wp-content\/uploads\/2023\/05\/logo-ChipTuningMarket-social.png","contentUrl":"https:\/\/chiptuningmarket.com\/wp-content\/uploads\/2023\/05\/logo-ChipTuningMarket-social.png","width":512,"height":512,"caption":"Chiptuningmarket"},"image":{"@id":"https:\/\/chiptuningmarket.com\/pl\/#\/schema\/logo\/image\/"}}]}},"_links":{"self":[{"href":"https:\/\/chiptuningmarket.com\/pl\/wp-json\/wp\/v2\/product\/18852","targetHints":{"allow":["GET"]}}],"collection":[{"href":"https:\/\/chiptuningmarket.com\/pl\/wp-json\/wp\/v2\/product"}],"about":[{"href":"https:\/\/chiptuningmarket.com\/pl\/wp-json\/wp\/v2\/types\/product"}],"wp:featuredmedia":[{"embeddable":true,"href":"https:\/\/chiptuningmarket.com\/pl\/wp-json\/wp\/v2\/media\/19779"}],"wp:attachment":[{"href":"https:\/\/chiptuningmarket.com\/pl\/wp-json\/wp\/v2\/media?parent=18852"}],"wp:term":[{"taxonomy":"product_brand","embeddable":true,"href":"https:\/\/chiptuningmarket.com\/pl\/wp-json\/wp\/v2\/product_brand?post=18852"},{"taxonomy":"product_cat","embeddable":true,"href":"https:\/\/chiptuningmarket.com\/pl\/wp-json\/wp\/v2\/product_cat?post=18852"},{"taxonomy":"product_tag","embeddable":true,"href":"https:\/\/chiptuningmarket.com\/pl\/wp-json\/wp\/v2\/product_tag?post=18852"}],"curies":[{"name":"wp","href":"https:\/\/api.w.org\/{rel}","templated":true}]}}