{"id":18856,"date":"2021-08-03T14:28:24","date_gmt":"2021-08-03T13:28:24","guid":{"rendered":"https:\/\/chiptuningmarket.com\/product\/carprog-basic-wersja-podstawowa\/"},"modified":"2026-04-02T13:58:32","modified_gmt":"2026-04-02T12:58:32","slug":"carprog-basic-wersja-podstawowa","status":"publish","type":"product","link":"https:\/\/chiptuningmarket.com\/pl\/shop\/programatory-pl\/bcm-eprom-uniwersal-pl\/carprog-bcm-eprom-uniwersal-pl\/carprog-basic-wersja-podstawowa\/","title":{"rendered":"CARPROG BASIC &#8211; Wersja Podstawowa"},"content":{"rendered":"<p style=\"text-align: center\"><strong>CARPROG BASIC &#8211; Wersja Podstawowa<\/strong><\/p>\n<h3><strong>Czym jest CarProg:<\/strong><\/h3>\n<p>Uniwersalnym urz\u0105dzeniem do naprawy elektroniki w samochodach. Dzi\u0119ki niemu mi\u0119dzy innymi b\u0119dziesz naprawia\u0107 immobilizery, radia samochodowe, liczniki czy tablice rozdzielcze.<\/p>\n<p>Mo\u017ce by\u0107 u\u017cywany jako<b>\u00a0programator EEPRON i mikrokontroler\u00f3w czy programator kluczy transponder\u00f3w<\/b>.<a href=\"https:\/\/ms-group.pl\/wp-content\/uploads\/2021\/08\/555.jpg\"><img decoding=\"async\" class=\" wp-image-16253 alignright\" src=\"https:\/\/ms-group.pl\/wp-content\/uploads\/2021\/08\/555-300x181.jpg\" alt=\"Carprog basic\" width=\"464\" height=\"280\" \/><\/a><\/p>\n<p>Ju\u017c podczas projektowania urz\u0105dzenia producent (CODECARD.LT) stara\u0142 si\u0119 uwzgl\u0119dni\u0107 potrzeby swoich przysz\u0142ych klient\u00f3w, co poskutkowa\u0142o stworzeniem\u00a0<b>urz\u0105dzenia przyjaznego u\u017cytkownikowi.<\/b><\/p>\n<p>Na systemach Ms Windows XP, 7, 8, 10 urz\u0105dzenie dzia\u0142a po pobraniu i uruchomieniu apilikacji CarProg oraz pod\u0142\u0105czeniu urz\u0105dzenia. Nie ma potrzeby szuka\u0107 dodatkowego oprogramowania.<\/p>\n<p>&nbsp;<\/p>\n<p>CARPROG<b>\u00a0<a href=\"https:\/\/ms-group.pl\/wp-content\/uploads\/2021\/08\/88.jpg\"><img decoding=\"async\" class=\" wp-image-16252 alignleft\" src=\"https:\/\/ms-group.pl\/wp-content\/uploads\/2021\/08\/88-300x181.jpg\" alt=\"Carprog basic\" width=\"343\" height=\"207\" \/><\/a>wyposa\u017cony jest w pot\u0119\u017cny 16-bitowy MPU<\/b>\u00a0i posiada pe\u0142en zestaw sterownik\u00f3w do interfejs\u00f3w samochodowych.<\/p>\n<p>Kupuj\u0105c ten przedmiot nie otrzymujesz tylko urz\u0105dzenia, ale r\u00f3wnie\u017c wiele dodatkowych funkcji takich jak kalkulator kodu radia, programator EEPROM czy programator CAN deski rozdzielczej VAG. Poza tym zawsze istnieje mo\u017cliwo\u015b\u0107 zakupu dodatkowego oprogramowanie wg swoich potrzeb.<\/p>\n<p>U\u017cywaj\u0105c to urz\u0105dzenie nie musisz obawia\u0107 si\u0119 piractwa i haker\u00f3w. Ka\u017cde urz\u0105dzenie zawiera indywidualny nr seryjny, a aktywacja dodatkowego oprogramowania wymaga internetu i po\u0142\u0105czenia z serwerem.<\/p>\n<p>&nbsp;<\/p>\n<h3>W wersji CARPROG BASIC &#8211; Wersja Podstawowa poza urz\u0105dzeniem otrzymasz :<\/h3>\n<div>\n<p><b>\u25b6 Adaptery<\/b><\/p>\n<ul>\n<li><b>A1MULTI:<\/b>\u00a0CarProg OBDII adapter<\/li>\n<li><b>A1:<\/b>\u00a0CarProg OBDII adapter<\/li>\n<li><b>A2:<\/b>\u00a0USB adapter<\/li>\n<\/ul>\n<\/div>\n<div>\u25b6\u00a0<b>Oprogramowanie<\/b><\/div>\n<ul>\n<li><b>ECU-OPEL:<\/b>\u00a0Login reader from motor hybrid ECU for Opel. Works with Bosch ME1.5.5, Siemens SIMTEC71, SIMTEC71.1, Delco Diesel, Delco Multec<\/li>\n<li><b>OPELCAN:<\/b>\u00a0By CAN programmer for Opel ECU \u2013 read\/repair mileage in EDC16, MT35E, HSFI 2.2 read PIN, reset ECU<\/li>\n<li><b>OPEC 28:<\/b>\u00a0Advanced tool for Opel Siemens Simtec ECU<\/li>\n<li><b>PSG16:<\/b>\u00a0By OBDII for Opel PSG16 diesel pump &#8211; read\/repair mileage, read PIN, reset ECU<\/li>\n<\/ul>\n<p><b>CarProg AIRBAG<\/b><\/p>\n<ul>\n<li><b>S5.1:<\/b>\u00a0Airbag reset tool for VAG (Audi, VW, Skoda, Seat)<\/li>\n<li><b>S5.2:<\/b>\u00a0Airbag reset tool for BMW<\/li>\n<li><b>S5.3:<\/b>\u00a0Airbag reset tool for Mercedes-Benz<\/li>\n<li><b>S5.4:<\/b>\u00a0Airbag reset tool for Ford<\/li>\n<li><b>S5.6:<\/b>\u00a0CarProg CR16 airbag tool for Audi, Mercedes, Ford, Volvo airbag sensors with CR16 processor<\/li>\n<li><b>S5.7:<\/b>\u00a0Airbag reset tool for Renault<\/li>\n<li><b>S5.8:<\/b>\u00a0Airbag reset tool for Peugeot<\/li>\n<li><b>S5.9:<\/b>\u00a0Airbag reset tool for Citroen<\/li>\n<li><b>S5.11:<\/b>\u00a0Airbag reset tool for Audi by direct connection to EEPROM or MPU<\/li>\n<li><b>S5.14:<\/b>\u00a0Airbag reset tool for Ford by direct connection to EEPROM or MPU<\/li>\n<li><b>S5.16:<\/b>\u00a0Airbag reset tool for Hyundai<\/li>\n<li><b>S5.17:<\/b>\u00a0Airbag reset tool for KIA<\/li>\n<li><b>S5.18:<\/b>\u00a0Airbag reset tool for Lexus<\/li>\n<li><b>S5.19:<\/b>\u00a0Airbag reset tool for Rover<\/li>\n<li><b>S5.20:<\/b>\u00a0Airbag reset tool for Mercedes-Benz by direct connection<\/li>\n<li><b>S5.21:<\/b>\u00a0Airbag reset tool for Mazda<\/li>\n<li><b>S5.22:<\/b>\u00a0Airbag reset tool for Mitsubishi<\/li>\n<li><b>S5.23:<\/b>\u00a0Airbag reset tool for Nissan<\/li>\n<li><b>S5.25:<\/b>\u00a0Airbag reset tool for Opel by direct connection<\/li>\n<li><b>S5.27:<\/b>\u00a0Airbag reset tool for SAAB by direct connection<\/li>\n<li><b>S5.28:<\/b>\u00a0Airbag reset tool for Subaru by direct connection<\/li>\n<li><b>S5.30:<\/b>\u00a0Airbag reset tool for Toyota by direct connection<\/li>\n<li><b>S5.31:<\/b>\u00a0Airbag reset tool for Alfa Romeo<\/li>\n<li><b>S5.32:<\/b>\u00a0Airbag reset tool for Fiat<\/li>\n<li><b>S5.33:<\/b>\u00a0Airbag reset tool for Porsche<\/li>\n<li><b>S5.34:<\/b>\u00a0Airbag reset tool for Suzuki<\/li>\n<li><b>S5.35:<\/b>\u00a0Airbag reset tool for Volvo<\/li>\n<li><b>S5.36:<\/b>\u00a0Airbag reset tool for Daewoo<\/li>\n<li><b>S5.37:<\/b>\u00a0Airbag reset tool for GM<\/li>\n<\/ul>\n<p><b>\u25b6 CarProg DASHBOARD<\/b><\/p>\n<ul>\n<li><b>2J74YAUDI:<\/b>\u00a0CarProg repair software for Audi 2J74Y processors<\/li>\n<li><b>S7.1:<\/b>\u00a0By CAN programmer for VAG<\/li>\n<li><b>S7.2:<\/b>\u00a0CarProg Dashborad repair<\/li>\n<li><b>S7.3:<\/b>\u00a0Carprog Dashboard repair package update<\/li>\n<li><b>S7.4:<\/b>\u00a0Km repair by OBDII for Fiat<\/li>\n<li><b>S7.5:<\/b>\u00a0ASSYST esplorer for Mercedes-Benz<\/li>\n<li><b>S7.6:<\/b>\u00a0VDO dash decrypt tool for Skoda Roomster, Superb, VW Polo, Audi A3, A6, allroad with 93C86 odometer repair and PIN reading<\/li>\n<li><b>S7.7:<\/b>\u00a0Odometer repair by OBDII, CAN for Ford<\/li>\n<li><b>S7.8:<\/b>\u00a0Repair by OBDII for 2007 VW Golf, Passat, Eos, Touran, Tiguan, Octavia with Micronas<\/li>\n<\/ul>\n<p><b>\u25b6 CarProg IMMO<\/b><\/p>\n<ul>\n<li><b>S4.1:<\/b>\u00a0Key programmer for Toyota<\/li>\n<li><b>S4.2:<\/b>\u00a0Key programmer for Lexus<\/li>\n<li><b>S4.3:<\/b>\u00a0Key programmer for Daihatsu<\/li>\n<li><b>S4.4:<\/b>\u00a0Key programmer for BMW<\/li>\n<li><b>S4.5:<\/b>\u00a0Key programmer for Merceds-Benz<\/li>\n<li><b>S4.6:<\/b>\u00a0Key programmer for Renault Megane, Scenic infrered<\/li>\n<li><b>S4.7:<\/b>\u00a0Kessy tool \u2013 A8, Toureg, Phaeton, Cayenne PIN code reader<\/li>\n<\/ul>\n<p>\u25b6\u00a0<strong>CarProg PROCESSOR<\/strong><\/p>\n<ul>\n<li><b>S2.1:<\/b>\u00a0CarProg Motorola (Freescale) HC05 MPU programmer<\/li>\n<li><b>S2.2:<\/b>\u00a0CarProg Motorola (Freescale) HC11 MPU programmer<\/li>\n<li><b>S2.3:<\/b>\u00a0CarProg Motorola (Freescale) HC08 MPU programmer<\/li>\n<li><b>S2.4:<\/b>\u00a0CarProg Motorola (Freescale) 912 and 9S12 MPU programmer<\/li>\n<li><b>ST92:<\/b>\u00a0ST92F120, ST92F150, ST92F250 internal EEPROM programmer<\/li>\n<\/ul>\n<p>\u25b6\u00a0<strong>CarProg RADIO CODE<\/strong><\/p>\n<ul>\n<li><b>CC4:<\/b>\u00a0Car radio security code calculator by serial number for Grunding and Phillips<\/li>\n<li><b>CDR500:<\/b>\u00a0Car radio decoding by OBDII for Opel CDR500, CDR2005<\/li>\n<li><b>RNS510:<\/b>\u00a0Nevigation decoding tool by Navi diagnostic for RNS510<\/li>\n<li><b>S6.1:<\/b>\u00a0CarProg CC1<\/li>\n<li><b>S6.2:<\/b>\u00a0CarProg CC2<\/li>\n<li><b>S6.3:<\/b>\u00a0CarProg CCN<\/li>\n<li><b>S6.4 &#8211; PHCODE:<\/b>\u00a0Car radio decoding software for Phillips<\/li>\n<li><b>S6.5:<\/b>\u00a0Car radio decoding software by serial number for Renault<\/li>\n<li><b>S6.6:<\/b>\u00a0Car radio decoding software for Audi, VW, Seat, Skoda<\/li>\n<\/ul>\n<p>&nbsp;<\/p>\n<p><strong>W naszej ofercie r\u00f3wnie\u017c:<\/strong><\/p>\n<p><a style=\"color: blue\" href=\"https:\/\/chiptuningmarket.com\/product\/autohex-ii-bmw-full-package-ahx0005\/\">Autohex II BMW Full Package AHX0005<\/a><\/p>\n<p><a style=\"color: blue\" href=\"https:\/\/chiptuningmarket.com\/product\/autel-maxiim-im508-programator-xp400\/\">Autel MaxiIM IM508 Programator Autel XP400<\/a><\/p>\n","protected":false},"excerpt":{"rendered":"<p>Uniwersalne urz\u0105dzenie do naprawy elektroniki w samochodach. Dzi\u0119ki niemu mi\u0119dzy innymi b\u0119dziesz naprawia\u0107 immobilizery, radia samochodowe, liczniki czy tablice rozdzielcze.<\/p>\n","protected":false},"featured_media":19777,"template":"","meta":{"_monsterinsights_skip_tracking":false,"_monsterinsights_sitenote_active":false,"_monsterinsights_sitenote_note":"","_monsterinsights_sitenote_category":0},"product_brand":[],"product_cat":[5064,5204,5227,5205,5232,5206,5236,5238,5244],"product_tag":[],"class_list":{"0":"post-18856","1":"product","2":"type-product","3":"status-publish","4":"has-post-thumbnail","6":"product_cat-programatory-pl","7":"product_cat-dash-pl","8":"product_cat-carprog-pl","9":"product_cat-keys-pl","10":"product_cat-carprog-keys-pl","11":"product_cat-srs-pl","12":"product_cat-carprog-srs-pl","13":"product_cat-bcm-eprom-uniwersal-pl","14":"product_cat-carprog-bcm-eprom-uniwersal-pl","16":"first","17":"outofstock","18":"taxable","19":"shipping-taxable","20":"purchasable","21":"product-type-simple"},"yoast_head":"<!-- This site is optimized with the Yoast SEO plugin v25.2 - https:\/\/yoast.com\/wordpress\/plugins\/seo\/ -->\n<title>CARPROG BASIC - Wersja Podstawowa - Chiptuningmarket<\/title>\n<meta name=\"description\" content=\"CARPROG BASIC - A universal device for repairing electronics in cars. Among other things, it will allow you to repair immobilisers, car radios, counters...\" \/>\n<meta name=\"robots\" content=\"index, follow, max-snippet:-1, max-image-preview:large, max-video-preview:-1\" \/>\n<link rel=\"canonical\" href=\"https:\/\/chiptuningmarket.com\/pl\/shop\/programatory-pl\/bcm-eprom-uniwersal-pl\/carprog-bcm-eprom-uniwersal-pl\/carprog-basic-wersja-podstawowa\/\" \/>\n<meta property=\"og:locale\" content=\"pl_PL\" \/>\n<meta property=\"og:type\" content=\"article\" \/>\n<meta property=\"og:title\" content=\"CARPROG BASIC - Wersja Podstawowa - Chiptuningmarket\" \/>\n<meta property=\"og:description\" content=\"CARPROG BASIC - A universal device for repairing electronics in cars. Among other things, it will allow you to repair immobilisers, car radios, counters...\" \/>\n<meta property=\"og:url\" content=\"https:\/\/chiptuningmarket.com\/pl\/shop\/programatory-pl\/bcm-eprom-uniwersal-pl\/carprog-bcm-eprom-uniwersal-pl\/carprog-basic-wersja-podstawowa\/\" \/>\n<meta property=\"og:site_name\" content=\"Chiptuningmarket\" \/>\n<meta property=\"article:modified_time\" content=\"2026-04-02T12:58:32+00:00\" \/>\n<meta property=\"og:image\" content=\"https:\/\/chiptuningmarket.com\/wp-content\/uploads\/2021\/08\/Carprog.jpg\" \/>\n\t<meta property=\"og:image:width\" content=\"500\" \/>\n\t<meta property=\"og:image:height\" content=\"500\" \/>\n\t<meta property=\"og:image:type\" content=\"image\/jpeg\" \/>\n<meta name=\"twitter:card\" content=\"summary_large_image\" \/>\n<meta name=\"twitter:label1\" content=\"Szacowany czas czytania\" \/>\n\t<meta name=\"twitter:data1\" content=\"4 minuty\" \/>\n<script type=\"application\/ld+json\" class=\"yoast-schema-graph\">{\"@context\":\"https:\/\/schema.org\",\"@graph\":[{\"@type\":\"WebPage\",\"@id\":\"https:\/\/chiptuningmarket.com\/pl\/shop\/programatory-pl\/bcm-eprom-uniwersal-pl\/carprog-bcm-eprom-uniwersal-pl\/carprog-basic-wersja-podstawowa\/\",\"url\":\"https:\/\/chiptuningmarket.com\/pl\/shop\/programatory-pl\/bcm-eprom-uniwersal-pl\/carprog-bcm-eprom-uniwersal-pl\/carprog-basic-wersja-podstawowa\/\",\"name\":\"CARPROG BASIC - Wersja Podstawowa - Chiptuningmarket\",\"isPartOf\":{\"@id\":\"https:\/\/chiptuningmarket.com\/ru\/#website\"},\"primaryImageOfPage\":{\"@id\":\"https:\/\/chiptuningmarket.com\/pl\/shop\/programatory-pl\/bcm-eprom-uniwersal-pl\/carprog-bcm-eprom-uniwersal-pl\/carprog-basic-wersja-podstawowa\/#primaryimage\"},\"image\":{\"@id\":\"https:\/\/chiptuningmarket.com\/pl\/shop\/programatory-pl\/bcm-eprom-uniwersal-pl\/carprog-bcm-eprom-uniwersal-pl\/carprog-basic-wersja-podstawowa\/#primaryimage\"},\"thumbnailUrl\":\"https:\/\/chiptuningmarket.com\/wp-content\/uploads\/2021\/08\/Carprog.jpg\",\"datePublished\":\"2021-08-03T13:28:24+00:00\",\"dateModified\":\"2026-04-02T12:58:32+00:00\",\"description\":\"CARPROG BASIC - A universal device for repairing electronics in cars. Among other things, it will allow you to repair immobilisers, car radios, counters...\",\"breadcrumb\":{\"@id\":\"https:\/\/chiptuningmarket.com\/pl\/shop\/programatory-pl\/bcm-eprom-uniwersal-pl\/carprog-bcm-eprom-uniwersal-pl\/carprog-basic-wersja-podstawowa\/#breadcrumb\"},\"inLanguage\":\"pl-PL\",\"potentialAction\":[{\"@type\":\"ReadAction\",\"target\":[\"https:\/\/chiptuningmarket.com\/pl\/shop\/programatory-pl\/bcm-eprom-uniwersal-pl\/carprog-bcm-eprom-uniwersal-pl\/carprog-basic-wersja-podstawowa\/\"]}]},{\"@type\":\"ImageObject\",\"inLanguage\":\"pl-PL\",\"@id\":\"https:\/\/chiptuningmarket.com\/pl\/shop\/programatory-pl\/bcm-eprom-uniwersal-pl\/carprog-bcm-eprom-uniwersal-pl\/carprog-basic-wersja-podstawowa\/#primaryimage\",\"url\":\"https:\/\/chiptuningmarket.com\/wp-content\/uploads\/2021\/08\/Carprog.jpg\",\"contentUrl\":\"https:\/\/chiptuningmarket.com\/wp-content\/uploads\/2021\/08\/Carprog.jpg\",\"width\":500,\"height\":500},{\"@type\":\"BreadcrumbList\",\"@id\":\"https:\/\/chiptuningmarket.com\/pl\/shop\/programatory-pl\/bcm-eprom-uniwersal-pl\/carprog-bcm-eprom-uniwersal-pl\/carprog-basic-wersja-podstawowa\/#breadcrumb\",\"itemListElement\":[{\"@type\":\"ListItem\",\"position\":1,\"name\":\"Home\",\"item\":\"https:\/\/chiptuningmarket.com\/pl\/\"},{\"@type\":\"ListItem\",\"position\":2,\"name\":\"Sklep\",\"item\":\"https:\/\/chiptuningmarket.com\/pl\/shop\/\"},{\"@type\":\"ListItem\",\"position\":3,\"name\":\"CARPROG BASIC &#8211; Wersja Podstawowa\"}]},{\"@type\":\"WebSite\",\"@id\":\"https:\/\/chiptuningmarket.com\/ru\/#website\",\"url\":\"https:\/\/chiptuningmarket.com\/ru\/\",\"name\":\"Chiptuningmarket\",\"description\":\"Biggest chiptuning shop in Europe\",\"publisher\":{\"@id\":\"https:\/\/chiptuningmarket.com\/ru\/#organization\"},\"alternateName\":\"Worldwide ecu tools supplier\",\"potentialAction\":[{\"@type\":\"SearchAction\",\"target\":{\"@type\":\"EntryPoint\",\"urlTemplate\":\"https:\/\/chiptuningmarket.com\/ru\/?s={search_term_string}\"},\"query-input\":{\"@type\":\"PropertyValueSpecification\",\"valueRequired\":true,\"valueName\":\"search_term_string\"}}],\"inLanguage\":\"pl-PL\"},{\"@type\":\"Organization\",\"@id\":\"https:\/\/chiptuningmarket.com\/ru\/#organization\",\"name\":\"Chiptuningmarket\",\"alternateName\":\"Chiptuning tools supplier\",\"url\":\"https:\/\/chiptuningmarket.com\/ru\/\",\"logo\":{\"@type\":\"ImageObject\",\"inLanguage\":\"pl-PL\",\"@id\":\"https:\/\/chiptuningmarket.com\/ru\/#\/schema\/logo\/image\/\",\"url\":\"https:\/\/chiptuningmarket.com\/wp-content\/uploads\/2023\/05\/logo-ChipTuningMarket-social.png\",\"contentUrl\":\"https:\/\/chiptuningmarket.com\/wp-content\/uploads\/2023\/05\/logo-ChipTuningMarket-social.png\",\"width\":512,\"height\":512,\"caption\":\"Chiptuningmarket\"},\"image\":{\"@id\":\"https:\/\/chiptuningmarket.com\/ru\/#\/schema\/logo\/image\/\"}}]}<\/script>\n<!-- \/ Yoast SEO plugin. -->","yoast_head_json":{"title":"CARPROG BASIC - Wersja Podstawowa - Chiptuningmarket","description":"CARPROG BASIC - A universal device for repairing electronics in cars. Among other things, it will allow you to repair immobilisers, car radios, counters...","robots":{"index":"index","follow":"follow","max-snippet":"max-snippet:-1","max-image-preview":"max-image-preview:large","max-video-preview":"max-video-preview:-1"},"canonical":"https:\/\/chiptuningmarket.com\/pl\/shop\/programatory-pl\/bcm-eprom-uniwersal-pl\/carprog-bcm-eprom-uniwersal-pl\/carprog-basic-wersja-podstawowa\/","og_locale":"pl_PL","og_type":"article","og_title":"CARPROG BASIC - Wersja Podstawowa - Chiptuningmarket","og_description":"CARPROG BASIC - A universal device for repairing electronics in cars. Among other things, it will allow you to repair immobilisers, car radios, counters...","og_url":"https:\/\/chiptuningmarket.com\/pl\/shop\/programatory-pl\/bcm-eprom-uniwersal-pl\/carprog-bcm-eprom-uniwersal-pl\/carprog-basic-wersja-podstawowa\/","og_site_name":"Chiptuningmarket","article_modified_time":"2026-04-02T12:58:32+00:00","og_image":[{"width":500,"height":500,"url":"https:\/\/chiptuningmarket.com\/wp-content\/uploads\/2021\/08\/Carprog.jpg","type":"image\/jpeg"}],"twitter_card":"summary_large_image","twitter_misc":{"Szacowany czas czytania":"4 minuty"},"schema":{"@context":"https:\/\/schema.org","@graph":[{"@type":"WebPage","@id":"https:\/\/chiptuningmarket.com\/pl\/shop\/programatory-pl\/bcm-eprom-uniwersal-pl\/carprog-bcm-eprom-uniwersal-pl\/carprog-basic-wersja-podstawowa\/","url":"https:\/\/chiptuningmarket.com\/pl\/shop\/programatory-pl\/bcm-eprom-uniwersal-pl\/carprog-bcm-eprom-uniwersal-pl\/carprog-basic-wersja-podstawowa\/","name":"CARPROG BASIC - Wersja Podstawowa - Chiptuningmarket","isPartOf":{"@id":"https:\/\/chiptuningmarket.com\/ru\/#website"},"primaryImageOfPage":{"@id":"https:\/\/chiptuningmarket.com\/pl\/shop\/programatory-pl\/bcm-eprom-uniwersal-pl\/carprog-bcm-eprom-uniwersal-pl\/carprog-basic-wersja-podstawowa\/#primaryimage"},"image":{"@id":"https:\/\/chiptuningmarket.com\/pl\/shop\/programatory-pl\/bcm-eprom-uniwersal-pl\/carprog-bcm-eprom-uniwersal-pl\/carprog-basic-wersja-podstawowa\/#primaryimage"},"thumbnailUrl":"https:\/\/chiptuningmarket.com\/wp-content\/uploads\/2021\/08\/Carprog.jpg","datePublished":"2021-08-03T13:28:24+00:00","dateModified":"2026-04-02T12:58:32+00:00","description":"CARPROG BASIC - A universal device for repairing electronics in cars. Among other things, it will allow you to repair immobilisers, car radios, counters...","breadcrumb":{"@id":"https:\/\/chiptuningmarket.com\/pl\/shop\/programatory-pl\/bcm-eprom-uniwersal-pl\/carprog-bcm-eprom-uniwersal-pl\/carprog-basic-wersja-podstawowa\/#breadcrumb"},"inLanguage":"pl-PL","potentialAction":[{"@type":"ReadAction","target":["https:\/\/chiptuningmarket.com\/pl\/shop\/programatory-pl\/bcm-eprom-uniwersal-pl\/carprog-bcm-eprom-uniwersal-pl\/carprog-basic-wersja-podstawowa\/"]}]},{"@type":"ImageObject","inLanguage":"pl-PL","@id":"https:\/\/chiptuningmarket.com\/pl\/shop\/programatory-pl\/bcm-eprom-uniwersal-pl\/carprog-bcm-eprom-uniwersal-pl\/carprog-basic-wersja-podstawowa\/#primaryimage","url":"https:\/\/chiptuningmarket.com\/wp-content\/uploads\/2021\/08\/Carprog.jpg","contentUrl":"https:\/\/chiptuningmarket.com\/wp-content\/uploads\/2021\/08\/Carprog.jpg","width":500,"height":500},{"@type":"BreadcrumbList","@id":"https:\/\/chiptuningmarket.com\/pl\/shop\/programatory-pl\/bcm-eprom-uniwersal-pl\/carprog-bcm-eprom-uniwersal-pl\/carprog-basic-wersja-podstawowa\/#breadcrumb","itemListElement":[{"@type":"ListItem","position":1,"name":"Home","item":"https:\/\/chiptuningmarket.com\/pl\/"},{"@type":"ListItem","position":2,"name":"Sklep","item":"https:\/\/chiptuningmarket.com\/pl\/shop\/"},{"@type":"ListItem","position":3,"name":"CARPROG BASIC &#8211; Wersja Podstawowa"}]},{"@type":"WebSite","@id":"https:\/\/chiptuningmarket.com\/ru\/#website","url":"https:\/\/chiptuningmarket.com\/ru\/","name":"Chiptuningmarket","description":"Biggest chiptuning shop in Europe","publisher":{"@id":"https:\/\/chiptuningmarket.com\/ru\/#organization"},"alternateName":"Worldwide ecu tools supplier","potentialAction":[{"@type":"SearchAction","target":{"@type":"EntryPoint","urlTemplate":"https:\/\/chiptuningmarket.com\/ru\/?s={search_term_string}"},"query-input":{"@type":"PropertyValueSpecification","valueRequired":true,"valueName":"search_term_string"}}],"inLanguage":"pl-PL"},{"@type":"Organization","@id":"https:\/\/chiptuningmarket.com\/ru\/#organization","name":"Chiptuningmarket","alternateName":"Chiptuning tools supplier","url":"https:\/\/chiptuningmarket.com\/ru\/","logo":{"@type":"ImageObject","inLanguage":"pl-PL","@id":"https:\/\/chiptuningmarket.com\/ru\/#\/schema\/logo\/image\/","url":"https:\/\/chiptuningmarket.com\/wp-content\/uploads\/2023\/05\/logo-ChipTuningMarket-social.png","contentUrl":"https:\/\/chiptuningmarket.com\/wp-content\/uploads\/2023\/05\/logo-ChipTuningMarket-social.png","width":512,"height":512,"caption":"Chiptuningmarket"},"image":{"@id":"https:\/\/chiptuningmarket.com\/ru\/#\/schema\/logo\/image\/"}}]}},"_links":{"self":[{"href":"https:\/\/chiptuningmarket.com\/pl\/wp-json\/wp\/v2\/product\/18856","targetHints":{"allow":["GET"]}}],"collection":[{"href":"https:\/\/chiptuningmarket.com\/pl\/wp-json\/wp\/v2\/product"}],"about":[{"href":"https:\/\/chiptuningmarket.com\/pl\/wp-json\/wp\/v2\/types\/product"}],"wp:featuredmedia":[{"embeddable":true,"href":"https:\/\/chiptuningmarket.com\/pl\/wp-json\/wp\/v2\/media\/19777"}],"wp:attachment":[{"href":"https:\/\/chiptuningmarket.com\/pl\/wp-json\/wp\/v2\/media?parent=18856"}],"wp:term":[{"taxonomy":"product_brand","embeddable":true,"href":"https:\/\/chiptuningmarket.com\/pl\/wp-json\/wp\/v2\/product_brand?post=18856"},{"taxonomy":"product_cat","embeddable":true,"href":"https:\/\/chiptuningmarket.com\/pl\/wp-json\/wp\/v2\/product_cat?post=18856"},{"taxonomy":"product_tag","embeddable":true,"href":"https:\/\/chiptuningmarket.com\/pl\/wp-json\/wp\/v2\/product_tag?post=18856"}],"curies":[{"name":"wp","href":"https:\/\/api.w.org\/{rel}","templated":true}]}}