{"id":18857,"date":"2021-08-03T14:43:25","date_gmt":"2021-08-03T13:43:25","guid":{"rendered":"https:\/\/chiptuningmarket.com\/product\/airbag-service-tool-smartobd-can-tool\/"},"modified":"2022-12-29T07:49:09","modified_gmt":"2022-12-29T07:49:09","slug":"airbag-service-tool-smartobd-can-tool","status":"publish","type":"product","link":"https:\/\/chiptuningmarket.com\/pl\/shop\/programatory-pl\/srs-pl\/ast-pl\/airbag-service-tool-smartobd-can-tool\/","title":{"rendered":"Airbag Service Tool &amp; SmartOBD CAN Tool"},"content":{"rendered":"<p style=\"text-align: center;\"><strong>Airbag Service Tool &amp; SmartOBD CAN Tool<\/strong><\/p>\n<p><strong>Kompletne rozwi\u0105zanie dla AIRBAG\u00f3w i modu\u0142\u00f3w SRS.<\/strong><\/p>\n<ul>\n<li>Ponad 3500 modeli do wyboru<\/li>\n<li>45 producent\u00f3w samochod\u00f3w<\/li>\n<li>Odczyt zapis oraz naprawa CRASH DATA przez z\u0142\u0105cze OBD2<\/li>\n<li>Naprawa CRASH DATA na plikach odczytanych zewn\u0119trznym programatorem<\/li>\n<li>zdj\u0119cia modu\u0142\u00f3w oraz opisy pod\u0142\u0105cze\u0144 w programie<\/li>\n<li>1 rok darmowego wsparcia technicznego<\/li>\n<li>1 rok darmowych aktualizacji<\/li>\n<li>kolejny 1 rok kosztuje 300 euro netto<\/li>\n<li>intuicyjne menu oprogramowania<\/li>\n<li>wygodna wyszukiwarka modu\u0142\u00f3w po dowolnym oznaczeniu z obudowy sterownika kalkulacja plik\u00f3w 1-2 sekundy<\/li>\n<li>mo\u017cliwo\u015b\u0107 pracy na wielu komputerach (klucz sprz\u0119towy USB)<\/li>\n<\/ul>\n<p><a href=\"https:\/\/ms-group.pl\/wp-content\/uploads\/2021\/08\/DSC_0506sklep-500x500-1.jpg\"><img decoding=\"async\" class=\"alignnone wp-image-16256\" src=\"https:\/\/ms-group.pl\/wp-content\/uploads\/2021\/08\/DSC_0506sklep-500x500-1-300x300.jpg\" alt=\"Airbag Service Tool &amp; SmartOBD CAN Tool\" width=\"426\" height=\"426\" \/><\/a><\/p>\n<p><strong>Samochody obs\u0142ugiwane s\u0105 za pomoc\u0105 CAN (SmartOBD).<\/strong><\/p>\n<p>AirBag CAN Service Tool dzia\u0142a poprzez pod\u0142\u0105czenie adaptera OBD2 lub na stole za pomoc\u0105 portu serwisowego.<\/p>\n<ul>\n<li><strong>RENAULT\u00a0<\/strong>SRS UNITS &#8211;\u00a0<strong>RH850 R7F701x<\/strong>\u00a0&#8211; CRASH DATA NAPRAWA PRZEZ CAN OBD2<\/li>\n<li><strong>MAZDA\u00a0<\/strong>SRS UNITS &#8211;\u00a0<strong>INFINEON XC2XXX<\/strong>\u00a0&#8211; CRASH DATA NAPRAWA PRZEZ CAN OBD2<\/li>\n<li><strong>MAZDA\u00a0<\/strong>SRS UNIT &#8211;\u00a0<strong>MAC7242\u00a0<\/strong>&#8211; CRASH DATA NAPRAWA PRZEZ CAN OBD2<\/li>\n<li><strong>FORD\u00a0<\/strong>SRS UNITS &#8211;<strong>\u00a0INFINEON XC2XXX<\/strong>\u00a0&#8211; CRASH DATA NAPRAWA PRZEZ CAN OBD2<\/li>\n<li><strong>RENAULT<\/strong>\u00a0SRS UNITS\u00a0<strong>SPC560XXX\u00a0<\/strong>CRASH DATA NAPRAWA PRZEZ CAN OBD2<\/li>\n<\/ul>\n<p>&#8212; koniec problemu z START\/STOP oraz z elektryczn\u0105 blokad\u0105 uk\u0142adu kierownicy (Steering Lock Problem)&#8211;<\/p>\n<ul>\n<li><strong>DACIA\u00a0<\/strong>SRS UNITS\u00a0<strong>SPC560\u00a0<\/strong>CRASH DATA NAPRAWA PRZEZ\u00a0CAN OBD2<\/li>\n<li><strong>RENAULT\u00a0<\/strong>SRS UNITS\u00a0<strong>INFINEON XC2XXX\u00a0<\/strong>&#8211; CRASH DATA NAPRAWA PRZEZ\u00a0CAN OBD2<\/li>\n<li><strong>NISSAN\u00a0<\/strong>SRS UNITS &#8211;<strong>\u00a0INFINEON XC2XXX<\/strong>\u00a0&#8211; CRASH DATA NAPRAWA PRZEZ\u00a0CAN OBD2<\/li>\n<li><strong>VOLVO\u00a0<\/strong>SRS UNITS &#8211;\u00a0<strong>INFINEON XC2XXX<\/strong>\u00a0&#8211; CRASH DATA NAPRAWA PRZEZ\u00a0CAN OBD2<\/li>\n<li><strong>KIA\u00a0<\/strong>SRS UNITS &#8211;\u00a0<strong>INFINEON XC2XXX\u00a0<\/strong>&#8211; CRASH DATA NAPRAWA PRZEZ\u00a0CAN OBD2<\/li>\n<li><strong>HYUNDAI<\/strong>\u00a0SRS UNITS &#8211;<strong>\u00a0<\/strong><strong>INFINEON XC2XXX\u00a0<\/strong>&#8211; CRASH DATA NAPRAWA PRZEZ\u00a0CAN OBD2<\/li>\n<li><strong>KIA\u00a0<\/strong>SRS UNITS &#8211;\u00a0<strong>MAC7242<\/strong>\u00a0&#8211; CRASH DATA NAPRAWA PRZEZ\u00a0CAN OBD2<\/li>\n<li><strong>HYUNDAI\u00a0<\/strong>SRS UNITS &#8211;\u00a0<strong>MAC7242<\/strong>\u00a0&#8211; CRASH DATA NAPRAWA PRZEZ\u00a0CAN OBD2<\/li>\n<li><strong>HONDA\u00a0<\/strong>SRS UNIT &#8211;\u00a0<strong>RENESAS H8SX R5F6172X<\/strong>\u00a0&#8211; CRASH DATA NAPRAWA PRZEZ\u00a0K-LINE OBD2<\/li>\n<li><strong>HONDA<\/strong>\u00a0SRS UNIT &#8211;<strong>\u00a0<\/strong><strong>TMS320\u00a0<\/strong>\u00a0&#8211; CRASH DATA NAPRAWA PRZEZ\u00a0K-LINE OBD2<\/li>\n<li><strong>SUBARU\u00a0<\/strong>SRS UNIT &#8211;\u00a0<strong>RENESAS H8SX R5F6172X\u00a0<\/strong>&#8211; CRASH DATA NAPRAWA PRZEZ\u00a0K-LINE OBD2<\/li>\n<li><strong>RENAULT\u00a0<\/strong>SRS UNIT &#8211;<strong>\u00a0<\/strong><strong>MOTOROLA HC912<\/strong>\u00a0&#8211; CRASH DATA NAPRAWA PRZEZ\u00a0 K-LINE OBD2<\/li>\n<li><strong>KIA<\/strong>\u00a0SRS UNIT &#8211;\u00a0<strong>MOTOROLA HC912<\/strong>\u00a0&#8211; CRASH DATA NAPRAWA PRZEZ\u00a0K-LINE OBD2<\/li>\n<li><strong>HYUNDAI\u00a0<\/strong>SRS UNIT &#8211;<strong>\u00a0<\/strong><strong>MOTOROLA HC912<\/strong>\u00a0&#8211; CRASH DATA NAPRAWA PRZEZ\u00a0K-LINE OBD2<\/li>\n<\/ul>\n<h3><strong>W zestawie znajdziesz:<\/strong><\/h3>\n<ul>\n<li>USB Dongle (AST USB KEY)<\/li>\n<li>Urz\u0105dzenie SmartOBD CAN<\/li>\n<li>Zasilacz<\/li>\n<li>Adapter SP C1<\/li>\n<li>Kabel 10-pinowy do pod\u0142\u0105czenia modu\u0142u SRS na stole<\/li>\n<li>365 dni licencji produktu<\/li>\n<li>2 lata gwarancji<\/li>\n<\/ul>\n<p>&nbsp;<\/p>\n<h3><strong>Kalkulator Airbag Service Tool &amp; SmartOBD CAN Tool<\/strong><\/h3>\n<p><span style=\"color: #000000; font-family: arial, helvetica, sans-serif;\">Zdj\u0119cia i opisy s\u0105 dost\u0119pne w oprogramowaniu. Kupuj\u0105c to urz\u0105dzenie otrzymujesz\u00a0<strong>roczne wsparcie technicznie wraz z aktualizacjami<\/strong>,\u00a0<strong>nielimitowan\u0105 ilo\u015b\u0107 token\u00f3w<\/strong>\u00a0do u\u017cycia w trakcie abonamentu. Pierwszy rok abonamentu jest w cenie zestawu, kolejne mo\u017cna u nas zam\u00f3wi\u0107 e-mailem.\u00a0\u00a0<\/span><\/p>\n<p>W ofercie r\u00f3wnie\u017c:<\/p>\n<p><a style=\"color: blue;\" href=\"https:\/\/chiptuningmarket.com\/product\/carprog-basic-wersja-podstawowa\/\">CARPROG BASIC \u2013 Wersja Podstawowa<\/a><\/p>\n<p><a style=\"color: blue;\" href=\"https:\/\/chiptuningmarket.com\/product\/autel-maxiim-im608-pro-g-boxv2-impka\/\">Autel MaxiIM IM608 PRO G-BOX v2 IMPKA<\/a><\/p>\n","protected":false},"excerpt":{"rendered":"<p>Naprawa CRASH DATA na plikach odczytanych zewn\u0119trznym programatorem, zdj\u0119cia modu\u0142\u00f3w oraz opisy pod\u0142\u0105cze\u0144 w programie, 1 rok darmowego wsparcia technicznego, 1 rok darmowych aktualizacji.<\/p>\n","protected":false},"featured_media":17787,"template":"","meta":{"_monsterinsights_skip_tracking":false,"_monsterinsights_sitenote_active":false,"_monsterinsights_sitenote_note":"","_monsterinsights_sitenote_category":0},"product_brand":[],"product_cat":[5064,5206,5237],"product_tag":[2360,2359,2855,1514],"class_list":{"0":"post-18857","1":"product","2":"type-product","3":"status-publish","4":"has-post-thumbnail","6":"product_cat-programatory-pl","7":"product_cat-srs-pl","8":"product_cat-ast-pl","9":"product_tag-airbag-service-tool-pl","10":"product_tag-airbag-service-tool-smartobd-can-tool-pl","11":"product_tag-read-record-and-repair-of-crash-data-pl","12":"product_tag-smartobd-can-tool-pl","13":"product_shipping_class-zwykla-pl","15":"first","16":"instock","17":"taxable","18":"shipping-taxable","19":"purchasable","20":"product-type-simple"},"yoast_head":"<!-- This site is optimized with the Yoast SEO plugin v25.2 - https:\/\/yoast.com\/wordpress\/plugins\/seo\/ -->\n<title>Airbag Service Tool &amp; SmartOBD CAN Tool - Chiptuningmarket<\/title>\n<meta name=\"description\" content=\"Airbag Service Tool &amp; SmartOBD CAN Tool CRASH DATA repair on files read with external programmer, photos of modules and descriptions...\" \/>\n<meta name=\"robots\" content=\"index, follow, max-snippet:-1, max-image-preview:large, max-video-preview:-1\" \/>\n<link rel=\"canonical\" href=\"https:\/\/chiptuningmarket.com\/pl\/shop\/programatory-pl\/srs-pl\/ast-pl\/airbag-service-tool-smartobd-can-tool\/\" \/>\n<meta property=\"og:locale\" content=\"pl_PL\" \/>\n<meta property=\"og:type\" content=\"article\" \/>\n<meta property=\"og:title\" content=\"Airbag Service Tool &amp; SmartOBD CAN Tool - Chiptuningmarket\" \/>\n<meta property=\"og:description\" content=\"Airbag Service Tool &amp; SmartOBD CAN Tool CRASH DATA repair on files read with external programmer, photos of modules and descriptions...\" \/>\n<meta property=\"og:url\" content=\"https:\/\/chiptuningmarket.com\/pl\/shop\/programatory-pl\/srs-pl\/ast-pl\/airbag-service-tool-smartobd-can-tool\/\" \/>\n<meta property=\"og:site_name\" content=\"Chiptuningmarket\" \/>\n<meta property=\"article:modified_time\" content=\"2022-12-29T07:49:09+00:00\" \/>\n<meta property=\"og:image\" content=\"https:\/\/chiptuningmarket.com\/wp-content\/uploads\/2021\/10\/DSC_0504sklep-500x500-1.jpg\" \/>\n\t<meta property=\"og:image:width\" content=\"500\" \/>\n\t<meta property=\"og:image:height\" content=\"500\" \/>\n\t<meta property=\"og:image:type\" content=\"image\/jpeg\" \/>\n<meta name=\"twitter:card\" content=\"summary_large_image\" \/>\n<meta name=\"twitter:label1\" content=\"Szacowany czas czytania\" \/>\n\t<meta name=\"twitter:data1\" content=\"3 minuty\" \/>\n<script type=\"application\/ld+json\" class=\"yoast-schema-graph\">{\"@context\":\"https:\/\/schema.org\",\"@graph\":[{\"@type\":\"WebPage\",\"@id\":\"https:\/\/chiptuningmarket.com\/pl\/shop\/programatory-pl\/srs-pl\/ast-pl\/airbag-service-tool-smartobd-can-tool\/\",\"url\":\"https:\/\/chiptuningmarket.com\/pl\/shop\/programatory-pl\/srs-pl\/ast-pl\/airbag-service-tool-smartobd-can-tool\/\",\"name\":\"Airbag Service Tool &amp; SmartOBD CAN Tool - Chiptuningmarket\",\"isPartOf\":{\"@id\":\"https:\/\/chiptuningmarket.com\/ru\/#website\"},\"primaryImageOfPage\":{\"@id\":\"https:\/\/chiptuningmarket.com\/pl\/shop\/programatory-pl\/srs-pl\/ast-pl\/airbag-service-tool-smartobd-can-tool\/#primaryimage\"},\"image\":{\"@id\":\"https:\/\/chiptuningmarket.com\/pl\/shop\/programatory-pl\/srs-pl\/ast-pl\/airbag-service-tool-smartobd-can-tool\/#primaryimage\"},\"thumbnailUrl\":\"https:\/\/chiptuningmarket.com\/wp-content\/uploads\/2021\/10\/DSC_0504sklep-500x500-1.jpg\",\"datePublished\":\"2021-08-03T13:43:25+00:00\",\"dateModified\":\"2022-12-29T07:49:09+00:00\",\"description\":\"Airbag Service Tool & SmartOBD CAN Tool CRASH DATA repair on files read with external programmer, photos of modules and descriptions...\",\"breadcrumb\":{\"@id\":\"https:\/\/chiptuningmarket.com\/pl\/shop\/programatory-pl\/srs-pl\/ast-pl\/airbag-service-tool-smartobd-can-tool\/#breadcrumb\"},\"inLanguage\":\"pl-PL\",\"potentialAction\":[{\"@type\":\"ReadAction\",\"target\":[\"https:\/\/chiptuningmarket.com\/pl\/shop\/programatory-pl\/srs-pl\/ast-pl\/airbag-service-tool-smartobd-can-tool\/\"]}]},{\"@type\":\"ImageObject\",\"inLanguage\":\"pl-PL\",\"@id\":\"https:\/\/chiptuningmarket.com\/pl\/shop\/programatory-pl\/srs-pl\/ast-pl\/airbag-service-tool-smartobd-can-tool\/#primaryimage\",\"url\":\"https:\/\/chiptuningmarket.com\/wp-content\/uploads\/2021\/10\/DSC_0504sklep-500x500-1.jpg\",\"contentUrl\":\"https:\/\/chiptuningmarket.com\/wp-content\/uploads\/2021\/10\/DSC_0504sklep-500x500-1.jpg\",\"width\":500,\"height\":500},{\"@type\":\"BreadcrumbList\",\"@id\":\"https:\/\/chiptuningmarket.com\/pl\/shop\/programatory-pl\/srs-pl\/ast-pl\/airbag-service-tool-smartobd-can-tool\/#breadcrumb\",\"itemListElement\":[{\"@type\":\"ListItem\",\"position\":1,\"name\":\"Home\",\"item\":\"https:\/\/chiptuningmarket.com\/pl\/\"},{\"@type\":\"ListItem\",\"position\":2,\"name\":\"Sklep\",\"item\":\"https:\/\/chiptuningmarket.com\/pl\/shop\/\"},{\"@type\":\"ListItem\",\"position\":3,\"name\":\"Airbag Service Tool &amp; SmartOBD CAN Tool\"}]},{\"@type\":\"WebSite\",\"@id\":\"https:\/\/chiptuningmarket.com\/ru\/#website\",\"url\":\"https:\/\/chiptuningmarket.com\/ru\/\",\"name\":\"Chiptuningmarket\",\"description\":\"Biggest chiptuning shop in Europe\",\"publisher\":{\"@id\":\"https:\/\/chiptuningmarket.com\/ru\/#organization\"},\"alternateName\":\"Worldwide ecu tools supplier\",\"potentialAction\":[{\"@type\":\"SearchAction\",\"target\":{\"@type\":\"EntryPoint\",\"urlTemplate\":\"https:\/\/chiptuningmarket.com\/ru\/?s={search_term_string}\"},\"query-input\":{\"@type\":\"PropertyValueSpecification\",\"valueRequired\":true,\"valueName\":\"search_term_string\"}}],\"inLanguage\":\"pl-PL\"},{\"@type\":\"Organization\",\"@id\":\"https:\/\/chiptuningmarket.com\/ru\/#organization\",\"name\":\"Chiptuningmarket\",\"alternateName\":\"Chiptuning tools supplier\",\"url\":\"https:\/\/chiptuningmarket.com\/ru\/\",\"logo\":{\"@type\":\"ImageObject\",\"inLanguage\":\"pl-PL\",\"@id\":\"https:\/\/chiptuningmarket.com\/ru\/#\/schema\/logo\/image\/\",\"url\":\"https:\/\/chiptuningmarket.com\/wp-content\/uploads\/2023\/05\/logo-ChipTuningMarket-social.png\",\"contentUrl\":\"https:\/\/chiptuningmarket.com\/wp-content\/uploads\/2023\/05\/logo-ChipTuningMarket-social.png\",\"width\":512,\"height\":512,\"caption\":\"Chiptuningmarket\"},\"image\":{\"@id\":\"https:\/\/chiptuningmarket.com\/ru\/#\/schema\/logo\/image\/\"}}]}<\/script>\n<!-- \/ Yoast SEO plugin. -->","yoast_head_json":{"title":"Airbag Service Tool &amp; SmartOBD CAN Tool - Chiptuningmarket","description":"Airbag Service Tool & SmartOBD CAN Tool CRASH DATA repair on files read with external programmer, photos of modules and descriptions...","robots":{"index":"index","follow":"follow","max-snippet":"max-snippet:-1","max-image-preview":"max-image-preview:large","max-video-preview":"max-video-preview:-1"},"canonical":"https:\/\/chiptuningmarket.com\/pl\/shop\/programatory-pl\/srs-pl\/ast-pl\/airbag-service-tool-smartobd-can-tool\/","og_locale":"pl_PL","og_type":"article","og_title":"Airbag Service Tool &amp; SmartOBD CAN Tool - Chiptuningmarket","og_description":"Airbag Service Tool & SmartOBD CAN Tool CRASH DATA repair on files read with external programmer, photos of modules and descriptions...","og_url":"https:\/\/chiptuningmarket.com\/pl\/shop\/programatory-pl\/srs-pl\/ast-pl\/airbag-service-tool-smartobd-can-tool\/","og_site_name":"Chiptuningmarket","article_modified_time":"2022-12-29T07:49:09+00:00","og_image":[{"width":500,"height":500,"url":"https:\/\/chiptuningmarket.com\/wp-content\/uploads\/2021\/10\/DSC_0504sklep-500x500-1.jpg","type":"image\/jpeg"}],"twitter_card":"summary_large_image","twitter_misc":{"Szacowany czas czytania":"3 minuty"},"schema":{"@context":"https:\/\/schema.org","@graph":[{"@type":"WebPage","@id":"https:\/\/chiptuningmarket.com\/pl\/shop\/programatory-pl\/srs-pl\/ast-pl\/airbag-service-tool-smartobd-can-tool\/","url":"https:\/\/chiptuningmarket.com\/pl\/shop\/programatory-pl\/srs-pl\/ast-pl\/airbag-service-tool-smartobd-can-tool\/","name":"Airbag Service Tool &amp; SmartOBD CAN Tool - Chiptuningmarket","isPartOf":{"@id":"https:\/\/chiptuningmarket.com\/ru\/#website"},"primaryImageOfPage":{"@id":"https:\/\/chiptuningmarket.com\/pl\/shop\/programatory-pl\/srs-pl\/ast-pl\/airbag-service-tool-smartobd-can-tool\/#primaryimage"},"image":{"@id":"https:\/\/chiptuningmarket.com\/pl\/shop\/programatory-pl\/srs-pl\/ast-pl\/airbag-service-tool-smartobd-can-tool\/#primaryimage"},"thumbnailUrl":"https:\/\/chiptuningmarket.com\/wp-content\/uploads\/2021\/10\/DSC_0504sklep-500x500-1.jpg","datePublished":"2021-08-03T13:43:25+00:00","dateModified":"2022-12-29T07:49:09+00:00","description":"Airbag Service Tool & SmartOBD CAN Tool CRASH DATA repair on files read with external programmer, photos of modules and descriptions...","breadcrumb":{"@id":"https:\/\/chiptuningmarket.com\/pl\/shop\/programatory-pl\/srs-pl\/ast-pl\/airbag-service-tool-smartobd-can-tool\/#breadcrumb"},"inLanguage":"pl-PL","potentialAction":[{"@type":"ReadAction","target":["https:\/\/chiptuningmarket.com\/pl\/shop\/programatory-pl\/srs-pl\/ast-pl\/airbag-service-tool-smartobd-can-tool\/"]}]},{"@type":"ImageObject","inLanguage":"pl-PL","@id":"https:\/\/chiptuningmarket.com\/pl\/shop\/programatory-pl\/srs-pl\/ast-pl\/airbag-service-tool-smartobd-can-tool\/#primaryimage","url":"https:\/\/chiptuningmarket.com\/wp-content\/uploads\/2021\/10\/DSC_0504sklep-500x500-1.jpg","contentUrl":"https:\/\/chiptuningmarket.com\/wp-content\/uploads\/2021\/10\/DSC_0504sklep-500x500-1.jpg","width":500,"height":500},{"@type":"BreadcrumbList","@id":"https:\/\/chiptuningmarket.com\/pl\/shop\/programatory-pl\/srs-pl\/ast-pl\/airbag-service-tool-smartobd-can-tool\/#breadcrumb","itemListElement":[{"@type":"ListItem","position":1,"name":"Home","item":"https:\/\/chiptuningmarket.com\/pl\/"},{"@type":"ListItem","position":2,"name":"Sklep","item":"https:\/\/chiptuningmarket.com\/pl\/shop\/"},{"@type":"ListItem","position":3,"name":"Airbag Service Tool &amp; SmartOBD CAN Tool"}]},{"@type":"WebSite","@id":"https:\/\/chiptuningmarket.com\/ru\/#website","url":"https:\/\/chiptuningmarket.com\/ru\/","name":"Chiptuningmarket","description":"Biggest chiptuning shop in Europe","publisher":{"@id":"https:\/\/chiptuningmarket.com\/ru\/#organization"},"alternateName":"Worldwide ecu tools supplier","potentialAction":[{"@type":"SearchAction","target":{"@type":"EntryPoint","urlTemplate":"https:\/\/chiptuningmarket.com\/ru\/?s={search_term_string}"},"query-input":{"@type":"PropertyValueSpecification","valueRequired":true,"valueName":"search_term_string"}}],"inLanguage":"pl-PL"},{"@type":"Organization","@id":"https:\/\/chiptuningmarket.com\/ru\/#organization","name":"Chiptuningmarket","alternateName":"Chiptuning tools supplier","url":"https:\/\/chiptuningmarket.com\/ru\/","logo":{"@type":"ImageObject","inLanguage":"pl-PL","@id":"https:\/\/chiptuningmarket.com\/ru\/#\/schema\/logo\/image\/","url":"https:\/\/chiptuningmarket.com\/wp-content\/uploads\/2023\/05\/logo-ChipTuningMarket-social.png","contentUrl":"https:\/\/chiptuningmarket.com\/wp-content\/uploads\/2023\/05\/logo-ChipTuningMarket-social.png","width":512,"height":512,"caption":"Chiptuningmarket"},"image":{"@id":"https:\/\/chiptuningmarket.com\/ru\/#\/schema\/logo\/image\/"}}]}},"_links":{"self":[{"href":"https:\/\/chiptuningmarket.com\/pl\/wp-json\/wp\/v2\/product\/18857","targetHints":{"allow":["GET"]}}],"collection":[{"href":"https:\/\/chiptuningmarket.com\/pl\/wp-json\/wp\/v2\/product"}],"about":[{"href":"https:\/\/chiptuningmarket.com\/pl\/wp-json\/wp\/v2\/types\/product"}],"wp:featuredmedia":[{"embeddable":true,"href":"https:\/\/chiptuningmarket.com\/pl\/wp-json\/wp\/v2\/media\/17787"}],"wp:attachment":[{"href":"https:\/\/chiptuningmarket.com\/pl\/wp-json\/wp\/v2\/media?parent=18857"}],"wp:term":[{"taxonomy":"product_brand","embeddable":true,"href":"https:\/\/chiptuningmarket.com\/pl\/wp-json\/wp\/v2\/product_brand?post=18857"},{"taxonomy":"product_cat","embeddable":true,"href":"https:\/\/chiptuningmarket.com\/pl\/wp-json\/wp\/v2\/product_cat?post=18857"},{"taxonomy":"product_tag","embeddable":true,"href":"https:\/\/chiptuningmarket.com\/pl\/wp-json\/wp\/v2\/product_tag?post=18857"}],"curies":[{"name":"wp","href":"https:\/\/api.w.org\/{rel}","templated":true}]}}