{"id":18859,"date":"2021-08-03T16:02:20","date_gmt":"2021-08-03T15:02:20","guid":{"rendered":"https:\/\/chiptuningmarket.com\/product\/airbag-service-start-pack\/"},"modified":"2022-04-12T16:16:24","modified_gmt":"2022-04-12T16:16:24","slug":"airbag-service-start-pack","status":"publish","type":"product","link":"https:\/\/chiptuningmarket.com\/pl\/shop\/programatory-pl\/srs-pl\/carprog-srs-pl\/airbag-service-start-pack\/","title":{"rendered":"AirBag Service Start Pack"},"content":{"rendered":"<p style=\"text-align: center;\"><strong>AirBag Service Start Pack<\/strong><\/p>\n<h3><\/h3>\n<p>&nbsp;<\/p>\n<h2><a href=\"https:\/\/ms-group.pl\/wp-content\/uploads\/2021\/08\/to-ten.jpg\"><img decoding=\"async\" class=\" wp-image-16279 alignright\" src=\"https:\/\/ms-group.pl\/wp-content\/uploads\/2021\/08\/to-ten-170x300.jpg\" alt=\"AirBag Service Start Pack\" width=\"806\" height=\"1423\" \/><\/a><\/h2>\n<p>&nbsp;<\/p>\n<h3>Kompletny zestaw AirBag Service Start Pack:<\/h3>\n<ol start=\"1\">\n<li>Programator CarProTool<\/li>\n<li>Zasilacz CPT ( ACP12E NOKIA )<\/li>\n<li>CPT RJ48<\/li>\n<li>CCA 10PIN\u00a0 kabel do pod\u0142\u0105czenia do modu\u0142u poduszek za po\u015brednictwem CAN na stole<\/li>\n<li>AirBag Service Tool USB Dongle ( AST USB KEY )<\/li>\n<li>AirBag Service Tool DUMP license for 1 year ( no limit, no tokens )<\/li>\n<li>AirBag CAN Service Tool 1 license for 1 year ( no limit, no tokens )<\/li>\n<li>SmartOBD CAN Tool<\/li>\n<li>SmartOBD Power Adapter 2A<\/li>\n<li>CPT EEPROM SOIC 8 ADAPTER<\/li>\n<li>10 PIN kabel do SmartOBD Service Port ( w celu pod\u0142\u0105czenia modu\u0142u SRS na stole )<\/li>\n<li>20 PIN kabel do SmartOBD Service Port<\/li>\n<li>CPT CAN ADAPTER ( CCA )<\/li>\n<li>Zasilacz do CCA<\/li>\n<\/ol>\n<p>&nbsp;<\/p>\n<h3><strong>Kompletne rozwi\u0105zanie dla AIRBAG\u00f3w i modu\u0142\u00f3w SRS.<\/strong><\/h3>\n<h3><strong>Samochody obs\u0142ugiwane s\u0105 za pomoc\u0105 CAN (SmartOBD).<\/strong><\/h3>\n<p>AirBag CAN Service Tool dzia\u0142a poprzez pod\u0142\u0105czenie adaptera OBD2 lub na stole za pomoc\u0105 portu serwisowego.<\/p>\n<ul>\n<li><strong>RENAULT\u00a0<\/strong>SRS UNITS &#8211;\u00a0<strong>RH850 R7F701x<\/strong>\u00a0&#8211; CRASH DATA NAPRAWA PRZEZ CAN OBD2<\/li>\n<li><strong>MAZDA\u00a0<\/strong>SRS UNITS &#8211;\u00a0<strong>INFINEON XC2XXX<\/strong>\u00a0&#8211; CRASH DATA NAPRAWA PRZEZ CAN OBD2<\/li>\n<li><strong>MAZDA\u00a0<\/strong>SRS UNIT &#8211;\u00a0<strong>MAC7242\u00a0<\/strong>&#8211; CRASH DATA NAPRAWA PRZEZ CAN OBD2<\/li>\n<li><strong>FORD\u00a0<\/strong>SRS UNITS &#8211;<strong>\u00a0INFINEON XC2XXX<\/strong>\u00a0&#8211; CRASH DATA NAPRAWA PRZEZ CAN OBD2<\/li>\n<li><strong>RENAULT<\/strong>\u00a0SRS UNITS\u00a0<strong>SPC560XXX\u00a0<\/strong>CRASH DATA NAPRAWA PRZEZ CAN OBD2<\/li>\n<\/ul>\n<p>&#8212; koniec problemu z START\/STOP oraz z elektryczn\u0105 blokad\u0105 uk\u0142adu kierownicy (Steering Lock Problem)&#8211;<\/p>\n<ul>\n<li><strong>DACIA\u00a0<\/strong>SRS UNITS\u00a0<strong>SPC560\u00a0<\/strong>CRASH DATA NAPRAWA PRZEZ\u00a0CAN OBD2<\/li>\n<li><strong>RENAULT\u00a0<\/strong>SRS UNITS\u00a0<strong>INFINEON XC2XXX\u00a0<\/strong>&#8211; CRASH DATA NAPRAWA PRZEZ\u00a0CAN OBD2<\/li>\n<li><strong>NISSAN\u00a0<\/strong>SRS UNITS &#8211;<strong>\u00a0INFINEON XC2XXX<\/strong>\u00a0&#8211; CRASH DATA NAPRAWA PRZEZ\u00a0CAN OBD2<\/li>\n<li><strong>VOLVO\u00a0<\/strong>SRS UNITS &#8211;\u00a0<strong>INFINEON XC2XXX<\/strong>\u00a0&#8211; CRASH DATA NAPRAWA PRZEZ\u00a0CAN OBD2<\/li>\n<li><strong>KIA\u00a0<\/strong>SRS UNITS &#8211;\u00a0<strong>INFINEON XC2XXX\u00a0<\/strong>&#8211; CRASH DATA NAPRAWA PRZEZ\u00a0CAN OBD2<\/li>\n<li><strong>HYUNDAI<\/strong>\u00a0SRS UNITS &#8211;<strong>\u00a0<\/strong><strong>INFINEON XC2XXX\u00a0<\/strong>&#8211; CRASH DATA NAPRAWA PRZEZ\u00a0CAN OBD2<\/li>\n<li><strong>KIA\u00a0<\/strong>SRS UNITS &#8211;\u00a0<strong>MAC7242<\/strong>\u00a0&#8211; CRASH DATA NAPRAWA PRZEZ\u00a0CAN OBD2<\/li>\n<li><strong>HYUNDAI\u00a0<\/strong>SRS UNITS &#8211;\u00a0<strong>MAC7242<\/strong>\u00a0&#8211; CRASH DATA NAPRAWA PRZEZ\u00a0CAN OBD2<\/li>\n<li><strong>HONDA\u00a0<\/strong>SRS UNIT &#8211;\u00a0<strong>RENESAS H8SX R5F6172X<\/strong>\u00a0&#8211; CRASH DATA NAPRAWA PRZEZ\u00a0K-LINE OBD2<\/li>\n<li><strong>HONDA<\/strong>\u00a0SRS UNIT &#8211;<strong>\u00a0<\/strong><strong>TMS320\u00a0<\/strong>\u00a0&#8211; CRASH DATA NAPRAWA PRZEZ\u00a0K-LINE OBD2<\/li>\n<li><strong>SUBARU\u00a0<\/strong>SRS UNIT &#8211;\u00a0<strong>RENESAS H8SX R5F6172X\u00a0<\/strong>&#8211; CRASH DATA NAPRAWA PRZEZ\u00a0K-LINE OBD2<\/li>\n<li><strong>RENAULT\u00a0<\/strong>SRS UNIT &#8211;<strong>\u00a0<\/strong><strong>MOTOROLA HC912<\/strong>\u00a0&#8211; CRASH DATA NAPRAWA PRZEZ\u00a0 K-LINE OBD2<\/li>\n<li><strong>KIA<\/strong>\u00a0SRS UNIT &#8211;\u00a0<strong>MOTOROLA HC912<\/strong>\u00a0&#8211; CRASH DATA NAPRAWA PRZEZ\u00a0K-LINE OBD2<\/li>\n<li><strong>HYUNDAI\u00a0<\/strong>SRS UNIT &#8211;<strong>\u00a0<\/strong><strong>MOTOROLA HC912<\/strong>\u00a0&#8211; CRASH DATA NAPRAWA PRZEZ\u00a0K-LINE OBD2<\/li>\n<\/ul>\n<p>&nbsp;<\/p>\n<p>&nbsp;<\/p>\n<p>&nbsp;<\/p>\n<h3 style=\"text-align: center;\"><\/h3>\n<h2 style=\"text-align: center;\"><strong>Kalkulator AirBag Service Tool DUMP<\/strong><\/h2>\n<p><span style=\"color: #000000; font-family: arial, helvetica, sans-serif;\">Zdj\u0119cia i opisy s\u0105 dost\u0119pne w oprogramowaniu. Kupuj\u0105c to urz\u0105dzenie otrzymujesz\u00a0<strong>roczne wsparcie technicznie wraz z aktualizacjami<\/strong>,\u00a0<strong>nielimitowan\u0105 ilo\u015b\u0107 token\u00f3w<\/strong>\u00a0do u\u017cycia w trakcie abonamentu. Pierwszy rok abonamentu jest w cenie zestawu, kolejne mo\u017cna u nas zam\u00f3wi\u0107 e-mailem.\u00a0\u00a0<\/span><\/p>\n<p>&nbsp;<\/p>\n<h2><strong>Programator CarProTool &#8211; Programowanie eeprom\u00f3w bez potrzeby wylutowywania z p\u0142yty g\u0142\u00f3wnej.<\/strong><\/h2>\n<h3><\/h3>\n<h3><strong>Lista wspieranych\u00a0 eepromy:<\/strong><\/h3>\n<p>Atmel:<\/p>\n<ul>\n<li>AT93C46D, AT93C46E, AT93C56B, AT93C66B, AT93C76, AT93C86A<\/li>\n<li>24C00, 24C01, 24C02, 24C04, 24C08, 24C16, 24C32, 24C64, 24C128, 24C256, 24C512<\/li>\n<li>24M01<\/li>\n<li>AT25010B, AT25020B, AT25040B, AT25080A, AT25160A, AT25320B(A), AT25640B(A), AT25128B, AT25256B, AT25512<\/li>\n<\/ul>\n<p>Microchip:<\/p>\n<ul>\n<li>93xx46A, 93xx46B, 93xx46C, 93xx56A, 93xx56B, 93xx56C, 93xx66A, 93xx66B, 93xx66C, 93xx76A, 93xx76B, 93xx76C, 93xx86A, 93xx86B, 93xx86C<\/li>\n<li>24xx00, 24xx01x, 24xx02x, 24xx04x, 24xx08x, 24xx16x, 24xx32x, 24xx64, 24xx128, 24xx256, 24xx1025<\/li>\n<li>25LC010A, 25LC020A<\/li>\n<li>25xx040A, 25xx080C, 25xx080D, 25xx160C, 25xx160D, 25xx320A, 25xx640A, 25xx128, 25A128, 25xx256<\/li>\n<\/ul>\n<p>ST:<\/p>\n<ul>\n<li>M93C46, M93C56, M93C66, M93C76, M93C86<\/li>\n<li>M24C01-x, M24C02-x, M24C04-x, M24C08-x, M24C16-x<\/li>\n<li>M24C32, M24C64, M24C128, M24C256<\/li>\n<li>M95040, M95P08, M95080, M95160, M95320, M95640, M95128, M95256<\/li>\n<\/ul>\n<p>Catalyst:<\/p>\n<ul>\n<li>24C02<\/li>\n<\/ul>\n<p>Samsung:<\/p>\n<ul>\n<li>km93c46<\/li>\n<\/ul>\n<p>AKM:<\/p>\n<ul>\n<li>93c46<\/li>\n<\/ul>\n<p>Elan:<\/p>\n<ul>\n<li>EM25LV010<\/li>\n<\/ul>\n<p>PMC:<\/p>\n<ul>\n<li>Pm25LV512<\/li>\n<li>Pm25LV010<\/li>\n<\/ul>\n<p>Sanyo:<\/p>\n<ul>\n<li>25U406B<\/li>\n<\/ul>\n<p>EON:<\/p>\n<ul>\n<li>en25T80<\/li>\n<\/ul>\n<p>SST:<\/p>\n<ul>\n<li>SST25VF512<\/li>\n<li>SST25LF020A<\/li>\n<\/ul>\n<h3><strong>Lista dost\u0119pnych dodatkowych aktywacji do CPT Programmer<\/strong><\/h3>\n<ul>\n<li>Freescale MAC72xx JTAG Programmer<\/li>\n<li><span style=\"color: #333333; font-family: inherit;\">Fujitsu Programmer &amp; ODOmeter calibration<\/span><\/li>\n<li><span style=\"color: #333333; font-family: inherit;\">Freescale MAC71xx JTAG Programmer<\/span><\/li>\n<li>Infineon XC2xxx JTAG Programmer<\/li>\n<li>Freescale MPC560x \/ ST SPC560Px0 \/ SC66705 JTAG Programmer<\/li>\n<li>Renesas H8SX R5F6172x Programmer and Crash Data Remover<\/li>\n<li>Renesas H8SX R5F61797 Programmer and Crash Data Remover<\/li>\n<li><span style=\"color: #333333; font-family: inherit;\">Renesas R5F642xx \/\u00a0<\/span>R5F2154xx Programmer and Crash Data Remover<\/li>\n<li><span style=\"color: #333333; font-family: inherit;\">Renesas RH850 R7F701x Programmer<\/span><\/li>\n<li><span style=\"color: #333333; font-family: inherit;\">Renesas \/ NEC V850 Programmer<\/span><\/li>\n<li><span style=\"color: #333333; font-family: inherit;\">NEC V850E2\u00a0 D70F35xx\u00a0 D70F40xx Programmer<\/span><\/li>\n<li><span style=\"color: #333333; font-family: inherit;\">VOLVO DDP &amp; PDM Reprogramming<\/span><\/li>\n<li>TMS470 JTAG Programmer<\/li>\n<li><span style=\"color: #333333; font-family: inherit;\">TMS570 JTAG Programmer &#8211; 325 EURO<\/span><\/li>\n<li><span style=\"color: #333333; font-family: inherit;\">FORD TMS470 Code Reader\/ DECODER<\/span><\/li>\n<li>Blaupunkt NAVI RNS 310 \/ Ford Travelpilot FX NX Code Reader<\/li>\n<\/ul>\n<p><strong>W naszej ofercie r\u00f3wnie\u017c:<\/strong><\/p>\n<p><a style=\"color: blue;\" href=\"https:\/\/chiptuningmarket.com\/product\/autel-maxisys-ultra\/\">Autel MaxiSys Ultra<\/a><\/p>\n<p><a style=\"color: blue;\" href=\"https:\/\/chiptuningmarket.com\/product\/programator-vvdi-bmw-tool\/\">Programator VVDI BMW TOOL<\/a><\/p>\n","protected":false},"excerpt":{"rendered":"<h2>Ten kompletny zestaw zwiera:<\/h2>\n<ol start=\"1\">\n<li>Programator CarProTool<\/li>\n<li>Zasilacz CPT ( ACP12E NOKIA )<\/li>\n<li>CPT RJ48<\/li>\n<li>CCA 10PIN\u00a0 kabel do pod\u0142\u0105czenia do modu\u0142u poduszek za po\u015brednictwem CAN na stole<\/li>\n<li>AirBag Service Tool USB Dongle ( AST USB KEY )<\/li>\n<li>AirBag Service Tool DUMP license for 1 year ( no limit, no tokens )<\/li>\n<li>AirBag CAN Service Tool 1 license for 1 year ( no limit, no tokens )<\/li>\n<li>SmartOBD CAN Tool<\/li>\n<li>SmartOBD Power Adapter 2A<\/li>\n<li>CPT EEPROM SOIC 8 ADAPTER<\/li>\n<li>10 PIN kabel do SmartOBD Service Port ( w celu pod\u0142\u0105czenia modu\u0142u SRS na stole )<\/li>\n<li>20 PIN kabel do SmartOBD Service Port<\/li>\n<li>CPT CAN ADAPTER ( CCA )<\/li>\n<li>Zasilacz do CCA<\/li>\n<\/ol>\n","protected":false},"featured_media":17793,"template":"","meta":{"_monsterinsights_skip_tracking":false,"_monsterinsights_sitenote_active":false,"_monsterinsights_sitenote_note":"","_monsterinsights_sitenote_category":0},"product_brand":[],"product_cat":[5064,5206,5236],"product_tag":[2360,2359,2275,2726,2825],"class_list":{"0":"post-18859","1":"product","2":"type-product","3":"status-publish","4":"has-post-thumbnail","6":"product_cat-programatory-pl","7":"product_cat-srs-pl","8":"product_cat-carprog-srs-pl","9":"product_tag-airbag-service-tool-pl","10":"product_tag-airbag-service-tool-smartobd-can-tool-pl","11":"product_tag-airbag-service-start-pack-pl","12":"product_tag-emulator-airbag-pl","13":"product_tag-programmer-carpro-tool-pl","14":"product_shipping_class-zwykla-pl","16":"first","17":"instock","18":"taxable","19":"shipping-taxable","20":"purchasable","21":"product-type-simple"},"yoast_head":"<!-- This site is optimized with the Yoast SEO plugin v25.2 - https:\/\/yoast.com\/wordpress\/plugins\/seo\/ -->\n<title>AirBag Service Start Pack - Chiptuningmarket<\/title>\n<meta name=\"description\" content=\"AirBag Service Start Pack This complete set contains: CarProTool Programmer, CPT Power Supply ( ACP12E NOKIA ), CPT RJ48 CCA 10PIN cable...\" \/>\n<meta name=\"robots\" content=\"index, follow, max-snippet:-1, max-image-preview:large, max-video-preview:-1\" \/>\n<link rel=\"canonical\" href=\"https:\/\/chiptuningmarket.com\/pl\/shop\/programatory-pl\/srs-pl\/carprog-srs-pl\/airbag-service-start-pack\/\" \/>\n<meta property=\"og:locale\" content=\"pl_PL\" \/>\n<meta property=\"og:type\" content=\"article\" \/>\n<meta property=\"og:title\" content=\"AirBag Service Start Pack - Chiptuningmarket\" \/>\n<meta property=\"og:description\" content=\"AirBag Service Start Pack This complete set contains: CarProTool Programmer, CPT Power Supply ( ACP12E NOKIA ), CPT RJ48 CCA 10PIN cable...\" \/>\n<meta property=\"og:url\" content=\"https:\/\/chiptuningmarket.com\/pl\/shop\/programatory-pl\/srs-pl\/carprog-srs-pl\/airbag-service-start-pack\/\" \/>\n<meta property=\"og:site_name\" content=\"Chiptuningmarket\" \/>\n<meta property=\"article:modified_time\" content=\"2022-04-12T16:16:24+00:00\" \/>\n<meta property=\"og:image\" content=\"https:\/\/chiptuningmarket.com\/wp-content\/uploads\/2021\/10\/START-PACK-795-zestaw.jpg\" \/>\n\t<meta property=\"og:image:width\" content=\"900\" \/>\n\t<meta property=\"og:image:height\" content=\"507\" \/>\n\t<meta property=\"og:image:type\" content=\"image\/jpeg\" \/>\n<meta name=\"twitter:card\" content=\"summary_large_image\" \/>\n<meta name=\"twitter:label1\" content=\"Szacowany czas czytania\" \/>\n\t<meta name=\"twitter:data1\" content=\"3 minuty\" \/>\n<script type=\"application\/ld+json\" class=\"yoast-schema-graph\">{\"@context\":\"https:\/\/schema.org\",\"@graph\":[{\"@type\":\"WebPage\",\"@id\":\"https:\/\/chiptuningmarket.com\/pl\/shop\/programatory-pl\/srs-pl\/carprog-srs-pl\/airbag-service-start-pack\/\",\"url\":\"https:\/\/chiptuningmarket.com\/pl\/shop\/programatory-pl\/srs-pl\/carprog-srs-pl\/airbag-service-start-pack\/\",\"name\":\"AirBag Service Start Pack - Chiptuningmarket\",\"isPartOf\":{\"@id\":\"https:\/\/chiptuningmarket.com\/ru\/#website\"},\"primaryImageOfPage\":{\"@id\":\"https:\/\/chiptuningmarket.com\/pl\/shop\/programatory-pl\/srs-pl\/carprog-srs-pl\/airbag-service-start-pack\/#primaryimage\"},\"image\":{\"@id\":\"https:\/\/chiptuningmarket.com\/pl\/shop\/programatory-pl\/srs-pl\/carprog-srs-pl\/airbag-service-start-pack\/#primaryimage\"},\"thumbnailUrl\":\"https:\/\/chiptuningmarket.com\/wp-content\/uploads\/2021\/10\/START-PACK-795-zestaw.jpg\",\"datePublished\":\"2021-08-03T15:02:20+00:00\",\"dateModified\":\"2022-04-12T16:16:24+00:00\",\"description\":\"AirBag Service Start Pack This complete set contains: CarProTool Programmer, CPT Power Supply ( ACP12E NOKIA ), CPT RJ48 CCA 10PIN cable...\",\"breadcrumb\":{\"@id\":\"https:\/\/chiptuningmarket.com\/pl\/shop\/programatory-pl\/srs-pl\/carprog-srs-pl\/airbag-service-start-pack\/#breadcrumb\"},\"inLanguage\":\"pl-PL\",\"potentialAction\":[{\"@type\":\"ReadAction\",\"target\":[\"https:\/\/chiptuningmarket.com\/pl\/shop\/programatory-pl\/srs-pl\/carprog-srs-pl\/airbag-service-start-pack\/\"]}]},{\"@type\":\"ImageObject\",\"inLanguage\":\"pl-PL\",\"@id\":\"https:\/\/chiptuningmarket.com\/pl\/shop\/programatory-pl\/srs-pl\/carprog-srs-pl\/airbag-service-start-pack\/#primaryimage\",\"url\":\"https:\/\/chiptuningmarket.com\/wp-content\/uploads\/2021\/10\/START-PACK-795-zestaw.jpg\",\"contentUrl\":\"https:\/\/chiptuningmarket.com\/wp-content\/uploads\/2021\/10\/START-PACK-795-zestaw.jpg\",\"width\":900,\"height\":507},{\"@type\":\"BreadcrumbList\",\"@id\":\"https:\/\/chiptuningmarket.com\/pl\/shop\/programatory-pl\/srs-pl\/carprog-srs-pl\/airbag-service-start-pack\/#breadcrumb\",\"itemListElement\":[{\"@type\":\"ListItem\",\"position\":1,\"name\":\"Home\",\"item\":\"https:\/\/chiptuningmarket.com\/pl\/\"},{\"@type\":\"ListItem\",\"position\":2,\"name\":\"Sklep\",\"item\":\"https:\/\/chiptuningmarket.com\/pl\/shop\/\"},{\"@type\":\"ListItem\",\"position\":3,\"name\":\"AirBag Service Start Pack\"}]},{\"@type\":\"WebSite\",\"@id\":\"https:\/\/chiptuningmarket.com\/ru\/#website\",\"url\":\"https:\/\/chiptuningmarket.com\/ru\/\",\"name\":\"Chiptuningmarket\",\"description\":\"Biggest chiptuning shop in Europe\",\"publisher\":{\"@id\":\"https:\/\/chiptuningmarket.com\/ru\/#organization\"},\"alternateName\":\"Worldwide ecu tools supplier\",\"potentialAction\":[{\"@type\":\"SearchAction\",\"target\":{\"@type\":\"EntryPoint\",\"urlTemplate\":\"https:\/\/chiptuningmarket.com\/ru\/?s={search_term_string}\"},\"query-input\":{\"@type\":\"PropertyValueSpecification\",\"valueRequired\":true,\"valueName\":\"search_term_string\"}}],\"inLanguage\":\"pl-PL\"},{\"@type\":\"Organization\",\"@id\":\"https:\/\/chiptuningmarket.com\/ru\/#organization\",\"name\":\"Chiptuningmarket\",\"alternateName\":\"Chiptuning tools supplier\",\"url\":\"https:\/\/chiptuningmarket.com\/ru\/\",\"logo\":{\"@type\":\"ImageObject\",\"inLanguage\":\"pl-PL\",\"@id\":\"https:\/\/chiptuningmarket.com\/ru\/#\/schema\/logo\/image\/\",\"url\":\"https:\/\/chiptuningmarket.com\/wp-content\/uploads\/2023\/05\/logo-ChipTuningMarket-social.png\",\"contentUrl\":\"https:\/\/chiptuningmarket.com\/wp-content\/uploads\/2023\/05\/logo-ChipTuningMarket-social.png\",\"width\":512,\"height\":512,\"caption\":\"Chiptuningmarket\"},\"image\":{\"@id\":\"https:\/\/chiptuningmarket.com\/ru\/#\/schema\/logo\/image\/\"}}]}<\/script>\n<!-- \/ Yoast SEO plugin. -->","yoast_head_json":{"title":"AirBag Service Start Pack - Chiptuningmarket","description":"AirBag Service Start Pack This complete set contains: CarProTool Programmer, CPT Power Supply ( ACP12E NOKIA ), CPT RJ48 CCA 10PIN cable...","robots":{"index":"index","follow":"follow","max-snippet":"max-snippet:-1","max-image-preview":"max-image-preview:large","max-video-preview":"max-video-preview:-1"},"canonical":"https:\/\/chiptuningmarket.com\/pl\/shop\/programatory-pl\/srs-pl\/carprog-srs-pl\/airbag-service-start-pack\/","og_locale":"pl_PL","og_type":"article","og_title":"AirBag Service Start Pack - Chiptuningmarket","og_description":"AirBag Service Start Pack This complete set contains: CarProTool Programmer, CPT Power Supply ( ACP12E NOKIA ), CPT RJ48 CCA 10PIN cable...","og_url":"https:\/\/chiptuningmarket.com\/pl\/shop\/programatory-pl\/srs-pl\/carprog-srs-pl\/airbag-service-start-pack\/","og_site_name":"Chiptuningmarket","article_modified_time":"2022-04-12T16:16:24+00:00","og_image":[{"width":900,"height":507,"url":"https:\/\/chiptuningmarket.com\/wp-content\/uploads\/2021\/10\/START-PACK-795-zestaw.jpg","type":"image\/jpeg"}],"twitter_card":"summary_large_image","twitter_misc":{"Szacowany czas czytania":"3 minuty"},"schema":{"@context":"https:\/\/schema.org","@graph":[{"@type":"WebPage","@id":"https:\/\/chiptuningmarket.com\/pl\/shop\/programatory-pl\/srs-pl\/carprog-srs-pl\/airbag-service-start-pack\/","url":"https:\/\/chiptuningmarket.com\/pl\/shop\/programatory-pl\/srs-pl\/carprog-srs-pl\/airbag-service-start-pack\/","name":"AirBag Service Start Pack - Chiptuningmarket","isPartOf":{"@id":"https:\/\/chiptuningmarket.com\/ru\/#website"},"primaryImageOfPage":{"@id":"https:\/\/chiptuningmarket.com\/pl\/shop\/programatory-pl\/srs-pl\/carprog-srs-pl\/airbag-service-start-pack\/#primaryimage"},"image":{"@id":"https:\/\/chiptuningmarket.com\/pl\/shop\/programatory-pl\/srs-pl\/carprog-srs-pl\/airbag-service-start-pack\/#primaryimage"},"thumbnailUrl":"https:\/\/chiptuningmarket.com\/wp-content\/uploads\/2021\/10\/START-PACK-795-zestaw.jpg","datePublished":"2021-08-03T15:02:20+00:00","dateModified":"2022-04-12T16:16:24+00:00","description":"AirBag Service Start Pack This complete set contains: CarProTool Programmer, CPT Power Supply ( ACP12E NOKIA ), CPT RJ48 CCA 10PIN cable...","breadcrumb":{"@id":"https:\/\/chiptuningmarket.com\/pl\/shop\/programatory-pl\/srs-pl\/carprog-srs-pl\/airbag-service-start-pack\/#breadcrumb"},"inLanguage":"pl-PL","potentialAction":[{"@type":"ReadAction","target":["https:\/\/chiptuningmarket.com\/pl\/shop\/programatory-pl\/srs-pl\/carprog-srs-pl\/airbag-service-start-pack\/"]}]},{"@type":"ImageObject","inLanguage":"pl-PL","@id":"https:\/\/chiptuningmarket.com\/pl\/shop\/programatory-pl\/srs-pl\/carprog-srs-pl\/airbag-service-start-pack\/#primaryimage","url":"https:\/\/chiptuningmarket.com\/wp-content\/uploads\/2021\/10\/START-PACK-795-zestaw.jpg","contentUrl":"https:\/\/chiptuningmarket.com\/wp-content\/uploads\/2021\/10\/START-PACK-795-zestaw.jpg","width":900,"height":507},{"@type":"BreadcrumbList","@id":"https:\/\/chiptuningmarket.com\/pl\/shop\/programatory-pl\/srs-pl\/carprog-srs-pl\/airbag-service-start-pack\/#breadcrumb","itemListElement":[{"@type":"ListItem","position":1,"name":"Home","item":"https:\/\/chiptuningmarket.com\/pl\/"},{"@type":"ListItem","position":2,"name":"Sklep","item":"https:\/\/chiptuningmarket.com\/pl\/shop\/"},{"@type":"ListItem","position":3,"name":"AirBag Service Start Pack"}]},{"@type":"WebSite","@id":"https:\/\/chiptuningmarket.com\/ru\/#website","url":"https:\/\/chiptuningmarket.com\/ru\/","name":"Chiptuningmarket","description":"Biggest chiptuning shop in Europe","publisher":{"@id":"https:\/\/chiptuningmarket.com\/ru\/#organization"},"alternateName":"Worldwide ecu tools supplier","potentialAction":[{"@type":"SearchAction","target":{"@type":"EntryPoint","urlTemplate":"https:\/\/chiptuningmarket.com\/ru\/?s={search_term_string}"},"query-input":{"@type":"PropertyValueSpecification","valueRequired":true,"valueName":"search_term_string"}}],"inLanguage":"pl-PL"},{"@type":"Organization","@id":"https:\/\/chiptuningmarket.com\/ru\/#organization","name":"Chiptuningmarket","alternateName":"Chiptuning tools supplier","url":"https:\/\/chiptuningmarket.com\/ru\/","logo":{"@type":"ImageObject","inLanguage":"pl-PL","@id":"https:\/\/chiptuningmarket.com\/ru\/#\/schema\/logo\/image\/","url":"https:\/\/chiptuningmarket.com\/wp-content\/uploads\/2023\/05\/logo-ChipTuningMarket-social.png","contentUrl":"https:\/\/chiptuningmarket.com\/wp-content\/uploads\/2023\/05\/logo-ChipTuningMarket-social.png","width":512,"height":512,"caption":"Chiptuningmarket"},"image":{"@id":"https:\/\/chiptuningmarket.com\/ru\/#\/schema\/logo\/image\/"}}]}},"_links":{"self":[{"href":"https:\/\/chiptuningmarket.com\/pl\/wp-json\/wp\/v2\/product\/18859","targetHints":{"allow":["GET"]}}],"collection":[{"href":"https:\/\/chiptuningmarket.com\/pl\/wp-json\/wp\/v2\/product"}],"about":[{"href":"https:\/\/chiptuningmarket.com\/pl\/wp-json\/wp\/v2\/types\/product"}],"wp:featuredmedia":[{"embeddable":true,"href":"https:\/\/chiptuningmarket.com\/pl\/wp-json\/wp\/v2\/media\/17793"}],"wp:attachment":[{"href":"https:\/\/chiptuningmarket.com\/pl\/wp-json\/wp\/v2\/media?parent=18859"}],"wp:term":[{"taxonomy":"product_brand","embeddable":true,"href":"https:\/\/chiptuningmarket.com\/pl\/wp-json\/wp\/v2\/product_brand?post=18859"},{"taxonomy":"product_cat","embeddable":true,"href":"https:\/\/chiptuningmarket.com\/pl\/wp-json\/wp\/v2\/product_cat?post=18859"},{"taxonomy":"product_tag","embeddable":true,"href":"https:\/\/chiptuningmarket.com\/pl\/wp-json\/wp\/v2\/product_tag?post=18859"}],"curies":[{"name":"wp","href":"https:\/\/api.w.org\/{rel}","templated":true}]}}