{"id":188674,"date":"2025-08-21T12:21:14","date_gmt":"2025-08-21T11:21:14","guid":{"rendered":"https:\/\/chiptuningmarket.com\/?post_type=product&#038;p=188674"},"modified":"2026-03-03T11:31:49","modified_gmt":"2026-03-03T10:31:49","slug":"5-year-update-support-subscription-autovei","status":"publish","type":"product","link":"https:\/\/chiptuningmarket.com\/pl\/shop\/programatory-pl\/chiptuning-programatory-2-pl\/autovei-truck-explorer-chiptuning-programatory-2-pl\/subskrypcje-autovei-truck-explorer-chiptuning-programatory-2-pl\/5-year-update-support-subscription-autovei\/","title":{"rendered":"5-year Update\/support subscription\u00a0Autovei"},"content":{"rendered":"<p style=\"text-align: center\"><strong>5-year Update\/support subscription\u00a0Autovei<\/strong><\/p>\n<p>Aby zapewni\u0107 najlepsz\u0105 jako\u015b\u0107 korzystania z VEI, musisz aktualizowa\u0107 oprogramowanie uk\u0142adowe VEI, wprowadzaj\u0105c najnowsze zmiany. Nasz zesp\u00f3\u0142 wsparcia zawsze b\u0119dzie stara\u0142 si\u0119 pom\u00f3c Ci w korzystaniu z naszego sprz\u0119tu.<\/p>\n<div>\n<p><u>Co obejmuje abonament?<\/u><\/p>\n<\/div>\n<ul>\n<li>Aktualizacje oprogramowania firmowego VEI i DC2U (poprawki, ulepszenia);<\/li>\n<li>Pomoc naszego centrum wsparcia;<\/li>\n<li>Bezp\u0142atne pobieranie plik\u00f3w flash MR (PLD) z bazy danych (limity: 5 plik\u00f3w dziennie \/ 20 plik\u00f3w miesi\u0119cznie);<\/li>\n<li>Zawsze aktualna wersja oprogramowania Truck Explorer.<\/li>\n<li>Mo\u017cliwo\u015b\u0107 zakupu nowych licencji<\/li>\n<\/ul>\n<div>\n<div>Aby zakupi\u0107 dodatkow\u0105 Licencj\u0119, musisz mie\u0107 wa\u017cn\u0105 \u201e subskrypcj\u0119 aktualizacji\/wspierania (Update\/support subscription AutoVei) \u201d .<br \/>\nMo\u017cesz zam\u00f3wi\u0107 subskrypcj\u0119 w dowolnym momencie i uzyska\u0107 wszystkie najnowsze aktualizacje, ale cena zale\u017cy od dni wa\u017cno\u015bci.<\/div>\n<div><\/div>\n<p>Je\u015bli kupisz\u00a0\u00a0w ci\u0105gu 30 dni od up\u0142ywaj\u0105cego dnia, otrzymasz 50% rabatu. Cena: 480 <span style=\"font-family: Arial\"><b>Eur\/rok\u00a0<\/b>.<\/span><\/p>\n<p>Je\u015bli kupisz w ci\u0105gu 31 &#8211; 90 dni od up\u0142ywaj\u0105cego dnia,\u00a0\u00a0otrzymasz 35% rabatu. Cena: 620 <span style=\"font-family: Arial\"><b>Eur\/rok<\/b><\/span><\/p>\n<\/div>\n<div>Je\u015bli kupisz\u00a0\u00a0w ci\u0105gu 91 dni miesi\u0105ca od wygas\u0142ego dnia,\u00a0\u00a0b\u0119dzie kosztowa\u0107: <span style=\"font-family: Arial\"><b>960 Eur\/rok\u00a0<\/b>.\u00a0<\/span><\/div>\n<div><u>Warunki i postanowienia dotycz\u0105ce\u00a0aktualizacji\u00a0\u00a0i pomocy technicznej\u00a0:\u00a0<\/u><\/div>\n<ul>\n<li>Us\u0142ug\u0119 aktualizacji i pomocy technicznej mo\u017cna kupi\u0107 tylko dla sprz\u0119tu, kt\u00f3ry ju\u017c posiadasz.<\/li>\n<li>Po zakupie us\u0142ugi aktualizacji i pomocy technicznej nie mog\u0105 zosta\u0107 przeniesione na inne urz\u0105dzenie sprz\u0119towe lub innego u\u017cytkownika.<\/li>\n<li>Godziny pracy wsparcia:\u00a0<i>od poniedzia\u0142ku do pi\u0105tku od 9:00 do 18:00<\/i>\u00a0GMT+2 (z wyj\u0105tkiem dni ustawowo wolnych od pracy).\u00a0Czas reakcji do 24 godzin.<\/li>\n<\/ul>\n<p>&nbsp;<\/p>\n<p><strong>W naszej ofercie r\u00f3wnie\u017c:<br \/>\n<a href=\"https:\/\/chiptuningmarket.com\/pl\/shop\/chiptuning-programatory\/autovei-pl\/truck-explorer-revolution\/\">AutoVEI Truck Explorer REVOLUTION<\/a><br \/>\n<a href=\"https:\/\/chiptuningmarket.com\/pl\/shop\/chiptuning-programatory\/autovei-pl\/truck-explorer-pro-22\/\">AutoVEI Truck Explorer PRO22<\/a><br \/>\n<a href=\"https:\/\/chiptuningmarket.com\/pl\/shop\/chiptuning-programatory\/autovei-pl\/truck-explorer-revolution\/\">AutoVEI Truck Explorer REVOLUTION<\/a><br \/>\n<a href=\"https:\/\/chiptuningmarket.com\/pl\/shop\/chiptuning-programatory\/autovei-pl\/truck-explorer-america\/\">Truck Explorer America<\/a><\/strong><\/p>\n","protected":false},"excerpt":{"rendered":"<p><strong>Subskrypcja w cenie promocyjne tylko dla u\u017cytkownik\u00f3w, kt\u00f3rych subskrypcja jest wci\u0105\u017c wa\u017cna lub od wyga\u015bni\u0119cia min\u0119\u0142o mniej ni\u017c 30 dni.\u00a0\u00a0<\/strong><\/p>\n","protected":false},"featured_media":20949,"template":"","meta":{"_monsterinsights_skip_tracking":false,"_monsterinsights_sitenote_active":false,"_monsterinsights_sitenote_note":"","_monsterinsights_sitenote_category":0},"product_brand":[],"product_cat":[5220,5203,5064,5251],"product_tag":[3123,3129,3128,3111,3127],"class_list":{"0":"post-188674","1":"product","2":"type-product","3":"status-publish","4":"has-post-thumbnail","6":"product_cat-autovei-truck-explorer-chiptuning-programatory-2-pl","7":"product_cat-chiptuning-programatory-2-pl","8":"product_cat-programatory-pl","9":"product_cat-subskrypcje-autovei-truck-explorer-chiptuning-programatory-2-pl","10":"product_tag-autovei-ciezarowki","11":"product_tag-autovei-subscription","12":"product_tag-autovei-subskrypcja","13":"product_tag-autovei-trucks-2","14":"product_tag-update-support-subscription-autovei","16":"first","17":"instock","18":"taxable","19":"shipping-taxable","20":"purchasable","21":"product-type-simple"},"yoast_head":"<!-- This site is optimized with the Yoast SEO plugin v25.2 - https:\/\/yoast.com\/wordpress\/plugins\/seo\/ -->\n<title>5-year Update\/support subscription\u00a0Autovei - Chiptuningmarket<\/title>\n<meta name=\"description\" content=\"5-year Update\/support subscription\u00a0Autovei - Aby zapewni\u0107 najlepsz\u0105 jako\u015b\u0107 korzystania z VEI, musisz aktualizowa\u0107 oprogramowanie uk\u0142adowe VEI..\" \/>\n<meta name=\"robots\" content=\"index, follow, max-snippet:-1, max-image-preview:large, max-video-preview:-1\" \/>\n<link rel=\"canonical\" href=\"https:\/\/chiptuningmarket.com\/pl\/shop\/programatory-pl\/chiptuning-programatory-2-pl\/autovei-truck-explorer-chiptuning-programatory-2-pl\/subskrypcje-autovei-truck-explorer-chiptuning-programatory-2-pl\/5-year-update-support-subscription-autovei\/\" \/>\n<meta property=\"og:locale\" content=\"pl_PL\" \/>\n<meta property=\"og:type\" content=\"article\" \/>\n<meta property=\"og:title\" content=\"5-year Update\/support subscription\u00a0Autovei - Chiptuningmarket\" \/>\n<meta property=\"og:description\" content=\"5-year Update\/support subscription\u00a0Autovei - Aby zapewni\u0107 najlepsz\u0105 jako\u015b\u0107 korzystania z VEI, musisz aktualizowa\u0107 oprogramowanie uk\u0142adowe VEI..\" \/>\n<meta property=\"og:url\" content=\"https:\/\/chiptuningmarket.com\/pl\/shop\/programatory-pl\/chiptuning-programatory-2-pl\/autovei-truck-explorer-chiptuning-programatory-2-pl\/subskrypcje-autovei-truck-explorer-chiptuning-programatory-2-pl\/5-year-update-support-subscription-autovei\/\" \/>\n<meta property=\"og:site_name\" content=\"Chiptuningmarket\" \/>\n<meta property=\"article:modified_time\" content=\"2026-03-03T10:31:49+00:00\" \/>\n<meta property=\"og:image\" content=\"https:\/\/chiptuningmarket.com\/wp-content\/uploads\/2022\/07\/update-support-subscription_234.jpg\" \/>\n\t<meta property=\"og:image:width\" content=\"500\" \/>\n\t<meta property=\"og:image:height\" content=\"393\" \/>\n\t<meta property=\"og:image:type\" content=\"image\/jpeg\" \/>\n<meta name=\"twitter:card\" content=\"summary_large_image\" \/>\n<meta name=\"twitter:label1\" content=\"Szacowany czas czytania\" \/>\n\t<meta name=\"twitter:data1\" content=\"2 minuty\" \/>\n<script type=\"application\/ld+json\" class=\"yoast-schema-graph\">{\"@context\":\"https:\/\/schema.org\",\"@graph\":[{\"@type\":\"WebPage\",\"@id\":\"https:\/\/chiptuningmarket.com\/pl\/shop\/programatory-pl\/chiptuning-programatory-2-pl\/autovei-truck-explorer-chiptuning-programatory-2-pl\/subskrypcje-autovei-truck-explorer-chiptuning-programatory-2-pl\/5-year-update-support-subscription-autovei\/\",\"url\":\"https:\/\/chiptuningmarket.com\/pl\/shop\/programatory-pl\/chiptuning-programatory-2-pl\/autovei-truck-explorer-chiptuning-programatory-2-pl\/subskrypcje-autovei-truck-explorer-chiptuning-programatory-2-pl\/5-year-update-support-subscription-autovei\/\",\"name\":\"5-year Update\/support subscription\u00a0Autovei - Chiptuningmarket\",\"isPartOf\":{\"@id\":\"https:\/\/chiptuningmarket.com\/ru\/#website\"},\"primaryImageOfPage\":{\"@id\":\"https:\/\/chiptuningmarket.com\/pl\/shop\/programatory-pl\/chiptuning-programatory-2-pl\/autovei-truck-explorer-chiptuning-programatory-2-pl\/subskrypcje-autovei-truck-explorer-chiptuning-programatory-2-pl\/5-year-update-support-subscription-autovei\/#primaryimage\"},\"image\":{\"@id\":\"https:\/\/chiptuningmarket.com\/pl\/shop\/programatory-pl\/chiptuning-programatory-2-pl\/autovei-truck-explorer-chiptuning-programatory-2-pl\/subskrypcje-autovei-truck-explorer-chiptuning-programatory-2-pl\/5-year-update-support-subscription-autovei\/#primaryimage\"},\"thumbnailUrl\":\"https:\/\/chiptuningmarket.com\/wp-content\/uploads\/2022\/07\/update-support-subscription_234.jpg\",\"datePublished\":\"2025-08-21T11:21:14+00:00\",\"dateModified\":\"2026-03-03T10:31:49+00:00\",\"description\":\"5-year Update\/support subscription\u00a0Autovei - Aby zapewni\u0107 najlepsz\u0105 jako\u015b\u0107 korzystania z VEI, musisz aktualizowa\u0107 oprogramowanie uk\u0142adowe VEI..\",\"breadcrumb\":{\"@id\":\"https:\/\/chiptuningmarket.com\/pl\/shop\/programatory-pl\/chiptuning-programatory-2-pl\/autovei-truck-explorer-chiptuning-programatory-2-pl\/subskrypcje-autovei-truck-explorer-chiptuning-programatory-2-pl\/5-year-update-support-subscription-autovei\/#breadcrumb\"},\"inLanguage\":\"pl-PL\",\"potentialAction\":[{\"@type\":\"ReadAction\",\"target\":[\"https:\/\/chiptuningmarket.com\/pl\/shop\/programatory-pl\/chiptuning-programatory-2-pl\/autovei-truck-explorer-chiptuning-programatory-2-pl\/subskrypcje-autovei-truck-explorer-chiptuning-programatory-2-pl\/5-year-update-support-subscription-autovei\/\"]}]},{\"@type\":\"ImageObject\",\"inLanguage\":\"pl-PL\",\"@id\":\"https:\/\/chiptuningmarket.com\/pl\/shop\/programatory-pl\/chiptuning-programatory-2-pl\/autovei-truck-explorer-chiptuning-programatory-2-pl\/subskrypcje-autovei-truck-explorer-chiptuning-programatory-2-pl\/5-year-update-support-subscription-autovei\/#primaryimage\",\"url\":\"https:\/\/chiptuningmarket.com\/wp-content\/uploads\/2022\/07\/update-support-subscription_234.jpg\",\"contentUrl\":\"https:\/\/chiptuningmarket.com\/wp-content\/uploads\/2022\/07\/update-support-subscription_234.jpg\",\"width\":500,\"height\":393,\"caption\":\"Update\/support subscription AutoVei\"},{\"@type\":\"BreadcrumbList\",\"@id\":\"https:\/\/chiptuningmarket.com\/pl\/shop\/programatory-pl\/chiptuning-programatory-2-pl\/autovei-truck-explorer-chiptuning-programatory-2-pl\/subskrypcje-autovei-truck-explorer-chiptuning-programatory-2-pl\/5-year-update-support-subscription-autovei\/#breadcrumb\",\"itemListElement\":[{\"@type\":\"ListItem\",\"position\":1,\"name\":\"Home\",\"item\":\"https:\/\/chiptuningmarket.com\/pl\/\"},{\"@type\":\"ListItem\",\"position\":2,\"name\":\"Sklep\",\"item\":\"https:\/\/chiptuningmarket.com\/pl\/shop\/\"},{\"@type\":\"ListItem\",\"position\":3,\"name\":\"5-year Update\/support subscription\u00a0Autovei\"}]},{\"@type\":\"WebSite\",\"@id\":\"https:\/\/chiptuningmarket.com\/ru\/#website\",\"url\":\"https:\/\/chiptuningmarket.com\/ru\/\",\"name\":\"Chiptuningmarket\",\"description\":\"Biggest chiptuning shop in Europe\",\"publisher\":{\"@id\":\"https:\/\/chiptuningmarket.com\/ru\/#organization\"},\"alternateName\":\"Worldwide ecu tools supplier\",\"potentialAction\":[{\"@type\":\"SearchAction\",\"target\":{\"@type\":\"EntryPoint\",\"urlTemplate\":\"https:\/\/chiptuningmarket.com\/ru\/?s={search_term_string}\"},\"query-input\":{\"@type\":\"PropertyValueSpecification\",\"valueRequired\":true,\"valueName\":\"search_term_string\"}}],\"inLanguage\":\"pl-PL\"},{\"@type\":\"Organization\",\"@id\":\"https:\/\/chiptuningmarket.com\/ru\/#organization\",\"name\":\"Chiptuningmarket\",\"alternateName\":\"Chiptuning tools supplier\",\"url\":\"https:\/\/chiptuningmarket.com\/ru\/\",\"logo\":{\"@type\":\"ImageObject\",\"inLanguage\":\"pl-PL\",\"@id\":\"https:\/\/chiptuningmarket.com\/ru\/#\/schema\/logo\/image\/\",\"url\":\"https:\/\/chiptuningmarket.com\/wp-content\/uploads\/2023\/05\/logo-ChipTuningMarket-social.png\",\"contentUrl\":\"https:\/\/chiptuningmarket.com\/wp-content\/uploads\/2023\/05\/logo-ChipTuningMarket-social.png\",\"width\":512,\"height\":512,\"caption\":\"Chiptuningmarket\"},\"image\":{\"@id\":\"https:\/\/chiptuningmarket.com\/ru\/#\/schema\/logo\/image\/\"}}]}<\/script>\n<!-- \/ Yoast SEO plugin. -->","yoast_head_json":{"title":"5-year Update\/support subscription\u00a0Autovei - Chiptuningmarket","description":"5-year Update\/support subscription\u00a0Autovei - Aby zapewni\u0107 najlepsz\u0105 jako\u015b\u0107 korzystania z VEI, musisz aktualizowa\u0107 oprogramowanie uk\u0142adowe VEI..","robots":{"index":"index","follow":"follow","max-snippet":"max-snippet:-1","max-image-preview":"max-image-preview:large","max-video-preview":"max-video-preview:-1"},"canonical":"https:\/\/chiptuningmarket.com\/pl\/shop\/programatory-pl\/chiptuning-programatory-2-pl\/autovei-truck-explorer-chiptuning-programatory-2-pl\/subskrypcje-autovei-truck-explorer-chiptuning-programatory-2-pl\/5-year-update-support-subscription-autovei\/","og_locale":"pl_PL","og_type":"article","og_title":"5-year Update\/support subscription\u00a0Autovei - Chiptuningmarket","og_description":"5-year Update\/support subscription\u00a0Autovei - Aby zapewni\u0107 najlepsz\u0105 jako\u015b\u0107 korzystania z VEI, musisz aktualizowa\u0107 oprogramowanie uk\u0142adowe VEI..","og_url":"https:\/\/chiptuningmarket.com\/pl\/shop\/programatory-pl\/chiptuning-programatory-2-pl\/autovei-truck-explorer-chiptuning-programatory-2-pl\/subskrypcje-autovei-truck-explorer-chiptuning-programatory-2-pl\/5-year-update-support-subscription-autovei\/","og_site_name":"Chiptuningmarket","article_modified_time":"2026-03-03T10:31:49+00:00","og_image":[{"width":500,"height":393,"url":"https:\/\/chiptuningmarket.com\/wp-content\/uploads\/2022\/07\/update-support-subscription_234.jpg","type":"image\/jpeg"}],"twitter_card":"summary_large_image","twitter_misc":{"Szacowany czas czytania":"2 minuty"},"schema":{"@context":"https:\/\/schema.org","@graph":[{"@type":"WebPage","@id":"https:\/\/chiptuningmarket.com\/pl\/shop\/programatory-pl\/chiptuning-programatory-2-pl\/autovei-truck-explorer-chiptuning-programatory-2-pl\/subskrypcje-autovei-truck-explorer-chiptuning-programatory-2-pl\/5-year-update-support-subscription-autovei\/","url":"https:\/\/chiptuningmarket.com\/pl\/shop\/programatory-pl\/chiptuning-programatory-2-pl\/autovei-truck-explorer-chiptuning-programatory-2-pl\/subskrypcje-autovei-truck-explorer-chiptuning-programatory-2-pl\/5-year-update-support-subscription-autovei\/","name":"5-year Update\/support subscription\u00a0Autovei - Chiptuningmarket","isPartOf":{"@id":"https:\/\/chiptuningmarket.com\/ru\/#website"},"primaryImageOfPage":{"@id":"https:\/\/chiptuningmarket.com\/pl\/shop\/programatory-pl\/chiptuning-programatory-2-pl\/autovei-truck-explorer-chiptuning-programatory-2-pl\/subskrypcje-autovei-truck-explorer-chiptuning-programatory-2-pl\/5-year-update-support-subscription-autovei\/#primaryimage"},"image":{"@id":"https:\/\/chiptuningmarket.com\/pl\/shop\/programatory-pl\/chiptuning-programatory-2-pl\/autovei-truck-explorer-chiptuning-programatory-2-pl\/subskrypcje-autovei-truck-explorer-chiptuning-programatory-2-pl\/5-year-update-support-subscription-autovei\/#primaryimage"},"thumbnailUrl":"https:\/\/chiptuningmarket.com\/wp-content\/uploads\/2022\/07\/update-support-subscription_234.jpg","datePublished":"2025-08-21T11:21:14+00:00","dateModified":"2026-03-03T10:31:49+00:00","description":"5-year Update\/support subscription\u00a0Autovei - Aby zapewni\u0107 najlepsz\u0105 jako\u015b\u0107 korzystania z VEI, musisz aktualizowa\u0107 oprogramowanie uk\u0142adowe VEI..","breadcrumb":{"@id":"https:\/\/chiptuningmarket.com\/pl\/shop\/programatory-pl\/chiptuning-programatory-2-pl\/autovei-truck-explorer-chiptuning-programatory-2-pl\/subskrypcje-autovei-truck-explorer-chiptuning-programatory-2-pl\/5-year-update-support-subscription-autovei\/#breadcrumb"},"inLanguage":"pl-PL","potentialAction":[{"@type":"ReadAction","target":["https:\/\/chiptuningmarket.com\/pl\/shop\/programatory-pl\/chiptuning-programatory-2-pl\/autovei-truck-explorer-chiptuning-programatory-2-pl\/subskrypcje-autovei-truck-explorer-chiptuning-programatory-2-pl\/5-year-update-support-subscription-autovei\/"]}]},{"@type":"ImageObject","inLanguage":"pl-PL","@id":"https:\/\/chiptuningmarket.com\/pl\/shop\/programatory-pl\/chiptuning-programatory-2-pl\/autovei-truck-explorer-chiptuning-programatory-2-pl\/subskrypcje-autovei-truck-explorer-chiptuning-programatory-2-pl\/5-year-update-support-subscription-autovei\/#primaryimage","url":"https:\/\/chiptuningmarket.com\/wp-content\/uploads\/2022\/07\/update-support-subscription_234.jpg","contentUrl":"https:\/\/chiptuningmarket.com\/wp-content\/uploads\/2022\/07\/update-support-subscription_234.jpg","width":500,"height":393,"caption":"Update\/support subscription AutoVei"},{"@type":"BreadcrumbList","@id":"https:\/\/chiptuningmarket.com\/pl\/shop\/programatory-pl\/chiptuning-programatory-2-pl\/autovei-truck-explorer-chiptuning-programatory-2-pl\/subskrypcje-autovei-truck-explorer-chiptuning-programatory-2-pl\/5-year-update-support-subscription-autovei\/#breadcrumb","itemListElement":[{"@type":"ListItem","position":1,"name":"Home","item":"https:\/\/chiptuningmarket.com\/pl\/"},{"@type":"ListItem","position":2,"name":"Sklep","item":"https:\/\/chiptuningmarket.com\/pl\/shop\/"},{"@type":"ListItem","position":3,"name":"5-year Update\/support subscription\u00a0Autovei"}]},{"@type":"WebSite","@id":"https:\/\/chiptuningmarket.com\/ru\/#website","url":"https:\/\/chiptuningmarket.com\/ru\/","name":"Chiptuningmarket","description":"Biggest chiptuning shop in Europe","publisher":{"@id":"https:\/\/chiptuningmarket.com\/ru\/#organization"},"alternateName":"Worldwide ecu tools supplier","potentialAction":[{"@type":"SearchAction","target":{"@type":"EntryPoint","urlTemplate":"https:\/\/chiptuningmarket.com\/ru\/?s={search_term_string}"},"query-input":{"@type":"PropertyValueSpecification","valueRequired":true,"valueName":"search_term_string"}}],"inLanguage":"pl-PL"},{"@type":"Organization","@id":"https:\/\/chiptuningmarket.com\/ru\/#organization","name":"Chiptuningmarket","alternateName":"Chiptuning tools supplier","url":"https:\/\/chiptuningmarket.com\/ru\/","logo":{"@type":"ImageObject","inLanguage":"pl-PL","@id":"https:\/\/chiptuningmarket.com\/ru\/#\/schema\/logo\/image\/","url":"https:\/\/chiptuningmarket.com\/wp-content\/uploads\/2023\/05\/logo-ChipTuningMarket-social.png","contentUrl":"https:\/\/chiptuningmarket.com\/wp-content\/uploads\/2023\/05\/logo-ChipTuningMarket-social.png","width":512,"height":512,"caption":"Chiptuningmarket"},"image":{"@id":"https:\/\/chiptuningmarket.com\/ru\/#\/schema\/logo\/image\/"}}]}},"_links":{"self":[{"href":"https:\/\/chiptuningmarket.com\/pl\/wp-json\/wp\/v2\/product\/188674","targetHints":{"allow":["GET"]}}],"collection":[{"href":"https:\/\/chiptuningmarket.com\/pl\/wp-json\/wp\/v2\/product"}],"about":[{"href":"https:\/\/chiptuningmarket.com\/pl\/wp-json\/wp\/v2\/types\/product"}],"wp:featuredmedia":[{"embeddable":true,"href":"https:\/\/chiptuningmarket.com\/pl\/wp-json\/wp\/v2\/media\/20949"}],"wp:attachment":[{"href":"https:\/\/chiptuningmarket.com\/pl\/wp-json\/wp\/v2\/media?parent=188674"}],"wp:term":[{"taxonomy":"product_brand","embeddable":true,"href":"https:\/\/chiptuningmarket.com\/pl\/wp-json\/wp\/v2\/product_brand?post=188674"},{"taxonomy":"product_cat","embeddable":true,"href":"https:\/\/chiptuningmarket.com\/pl\/wp-json\/wp\/v2\/product_cat?post=188674"},{"taxonomy":"product_tag","embeddable":true,"href":"https:\/\/chiptuningmarket.com\/pl\/wp-json\/wp\/v2\/product_tag?post=188674"}],"curies":[{"name":"wp","href":"https:\/\/api.w.org\/{rel}","templated":true}]}}