{"id":18920,"date":"2021-08-04T09:32:27","date_gmt":"2021-08-04T09:32:27","guid":{"rendered":"https:\/\/chiptuningmarket.com\/product\/t-diag-interfejs-diagnostyczny-tesla-s-i-x\/"},"modified":"2022-04-04T20:24:28","modified_gmt":"2022-04-04T20:24:28","slug":"t-diag-interfejs-diagnostyczny-tesla-s-i-x","status":"publish","type":"product","link":"https:\/\/chiptuningmarket.com\/pl\/shop\/programatory-pl\/programatory-uniwersalne-pl\/t-diag-interfejs-diagnostyczny-tesla-s-i-x\/","title":{"rendered":"T-Diag &#8211; Interfejs diagnostyczny Tesla S i X"},"content":{"rendered":"<h3 style=\"text-align: center;\"><strong>T-Diag &#8211; Interfejs diagnostyczny Tesla S i X<\/strong><\/h3>\n<h3>W tym momencie przeznaczony wy\u0142\u0105cznie do model\u00f3w Tesli S i X &#8211; oprgramowanie jest ca\u0142y czas rozwijane!<\/h3>\n<p>Abonament roczny: 300,00 \u20ac netto<\/p>\n<p><img decoding=\"async\" class=\" wp-image-16306 alignright\" src=\"https:\/\/ms-group.pl\/wp-content\/uploads\/2021\/08\/T-Diag-InterfejsDongle-500x500-1-300x300.png\" alt=\"\" width=\"686\" height=\"686\" \/><\/p>\n<p>Urz\u0105dzenie dzia\u0142a bez abonamentu, ale nie otrzymujemy wtedy \u017cadnej nowej aktualizacji .<\/p>\n<p>&nbsp;<\/p>\n<p><strong>Korzystaj\u0105c z naszej oferty otrzymasz :<\/strong><\/p>\n<ul>\n<li>Interfejs T-Diag, kabel OBDII<img decoding=\"async\" title=\"T-Diag Interfejs\" src=\"https:\/\/sklep.atomis.com.pl\/image\/data\/T-Diag\/T-Diag-Interfejs Dongle.png\" alt=\"\" \/><\/li>\n<li>Oprogramowanie (<strong>w pe\u0142nej wersji<\/strong>) wraz z utworzonym kontem &#8211;\u00a0<strong>wymagane jest sta\u0142e pod\u0142\u0105czenie do internetu (<\/strong>Oprogramowanie dzia\u0142a tylko na systemie\u00a0<strong>Windows 10!)<\/strong><\/li>\n<\/ul>\n<p><strong>Producent nie dodaje do zestawu adapter\u00f3w typu Tesla &lt;-&gt; OBD, nale\u017cy je dokupi\u0107 na ebayu<\/strong><\/p>\n<p>Oprogramowanie przeznaczone dla os\u00f3b i warsztat\u00f3w, kt\u00f3re pragn\u0105 poszerzy\u0107 ofert\u0119 us\u0142ug o napraw\u0119 samochod\u00f3w elektrycznych Tesla.<\/p>\n<h3>Oprogramowanie T-Diag umo\u017cliwia:<\/h3>\n<ul>\n<li>Instalacje firmware w samochodzie;<\/li>\n<li>Dopasowanie nie oryginalnych modu\u0142\u00f3w &#8211; zaprogramowanie u\u017cywanych cz\u0119\u015bci<\/li>\n<li>Opcj\u0119 pobrania obecnego oprogramowania z auta (opcja jest bardzo pomocna w momencie gdy wymieniany jest chip w emmc w module CID)<\/li>\n<li>w\u0142\u0105czenie konsoli GW do CID<\/li>\n<li>uruchomienie modu\u0142u<\/li>\n<li>tworzenie kopii zapasowej modu\u0142u IC i jej przywracanie<\/li>\n<li>przekonfiguraowanie radia i opcji \u0142adowania przy adaptacji Tesli wersji US na UE<\/li>\n<\/ul>\n<p>&nbsp;<\/p>\n<h3>Opcje oprogramowania:<\/h3>\n<p>Skanowanie wszystkich modu\u0142\u00f3w, odczyt i czyszczenie b\u0142\u0119d\u00f3w (DTC)<\/p>\n<p style=\"text-align: center;\"><strong>Zawieszenie pneumatyczne &#8211; Ustawianie wysoko\u015bci jazdy, tryb serwisowy, sprawdzenie ci\u015bnienia, czyszczenie Crash Daty w TAS<\/strong><\/p>\n<p><a href=\"https:\/\/ms-group.pl\/wp-content\/uploads\/2021\/08\/T-Diag_status_zawieszenia_pneumatycznego-500x500-1.png\"><img decoding=\"async\" class=\" wp-image-16310 aligncenter\" src=\"https:\/\/ms-group.pl\/wp-content\/uploads\/2021\/08\/T-Diag_status_zawieszenia_pneumatycznego-500x500-1-300x300.png\" alt=\"\" width=\"485\" height=\"485\" \/><\/a><\/p>\n<p>&nbsp;<\/p>\n<p style=\"text-align: center;\"><strong>Hamulce \/ ESP \/ TPMS &#8211; Odczyt identyfikatora TPMS, kalibracja k\u0105ta ko\u0142a kierownicy, aktywacja trybu serwisowego EPB<\/strong><\/p>\n<p><a href=\"https:\/\/ms-group.pl\/wp-content\/uploads\/2021\/08\/T-Diag_Esp_Tpms-500x500-1.png\"><img decoding=\"async\" class=\" wp-image-16302 aligncenter\" src=\"https:\/\/ms-group.pl\/wp-content\/uploads\/2021\/08\/T-Diag_Esp_Tpms-500x500-1-300x300.png\" alt=\"\" width=\"506\" height=\"506\" \/><\/a><\/p>\n<p><strong>W naszej ofercie r\u00f3wnie\u017c:<\/strong><\/p>\n<p><a style=\"color: blue;\" href=\"https:\/\/chiptuningmarket.com\/product\/icom-next-a-oe-interfejs-diagnostyczny-bmw\/\">iCOM Next A interfejs diagnostyczny BMW OE<\/a><\/p>\n<p><a style=\"color: blue;\" href=\"https:\/\/chiptuningmarket.com\/2021\/02\/19\/zakup-interfejsu-xentry-diagnosis-vci\/\">Zakup interfejsu XENTRY Diagnosis VCI<\/a><\/p>\n","protected":false},"excerpt":{"rendered":"<h2>W tym momencie przeznaczony wy\u0142\u0105cznie do model\u00f3w Tesli S i X &#8211; oprgramowanie jest ca\u0142y czas rozwijane!<\/h2>\n","protected":false},"featured_media":17812,"template":"","meta":{"_monsterinsights_skip_tracking":false,"_monsterinsights_sitenote_active":false,"_monsterinsights_sitenote_note":"","_monsterinsights_sitenote_category":0},"product_brand":[],"product_cat":[5064,5065],"product_tag":[2284,2285,2569,1683,2572],"class_list":{"0":"post-18920","1":"product","2":"type-product","3":"status-publish","4":"has-post-thumbnail","6":"product_cat-programatory-pl","7":"product_cat-programatory-uniwersalne-pl","8":"product_tag-diagnostic-interfejs-pl","9":"product_tag-diagnostic-interfejs-tesla-s-i-x-pl","10":"product_tag-software-tesla-x-i-s-pl","11":"product_tag-t-diag-pl","12":"product_tag-t-diag-diagnostic-interfejs-tesla-s-i-x-pl","13":"product_shipping_class-zwykla-pl","15":"first","16":"outofstock","17":"taxable","18":"shipping-taxable","19":"purchasable","20":"product-type-simple"},"yoast_head":"<!-- This site is optimized with the Yoast SEO plugin v25.2 - https:\/\/yoast.com\/wordpress\/plugins\/seo\/ -->\n<title>T-Diag - Interfejs diagnostyczny Tesla S i X - Chiptuningmarket<\/title>\n<meta name=\"description\" content=\"T-Diag - Diagnostic interface for Tesla S and X At the moment, it is intended only for Tesla S and X models - the software is constantly...\" \/>\n<meta name=\"robots\" content=\"index, follow, max-snippet:-1, max-image-preview:large, max-video-preview:-1\" \/>\n<link rel=\"canonical\" href=\"https:\/\/chiptuningmarket.com\/pl\/shop\/programatory-pl\/programatory-uniwersalne-pl\/t-diag-interfejs-diagnostyczny-tesla-s-i-x\/\" \/>\n<meta property=\"og:locale\" content=\"pl_PL\" \/>\n<meta property=\"og:type\" content=\"article\" \/>\n<meta property=\"og:title\" content=\"T-Diag - Interfejs diagnostyczny Tesla S i X - Chiptuningmarket\" \/>\n<meta property=\"og:description\" content=\"T-Diag - Diagnostic interface for Tesla S and X At the moment, it is intended only for Tesla S and X models - the software is constantly...\" \/>\n<meta property=\"og:url\" content=\"https:\/\/chiptuningmarket.com\/pl\/shop\/programatory-pl\/programatory-uniwersalne-pl\/t-diag-interfejs-diagnostyczny-tesla-s-i-x\/\" \/>\n<meta property=\"og:site_name\" content=\"Chiptuningmarket\" \/>\n<meta property=\"article:modified_time\" content=\"2022-04-04T20:24:28+00:00\" \/>\n<meta property=\"og:image\" content=\"https:\/\/chiptuningmarket.com\/wp-content\/uploads\/2021\/10\/T-Diag-InterfejsDongle-500x500-1.png\" \/>\n\t<meta property=\"og:image:width\" content=\"500\" \/>\n\t<meta property=\"og:image:height\" content=\"500\" \/>\n\t<meta property=\"og:image:type\" content=\"image\/png\" \/>\n<meta name=\"twitter:card\" content=\"summary_large_image\" \/>\n<meta name=\"twitter:label1\" content=\"Szacowany czas czytania\" \/>\n\t<meta name=\"twitter:data1\" content=\"2 minuty\" \/>\n<script type=\"application\/ld+json\" class=\"yoast-schema-graph\">{\"@context\":\"https:\/\/schema.org\",\"@graph\":[{\"@type\":\"WebPage\",\"@id\":\"https:\/\/chiptuningmarket.com\/pl\/shop\/programatory-pl\/programatory-uniwersalne-pl\/t-diag-interfejs-diagnostyczny-tesla-s-i-x\/\",\"url\":\"https:\/\/chiptuningmarket.com\/pl\/shop\/programatory-pl\/programatory-uniwersalne-pl\/t-diag-interfejs-diagnostyczny-tesla-s-i-x\/\",\"name\":\"T-Diag - Interfejs diagnostyczny Tesla S i X - Chiptuningmarket\",\"isPartOf\":{\"@id\":\"https:\/\/chiptuningmarket.com\/ru\/#website\"},\"primaryImageOfPage\":{\"@id\":\"https:\/\/chiptuningmarket.com\/pl\/shop\/programatory-pl\/programatory-uniwersalne-pl\/t-diag-interfejs-diagnostyczny-tesla-s-i-x\/#primaryimage\"},\"image\":{\"@id\":\"https:\/\/chiptuningmarket.com\/pl\/shop\/programatory-pl\/programatory-uniwersalne-pl\/t-diag-interfejs-diagnostyczny-tesla-s-i-x\/#primaryimage\"},\"thumbnailUrl\":\"https:\/\/chiptuningmarket.com\/wp-content\/uploads\/2021\/10\/T-Diag-InterfejsDongle-500x500-1.png\",\"datePublished\":\"2021-08-04T09:32:27+00:00\",\"dateModified\":\"2022-04-04T20:24:28+00:00\",\"description\":\"T-Diag - Diagnostic interface for Tesla S and X At the moment, it is intended only for Tesla S and X models - the software is constantly...\",\"breadcrumb\":{\"@id\":\"https:\/\/chiptuningmarket.com\/pl\/shop\/programatory-pl\/programatory-uniwersalne-pl\/t-diag-interfejs-diagnostyczny-tesla-s-i-x\/#breadcrumb\"},\"inLanguage\":\"pl-PL\",\"potentialAction\":[{\"@type\":\"ReadAction\",\"target\":[\"https:\/\/chiptuningmarket.com\/pl\/shop\/programatory-pl\/programatory-uniwersalne-pl\/t-diag-interfejs-diagnostyczny-tesla-s-i-x\/\"]}]},{\"@type\":\"ImageObject\",\"inLanguage\":\"pl-PL\",\"@id\":\"https:\/\/chiptuningmarket.com\/pl\/shop\/programatory-pl\/programatory-uniwersalne-pl\/t-diag-interfejs-diagnostyczny-tesla-s-i-x\/#primaryimage\",\"url\":\"https:\/\/chiptuningmarket.com\/wp-content\/uploads\/2021\/10\/T-Diag-InterfejsDongle-500x500-1.png\",\"contentUrl\":\"https:\/\/chiptuningmarket.com\/wp-content\/uploads\/2021\/10\/T-Diag-InterfejsDongle-500x500-1.png\",\"width\":500,\"height\":500},{\"@type\":\"BreadcrumbList\",\"@id\":\"https:\/\/chiptuningmarket.com\/pl\/shop\/programatory-pl\/programatory-uniwersalne-pl\/t-diag-interfejs-diagnostyczny-tesla-s-i-x\/#breadcrumb\",\"itemListElement\":[{\"@type\":\"ListItem\",\"position\":1,\"name\":\"Home\",\"item\":\"https:\/\/chiptuningmarket.com\/pl\/\"},{\"@type\":\"ListItem\",\"position\":2,\"name\":\"Sklep\",\"item\":\"https:\/\/chiptuningmarket.com\/pl\/shop\/\"},{\"@type\":\"ListItem\",\"position\":3,\"name\":\"T-Diag &#8211; Interfejs diagnostyczny Tesla S i X\"}]},{\"@type\":\"WebSite\",\"@id\":\"https:\/\/chiptuningmarket.com\/ru\/#website\",\"url\":\"https:\/\/chiptuningmarket.com\/ru\/\",\"name\":\"Chiptuningmarket\",\"description\":\"Biggest chiptuning shop in Europe\",\"publisher\":{\"@id\":\"https:\/\/chiptuningmarket.com\/ru\/#organization\"},\"alternateName\":\"Worldwide ecu tools supplier\",\"potentialAction\":[{\"@type\":\"SearchAction\",\"target\":{\"@type\":\"EntryPoint\",\"urlTemplate\":\"https:\/\/chiptuningmarket.com\/ru\/?s={search_term_string}\"},\"query-input\":{\"@type\":\"PropertyValueSpecification\",\"valueRequired\":true,\"valueName\":\"search_term_string\"}}],\"inLanguage\":\"pl-PL\"},{\"@type\":\"Organization\",\"@id\":\"https:\/\/chiptuningmarket.com\/ru\/#organization\",\"name\":\"Chiptuningmarket\",\"alternateName\":\"Chiptuning tools supplier\",\"url\":\"https:\/\/chiptuningmarket.com\/ru\/\",\"logo\":{\"@type\":\"ImageObject\",\"inLanguage\":\"pl-PL\",\"@id\":\"https:\/\/chiptuningmarket.com\/ru\/#\/schema\/logo\/image\/\",\"url\":\"https:\/\/chiptuningmarket.com\/wp-content\/uploads\/2023\/05\/logo-ChipTuningMarket-social.png\",\"contentUrl\":\"https:\/\/chiptuningmarket.com\/wp-content\/uploads\/2023\/05\/logo-ChipTuningMarket-social.png\",\"width\":512,\"height\":512,\"caption\":\"Chiptuningmarket\"},\"image\":{\"@id\":\"https:\/\/chiptuningmarket.com\/ru\/#\/schema\/logo\/image\/\"}}]}<\/script>\n<!-- \/ Yoast SEO plugin. -->","yoast_head_json":{"title":"T-Diag - Interfejs diagnostyczny Tesla S i X - Chiptuningmarket","description":"T-Diag - Diagnostic interface for Tesla S and X At the moment, it is intended only for Tesla S and X models - the software is constantly...","robots":{"index":"index","follow":"follow","max-snippet":"max-snippet:-1","max-image-preview":"max-image-preview:large","max-video-preview":"max-video-preview:-1"},"canonical":"https:\/\/chiptuningmarket.com\/pl\/shop\/programatory-pl\/programatory-uniwersalne-pl\/t-diag-interfejs-diagnostyczny-tesla-s-i-x\/","og_locale":"pl_PL","og_type":"article","og_title":"T-Diag - Interfejs diagnostyczny Tesla S i X - Chiptuningmarket","og_description":"T-Diag - Diagnostic interface for Tesla S and X At the moment, it is intended only for Tesla S and X models - the software is constantly...","og_url":"https:\/\/chiptuningmarket.com\/pl\/shop\/programatory-pl\/programatory-uniwersalne-pl\/t-diag-interfejs-diagnostyczny-tesla-s-i-x\/","og_site_name":"Chiptuningmarket","article_modified_time":"2022-04-04T20:24:28+00:00","og_image":[{"width":500,"height":500,"url":"https:\/\/chiptuningmarket.com\/wp-content\/uploads\/2021\/10\/T-Diag-InterfejsDongle-500x500-1.png","type":"image\/png"}],"twitter_card":"summary_large_image","twitter_misc":{"Szacowany czas czytania":"2 minuty"},"schema":{"@context":"https:\/\/schema.org","@graph":[{"@type":"WebPage","@id":"https:\/\/chiptuningmarket.com\/pl\/shop\/programatory-pl\/programatory-uniwersalne-pl\/t-diag-interfejs-diagnostyczny-tesla-s-i-x\/","url":"https:\/\/chiptuningmarket.com\/pl\/shop\/programatory-pl\/programatory-uniwersalne-pl\/t-diag-interfejs-diagnostyczny-tesla-s-i-x\/","name":"T-Diag - Interfejs diagnostyczny Tesla S i X - Chiptuningmarket","isPartOf":{"@id":"https:\/\/chiptuningmarket.com\/ru\/#website"},"primaryImageOfPage":{"@id":"https:\/\/chiptuningmarket.com\/pl\/shop\/programatory-pl\/programatory-uniwersalne-pl\/t-diag-interfejs-diagnostyczny-tesla-s-i-x\/#primaryimage"},"image":{"@id":"https:\/\/chiptuningmarket.com\/pl\/shop\/programatory-pl\/programatory-uniwersalne-pl\/t-diag-interfejs-diagnostyczny-tesla-s-i-x\/#primaryimage"},"thumbnailUrl":"https:\/\/chiptuningmarket.com\/wp-content\/uploads\/2021\/10\/T-Diag-InterfejsDongle-500x500-1.png","datePublished":"2021-08-04T09:32:27+00:00","dateModified":"2022-04-04T20:24:28+00:00","description":"T-Diag - Diagnostic interface for Tesla S and X At the moment, it is intended only for Tesla S and X models - the software is constantly...","breadcrumb":{"@id":"https:\/\/chiptuningmarket.com\/pl\/shop\/programatory-pl\/programatory-uniwersalne-pl\/t-diag-interfejs-diagnostyczny-tesla-s-i-x\/#breadcrumb"},"inLanguage":"pl-PL","potentialAction":[{"@type":"ReadAction","target":["https:\/\/chiptuningmarket.com\/pl\/shop\/programatory-pl\/programatory-uniwersalne-pl\/t-diag-interfejs-diagnostyczny-tesla-s-i-x\/"]}]},{"@type":"ImageObject","inLanguage":"pl-PL","@id":"https:\/\/chiptuningmarket.com\/pl\/shop\/programatory-pl\/programatory-uniwersalne-pl\/t-diag-interfejs-diagnostyczny-tesla-s-i-x\/#primaryimage","url":"https:\/\/chiptuningmarket.com\/wp-content\/uploads\/2021\/10\/T-Diag-InterfejsDongle-500x500-1.png","contentUrl":"https:\/\/chiptuningmarket.com\/wp-content\/uploads\/2021\/10\/T-Diag-InterfejsDongle-500x500-1.png","width":500,"height":500},{"@type":"BreadcrumbList","@id":"https:\/\/chiptuningmarket.com\/pl\/shop\/programatory-pl\/programatory-uniwersalne-pl\/t-diag-interfejs-diagnostyczny-tesla-s-i-x\/#breadcrumb","itemListElement":[{"@type":"ListItem","position":1,"name":"Home","item":"https:\/\/chiptuningmarket.com\/pl\/"},{"@type":"ListItem","position":2,"name":"Sklep","item":"https:\/\/chiptuningmarket.com\/pl\/shop\/"},{"@type":"ListItem","position":3,"name":"T-Diag &#8211; Interfejs diagnostyczny Tesla S i X"}]},{"@type":"WebSite","@id":"https:\/\/chiptuningmarket.com\/ru\/#website","url":"https:\/\/chiptuningmarket.com\/ru\/","name":"Chiptuningmarket","description":"Biggest chiptuning shop in Europe","publisher":{"@id":"https:\/\/chiptuningmarket.com\/ru\/#organization"},"alternateName":"Worldwide ecu tools supplier","potentialAction":[{"@type":"SearchAction","target":{"@type":"EntryPoint","urlTemplate":"https:\/\/chiptuningmarket.com\/ru\/?s={search_term_string}"},"query-input":{"@type":"PropertyValueSpecification","valueRequired":true,"valueName":"search_term_string"}}],"inLanguage":"pl-PL"},{"@type":"Organization","@id":"https:\/\/chiptuningmarket.com\/ru\/#organization","name":"Chiptuningmarket","alternateName":"Chiptuning tools supplier","url":"https:\/\/chiptuningmarket.com\/ru\/","logo":{"@type":"ImageObject","inLanguage":"pl-PL","@id":"https:\/\/chiptuningmarket.com\/ru\/#\/schema\/logo\/image\/","url":"https:\/\/chiptuningmarket.com\/wp-content\/uploads\/2023\/05\/logo-ChipTuningMarket-social.png","contentUrl":"https:\/\/chiptuningmarket.com\/wp-content\/uploads\/2023\/05\/logo-ChipTuningMarket-social.png","width":512,"height":512,"caption":"Chiptuningmarket"},"image":{"@id":"https:\/\/chiptuningmarket.com\/ru\/#\/schema\/logo\/image\/"}}]}},"_links":{"self":[{"href":"https:\/\/chiptuningmarket.com\/pl\/wp-json\/wp\/v2\/product\/18920","targetHints":{"allow":["GET"]}}],"collection":[{"href":"https:\/\/chiptuningmarket.com\/pl\/wp-json\/wp\/v2\/product"}],"about":[{"href":"https:\/\/chiptuningmarket.com\/pl\/wp-json\/wp\/v2\/types\/product"}],"wp:featuredmedia":[{"embeddable":true,"href":"https:\/\/chiptuningmarket.com\/pl\/wp-json\/wp\/v2\/media\/17812"}],"wp:attachment":[{"href":"https:\/\/chiptuningmarket.com\/pl\/wp-json\/wp\/v2\/media?parent=18920"}],"wp:term":[{"taxonomy":"product_brand","embeddable":true,"href":"https:\/\/chiptuningmarket.com\/pl\/wp-json\/wp\/v2\/product_brand?post=18920"},{"taxonomy":"product_cat","embeddable":true,"href":"https:\/\/chiptuningmarket.com\/pl\/wp-json\/wp\/v2\/product_cat?post=18920"},{"taxonomy":"product_tag","embeddable":true,"href":"https:\/\/chiptuningmarket.com\/pl\/wp-json\/wp\/v2\/product_tag?post=18920"}],"curies":[{"name":"wp","href":"https:\/\/api.w.org\/{rel}","templated":true}]}}