{"id":19019,"date":"2021-08-26T11:43:25","date_gmt":"2021-08-26T10:43:25","guid":{"rendered":"https:\/\/chiptuningmarket.com\/product\/winols-ols1011-2\/"},"modified":"2022-04-21T13:58:16","modified_gmt":"2022-04-21T13:58:16","slug":"winols-ols1011-2","status":"publish","type":"product","link":"https:\/\/chiptuningmarket.com\/pl\/shop\/oprogramowanie-2-pl\/chiptuning-pl\/evc-winols-chiptuning-pl\/wtyczki-pl\/winols-ols1011-2\/","title":{"rendered":"WinOLS OLS1011"},"content":{"rendered":"<p style=\"text-align: center;\"><strong>WinOLS OLS1011<\/strong><\/p>\n<p><span style=\"font-size: medium;\"><b>Przegl\u0105d<\/b><\/span><\/p>\n<table class=\"tabelle1\" border=\"1\" width=\"95%\" cellspacing=\"0\" cellpadding=\"3\">\n<tbody>\n<tr>\n<td><span style=\"font-size: medium;\"><b>Plik<\/b><\/span><\/td>\n<td>OLS1011<\/td>\n<\/tr>\n<tr>\n<td><span style=\"font-size: medium;\"><b>Pos\u0142ugiwa\u0107 si\u0119<\/b><\/span><\/td>\n<td>bFlash live connector<\/td>\n<\/tr>\n<tr>\n<td><span style=\"font-size: medium;\"><b>Uwagi<\/b><\/span><\/td>\n<td>bFlash live connector<\/td>\n<\/tr>\n<tr>\n<td><span style=\"font-size: medium;\"><b>Dost\u0119p<\/b><\/span><\/td>\n<td>Only online customers<\/td>\n<\/tr>\n<tr>\n<td><span style=\"font-size: medium;\"><b>Punkty sumy kontrolnej<\/b><\/span><\/td>\n<td>2<\/td>\n<\/tr>\n<tr>\n<td><span style=\"font-size: medium;\"><b>Wi\u0119cej informacji<\/b><\/span><\/td>\n<td>&#8211;<\/td>\n<\/tr>\n<\/tbody>\n<\/table>\n<p>W naszej ofercie r\u00f3wnie\u017c:<\/p>\n<p><a style=\"color: blue;\" href=\"https:\/\/chiptuningmarket.com\/product\/winols-ols1010\/\">WinOLS OLS1010<\/a><\/p>\n<p><a style=\"color: blue;\" href=\"https:\/\/chiptuningmarket.com\/pl\/shop\/chiptuning-oprogramowanie\/evc-winols\/winols1012\/\">WinOLS OLS1012<\/a><\/p>\n","protected":false},"excerpt":{"rendered":"<p>Ta biblioteka DLL umo\u017cliwia importowanie i eksportowanie warto\u015bci map w plikach DCM.<\/p>\n<p>Import wymaga, aby mapy ju\u017c istnia\u0142y w projekcie z poprawnym identyfikatorem. Eksport jest mo\u017cliwy tylko dla plik\u00f3w importowanych za pomoc\u0105 tej wtyczki.<\/p>\n","protected":false},"featured_media":19539,"template":"","meta":{"_monsterinsights_skip_tracking":false,"_monsterinsights_sitenote_active":false,"_monsterinsights_sitenote_note":"","_monsterinsights_sitenote_category":0},"product_brand":[],"product_cat":[5184,5190,5183,5201],"product_tag":[1615,1232,1233,1757],"class_list":{"0":"post-19019","1":"product","2":"type-product","3":"status-publish","4":"has-post-thumbnail","6":"product_cat-chiptuning-pl","7":"product_cat-evc-winols-chiptuning-pl","8":"product_cat-oprogramowanie-2-pl","9":"product_cat-wtyczki-pl","10":"product_tag-evc-pl","11":"product_tag-ols-pl","12":"product_tag-winols-pl","13":"product_tag-winols-ols1011-pl","15":"first","16":"instock","17":"virtual","18":"taxable","19":"purchasable","20":"product-type-simple"},"yoast_head":"<!-- This site is optimized with the Yoast SEO plugin v25.2 - https:\/\/yoast.com\/wordpress\/plugins\/seo\/ -->\n<title>WinOLS OLS1011 - Chiptuningmarket<\/title>\n<meta name=\"robots\" content=\"index, follow, max-snippet:-1, max-image-preview:large, max-video-preview:-1\" \/>\n<link rel=\"canonical\" href=\"https:\/\/chiptuningmarket.com\/pl\/shop\/oprogramowanie-2-pl\/chiptuning-pl\/evc-winols-chiptuning-pl\/wtyczki-pl\/winols-ols1011-2\/\" \/>\n<meta property=\"og:locale\" content=\"pl_PL\" \/>\n<meta property=\"og:type\" content=\"article\" \/>\n<meta property=\"og:title\" content=\"WinOLS OLS1011 - Chiptuningmarket\" \/>\n<meta property=\"og:description\" content=\"Ta biblioteka DLL umo\u017cliwia importowanie i eksportowanie warto\u015bci map w plikach DCM.  Import wymaga, aby mapy ju\u017c istnia\u0142y w projekcie z poprawnym identyfikatorem. Eksport jest mo\u017cliwy tylko dla plik\u00f3w importowanych za pomoc\u0105 tej wtyczki.\" \/>\n<meta property=\"og:url\" content=\"https:\/\/chiptuningmarket.com\/pl\/shop\/oprogramowanie-2-pl\/chiptuning-pl\/evc-winols-chiptuning-pl\/wtyczki-pl\/winols-ols1011-2\/\" \/>\n<meta property=\"og:site_name\" content=\"Chiptuningmarket\" \/>\n<meta property=\"article:modified_time\" content=\"2022-04-21T13:58:16+00:00\" \/>\n<meta property=\"og:image\" content=\"https:\/\/chiptuningmarket.com\/wp-content\/uploads\/2021\/08\/evc-tuning.jpg\" \/>\n\t<meta property=\"og:image:width\" content=\"700\" \/>\n\t<meta property=\"og:image:height\" content=\"700\" \/>\n\t<meta property=\"og:image:type\" content=\"image\/jpeg\" \/>\n<meta name=\"twitter:card\" content=\"summary_large_image\" \/>\n<meta name=\"twitter:label1\" content=\"Szacowany czas czytania\" \/>\n\t<meta name=\"twitter:data1\" content=\"1 minuta\" \/>\n<script type=\"application\/ld+json\" class=\"yoast-schema-graph\">{\"@context\":\"https:\/\/schema.org\",\"@graph\":[{\"@type\":\"WebPage\",\"@id\":\"https:\/\/chiptuningmarket.com\/pl\/shop\/oprogramowanie-2-pl\/chiptuning-pl\/evc-winols-chiptuning-pl\/wtyczki-pl\/winols-ols1011-2\/\",\"url\":\"https:\/\/chiptuningmarket.com\/pl\/shop\/oprogramowanie-2-pl\/chiptuning-pl\/evc-winols-chiptuning-pl\/wtyczki-pl\/winols-ols1011-2\/\",\"name\":\"WinOLS OLS1011 - Chiptuningmarket\",\"isPartOf\":{\"@id\":\"https:\/\/chiptuningmarket.com\/ru\/#website\"},\"primaryImageOfPage\":{\"@id\":\"https:\/\/chiptuningmarket.com\/pl\/shop\/oprogramowanie-2-pl\/chiptuning-pl\/evc-winols-chiptuning-pl\/wtyczki-pl\/winols-ols1011-2\/#primaryimage\"},\"image\":{\"@id\":\"https:\/\/chiptuningmarket.com\/pl\/shop\/oprogramowanie-2-pl\/chiptuning-pl\/evc-winols-chiptuning-pl\/wtyczki-pl\/winols-ols1011-2\/#primaryimage\"},\"thumbnailUrl\":\"https:\/\/chiptuningmarket.com\/wp-content\/uploads\/2021\/08\/evc-tuning.jpg\",\"datePublished\":\"2021-08-26T10:43:25+00:00\",\"dateModified\":\"2022-04-21T13:58:16+00:00\",\"breadcrumb\":{\"@id\":\"https:\/\/chiptuningmarket.com\/pl\/shop\/oprogramowanie-2-pl\/chiptuning-pl\/evc-winols-chiptuning-pl\/wtyczki-pl\/winols-ols1011-2\/#breadcrumb\"},\"inLanguage\":\"pl-PL\",\"potentialAction\":[{\"@type\":\"ReadAction\",\"target\":[\"https:\/\/chiptuningmarket.com\/pl\/shop\/oprogramowanie-2-pl\/chiptuning-pl\/evc-winols-chiptuning-pl\/wtyczki-pl\/winols-ols1011-2\/\"]}]},{\"@type\":\"ImageObject\",\"inLanguage\":\"pl-PL\",\"@id\":\"https:\/\/chiptuningmarket.com\/pl\/shop\/oprogramowanie-2-pl\/chiptuning-pl\/evc-winols-chiptuning-pl\/wtyczki-pl\/winols-ols1011-2\/#primaryimage\",\"url\":\"https:\/\/chiptuningmarket.com\/wp-content\/uploads\/2021\/08\/evc-tuning.jpg\",\"contentUrl\":\"https:\/\/chiptuningmarket.com\/wp-content\/uploads\/2021\/08\/evc-tuning.jpg\",\"width\":700,\"height\":700},{\"@type\":\"BreadcrumbList\",\"@id\":\"https:\/\/chiptuningmarket.com\/pl\/shop\/oprogramowanie-2-pl\/chiptuning-pl\/evc-winols-chiptuning-pl\/wtyczki-pl\/winols-ols1011-2\/#breadcrumb\",\"itemListElement\":[{\"@type\":\"ListItem\",\"position\":1,\"name\":\"Home\",\"item\":\"https:\/\/chiptuningmarket.com\/pl\/\"},{\"@type\":\"ListItem\",\"position\":2,\"name\":\"Sklep\",\"item\":\"https:\/\/chiptuningmarket.com\/pl\/shop\/\"},{\"@type\":\"ListItem\",\"position\":3,\"name\":\"WinOLS OLS1011\"}]},{\"@type\":\"WebSite\",\"@id\":\"https:\/\/chiptuningmarket.com\/ru\/#website\",\"url\":\"https:\/\/chiptuningmarket.com\/ru\/\",\"name\":\"Chiptuningmarket\",\"description\":\"Biggest chiptuning shop in Europe\",\"publisher\":{\"@id\":\"https:\/\/chiptuningmarket.com\/ru\/#organization\"},\"alternateName\":\"Worldwide ecu tools supplier\",\"potentialAction\":[{\"@type\":\"SearchAction\",\"target\":{\"@type\":\"EntryPoint\",\"urlTemplate\":\"https:\/\/chiptuningmarket.com\/ru\/?s={search_term_string}\"},\"query-input\":{\"@type\":\"PropertyValueSpecification\",\"valueRequired\":true,\"valueName\":\"search_term_string\"}}],\"inLanguage\":\"pl-PL\"},{\"@type\":\"Organization\",\"@id\":\"https:\/\/chiptuningmarket.com\/ru\/#organization\",\"name\":\"Chiptuningmarket\",\"alternateName\":\"Chiptuning tools supplier\",\"url\":\"https:\/\/chiptuningmarket.com\/ru\/\",\"logo\":{\"@type\":\"ImageObject\",\"inLanguage\":\"pl-PL\",\"@id\":\"https:\/\/chiptuningmarket.com\/ru\/#\/schema\/logo\/image\/\",\"url\":\"https:\/\/chiptuningmarket.com\/wp-content\/uploads\/2023\/05\/logo-ChipTuningMarket-social.png\",\"contentUrl\":\"https:\/\/chiptuningmarket.com\/wp-content\/uploads\/2023\/05\/logo-ChipTuningMarket-social.png\",\"width\":512,\"height\":512,\"caption\":\"Chiptuningmarket\"},\"image\":{\"@id\":\"https:\/\/chiptuningmarket.com\/ru\/#\/schema\/logo\/image\/\"}}]}<\/script>\n<!-- \/ Yoast SEO plugin. -->","yoast_head_json":{"title":"WinOLS OLS1011 - Chiptuningmarket","robots":{"index":"index","follow":"follow","max-snippet":"max-snippet:-1","max-image-preview":"max-image-preview:large","max-video-preview":"max-video-preview:-1"},"canonical":"https:\/\/chiptuningmarket.com\/pl\/shop\/oprogramowanie-2-pl\/chiptuning-pl\/evc-winols-chiptuning-pl\/wtyczki-pl\/winols-ols1011-2\/","og_locale":"pl_PL","og_type":"article","og_title":"WinOLS OLS1011 - Chiptuningmarket","og_description":"Ta biblioteka DLL umo\u017cliwia importowanie i eksportowanie warto\u015bci map w plikach DCM.  Import wymaga, aby mapy ju\u017c istnia\u0142y w projekcie z poprawnym identyfikatorem. Eksport jest mo\u017cliwy tylko dla plik\u00f3w importowanych za pomoc\u0105 tej wtyczki.","og_url":"https:\/\/chiptuningmarket.com\/pl\/shop\/oprogramowanie-2-pl\/chiptuning-pl\/evc-winols-chiptuning-pl\/wtyczki-pl\/winols-ols1011-2\/","og_site_name":"Chiptuningmarket","article_modified_time":"2022-04-21T13:58:16+00:00","og_image":[{"width":700,"height":700,"url":"https:\/\/chiptuningmarket.com\/wp-content\/uploads\/2021\/08\/evc-tuning.jpg","type":"image\/jpeg"}],"twitter_card":"summary_large_image","twitter_misc":{"Szacowany czas czytania":"1 minuta"},"schema":{"@context":"https:\/\/schema.org","@graph":[{"@type":"WebPage","@id":"https:\/\/chiptuningmarket.com\/pl\/shop\/oprogramowanie-2-pl\/chiptuning-pl\/evc-winols-chiptuning-pl\/wtyczki-pl\/winols-ols1011-2\/","url":"https:\/\/chiptuningmarket.com\/pl\/shop\/oprogramowanie-2-pl\/chiptuning-pl\/evc-winols-chiptuning-pl\/wtyczki-pl\/winols-ols1011-2\/","name":"WinOLS OLS1011 - Chiptuningmarket","isPartOf":{"@id":"https:\/\/chiptuningmarket.com\/ru\/#website"},"primaryImageOfPage":{"@id":"https:\/\/chiptuningmarket.com\/pl\/shop\/oprogramowanie-2-pl\/chiptuning-pl\/evc-winols-chiptuning-pl\/wtyczki-pl\/winols-ols1011-2\/#primaryimage"},"image":{"@id":"https:\/\/chiptuningmarket.com\/pl\/shop\/oprogramowanie-2-pl\/chiptuning-pl\/evc-winols-chiptuning-pl\/wtyczki-pl\/winols-ols1011-2\/#primaryimage"},"thumbnailUrl":"https:\/\/chiptuningmarket.com\/wp-content\/uploads\/2021\/08\/evc-tuning.jpg","datePublished":"2021-08-26T10:43:25+00:00","dateModified":"2022-04-21T13:58:16+00:00","breadcrumb":{"@id":"https:\/\/chiptuningmarket.com\/pl\/shop\/oprogramowanie-2-pl\/chiptuning-pl\/evc-winols-chiptuning-pl\/wtyczki-pl\/winols-ols1011-2\/#breadcrumb"},"inLanguage":"pl-PL","potentialAction":[{"@type":"ReadAction","target":["https:\/\/chiptuningmarket.com\/pl\/shop\/oprogramowanie-2-pl\/chiptuning-pl\/evc-winols-chiptuning-pl\/wtyczki-pl\/winols-ols1011-2\/"]}]},{"@type":"ImageObject","inLanguage":"pl-PL","@id":"https:\/\/chiptuningmarket.com\/pl\/shop\/oprogramowanie-2-pl\/chiptuning-pl\/evc-winols-chiptuning-pl\/wtyczki-pl\/winols-ols1011-2\/#primaryimage","url":"https:\/\/chiptuningmarket.com\/wp-content\/uploads\/2021\/08\/evc-tuning.jpg","contentUrl":"https:\/\/chiptuningmarket.com\/wp-content\/uploads\/2021\/08\/evc-tuning.jpg","width":700,"height":700},{"@type":"BreadcrumbList","@id":"https:\/\/chiptuningmarket.com\/pl\/shop\/oprogramowanie-2-pl\/chiptuning-pl\/evc-winols-chiptuning-pl\/wtyczki-pl\/winols-ols1011-2\/#breadcrumb","itemListElement":[{"@type":"ListItem","position":1,"name":"Home","item":"https:\/\/chiptuningmarket.com\/pl\/"},{"@type":"ListItem","position":2,"name":"Sklep","item":"https:\/\/chiptuningmarket.com\/pl\/shop\/"},{"@type":"ListItem","position":3,"name":"WinOLS OLS1011"}]},{"@type":"WebSite","@id":"https:\/\/chiptuningmarket.com\/ru\/#website","url":"https:\/\/chiptuningmarket.com\/ru\/","name":"Chiptuningmarket","description":"Biggest chiptuning shop in Europe","publisher":{"@id":"https:\/\/chiptuningmarket.com\/ru\/#organization"},"alternateName":"Worldwide ecu tools supplier","potentialAction":[{"@type":"SearchAction","target":{"@type":"EntryPoint","urlTemplate":"https:\/\/chiptuningmarket.com\/ru\/?s={search_term_string}"},"query-input":{"@type":"PropertyValueSpecification","valueRequired":true,"valueName":"search_term_string"}}],"inLanguage":"pl-PL"},{"@type":"Organization","@id":"https:\/\/chiptuningmarket.com\/ru\/#organization","name":"Chiptuningmarket","alternateName":"Chiptuning tools supplier","url":"https:\/\/chiptuningmarket.com\/ru\/","logo":{"@type":"ImageObject","inLanguage":"pl-PL","@id":"https:\/\/chiptuningmarket.com\/ru\/#\/schema\/logo\/image\/","url":"https:\/\/chiptuningmarket.com\/wp-content\/uploads\/2023\/05\/logo-ChipTuningMarket-social.png","contentUrl":"https:\/\/chiptuningmarket.com\/wp-content\/uploads\/2023\/05\/logo-ChipTuningMarket-social.png","width":512,"height":512,"caption":"Chiptuningmarket"},"image":{"@id":"https:\/\/chiptuningmarket.com\/ru\/#\/schema\/logo\/image\/"}}]}},"_links":{"self":[{"href":"https:\/\/chiptuningmarket.com\/pl\/wp-json\/wp\/v2\/product\/19019","targetHints":{"allow":["GET"]}}],"collection":[{"href":"https:\/\/chiptuningmarket.com\/pl\/wp-json\/wp\/v2\/product"}],"about":[{"href":"https:\/\/chiptuningmarket.com\/pl\/wp-json\/wp\/v2\/types\/product"}],"wp:featuredmedia":[{"embeddable":true,"href":"https:\/\/chiptuningmarket.com\/pl\/wp-json\/wp\/v2\/media\/19539"}],"wp:attachment":[{"href":"https:\/\/chiptuningmarket.com\/pl\/wp-json\/wp\/v2\/media?parent=19019"}],"wp:term":[{"taxonomy":"product_brand","embeddable":true,"href":"https:\/\/chiptuningmarket.com\/pl\/wp-json\/wp\/v2\/product_brand?post=19019"},{"taxonomy":"product_cat","embeddable":true,"href":"https:\/\/chiptuningmarket.com\/pl\/wp-json\/wp\/v2\/product_cat?post=19019"},{"taxonomy":"product_tag","embeddable":true,"href":"https:\/\/chiptuningmarket.com\/pl\/wp-json\/wp\/v2\/product_tag?post=19019"}],"curies":[{"name":"wp","href":"https:\/\/api.w.org\/{rel}","templated":true}]}}