{"id":19020,"date":"2021-08-26T11:52:55","date_gmt":"2021-08-26T10:52:55","guid":{"rendered":"https:\/\/chiptuningmarket.com\/product\/winols1012\/"},"modified":"2022-04-21T13:58:08","modified_gmt":"2022-04-21T13:58:08","slug":"winols1012","status":"publish","type":"product","link":"https:\/\/chiptuningmarket.com\/pl\/shop\/oprogramowanie-2-pl\/chiptuning-pl\/evc-winols-chiptuning-pl\/wtyczki-pl\/winols1012\/","title":{"rendered":"WinOLS OLS1012"},"content":{"rendered":"<p style=\"text-align: center;\"><strong>WinOLS OLS1012<\/strong><\/p>\n<table style=\"height: 564px;\" border=\"0\" width=\"895\" cellspacing=\"0\" cellpadding=\"0\">\n<tbody>\n<tr>\n<td>Ta biblioteka DLL umo\u017cliwia importowanie i eksportowanie warto\u015bci map w plikach DCM.<\/p>\n<p>Import wymaga, aby mapy ju\u017c istnia\u0142y w projekcie z poprawnym identyfikatorem.\u00a0Eksport jest mo\u017cliwy tylko dla plik\u00f3w importowanych za pomoc\u0105 tej wtyczki.<\/p>\n<p>Poniewa\u017c ta wtyczka skutecznie nie importuje\/eksportuje map, ale warto\u015bci zrzutu heksowego, import\/eksport s\u0105 wywo\u0142ywane przez normalne funkcje importu\/eksportu WinOLS.\u00a0(Wi\u0119c nie tak jak import A2L).<\/p>\n<p><b>Uwaga: ta wtyczka jest obecnie w stanie eksperymentalnym.\u00a0Wiele plik\u00f3w mo\u017cna zaimportowa\u0107, ale nadal istniej\u0105 takie, kt\u00f3re nie.\u00a0Je\u015bli posiadasz taki plik, prze\u015blij go do EVC.\u00a0Ponadto nie mo\u017cemy zagwarantowa\u0107, \u017ce wszystkie te pliki b\u0119d\u0105 mog\u0142y by\u0107 importowane w przysz\u0142o\u015bci.<\/b><\/p>\n<table class=\"tabelle1\" border=\"1\" cellspacing=\"0\" cellpadding=\"3\">\n<tbody>\n<tr>\n<td width=\"85\"><b>Nr cz\u0119\u015bci<\/b><\/td>\n<td><b>Opis<\/b><\/td>\n<\/tr>\n<tr>\n<td valign=\"top\" width=\"85\"><b>OLS1012<\/b><\/td>\n<td valign=\"top\">Inka DCM-Importer\/Eksporter<\/td>\n<\/tr>\n<\/tbody>\n<\/table>\n<p>W naszej ofercie r\u00f3wnie\u017c:<\/p>\n<p><a style=\"color: blue;\" href=\"https:\/\/chiptuningmarket.com\/product\/winols-ols1011-2\/\">WinOLS OLS1011<\/a><\/p>\n<p><a style=\"color: blue;\" href=\"https:\/\/chiptuningmarket.com\/product\/winols-ols1010\/\">WinOLS OLS1010<\/a><\/td>\n<\/tr>\n<\/tbody>\n<\/table>\n<p>&nbsp;<\/p>\n","protected":false},"excerpt":{"rendered":"<p>Ta biblioteka DLL umo\u017cliwia importowanie i eksportowanie warto\u015bci map w plikach DCM. Import wymaga, aby mapy ju\u017c istnia\u0142y w projekcie z poprawnym identyfikatorem. Eksport jest mo\u017cliwy tylko dla plik\u00f3w importowanych za pomoc\u0105 tej wtyczki.<\/p>\n","protected":false},"featured_media":19539,"template":"","meta":{"_monsterinsights_skip_tracking":false,"_monsterinsights_sitenote_active":false,"_monsterinsights_sitenote_note":"","_monsterinsights_sitenote_category":0},"product_brand":[],"product_cat":[5183,5184,5190,5201],"product_tag":[1232,1233,1407],"class_list":{"0":"post-19020","1":"product","2":"type-product","3":"status-publish","4":"has-post-thumbnail","6":"product_cat-oprogramowanie-2-pl","7":"product_cat-chiptuning-pl","8":"product_cat-evc-winols-chiptuning-pl","9":"product_cat-wtyczki-pl","10":"product_tag-ols-pl","11":"product_tag-winols-pl","12":"product_tag-winols-ols1012-pl","14":"first","15":"instock","16":"virtual","17":"taxable","18":"purchasable","19":"product-type-simple"},"yoast_head":"<!-- This site is optimized with the Yoast SEO plugin v25.2 - https:\/\/yoast.com\/wordpress\/plugins\/seo\/ -->\n<title>WinOLS OLS1012 - Chiptuningmarket<\/title>\n<meta name=\"description\" content=\"WinOLS OLS1012 - Ta biblioteka DLL umo\u017cliwia importowanie i eksportowanie warto\u015bci map w plikach DCM.\" \/>\n<meta name=\"robots\" content=\"index, follow, max-snippet:-1, max-image-preview:large, max-video-preview:-1\" \/>\n<link rel=\"canonical\" href=\"https:\/\/chiptuningmarket.com\/pl\/shop\/oprogramowanie-2-pl\/chiptuning-pl\/evc-winols-chiptuning-pl\/wtyczki-pl\/winols1012\/\" \/>\n<meta property=\"og:locale\" content=\"pl_PL\" \/>\n<meta property=\"og:type\" content=\"article\" \/>\n<meta property=\"og:title\" content=\"WinOLS OLS1012 - Chiptuningmarket\" \/>\n<meta property=\"og:description\" content=\"WinOLS OLS1012 - Ta biblioteka DLL umo\u017cliwia importowanie i eksportowanie warto\u015bci map w plikach DCM.\" \/>\n<meta property=\"og:url\" content=\"https:\/\/chiptuningmarket.com\/pl\/shop\/oprogramowanie-2-pl\/chiptuning-pl\/evc-winols-chiptuning-pl\/wtyczki-pl\/winols1012\/\" \/>\n<meta property=\"og:site_name\" content=\"Chiptuningmarket\" \/>\n<meta property=\"article:modified_time\" content=\"2022-04-21T13:58:08+00:00\" \/>\n<meta property=\"og:image\" content=\"https:\/\/chiptuningmarket.com\/wp-content\/uploads\/2021\/08\/evc-tuning.jpg\" \/>\n\t<meta property=\"og:image:width\" content=\"700\" \/>\n\t<meta property=\"og:image:height\" content=\"700\" \/>\n\t<meta property=\"og:image:type\" content=\"image\/jpeg\" \/>\n<meta name=\"twitter:card\" content=\"summary_large_image\" \/>\n<meta name=\"twitter:label1\" content=\"Szacowany czas czytania\" \/>\n\t<meta name=\"twitter:data1\" content=\"1 minuta\" \/>\n<script type=\"application\/ld+json\" class=\"yoast-schema-graph\">{\"@context\":\"https:\/\/schema.org\",\"@graph\":[{\"@type\":\"WebPage\",\"@id\":\"https:\/\/chiptuningmarket.com\/pl\/shop\/oprogramowanie-2-pl\/chiptuning-pl\/evc-winols-chiptuning-pl\/wtyczki-pl\/winols1012\/\",\"url\":\"https:\/\/chiptuningmarket.com\/pl\/shop\/oprogramowanie-2-pl\/chiptuning-pl\/evc-winols-chiptuning-pl\/wtyczki-pl\/winols1012\/\",\"name\":\"WinOLS OLS1012 - Chiptuningmarket\",\"isPartOf\":{\"@id\":\"https:\/\/chiptuningmarket.com\/ru\/#website\"},\"primaryImageOfPage\":{\"@id\":\"https:\/\/chiptuningmarket.com\/pl\/shop\/oprogramowanie-2-pl\/chiptuning-pl\/evc-winols-chiptuning-pl\/wtyczki-pl\/winols1012\/#primaryimage\"},\"image\":{\"@id\":\"https:\/\/chiptuningmarket.com\/pl\/shop\/oprogramowanie-2-pl\/chiptuning-pl\/evc-winols-chiptuning-pl\/wtyczki-pl\/winols1012\/#primaryimage\"},\"thumbnailUrl\":\"https:\/\/chiptuningmarket.com\/wp-content\/uploads\/2021\/08\/evc-tuning.jpg\",\"datePublished\":\"2021-08-26T10:52:55+00:00\",\"dateModified\":\"2022-04-21T13:58:08+00:00\",\"description\":\"WinOLS OLS1012 - Ta biblioteka DLL umo\u017cliwia importowanie i eksportowanie warto\u015bci map w plikach DCM.\",\"breadcrumb\":{\"@id\":\"https:\/\/chiptuningmarket.com\/pl\/shop\/oprogramowanie-2-pl\/chiptuning-pl\/evc-winols-chiptuning-pl\/wtyczki-pl\/winols1012\/#breadcrumb\"},\"inLanguage\":\"pl-PL\",\"potentialAction\":[{\"@type\":\"ReadAction\",\"target\":[\"https:\/\/chiptuningmarket.com\/pl\/shop\/oprogramowanie-2-pl\/chiptuning-pl\/evc-winols-chiptuning-pl\/wtyczki-pl\/winols1012\/\"]}]},{\"@type\":\"ImageObject\",\"inLanguage\":\"pl-PL\",\"@id\":\"https:\/\/chiptuningmarket.com\/pl\/shop\/oprogramowanie-2-pl\/chiptuning-pl\/evc-winols-chiptuning-pl\/wtyczki-pl\/winols1012\/#primaryimage\",\"url\":\"https:\/\/chiptuningmarket.com\/wp-content\/uploads\/2021\/08\/evc-tuning.jpg\",\"contentUrl\":\"https:\/\/chiptuningmarket.com\/wp-content\/uploads\/2021\/08\/evc-tuning.jpg\",\"width\":700,\"height\":700},{\"@type\":\"BreadcrumbList\",\"@id\":\"https:\/\/chiptuningmarket.com\/pl\/shop\/oprogramowanie-2-pl\/chiptuning-pl\/evc-winols-chiptuning-pl\/wtyczki-pl\/winols1012\/#breadcrumb\",\"itemListElement\":[{\"@type\":\"ListItem\",\"position\":1,\"name\":\"Home\",\"item\":\"https:\/\/chiptuningmarket.com\/pl\/\"},{\"@type\":\"ListItem\",\"position\":2,\"name\":\"Sklep\",\"item\":\"https:\/\/chiptuningmarket.com\/pl\/shop\/\"},{\"@type\":\"ListItem\",\"position\":3,\"name\":\"WinOLS OLS1012\"}]},{\"@type\":\"WebSite\",\"@id\":\"https:\/\/chiptuningmarket.com\/ru\/#website\",\"url\":\"https:\/\/chiptuningmarket.com\/ru\/\",\"name\":\"Chiptuningmarket\",\"description\":\"Biggest chiptuning shop in Europe\",\"publisher\":{\"@id\":\"https:\/\/chiptuningmarket.com\/ru\/#organization\"},\"alternateName\":\"Worldwide ecu tools supplier\",\"potentialAction\":[{\"@type\":\"SearchAction\",\"target\":{\"@type\":\"EntryPoint\",\"urlTemplate\":\"https:\/\/chiptuningmarket.com\/ru\/?s={search_term_string}\"},\"query-input\":{\"@type\":\"PropertyValueSpecification\",\"valueRequired\":true,\"valueName\":\"search_term_string\"}}],\"inLanguage\":\"pl-PL\"},{\"@type\":\"Organization\",\"@id\":\"https:\/\/chiptuningmarket.com\/ru\/#organization\",\"name\":\"Chiptuningmarket\",\"alternateName\":\"Chiptuning tools supplier\",\"url\":\"https:\/\/chiptuningmarket.com\/ru\/\",\"logo\":{\"@type\":\"ImageObject\",\"inLanguage\":\"pl-PL\",\"@id\":\"https:\/\/chiptuningmarket.com\/ru\/#\/schema\/logo\/image\/\",\"url\":\"https:\/\/chiptuningmarket.com\/wp-content\/uploads\/2023\/05\/logo-ChipTuningMarket-social.png\",\"contentUrl\":\"https:\/\/chiptuningmarket.com\/wp-content\/uploads\/2023\/05\/logo-ChipTuningMarket-social.png\",\"width\":512,\"height\":512,\"caption\":\"Chiptuningmarket\"},\"image\":{\"@id\":\"https:\/\/chiptuningmarket.com\/ru\/#\/schema\/logo\/image\/\"}}]}<\/script>\n<!-- \/ Yoast SEO plugin. -->","yoast_head_json":{"title":"WinOLS OLS1012 - Chiptuningmarket","description":"WinOLS OLS1012 - Ta biblioteka DLL umo\u017cliwia importowanie i eksportowanie warto\u015bci map w plikach DCM.","robots":{"index":"index","follow":"follow","max-snippet":"max-snippet:-1","max-image-preview":"max-image-preview:large","max-video-preview":"max-video-preview:-1"},"canonical":"https:\/\/chiptuningmarket.com\/pl\/shop\/oprogramowanie-2-pl\/chiptuning-pl\/evc-winols-chiptuning-pl\/wtyczki-pl\/winols1012\/","og_locale":"pl_PL","og_type":"article","og_title":"WinOLS OLS1012 - Chiptuningmarket","og_description":"WinOLS OLS1012 - Ta biblioteka DLL umo\u017cliwia importowanie i eksportowanie warto\u015bci map w plikach DCM.","og_url":"https:\/\/chiptuningmarket.com\/pl\/shop\/oprogramowanie-2-pl\/chiptuning-pl\/evc-winols-chiptuning-pl\/wtyczki-pl\/winols1012\/","og_site_name":"Chiptuningmarket","article_modified_time":"2022-04-21T13:58:08+00:00","og_image":[{"width":700,"height":700,"url":"https:\/\/chiptuningmarket.com\/wp-content\/uploads\/2021\/08\/evc-tuning.jpg","type":"image\/jpeg"}],"twitter_card":"summary_large_image","twitter_misc":{"Szacowany czas czytania":"1 minuta"},"schema":{"@context":"https:\/\/schema.org","@graph":[{"@type":"WebPage","@id":"https:\/\/chiptuningmarket.com\/pl\/shop\/oprogramowanie-2-pl\/chiptuning-pl\/evc-winols-chiptuning-pl\/wtyczki-pl\/winols1012\/","url":"https:\/\/chiptuningmarket.com\/pl\/shop\/oprogramowanie-2-pl\/chiptuning-pl\/evc-winols-chiptuning-pl\/wtyczki-pl\/winols1012\/","name":"WinOLS OLS1012 - Chiptuningmarket","isPartOf":{"@id":"https:\/\/chiptuningmarket.com\/ru\/#website"},"primaryImageOfPage":{"@id":"https:\/\/chiptuningmarket.com\/pl\/shop\/oprogramowanie-2-pl\/chiptuning-pl\/evc-winols-chiptuning-pl\/wtyczki-pl\/winols1012\/#primaryimage"},"image":{"@id":"https:\/\/chiptuningmarket.com\/pl\/shop\/oprogramowanie-2-pl\/chiptuning-pl\/evc-winols-chiptuning-pl\/wtyczki-pl\/winols1012\/#primaryimage"},"thumbnailUrl":"https:\/\/chiptuningmarket.com\/wp-content\/uploads\/2021\/08\/evc-tuning.jpg","datePublished":"2021-08-26T10:52:55+00:00","dateModified":"2022-04-21T13:58:08+00:00","description":"WinOLS OLS1012 - Ta biblioteka DLL umo\u017cliwia importowanie i eksportowanie warto\u015bci map w plikach DCM.","breadcrumb":{"@id":"https:\/\/chiptuningmarket.com\/pl\/shop\/oprogramowanie-2-pl\/chiptuning-pl\/evc-winols-chiptuning-pl\/wtyczki-pl\/winols1012\/#breadcrumb"},"inLanguage":"pl-PL","potentialAction":[{"@type":"ReadAction","target":["https:\/\/chiptuningmarket.com\/pl\/shop\/oprogramowanie-2-pl\/chiptuning-pl\/evc-winols-chiptuning-pl\/wtyczki-pl\/winols1012\/"]}]},{"@type":"ImageObject","inLanguage":"pl-PL","@id":"https:\/\/chiptuningmarket.com\/pl\/shop\/oprogramowanie-2-pl\/chiptuning-pl\/evc-winols-chiptuning-pl\/wtyczki-pl\/winols1012\/#primaryimage","url":"https:\/\/chiptuningmarket.com\/wp-content\/uploads\/2021\/08\/evc-tuning.jpg","contentUrl":"https:\/\/chiptuningmarket.com\/wp-content\/uploads\/2021\/08\/evc-tuning.jpg","width":700,"height":700},{"@type":"BreadcrumbList","@id":"https:\/\/chiptuningmarket.com\/pl\/shop\/oprogramowanie-2-pl\/chiptuning-pl\/evc-winols-chiptuning-pl\/wtyczki-pl\/winols1012\/#breadcrumb","itemListElement":[{"@type":"ListItem","position":1,"name":"Home","item":"https:\/\/chiptuningmarket.com\/pl\/"},{"@type":"ListItem","position":2,"name":"Sklep","item":"https:\/\/chiptuningmarket.com\/pl\/shop\/"},{"@type":"ListItem","position":3,"name":"WinOLS OLS1012"}]},{"@type":"WebSite","@id":"https:\/\/chiptuningmarket.com\/ru\/#website","url":"https:\/\/chiptuningmarket.com\/ru\/","name":"Chiptuningmarket","description":"Biggest chiptuning shop in Europe","publisher":{"@id":"https:\/\/chiptuningmarket.com\/ru\/#organization"},"alternateName":"Worldwide ecu tools supplier","potentialAction":[{"@type":"SearchAction","target":{"@type":"EntryPoint","urlTemplate":"https:\/\/chiptuningmarket.com\/ru\/?s={search_term_string}"},"query-input":{"@type":"PropertyValueSpecification","valueRequired":true,"valueName":"search_term_string"}}],"inLanguage":"pl-PL"},{"@type":"Organization","@id":"https:\/\/chiptuningmarket.com\/ru\/#organization","name":"Chiptuningmarket","alternateName":"Chiptuning tools supplier","url":"https:\/\/chiptuningmarket.com\/ru\/","logo":{"@type":"ImageObject","inLanguage":"pl-PL","@id":"https:\/\/chiptuningmarket.com\/ru\/#\/schema\/logo\/image\/","url":"https:\/\/chiptuningmarket.com\/wp-content\/uploads\/2023\/05\/logo-ChipTuningMarket-social.png","contentUrl":"https:\/\/chiptuningmarket.com\/wp-content\/uploads\/2023\/05\/logo-ChipTuningMarket-social.png","width":512,"height":512,"caption":"Chiptuningmarket"},"image":{"@id":"https:\/\/chiptuningmarket.com\/ru\/#\/schema\/logo\/image\/"}}]}},"_links":{"self":[{"href":"https:\/\/chiptuningmarket.com\/pl\/wp-json\/wp\/v2\/product\/19020","targetHints":{"allow":["GET"]}}],"collection":[{"href":"https:\/\/chiptuningmarket.com\/pl\/wp-json\/wp\/v2\/product"}],"about":[{"href":"https:\/\/chiptuningmarket.com\/pl\/wp-json\/wp\/v2\/types\/product"}],"wp:featuredmedia":[{"embeddable":true,"href":"https:\/\/chiptuningmarket.com\/pl\/wp-json\/wp\/v2\/media\/19539"}],"wp:attachment":[{"href":"https:\/\/chiptuningmarket.com\/pl\/wp-json\/wp\/v2\/media?parent=19020"}],"wp:term":[{"taxonomy":"product_brand","embeddable":true,"href":"https:\/\/chiptuningmarket.com\/pl\/wp-json\/wp\/v2\/product_brand?post=19020"},{"taxonomy":"product_cat","embeddable":true,"href":"https:\/\/chiptuningmarket.com\/pl\/wp-json\/wp\/v2\/product_cat?post=19020"},{"taxonomy":"product_tag","embeddable":true,"href":"https:\/\/chiptuningmarket.com\/pl\/wp-json\/wp\/v2\/product_tag?post=19020"}],"curies":[{"name":"wp","href":"https:\/\/api.w.org\/{rel}","templated":true}]}}