{"id":19071,"date":"2021-09-16T13:31:44","date_gmt":"2021-09-16T12:31:44","guid":{"rendered":"https:\/\/chiptuningmarket.com\/product\/zasilacz-flex-mms-flk49\/"},"modified":"2026-04-20T18:16:56","modified_gmt":"2026-04-20T17:16:56","slug":"zasilacz-flex-mms-flk49","status":"publish","type":"product","link":"https:\/\/chiptuningmarket.com\/pl\/shop\/akcesoria-chiptuning-pl\/magicmotorsport-flex-pl\/akcesoria-czesci-zamienne-pl\/zasilacz-flex-mms-flk49\/","title":{"rendered":"Zasilacz Flex MMS FLK49"},"content":{"rendered":"<p style=\"text-align: center\"><strong>Zasilacz Flex MMS FLK49<\/strong><\/p>\n<p><img decoding=\"async\" class=\"aligncenter size-full wp-image-17094\" src=\"https:\/\/ms-group.pl\/wp-content\/uploads\/2021\/09\/flk49_299_1_637.jpg\" alt=\"Flex power supply\" width=\"600\" height=\"600\" \/><\/p>\n<p>Zasilacz impulsowy do systemu FLEX z adapterami (europejski, ameryka\u0144ski i angielski). WEJ\u015aCIE: AC 100-240 V &#8211; 1,8 A 50 \/ 60hZ WYJ\u015aCIE: DC 14 V &#8211; 5 A.<\/p>\n<p>W ofercie r\u00f3wnie\u017c:<\/p>\n<p><a style=\"color: blue\" href=\"https:\/\/chiptuningmarket.com\/product\/flex-master-protokoly-ecu-obd-bench\/\">FLEX MASTER Protoko\u0142y ECU\/TCU OBD Bench<\/a><\/p>\n<p><a style=\"color: blue\" href=\"https:\/\/chiptuningmarket.com\/en\/shop\/chiptuning-hardware\/dfb-technology-ecu-tcu-programmers\/dfox-slave-full-obd-cars-bikes-trucks-boats-tractors\/\">DFOX Slave Full OBD samochody, rowery, ci\u0119\u017car\u00f3wki, \u0142odzie<\/a><\/p>\n","protected":false},"excerpt":{"rendered":"<p>Zasilacz Flex MMS FLK49 &#8211; Zasilacz impulsowy do systemu FLEX z adapterami (europejski, ameryka\u0144ski i angielski).<\/p>\n","protected":false},"featured_media":18124,"template":"","meta":{"_monsterinsights_skip_tracking":false,"_monsterinsights_sitenote_active":false,"_monsterinsights_sitenote_note":"","_monsterinsights_sitenote_category":0},"product_brand":[],"product_cat":[5060,5129,5130],"product_tag":[6798,1789,6799],"class_list":{"0":"post-19071","1":"product","2":"type-product","3":"status-publish","4":"has-post-thumbnail","6":"product_cat-akcesoria-chiptuning-pl","7":"product_cat-magicmotorsport-flex-pl","8":"product_cat-akcesoria-czesci-zamienne-pl","9":"product_tag-flex-power-supply-pl-2","10":"product_tag-flk49-pl","11":"product_tag-x17-power-supply-pl-2","13":"first","14":"instock","15":"taxable","16":"shipping-taxable","17":"purchasable","18":"product-type-simple"},"yoast_head":"<!-- This site is optimized with the Yoast SEO plugin v25.2 - https:\/\/yoast.com\/wordpress\/plugins\/seo\/ -->\n<title>Zasilacz Flex MMS FLK49 - Chiptuningmarket<\/title>\n<meta name=\"description\" content=\"Zasilacz Flex MMS FLK49 - Zasilacz impulsowy do FLEX z adapterami WEJ\u015aCIE: AC 100-240 V - 1,8 A 50 \/ 60hZ WYJ\u015aCIE: DC 14 V - 5 A.\" \/>\n<meta name=\"robots\" content=\"index, follow, max-snippet:-1, max-image-preview:large, max-video-preview:-1\" \/>\n<link rel=\"canonical\" href=\"https:\/\/chiptuningmarket.com\/pl\/shop\/akcesoria-chiptuning-pl\/magicmotorsport-flex-pl\/akcesoria-czesci-zamienne-pl\/zasilacz-flex-mms-flk49\/\" \/>\n<meta property=\"og:locale\" content=\"pl_PL\" \/>\n<meta property=\"og:type\" content=\"article\" \/>\n<meta property=\"og:title\" content=\"Zasilacz Flex MMS FLK49 - Chiptuningmarket\" \/>\n<meta property=\"og:description\" content=\"Zasilacz Flex MMS FLK49 - Zasilacz impulsowy do FLEX z adapterami WEJ\u015aCIE: AC 100-240 V - 1,8 A 50 \/ 60hZ WYJ\u015aCIE: DC 14 V - 5 A.\" \/>\n<meta property=\"og:url\" content=\"https:\/\/chiptuningmarket.com\/pl\/shop\/akcesoria-chiptuning-pl\/magicmotorsport-flex-pl\/akcesoria-czesci-zamienne-pl\/zasilacz-flex-mms-flk49\/\" \/>\n<meta property=\"og:site_name\" content=\"Chiptuningmarket\" \/>\n<meta property=\"article:modified_time\" content=\"2026-04-20T17:16:56+00:00\" \/>\n<meta property=\"og:image\" content=\"https:\/\/chiptuningmarket.com\/wp-content\/uploads\/2021\/10\/flk49_299_1_637.jpg\" \/>\n\t<meta property=\"og:image:width\" content=\"600\" \/>\n\t<meta property=\"og:image:height\" content=\"600\" \/>\n\t<meta property=\"og:image:type\" content=\"image\/jpeg\" \/>\n<meta name=\"twitter:card\" content=\"summary_large_image\" \/>\n<meta name=\"twitter:label1\" content=\"Szacowany czas czytania\" \/>\n\t<meta name=\"twitter:data1\" content=\"1 minuta\" \/>\n<script type=\"application\/ld+json\" class=\"yoast-schema-graph\">{\"@context\":\"https:\/\/schema.org\",\"@graph\":[{\"@type\":\"WebPage\",\"@id\":\"https:\/\/chiptuningmarket.com\/pl\/shop\/akcesoria-chiptuning-pl\/magicmotorsport-flex-pl\/akcesoria-czesci-zamienne-pl\/zasilacz-flex-mms-flk49\/\",\"url\":\"https:\/\/chiptuningmarket.com\/pl\/shop\/akcesoria-chiptuning-pl\/magicmotorsport-flex-pl\/akcesoria-czesci-zamienne-pl\/zasilacz-flex-mms-flk49\/\",\"name\":\"Zasilacz Flex MMS FLK49 - Chiptuningmarket\",\"isPartOf\":{\"@id\":\"https:\/\/chiptuningmarket.com\/pl\/#website\"},\"primaryImageOfPage\":{\"@id\":\"https:\/\/chiptuningmarket.com\/pl\/shop\/akcesoria-chiptuning-pl\/magicmotorsport-flex-pl\/akcesoria-czesci-zamienne-pl\/zasilacz-flex-mms-flk49\/#primaryimage\"},\"image\":{\"@id\":\"https:\/\/chiptuningmarket.com\/pl\/shop\/akcesoria-chiptuning-pl\/magicmotorsport-flex-pl\/akcesoria-czesci-zamienne-pl\/zasilacz-flex-mms-flk49\/#primaryimage\"},\"thumbnailUrl\":\"https:\/\/chiptuningmarket.com\/wp-content\/uploads\/2021\/10\/flk49_299_1_637.jpg\",\"datePublished\":\"2021-09-16T12:31:44+00:00\",\"dateModified\":\"2026-04-20T17:16:56+00:00\",\"description\":\"Zasilacz Flex MMS FLK49 - Zasilacz impulsowy do FLEX z adapterami WEJ\u015aCIE: AC 100-240 V - 1,8 A 50 \/ 60hZ WYJ\u015aCIE: DC 14 V - 5 A.\",\"breadcrumb\":{\"@id\":\"https:\/\/chiptuningmarket.com\/pl\/shop\/akcesoria-chiptuning-pl\/magicmotorsport-flex-pl\/akcesoria-czesci-zamienne-pl\/zasilacz-flex-mms-flk49\/#breadcrumb\"},\"inLanguage\":\"pl-PL\",\"potentialAction\":[{\"@type\":\"ReadAction\",\"target\":[\"https:\/\/chiptuningmarket.com\/pl\/shop\/akcesoria-chiptuning-pl\/magicmotorsport-flex-pl\/akcesoria-czesci-zamienne-pl\/zasilacz-flex-mms-flk49\/\"]}]},{\"@type\":\"ImageObject\",\"inLanguage\":\"pl-PL\",\"@id\":\"https:\/\/chiptuningmarket.com\/pl\/shop\/akcesoria-chiptuning-pl\/magicmotorsport-flex-pl\/akcesoria-czesci-zamienne-pl\/zasilacz-flex-mms-flk49\/#primaryimage\",\"url\":\"https:\/\/chiptuningmarket.com\/wp-content\/uploads\/2021\/10\/flk49_299_1_637.jpg\",\"contentUrl\":\"https:\/\/chiptuningmarket.com\/wp-content\/uploads\/2021\/10\/flk49_299_1_637.jpg\",\"width\":600,\"height\":600,\"caption\":\"Zasilacz Flex MMS FLK49\"},{\"@type\":\"BreadcrumbList\",\"@id\":\"https:\/\/chiptuningmarket.com\/pl\/shop\/akcesoria-chiptuning-pl\/magicmotorsport-flex-pl\/akcesoria-czesci-zamienne-pl\/zasilacz-flex-mms-flk49\/#breadcrumb\",\"itemListElement\":[{\"@type\":\"ListItem\",\"position\":1,\"name\":\"Home\",\"item\":\"https:\/\/chiptuningmarket.com\/pl\/\"},{\"@type\":\"ListItem\",\"position\":2,\"name\":\"Sklep\",\"item\":\"https:\/\/chiptuningmarket.com\/pl\/shop\/\"},{\"@type\":\"ListItem\",\"position\":3,\"name\":\"Zasilacz Flex MMS FLK49\"}]},{\"@type\":\"WebSite\",\"@id\":\"https:\/\/chiptuningmarket.com\/pl\/#website\",\"url\":\"https:\/\/chiptuningmarket.com\/pl\/\",\"name\":\"Chiptuningmarket\",\"description\":\"Biggest chiptuning shop in Europe\",\"publisher\":{\"@id\":\"https:\/\/chiptuningmarket.com\/pl\/#organization\"},\"alternateName\":\"Worldwide ecu tools supplier\",\"potentialAction\":[{\"@type\":\"SearchAction\",\"target\":{\"@type\":\"EntryPoint\",\"urlTemplate\":\"https:\/\/chiptuningmarket.com\/pl\/?s={search_term_string}\"},\"query-input\":{\"@type\":\"PropertyValueSpecification\",\"valueRequired\":true,\"valueName\":\"search_term_string\"}}],\"inLanguage\":\"pl-PL\"},{\"@type\":\"Organization\",\"@id\":\"https:\/\/chiptuningmarket.com\/pl\/#organization\",\"name\":\"Chiptuningmarket\",\"alternateName\":\"Chiptuning tools supplier\",\"url\":\"https:\/\/chiptuningmarket.com\/pl\/\",\"logo\":{\"@type\":\"ImageObject\",\"inLanguage\":\"pl-PL\",\"@id\":\"https:\/\/chiptuningmarket.com\/pl\/#\/schema\/logo\/image\/\",\"url\":\"https:\/\/chiptuningmarket.com\/wp-content\/uploads\/2023\/05\/logo-ChipTuningMarket-social.png\",\"contentUrl\":\"https:\/\/chiptuningmarket.com\/wp-content\/uploads\/2023\/05\/logo-ChipTuningMarket-social.png\",\"width\":512,\"height\":512,\"caption\":\"Chiptuningmarket\"},\"image\":{\"@id\":\"https:\/\/chiptuningmarket.com\/pl\/#\/schema\/logo\/image\/\"}}]}<\/script>\n<!-- \/ Yoast SEO plugin. -->","yoast_head_json":{"title":"Zasilacz Flex MMS FLK49 - Chiptuningmarket","description":"Zasilacz Flex MMS FLK49 - Zasilacz impulsowy do FLEX z adapterami WEJ\u015aCIE: AC 100-240 V - 1,8 A 50 \/ 60hZ WYJ\u015aCIE: DC 14 V - 5 A.","robots":{"index":"index","follow":"follow","max-snippet":"max-snippet:-1","max-image-preview":"max-image-preview:large","max-video-preview":"max-video-preview:-1"},"canonical":"https:\/\/chiptuningmarket.com\/pl\/shop\/akcesoria-chiptuning-pl\/magicmotorsport-flex-pl\/akcesoria-czesci-zamienne-pl\/zasilacz-flex-mms-flk49\/","og_locale":"pl_PL","og_type":"article","og_title":"Zasilacz Flex MMS FLK49 - Chiptuningmarket","og_description":"Zasilacz Flex MMS FLK49 - Zasilacz impulsowy do FLEX z adapterami WEJ\u015aCIE: AC 100-240 V - 1,8 A 50 \/ 60hZ WYJ\u015aCIE: DC 14 V - 5 A.","og_url":"https:\/\/chiptuningmarket.com\/pl\/shop\/akcesoria-chiptuning-pl\/magicmotorsport-flex-pl\/akcesoria-czesci-zamienne-pl\/zasilacz-flex-mms-flk49\/","og_site_name":"Chiptuningmarket","article_modified_time":"2026-04-20T17:16:56+00:00","og_image":[{"width":600,"height":600,"url":"https:\/\/chiptuningmarket.com\/wp-content\/uploads\/2021\/10\/flk49_299_1_637.jpg","type":"image\/jpeg"}],"twitter_card":"summary_large_image","twitter_misc":{"Szacowany czas czytania":"1 minuta"},"schema":{"@context":"https:\/\/schema.org","@graph":[{"@type":"WebPage","@id":"https:\/\/chiptuningmarket.com\/pl\/shop\/akcesoria-chiptuning-pl\/magicmotorsport-flex-pl\/akcesoria-czesci-zamienne-pl\/zasilacz-flex-mms-flk49\/","url":"https:\/\/chiptuningmarket.com\/pl\/shop\/akcesoria-chiptuning-pl\/magicmotorsport-flex-pl\/akcesoria-czesci-zamienne-pl\/zasilacz-flex-mms-flk49\/","name":"Zasilacz Flex MMS FLK49 - Chiptuningmarket","isPartOf":{"@id":"https:\/\/chiptuningmarket.com\/pl\/#website"},"primaryImageOfPage":{"@id":"https:\/\/chiptuningmarket.com\/pl\/shop\/akcesoria-chiptuning-pl\/magicmotorsport-flex-pl\/akcesoria-czesci-zamienne-pl\/zasilacz-flex-mms-flk49\/#primaryimage"},"image":{"@id":"https:\/\/chiptuningmarket.com\/pl\/shop\/akcesoria-chiptuning-pl\/magicmotorsport-flex-pl\/akcesoria-czesci-zamienne-pl\/zasilacz-flex-mms-flk49\/#primaryimage"},"thumbnailUrl":"https:\/\/chiptuningmarket.com\/wp-content\/uploads\/2021\/10\/flk49_299_1_637.jpg","datePublished":"2021-09-16T12:31:44+00:00","dateModified":"2026-04-20T17:16:56+00:00","description":"Zasilacz Flex MMS FLK49 - Zasilacz impulsowy do FLEX z adapterami WEJ\u015aCIE: AC 100-240 V - 1,8 A 50 \/ 60hZ WYJ\u015aCIE: DC 14 V - 5 A.","breadcrumb":{"@id":"https:\/\/chiptuningmarket.com\/pl\/shop\/akcesoria-chiptuning-pl\/magicmotorsport-flex-pl\/akcesoria-czesci-zamienne-pl\/zasilacz-flex-mms-flk49\/#breadcrumb"},"inLanguage":"pl-PL","potentialAction":[{"@type":"ReadAction","target":["https:\/\/chiptuningmarket.com\/pl\/shop\/akcesoria-chiptuning-pl\/magicmotorsport-flex-pl\/akcesoria-czesci-zamienne-pl\/zasilacz-flex-mms-flk49\/"]}]},{"@type":"ImageObject","inLanguage":"pl-PL","@id":"https:\/\/chiptuningmarket.com\/pl\/shop\/akcesoria-chiptuning-pl\/magicmotorsport-flex-pl\/akcesoria-czesci-zamienne-pl\/zasilacz-flex-mms-flk49\/#primaryimage","url":"https:\/\/chiptuningmarket.com\/wp-content\/uploads\/2021\/10\/flk49_299_1_637.jpg","contentUrl":"https:\/\/chiptuningmarket.com\/wp-content\/uploads\/2021\/10\/flk49_299_1_637.jpg","width":600,"height":600,"caption":"Zasilacz Flex MMS FLK49"},{"@type":"BreadcrumbList","@id":"https:\/\/chiptuningmarket.com\/pl\/shop\/akcesoria-chiptuning-pl\/magicmotorsport-flex-pl\/akcesoria-czesci-zamienne-pl\/zasilacz-flex-mms-flk49\/#breadcrumb","itemListElement":[{"@type":"ListItem","position":1,"name":"Home","item":"https:\/\/chiptuningmarket.com\/pl\/"},{"@type":"ListItem","position":2,"name":"Sklep","item":"https:\/\/chiptuningmarket.com\/pl\/shop\/"},{"@type":"ListItem","position":3,"name":"Zasilacz Flex MMS FLK49"}]},{"@type":"WebSite","@id":"https:\/\/chiptuningmarket.com\/pl\/#website","url":"https:\/\/chiptuningmarket.com\/pl\/","name":"Chiptuningmarket","description":"Biggest chiptuning shop in Europe","publisher":{"@id":"https:\/\/chiptuningmarket.com\/pl\/#organization"},"alternateName":"Worldwide ecu tools supplier","potentialAction":[{"@type":"SearchAction","target":{"@type":"EntryPoint","urlTemplate":"https:\/\/chiptuningmarket.com\/pl\/?s={search_term_string}"},"query-input":{"@type":"PropertyValueSpecification","valueRequired":true,"valueName":"search_term_string"}}],"inLanguage":"pl-PL"},{"@type":"Organization","@id":"https:\/\/chiptuningmarket.com\/pl\/#organization","name":"Chiptuningmarket","alternateName":"Chiptuning tools supplier","url":"https:\/\/chiptuningmarket.com\/pl\/","logo":{"@type":"ImageObject","inLanguage":"pl-PL","@id":"https:\/\/chiptuningmarket.com\/pl\/#\/schema\/logo\/image\/","url":"https:\/\/chiptuningmarket.com\/wp-content\/uploads\/2023\/05\/logo-ChipTuningMarket-social.png","contentUrl":"https:\/\/chiptuningmarket.com\/wp-content\/uploads\/2023\/05\/logo-ChipTuningMarket-social.png","width":512,"height":512,"caption":"Chiptuningmarket"},"image":{"@id":"https:\/\/chiptuningmarket.com\/pl\/#\/schema\/logo\/image\/"}}]}},"_links":{"self":[{"href":"https:\/\/chiptuningmarket.com\/pl\/wp-json\/wp\/v2\/product\/19071","targetHints":{"allow":["GET"]}}],"collection":[{"href":"https:\/\/chiptuningmarket.com\/pl\/wp-json\/wp\/v2\/product"}],"about":[{"href":"https:\/\/chiptuningmarket.com\/pl\/wp-json\/wp\/v2\/types\/product"}],"wp:featuredmedia":[{"embeddable":true,"href":"https:\/\/chiptuningmarket.com\/pl\/wp-json\/wp\/v2\/media\/18124"}],"wp:attachment":[{"href":"https:\/\/chiptuningmarket.com\/pl\/wp-json\/wp\/v2\/media?parent=19071"}],"wp:term":[{"taxonomy":"product_brand","embeddable":true,"href":"https:\/\/chiptuningmarket.com\/pl\/wp-json\/wp\/v2\/product_brand?post=19071"},{"taxonomy":"product_cat","embeddable":true,"href":"https:\/\/chiptuningmarket.com\/pl\/wp-json\/wp\/v2\/product_cat?post=19071"},{"taxonomy":"product_tag","embeddable":true,"href":"https:\/\/chiptuningmarket.com\/pl\/wp-json\/wp\/v2\/product_tag?post=19071"}],"curies":[{"name":"wp","href":"https:\/\/api.w.org\/{rel}","templated":true}]}}