{"id":192989,"date":"2025-08-26T09:30:50","date_gmt":"2025-08-26T08:30:50","guid":{"rendered":"https:\/\/chiptuningmarket.com\/?post_type=product&#038;p=192989"},"modified":"2025-08-26T09:33:59","modified_gmt":"2025-08-26T08:33:59","slug":"przewod-bench-flex-do-med17-3-5-flx2-62","status":"publish","type":"product","link":"https:\/\/chiptuningmarket.com\/pl\/shop\/akcesoria-chiptuning-pl\/magicmotorsport-flex-pl\/przewody-bench-pl\/przewod-bench-flex-do-med17-3-5-flx2-62\/","title":{"rendered":"Przew\u00f3d Bench FLEX do MED17.3.5 FLX2.62"},"content":{"rendered":"<p>Profesjonalny przew\u00f3d do pod\u0142\u0105czenia ECU Bosch <strong>MED17.3.5 i MED17.6.9<\/strong> w trybie bench. Umo\u017cliwia szybkie, stabilne i bezpieczne programowanie oraz diagnostyk\u0119 silnik\u00f3w Alfa Romeo, Ferrari, Maserati i Dallara. Idealny do pracy z programatorami Flex V2.<\/p>\n<p><strong><b>Cechy produktu:<\/b><\/strong><\/p>\n<ul>\n<li>Po\u0142\u0105czenie Bench<\/li>\n<li>Szybka i stabilna transmisja danych<\/li>\n<li>Minimalne ryzyko b\u0142\u0119d\u00f3w podczas programowania<\/li>\n<li>Kompatybilny z MED17.3.5 i MED17.6.9<\/li>\n<li>Profesjonalne zastosowanie do programowania i diagnostyki<\/li>\n<\/ul>\n<p><strong><b>Zastosowanie:<\/b><\/strong><\/p>\n<ul>\n<li>Programowanie i diagnostyka jednostek ECU Bosch MED17.3.5 \/ MED17.6.9<\/li>\n<li>Samochody: Alfa Romeo, Ferrari, Maserati, Dallara<\/li>\n<\/ul>\n<p>&nbsp;<\/p>\n","protected":false},"excerpt":{"rendered":"<p>Profesjonalny przew\u00f3d do pod\u0142\u0105czenia ECU Bosch <strong>MED17.3.5 i MED17.6.9<\/strong> w trybie bench. Umo\u017cliwia szybkie, stabilne i bezpieczne programowanie oraz diagnostyk\u0119 silnik\u00f3w Alfa Romeo, Ferrari, Maserati i Dallara. Idealny do pracy z programatorami Flex V2.<\/p>\n","protected":false},"featured_media":193028,"template":"","meta":{"_monsterinsights_skip_tracking":false,"_monsterinsights_sitenote_active":false,"_monsterinsights_sitenote_note":"","_monsterinsights_sitenote_category":0},"product_brand":[],"product_cat":[5060,5129,5132],"product_tag":[8037,8041,8034,8040,8035,8038,8036,8039,8033,2835,8032],"class_list":{"0":"post-192989","1":"product","2":"type-product","3":"status-publish","4":"has-post-thumbnail","6":"product_cat-akcesoria-chiptuning-pl","7":"product_cat-magicmotorsport-flex-pl","8":"product_cat-przewody-bench-pl","9":"product_tag-alfa-romeo-ecu","10":"product_tag-bench-programming","11":"product_tag-bosch-ecu","12":"product_tag-dallara-ecu","13":"product_tag-diagnostyka-ecu","14":"product_tag-ferrari-ecu","15":"product_tag-flex-v2","16":"product_tag-maserati-ecu","17":"product_tag-med17-6-9","18":"product_tag-programming-ecu-pl","19":"product_tag-przewod-ecu-med17-3-5","21":"first","22":"instock","23":"taxable","24":"shipping-taxable","25":"purchasable","26":"product-type-simple"},"yoast_head":"<!-- This site is optimized with the Yoast SEO plugin v25.2 - https:\/\/yoast.com\/wordpress\/plugins\/seo\/ -->\n<title>Przew\u00f3d Bench FLEX do MED17.3.5 FLX2.62 - Chiptuningmarket<\/title>\n<meta name=\"description\" content=\"Profesjonalny przew\u00f3d do pod\u0142\u0105czenia ECU Bosch MED17.3.5 i MED17.6.9 w trybie bench. Umo\u017cliwia szybkie, stabilne i bezpieczne programowanie oraz diagnostyk\u0119 silnik\u00f3w Alfa Romeo, Ferrari, Maserati i Dallara. Idealny do pracy z programatorami Flex V2.\" \/>\n<meta name=\"robots\" content=\"index, follow, max-snippet:-1, max-image-preview:large, max-video-preview:-1\" \/>\n<link rel=\"canonical\" href=\"https:\/\/chiptuningmarket.com\/pl\/shop\/akcesoria-chiptuning-pl\/magicmotorsport-flex-pl\/przewody-bench-pl\/przewod-bench-flex-do-med17-3-5-flx2-62\/\" \/>\n<meta property=\"og:locale\" content=\"pl_PL\" \/>\n<meta property=\"og:type\" content=\"article\" \/>\n<meta property=\"og:title\" content=\"Przew\u00f3d Bench FLEX do MED17.3.5 FLX2.62 - Chiptuningmarket\" \/>\n<meta property=\"og:description\" content=\"Profesjonalny przew\u00f3d do pod\u0142\u0105czenia ECU Bosch MED17.3.5 i MED17.6.9 w trybie bench. Umo\u017cliwia szybkie, stabilne i bezpieczne programowanie oraz diagnostyk\u0119 silnik\u00f3w Alfa Romeo, Ferrari, Maserati i Dallara. Idealny do pracy z programatorami Flex V2.\" \/>\n<meta property=\"og:url\" content=\"https:\/\/chiptuningmarket.com\/pl\/shop\/akcesoria-chiptuning-pl\/magicmotorsport-flex-pl\/przewody-bench-pl\/przewod-bench-flex-do-med17-3-5-flx2-62\/\" \/>\n<meta property=\"og:site_name\" content=\"Chiptuningmarket\" \/>\n<meta property=\"article:modified_time\" content=\"2025-08-26T08:33:59+00:00\" \/>\n<meta property=\"og:image\" content=\"https:\/\/chiptuningmarket.com\/wp-content\/uploads\/2025\/08\/Przewod-Bench-FLEX-do-MED17.3.5-FLX2.62.jpg\" \/>\n\t<meta property=\"og:image:width\" content=\"1000\" \/>\n\t<meta property=\"og:image:height\" content=\"1000\" \/>\n\t<meta property=\"og:image:type\" content=\"image\/jpeg\" \/>\n<meta name=\"twitter:card\" content=\"summary_large_image\" \/>\n<meta name=\"twitter:label1\" content=\"Szacowany czas czytania\" \/>\n\t<meta name=\"twitter:data1\" content=\"1 minuta\" \/>\n<script type=\"application\/ld+json\" class=\"yoast-schema-graph\">{\"@context\":\"https:\/\/schema.org\",\"@graph\":[{\"@type\":\"WebPage\",\"@id\":\"https:\/\/chiptuningmarket.com\/pl\/shop\/akcesoria-chiptuning-pl\/magicmotorsport-flex-pl\/przewody-bench-pl\/przewod-bench-flex-do-med17-3-5-flx2-62\/\",\"url\":\"https:\/\/chiptuningmarket.com\/pl\/shop\/akcesoria-chiptuning-pl\/magicmotorsport-flex-pl\/przewody-bench-pl\/przewod-bench-flex-do-med17-3-5-flx2-62\/\",\"name\":\"Przew\u00f3d Bench FLEX do MED17.3.5 FLX2.62 - Chiptuningmarket\",\"isPartOf\":{\"@id\":\"https:\/\/chiptuningmarket.com\/ru\/#website\"},\"primaryImageOfPage\":{\"@id\":\"https:\/\/chiptuningmarket.com\/pl\/shop\/akcesoria-chiptuning-pl\/magicmotorsport-flex-pl\/przewody-bench-pl\/przewod-bench-flex-do-med17-3-5-flx2-62\/#primaryimage\"},\"image\":{\"@id\":\"https:\/\/chiptuningmarket.com\/pl\/shop\/akcesoria-chiptuning-pl\/magicmotorsport-flex-pl\/przewody-bench-pl\/przewod-bench-flex-do-med17-3-5-flx2-62\/#primaryimage\"},\"thumbnailUrl\":\"https:\/\/chiptuningmarket.com\/wp-content\/uploads\/2025\/08\/Przewod-Bench-FLEX-do-MED17.3.5-FLX2.62.jpg\",\"datePublished\":\"2025-08-26T08:30:50+00:00\",\"dateModified\":\"2025-08-26T08:33:59+00:00\",\"description\":\"Profesjonalny przew\u00f3d do pod\u0142\u0105czenia ECU Bosch MED17.3.5 i MED17.6.9 w trybie bench. Umo\u017cliwia szybkie, stabilne i bezpieczne programowanie oraz diagnostyk\u0119 silnik\u00f3w Alfa Romeo, Ferrari, Maserati i Dallara. Idealny do pracy z programatorami Flex V2.\",\"breadcrumb\":{\"@id\":\"https:\/\/chiptuningmarket.com\/pl\/shop\/akcesoria-chiptuning-pl\/magicmotorsport-flex-pl\/przewody-bench-pl\/przewod-bench-flex-do-med17-3-5-flx2-62\/#breadcrumb\"},\"inLanguage\":\"pl-PL\",\"potentialAction\":[{\"@type\":\"ReadAction\",\"target\":[\"https:\/\/chiptuningmarket.com\/pl\/shop\/akcesoria-chiptuning-pl\/magicmotorsport-flex-pl\/przewody-bench-pl\/przewod-bench-flex-do-med17-3-5-flx2-62\/\"]}]},{\"@type\":\"ImageObject\",\"inLanguage\":\"pl-PL\",\"@id\":\"https:\/\/chiptuningmarket.com\/pl\/shop\/akcesoria-chiptuning-pl\/magicmotorsport-flex-pl\/przewody-bench-pl\/przewod-bench-flex-do-med17-3-5-flx2-62\/#primaryimage\",\"url\":\"https:\/\/chiptuningmarket.com\/wp-content\/uploads\/2025\/08\/Przewod-Bench-FLEX-do-MED17.3.5-FLX2.62.jpg\",\"contentUrl\":\"https:\/\/chiptuningmarket.com\/wp-content\/uploads\/2025\/08\/Przewod-Bench-FLEX-do-MED17.3.5-FLX2.62.jpg\",\"width\":1000,\"height\":1000},{\"@type\":\"BreadcrumbList\",\"@id\":\"https:\/\/chiptuningmarket.com\/pl\/shop\/akcesoria-chiptuning-pl\/magicmotorsport-flex-pl\/przewody-bench-pl\/przewod-bench-flex-do-med17-3-5-flx2-62\/#breadcrumb\",\"itemListElement\":[{\"@type\":\"ListItem\",\"position\":1,\"name\":\"Home\",\"item\":\"https:\/\/chiptuningmarket.com\/pl\/\"},{\"@type\":\"ListItem\",\"position\":2,\"name\":\"Sklep\",\"item\":\"https:\/\/chiptuningmarket.com\/pl\/shop\/\"},{\"@type\":\"ListItem\",\"position\":3,\"name\":\"Przew\u00f3d Bench FLEX do MED17.3.5 FLX2.62\"}]},{\"@type\":\"WebSite\",\"@id\":\"https:\/\/chiptuningmarket.com\/ru\/#website\",\"url\":\"https:\/\/chiptuningmarket.com\/ru\/\",\"name\":\"Chiptuningmarket\",\"description\":\"Biggest chiptuning shop in Europe\",\"publisher\":{\"@id\":\"https:\/\/chiptuningmarket.com\/ru\/#organization\"},\"alternateName\":\"Worldwide ecu tools supplier\",\"potentialAction\":[{\"@type\":\"SearchAction\",\"target\":{\"@type\":\"EntryPoint\",\"urlTemplate\":\"https:\/\/chiptuningmarket.com\/ru\/?s={search_term_string}\"},\"query-input\":{\"@type\":\"PropertyValueSpecification\",\"valueRequired\":true,\"valueName\":\"search_term_string\"}}],\"inLanguage\":\"pl-PL\"},{\"@type\":\"Organization\",\"@id\":\"https:\/\/chiptuningmarket.com\/ru\/#organization\",\"name\":\"Chiptuningmarket\",\"alternateName\":\"Chiptuning tools supplier\",\"url\":\"https:\/\/chiptuningmarket.com\/ru\/\",\"logo\":{\"@type\":\"ImageObject\",\"inLanguage\":\"pl-PL\",\"@id\":\"https:\/\/chiptuningmarket.com\/ru\/#\/schema\/logo\/image\/\",\"url\":\"https:\/\/chiptuningmarket.com\/wp-content\/uploads\/2023\/05\/logo-ChipTuningMarket-social.png\",\"contentUrl\":\"https:\/\/chiptuningmarket.com\/wp-content\/uploads\/2023\/05\/logo-ChipTuningMarket-social.png\",\"width\":512,\"height\":512,\"caption\":\"Chiptuningmarket\"},\"image\":{\"@id\":\"https:\/\/chiptuningmarket.com\/ru\/#\/schema\/logo\/image\/\"}}]}<\/script>\n<!-- \/ Yoast SEO plugin. -->","yoast_head_json":{"title":"Przew\u00f3d Bench FLEX do MED17.3.5 FLX2.62 - Chiptuningmarket","description":"Profesjonalny przew\u00f3d do pod\u0142\u0105czenia ECU Bosch MED17.3.5 i MED17.6.9 w trybie bench. Umo\u017cliwia szybkie, stabilne i bezpieczne programowanie oraz diagnostyk\u0119 silnik\u00f3w Alfa Romeo, Ferrari, Maserati i Dallara. Idealny do pracy z programatorami Flex V2.","robots":{"index":"index","follow":"follow","max-snippet":"max-snippet:-1","max-image-preview":"max-image-preview:large","max-video-preview":"max-video-preview:-1"},"canonical":"https:\/\/chiptuningmarket.com\/pl\/shop\/akcesoria-chiptuning-pl\/magicmotorsport-flex-pl\/przewody-bench-pl\/przewod-bench-flex-do-med17-3-5-flx2-62\/","og_locale":"pl_PL","og_type":"article","og_title":"Przew\u00f3d Bench FLEX do MED17.3.5 FLX2.62 - Chiptuningmarket","og_description":"Profesjonalny przew\u00f3d do pod\u0142\u0105czenia ECU Bosch MED17.3.5 i MED17.6.9 w trybie bench. Umo\u017cliwia szybkie, stabilne i bezpieczne programowanie oraz diagnostyk\u0119 silnik\u00f3w Alfa Romeo, Ferrari, Maserati i Dallara. Idealny do pracy z programatorami Flex V2.","og_url":"https:\/\/chiptuningmarket.com\/pl\/shop\/akcesoria-chiptuning-pl\/magicmotorsport-flex-pl\/przewody-bench-pl\/przewod-bench-flex-do-med17-3-5-flx2-62\/","og_site_name":"Chiptuningmarket","article_modified_time":"2025-08-26T08:33:59+00:00","og_image":[{"width":1000,"height":1000,"url":"https:\/\/chiptuningmarket.com\/wp-content\/uploads\/2025\/08\/Przewod-Bench-FLEX-do-MED17.3.5-FLX2.62.jpg","type":"image\/jpeg"}],"twitter_card":"summary_large_image","twitter_misc":{"Szacowany czas czytania":"1 minuta"},"schema":{"@context":"https:\/\/schema.org","@graph":[{"@type":"WebPage","@id":"https:\/\/chiptuningmarket.com\/pl\/shop\/akcesoria-chiptuning-pl\/magicmotorsport-flex-pl\/przewody-bench-pl\/przewod-bench-flex-do-med17-3-5-flx2-62\/","url":"https:\/\/chiptuningmarket.com\/pl\/shop\/akcesoria-chiptuning-pl\/magicmotorsport-flex-pl\/przewody-bench-pl\/przewod-bench-flex-do-med17-3-5-flx2-62\/","name":"Przew\u00f3d Bench FLEX do MED17.3.5 FLX2.62 - Chiptuningmarket","isPartOf":{"@id":"https:\/\/chiptuningmarket.com\/ru\/#website"},"primaryImageOfPage":{"@id":"https:\/\/chiptuningmarket.com\/pl\/shop\/akcesoria-chiptuning-pl\/magicmotorsport-flex-pl\/przewody-bench-pl\/przewod-bench-flex-do-med17-3-5-flx2-62\/#primaryimage"},"image":{"@id":"https:\/\/chiptuningmarket.com\/pl\/shop\/akcesoria-chiptuning-pl\/magicmotorsport-flex-pl\/przewody-bench-pl\/przewod-bench-flex-do-med17-3-5-flx2-62\/#primaryimage"},"thumbnailUrl":"https:\/\/chiptuningmarket.com\/wp-content\/uploads\/2025\/08\/Przewod-Bench-FLEX-do-MED17.3.5-FLX2.62.jpg","datePublished":"2025-08-26T08:30:50+00:00","dateModified":"2025-08-26T08:33:59+00:00","description":"Profesjonalny przew\u00f3d do pod\u0142\u0105czenia ECU Bosch MED17.3.5 i MED17.6.9 w trybie bench. Umo\u017cliwia szybkie, stabilne i bezpieczne programowanie oraz diagnostyk\u0119 silnik\u00f3w Alfa Romeo, Ferrari, Maserati i Dallara. Idealny do pracy z programatorami Flex V2.","breadcrumb":{"@id":"https:\/\/chiptuningmarket.com\/pl\/shop\/akcesoria-chiptuning-pl\/magicmotorsport-flex-pl\/przewody-bench-pl\/przewod-bench-flex-do-med17-3-5-flx2-62\/#breadcrumb"},"inLanguage":"pl-PL","potentialAction":[{"@type":"ReadAction","target":["https:\/\/chiptuningmarket.com\/pl\/shop\/akcesoria-chiptuning-pl\/magicmotorsport-flex-pl\/przewody-bench-pl\/przewod-bench-flex-do-med17-3-5-flx2-62\/"]}]},{"@type":"ImageObject","inLanguage":"pl-PL","@id":"https:\/\/chiptuningmarket.com\/pl\/shop\/akcesoria-chiptuning-pl\/magicmotorsport-flex-pl\/przewody-bench-pl\/przewod-bench-flex-do-med17-3-5-flx2-62\/#primaryimage","url":"https:\/\/chiptuningmarket.com\/wp-content\/uploads\/2025\/08\/Przewod-Bench-FLEX-do-MED17.3.5-FLX2.62.jpg","contentUrl":"https:\/\/chiptuningmarket.com\/wp-content\/uploads\/2025\/08\/Przewod-Bench-FLEX-do-MED17.3.5-FLX2.62.jpg","width":1000,"height":1000},{"@type":"BreadcrumbList","@id":"https:\/\/chiptuningmarket.com\/pl\/shop\/akcesoria-chiptuning-pl\/magicmotorsport-flex-pl\/przewody-bench-pl\/przewod-bench-flex-do-med17-3-5-flx2-62\/#breadcrumb","itemListElement":[{"@type":"ListItem","position":1,"name":"Home","item":"https:\/\/chiptuningmarket.com\/pl\/"},{"@type":"ListItem","position":2,"name":"Sklep","item":"https:\/\/chiptuningmarket.com\/pl\/shop\/"},{"@type":"ListItem","position":3,"name":"Przew\u00f3d Bench FLEX do MED17.3.5 FLX2.62"}]},{"@type":"WebSite","@id":"https:\/\/chiptuningmarket.com\/ru\/#website","url":"https:\/\/chiptuningmarket.com\/ru\/","name":"Chiptuningmarket","description":"Biggest chiptuning shop in Europe","publisher":{"@id":"https:\/\/chiptuningmarket.com\/ru\/#organization"},"alternateName":"Worldwide ecu tools supplier","potentialAction":[{"@type":"SearchAction","target":{"@type":"EntryPoint","urlTemplate":"https:\/\/chiptuningmarket.com\/ru\/?s={search_term_string}"},"query-input":{"@type":"PropertyValueSpecification","valueRequired":true,"valueName":"search_term_string"}}],"inLanguage":"pl-PL"},{"@type":"Organization","@id":"https:\/\/chiptuningmarket.com\/ru\/#organization","name":"Chiptuningmarket","alternateName":"Chiptuning tools supplier","url":"https:\/\/chiptuningmarket.com\/ru\/","logo":{"@type":"ImageObject","inLanguage":"pl-PL","@id":"https:\/\/chiptuningmarket.com\/ru\/#\/schema\/logo\/image\/","url":"https:\/\/chiptuningmarket.com\/wp-content\/uploads\/2023\/05\/logo-ChipTuningMarket-social.png","contentUrl":"https:\/\/chiptuningmarket.com\/wp-content\/uploads\/2023\/05\/logo-ChipTuningMarket-social.png","width":512,"height":512,"caption":"Chiptuningmarket"},"image":{"@id":"https:\/\/chiptuningmarket.com\/ru\/#\/schema\/logo\/image\/"}}]}},"_links":{"self":[{"href":"https:\/\/chiptuningmarket.com\/pl\/wp-json\/wp\/v2\/product\/192989","targetHints":{"allow":["GET"]}}],"collection":[{"href":"https:\/\/chiptuningmarket.com\/pl\/wp-json\/wp\/v2\/product"}],"about":[{"href":"https:\/\/chiptuningmarket.com\/pl\/wp-json\/wp\/v2\/types\/product"}],"wp:featuredmedia":[{"embeddable":true,"href":"https:\/\/chiptuningmarket.com\/pl\/wp-json\/wp\/v2\/media\/193028"}],"wp:attachment":[{"href":"https:\/\/chiptuningmarket.com\/pl\/wp-json\/wp\/v2\/media?parent=192989"}],"wp:term":[{"taxonomy":"product_brand","embeddable":true,"href":"https:\/\/chiptuningmarket.com\/pl\/wp-json\/wp\/v2\/product_brand?post=192989"},{"taxonomy":"product_cat","embeddable":true,"href":"https:\/\/chiptuningmarket.com\/pl\/wp-json\/wp\/v2\/product_cat?post=192989"},{"taxonomy":"product_tag","embeddable":true,"href":"https:\/\/chiptuningmarket.com\/pl\/wp-json\/wp\/v2\/product_tag?post=192989"}],"curies":[{"name":"wp","href":"https:\/\/api.w.org\/{rel}","templated":true}]}}