{"id":194151,"date":"2025-08-27T08:08:07","date_gmt":"2025-08-27T07:08:07","guid":{"rendered":"https:\/\/chiptuningmarket.com\/?post_type=product&#038;p=194151"},"modified":"2025-08-27T08:08:13","modified_gmt":"2025-08-27T07:08:13","slug":"przewod-bench-bootrom-do-cummins-cm2150c-cm2150e-flx2-76","status":"publish","type":"product","link":"https:\/\/chiptuningmarket.com\/pl\/shop\/akcesoria-chiptuning-pl\/magicmotorsport-flex-pl\/przewody-bench-pl\/przewod-bench-bootrom-do-cummins-cm2150c-cm2150e-flx2-76\/","title":{"rendered":"Przew\u00f3d Bench BootROM do Cummins CM2150C &#8211; CM2150E FLX2.76"},"content":{"rendered":"<p><strong data-start=\"234\" data-end=\"245\">Przew\u00f3d BootROM FLX2.76<\/strong> przeznaczony do obs\u0142ugi sterownik\u00f3w Cummins <strong data-start=\"318\" data-end=\"329\">CM2150C<\/strong> oraz <strong data-start=\"335\" data-end=\"346\">CM2150E<\/strong>. W po\u0142\u0105czeniu z urz\u0105dzeniem <strong data-start=\"375\" data-end=\"399\">Magicmotorsport Flex<\/strong> umo\u017cliwia pe\u0142ny dost\u0119p do ECU w trybie niskopoziomowym (BootROM), co pozwala na odczyt, zapis i odzyskiwanie uszkodzonego oprogramowania.<\/p>\n<h3>Najwa\u017cniejsze cechy:<\/h3>\n<ul>\n<li><span dir=\"auto\">Za pomoc\u0105 przewodu do sterownik\u00f3w Cummins CM2150C i CM2150E (FLX2.76) mo\u017cna wykonywa\u0107 operacje odczytu\/zapisu za pomoc\u0105 Flex w ci\u0119\u017car\u00f3wkach r\u00f3\u017cnych marek: <\/span>Bonluck Bus, Dong Feng, Foton, Sany, Tata Truck, Yutong, Agrale, Alexander Dennis, Autosan, Avia, BMC, DAF Trucks, Dong Feng, Ford Trucks, Foton, Freighliner, Higer, Iveco Trucks, John Deere, Kenworth, King Long Buses, Mack, Nissan, Otokar, Shacman, Solaris, Temsa, VDL Citea, Volkswagen Trucks, Yutong<\/li>\n<li>Przew\u00f3d umo\u017cliwia r\u00f3wnie\u017c tryb BootROM, dost\u0119pny bezp\u0142atnie za po\u015brednictwem funkcji <em data-prosemirror-content-type=\"mark\" data-prosemirror-mark-name=\"em\"><span dir=\"auto\">\u201eEnable BootROM\u201d<\/span><\/em><span dir=\"auto\">\u00a0. Umo\u017cliwia to odzyskiwanie danych lub programowanie w przypadku awarii oprogramowania sprz\u0119towego, na przyk\u0142ad po zapisaniu uszkodzonego lub niezgodnego pliku. Tryb ten umo\u017cliwia przywr\u00f3cenie jednostki steruj\u0105cej bez konieczno\u015bci standardowego rozruchu.<\/span><\/li>\n<li>Niezawodno\u015b\u0107 \u2013 dedykowane rozwi\u0105zanie od Magic Motorsport gwarantuje bezpieczn\u0105 prac\u0119<\/li>\n<\/ul>\n","protected":false},"excerpt":{"rendered":"<p><strong data-start=\"234\" data-end=\"245\">Przew\u00f3d BootROM FLX2.76<\/strong> przeznaczony do obs\u0142ugi sterownik\u00f3w Cummins <strong data-start=\"318\" data-end=\"329\">CM2150C<\/strong> oraz <strong data-start=\"335\" data-end=\"346\">CM2150E<\/strong>. W po\u0142\u0105czeniu z urz\u0105dzeniem <strong data-start=\"375\" data-end=\"399\">Magicmotorsport Flex<\/strong> umo\u017cliwia pe\u0142ny dost\u0119p do ECU w trybie niskopoziomowym (BootROM), co pozwala na odczyt, zapis i odzyskiwanie uszkodzonego oprogramowania.<\/p>\n","protected":false},"featured_media":194175,"template":"","meta":{"_monsterinsights_skip_tracking":false,"_monsterinsights_sitenote_active":false,"_monsterinsights_sitenote_note":"","_monsterinsights_sitenote_category":0},"product_brand":[],"product_cat":[5060,5129,5132],"product_tag":[8053,8054,8055,1535,8051,8059,8058,8052,8056,2835,8057],"class_list":{"0":"post-194151","1":"product","2":"type-product","3":"status-publish","4":"has-post-thumbnail","6":"product_cat-akcesoria-chiptuning-pl","7":"product_cat-magicmotorsport-flex-pl","8":"product_cat-przewody-bench-pl","9":"product_tag-bootrom-cable","10":"product_tag-cummins-cm2150c","11":"product_tag-cummins-cm2150e","12":"product_tag-flex-pl","13":"product_tag-flx2-76","14":"product_tag-interfejs-diagnostyczny","15":"product_tag-kabel-do-ecu","16":"product_tag-magic-motorsport","17":"product_tag-naprawa-ecu","18":"product_tag-programming-ecu-pl","19":"product_tag-tuning-ciezarowek","21":"first","22":"instock","23":"taxable","24":"shipping-taxable","25":"purchasable","26":"product-type-simple"},"yoast_head":"<!-- This site is optimized with the Yoast SEO plugin v25.2 - https:\/\/yoast.com\/wordpress\/plugins\/seo\/ -->\n<title>Przew\u00f3d Bench BootROM do Cummins CM2150C - CM2150E FLX2.76 - Chiptuningmarket<\/title>\n<meta name=\"description\" content=\"Przew\u00f3d BootROM FLX2.76 przeznaczony do obs\u0142ugi sterownik\u00f3w Cummins CM2150C oraz CM2150E. W po\u0142\u0105czeniu z urz\u0105dzeniem Magicmotorsport Flex umo\u017cliwia pe\u0142ny dost\u0119p do ECU w trybie niskopoziomowym (BootROM), co pozwala na odczyt, zapis i odzyskiwanie uszkodzonego oprogramowania.\" \/>\n<meta name=\"robots\" content=\"index, follow, max-snippet:-1, max-image-preview:large, max-video-preview:-1\" \/>\n<link rel=\"canonical\" href=\"https:\/\/chiptuningmarket.com\/pl\/shop\/akcesoria-chiptuning-pl\/magicmotorsport-flex-pl\/przewody-bench-pl\/przewod-bench-bootrom-do-cummins-cm2150c-cm2150e-flx2-76\/\" \/>\n<meta property=\"og:locale\" content=\"pl_PL\" \/>\n<meta property=\"og:type\" content=\"article\" \/>\n<meta property=\"og:title\" content=\"Przew\u00f3d Bench BootROM do Cummins CM2150C - CM2150E FLX2.76 - Chiptuningmarket\" \/>\n<meta property=\"og:description\" content=\"Przew\u00f3d BootROM FLX2.76 przeznaczony do obs\u0142ugi sterownik\u00f3w Cummins CM2150C oraz CM2150E. W po\u0142\u0105czeniu z urz\u0105dzeniem Magicmotorsport Flex umo\u017cliwia pe\u0142ny dost\u0119p do ECU w trybie niskopoziomowym (BootROM), co pozwala na odczyt, zapis i odzyskiwanie uszkodzonego oprogramowania.\" \/>\n<meta property=\"og:url\" content=\"https:\/\/chiptuningmarket.com\/pl\/shop\/akcesoria-chiptuning-pl\/magicmotorsport-flex-pl\/przewody-bench-pl\/przewod-bench-bootrom-do-cummins-cm2150c-cm2150e-flx2-76\/\" \/>\n<meta property=\"og:site_name\" content=\"Chiptuningmarket\" \/>\n<meta property=\"article:modified_time\" content=\"2025-08-27T07:08:13+00:00\" \/>\n<meta property=\"og:image\" content=\"https:\/\/chiptuningmarket.com\/wp-content\/uploads\/2025\/08\/Przewod-Bench-BootROM-do-Cummins-CM2150C-CM2150E-FLX2.76.jpg\" \/>\n\t<meta property=\"og:image:width\" content=\"1080\" \/>\n\t<meta property=\"og:image:height\" content=\"1080\" \/>\n\t<meta property=\"og:image:type\" content=\"image\/jpeg\" \/>\n<meta name=\"twitter:card\" content=\"summary_large_image\" \/>\n<meta name=\"twitter:label1\" content=\"Szacowany czas czytania\" \/>\n\t<meta name=\"twitter:data1\" content=\"1 minuta\" \/>\n<script type=\"application\/ld+json\" class=\"yoast-schema-graph\">{\"@context\":\"https:\/\/schema.org\",\"@graph\":[{\"@type\":\"WebPage\",\"@id\":\"https:\/\/chiptuningmarket.com\/pl\/shop\/akcesoria-chiptuning-pl\/magicmotorsport-flex-pl\/przewody-bench-pl\/przewod-bench-bootrom-do-cummins-cm2150c-cm2150e-flx2-76\/\",\"url\":\"https:\/\/chiptuningmarket.com\/pl\/shop\/akcesoria-chiptuning-pl\/magicmotorsport-flex-pl\/przewody-bench-pl\/przewod-bench-bootrom-do-cummins-cm2150c-cm2150e-flx2-76\/\",\"name\":\"Przew\u00f3d Bench BootROM do Cummins CM2150C - CM2150E FLX2.76 - Chiptuningmarket\",\"isPartOf\":{\"@id\":\"https:\/\/chiptuningmarket.com\/ru\/#website\"},\"primaryImageOfPage\":{\"@id\":\"https:\/\/chiptuningmarket.com\/pl\/shop\/akcesoria-chiptuning-pl\/magicmotorsport-flex-pl\/przewody-bench-pl\/przewod-bench-bootrom-do-cummins-cm2150c-cm2150e-flx2-76\/#primaryimage\"},\"image\":{\"@id\":\"https:\/\/chiptuningmarket.com\/pl\/shop\/akcesoria-chiptuning-pl\/magicmotorsport-flex-pl\/przewody-bench-pl\/przewod-bench-bootrom-do-cummins-cm2150c-cm2150e-flx2-76\/#primaryimage\"},\"thumbnailUrl\":\"https:\/\/chiptuningmarket.com\/wp-content\/uploads\/2025\/08\/Przewod-Bench-BootROM-do-Cummins-CM2150C-CM2150E-FLX2.76.jpg\",\"datePublished\":\"2025-08-27T07:08:07+00:00\",\"dateModified\":\"2025-08-27T07:08:13+00:00\",\"description\":\"Przew\u00f3d BootROM FLX2.76 przeznaczony do obs\u0142ugi sterownik\u00f3w Cummins CM2150C oraz CM2150E. W po\u0142\u0105czeniu z urz\u0105dzeniem Magicmotorsport Flex umo\u017cliwia pe\u0142ny dost\u0119p do ECU w trybie niskopoziomowym (BootROM), co pozwala na odczyt, zapis i odzyskiwanie uszkodzonego oprogramowania.\",\"breadcrumb\":{\"@id\":\"https:\/\/chiptuningmarket.com\/pl\/shop\/akcesoria-chiptuning-pl\/magicmotorsport-flex-pl\/przewody-bench-pl\/przewod-bench-bootrom-do-cummins-cm2150c-cm2150e-flx2-76\/#breadcrumb\"},\"inLanguage\":\"pl-PL\",\"potentialAction\":[{\"@type\":\"ReadAction\",\"target\":[\"https:\/\/chiptuningmarket.com\/pl\/shop\/akcesoria-chiptuning-pl\/magicmotorsport-flex-pl\/przewody-bench-pl\/przewod-bench-bootrom-do-cummins-cm2150c-cm2150e-flx2-76\/\"]}]},{\"@type\":\"ImageObject\",\"inLanguage\":\"pl-PL\",\"@id\":\"https:\/\/chiptuningmarket.com\/pl\/shop\/akcesoria-chiptuning-pl\/magicmotorsport-flex-pl\/przewody-bench-pl\/przewod-bench-bootrom-do-cummins-cm2150c-cm2150e-flx2-76\/#primaryimage\",\"url\":\"https:\/\/chiptuningmarket.com\/wp-content\/uploads\/2025\/08\/Przewod-Bench-BootROM-do-Cummins-CM2150C-CM2150E-FLX2.76.jpg\",\"contentUrl\":\"https:\/\/chiptuningmarket.com\/wp-content\/uploads\/2025\/08\/Przewod-Bench-BootROM-do-Cummins-CM2150C-CM2150E-FLX2.76.jpg\",\"width\":1080,\"height\":1080},{\"@type\":\"BreadcrumbList\",\"@id\":\"https:\/\/chiptuningmarket.com\/pl\/shop\/akcesoria-chiptuning-pl\/magicmotorsport-flex-pl\/przewody-bench-pl\/przewod-bench-bootrom-do-cummins-cm2150c-cm2150e-flx2-76\/#breadcrumb\",\"itemListElement\":[{\"@type\":\"ListItem\",\"position\":1,\"name\":\"Home\",\"item\":\"https:\/\/chiptuningmarket.com\/pl\/\"},{\"@type\":\"ListItem\",\"position\":2,\"name\":\"Sklep\",\"item\":\"https:\/\/chiptuningmarket.com\/pl\/shop\/\"},{\"@type\":\"ListItem\",\"position\":3,\"name\":\"Przew\u00f3d Bench BootROM do Cummins CM2150C &#8211; CM2150E FLX2.76\"}]},{\"@type\":\"WebSite\",\"@id\":\"https:\/\/chiptuningmarket.com\/ru\/#website\",\"url\":\"https:\/\/chiptuningmarket.com\/ru\/\",\"name\":\"Chiptuningmarket\",\"description\":\"Biggest chiptuning shop in Europe\",\"publisher\":{\"@id\":\"https:\/\/chiptuningmarket.com\/ru\/#organization\"},\"alternateName\":\"Worldwide ecu tools supplier\",\"potentialAction\":[{\"@type\":\"SearchAction\",\"target\":{\"@type\":\"EntryPoint\",\"urlTemplate\":\"https:\/\/chiptuningmarket.com\/ru\/?s={search_term_string}\"},\"query-input\":{\"@type\":\"PropertyValueSpecification\",\"valueRequired\":true,\"valueName\":\"search_term_string\"}}],\"inLanguage\":\"pl-PL\"},{\"@type\":\"Organization\",\"@id\":\"https:\/\/chiptuningmarket.com\/ru\/#organization\",\"name\":\"Chiptuningmarket\",\"alternateName\":\"Chiptuning tools supplier\",\"url\":\"https:\/\/chiptuningmarket.com\/ru\/\",\"logo\":{\"@type\":\"ImageObject\",\"inLanguage\":\"pl-PL\",\"@id\":\"https:\/\/chiptuningmarket.com\/ru\/#\/schema\/logo\/image\/\",\"url\":\"https:\/\/chiptuningmarket.com\/wp-content\/uploads\/2023\/05\/logo-ChipTuningMarket-social.png\",\"contentUrl\":\"https:\/\/chiptuningmarket.com\/wp-content\/uploads\/2023\/05\/logo-ChipTuningMarket-social.png\",\"width\":512,\"height\":512,\"caption\":\"Chiptuningmarket\"},\"image\":{\"@id\":\"https:\/\/chiptuningmarket.com\/ru\/#\/schema\/logo\/image\/\"}}]}<\/script>\n<!-- \/ Yoast SEO plugin. -->","yoast_head_json":{"title":"Przew\u00f3d Bench BootROM do Cummins CM2150C - CM2150E FLX2.76 - Chiptuningmarket","description":"Przew\u00f3d BootROM FLX2.76 przeznaczony do obs\u0142ugi sterownik\u00f3w Cummins CM2150C oraz CM2150E. W po\u0142\u0105czeniu z urz\u0105dzeniem Magicmotorsport Flex umo\u017cliwia pe\u0142ny dost\u0119p do ECU w trybie niskopoziomowym (BootROM), co pozwala na odczyt, zapis i odzyskiwanie uszkodzonego oprogramowania.","robots":{"index":"index","follow":"follow","max-snippet":"max-snippet:-1","max-image-preview":"max-image-preview:large","max-video-preview":"max-video-preview:-1"},"canonical":"https:\/\/chiptuningmarket.com\/pl\/shop\/akcesoria-chiptuning-pl\/magicmotorsport-flex-pl\/przewody-bench-pl\/przewod-bench-bootrom-do-cummins-cm2150c-cm2150e-flx2-76\/","og_locale":"pl_PL","og_type":"article","og_title":"Przew\u00f3d Bench BootROM do Cummins CM2150C - CM2150E FLX2.76 - Chiptuningmarket","og_description":"Przew\u00f3d BootROM FLX2.76 przeznaczony do obs\u0142ugi sterownik\u00f3w Cummins CM2150C oraz CM2150E. W po\u0142\u0105czeniu z urz\u0105dzeniem Magicmotorsport Flex umo\u017cliwia pe\u0142ny dost\u0119p do ECU w trybie niskopoziomowym (BootROM), co pozwala na odczyt, zapis i odzyskiwanie uszkodzonego oprogramowania.","og_url":"https:\/\/chiptuningmarket.com\/pl\/shop\/akcesoria-chiptuning-pl\/magicmotorsport-flex-pl\/przewody-bench-pl\/przewod-bench-bootrom-do-cummins-cm2150c-cm2150e-flx2-76\/","og_site_name":"Chiptuningmarket","article_modified_time":"2025-08-27T07:08:13+00:00","og_image":[{"width":1080,"height":1080,"url":"https:\/\/chiptuningmarket.com\/wp-content\/uploads\/2025\/08\/Przewod-Bench-BootROM-do-Cummins-CM2150C-CM2150E-FLX2.76.jpg","type":"image\/jpeg"}],"twitter_card":"summary_large_image","twitter_misc":{"Szacowany czas czytania":"1 minuta"},"schema":{"@context":"https:\/\/schema.org","@graph":[{"@type":"WebPage","@id":"https:\/\/chiptuningmarket.com\/pl\/shop\/akcesoria-chiptuning-pl\/magicmotorsport-flex-pl\/przewody-bench-pl\/przewod-bench-bootrom-do-cummins-cm2150c-cm2150e-flx2-76\/","url":"https:\/\/chiptuningmarket.com\/pl\/shop\/akcesoria-chiptuning-pl\/magicmotorsport-flex-pl\/przewody-bench-pl\/przewod-bench-bootrom-do-cummins-cm2150c-cm2150e-flx2-76\/","name":"Przew\u00f3d Bench BootROM do Cummins CM2150C - CM2150E FLX2.76 - Chiptuningmarket","isPartOf":{"@id":"https:\/\/chiptuningmarket.com\/ru\/#website"},"primaryImageOfPage":{"@id":"https:\/\/chiptuningmarket.com\/pl\/shop\/akcesoria-chiptuning-pl\/magicmotorsport-flex-pl\/przewody-bench-pl\/przewod-bench-bootrom-do-cummins-cm2150c-cm2150e-flx2-76\/#primaryimage"},"image":{"@id":"https:\/\/chiptuningmarket.com\/pl\/shop\/akcesoria-chiptuning-pl\/magicmotorsport-flex-pl\/przewody-bench-pl\/przewod-bench-bootrom-do-cummins-cm2150c-cm2150e-flx2-76\/#primaryimage"},"thumbnailUrl":"https:\/\/chiptuningmarket.com\/wp-content\/uploads\/2025\/08\/Przewod-Bench-BootROM-do-Cummins-CM2150C-CM2150E-FLX2.76.jpg","datePublished":"2025-08-27T07:08:07+00:00","dateModified":"2025-08-27T07:08:13+00:00","description":"Przew\u00f3d BootROM FLX2.76 przeznaczony do obs\u0142ugi sterownik\u00f3w Cummins CM2150C oraz CM2150E. W po\u0142\u0105czeniu z urz\u0105dzeniem Magicmotorsport Flex umo\u017cliwia pe\u0142ny dost\u0119p do ECU w trybie niskopoziomowym (BootROM), co pozwala na odczyt, zapis i odzyskiwanie uszkodzonego oprogramowania.","breadcrumb":{"@id":"https:\/\/chiptuningmarket.com\/pl\/shop\/akcesoria-chiptuning-pl\/magicmotorsport-flex-pl\/przewody-bench-pl\/przewod-bench-bootrom-do-cummins-cm2150c-cm2150e-flx2-76\/#breadcrumb"},"inLanguage":"pl-PL","potentialAction":[{"@type":"ReadAction","target":["https:\/\/chiptuningmarket.com\/pl\/shop\/akcesoria-chiptuning-pl\/magicmotorsport-flex-pl\/przewody-bench-pl\/przewod-bench-bootrom-do-cummins-cm2150c-cm2150e-flx2-76\/"]}]},{"@type":"ImageObject","inLanguage":"pl-PL","@id":"https:\/\/chiptuningmarket.com\/pl\/shop\/akcesoria-chiptuning-pl\/magicmotorsport-flex-pl\/przewody-bench-pl\/przewod-bench-bootrom-do-cummins-cm2150c-cm2150e-flx2-76\/#primaryimage","url":"https:\/\/chiptuningmarket.com\/wp-content\/uploads\/2025\/08\/Przewod-Bench-BootROM-do-Cummins-CM2150C-CM2150E-FLX2.76.jpg","contentUrl":"https:\/\/chiptuningmarket.com\/wp-content\/uploads\/2025\/08\/Przewod-Bench-BootROM-do-Cummins-CM2150C-CM2150E-FLX2.76.jpg","width":1080,"height":1080},{"@type":"BreadcrumbList","@id":"https:\/\/chiptuningmarket.com\/pl\/shop\/akcesoria-chiptuning-pl\/magicmotorsport-flex-pl\/przewody-bench-pl\/przewod-bench-bootrom-do-cummins-cm2150c-cm2150e-flx2-76\/#breadcrumb","itemListElement":[{"@type":"ListItem","position":1,"name":"Home","item":"https:\/\/chiptuningmarket.com\/pl\/"},{"@type":"ListItem","position":2,"name":"Sklep","item":"https:\/\/chiptuningmarket.com\/pl\/shop\/"},{"@type":"ListItem","position":3,"name":"Przew\u00f3d Bench BootROM do Cummins CM2150C &#8211; CM2150E FLX2.76"}]},{"@type":"WebSite","@id":"https:\/\/chiptuningmarket.com\/ru\/#website","url":"https:\/\/chiptuningmarket.com\/ru\/","name":"Chiptuningmarket","description":"Biggest chiptuning shop in Europe","publisher":{"@id":"https:\/\/chiptuningmarket.com\/ru\/#organization"},"alternateName":"Worldwide ecu tools supplier","potentialAction":[{"@type":"SearchAction","target":{"@type":"EntryPoint","urlTemplate":"https:\/\/chiptuningmarket.com\/ru\/?s={search_term_string}"},"query-input":{"@type":"PropertyValueSpecification","valueRequired":true,"valueName":"search_term_string"}}],"inLanguage":"pl-PL"},{"@type":"Organization","@id":"https:\/\/chiptuningmarket.com\/ru\/#organization","name":"Chiptuningmarket","alternateName":"Chiptuning tools supplier","url":"https:\/\/chiptuningmarket.com\/ru\/","logo":{"@type":"ImageObject","inLanguage":"pl-PL","@id":"https:\/\/chiptuningmarket.com\/ru\/#\/schema\/logo\/image\/","url":"https:\/\/chiptuningmarket.com\/wp-content\/uploads\/2023\/05\/logo-ChipTuningMarket-social.png","contentUrl":"https:\/\/chiptuningmarket.com\/wp-content\/uploads\/2023\/05\/logo-ChipTuningMarket-social.png","width":512,"height":512,"caption":"Chiptuningmarket"},"image":{"@id":"https:\/\/chiptuningmarket.com\/ru\/#\/schema\/logo\/image\/"}}]}},"_links":{"self":[{"href":"https:\/\/chiptuningmarket.com\/pl\/wp-json\/wp\/v2\/product\/194151","targetHints":{"allow":["GET"]}}],"collection":[{"href":"https:\/\/chiptuningmarket.com\/pl\/wp-json\/wp\/v2\/product"}],"about":[{"href":"https:\/\/chiptuningmarket.com\/pl\/wp-json\/wp\/v2\/types\/product"}],"wp:featuredmedia":[{"embeddable":true,"href":"https:\/\/chiptuningmarket.com\/pl\/wp-json\/wp\/v2\/media\/194175"}],"wp:attachment":[{"href":"https:\/\/chiptuningmarket.com\/pl\/wp-json\/wp\/v2\/media?parent=194151"}],"wp:term":[{"taxonomy":"product_brand","embeddable":true,"href":"https:\/\/chiptuningmarket.com\/pl\/wp-json\/wp\/v2\/product_brand?post=194151"},{"taxonomy":"product_cat","embeddable":true,"href":"https:\/\/chiptuningmarket.com\/pl\/wp-json\/wp\/v2\/product_cat?post=194151"},{"taxonomy":"product_tag","embeddable":true,"href":"https:\/\/chiptuningmarket.com\/pl\/wp-json\/wp\/v2\/product_tag?post=194151"}],"curies":[{"name":"wp","href":"https:\/\/api.w.org\/{rel}","templated":true}]}}