{"id":194551,"date":"2025-08-27T10:03:59","date_gmt":"2025-08-27T09:03:59","guid":{"rendered":"https:\/\/chiptuningmarket.com\/?post_type=product&#038;p=194551"},"modified":"2025-08-27T10:04:06","modified_gmt":"2025-08-27T09:04:06","slug":"przewod-bench-bootrom-do-cummins-cm2350a-cm2450a-flx2-80","status":"publish","type":"product","link":"https:\/\/chiptuningmarket.com\/pl\/shop\/akcesoria-chiptuning-pl\/magicmotorsport-flex-pl\/przewody-bench-pl\/przewod-bench-bootrom-do-cummins-cm2350a-cm2450a-flx2-80\/","title":{"rendered":"Przew\u00f3d Bench BootROM do Cummins CM2350A &#8211; CM2450A FLX2.80"},"content":{"rendered":"<div class=\"post-content woocommerce-product-details__short-description\">\n<p><span dir=\"auto\">Przew\u00f3d do sterownik\u00f3w Cummins <strong>CM2350A &#8211; CM2450A\u00a0 (FLX2.80) <\/strong>dzi\u0119ki kt\u00f3remu mo\u017cna wykonywa\u0107 operacje odczytu i zapisu w r\u00f3\u017cnych pojazdach ci\u0119\u017carowych z systemem Flex, dzi\u0119ki bezpiecznym i stabilnym po\u0142\u0105czeniom.<br \/>\n<\/span><\/p>\n<\/div>\n<h3 class=\"fusion-responsive-typography-calculated\" data-fontsize=\"17\" data-lineheight=\"23.97px\">Najwa\u017cniejsze cechy:<\/h3>\n<ul>\n<li><span dir=\"auto\">Za pomoc\u0105 przewodu do sterownik\u00f3w Cummins <strong>CM2350A &#8211; CM2450A\u00a0 (FLX2.80) <\/strong>mo\u017cna wykonywa\u0107 operacje odczytu\/zapisu za pomoc\u0105 Flex w ci\u0119\u017car\u00f3wkach r\u00f3\u017cnych marek: <\/span>BCI, Buhler, Camox, Claas Tractors, CMI, Croplands, DAF Buses, Ditch Witch, Doosan, Dressta, Dynapac, Franzoi, Freightliner, Furukawa, Guleryuz, Hagie, Hammel, Hydrema, Hyster, Hyundai Constructions, Impex, JBT, Kalmar, Kamaz, Kenworth, Liugong Excavators, Macdon, Morooka, New Holland, Otokar, Peterbilt, Pistenbully, Prinoth, Rostselmash, Sany, Sennebogen, Soilmec, Temsa, Terberg, Tico, Vogele, Wirtgen, Zhongtong<\/li>\n<li>Przew\u00f3d umo\u017cliwia r\u00f3wnie\u017c tryb BootROM, dost\u0119pny bezp\u0142atnie za po\u015brednictwem funkcji\u00a0<em data-prosemirror-content-type=\"mark\" data-prosemirror-mark-name=\"em\"><span dir=\"auto\">\u201eEnable BootROM\u201d<\/span><\/em><span dir=\"auto\">\u00a0. Umo\u017cliwia to odzyskiwanie danych lub programowanie w przypadku awarii oprogramowania sprz\u0119towego, na przyk\u0142ad po zapisaniu uszkodzonego lub niezgodnego pliku. Tryb ten umo\u017cliwia przywr\u00f3cenie jednostki steruj\u0105cej bez konieczno\u015bci standardowego rozruchu.<\/span><\/li>\n<li>Niezawodno\u015b\u0107 \u2013 dedykowane rozwi\u0105zanie od Magic Motorsport gwarantuje bezpieczn\u0105 prac\u0119<\/li>\n<\/ul>\n","protected":false},"excerpt":{"rendered":"<p><span dir=\"auto\">Przew\u00f3d do sterownik\u00f3w Cummins <strong>CM2350A &#8211; CM2450A\u00a0 (FLX2.80) <\/strong>dzi\u0119ki kt\u00f3remu mo\u017cna wykonywa\u0107 operacje odczytu i zapisu w r\u00f3\u017cnych pojazdach ci\u0119\u017carowych z systemem Flex, dzi\u0119ki bezpiecznym i stabilnym po\u0142\u0105czeniom.<\/span><\/p>\n","protected":false},"featured_media":194569,"template":"","meta":{"_monsterinsights_skip_tracking":false,"_monsterinsights_sitenote_active":false,"_monsterinsights_sitenote_note":"","_monsterinsights_sitenote_category":0},"product_brand":[],"product_cat":[5060,5129,5132],"product_tag":[8069,8070,8035,8068,8066,8071,8072,8052,8056,8074,4167,2835,8067,8073,8057],"class_list":{"0":"post-194551","1":"product","2":"type-product","3":"status-publish","4":"has-post-thumbnail","6":"product_cat-akcesoria-chiptuning-pl","7":"product_cat-magicmotorsport-flex-pl","8":"product_cat-przewody-bench-pl","9":"product_tag-cm2350a","10":"product_tag-cm2450a","11":"product_tag-diagnostyka-ecu","12":"product_tag-ecu-cummins","13":"product_tag-flx2-80","14":"product_tag-freightliner","15":"product_tag-kenworth","16":"product_tag-magic-motorsport","17":"product_tag-naprawa-ecu","18":"product_tag-new-holland-pl","19":"product_tag-oprogramowanie-ecu","20":"product_tag-programming-ecu-pl","21":"product_tag-przewod-bootrom","22":"product_tag-sany","23":"product_tag-tuning-ciezarowek","25":"first","26":"instock","27":"taxable","28":"shipping-taxable","29":"purchasable","30":"product-type-simple"},"yoast_head":"<!-- This site is optimized with the Yoast SEO plugin v25.2 - https:\/\/yoast.com\/wordpress\/plugins\/seo\/ -->\n<title>Przew\u00f3d Bench BootROM do Cummins CM2350A - CM2450A FLX2.80 - Chiptuningmarket<\/title>\n<meta name=\"description\" content=\"Przew\u00f3d do sterownik\u00f3w Cummins CM2350A - CM2450A\u00a0 (FLX2.80) dzi\u0119ki kt\u00f3remu mo\u017cna wykonywa\u0107 operacje odczytu i zapisu w r\u00f3\u017cnych pojazdach ci\u0119\u017carowych z systemem Flex, dzi\u0119ki bezpiecznym i stabilnym po\u0142\u0105czeniom.\" \/>\n<meta name=\"robots\" content=\"index, follow, max-snippet:-1, max-image-preview:large, max-video-preview:-1\" \/>\n<link rel=\"canonical\" href=\"https:\/\/chiptuningmarket.com\/pl\/shop\/akcesoria-chiptuning-pl\/magicmotorsport-flex-pl\/przewody-bench-pl\/przewod-bench-bootrom-do-cummins-cm2350a-cm2450a-flx2-80\/\" \/>\n<meta property=\"og:locale\" content=\"pl_PL\" \/>\n<meta property=\"og:type\" content=\"article\" \/>\n<meta property=\"og:title\" content=\"Przew\u00f3d Bench BootROM do Cummins CM2350A - CM2450A FLX2.80 - Chiptuningmarket\" \/>\n<meta property=\"og:description\" content=\"Przew\u00f3d do sterownik\u00f3w Cummins CM2350A - CM2450A\u00a0 (FLX2.80) dzi\u0119ki kt\u00f3remu mo\u017cna wykonywa\u0107 operacje odczytu i zapisu w r\u00f3\u017cnych pojazdach ci\u0119\u017carowych z systemem Flex, dzi\u0119ki bezpiecznym i stabilnym po\u0142\u0105czeniom.\" \/>\n<meta property=\"og:url\" content=\"https:\/\/chiptuningmarket.com\/pl\/shop\/akcesoria-chiptuning-pl\/magicmotorsport-flex-pl\/przewody-bench-pl\/przewod-bench-bootrom-do-cummins-cm2350a-cm2450a-flx2-80\/\" \/>\n<meta property=\"og:site_name\" content=\"Chiptuningmarket\" \/>\n<meta property=\"article:modified_time\" content=\"2025-08-27T09:04:06+00:00\" \/>\n<meta property=\"og:image\" content=\"https:\/\/chiptuningmarket.com\/wp-content\/uploads\/2025\/08\/Przewod-Bench-BootROM-do-Cummins-CM2350A-CM2450A-FLX2.80-a.jpg\" \/>\n\t<meta property=\"og:image:width\" content=\"1080\" \/>\n\t<meta property=\"og:image:height\" content=\"1080\" \/>\n\t<meta property=\"og:image:type\" content=\"image\/jpeg\" \/>\n<meta name=\"twitter:card\" content=\"summary_large_image\" \/>\n<meta name=\"twitter:label1\" content=\"Szacowany czas czytania\" \/>\n\t<meta name=\"twitter:data1\" content=\"1 minuta\" \/>\n<script type=\"application\/ld+json\" class=\"yoast-schema-graph\">{\"@context\":\"https:\/\/schema.org\",\"@graph\":[{\"@type\":\"WebPage\",\"@id\":\"https:\/\/chiptuningmarket.com\/pl\/shop\/akcesoria-chiptuning-pl\/magicmotorsport-flex-pl\/przewody-bench-pl\/przewod-bench-bootrom-do-cummins-cm2350a-cm2450a-flx2-80\/\",\"url\":\"https:\/\/chiptuningmarket.com\/pl\/shop\/akcesoria-chiptuning-pl\/magicmotorsport-flex-pl\/przewody-bench-pl\/przewod-bench-bootrom-do-cummins-cm2350a-cm2450a-flx2-80\/\",\"name\":\"Przew\u00f3d Bench BootROM do Cummins CM2350A - CM2450A FLX2.80 - Chiptuningmarket\",\"isPartOf\":{\"@id\":\"https:\/\/chiptuningmarket.com\/ru\/#website\"},\"primaryImageOfPage\":{\"@id\":\"https:\/\/chiptuningmarket.com\/pl\/shop\/akcesoria-chiptuning-pl\/magicmotorsport-flex-pl\/przewody-bench-pl\/przewod-bench-bootrom-do-cummins-cm2350a-cm2450a-flx2-80\/#primaryimage\"},\"image\":{\"@id\":\"https:\/\/chiptuningmarket.com\/pl\/shop\/akcesoria-chiptuning-pl\/magicmotorsport-flex-pl\/przewody-bench-pl\/przewod-bench-bootrom-do-cummins-cm2350a-cm2450a-flx2-80\/#primaryimage\"},\"thumbnailUrl\":\"https:\/\/chiptuningmarket.com\/wp-content\/uploads\/2025\/08\/Przewod-Bench-BootROM-do-Cummins-CM2350A-CM2450A-FLX2.80-a.jpg\",\"datePublished\":\"2025-08-27T09:03:59+00:00\",\"dateModified\":\"2025-08-27T09:04:06+00:00\",\"description\":\"Przew\u00f3d do sterownik\u00f3w Cummins CM2350A - CM2450A\u00a0 (FLX2.80) dzi\u0119ki kt\u00f3remu mo\u017cna wykonywa\u0107 operacje odczytu i zapisu w r\u00f3\u017cnych pojazdach ci\u0119\u017carowych z systemem Flex, dzi\u0119ki bezpiecznym i stabilnym po\u0142\u0105czeniom.\",\"breadcrumb\":{\"@id\":\"https:\/\/chiptuningmarket.com\/pl\/shop\/akcesoria-chiptuning-pl\/magicmotorsport-flex-pl\/przewody-bench-pl\/przewod-bench-bootrom-do-cummins-cm2350a-cm2450a-flx2-80\/#breadcrumb\"},\"inLanguage\":\"pl-PL\",\"potentialAction\":[{\"@type\":\"ReadAction\",\"target\":[\"https:\/\/chiptuningmarket.com\/pl\/shop\/akcesoria-chiptuning-pl\/magicmotorsport-flex-pl\/przewody-bench-pl\/przewod-bench-bootrom-do-cummins-cm2350a-cm2450a-flx2-80\/\"]}]},{\"@type\":\"ImageObject\",\"inLanguage\":\"pl-PL\",\"@id\":\"https:\/\/chiptuningmarket.com\/pl\/shop\/akcesoria-chiptuning-pl\/magicmotorsport-flex-pl\/przewody-bench-pl\/przewod-bench-bootrom-do-cummins-cm2350a-cm2450a-flx2-80\/#primaryimage\",\"url\":\"https:\/\/chiptuningmarket.com\/wp-content\/uploads\/2025\/08\/Przewod-Bench-BootROM-do-Cummins-CM2350A-CM2450A-FLX2.80-a.jpg\",\"contentUrl\":\"https:\/\/chiptuningmarket.com\/wp-content\/uploads\/2025\/08\/Przewod-Bench-BootROM-do-Cummins-CM2350A-CM2450A-FLX2.80-a.jpg\",\"width\":1080,\"height\":1080},{\"@type\":\"BreadcrumbList\",\"@id\":\"https:\/\/chiptuningmarket.com\/pl\/shop\/akcesoria-chiptuning-pl\/magicmotorsport-flex-pl\/przewody-bench-pl\/przewod-bench-bootrom-do-cummins-cm2350a-cm2450a-flx2-80\/#breadcrumb\",\"itemListElement\":[{\"@type\":\"ListItem\",\"position\":1,\"name\":\"Home\",\"item\":\"https:\/\/chiptuningmarket.com\/pl\/\"},{\"@type\":\"ListItem\",\"position\":2,\"name\":\"Sklep\",\"item\":\"https:\/\/chiptuningmarket.com\/pl\/shop\/\"},{\"@type\":\"ListItem\",\"position\":3,\"name\":\"Przew\u00f3d Bench BootROM do Cummins CM2350A &#8211; CM2450A FLX2.80\"}]},{\"@type\":\"WebSite\",\"@id\":\"https:\/\/chiptuningmarket.com\/ru\/#website\",\"url\":\"https:\/\/chiptuningmarket.com\/ru\/\",\"name\":\"Chiptuningmarket\",\"description\":\"Biggest chiptuning shop in Europe\",\"publisher\":{\"@id\":\"https:\/\/chiptuningmarket.com\/ru\/#organization\"},\"alternateName\":\"Worldwide ecu tools supplier\",\"potentialAction\":[{\"@type\":\"SearchAction\",\"target\":{\"@type\":\"EntryPoint\",\"urlTemplate\":\"https:\/\/chiptuningmarket.com\/ru\/?s={search_term_string}\"},\"query-input\":{\"@type\":\"PropertyValueSpecification\",\"valueRequired\":true,\"valueName\":\"search_term_string\"}}],\"inLanguage\":\"pl-PL\"},{\"@type\":\"Organization\",\"@id\":\"https:\/\/chiptuningmarket.com\/ru\/#organization\",\"name\":\"Chiptuningmarket\",\"alternateName\":\"Chiptuning tools supplier\",\"url\":\"https:\/\/chiptuningmarket.com\/ru\/\",\"logo\":{\"@type\":\"ImageObject\",\"inLanguage\":\"pl-PL\",\"@id\":\"https:\/\/chiptuningmarket.com\/ru\/#\/schema\/logo\/image\/\",\"url\":\"https:\/\/chiptuningmarket.com\/wp-content\/uploads\/2023\/05\/logo-ChipTuningMarket-social.png\",\"contentUrl\":\"https:\/\/chiptuningmarket.com\/wp-content\/uploads\/2023\/05\/logo-ChipTuningMarket-social.png\",\"width\":512,\"height\":512,\"caption\":\"Chiptuningmarket\"},\"image\":{\"@id\":\"https:\/\/chiptuningmarket.com\/ru\/#\/schema\/logo\/image\/\"}}]}<\/script>\n<!-- \/ Yoast SEO plugin. -->","yoast_head_json":{"title":"Przew\u00f3d Bench BootROM do Cummins CM2350A - CM2450A FLX2.80 - Chiptuningmarket","description":"Przew\u00f3d do sterownik\u00f3w Cummins CM2350A - CM2450A\u00a0 (FLX2.80) dzi\u0119ki kt\u00f3remu mo\u017cna wykonywa\u0107 operacje odczytu i zapisu w r\u00f3\u017cnych pojazdach ci\u0119\u017carowych z systemem Flex, dzi\u0119ki bezpiecznym i stabilnym po\u0142\u0105czeniom.","robots":{"index":"index","follow":"follow","max-snippet":"max-snippet:-1","max-image-preview":"max-image-preview:large","max-video-preview":"max-video-preview:-1"},"canonical":"https:\/\/chiptuningmarket.com\/pl\/shop\/akcesoria-chiptuning-pl\/magicmotorsport-flex-pl\/przewody-bench-pl\/przewod-bench-bootrom-do-cummins-cm2350a-cm2450a-flx2-80\/","og_locale":"pl_PL","og_type":"article","og_title":"Przew\u00f3d Bench BootROM do Cummins CM2350A - CM2450A FLX2.80 - Chiptuningmarket","og_description":"Przew\u00f3d do sterownik\u00f3w Cummins CM2350A - CM2450A\u00a0 (FLX2.80) dzi\u0119ki kt\u00f3remu mo\u017cna wykonywa\u0107 operacje odczytu i zapisu w r\u00f3\u017cnych pojazdach ci\u0119\u017carowych z systemem Flex, dzi\u0119ki bezpiecznym i stabilnym po\u0142\u0105czeniom.","og_url":"https:\/\/chiptuningmarket.com\/pl\/shop\/akcesoria-chiptuning-pl\/magicmotorsport-flex-pl\/przewody-bench-pl\/przewod-bench-bootrom-do-cummins-cm2350a-cm2450a-flx2-80\/","og_site_name":"Chiptuningmarket","article_modified_time":"2025-08-27T09:04:06+00:00","og_image":[{"width":1080,"height":1080,"url":"https:\/\/chiptuningmarket.com\/wp-content\/uploads\/2025\/08\/Przewod-Bench-BootROM-do-Cummins-CM2350A-CM2450A-FLX2.80-a.jpg","type":"image\/jpeg"}],"twitter_card":"summary_large_image","twitter_misc":{"Szacowany czas czytania":"1 minuta"},"schema":{"@context":"https:\/\/schema.org","@graph":[{"@type":"WebPage","@id":"https:\/\/chiptuningmarket.com\/pl\/shop\/akcesoria-chiptuning-pl\/magicmotorsport-flex-pl\/przewody-bench-pl\/przewod-bench-bootrom-do-cummins-cm2350a-cm2450a-flx2-80\/","url":"https:\/\/chiptuningmarket.com\/pl\/shop\/akcesoria-chiptuning-pl\/magicmotorsport-flex-pl\/przewody-bench-pl\/przewod-bench-bootrom-do-cummins-cm2350a-cm2450a-flx2-80\/","name":"Przew\u00f3d Bench BootROM do Cummins CM2350A - CM2450A FLX2.80 - Chiptuningmarket","isPartOf":{"@id":"https:\/\/chiptuningmarket.com\/ru\/#website"},"primaryImageOfPage":{"@id":"https:\/\/chiptuningmarket.com\/pl\/shop\/akcesoria-chiptuning-pl\/magicmotorsport-flex-pl\/przewody-bench-pl\/przewod-bench-bootrom-do-cummins-cm2350a-cm2450a-flx2-80\/#primaryimage"},"image":{"@id":"https:\/\/chiptuningmarket.com\/pl\/shop\/akcesoria-chiptuning-pl\/magicmotorsport-flex-pl\/przewody-bench-pl\/przewod-bench-bootrom-do-cummins-cm2350a-cm2450a-flx2-80\/#primaryimage"},"thumbnailUrl":"https:\/\/chiptuningmarket.com\/wp-content\/uploads\/2025\/08\/Przewod-Bench-BootROM-do-Cummins-CM2350A-CM2450A-FLX2.80-a.jpg","datePublished":"2025-08-27T09:03:59+00:00","dateModified":"2025-08-27T09:04:06+00:00","description":"Przew\u00f3d do sterownik\u00f3w Cummins CM2350A - CM2450A\u00a0 (FLX2.80) dzi\u0119ki kt\u00f3remu mo\u017cna wykonywa\u0107 operacje odczytu i zapisu w r\u00f3\u017cnych pojazdach ci\u0119\u017carowych z systemem Flex, dzi\u0119ki bezpiecznym i stabilnym po\u0142\u0105czeniom.","breadcrumb":{"@id":"https:\/\/chiptuningmarket.com\/pl\/shop\/akcesoria-chiptuning-pl\/magicmotorsport-flex-pl\/przewody-bench-pl\/przewod-bench-bootrom-do-cummins-cm2350a-cm2450a-flx2-80\/#breadcrumb"},"inLanguage":"pl-PL","potentialAction":[{"@type":"ReadAction","target":["https:\/\/chiptuningmarket.com\/pl\/shop\/akcesoria-chiptuning-pl\/magicmotorsport-flex-pl\/przewody-bench-pl\/przewod-bench-bootrom-do-cummins-cm2350a-cm2450a-flx2-80\/"]}]},{"@type":"ImageObject","inLanguage":"pl-PL","@id":"https:\/\/chiptuningmarket.com\/pl\/shop\/akcesoria-chiptuning-pl\/magicmotorsport-flex-pl\/przewody-bench-pl\/przewod-bench-bootrom-do-cummins-cm2350a-cm2450a-flx2-80\/#primaryimage","url":"https:\/\/chiptuningmarket.com\/wp-content\/uploads\/2025\/08\/Przewod-Bench-BootROM-do-Cummins-CM2350A-CM2450A-FLX2.80-a.jpg","contentUrl":"https:\/\/chiptuningmarket.com\/wp-content\/uploads\/2025\/08\/Przewod-Bench-BootROM-do-Cummins-CM2350A-CM2450A-FLX2.80-a.jpg","width":1080,"height":1080},{"@type":"BreadcrumbList","@id":"https:\/\/chiptuningmarket.com\/pl\/shop\/akcesoria-chiptuning-pl\/magicmotorsport-flex-pl\/przewody-bench-pl\/przewod-bench-bootrom-do-cummins-cm2350a-cm2450a-flx2-80\/#breadcrumb","itemListElement":[{"@type":"ListItem","position":1,"name":"Home","item":"https:\/\/chiptuningmarket.com\/pl\/"},{"@type":"ListItem","position":2,"name":"Sklep","item":"https:\/\/chiptuningmarket.com\/pl\/shop\/"},{"@type":"ListItem","position":3,"name":"Przew\u00f3d Bench BootROM do Cummins CM2350A &#8211; CM2450A FLX2.80"}]},{"@type":"WebSite","@id":"https:\/\/chiptuningmarket.com\/ru\/#website","url":"https:\/\/chiptuningmarket.com\/ru\/","name":"Chiptuningmarket","description":"Biggest chiptuning shop in Europe","publisher":{"@id":"https:\/\/chiptuningmarket.com\/ru\/#organization"},"alternateName":"Worldwide ecu tools supplier","potentialAction":[{"@type":"SearchAction","target":{"@type":"EntryPoint","urlTemplate":"https:\/\/chiptuningmarket.com\/ru\/?s={search_term_string}"},"query-input":{"@type":"PropertyValueSpecification","valueRequired":true,"valueName":"search_term_string"}}],"inLanguage":"pl-PL"},{"@type":"Organization","@id":"https:\/\/chiptuningmarket.com\/ru\/#organization","name":"Chiptuningmarket","alternateName":"Chiptuning tools supplier","url":"https:\/\/chiptuningmarket.com\/ru\/","logo":{"@type":"ImageObject","inLanguage":"pl-PL","@id":"https:\/\/chiptuningmarket.com\/ru\/#\/schema\/logo\/image\/","url":"https:\/\/chiptuningmarket.com\/wp-content\/uploads\/2023\/05\/logo-ChipTuningMarket-social.png","contentUrl":"https:\/\/chiptuningmarket.com\/wp-content\/uploads\/2023\/05\/logo-ChipTuningMarket-social.png","width":512,"height":512,"caption":"Chiptuningmarket"},"image":{"@id":"https:\/\/chiptuningmarket.com\/ru\/#\/schema\/logo\/image\/"}}]}},"_links":{"self":[{"href":"https:\/\/chiptuningmarket.com\/pl\/wp-json\/wp\/v2\/product\/194551","targetHints":{"allow":["GET"]}}],"collection":[{"href":"https:\/\/chiptuningmarket.com\/pl\/wp-json\/wp\/v2\/product"}],"about":[{"href":"https:\/\/chiptuningmarket.com\/pl\/wp-json\/wp\/v2\/types\/product"}],"wp:featuredmedia":[{"embeddable":true,"href":"https:\/\/chiptuningmarket.com\/pl\/wp-json\/wp\/v2\/media\/194569"}],"wp:attachment":[{"href":"https:\/\/chiptuningmarket.com\/pl\/wp-json\/wp\/v2\/media?parent=194551"}],"wp:term":[{"taxonomy":"product_brand","embeddable":true,"href":"https:\/\/chiptuningmarket.com\/pl\/wp-json\/wp\/v2\/product_brand?post=194551"},{"taxonomy":"product_cat","embeddable":true,"href":"https:\/\/chiptuningmarket.com\/pl\/wp-json\/wp\/v2\/product_cat?post=194551"},{"taxonomy":"product_tag","embeddable":true,"href":"https:\/\/chiptuningmarket.com\/pl\/wp-json\/wp\/v2\/product_tag?post=194551"}],"curies":[{"name":"wp","href":"https:\/\/api.w.org\/{rel}","templated":true}]}}