{"id":194647,"date":"2025-08-27T10:21:25","date_gmt":"2025-08-27T09:21:25","guid":{"rendered":"https:\/\/chiptuningmarket.com\/?post_type=product&#038;p=194647"},"modified":"2025-08-27T10:21:30","modified_gmt":"2025-08-27T09:21:30","slug":"przewod-bench-bootrom-do-cummins-cm2350b-cm2450b-flx2-81","status":"publish","type":"product","link":"https:\/\/chiptuningmarket.com\/pl\/shop\/akcesoria-chiptuning-pl\/magicmotorsport-flex-pl\/przewody-bench-pl\/przewod-bench-bootrom-do-cummins-cm2350b-cm2450b-flx2-81\/","title":{"rendered":"Przew\u00f3d Bench BootROM do Cummins CM2350B &#8211; CM2450B FLX2.81"},"content":{"rendered":"<p><span dir=\"auto\">Przew\u00f3d do sterownik\u00f3w Cummins <\/span><strong data-prosemirror-content-type=\"mark\" data-prosemirror-mark-name=\"strong\"><span dir=\"auto\">CM2350B<\/span><\/strong><span dir=\"auto\">\u00a0i\u00a0<\/span><strong data-prosemirror-content-type=\"mark\" data-prosemirror-mark-name=\"strong\"><span dir=\"auto\">CM2450B<\/span><\/strong><span dir=\"auto\"> (FLX2.81) kt\u00f3rym mo\u017cna wykonywa\u0107 operacje odczytu i zapisu. Mo\u017cna nawet skorzysta\u0107 z <\/span><strong data-prosemirror-content-type=\"mark\" data-prosemirror-mark-name=\"strong\"><span dir=\"auto\">trybu BootROM<\/span><\/strong><span dir=\"auto\">\u00a0,\u00a0<\/span><strong data-prosemirror-content-type=\"mark\" data-prosemirror-mark-name=\"strong\"><span dir=\"auto\">dost\u0119pnego bezp\u0142atnie<\/span><\/strong><span dir=\"auto\">\u00a0w Flex za pomoc\u0105 funkcji \u201eEnable BootROM\u201d.\u00a0<\/span><strong data-prosemirror-content-type=\"mark\" data-prosemirror-mark-name=\"strong\"><span dir=\"auto\">Tryb Cummins BootROM<\/span><\/strong><span dir=\"auto\">\u00a0umo\u017cliwia odzyskiwanie lub programowanie w przypadku awarii oprogramowania uk\u0142adowego, na przyk\u0142ad spowodowanej uszkodzonym, b\u0142\u0119dnym lub niezgodnym plikiem.<br \/>\n<\/span><\/p>\n<p data-prosemirror-content-type=\"node\" data-prosemirror-node-name=\"paragraph\" data-prosemirror-node-block=\"true\"><span dir=\"auto\">Dzi\u0119ki temu trybowi mo\u017cesz przywr\u00f3ci\u0107 jednostk\u0119 steruj\u0105c\u0105 bez konieczno\u015bci normalnego uruchamiania systemu.<\/span><\/p>\n<p data-prosemirror-content-type=\"node\" data-prosemirror-node-name=\"paragraph\" data-prosemirror-node-block=\"true\"><strong data-prosemirror-content-type=\"mark\" data-prosemirror-mark-name=\"strong\"><span dir=\"auto\">Kompatybilne sterowniki i marki:<\/span><\/strong><\/p>\n<ul class=\"ak-ul\" data-prosemirror-content-type=\"node\" data-prosemirror-node-name=\"bulletList\" data-prosemirror-node-block=\"true\">\n<li data-prosemirror-content-type=\"node\" data-prosemirror-node-name=\"listItem\" data-prosemirror-node-block=\"true\">\n<p data-prosemirror-content-type=\"node\" data-prosemirror-node-name=\"paragraph\" data-prosemirror-node-block=\"true\"><span dir=\"auto\">Cummins CM2350B BootROM (Ten przew\u00f3d obs\u0142uguje r\u00f3wnie\u017c sterowniki CM2450B)\u00a0<\/span><\/p>\n<\/li>\n<li data-prosemirror-content-type=\"node\" data-prosemirror-node-name=\"listItem\" data-prosemirror-node-block=\"true\">\n<p data-prosemirror-content-type=\"node\" data-prosemirror-node-name=\"paragraph\" data-prosemirror-node-block=\"true\"><span dir=\"auto\">Unik<\/span><\/p>\n<\/li>\n<\/ul>\n<p><span dir=\"auto\">\u00a0<\/span><\/p>\n","protected":false},"excerpt":{"rendered":"<p><span dir=\"auto\">Przew\u00f3d do sterownik\u00f3w Cummins <\/span><strong data-prosemirror-content-type=\"mark\" data-prosemirror-mark-name=\"strong\"><span dir=\"auto\">CM2350B<\/span><\/strong><span dir=\"auto\">\u00a0i\u00a0<\/span><strong data-prosemirror-content-type=\"mark\" data-prosemirror-mark-name=\"strong\"><span dir=\"auto\">CM2450B<\/span><\/strong><span dir=\"auto\"> (FLX2.81) kt\u00f3rym mo\u017cna wykonywa\u0107 operacje odczytu i zapisu. Mo\u017cna nawet skorzysta\u0107 z <\/span><strong data-prosemirror-content-type=\"mark\" data-prosemirror-mark-name=\"strong\"><span dir=\"auto\">trybu BootROM<\/span><\/strong><span dir=\"auto\">\u00a0,\u00a0<\/span><strong data-prosemirror-content-type=\"mark\" data-prosemirror-mark-name=\"strong\"><span dir=\"auto\">dost\u0119pnego bezp\u0142atnie<\/span><\/strong><span dir=\"auto\">\u00a0w Flex za pomoc\u0105 funkcji \u201eEnable BootROM\u201d.\u00a0<\/span><strong data-prosemirror-content-type=\"mark\" data-prosemirror-mark-name=\"strong\"><span dir=\"auto\">Tryb Cummins BootROM<\/span><\/strong><span dir=\"auto\">\u00a0umo\u017cliwia odzyskiwanie lub programowanie w przypadku awarii oprogramowania uk\u0142adowego, na przyk\u0142ad spowodowanej uszkodzonym, b\u0142\u0119dnym lub niezgodnym plikiem.<\/span><\/p>\n","protected":false},"featured_media":194666,"template":"","meta":{"_monsterinsights_skip_tracking":false,"_monsterinsights_sitenote_active":false,"_monsterinsights_sitenote_note":"","_monsterinsights_sitenote_category":0},"product_brand":[],"product_cat":[5060,5129,5132],"product_tag":[8077,8079,8080,8075,7623,1535,8076,8052,2835,8078],"class_list":{"0":"post-194647","1":"product","2":"type-product","3":"status-publish","4":"has-post-thumbnail","6":"product_cat-akcesoria-chiptuning-pl","7":"product_cat-magicmotorsport-flex-pl","8":"product_cat-przewody-bench-pl","9":"product_tag-bootrom","10":"product_tag-cm2350b","11":"product_tag-cm2450b","12":"product_tag-cummins","13":"product_tag-diagnostyka-samochodowa","14":"product_tag-flex-pl","15":"product_tag-flx2-81","16":"product_tag-magic-motorsport","17":"product_tag-programming-ecu-pl","18":"product_tag-tuning-silnika","20":"first","21":"instock","22":"taxable","23":"shipping-taxable","24":"purchasable","25":"product-type-simple"},"yoast_head":"<!-- This site is optimized with the Yoast SEO plugin v25.2 - https:\/\/yoast.com\/wordpress\/plugins\/seo\/ -->\n<title>Przew\u00f3d Bench BootROM do Cummins CM2350B - CM2450B FLX2.81 - Chiptuningmarket<\/title>\n<meta name=\"description\" content=\"Przew\u00f3d do sterownik\u00f3w Cummins CM2350B\u00a0i\u00a0CM2450B (FLX2.81) kt\u00f3rym mo\u017cna wykonywa\u0107 operacje odczytu i zapisu. Mo\u017cna nawet skorzysta\u0107 z trybu BootROM\u00a0,\u00a0dost\u0119pnego bezp\u0142atnie\u00a0w Flex za pomoc\u0105 funkcji \u201eEnable BootROM\u201d.\u00a0Tryb Cummins BootROM\u00a0umo\u017cliwia odzyskiwanie lub programowanie w przypadku awarii oprogramowania uk\u0142adowego, na przyk\u0142ad spowodowanej uszkodzonym, b\u0142\u0119dnym lub niezgodnym plikiem.\" \/>\n<meta name=\"robots\" content=\"index, follow, max-snippet:-1, max-image-preview:large, max-video-preview:-1\" \/>\n<link rel=\"canonical\" href=\"https:\/\/chiptuningmarket.com\/pl\/shop\/akcesoria-chiptuning-pl\/magicmotorsport-flex-pl\/przewody-bench-pl\/przewod-bench-bootrom-do-cummins-cm2350b-cm2450b-flx2-81\/\" \/>\n<meta property=\"og:locale\" content=\"pl_PL\" \/>\n<meta property=\"og:type\" content=\"article\" \/>\n<meta property=\"og:title\" content=\"Przew\u00f3d Bench BootROM do Cummins CM2350B - CM2450B FLX2.81 - Chiptuningmarket\" \/>\n<meta property=\"og:description\" content=\"Przew\u00f3d do sterownik\u00f3w Cummins CM2350B\u00a0i\u00a0CM2450B (FLX2.81) kt\u00f3rym mo\u017cna wykonywa\u0107 operacje odczytu i zapisu. Mo\u017cna nawet skorzysta\u0107 z trybu BootROM\u00a0,\u00a0dost\u0119pnego bezp\u0142atnie\u00a0w Flex za pomoc\u0105 funkcji \u201eEnable BootROM\u201d.\u00a0Tryb Cummins BootROM\u00a0umo\u017cliwia odzyskiwanie lub programowanie w przypadku awarii oprogramowania uk\u0142adowego, na przyk\u0142ad spowodowanej uszkodzonym, b\u0142\u0119dnym lub niezgodnym plikiem.\" \/>\n<meta property=\"og:url\" content=\"https:\/\/chiptuningmarket.com\/pl\/shop\/akcesoria-chiptuning-pl\/magicmotorsport-flex-pl\/przewody-bench-pl\/przewod-bench-bootrom-do-cummins-cm2350b-cm2450b-flx2-81\/\" \/>\n<meta property=\"og:site_name\" content=\"Chiptuningmarket\" \/>\n<meta property=\"article:modified_time\" content=\"2025-08-27T09:21:30+00:00\" \/>\n<meta property=\"og:image\" content=\"https:\/\/chiptuningmarket.com\/wp-content\/uploads\/2025\/08\/Przewod-Bench-BootROM-do-Cummins-CM2350B-CM2450B-FLX2.81.jpg\" \/>\n\t<meta property=\"og:image:width\" content=\"1080\" \/>\n\t<meta property=\"og:image:height\" content=\"1080\" \/>\n\t<meta property=\"og:image:type\" content=\"image\/jpeg\" \/>\n<meta name=\"twitter:card\" content=\"summary_large_image\" \/>\n<meta name=\"twitter:label1\" content=\"Szacowany czas czytania\" \/>\n\t<meta name=\"twitter:data1\" content=\"1 minuta\" \/>\n<script type=\"application\/ld+json\" class=\"yoast-schema-graph\">{\"@context\":\"https:\/\/schema.org\",\"@graph\":[{\"@type\":\"WebPage\",\"@id\":\"https:\/\/chiptuningmarket.com\/pl\/shop\/akcesoria-chiptuning-pl\/magicmotorsport-flex-pl\/przewody-bench-pl\/przewod-bench-bootrom-do-cummins-cm2350b-cm2450b-flx2-81\/\",\"url\":\"https:\/\/chiptuningmarket.com\/pl\/shop\/akcesoria-chiptuning-pl\/magicmotorsport-flex-pl\/przewody-bench-pl\/przewod-bench-bootrom-do-cummins-cm2350b-cm2450b-flx2-81\/\",\"name\":\"Przew\u00f3d Bench BootROM do Cummins CM2350B - CM2450B FLX2.81 - Chiptuningmarket\",\"isPartOf\":{\"@id\":\"https:\/\/chiptuningmarket.com\/ru\/#website\"},\"primaryImageOfPage\":{\"@id\":\"https:\/\/chiptuningmarket.com\/pl\/shop\/akcesoria-chiptuning-pl\/magicmotorsport-flex-pl\/przewody-bench-pl\/przewod-bench-bootrom-do-cummins-cm2350b-cm2450b-flx2-81\/#primaryimage\"},\"image\":{\"@id\":\"https:\/\/chiptuningmarket.com\/pl\/shop\/akcesoria-chiptuning-pl\/magicmotorsport-flex-pl\/przewody-bench-pl\/przewod-bench-bootrom-do-cummins-cm2350b-cm2450b-flx2-81\/#primaryimage\"},\"thumbnailUrl\":\"https:\/\/chiptuningmarket.com\/wp-content\/uploads\/2025\/08\/Przewod-Bench-BootROM-do-Cummins-CM2350B-CM2450B-FLX2.81.jpg\",\"datePublished\":\"2025-08-27T09:21:25+00:00\",\"dateModified\":\"2025-08-27T09:21:30+00:00\",\"description\":\"Przew\u00f3d do sterownik\u00f3w Cummins CM2350B\u00a0i\u00a0CM2450B (FLX2.81) kt\u00f3rym mo\u017cna wykonywa\u0107 operacje odczytu i zapisu. Mo\u017cna nawet skorzysta\u0107 z trybu BootROM\u00a0,\u00a0dost\u0119pnego bezp\u0142atnie\u00a0w Flex za pomoc\u0105 funkcji \u201eEnable BootROM\u201d.\u00a0Tryb Cummins BootROM\u00a0umo\u017cliwia odzyskiwanie lub programowanie w przypadku awarii oprogramowania uk\u0142adowego, na przyk\u0142ad spowodowanej uszkodzonym, b\u0142\u0119dnym lub niezgodnym plikiem.\",\"breadcrumb\":{\"@id\":\"https:\/\/chiptuningmarket.com\/pl\/shop\/akcesoria-chiptuning-pl\/magicmotorsport-flex-pl\/przewody-bench-pl\/przewod-bench-bootrom-do-cummins-cm2350b-cm2450b-flx2-81\/#breadcrumb\"},\"inLanguage\":\"pl-PL\",\"potentialAction\":[{\"@type\":\"ReadAction\",\"target\":[\"https:\/\/chiptuningmarket.com\/pl\/shop\/akcesoria-chiptuning-pl\/magicmotorsport-flex-pl\/przewody-bench-pl\/przewod-bench-bootrom-do-cummins-cm2350b-cm2450b-flx2-81\/\"]}]},{\"@type\":\"ImageObject\",\"inLanguage\":\"pl-PL\",\"@id\":\"https:\/\/chiptuningmarket.com\/pl\/shop\/akcesoria-chiptuning-pl\/magicmotorsport-flex-pl\/przewody-bench-pl\/przewod-bench-bootrom-do-cummins-cm2350b-cm2450b-flx2-81\/#primaryimage\",\"url\":\"https:\/\/chiptuningmarket.com\/wp-content\/uploads\/2025\/08\/Przewod-Bench-BootROM-do-Cummins-CM2350B-CM2450B-FLX2.81.jpg\",\"contentUrl\":\"https:\/\/chiptuningmarket.com\/wp-content\/uploads\/2025\/08\/Przewod-Bench-BootROM-do-Cummins-CM2350B-CM2450B-FLX2.81.jpg\",\"width\":1080,\"height\":1080},{\"@type\":\"BreadcrumbList\",\"@id\":\"https:\/\/chiptuningmarket.com\/pl\/shop\/akcesoria-chiptuning-pl\/magicmotorsport-flex-pl\/przewody-bench-pl\/przewod-bench-bootrom-do-cummins-cm2350b-cm2450b-flx2-81\/#breadcrumb\",\"itemListElement\":[{\"@type\":\"ListItem\",\"position\":1,\"name\":\"Home\",\"item\":\"https:\/\/chiptuningmarket.com\/pl\/\"},{\"@type\":\"ListItem\",\"position\":2,\"name\":\"Sklep\",\"item\":\"https:\/\/chiptuningmarket.com\/pl\/shop\/\"},{\"@type\":\"ListItem\",\"position\":3,\"name\":\"Przew\u00f3d Bench BootROM do Cummins CM2350B &#8211; CM2450B FLX2.81\"}]},{\"@type\":\"WebSite\",\"@id\":\"https:\/\/chiptuningmarket.com\/ru\/#website\",\"url\":\"https:\/\/chiptuningmarket.com\/ru\/\",\"name\":\"Chiptuningmarket\",\"description\":\"Biggest chiptuning shop in Europe\",\"publisher\":{\"@id\":\"https:\/\/chiptuningmarket.com\/ru\/#organization\"},\"alternateName\":\"Worldwide ecu tools supplier\",\"potentialAction\":[{\"@type\":\"SearchAction\",\"target\":{\"@type\":\"EntryPoint\",\"urlTemplate\":\"https:\/\/chiptuningmarket.com\/ru\/?s={search_term_string}\"},\"query-input\":{\"@type\":\"PropertyValueSpecification\",\"valueRequired\":true,\"valueName\":\"search_term_string\"}}],\"inLanguage\":\"pl-PL\"},{\"@type\":\"Organization\",\"@id\":\"https:\/\/chiptuningmarket.com\/ru\/#organization\",\"name\":\"Chiptuningmarket\",\"alternateName\":\"Chiptuning tools supplier\",\"url\":\"https:\/\/chiptuningmarket.com\/ru\/\",\"logo\":{\"@type\":\"ImageObject\",\"inLanguage\":\"pl-PL\",\"@id\":\"https:\/\/chiptuningmarket.com\/ru\/#\/schema\/logo\/image\/\",\"url\":\"https:\/\/chiptuningmarket.com\/wp-content\/uploads\/2023\/05\/logo-ChipTuningMarket-social.png\",\"contentUrl\":\"https:\/\/chiptuningmarket.com\/wp-content\/uploads\/2023\/05\/logo-ChipTuningMarket-social.png\",\"width\":512,\"height\":512,\"caption\":\"Chiptuningmarket\"},\"image\":{\"@id\":\"https:\/\/chiptuningmarket.com\/ru\/#\/schema\/logo\/image\/\"}}]}<\/script>\n<!-- \/ Yoast SEO plugin. -->","yoast_head_json":{"title":"Przew\u00f3d Bench BootROM do Cummins CM2350B - CM2450B FLX2.81 - Chiptuningmarket","description":"Przew\u00f3d do sterownik\u00f3w Cummins CM2350B\u00a0i\u00a0CM2450B (FLX2.81) kt\u00f3rym mo\u017cna wykonywa\u0107 operacje odczytu i zapisu. Mo\u017cna nawet skorzysta\u0107 z trybu BootROM\u00a0,\u00a0dost\u0119pnego bezp\u0142atnie\u00a0w Flex za pomoc\u0105 funkcji \u201eEnable BootROM\u201d.\u00a0Tryb Cummins BootROM\u00a0umo\u017cliwia odzyskiwanie lub programowanie w przypadku awarii oprogramowania uk\u0142adowego, na przyk\u0142ad spowodowanej uszkodzonym, b\u0142\u0119dnym lub niezgodnym plikiem.","robots":{"index":"index","follow":"follow","max-snippet":"max-snippet:-1","max-image-preview":"max-image-preview:large","max-video-preview":"max-video-preview:-1"},"canonical":"https:\/\/chiptuningmarket.com\/pl\/shop\/akcesoria-chiptuning-pl\/magicmotorsport-flex-pl\/przewody-bench-pl\/przewod-bench-bootrom-do-cummins-cm2350b-cm2450b-flx2-81\/","og_locale":"pl_PL","og_type":"article","og_title":"Przew\u00f3d Bench BootROM do Cummins CM2350B - CM2450B FLX2.81 - Chiptuningmarket","og_description":"Przew\u00f3d do sterownik\u00f3w Cummins CM2350B\u00a0i\u00a0CM2450B (FLX2.81) kt\u00f3rym mo\u017cna wykonywa\u0107 operacje odczytu i zapisu. Mo\u017cna nawet skorzysta\u0107 z trybu BootROM\u00a0,\u00a0dost\u0119pnego bezp\u0142atnie\u00a0w Flex za pomoc\u0105 funkcji \u201eEnable BootROM\u201d.\u00a0Tryb Cummins BootROM\u00a0umo\u017cliwia odzyskiwanie lub programowanie w przypadku awarii oprogramowania uk\u0142adowego, na przyk\u0142ad spowodowanej uszkodzonym, b\u0142\u0119dnym lub niezgodnym plikiem.","og_url":"https:\/\/chiptuningmarket.com\/pl\/shop\/akcesoria-chiptuning-pl\/magicmotorsport-flex-pl\/przewody-bench-pl\/przewod-bench-bootrom-do-cummins-cm2350b-cm2450b-flx2-81\/","og_site_name":"Chiptuningmarket","article_modified_time":"2025-08-27T09:21:30+00:00","og_image":[{"width":1080,"height":1080,"url":"https:\/\/chiptuningmarket.com\/wp-content\/uploads\/2025\/08\/Przewod-Bench-BootROM-do-Cummins-CM2350B-CM2450B-FLX2.81.jpg","type":"image\/jpeg"}],"twitter_card":"summary_large_image","twitter_misc":{"Szacowany czas czytania":"1 minuta"},"schema":{"@context":"https:\/\/schema.org","@graph":[{"@type":"WebPage","@id":"https:\/\/chiptuningmarket.com\/pl\/shop\/akcesoria-chiptuning-pl\/magicmotorsport-flex-pl\/przewody-bench-pl\/przewod-bench-bootrom-do-cummins-cm2350b-cm2450b-flx2-81\/","url":"https:\/\/chiptuningmarket.com\/pl\/shop\/akcesoria-chiptuning-pl\/magicmotorsport-flex-pl\/przewody-bench-pl\/przewod-bench-bootrom-do-cummins-cm2350b-cm2450b-flx2-81\/","name":"Przew\u00f3d Bench BootROM do Cummins CM2350B - CM2450B FLX2.81 - Chiptuningmarket","isPartOf":{"@id":"https:\/\/chiptuningmarket.com\/ru\/#website"},"primaryImageOfPage":{"@id":"https:\/\/chiptuningmarket.com\/pl\/shop\/akcesoria-chiptuning-pl\/magicmotorsport-flex-pl\/przewody-bench-pl\/przewod-bench-bootrom-do-cummins-cm2350b-cm2450b-flx2-81\/#primaryimage"},"image":{"@id":"https:\/\/chiptuningmarket.com\/pl\/shop\/akcesoria-chiptuning-pl\/magicmotorsport-flex-pl\/przewody-bench-pl\/przewod-bench-bootrom-do-cummins-cm2350b-cm2450b-flx2-81\/#primaryimage"},"thumbnailUrl":"https:\/\/chiptuningmarket.com\/wp-content\/uploads\/2025\/08\/Przewod-Bench-BootROM-do-Cummins-CM2350B-CM2450B-FLX2.81.jpg","datePublished":"2025-08-27T09:21:25+00:00","dateModified":"2025-08-27T09:21:30+00:00","description":"Przew\u00f3d do sterownik\u00f3w Cummins CM2350B\u00a0i\u00a0CM2450B (FLX2.81) kt\u00f3rym mo\u017cna wykonywa\u0107 operacje odczytu i zapisu. Mo\u017cna nawet skorzysta\u0107 z trybu BootROM\u00a0,\u00a0dost\u0119pnego bezp\u0142atnie\u00a0w Flex za pomoc\u0105 funkcji \u201eEnable BootROM\u201d.\u00a0Tryb Cummins BootROM\u00a0umo\u017cliwia odzyskiwanie lub programowanie w przypadku awarii oprogramowania uk\u0142adowego, na przyk\u0142ad spowodowanej uszkodzonym, b\u0142\u0119dnym lub niezgodnym plikiem.","breadcrumb":{"@id":"https:\/\/chiptuningmarket.com\/pl\/shop\/akcesoria-chiptuning-pl\/magicmotorsport-flex-pl\/przewody-bench-pl\/przewod-bench-bootrom-do-cummins-cm2350b-cm2450b-flx2-81\/#breadcrumb"},"inLanguage":"pl-PL","potentialAction":[{"@type":"ReadAction","target":["https:\/\/chiptuningmarket.com\/pl\/shop\/akcesoria-chiptuning-pl\/magicmotorsport-flex-pl\/przewody-bench-pl\/przewod-bench-bootrom-do-cummins-cm2350b-cm2450b-flx2-81\/"]}]},{"@type":"ImageObject","inLanguage":"pl-PL","@id":"https:\/\/chiptuningmarket.com\/pl\/shop\/akcesoria-chiptuning-pl\/magicmotorsport-flex-pl\/przewody-bench-pl\/przewod-bench-bootrom-do-cummins-cm2350b-cm2450b-flx2-81\/#primaryimage","url":"https:\/\/chiptuningmarket.com\/wp-content\/uploads\/2025\/08\/Przewod-Bench-BootROM-do-Cummins-CM2350B-CM2450B-FLX2.81.jpg","contentUrl":"https:\/\/chiptuningmarket.com\/wp-content\/uploads\/2025\/08\/Przewod-Bench-BootROM-do-Cummins-CM2350B-CM2450B-FLX2.81.jpg","width":1080,"height":1080},{"@type":"BreadcrumbList","@id":"https:\/\/chiptuningmarket.com\/pl\/shop\/akcesoria-chiptuning-pl\/magicmotorsport-flex-pl\/przewody-bench-pl\/przewod-bench-bootrom-do-cummins-cm2350b-cm2450b-flx2-81\/#breadcrumb","itemListElement":[{"@type":"ListItem","position":1,"name":"Home","item":"https:\/\/chiptuningmarket.com\/pl\/"},{"@type":"ListItem","position":2,"name":"Sklep","item":"https:\/\/chiptuningmarket.com\/pl\/shop\/"},{"@type":"ListItem","position":3,"name":"Przew\u00f3d Bench BootROM do Cummins CM2350B &#8211; CM2450B FLX2.81"}]},{"@type":"WebSite","@id":"https:\/\/chiptuningmarket.com\/ru\/#website","url":"https:\/\/chiptuningmarket.com\/ru\/","name":"Chiptuningmarket","description":"Biggest chiptuning shop in Europe","publisher":{"@id":"https:\/\/chiptuningmarket.com\/ru\/#organization"},"alternateName":"Worldwide ecu tools supplier","potentialAction":[{"@type":"SearchAction","target":{"@type":"EntryPoint","urlTemplate":"https:\/\/chiptuningmarket.com\/ru\/?s={search_term_string}"},"query-input":{"@type":"PropertyValueSpecification","valueRequired":true,"valueName":"search_term_string"}}],"inLanguage":"pl-PL"},{"@type":"Organization","@id":"https:\/\/chiptuningmarket.com\/ru\/#organization","name":"Chiptuningmarket","alternateName":"Chiptuning tools supplier","url":"https:\/\/chiptuningmarket.com\/ru\/","logo":{"@type":"ImageObject","inLanguage":"pl-PL","@id":"https:\/\/chiptuningmarket.com\/ru\/#\/schema\/logo\/image\/","url":"https:\/\/chiptuningmarket.com\/wp-content\/uploads\/2023\/05\/logo-ChipTuningMarket-social.png","contentUrl":"https:\/\/chiptuningmarket.com\/wp-content\/uploads\/2023\/05\/logo-ChipTuningMarket-social.png","width":512,"height":512,"caption":"Chiptuningmarket"},"image":{"@id":"https:\/\/chiptuningmarket.com\/ru\/#\/schema\/logo\/image\/"}}]}},"_links":{"self":[{"href":"https:\/\/chiptuningmarket.com\/pl\/wp-json\/wp\/v2\/product\/194647","targetHints":{"allow":["GET"]}}],"collection":[{"href":"https:\/\/chiptuningmarket.com\/pl\/wp-json\/wp\/v2\/product"}],"about":[{"href":"https:\/\/chiptuningmarket.com\/pl\/wp-json\/wp\/v2\/types\/product"}],"wp:featuredmedia":[{"embeddable":true,"href":"https:\/\/chiptuningmarket.com\/pl\/wp-json\/wp\/v2\/media\/194666"}],"wp:attachment":[{"href":"https:\/\/chiptuningmarket.com\/pl\/wp-json\/wp\/v2\/media?parent=194647"}],"wp:term":[{"taxonomy":"product_brand","embeddable":true,"href":"https:\/\/chiptuningmarket.com\/pl\/wp-json\/wp\/v2\/product_brand?post=194647"},{"taxonomy":"product_cat","embeddable":true,"href":"https:\/\/chiptuningmarket.com\/pl\/wp-json\/wp\/v2\/product_cat?post=194647"},{"taxonomy":"product_tag","embeddable":true,"href":"https:\/\/chiptuningmarket.com\/pl\/wp-json\/wp\/v2\/product_tag?post=194647"}],"curies":[{"name":"wp","href":"https:\/\/api.w.org\/{rel}","templated":true}]}}