{"id":199004,"date":"2025-09-02T09:28:38","date_gmt":"2025-09-02T08:28:38","guid":{"rendered":"https:\/\/chiptuningmarket.com\/?post_type=product&#038;p=199004"},"modified":"2025-09-02T09:28:44","modified_gmt":"2025-09-02T08:28:44","slug":"przewod-autovei-dc2u-edc7ptmffr-d215132006","status":"publish","type":"product","link":"https:\/\/chiptuningmarket.com\/pl\/shop\/akcesoria-chiptuning-pl\/przewody-autovei-pl\/przewod-autovei-dc2u-edc7ptmffr-d215132006\/","title":{"rendered":"Przew\u00f3d AutoVEI DC2U-EDC7+PTM+FFR D215132006"},"content":{"rendered":"<p>Przew\u00f3d <strong data-start=\"311\" data-end=\"340\">AutoVEI DC2U-EDC7+PTM+FFR<\/strong> to specjalistyczne rozwi\u0105zanie przeznaczone do bezpo\u015bredniego pod\u0142\u0105czania sterownik\u00f3w <strong data-start=\"427\" data-end=\"449\">EDC7, PTM oraz FFR<\/strong> w pojazdach ci\u0119\u017carowych marki <strong data-start=\"480\" data-end=\"487\">MAN<\/strong>. Dzi\u0119ki niemu mo\u017cesz pracowa\u0107 w trybie <strong data-start=\"527\" data-end=\"550\">Direct Connect (DC)<\/strong><\/p>\n","protected":false},"excerpt":{"rendered":"<p>Przew\u00f3d <strong data-start=\"311\" data-end=\"340\">AutoVEI DC2U-EDC7+PTM+FFR<\/strong> to specjalistyczne rozwi\u0105zanie przeznaczone do bezpo\u015bredniego pod\u0142\u0105czania sterownik\u00f3w <strong data-start=\"427\" data-end=\"449\">EDC7, PTM oraz FFR<\/strong> w pojazdach ci\u0119\u017carowych marki <strong data-start=\"480\" data-end=\"487\">MAN<\/strong>. Dzi\u0119ki niemu mo\u017cesz pracowa\u0107 w trybie <strong data-start=\"527\" data-end=\"550\">Direct Connect (DC)<\/strong><\/p>\n","protected":false},"featured_media":199021,"template":"","meta":{"_monsterinsights_skip_tracking":false,"_monsterinsights_sitenote_active":false,"_monsterinsights_sitenote_note":"","_monsterinsights_sitenote_category":0},"product_brand":[],"product_cat":[5060,5085],"product_tag":[8082,8083,8086,6409,8081,8085,8087,8084],"class_list":{"0":"post-199004","1":"product","2":"type-product","3":"status-publish","4":"has-post-thumbnail","6":"product_cat-akcesoria-chiptuning-pl","7":"product_cat-przewody-autovei-pl","8":"product_tag-autovei-dc2u","9":"product_tag-dc2u-edc7ptmffr","10":"product_tag-diagnostyka-man","11":"product_tag-przewod-autovei","12":"product_tag-przewod-diagnostyczny-man","13":"product_tag-przewod-do-edc7-ptm-ffr","14":"product_tag-przewod-ecu-man","15":"product_tag-przewod-truck-explorer","17":"first","18":"instock","19":"taxable","20":"shipping-taxable","21":"purchasable","22":"product-type-simple"},"yoast_head":"<!-- This site is optimized with the Yoast SEO plugin v25.2 - https:\/\/yoast.com\/wordpress\/plugins\/seo\/ -->\n<title>Przew\u00f3d AutoVEI DC2U-EDC7+PTM+FFR D215132006 - Chiptuningmarket<\/title>\n<meta name=\"description\" content=\"Przew\u00f3d AutoVEI DC2U-EDC7+PTM+FFR to specjalistyczne rozwi\u0105zanie przeznaczone do bezpo\u015bredniego pod\u0142\u0105czania sterownik\u00f3w EDC7, PTM oraz FFR w pojazdach ci\u0119\u017carowych marki MAN. Dzi\u0119ki niemu mo\u017cesz pracowa\u0107 w trybie Direct Connect (DC)\" \/>\n<meta name=\"robots\" content=\"index, follow, max-snippet:-1, max-image-preview:large, max-video-preview:-1\" \/>\n<link rel=\"canonical\" href=\"https:\/\/chiptuningmarket.com\/pl\/shop\/akcesoria-chiptuning-pl\/przewody-autovei-pl\/przewod-autovei-dc2u-edc7ptmffr-d215132006\/\" \/>\n<meta property=\"og:locale\" content=\"pl_PL\" \/>\n<meta property=\"og:type\" content=\"article\" \/>\n<meta property=\"og:title\" content=\"Przew\u00f3d AutoVEI DC2U-EDC7+PTM+FFR D215132006 - Chiptuningmarket\" \/>\n<meta property=\"og:description\" content=\"Przew\u00f3d AutoVEI DC2U-EDC7+PTM+FFR to specjalistyczne rozwi\u0105zanie przeznaczone do bezpo\u015bredniego pod\u0142\u0105czania sterownik\u00f3w EDC7, PTM oraz FFR w pojazdach ci\u0119\u017carowych marki MAN. Dzi\u0119ki niemu mo\u017cesz pracowa\u0107 w trybie Direct Connect (DC)\" \/>\n<meta property=\"og:url\" content=\"https:\/\/chiptuningmarket.com\/pl\/shop\/akcesoria-chiptuning-pl\/przewody-autovei-pl\/przewod-autovei-dc2u-edc7ptmffr-d215132006\/\" \/>\n<meta property=\"og:site_name\" content=\"Chiptuningmarket\" \/>\n<meta property=\"article:modified_time\" content=\"2025-09-02T08:28:44+00:00\" \/>\n<meta property=\"og:image\" content=\"https:\/\/chiptuningmarket.com\/wp-content\/uploads\/2025\/09\/Przewod-AutoVEI-DC2U-EDC7PTMFFR-D215132006.jpg\" \/>\n\t<meta property=\"og:image:width\" content=\"800\" \/>\n\t<meta property=\"og:image:height\" content=\"600\" \/>\n\t<meta property=\"og:image:type\" content=\"image\/jpeg\" \/>\n<meta name=\"twitter:card\" content=\"summary_large_image\" \/>\n<meta name=\"twitter:label1\" content=\"Szacowany czas czytania\" \/>\n\t<meta name=\"twitter:data1\" content=\"1 minuta\" \/>\n<script type=\"application\/ld+json\" class=\"yoast-schema-graph\">{\"@context\":\"https:\/\/schema.org\",\"@graph\":[{\"@type\":\"WebPage\",\"@id\":\"https:\/\/chiptuningmarket.com\/pl\/shop\/akcesoria-chiptuning-pl\/przewody-autovei-pl\/przewod-autovei-dc2u-edc7ptmffr-d215132006\/\",\"url\":\"https:\/\/chiptuningmarket.com\/pl\/shop\/akcesoria-chiptuning-pl\/przewody-autovei-pl\/przewod-autovei-dc2u-edc7ptmffr-d215132006\/\",\"name\":\"Przew\u00f3d AutoVEI DC2U-EDC7+PTM+FFR D215132006 - Chiptuningmarket\",\"isPartOf\":{\"@id\":\"https:\/\/chiptuningmarket.com\/pl\/#website\"},\"primaryImageOfPage\":{\"@id\":\"https:\/\/chiptuningmarket.com\/pl\/shop\/akcesoria-chiptuning-pl\/przewody-autovei-pl\/przewod-autovei-dc2u-edc7ptmffr-d215132006\/#primaryimage\"},\"image\":{\"@id\":\"https:\/\/chiptuningmarket.com\/pl\/shop\/akcesoria-chiptuning-pl\/przewody-autovei-pl\/przewod-autovei-dc2u-edc7ptmffr-d215132006\/#primaryimage\"},\"thumbnailUrl\":\"https:\/\/chiptuningmarket.com\/wp-content\/uploads\/2025\/09\/Przewod-AutoVEI-DC2U-EDC7PTMFFR-D215132006.jpg\",\"datePublished\":\"2025-09-02T08:28:38+00:00\",\"dateModified\":\"2025-09-02T08:28:44+00:00\",\"description\":\"Przew\u00f3d AutoVEI DC2U-EDC7+PTM+FFR to specjalistyczne rozwi\u0105zanie przeznaczone do bezpo\u015bredniego pod\u0142\u0105czania sterownik\u00f3w EDC7, PTM oraz FFR w pojazdach ci\u0119\u017carowych marki MAN. Dzi\u0119ki niemu mo\u017cesz pracowa\u0107 w trybie Direct Connect (DC)\",\"breadcrumb\":{\"@id\":\"https:\/\/chiptuningmarket.com\/pl\/shop\/akcesoria-chiptuning-pl\/przewody-autovei-pl\/przewod-autovei-dc2u-edc7ptmffr-d215132006\/#breadcrumb\"},\"inLanguage\":\"pl-PL\",\"potentialAction\":[{\"@type\":\"ReadAction\",\"target\":[\"https:\/\/chiptuningmarket.com\/pl\/shop\/akcesoria-chiptuning-pl\/przewody-autovei-pl\/przewod-autovei-dc2u-edc7ptmffr-d215132006\/\"]}]},{\"@type\":\"ImageObject\",\"inLanguage\":\"pl-PL\",\"@id\":\"https:\/\/chiptuningmarket.com\/pl\/shop\/akcesoria-chiptuning-pl\/przewody-autovei-pl\/przewod-autovei-dc2u-edc7ptmffr-d215132006\/#primaryimage\",\"url\":\"https:\/\/chiptuningmarket.com\/wp-content\/uploads\/2025\/09\/Przewod-AutoVEI-DC2U-EDC7PTMFFR-D215132006.jpg\",\"contentUrl\":\"https:\/\/chiptuningmarket.com\/wp-content\/uploads\/2025\/09\/Przewod-AutoVEI-DC2U-EDC7PTMFFR-D215132006.jpg\",\"width\":800,\"height\":600},{\"@type\":\"BreadcrumbList\",\"@id\":\"https:\/\/chiptuningmarket.com\/pl\/shop\/akcesoria-chiptuning-pl\/przewody-autovei-pl\/przewod-autovei-dc2u-edc7ptmffr-d215132006\/#breadcrumb\",\"itemListElement\":[{\"@type\":\"ListItem\",\"position\":1,\"name\":\"Home\",\"item\":\"https:\/\/chiptuningmarket.com\/pl\/\"},{\"@type\":\"ListItem\",\"position\":2,\"name\":\"Sklep\",\"item\":\"https:\/\/chiptuningmarket.com\/pl\/shop\/\"},{\"@type\":\"ListItem\",\"position\":3,\"name\":\"Przew\u00f3d AutoVEI DC2U-EDC7+PTM+FFR D215132006\"}]},{\"@type\":\"WebSite\",\"@id\":\"https:\/\/chiptuningmarket.com\/pl\/#website\",\"url\":\"https:\/\/chiptuningmarket.com\/pl\/\",\"name\":\"Chiptuningmarket\",\"description\":\"Biggest chiptuning shop in Europe\",\"publisher\":{\"@id\":\"https:\/\/chiptuningmarket.com\/pl\/#organization\"},\"alternateName\":\"Worldwide ecu tools supplier\",\"potentialAction\":[{\"@type\":\"SearchAction\",\"target\":{\"@type\":\"EntryPoint\",\"urlTemplate\":\"https:\/\/chiptuningmarket.com\/pl\/?s={search_term_string}\"},\"query-input\":{\"@type\":\"PropertyValueSpecification\",\"valueRequired\":true,\"valueName\":\"search_term_string\"}}],\"inLanguage\":\"pl-PL\"},{\"@type\":\"Organization\",\"@id\":\"https:\/\/chiptuningmarket.com\/pl\/#organization\",\"name\":\"Chiptuningmarket\",\"alternateName\":\"Chiptuning tools supplier\",\"url\":\"https:\/\/chiptuningmarket.com\/pl\/\",\"logo\":{\"@type\":\"ImageObject\",\"inLanguage\":\"pl-PL\",\"@id\":\"https:\/\/chiptuningmarket.com\/pl\/#\/schema\/logo\/image\/\",\"url\":\"https:\/\/chiptuningmarket.com\/wp-content\/uploads\/2023\/05\/logo-ChipTuningMarket-social.png\",\"contentUrl\":\"https:\/\/chiptuningmarket.com\/wp-content\/uploads\/2023\/05\/logo-ChipTuningMarket-social.png\",\"width\":512,\"height\":512,\"caption\":\"Chiptuningmarket\"},\"image\":{\"@id\":\"https:\/\/chiptuningmarket.com\/pl\/#\/schema\/logo\/image\/\"}}]}<\/script>\n<!-- \/ Yoast SEO plugin. -->","yoast_head_json":{"title":"Przew\u00f3d AutoVEI DC2U-EDC7+PTM+FFR D215132006 - Chiptuningmarket","description":"Przew\u00f3d AutoVEI DC2U-EDC7+PTM+FFR to specjalistyczne rozwi\u0105zanie przeznaczone do bezpo\u015bredniego pod\u0142\u0105czania sterownik\u00f3w EDC7, PTM oraz FFR w pojazdach ci\u0119\u017carowych marki MAN. Dzi\u0119ki niemu mo\u017cesz pracowa\u0107 w trybie Direct Connect (DC)","robots":{"index":"index","follow":"follow","max-snippet":"max-snippet:-1","max-image-preview":"max-image-preview:large","max-video-preview":"max-video-preview:-1"},"canonical":"https:\/\/chiptuningmarket.com\/pl\/shop\/akcesoria-chiptuning-pl\/przewody-autovei-pl\/przewod-autovei-dc2u-edc7ptmffr-d215132006\/","og_locale":"pl_PL","og_type":"article","og_title":"Przew\u00f3d AutoVEI DC2U-EDC7+PTM+FFR D215132006 - Chiptuningmarket","og_description":"Przew\u00f3d AutoVEI DC2U-EDC7+PTM+FFR to specjalistyczne rozwi\u0105zanie przeznaczone do bezpo\u015bredniego pod\u0142\u0105czania sterownik\u00f3w EDC7, PTM oraz FFR w pojazdach ci\u0119\u017carowych marki MAN. Dzi\u0119ki niemu mo\u017cesz pracowa\u0107 w trybie Direct Connect (DC)","og_url":"https:\/\/chiptuningmarket.com\/pl\/shop\/akcesoria-chiptuning-pl\/przewody-autovei-pl\/przewod-autovei-dc2u-edc7ptmffr-d215132006\/","og_site_name":"Chiptuningmarket","article_modified_time":"2025-09-02T08:28:44+00:00","og_image":[{"width":800,"height":600,"url":"https:\/\/chiptuningmarket.com\/wp-content\/uploads\/2025\/09\/Przewod-AutoVEI-DC2U-EDC7PTMFFR-D215132006.jpg","type":"image\/jpeg"}],"twitter_card":"summary_large_image","twitter_misc":{"Szacowany czas czytania":"1 minuta"},"schema":{"@context":"https:\/\/schema.org","@graph":[{"@type":"WebPage","@id":"https:\/\/chiptuningmarket.com\/pl\/shop\/akcesoria-chiptuning-pl\/przewody-autovei-pl\/przewod-autovei-dc2u-edc7ptmffr-d215132006\/","url":"https:\/\/chiptuningmarket.com\/pl\/shop\/akcesoria-chiptuning-pl\/przewody-autovei-pl\/przewod-autovei-dc2u-edc7ptmffr-d215132006\/","name":"Przew\u00f3d AutoVEI DC2U-EDC7+PTM+FFR D215132006 - Chiptuningmarket","isPartOf":{"@id":"https:\/\/chiptuningmarket.com\/pl\/#website"},"primaryImageOfPage":{"@id":"https:\/\/chiptuningmarket.com\/pl\/shop\/akcesoria-chiptuning-pl\/przewody-autovei-pl\/przewod-autovei-dc2u-edc7ptmffr-d215132006\/#primaryimage"},"image":{"@id":"https:\/\/chiptuningmarket.com\/pl\/shop\/akcesoria-chiptuning-pl\/przewody-autovei-pl\/przewod-autovei-dc2u-edc7ptmffr-d215132006\/#primaryimage"},"thumbnailUrl":"https:\/\/chiptuningmarket.com\/wp-content\/uploads\/2025\/09\/Przewod-AutoVEI-DC2U-EDC7PTMFFR-D215132006.jpg","datePublished":"2025-09-02T08:28:38+00:00","dateModified":"2025-09-02T08:28:44+00:00","description":"Przew\u00f3d AutoVEI DC2U-EDC7+PTM+FFR to specjalistyczne rozwi\u0105zanie przeznaczone do bezpo\u015bredniego pod\u0142\u0105czania sterownik\u00f3w EDC7, PTM oraz FFR w pojazdach ci\u0119\u017carowych marki MAN. Dzi\u0119ki niemu mo\u017cesz pracowa\u0107 w trybie Direct Connect (DC)","breadcrumb":{"@id":"https:\/\/chiptuningmarket.com\/pl\/shop\/akcesoria-chiptuning-pl\/przewody-autovei-pl\/przewod-autovei-dc2u-edc7ptmffr-d215132006\/#breadcrumb"},"inLanguage":"pl-PL","potentialAction":[{"@type":"ReadAction","target":["https:\/\/chiptuningmarket.com\/pl\/shop\/akcesoria-chiptuning-pl\/przewody-autovei-pl\/przewod-autovei-dc2u-edc7ptmffr-d215132006\/"]}]},{"@type":"ImageObject","inLanguage":"pl-PL","@id":"https:\/\/chiptuningmarket.com\/pl\/shop\/akcesoria-chiptuning-pl\/przewody-autovei-pl\/przewod-autovei-dc2u-edc7ptmffr-d215132006\/#primaryimage","url":"https:\/\/chiptuningmarket.com\/wp-content\/uploads\/2025\/09\/Przewod-AutoVEI-DC2U-EDC7PTMFFR-D215132006.jpg","contentUrl":"https:\/\/chiptuningmarket.com\/wp-content\/uploads\/2025\/09\/Przewod-AutoVEI-DC2U-EDC7PTMFFR-D215132006.jpg","width":800,"height":600},{"@type":"BreadcrumbList","@id":"https:\/\/chiptuningmarket.com\/pl\/shop\/akcesoria-chiptuning-pl\/przewody-autovei-pl\/przewod-autovei-dc2u-edc7ptmffr-d215132006\/#breadcrumb","itemListElement":[{"@type":"ListItem","position":1,"name":"Home","item":"https:\/\/chiptuningmarket.com\/pl\/"},{"@type":"ListItem","position":2,"name":"Sklep","item":"https:\/\/chiptuningmarket.com\/pl\/shop\/"},{"@type":"ListItem","position":3,"name":"Przew\u00f3d AutoVEI DC2U-EDC7+PTM+FFR D215132006"}]},{"@type":"WebSite","@id":"https:\/\/chiptuningmarket.com\/pl\/#website","url":"https:\/\/chiptuningmarket.com\/pl\/","name":"Chiptuningmarket","description":"Biggest chiptuning shop in Europe","publisher":{"@id":"https:\/\/chiptuningmarket.com\/pl\/#organization"},"alternateName":"Worldwide ecu tools supplier","potentialAction":[{"@type":"SearchAction","target":{"@type":"EntryPoint","urlTemplate":"https:\/\/chiptuningmarket.com\/pl\/?s={search_term_string}"},"query-input":{"@type":"PropertyValueSpecification","valueRequired":true,"valueName":"search_term_string"}}],"inLanguage":"pl-PL"},{"@type":"Organization","@id":"https:\/\/chiptuningmarket.com\/pl\/#organization","name":"Chiptuningmarket","alternateName":"Chiptuning tools supplier","url":"https:\/\/chiptuningmarket.com\/pl\/","logo":{"@type":"ImageObject","inLanguage":"pl-PL","@id":"https:\/\/chiptuningmarket.com\/pl\/#\/schema\/logo\/image\/","url":"https:\/\/chiptuningmarket.com\/wp-content\/uploads\/2023\/05\/logo-ChipTuningMarket-social.png","contentUrl":"https:\/\/chiptuningmarket.com\/wp-content\/uploads\/2023\/05\/logo-ChipTuningMarket-social.png","width":512,"height":512,"caption":"Chiptuningmarket"},"image":{"@id":"https:\/\/chiptuningmarket.com\/pl\/#\/schema\/logo\/image\/"}}]}},"_links":{"self":[{"href":"https:\/\/chiptuningmarket.com\/pl\/wp-json\/wp\/v2\/product\/199004","targetHints":{"allow":["GET"]}}],"collection":[{"href":"https:\/\/chiptuningmarket.com\/pl\/wp-json\/wp\/v2\/product"}],"about":[{"href":"https:\/\/chiptuningmarket.com\/pl\/wp-json\/wp\/v2\/types\/product"}],"wp:featuredmedia":[{"embeddable":true,"href":"https:\/\/chiptuningmarket.com\/pl\/wp-json\/wp\/v2\/media\/199021"}],"wp:attachment":[{"href":"https:\/\/chiptuningmarket.com\/pl\/wp-json\/wp\/v2\/media?parent=199004"}],"wp:term":[{"taxonomy":"product_brand","embeddable":true,"href":"https:\/\/chiptuningmarket.com\/pl\/wp-json\/wp\/v2\/product_brand?post=199004"},{"taxonomy":"product_cat","embeddable":true,"href":"https:\/\/chiptuningmarket.com\/pl\/wp-json\/wp\/v2\/product_cat?post=199004"},{"taxonomy":"product_tag","embeddable":true,"href":"https:\/\/chiptuningmarket.com\/pl\/wp-json\/wp\/v2\/product_tag?post=199004"}],"curies":[{"name":"wp","href":"https:\/\/api.w.org\/{rel}","templated":true}]}}