{"id":200950,"date":"2025-09-03T10:36:36","date_gmt":"2025-09-03T09:36:36","guid":{"rendered":"https:\/\/chiptuningmarket.com\/?post_type=product&#038;p=200950"},"modified":"2025-09-03T10:36:38","modified_gmt":"2025-09-03T09:36:38","slug":"przewod-diagnostyczny-jaltest-hitachi-8-pin-do-isuzu-jdc561a9","status":"publish","type":"product","link":"https:\/\/chiptuningmarket.com\/pl\/shop\/akcesoria-chiptuning-pl\/jaltest-akcesoria-chiptuning-pl\/cables-jaltest-akcesoria-chiptuning-pl\/ohw-cables-jaltest-akcesoria-chiptuning-pl\/przewod-diagnostyczny-jaltest-hitachi-8-pin-do-isuzu-jdc561a9\/","title":{"rendered":"Przew\u00f3d diagnostyczny Jaltest Hitachi 8-pin do ISUZU JDC561A9"},"content":{"rendered":"<p>Specjalistyczny przew\u00f3d diagnostyczny do silnik\u00f3w Isuzu w maszynach budowlanych Hitachi, umo\u017cliwiaj\u0105cy pe\u0142n\u0105 komunikacj\u0119 z systemem diagnostycznym Jaltest.<\/p>\n<p>Funkcje:<\/p>\n<ul>\n<li>\u00a0Odczyt i kasowanie kod\u00f3w usterek silnika<\/li>\n<li>\u00a0Podgl\u0105d parametr\u00f3w pracy w czasie rzeczywistym (obroty, ci\u015bnienie paliwa, temperatura)<\/li>\n<li>\u00a0Testowanie komponent\u00f3w i funkcji silnika<\/li>\n<li>\u00a0Mo\u017cliwo\u015b\u0107 dostosowywania parametr\u00f3w silnika (w zale\u017cno\u015bci od oprogramowania)<\/li>\n<\/ul>\n<p>Specyfikacja:<\/p>\n<ul>\n<li>Z\u0142\u0105cza: 8-pinowe (Hitachi) \u2192 16-pinowe OBD2<\/li>\n<li>D\u0142ugo\u015b\u0107: ok. 30 cm<\/li>\n<li>Kompatybilno\u015b\u0107: Jaltest Link V9 oraz oprogramowanie OHW<\/li>\n<\/ul>\n","protected":false},"excerpt":{"rendered":"<p>Specjalistyczny przew\u00f3d diagnostyczny do silnik\u00f3w Isuzu w maszynach budowlanych Hitachi, umo\u017cliwiaj\u0105cy pe\u0142n\u0105 komunikacj\u0119 z systemem diagnostycznym Jaltest.<\/p>\n","protected":false},"featured_media":200968,"template":"","meta":{"_monsterinsights_skip_tracking":false,"_monsterinsights_sitenote_active":false,"_monsterinsights_sitenote_note":"","_monsterinsights_sitenote_category":0},"product_brand":[],"product_cat":[5060,5119,5120,5124],"product_tag":[8113,8112,8111,4579],"class_list":{"0":"post-200950","1":"product","2":"type-product","3":"status-publish","4":"has-post-thumbnail","6":"product_cat-akcesoria-chiptuning-pl","7":"product_cat-jaltest-akcesoria-chiptuning-pl","8":"product_cat-cables-jaltest-akcesoria-chiptuning-pl","9":"product_cat-ohw-cables-jaltest-akcesoria-chiptuning-pl","10":"product_tag-diagnostyka-isuzu","11":"product_tag-diagnostyka-maszyn","12":"product_tag-jdc561a9","13":"product_tag-przewod-diagnostyczny","15":"first","16":"instock","17":"taxable","18":"shipping-taxable","19":"purchasable","20":"product-type-simple"},"yoast_head":"<!-- This site is optimized with the Yoast SEO plugin v25.2 - https:\/\/yoast.com\/wordpress\/plugins\/seo\/ -->\n<title>Przew\u00f3d diagnostyczny Jaltest Hitachi 8-pin do ISUZU JDC561A9 - Chiptuningmarket<\/title>\n<meta name=\"description\" content=\"Specjalistyczny przew\u00f3d diagnostyczny do silnik\u00f3w Isuzu w maszynach budowlanych Hitachi, umo\u017cliwiaj\u0105cy pe\u0142n\u0105 komunikacj\u0119 z systemem diagnostycznym Jaltest.\" \/>\n<meta name=\"robots\" content=\"index, follow, max-snippet:-1, max-image-preview:large, max-video-preview:-1\" \/>\n<link rel=\"canonical\" href=\"https:\/\/chiptuningmarket.com\/pl\/shop\/akcesoria-chiptuning-pl\/jaltest-akcesoria-chiptuning-pl\/cables-jaltest-akcesoria-chiptuning-pl\/ohw-cables-jaltest-akcesoria-chiptuning-pl\/przewod-diagnostyczny-jaltest-hitachi-8-pin-do-isuzu-jdc561a9\/\" \/>\n<meta property=\"og:locale\" content=\"pl_PL\" \/>\n<meta property=\"og:type\" content=\"article\" \/>\n<meta property=\"og:title\" content=\"Przew\u00f3d diagnostyczny Jaltest Hitachi 8-pin do ISUZU JDC561A9 - Chiptuningmarket\" \/>\n<meta property=\"og:description\" content=\"Specjalistyczny przew\u00f3d diagnostyczny do silnik\u00f3w Isuzu w maszynach budowlanych Hitachi, umo\u017cliwiaj\u0105cy pe\u0142n\u0105 komunikacj\u0119 z systemem diagnostycznym Jaltest.\" \/>\n<meta property=\"og:url\" content=\"https:\/\/chiptuningmarket.com\/pl\/shop\/akcesoria-chiptuning-pl\/jaltest-akcesoria-chiptuning-pl\/cables-jaltest-akcesoria-chiptuning-pl\/ohw-cables-jaltest-akcesoria-chiptuning-pl\/przewod-diagnostyczny-jaltest-hitachi-8-pin-do-isuzu-jdc561a9\/\" \/>\n<meta property=\"og:site_name\" content=\"Chiptuningmarket\" \/>\n<meta property=\"article:modified_time\" content=\"2025-09-03T09:36:38+00:00\" \/>\n<meta property=\"og:image\" content=\"https:\/\/chiptuningmarket.com\/wp-content\/uploads\/2025\/09\/Przewod-diagnostyczny-Jaltest-Hitachi-8-pin-do-ISUZU-JDC561A9.png\" \/>\n\t<meta property=\"og:image:width\" content=\"1024\" \/>\n\t<meta property=\"og:image:height\" content=\"682\" \/>\n\t<meta property=\"og:image:type\" content=\"image\/png\" \/>\n<meta name=\"twitter:card\" content=\"summary_large_image\" \/>\n<meta name=\"twitter:label1\" content=\"Szacowany czas czytania\" \/>\n\t<meta name=\"twitter:data1\" content=\"1 minuta\" \/>\n<script type=\"application\/ld+json\" class=\"yoast-schema-graph\">{\"@context\":\"https:\/\/schema.org\",\"@graph\":[{\"@type\":\"WebPage\",\"@id\":\"https:\/\/chiptuningmarket.com\/pl\/shop\/akcesoria-chiptuning-pl\/jaltest-akcesoria-chiptuning-pl\/cables-jaltest-akcesoria-chiptuning-pl\/ohw-cables-jaltest-akcesoria-chiptuning-pl\/przewod-diagnostyczny-jaltest-hitachi-8-pin-do-isuzu-jdc561a9\/\",\"url\":\"https:\/\/chiptuningmarket.com\/pl\/shop\/akcesoria-chiptuning-pl\/jaltest-akcesoria-chiptuning-pl\/cables-jaltest-akcesoria-chiptuning-pl\/ohw-cables-jaltest-akcesoria-chiptuning-pl\/przewod-diagnostyczny-jaltest-hitachi-8-pin-do-isuzu-jdc561a9\/\",\"name\":\"Przew\u00f3d diagnostyczny Jaltest Hitachi 8-pin do ISUZU JDC561A9 - Chiptuningmarket\",\"isPartOf\":{\"@id\":\"https:\/\/chiptuningmarket.com\/pl\/#website\"},\"primaryImageOfPage\":{\"@id\":\"https:\/\/chiptuningmarket.com\/pl\/shop\/akcesoria-chiptuning-pl\/jaltest-akcesoria-chiptuning-pl\/cables-jaltest-akcesoria-chiptuning-pl\/ohw-cables-jaltest-akcesoria-chiptuning-pl\/przewod-diagnostyczny-jaltest-hitachi-8-pin-do-isuzu-jdc561a9\/#primaryimage\"},\"image\":{\"@id\":\"https:\/\/chiptuningmarket.com\/pl\/shop\/akcesoria-chiptuning-pl\/jaltest-akcesoria-chiptuning-pl\/cables-jaltest-akcesoria-chiptuning-pl\/ohw-cables-jaltest-akcesoria-chiptuning-pl\/przewod-diagnostyczny-jaltest-hitachi-8-pin-do-isuzu-jdc561a9\/#primaryimage\"},\"thumbnailUrl\":\"https:\/\/chiptuningmarket.com\/wp-content\/uploads\/2025\/09\/Przewod-diagnostyczny-Jaltest-Hitachi-8-pin-do-ISUZU-JDC561A9.png\",\"datePublished\":\"2025-09-03T09:36:36+00:00\",\"dateModified\":\"2025-09-03T09:36:38+00:00\",\"description\":\"Specjalistyczny przew\u00f3d diagnostyczny do silnik\u00f3w Isuzu w maszynach budowlanych Hitachi, umo\u017cliwiaj\u0105cy pe\u0142n\u0105 komunikacj\u0119 z systemem diagnostycznym Jaltest.\",\"breadcrumb\":{\"@id\":\"https:\/\/chiptuningmarket.com\/pl\/shop\/akcesoria-chiptuning-pl\/jaltest-akcesoria-chiptuning-pl\/cables-jaltest-akcesoria-chiptuning-pl\/ohw-cables-jaltest-akcesoria-chiptuning-pl\/przewod-diagnostyczny-jaltest-hitachi-8-pin-do-isuzu-jdc561a9\/#breadcrumb\"},\"inLanguage\":\"pl-PL\",\"potentialAction\":[{\"@type\":\"ReadAction\",\"target\":[\"https:\/\/chiptuningmarket.com\/pl\/shop\/akcesoria-chiptuning-pl\/jaltest-akcesoria-chiptuning-pl\/cables-jaltest-akcesoria-chiptuning-pl\/ohw-cables-jaltest-akcesoria-chiptuning-pl\/przewod-diagnostyczny-jaltest-hitachi-8-pin-do-isuzu-jdc561a9\/\"]}]},{\"@type\":\"ImageObject\",\"inLanguage\":\"pl-PL\",\"@id\":\"https:\/\/chiptuningmarket.com\/pl\/shop\/akcesoria-chiptuning-pl\/jaltest-akcesoria-chiptuning-pl\/cables-jaltest-akcesoria-chiptuning-pl\/ohw-cables-jaltest-akcesoria-chiptuning-pl\/przewod-diagnostyczny-jaltest-hitachi-8-pin-do-isuzu-jdc561a9\/#primaryimage\",\"url\":\"https:\/\/chiptuningmarket.com\/wp-content\/uploads\/2025\/09\/Przewod-diagnostyczny-Jaltest-Hitachi-8-pin-do-ISUZU-JDC561A9.png\",\"contentUrl\":\"https:\/\/chiptuningmarket.com\/wp-content\/uploads\/2025\/09\/Przewod-diagnostyczny-Jaltest-Hitachi-8-pin-do-ISUZU-JDC561A9.png\",\"width\":1024,\"height\":682},{\"@type\":\"BreadcrumbList\",\"@id\":\"https:\/\/chiptuningmarket.com\/pl\/shop\/akcesoria-chiptuning-pl\/jaltest-akcesoria-chiptuning-pl\/cables-jaltest-akcesoria-chiptuning-pl\/ohw-cables-jaltest-akcesoria-chiptuning-pl\/przewod-diagnostyczny-jaltest-hitachi-8-pin-do-isuzu-jdc561a9\/#breadcrumb\",\"itemListElement\":[{\"@type\":\"ListItem\",\"position\":1,\"name\":\"Home\",\"item\":\"https:\/\/chiptuningmarket.com\/pl\/\"},{\"@type\":\"ListItem\",\"position\":2,\"name\":\"Sklep\",\"item\":\"https:\/\/chiptuningmarket.com\/pl\/shop\/\"},{\"@type\":\"ListItem\",\"position\":3,\"name\":\"Przew\u00f3d diagnostyczny Jaltest Hitachi 8-pin do ISUZU JDC561A9\"}]},{\"@type\":\"WebSite\",\"@id\":\"https:\/\/chiptuningmarket.com\/pl\/#website\",\"url\":\"https:\/\/chiptuningmarket.com\/pl\/\",\"name\":\"Chiptuningmarket\",\"description\":\"Biggest chiptuning shop in Europe\",\"publisher\":{\"@id\":\"https:\/\/chiptuningmarket.com\/pl\/#organization\"},\"alternateName\":\"Worldwide ecu tools supplier\",\"potentialAction\":[{\"@type\":\"SearchAction\",\"target\":{\"@type\":\"EntryPoint\",\"urlTemplate\":\"https:\/\/chiptuningmarket.com\/pl\/?s={search_term_string}\"},\"query-input\":{\"@type\":\"PropertyValueSpecification\",\"valueRequired\":true,\"valueName\":\"search_term_string\"}}],\"inLanguage\":\"pl-PL\"},{\"@type\":\"Organization\",\"@id\":\"https:\/\/chiptuningmarket.com\/pl\/#organization\",\"name\":\"Chiptuningmarket\",\"alternateName\":\"Chiptuning tools supplier\",\"url\":\"https:\/\/chiptuningmarket.com\/pl\/\",\"logo\":{\"@type\":\"ImageObject\",\"inLanguage\":\"pl-PL\",\"@id\":\"https:\/\/chiptuningmarket.com\/pl\/#\/schema\/logo\/image\/\",\"url\":\"https:\/\/chiptuningmarket.com\/wp-content\/uploads\/2023\/05\/logo-ChipTuningMarket-social.png\",\"contentUrl\":\"https:\/\/chiptuningmarket.com\/wp-content\/uploads\/2023\/05\/logo-ChipTuningMarket-social.png\",\"width\":512,\"height\":512,\"caption\":\"Chiptuningmarket\"},\"image\":{\"@id\":\"https:\/\/chiptuningmarket.com\/pl\/#\/schema\/logo\/image\/\"}}]}<\/script>\n<!-- \/ Yoast SEO plugin. -->","yoast_head_json":{"title":"Przew\u00f3d diagnostyczny Jaltest Hitachi 8-pin do ISUZU JDC561A9 - Chiptuningmarket","description":"Specjalistyczny przew\u00f3d diagnostyczny do silnik\u00f3w Isuzu w maszynach budowlanych Hitachi, umo\u017cliwiaj\u0105cy pe\u0142n\u0105 komunikacj\u0119 z systemem diagnostycznym Jaltest.","robots":{"index":"index","follow":"follow","max-snippet":"max-snippet:-1","max-image-preview":"max-image-preview:large","max-video-preview":"max-video-preview:-1"},"canonical":"https:\/\/chiptuningmarket.com\/pl\/shop\/akcesoria-chiptuning-pl\/jaltest-akcesoria-chiptuning-pl\/cables-jaltest-akcesoria-chiptuning-pl\/ohw-cables-jaltest-akcesoria-chiptuning-pl\/przewod-diagnostyczny-jaltest-hitachi-8-pin-do-isuzu-jdc561a9\/","og_locale":"pl_PL","og_type":"article","og_title":"Przew\u00f3d diagnostyczny Jaltest Hitachi 8-pin do ISUZU JDC561A9 - Chiptuningmarket","og_description":"Specjalistyczny przew\u00f3d diagnostyczny do silnik\u00f3w Isuzu w maszynach budowlanych Hitachi, umo\u017cliwiaj\u0105cy pe\u0142n\u0105 komunikacj\u0119 z systemem diagnostycznym Jaltest.","og_url":"https:\/\/chiptuningmarket.com\/pl\/shop\/akcesoria-chiptuning-pl\/jaltest-akcesoria-chiptuning-pl\/cables-jaltest-akcesoria-chiptuning-pl\/ohw-cables-jaltest-akcesoria-chiptuning-pl\/przewod-diagnostyczny-jaltest-hitachi-8-pin-do-isuzu-jdc561a9\/","og_site_name":"Chiptuningmarket","article_modified_time":"2025-09-03T09:36:38+00:00","og_image":[{"width":1024,"height":682,"url":"https:\/\/chiptuningmarket.com\/wp-content\/uploads\/2025\/09\/Przewod-diagnostyczny-Jaltest-Hitachi-8-pin-do-ISUZU-JDC561A9.png","type":"image\/png"}],"twitter_card":"summary_large_image","twitter_misc":{"Szacowany czas czytania":"1 minuta"},"schema":{"@context":"https:\/\/schema.org","@graph":[{"@type":"WebPage","@id":"https:\/\/chiptuningmarket.com\/pl\/shop\/akcesoria-chiptuning-pl\/jaltest-akcesoria-chiptuning-pl\/cables-jaltest-akcesoria-chiptuning-pl\/ohw-cables-jaltest-akcesoria-chiptuning-pl\/przewod-diagnostyczny-jaltest-hitachi-8-pin-do-isuzu-jdc561a9\/","url":"https:\/\/chiptuningmarket.com\/pl\/shop\/akcesoria-chiptuning-pl\/jaltest-akcesoria-chiptuning-pl\/cables-jaltest-akcesoria-chiptuning-pl\/ohw-cables-jaltest-akcesoria-chiptuning-pl\/przewod-diagnostyczny-jaltest-hitachi-8-pin-do-isuzu-jdc561a9\/","name":"Przew\u00f3d diagnostyczny Jaltest Hitachi 8-pin do ISUZU JDC561A9 - Chiptuningmarket","isPartOf":{"@id":"https:\/\/chiptuningmarket.com\/pl\/#website"},"primaryImageOfPage":{"@id":"https:\/\/chiptuningmarket.com\/pl\/shop\/akcesoria-chiptuning-pl\/jaltest-akcesoria-chiptuning-pl\/cables-jaltest-akcesoria-chiptuning-pl\/ohw-cables-jaltest-akcesoria-chiptuning-pl\/przewod-diagnostyczny-jaltest-hitachi-8-pin-do-isuzu-jdc561a9\/#primaryimage"},"image":{"@id":"https:\/\/chiptuningmarket.com\/pl\/shop\/akcesoria-chiptuning-pl\/jaltest-akcesoria-chiptuning-pl\/cables-jaltest-akcesoria-chiptuning-pl\/ohw-cables-jaltest-akcesoria-chiptuning-pl\/przewod-diagnostyczny-jaltest-hitachi-8-pin-do-isuzu-jdc561a9\/#primaryimage"},"thumbnailUrl":"https:\/\/chiptuningmarket.com\/wp-content\/uploads\/2025\/09\/Przewod-diagnostyczny-Jaltest-Hitachi-8-pin-do-ISUZU-JDC561A9.png","datePublished":"2025-09-03T09:36:36+00:00","dateModified":"2025-09-03T09:36:38+00:00","description":"Specjalistyczny przew\u00f3d diagnostyczny do silnik\u00f3w Isuzu w maszynach budowlanych Hitachi, umo\u017cliwiaj\u0105cy pe\u0142n\u0105 komunikacj\u0119 z systemem diagnostycznym Jaltest.","breadcrumb":{"@id":"https:\/\/chiptuningmarket.com\/pl\/shop\/akcesoria-chiptuning-pl\/jaltest-akcesoria-chiptuning-pl\/cables-jaltest-akcesoria-chiptuning-pl\/ohw-cables-jaltest-akcesoria-chiptuning-pl\/przewod-diagnostyczny-jaltest-hitachi-8-pin-do-isuzu-jdc561a9\/#breadcrumb"},"inLanguage":"pl-PL","potentialAction":[{"@type":"ReadAction","target":["https:\/\/chiptuningmarket.com\/pl\/shop\/akcesoria-chiptuning-pl\/jaltest-akcesoria-chiptuning-pl\/cables-jaltest-akcesoria-chiptuning-pl\/ohw-cables-jaltest-akcesoria-chiptuning-pl\/przewod-diagnostyczny-jaltest-hitachi-8-pin-do-isuzu-jdc561a9\/"]}]},{"@type":"ImageObject","inLanguage":"pl-PL","@id":"https:\/\/chiptuningmarket.com\/pl\/shop\/akcesoria-chiptuning-pl\/jaltest-akcesoria-chiptuning-pl\/cables-jaltest-akcesoria-chiptuning-pl\/ohw-cables-jaltest-akcesoria-chiptuning-pl\/przewod-diagnostyczny-jaltest-hitachi-8-pin-do-isuzu-jdc561a9\/#primaryimage","url":"https:\/\/chiptuningmarket.com\/wp-content\/uploads\/2025\/09\/Przewod-diagnostyczny-Jaltest-Hitachi-8-pin-do-ISUZU-JDC561A9.png","contentUrl":"https:\/\/chiptuningmarket.com\/wp-content\/uploads\/2025\/09\/Przewod-diagnostyczny-Jaltest-Hitachi-8-pin-do-ISUZU-JDC561A9.png","width":1024,"height":682},{"@type":"BreadcrumbList","@id":"https:\/\/chiptuningmarket.com\/pl\/shop\/akcesoria-chiptuning-pl\/jaltest-akcesoria-chiptuning-pl\/cables-jaltest-akcesoria-chiptuning-pl\/ohw-cables-jaltest-akcesoria-chiptuning-pl\/przewod-diagnostyczny-jaltest-hitachi-8-pin-do-isuzu-jdc561a9\/#breadcrumb","itemListElement":[{"@type":"ListItem","position":1,"name":"Home","item":"https:\/\/chiptuningmarket.com\/pl\/"},{"@type":"ListItem","position":2,"name":"Sklep","item":"https:\/\/chiptuningmarket.com\/pl\/shop\/"},{"@type":"ListItem","position":3,"name":"Przew\u00f3d diagnostyczny Jaltest Hitachi 8-pin do ISUZU JDC561A9"}]},{"@type":"WebSite","@id":"https:\/\/chiptuningmarket.com\/pl\/#website","url":"https:\/\/chiptuningmarket.com\/pl\/","name":"Chiptuningmarket","description":"Biggest chiptuning shop in Europe","publisher":{"@id":"https:\/\/chiptuningmarket.com\/pl\/#organization"},"alternateName":"Worldwide ecu tools supplier","potentialAction":[{"@type":"SearchAction","target":{"@type":"EntryPoint","urlTemplate":"https:\/\/chiptuningmarket.com\/pl\/?s={search_term_string}"},"query-input":{"@type":"PropertyValueSpecification","valueRequired":true,"valueName":"search_term_string"}}],"inLanguage":"pl-PL"},{"@type":"Organization","@id":"https:\/\/chiptuningmarket.com\/pl\/#organization","name":"Chiptuningmarket","alternateName":"Chiptuning tools supplier","url":"https:\/\/chiptuningmarket.com\/pl\/","logo":{"@type":"ImageObject","inLanguage":"pl-PL","@id":"https:\/\/chiptuningmarket.com\/pl\/#\/schema\/logo\/image\/","url":"https:\/\/chiptuningmarket.com\/wp-content\/uploads\/2023\/05\/logo-ChipTuningMarket-social.png","contentUrl":"https:\/\/chiptuningmarket.com\/wp-content\/uploads\/2023\/05\/logo-ChipTuningMarket-social.png","width":512,"height":512,"caption":"Chiptuningmarket"},"image":{"@id":"https:\/\/chiptuningmarket.com\/pl\/#\/schema\/logo\/image\/"}}]}},"_links":{"self":[{"href":"https:\/\/chiptuningmarket.com\/pl\/wp-json\/wp\/v2\/product\/200950","targetHints":{"allow":["GET"]}}],"collection":[{"href":"https:\/\/chiptuningmarket.com\/pl\/wp-json\/wp\/v2\/product"}],"about":[{"href":"https:\/\/chiptuningmarket.com\/pl\/wp-json\/wp\/v2\/types\/product"}],"wp:featuredmedia":[{"embeddable":true,"href":"https:\/\/chiptuningmarket.com\/pl\/wp-json\/wp\/v2\/media\/200968"}],"wp:attachment":[{"href":"https:\/\/chiptuningmarket.com\/pl\/wp-json\/wp\/v2\/media?parent=200950"}],"wp:term":[{"taxonomy":"product_brand","embeddable":true,"href":"https:\/\/chiptuningmarket.com\/pl\/wp-json\/wp\/v2\/product_brand?post=200950"},{"taxonomy":"product_cat","embeddable":true,"href":"https:\/\/chiptuningmarket.com\/pl\/wp-json\/wp\/v2\/product_cat?post=200950"},{"taxonomy":"product_tag","embeddable":true,"href":"https:\/\/chiptuningmarket.com\/pl\/wp-json\/wp\/v2\/product_tag?post=200950"}],"curies":[{"name":"wp","href":"https:\/\/api.w.org\/{rel}","templated":true}]}}