{"id":20168,"date":"2022-04-20T08:13:24","date_gmt":"2022-04-20T07:13:24","guid":{"rendered":"https:\/\/chiptuningmarket.com\/?post_type=product&#038;p=20168"},"modified":"2026-01-14T14:51:31","modified_gmt":"2026-01-14T13:51:31","slug":"zestaw-przewodow-flex-vag-mdg1-edc17-pcr","status":"publish","type":"product","link":"https:\/\/chiptuningmarket.com\/pl\/shop\/akcesoria-chiptuning-pl\/magicmotorsport-flex-pl\/przewody-bench-pl\/zestaw-przewodow-flex-vag-mdg1-edc17-pcr\/","title":{"rendered":"Zestaw przewod\u00f3w Flex MDG1 \/ MED ECU FLX2.16 FLX2.17 FLX2.18"},"content":{"rendered":"<h2 style=\"text-align: center\">Zestaw przewod\u00f3w Flex MDG1 \/ MED ECU<\/h2>\n<p><a href=\"https:\/\/chiptuningmarket.com\/wp-content\/uploads\/2022\/04\/FLK11A.jpg\"><img decoding=\"async\" class=\"aligncenter wp-image-29763 size-full\" src=\"https:\/\/chiptuningmarket.com\/wp-content\/uploads\/2022\/04\/FLK11A.jpg\" alt=\"\" width=\"560\" height=\"560\" srcset=\"https:\/\/chiptuningmarket.com\/wp-content\/uploads\/2022\/04\/FLK11A.jpg 560w, https:\/\/chiptuningmarket.com\/wp-content\/uploads\/2022\/04\/FLK11A-300x300.jpg 300w, https:\/\/chiptuningmarket.com\/wp-content\/uploads\/2022\/04\/FLK11A-150x150.jpg 150w, https:\/\/chiptuningmarket.com\/wp-content\/uploads\/2022\/04\/FLK11A-100x100.jpg 100w\" sizes=\"(max-width: 560px) 100vw, 560px\" \/><\/a><\/p>\n<p><strong>Zestaw zawiera:<\/strong><br \/>\nKabel do ECU BMW MDG1<br \/>\nKabel do ECU MB Bosch MDG1<br \/>\nKabel do ECU MB Bosch MDG1 &#8211; EDC17<\/p>\n<p><strong>Dzi\u0119ki zestawowi kabli do MDG1 b\u0119dziesz mie\u0107:<\/strong><br \/>\n&#8211; Bezpieczne po\u0142\u0105czenie na stanowisku badawczym<br \/>\n&#8211; Szybsz\u0105 komunikacj\u0119 pomi\u0119dzy ECU i Flex<br \/>\n&#8211; Minimalne ryzyko b\u0142\u0119du podczas po\u0142\u0105czenia<\/p>\n<p><strong>Konkretnie w pude\u0142ku znajdziesz: Kabel<\/strong><br \/>\n<strong>FLX2.16\u00a0<\/strong>, kompatybilny z BMW MDG1 Kabel<br \/>\n<strong>FLX2.17<\/strong>\u00a0, kompatybilny z MD1CP001 e MG1CP002 (Mercedes-Benz) Kabel<br \/>\n<strong>FLX2.18\u00a0<\/strong>, kompatybilny z MG1CS001, MG1CP163, MD1CP014. MG1CS001 i EDC17CP44 (Alfa Romeo \u2013 Audi \u2013 Seat \u2013 Skoda \u2013 Volkswagen)<\/p>\n<h3>FLX2.16<\/h3>\n<p id=\"MYCW1P8\"><strong>Kompatybilno\u015b\u0107 ECU:<\/strong><br \/>\n&#8211; BMW_BOSCH_MD1CS001_TC298TP<br \/>\n&#8211; BMW_BOSCH_MD1CP002_SPC5777<br \/>\n&#8211; Bmw_BOSCH_MG1CS003<br \/>\n&#8211; BMW_BOSCH_MG1CS003_SPC5777<br \/>\n&#8211; BMW_BOSCH_MG1CS024_TC298TP<br \/>\n&#8211; BMW_BOSCH_MG1CS201_TC298TP<\/p>\n<p><strong>Lista pojazd\u00f3w:<\/strong><br \/>\n&#8211; Mini Clubman (F54)<br \/>\n&#8211; Mini Cooper (F56)<br \/>\n&#8211; Mini Countryman (F60)<br \/>\n&#8211; Mini Countryman 20SD<br \/>\n&#8211; Toyota Supra (DB)<br \/>\n&#8211; Rolls Royce Phantom (RR11)<br \/>\n&#8211; Rolls Royce Phantom (RR12)<br \/>\n&#8211; BMW serii 3- Seria 5-Seria X1-Seria X2-Seria X3-Seria X4-Seria X5,X6,<br \/>\nZ4-\/Seria-Seria 8 (G-01,02,11,12,20,21,29,30,31,32.<br \/>\nF-10,31,32,33,35,36,39,40,48,54,56,60)<br \/>\n&#8211; BMW serii 4 Gran Cupe (F36)<\/p>\n<h3>FLX2.17<\/h3>\n<p><strong>Kompatybilno\u015b\u0107 ECU:<\/strong><\/p>\n<p>\u25cf MD1CP001<\/p>\n<p>\u25cf\u00a0MG1CP002<\/p>\n<p><strong>Marki i modele:<\/strong><\/p>\n<p>\u25cf Mercedes-Benz<\/p>\n<h3>FLX2.18<\/h3>\n<p><strong>Kompatybilno\u015b\u0107 ECU:<\/strong><br \/>\n\u25cf MG1CS001<br \/>\n\u25cf MG1CP163<br \/>\n\u25cf MD1CP014<br \/>\n\u25cf MG1CS001<br \/>\n\u25cf EDC17CP44<\/p>\n<p><strong>Marka:<\/strong><br \/>\n\u25cf Audi &#8211; Seat &#8211; Skoda &#8211; Volkswagen<\/p>\n","protected":false},"excerpt":{"rendered":"<p>Zestaw 3 przewod\u00f3w do ECU MDG1<\/p>\n<p><strong>Kompatybilne ECU:<\/strong><br \/>\nBMW MDG1<br \/>\nMD1CP001 e MG1CP002<br \/>\nMG1CS001, MG1CP163, MD1CP014. MG1CS001 i EDC17CP44<\/p>\n","protected":false},"featured_media":29763,"template":"","meta":{"_monsterinsights_skip_tracking":false,"_monsterinsights_sitenote_active":false,"_monsterinsights_sitenote_note":"","_monsterinsights_sitenote_category":0},"product_brand":[],"product_cat":[5060,5129,5132],"product_tag":[4890,4420,2259,2602,2516,6760],"class_list":{"0":"post-20168","1":"product","2":"type-product","3":"status-publish","4":"has-post-thumbnail","6":"product_cat-akcesoria-chiptuning-pl","7":"product_cat-magicmotorsport-flex-pl","8":"product_cat-przewody-bench-pl","9":"product_tag-flx2-16","10":"product_tag-flx2-17","11":"product_tag-flx2-18-pl","12":"product_tag-vag-mdg1-edc17-pcr-pl","13":"product_tag-kit-ecu-connector-vag-mdg1-edc17-pcr-pl","14":"product_tag-zestaw-przewodow-flex-vag-pl","16":"first","17":"onbackorder","18":"sale","19":"taxable","20":"shipping-taxable","21":"purchasable","22":"product-type-simple"},"yoast_head":"<!-- This site is optimized with the Yoast SEO plugin v25.2 - https:\/\/yoast.com\/wordpress\/plugins\/seo\/ -->\n<title>Zestaw przewod\u00f3w Flex MDG1 \/ MED ECU FLX2.16 FLX2.17 FLX2.18 - Chiptuningmarket<\/title>\n<meta name=\"description\" content=\"Zestaw przewod\u00f3w Flex VAG\/MDG1\/EDC17\/PCR umo\u017cliwia uzyskanie bezpiecznego trybu po\u0142\u0105czenia, wi\u0119kszej pr\u0119dko\u015b\u0107 komunikacji pomi\u0119dzy ECU i FLEX szybszego ...\" \/>\n<meta name=\"robots\" content=\"index, follow, max-snippet:-1, max-image-preview:large, max-video-preview:-1\" \/>\n<link rel=\"canonical\" href=\"https:\/\/chiptuningmarket.com\/pl\/shop\/akcesoria-chiptuning-pl\/magicmotorsport-flex-pl\/przewody-bench-pl\/zestaw-przewodow-flex-vag-mdg1-edc17-pcr\/\" \/>\n<meta property=\"og:locale\" content=\"pl_PL\" \/>\n<meta property=\"og:type\" content=\"article\" \/>\n<meta property=\"og:title\" content=\"Zestaw przewod\u00f3w Flex MDG1 \/ MED ECU FLX2.16 FLX2.17 FLX2.18 - Chiptuningmarket\" \/>\n<meta property=\"og:description\" content=\"Zestaw przewod\u00f3w Flex VAG\/MDG1\/EDC17\/PCR umo\u017cliwia uzyskanie bezpiecznego trybu po\u0142\u0105czenia, wi\u0119kszej pr\u0119dko\u015b\u0107 komunikacji pomi\u0119dzy ECU i FLEX szybszego ...\" \/>\n<meta property=\"og:url\" content=\"https:\/\/chiptuningmarket.com\/pl\/shop\/akcesoria-chiptuning-pl\/magicmotorsport-flex-pl\/przewody-bench-pl\/zestaw-przewodow-flex-vag-mdg1-edc17-pcr\/\" \/>\n<meta property=\"og:site_name\" content=\"Chiptuningmarket\" \/>\n<meta property=\"article:modified_time\" content=\"2026-01-14T13:51:31+00:00\" \/>\n<meta property=\"og:image\" content=\"https:\/\/chiptuningmarket.com\/wp-content\/uploads\/2022\/04\/FLK11A.jpg\" \/>\n\t<meta property=\"og:image:width\" content=\"560\" \/>\n\t<meta property=\"og:image:height\" content=\"560\" \/>\n\t<meta property=\"og:image:type\" content=\"image\/jpeg\" \/>\n<meta name=\"twitter:card\" content=\"summary_large_image\" \/>\n<meta name=\"twitter:label1\" content=\"Szacowany czas czytania\" \/>\n\t<meta name=\"twitter:data1\" content=\"2 minuty\" \/>\n<script type=\"application\/ld+json\" class=\"yoast-schema-graph\">{\"@context\":\"https:\/\/schema.org\",\"@graph\":[{\"@type\":\"WebPage\",\"@id\":\"https:\/\/chiptuningmarket.com\/pl\/shop\/akcesoria-chiptuning-pl\/magicmotorsport-flex-pl\/przewody-bench-pl\/zestaw-przewodow-flex-vag-mdg1-edc17-pcr\/\",\"url\":\"https:\/\/chiptuningmarket.com\/pl\/shop\/akcesoria-chiptuning-pl\/magicmotorsport-flex-pl\/przewody-bench-pl\/zestaw-przewodow-flex-vag-mdg1-edc17-pcr\/\",\"name\":\"Zestaw przewod\u00f3w Flex MDG1 \/ MED ECU FLX2.16 FLX2.17 FLX2.18 - Chiptuningmarket\",\"isPartOf\":{\"@id\":\"https:\/\/chiptuningmarket.com\/pl\/#website\"},\"primaryImageOfPage\":{\"@id\":\"https:\/\/chiptuningmarket.com\/pl\/shop\/akcesoria-chiptuning-pl\/magicmotorsport-flex-pl\/przewody-bench-pl\/zestaw-przewodow-flex-vag-mdg1-edc17-pcr\/#primaryimage\"},\"image\":{\"@id\":\"https:\/\/chiptuningmarket.com\/pl\/shop\/akcesoria-chiptuning-pl\/magicmotorsport-flex-pl\/przewody-bench-pl\/zestaw-przewodow-flex-vag-mdg1-edc17-pcr\/#primaryimage\"},\"thumbnailUrl\":\"https:\/\/chiptuningmarket.com\/wp-content\/uploads\/2022\/04\/FLK11A.jpg\",\"datePublished\":\"2022-04-20T07:13:24+00:00\",\"dateModified\":\"2026-01-14T13:51:31+00:00\",\"description\":\"Zestaw przewod\u00f3w Flex VAG\/MDG1\/EDC17\/PCR umo\u017cliwia uzyskanie bezpiecznego trybu po\u0142\u0105czenia, wi\u0119kszej pr\u0119dko\u015b\u0107 komunikacji pomi\u0119dzy ECU i FLEX szybszego ...\",\"breadcrumb\":{\"@id\":\"https:\/\/chiptuningmarket.com\/pl\/shop\/akcesoria-chiptuning-pl\/magicmotorsport-flex-pl\/przewody-bench-pl\/zestaw-przewodow-flex-vag-mdg1-edc17-pcr\/#breadcrumb\"},\"inLanguage\":\"pl-PL\",\"potentialAction\":[{\"@type\":\"ReadAction\",\"target\":[\"https:\/\/chiptuningmarket.com\/pl\/shop\/akcesoria-chiptuning-pl\/magicmotorsport-flex-pl\/przewody-bench-pl\/zestaw-przewodow-flex-vag-mdg1-edc17-pcr\/\"]}]},{\"@type\":\"ImageObject\",\"inLanguage\":\"pl-PL\",\"@id\":\"https:\/\/chiptuningmarket.com\/pl\/shop\/akcesoria-chiptuning-pl\/magicmotorsport-flex-pl\/przewody-bench-pl\/zestaw-przewodow-flex-vag-mdg1-edc17-pcr\/#primaryimage\",\"url\":\"https:\/\/chiptuningmarket.com\/wp-content\/uploads\/2022\/04\/FLK11A.jpg\",\"contentUrl\":\"https:\/\/chiptuningmarket.com\/wp-content\/uploads\/2022\/04\/FLK11A.jpg\",\"width\":560,\"height\":560,\"caption\":\"Zestaw przewod\u00f3w Flex MDG1 \/ MED ECU FLX2.16 FLX2.17 FLX2.18\"},{\"@type\":\"BreadcrumbList\",\"@id\":\"https:\/\/chiptuningmarket.com\/pl\/shop\/akcesoria-chiptuning-pl\/magicmotorsport-flex-pl\/przewody-bench-pl\/zestaw-przewodow-flex-vag-mdg1-edc17-pcr\/#breadcrumb\",\"itemListElement\":[{\"@type\":\"ListItem\",\"position\":1,\"name\":\"Home\",\"item\":\"https:\/\/chiptuningmarket.com\/pl\/\"},{\"@type\":\"ListItem\",\"position\":2,\"name\":\"Sklep\",\"item\":\"https:\/\/chiptuningmarket.com\/pl\/shop\/\"},{\"@type\":\"ListItem\",\"position\":3,\"name\":\"Zestaw przewod\u00f3w Flex MDG1 \/ MED ECU FLX2.16 FLX2.17 FLX2.18\"}]},{\"@type\":\"WebSite\",\"@id\":\"https:\/\/chiptuningmarket.com\/pl\/#website\",\"url\":\"https:\/\/chiptuningmarket.com\/pl\/\",\"name\":\"Chiptuningmarket\",\"description\":\"Biggest chiptuning shop in Europe\",\"publisher\":{\"@id\":\"https:\/\/chiptuningmarket.com\/pl\/#organization\"},\"alternateName\":\"Worldwide ecu tools supplier\",\"potentialAction\":[{\"@type\":\"SearchAction\",\"target\":{\"@type\":\"EntryPoint\",\"urlTemplate\":\"https:\/\/chiptuningmarket.com\/pl\/?s={search_term_string}\"},\"query-input\":{\"@type\":\"PropertyValueSpecification\",\"valueRequired\":true,\"valueName\":\"search_term_string\"}}],\"inLanguage\":\"pl-PL\"},{\"@type\":\"Organization\",\"@id\":\"https:\/\/chiptuningmarket.com\/pl\/#organization\",\"name\":\"Chiptuningmarket\",\"alternateName\":\"Chiptuning tools supplier\",\"url\":\"https:\/\/chiptuningmarket.com\/pl\/\",\"logo\":{\"@type\":\"ImageObject\",\"inLanguage\":\"pl-PL\",\"@id\":\"https:\/\/chiptuningmarket.com\/pl\/#\/schema\/logo\/image\/\",\"url\":\"https:\/\/chiptuningmarket.com\/wp-content\/uploads\/2023\/05\/logo-ChipTuningMarket-social.png\",\"contentUrl\":\"https:\/\/chiptuningmarket.com\/wp-content\/uploads\/2023\/05\/logo-ChipTuningMarket-social.png\",\"width\":512,\"height\":512,\"caption\":\"Chiptuningmarket\"},\"image\":{\"@id\":\"https:\/\/chiptuningmarket.com\/pl\/#\/schema\/logo\/image\/\"}}]}<\/script>\n<!-- \/ Yoast SEO plugin. -->","yoast_head_json":{"title":"Zestaw przewod\u00f3w Flex MDG1 \/ MED ECU FLX2.16 FLX2.17 FLX2.18 - Chiptuningmarket","description":"Zestaw przewod\u00f3w Flex VAG\/MDG1\/EDC17\/PCR umo\u017cliwia uzyskanie bezpiecznego trybu po\u0142\u0105czenia, wi\u0119kszej pr\u0119dko\u015b\u0107 komunikacji pomi\u0119dzy ECU i FLEX szybszego ...","robots":{"index":"index","follow":"follow","max-snippet":"max-snippet:-1","max-image-preview":"max-image-preview:large","max-video-preview":"max-video-preview:-1"},"canonical":"https:\/\/chiptuningmarket.com\/pl\/shop\/akcesoria-chiptuning-pl\/magicmotorsport-flex-pl\/przewody-bench-pl\/zestaw-przewodow-flex-vag-mdg1-edc17-pcr\/","og_locale":"pl_PL","og_type":"article","og_title":"Zestaw przewod\u00f3w Flex MDG1 \/ MED ECU FLX2.16 FLX2.17 FLX2.18 - Chiptuningmarket","og_description":"Zestaw przewod\u00f3w Flex VAG\/MDG1\/EDC17\/PCR umo\u017cliwia uzyskanie bezpiecznego trybu po\u0142\u0105czenia, wi\u0119kszej pr\u0119dko\u015b\u0107 komunikacji pomi\u0119dzy ECU i FLEX szybszego ...","og_url":"https:\/\/chiptuningmarket.com\/pl\/shop\/akcesoria-chiptuning-pl\/magicmotorsport-flex-pl\/przewody-bench-pl\/zestaw-przewodow-flex-vag-mdg1-edc17-pcr\/","og_site_name":"Chiptuningmarket","article_modified_time":"2026-01-14T13:51:31+00:00","og_image":[{"width":560,"height":560,"url":"https:\/\/chiptuningmarket.com\/wp-content\/uploads\/2022\/04\/FLK11A.jpg","type":"image\/jpeg"}],"twitter_card":"summary_large_image","twitter_misc":{"Szacowany czas czytania":"2 minuty"},"schema":{"@context":"https:\/\/schema.org","@graph":[{"@type":"WebPage","@id":"https:\/\/chiptuningmarket.com\/pl\/shop\/akcesoria-chiptuning-pl\/magicmotorsport-flex-pl\/przewody-bench-pl\/zestaw-przewodow-flex-vag-mdg1-edc17-pcr\/","url":"https:\/\/chiptuningmarket.com\/pl\/shop\/akcesoria-chiptuning-pl\/magicmotorsport-flex-pl\/przewody-bench-pl\/zestaw-przewodow-flex-vag-mdg1-edc17-pcr\/","name":"Zestaw przewod\u00f3w Flex MDG1 \/ MED ECU FLX2.16 FLX2.17 FLX2.18 - Chiptuningmarket","isPartOf":{"@id":"https:\/\/chiptuningmarket.com\/pl\/#website"},"primaryImageOfPage":{"@id":"https:\/\/chiptuningmarket.com\/pl\/shop\/akcesoria-chiptuning-pl\/magicmotorsport-flex-pl\/przewody-bench-pl\/zestaw-przewodow-flex-vag-mdg1-edc17-pcr\/#primaryimage"},"image":{"@id":"https:\/\/chiptuningmarket.com\/pl\/shop\/akcesoria-chiptuning-pl\/magicmotorsport-flex-pl\/przewody-bench-pl\/zestaw-przewodow-flex-vag-mdg1-edc17-pcr\/#primaryimage"},"thumbnailUrl":"https:\/\/chiptuningmarket.com\/wp-content\/uploads\/2022\/04\/FLK11A.jpg","datePublished":"2022-04-20T07:13:24+00:00","dateModified":"2026-01-14T13:51:31+00:00","description":"Zestaw przewod\u00f3w Flex VAG\/MDG1\/EDC17\/PCR umo\u017cliwia uzyskanie bezpiecznego trybu po\u0142\u0105czenia, wi\u0119kszej pr\u0119dko\u015b\u0107 komunikacji pomi\u0119dzy ECU i FLEX szybszego ...","breadcrumb":{"@id":"https:\/\/chiptuningmarket.com\/pl\/shop\/akcesoria-chiptuning-pl\/magicmotorsport-flex-pl\/przewody-bench-pl\/zestaw-przewodow-flex-vag-mdg1-edc17-pcr\/#breadcrumb"},"inLanguage":"pl-PL","potentialAction":[{"@type":"ReadAction","target":["https:\/\/chiptuningmarket.com\/pl\/shop\/akcesoria-chiptuning-pl\/magicmotorsport-flex-pl\/przewody-bench-pl\/zestaw-przewodow-flex-vag-mdg1-edc17-pcr\/"]}]},{"@type":"ImageObject","inLanguage":"pl-PL","@id":"https:\/\/chiptuningmarket.com\/pl\/shop\/akcesoria-chiptuning-pl\/magicmotorsport-flex-pl\/przewody-bench-pl\/zestaw-przewodow-flex-vag-mdg1-edc17-pcr\/#primaryimage","url":"https:\/\/chiptuningmarket.com\/wp-content\/uploads\/2022\/04\/FLK11A.jpg","contentUrl":"https:\/\/chiptuningmarket.com\/wp-content\/uploads\/2022\/04\/FLK11A.jpg","width":560,"height":560,"caption":"Zestaw przewod\u00f3w Flex MDG1 \/ MED ECU FLX2.16 FLX2.17 FLX2.18"},{"@type":"BreadcrumbList","@id":"https:\/\/chiptuningmarket.com\/pl\/shop\/akcesoria-chiptuning-pl\/magicmotorsport-flex-pl\/przewody-bench-pl\/zestaw-przewodow-flex-vag-mdg1-edc17-pcr\/#breadcrumb","itemListElement":[{"@type":"ListItem","position":1,"name":"Home","item":"https:\/\/chiptuningmarket.com\/pl\/"},{"@type":"ListItem","position":2,"name":"Sklep","item":"https:\/\/chiptuningmarket.com\/pl\/shop\/"},{"@type":"ListItem","position":3,"name":"Zestaw przewod\u00f3w Flex MDG1 \/ MED ECU FLX2.16 FLX2.17 FLX2.18"}]},{"@type":"WebSite","@id":"https:\/\/chiptuningmarket.com\/pl\/#website","url":"https:\/\/chiptuningmarket.com\/pl\/","name":"Chiptuningmarket","description":"Biggest chiptuning shop in Europe","publisher":{"@id":"https:\/\/chiptuningmarket.com\/pl\/#organization"},"alternateName":"Worldwide ecu tools supplier","potentialAction":[{"@type":"SearchAction","target":{"@type":"EntryPoint","urlTemplate":"https:\/\/chiptuningmarket.com\/pl\/?s={search_term_string}"},"query-input":{"@type":"PropertyValueSpecification","valueRequired":true,"valueName":"search_term_string"}}],"inLanguage":"pl-PL"},{"@type":"Organization","@id":"https:\/\/chiptuningmarket.com\/pl\/#organization","name":"Chiptuningmarket","alternateName":"Chiptuning tools supplier","url":"https:\/\/chiptuningmarket.com\/pl\/","logo":{"@type":"ImageObject","inLanguage":"pl-PL","@id":"https:\/\/chiptuningmarket.com\/pl\/#\/schema\/logo\/image\/","url":"https:\/\/chiptuningmarket.com\/wp-content\/uploads\/2023\/05\/logo-ChipTuningMarket-social.png","contentUrl":"https:\/\/chiptuningmarket.com\/wp-content\/uploads\/2023\/05\/logo-ChipTuningMarket-social.png","width":512,"height":512,"caption":"Chiptuningmarket"},"image":{"@id":"https:\/\/chiptuningmarket.com\/pl\/#\/schema\/logo\/image\/"}}]}},"_links":{"self":[{"href":"https:\/\/chiptuningmarket.com\/pl\/wp-json\/wp\/v2\/product\/20168","targetHints":{"allow":["GET"]}}],"collection":[{"href":"https:\/\/chiptuningmarket.com\/pl\/wp-json\/wp\/v2\/product"}],"about":[{"href":"https:\/\/chiptuningmarket.com\/pl\/wp-json\/wp\/v2\/types\/product"}],"wp:featuredmedia":[{"embeddable":true,"href":"https:\/\/chiptuningmarket.com\/pl\/wp-json\/wp\/v2\/media\/29763"}],"wp:attachment":[{"href":"https:\/\/chiptuningmarket.com\/pl\/wp-json\/wp\/v2\/media?parent=20168"}],"wp:term":[{"taxonomy":"product_brand","embeddable":true,"href":"https:\/\/chiptuningmarket.com\/pl\/wp-json\/wp\/v2\/product_brand?post=20168"},{"taxonomy":"product_cat","embeddable":true,"href":"https:\/\/chiptuningmarket.com\/pl\/wp-json\/wp\/v2\/product_cat?post=20168"},{"taxonomy":"product_tag","embeddable":true,"href":"https:\/\/chiptuningmarket.com\/pl\/wp-json\/wp\/v2\/product_tag?post=20168"}],"curies":[{"name":"wp","href":"https:\/\/api.w.org\/{rel}","templated":true}]}}