{"id":202078,"date":"2025-09-04T14:03:52","date_gmt":"2025-09-04T13:03:52","guid":{"rendered":"https:\/\/chiptuningmarket.com\/?post_type=product&#038;p=202078"},"modified":"2026-04-03T13:00:57","modified_gmt":"2026-04-03T12:00:57","slug":"bezprzewodowy-adapter-mhd-do-bmw","status":"publish","type":"product","link":"https:\/\/chiptuningmarket.com\/pl\/shop\/programatory-pl\/programatory-uniwersalne-pl\/bezprzewodowy-adapter-mhd-do-bmw\/","title":{"rendered":"Bezprzewodowy adapter MHD do BMW"},"content":{"rendered":"<h4><span dir=\"auto\">Bezprzewodowy adapter drugiej generacji do samochod\u00f3w BMW serii E, F i G. Obs\u0142uguje diagnostyk\u0119, kodowanie, programowanie i chiptuning samochod\u00f3w BMW oraz Toyoty Supra.<\/span><\/h4>\n<p><span dir=\"auto\">Adapter drugiej generacji ca\u0142kowicie zast\u0119puje dwa oddzielne adaptery pierwszej generacji.<\/span><br \/>\n<span dir=\"auto\">Chocia\u017c adapter s\u0142u\u017cy g\u0142\u00f3wnie do chiptuningu i tuningu samochodowego za pomoc\u0105 MHD Flasher, jest kompatybilny z innymi programami do obs\u0142ugi BMW.<\/span><\/p>\n<h4><span dir=\"auto\">Z jakimi programami wsp\u00f3\u0142pracuje adapter bezprzewodowy MHD?<\/span><\/h4>\n<ul>\n<li><strong><span dir=\"auto\">MHD Flasher<\/span><\/strong><span dir=\"auto\">\u00a0\u2013 chiptuning Stage 1, Stage 2, Stage 3 dla silnik\u00f3w BMW N54, N55, S55, B58, S58, S63 i N13<\/span><\/li>\n<li><strong><span dir=\"auto\">BimmerCode<\/span><\/strong><span dir=\"auto\">\u00a0&#8211; opcje kodowania i odblokowywania samochod\u00f3w serii E, F, G, U, w tym najnowszych<\/span><\/li>\n<li><strong><span dir=\"auto\">BimmerLink<\/span><\/strong><span dir=\"auto\">\u00a0&#8211; diagnostyka i kasowanie serwis\u00f3w dla samochod\u00f3w serii E, F, G, U, w tym najnowszych<\/span><\/li>\n<li><strong><span dir=\"auto\">xHP<\/span><\/strong><span dir=\"auto\">\u00a0&#8211; chiptuning dla BMW 6 KM, 8 KM, automatyczne skrzynie bieg\u00f3w DCT<\/span><\/li>\n<li><strong><span dir=\"auto\">xDelete<\/span><\/strong><span dir=\"auto\">\u00a0\u2013 programowe od\u0142\u0105czanie nap\u0119du na przednie ko\u0142a w samochodach Xdrive<\/span><\/li>\n<li><strong><span dir=\"auto\">Thor flasher<\/span><\/strong><span dir=\"auto\">\u00a0&#8211; chip tuning dla DCT, DSC, LSD i wzmacniacza uk\u0142adu kierowniczego dla M2, M3 i M4<\/span><\/li>\n<li><strong><span dir=\"auto\">BimmerGeeks ProTool<\/span><\/strong><span dir=\"auto\">\u00a0\u2013 diagnostyka, kodowanie i serwisowanie samochod\u00f3w BMW<\/span><\/li>\n<\/ul>\n<p><strong><span dir=\"auto\">Uwaga!<\/span><\/strong><span dir=\"auto\">\u00a0Programy s\u0105 p\u0142atne, a ich koszt nie jest wliczony w cen\u0119 adaptera. Programy s\u0105 kupowane przez u\u017cytkownika we w\u0142asnym zakresie. Mo\u017cemy jedynie pom\u00f3c w ZAKUPIE program\u00f3w. Nie zapewniamy wsparcia technicznego w zakresie dzia\u0142ania i funkcjonalno\u015bci wy\u017cej wymienionych program\u00f3w. Wszelkie pytania i uwagi prosimy kierowa\u0107 do tw\u00f3rc\u00f3w oprogramowania.<\/span><\/p>\n<p><span dir=\"auto\">Po\u0142\u0105czenie adaptera z urz\u0105dzeniami mobilnymi odbywa si\u0119 za po\u015brednictwem sieci Wi-Fi.<\/span><\/p>\n<h4><span dir=\"auto\">Pakiet zawiera:<\/span><\/h4>\n<ul>\n<li><span dir=\"auto\">Bezprzewodowy adapter MHD<\/span><\/li>\n<\/ul>\n","protected":false},"excerpt":{"rendered":"<h4><span dir=\"auto\">Bezprzewodowy adapter drugiej generacji do samochod\u00f3w BMW serii E, F i G. Obs\u0142uguje diagnostyk\u0119, kodowanie, programowanie i chiptuning samochod\u00f3w BMW oraz Toyoty Supra.<\/span><\/h4>\n<p><span dir=\"auto\">Adapter drugiej generacji ca\u0142kowicie zast\u0119puje dwa oddzielne adaptery pierwszej generacji.<\/span><br \/>\n<span dir=\"auto\">Chocia\u017c adapter s\u0142u\u017cy g\u0142\u00f3wnie do chiptuningu i tuningu samochodowego za pomoc\u0105 MHD Flasher, jest kompatybilny z innymi programami do obs\u0142ugi BMW.<\/span><\/p>\n","protected":false},"featured_media":202101,"template":"","meta":{"_monsterinsights_skip_tracking":false,"_monsterinsights_sitenote_active":false,"_monsterinsights_sitenote_note":"","_monsterinsights_sitenote_category":0},"product_brand":[],"product_cat":[5203,5259,5064,5065,5059],"product_tag":[8126,8122,8129,8127,8128],"class_list":{"0":"post-202078","1":"product","2":"type-product","3":"status-publish","4":"has-post-thumbnail","6":"product_cat-chiptuning-programatory-2-pl","7":"product_cat-osobowe-urzadzenia-diagnostyczne-pl","8":"product_cat-programatory-pl","9":"product_cat-programatory-uniwersalne-pl","10":"product_cat-urzadzenia-diagnostyczne-pl-pl","11":"product_tag-adapter-obd2","12":"product_tag-diagnostyka-bmw","13":"product_tag-flashowanie-ecu","14":"product_tag-mhd","15":"product_tag-tuning-bmw","17":"first","18":"instock","19":"taxable","20":"shipping-taxable","21":"purchasable","22":"product-type-simple"},"yoast_head":"<!-- This site is optimized with the Yoast SEO plugin v25.2 - https:\/\/yoast.com\/wordpress\/plugins\/seo\/ -->\n<title>Bezprzewodowy adapter MHD do BMW - Chiptuningmarket<\/title>\n<meta name=\"description\" content=\"Bezprzewodowy adapter drugiej generacji do samochod\u00f3w BMW serii E, F i G. Obs\u0142uguje diagnostyk\u0119, kodowanie, programowanie i chiptuning samochod\u00f3w BMW oraz Toyoty Supra.Adapter drugiej generacji ca\u0142kowicie zast\u0119puje dwa oddzielne adaptery pierwszej generacji.Chocia\u017c adapter s\u0142u\u017cy g\u0142\u00f3wnie do chiptuningu i tuningu samochodowego za pomoc\u0105 MHD Flasher, jest kompatybilny z innymi programami do obs\u0142ugi BMW.\" \/>\n<meta name=\"robots\" content=\"index, follow, max-snippet:-1, max-image-preview:large, max-video-preview:-1\" \/>\n<link rel=\"canonical\" href=\"https:\/\/chiptuningmarket.com\/pl\/shop\/programatory-pl\/programatory-uniwersalne-pl\/bezprzewodowy-adapter-mhd-do-bmw\/\" \/>\n<meta property=\"og:locale\" content=\"pl_PL\" \/>\n<meta property=\"og:type\" content=\"article\" \/>\n<meta property=\"og:title\" content=\"Bezprzewodowy adapter MHD do BMW - Chiptuningmarket\" \/>\n<meta property=\"og:description\" content=\"Bezprzewodowy adapter drugiej generacji do samochod\u00f3w BMW serii E, F i G. Obs\u0142uguje diagnostyk\u0119, kodowanie, programowanie i chiptuning samochod\u00f3w BMW oraz Toyoty Supra.Adapter drugiej generacji ca\u0142kowicie zast\u0119puje dwa oddzielne adaptery pierwszej generacji.Chocia\u017c adapter s\u0142u\u017cy g\u0142\u00f3wnie do chiptuningu i tuningu samochodowego za pomoc\u0105 MHD Flasher, jest kompatybilny z innymi programami do obs\u0142ugi BMW.\" \/>\n<meta property=\"og:url\" content=\"https:\/\/chiptuningmarket.com\/pl\/shop\/programatory-pl\/programatory-uniwersalne-pl\/bezprzewodowy-adapter-mhd-do-bmw\/\" \/>\n<meta property=\"og:site_name\" content=\"Chiptuningmarket\" \/>\n<meta property=\"article:modified_time\" content=\"2026-04-03T12:00:57+00:00\" \/>\n<meta property=\"og:image\" content=\"https:\/\/chiptuningmarket.com\/wp-content\/uploads\/2025\/09\/Bezprzewodowy-adapter-MHD-do-BMW-1.webp\" \/>\n\t<meta property=\"og:image:width\" content=\"1000\" \/>\n\t<meta property=\"og:image:height\" content=\"1000\" \/>\n\t<meta property=\"og:image:type\" content=\"image\/webp\" \/>\n<meta name=\"twitter:card\" content=\"summary_large_image\" \/>\n<meta name=\"twitter:label1\" content=\"Szacowany czas czytania\" \/>\n\t<meta name=\"twitter:data1\" content=\"2 minuty\" \/>\n<script type=\"application\/ld+json\" class=\"yoast-schema-graph\">{\"@context\":\"https:\/\/schema.org\",\"@graph\":[{\"@type\":\"WebPage\",\"@id\":\"https:\/\/chiptuningmarket.com\/pl\/shop\/programatory-pl\/programatory-uniwersalne-pl\/bezprzewodowy-adapter-mhd-do-bmw\/\",\"url\":\"https:\/\/chiptuningmarket.com\/pl\/shop\/programatory-pl\/programatory-uniwersalne-pl\/bezprzewodowy-adapter-mhd-do-bmw\/\",\"name\":\"Bezprzewodowy adapter MHD do BMW - Chiptuningmarket\",\"isPartOf\":{\"@id\":\"https:\/\/chiptuningmarket.com\/ru\/#website\"},\"primaryImageOfPage\":{\"@id\":\"https:\/\/chiptuningmarket.com\/pl\/shop\/programatory-pl\/programatory-uniwersalne-pl\/bezprzewodowy-adapter-mhd-do-bmw\/#primaryimage\"},\"image\":{\"@id\":\"https:\/\/chiptuningmarket.com\/pl\/shop\/programatory-pl\/programatory-uniwersalne-pl\/bezprzewodowy-adapter-mhd-do-bmw\/#primaryimage\"},\"thumbnailUrl\":\"https:\/\/chiptuningmarket.com\/wp-content\/uploads\/2025\/09\/Bezprzewodowy-adapter-MHD-do-BMW-1.webp\",\"datePublished\":\"2025-09-04T13:03:52+00:00\",\"dateModified\":\"2026-04-03T12:00:57+00:00\",\"description\":\"Bezprzewodowy adapter drugiej generacji do samochod\u00f3w BMW serii E, F i G. Obs\u0142uguje diagnostyk\u0119, kodowanie, programowanie i chiptuning samochod\u00f3w BMW oraz Toyoty Supra.Adapter drugiej generacji ca\u0142kowicie zast\u0119puje dwa oddzielne adaptery pierwszej generacji.Chocia\u017c adapter s\u0142u\u017cy g\u0142\u00f3wnie do chiptuningu i tuningu samochodowego za pomoc\u0105 MHD Flasher, jest kompatybilny z innymi programami do obs\u0142ugi BMW.\",\"breadcrumb\":{\"@id\":\"https:\/\/chiptuningmarket.com\/pl\/shop\/programatory-pl\/programatory-uniwersalne-pl\/bezprzewodowy-adapter-mhd-do-bmw\/#breadcrumb\"},\"inLanguage\":\"pl-PL\",\"potentialAction\":[{\"@type\":\"ReadAction\",\"target\":[\"https:\/\/chiptuningmarket.com\/pl\/shop\/programatory-pl\/programatory-uniwersalne-pl\/bezprzewodowy-adapter-mhd-do-bmw\/\"]}]},{\"@type\":\"ImageObject\",\"inLanguage\":\"pl-PL\",\"@id\":\"https:\/\/chiptuningmarket.com\/pl\/shop\/programatory-pl\/programatory-uniwersalne-pl\/bezprzewodowy-adapter-mhd-do-bmw\/#primaryimage\",\"url\":\"https:\/\/chiptuningmarket.com\/wp-content\/uploads\/2025\/09\/Bezprzewodowy-adapter-MHD-do-BMW-1.webp\",\"contentUrl\":\"https:\/\/chiptuningmarket.com\/wp-content\/uploads\/2025\/09\/Bezprzewodowy-adapter-MHD-do-BMW-1.webp\",\"width\":1000,\"height\":1000},{\"@type\":\"BreadcrumbList\",\"@id\":\"https:\/\/chiptuningmarket.com\/pl\/shop\/programatory-pl\/programatory-uniwersalne-pl\/bezprzewodowy-adapter-mhd-do-bmw\/#breadcrumb\",\"itemListElement\":[{\"@type\":\"ListItem\",\"position\":1,\"name\":\"Home\",\"item\":\"https:\/\/chiptuningmarket.com\/pl\/\"},{\"@type\":\"ListItem\",\"position\":2,\"name\":\"Sklep\",\"item\":\"https:\/\/chiptuningmarket.com\/pl\/shop\/\"},{\"@type\":\"ListItem\",\"position\":3,\"name\":\"Bezprzewodowy adapter MHD do BMW\"}]},{\"@type\":\"WebSite\",\"@id\":\"https:\/\/chiptuningmarket.com\/ru\/#website\",\"url\":\"https:\/\/chiptuningmarket.com\/ru\/\",\"name\":\"Chiptuningmarket\",\"description\":\"Biggest chiptuning shop in Europe\",\"publisher\":{\"@id\":\"https:\/\/chiptuningmarket.com\/ru\/#organization\"},\"alternateName\":\"Worldwide ecu tools supplier\",\"potentialAction\":[{\"@type\":\"SearchAction\",\"target\":{\"@type\":\"EntryPoint\",\"urlTemplate\":\"https:\/\/chiptuningmarket.com\/ru\/?s={search_term_string}\"},\"query-input\":{\"@type\":\"PropertyValueSpecification\",\"valueRequired\":true,\"valueName\":\"search_term_string\"}}],\"inLanguage\":\"pl-PL\"},{\"@type\":\"Organization\",\"@id\":\"https:\/\/chiptuningmarket.com\/ru\/#organization\",\"name\":\"Chiptuningmarket\",\"alternateName\":\"Chiptuning tools supplier\",\"url\":\"https:\/\/chiptuningmarket.com\/ru\/\",\"logo\":{\"@type\":\"ImageObject\",\"inLanguage\":\"pl-PL\",\"@id\":\"https:\/\/chiptuningmarket.com\/ru\/#\/schema\/logo\/image\/\",\"url\":\"https:\/\/chiptuningmarket.com\/wp-content\/uploads\/2023\/05\/logo-ChipTuningMarket-social.png\",\"contentUrl\":\"https:\/\/chiptuningmarket.com\/wp-content\/uploads\/2023\/05\/logo-ChipTuningMarket-social.png\",\"width\":512,\"height\":512,\"caption\":\"Chiptuningmarket\"},\"image\":{\"@id\":\"https:\/\/chiptuningmarket.com\/ru\/#\/schema\/logo\/image\/\"}}]}<\/script>\n<!-- \/ Yoast SEO plugin. -->","yoast_head_json":{"title":"Bezprzewodowy adapter MHD do BMW - Chiptuningmarket","description":"Bezprzewodowy adapter drugiej generacji do samochod\u00f3w BMW serii E, F i G. Obs\u0142uguje diagnostyk\u0119, kodowanie, programowanie i chiptuning samochod\u00f3w BMW oraz Toyoty Supra.Adapter drugiej generacji ca\u0142kowicie zast\u0119puje dwa oddzielne adaptery pierwszej generacji.Chocia\u017c adapter s\u0142u\u017cy g\u0142\u00f3wnie do chiptuningu i tuningu samochodowego za pomoc\u0105 MHD Flasher, jest kompatybilny z innymi programami do obs\u0142ugi BMW.","robots":{"index":"index","follow":"follow","max-snippet":"max-snippet:-1","max-image-preview":"max-image-preview:large","max-video-preview":"max-video-preview:-1"},"canonical":"https:\/\/chiptuningmarket.com\/pl\/shop\/programatory-pl\/programatory-uniwersalne-pl\/bezprzewodowy-adapter-mhd-do-bmw\/","og_locale":"pl_PL","og_type":"article","og_title":"Bezprzewodowy adapter MHD do BMW - Chiptuningmarket","og_description":"Bezprzewodowy adapter drugiej generacji do samochod\u00f3w BMW serii E, F i G. Obs\u0142uguje diagnostyk\u0119, kodowanie, programowanie i chiptuning samochod\u00f3w BMW oraz Toyoty Supra.Adapter drugiej generacji ca\u0142kowicie zast\u0119puje dwa oddzielne adaptery pierwszej generacji.Chocia\u017c adapter s\u0142u\u017cy g\u0142\u00f3wnie do chiptuningu i tuningu samochodowego za pomoc\u0105 MHD Flasher, jest kompatybilny z innymi programami do obs\u0142ugi BMW.","og_url":"https:\/\/chiptuningmarket.com\/pl\/shop\/programatory-pl\/programatory-uniwersalne-pl\/bezprzewodowy-adapter-mhd-do-bmw\/","og_site_name":"Chiptuningmarket","article_modified_time":"2026-04-03T12:00:57+00:00","og_image":[{"width":1000,"height":1000,"url":"https:\/\/chiptuningmarket.com\/wp-content\/uploads\/2025\/09\/Bezprzewodowy-adapter-MHD-do-BMW-1.webp","type":"image\/webp"}],"twitter_card":"summary_large_image","twitter_misc":{"Szacowany czas czytania":"2 minuty"},"schema":{"@context":"https:\/\/schema.org","@graph":[{"@type":"WebPage","@id":"https:\/\/chiptuningmarket.com\/pl\/shop\/programatory-pl\/programatory-uniwersalne-pl\/bezprzewodowy-adapter-mhd-do-bmw\/","url":"https:\/\/chiptuningmarket.com\/pl\/shop\/programatory-pl\/programatory-uniwersalne-pl\/bezprzewodowy-adapter-mhd-do-bmw\/","name":"Bezprzewodowy adapter MHD do BMW - Chiptuningmarket","isPartOf":{"@id":"https:\/\/chiptuningmarket.com\/ru\/#website"},"primaryImageOfPage":{"@id":"https:\/\/chiptuningmarket.com\/pl\/shop\/programatory-pl\/programatory-uniwersalne-pl\/bezprzewodowy-adapter-mhd-do-bmw\/#primaryimage"},"image":{"@id":"https:\/\/chiptuningmarket.com\/pl\/shop\/programatory-pl\/programatory-uniwersalne-pl\/bezprzewodowy-adapter-mhd-do-bmw\/#primaryimage"},"thumbnailUrl":"https:\/\/chiptuningmarket.com\/wp-content\/uploads\/2025\/09\/Bezprzewodowy-adapter-MHD-do-BMW-1.webp","datePublished":"2025-09-04T13:03:52+00:00","dateModified":"2026-04-03T12:00:57+00:00","description":"Bezprzewodowy adapter drugiej generacji do samochod\u00f3w BMW serii E, F i G. Obs\u0142uguje diagnostyk\u0119, kodowanie, programowanie i chiptuning samochod\u00f3w BMW oraz Toyoty Supra.Adapter drugiej generacji ca\u0142kowicie zast\u0119puje dwa oddzielne adaptery pierwszej generacji.Chocia\u017c adapter s\u0142u\u017cy g\u0142\u00f3wnie do chiptuningu i tuningu samochodowego za pomoc\u0105 MHD Flasher, jest kompatybilny z innymi programami do obs\u0142ugi BMW.","breadcrumb":{"@id":"https:\/\/chiptuningmarket.com\/pl\/shop\/programatory-pl\/programatory-uniwersalne-pl\/bezprzewodowy-adapter-mhd-do-bmw\/#breadcrumb"},"inLanguage":"pl-PL","potentialAction":[{"@type":"ReadAction","target":["https:\/\/chiptuningmarket.com\/pl\/shop\/programatory-pl\/programatory-uniwersalne-pl\/bezprzewodowy-adapter-mhd-do-bmw\/"]}]},{"@type":"ImageObject","inLanguage":"pl-PL","@id":"https:\/\/chiptuningmarket.com\/pl\/shop\/programatory-pl\/programatory-uniwersalne-pl\/bezprzewodowy-adapter-mhd-do-bmw\/#primaryimage","url":"https:\/\/chiptuningmarket.com\/wp-content\/uploads\/2025\/09\/Bezprzewodowy-adapter-MHD-do-BMW-1.webp","contentUrl":"https:\/\/chiptuningmarket.com\/wp-content\/uploads\/2025\/09\/Bezprzewodowy-adapter-MHD-do-BMW-1.webp","width":1000,"height":1000},{"@type":"BreadcrumbList","@id":"https:\/\/chiptuningmarket.com\/pl\/shop\/programatory-pl\/programatory-uniwersalne-pl\/bezprzewodowy-adapter-mhd-do-bmw\/#breadcrumb","itemListElement":[{"@type":"ListItem","position":1,"name":"Home","item":"https:\/\/chiptuningmarket.com\/pl\/"},{"@type":"ListItem","position":2,"name":"Sklep","item":"https:\/\/chiptuningmarket.com\/pl\/shop\/"},{"@type":"ListItem","position":3,"name":"Bezprzewodowy adapter MHD do BMW"}]},{"@type":"WebSite","@id":"https:\/\/chiptuningmarket.com\/ru\/#website","url":"https:\/\/chiptuningmarket.com\/ru\/","name":"Chiptuningmarket","description":"Biggest chiptuning shop in Europe","publisher":{"@id":"https:\/\/chiptuningmarket.com\/ru\/#organization"},"alternateName":"Worldwide ecu tools supplier","potentialAction":[{"@type":"SearchAction","target":{"@type":"EntryPoint","urlTemplate":"https:\/\/chiptuningmarket.com\/ru\/?s={search_term_string}"},"query-input":{"@type":"PropertyValueSpecification","valueRequired":true,"valueName":"search_term_string"}}],"inLanguage":"pl-PL"},{"@type":"Organization","@id":"https:\/\/chiptuningmarket.com\/ru\/#organization","name":"Chiptuningmarket","alternateName":"Chiptuning tools supplier","url":"https:\/\/chiptuningmarket.com\/ru\/","logo":{"@type":"ImageObject","inLanguage":"pl-PL","@id":"https:\/\/chiptuningmarket.com\/ru\/#\/schema\/logo\/image\/","url":"https:\/\/chiptuningmarket.com\/wp-content\/uploads\/2023\/05\/logo-ChipTuningMarket-social.png","contentUrl":"https:\/\/chiptuningmarket.com\/wp-content\/uploads\/2023\/05\/logo-ChipTuningMarket-social.png","width":512,"height":512,"caption":"Chiptuningmarket"},"image":{"@id":"https:\/\/chiptuningmarket.com\/ru\/#\/schema\/logo\/image\/"}}]}},"_links":{"self":[{"href":"https:\/\/chiptuningmarket.com\/pl\/wp-json\/wp\/v2\/product\/202078","targetHints":{"allow":["GET"]}}],"collection":[{"href":"https:\/\/chiptuningmarket.com\/pl\/wp-json\/wp\/v2\/product"}],"about":[{"href":"https:\/\/chiptuningmarket.com\/pl\/wp-json\/wp\/v2\/types\/product"}],"wp:featuredmedia":[{"embeddable":true,"href":"https:\/\/chiptuningmarket.com\/pl\/wp-json\/wp\/v2\/media\/202101"}],"wp:attachment":[{"href":"https:\/\/chiptuningmarket.com\/pl\/wp-json\/wp\/v2\/media?parent=202078"}],"wp:term":[{"taxonomy":"product_brand","embeddable":true,"href":"https:\/\/chiptuningmarket.com\/pl\/wp-json\/wp\/v2\/product_brand?post=202078"},{"taxonomy":"product_cat","embeddable":true,"href":"https:\/\/chiptuningmarket.com\/pl\/wp-json\/wp\/v2\/product_cat?post=202078"},{"taxonomy":"product_tag","embeddable":true,"href":"https:\/\/chiptuningmarket.com\/pl\/wp-json\/wp\/v2\/product_tag?post=202078"}],"curies":[{"name":"wp","href":"https:\/\/api.w.org\/{rel}","templated":true}]}}