{"id":20662,"date":"2022-07-11T09:42:33","date_gmt":"2022-07-11T08:42:33","guid":{"rendered":"https:\/\/chiptuningmarket.com\/?post_type=product&#038;p=20662"},"modified":"2022-07-11T10:08:56","modified_gmt":"2022-07-11T10:08:56","slug":"hptuners-pro-pro-link","status":"publish","type":"product","link":"https:\/\/chiptuningmarket.com\/pl\/shop\/programatory-pl\/chiptuning-programatory-2-pl\/hp-tuners-chiptuning-programatory-2-pl\/hptuners-pro-pro-link\/","title":{"rendered":"\u00a0HpTuners Pro Link+"},"content":{"rendered":"<h3 style=\"text-align: center;\"><strong>\u00a0HpTuners Pro Link+<\/strong><\/h3>\n<p><img decoding=\"async\" class=\"size-full wp-image-20656 aligncenter\" src=\"https:\/\/chiptuningmarket.com\/wp-content\/uploads\/2022\/07\/ProFeatures_324x324-e1629155046150.jpg\" alt=\"HpTuners Pro Feature Set\" width=\"324\" height=\"324\" srcset=\"https:\/\/chiptuningmarket.com\/wp-content\/uploads\/2022\/07\/ProFeatures_324x324-e1629155046150.jpg 324w, https:\/\/chiptuningmarket.com\/wp-content\/uploads\/2022\/07\/ProFeatures_324x324-e1629155046150-300x300.jpg 300w, https:\/\/chiptuningmarket.com\/wp-content\/uploads\/2022\/07\/ProFeatures_324x324-e1629155046150-150x150.jpg 150w, https:\/\/chiptuningmarket.com\/wp-content\/uploads\/2022\/07\/ProFeatures_324x324-e1629155046150-100x100.jpg 100w\" sizes=\"(max-width: 324px) 100vw, 324px\" \/><br \/>\nPro Link jest najlepszym rozwi\u0105zaniem dla Ciebie, pozwalaj\u0105c na jednoczesne wykorzystanie 2x analogowych sygna\u0142\u00f3w wej\u015bciowych i 1x sygna\u0142u wej\u015bciowego magistrali CAN.<\/p>\n<p><img decoding=\"async\" class=\"size-full wp-image-20658 aligncenter\" src=\"https:\/\/chiptuningmarket.com\/wp-content\/uploads\/2022\/07\/PROLINKplus-324x324-1.jpg\" alt=\"HpTuners Pro Feature Set\" width=\"324\" height=\"324\" srcset=\"https:\/\/chiptuningmarket.com\/wp-content\/uploads\/2022\/07\/PROLINKplus-324x324-1.jpg 324w, https:\/\/chiptuningmarket.com\/wp-content\/uploads\/2022\/07\/PROLINKplus-324x324-1-300x300.jpg 300w, https:\/\/chiptuningmarket.com\/wp-content\/uploads\/2022\/07\/PROLINKplus-324x324-1-150x150.jpg 150w, https:\/\/chiptuningmarket.com\/wp-content\/uploads\/2022\/07\/PROLINKplus-324x324-1-100x100.jpg 100w\" sizes=\"(max-width: 324px) 100vw, 324px\" \/><br \/>\nSamodzielna rejestracja danych, logowanie<br \/>\nSamodzielna rejestracja danych umo\u017cliwia zapisywanie danych bezpo\u015brednio w pami\u0119ci wewn\u0119trznej MPVI2+ bez konieczno\u015bci pod\u0142\u0105czania laptopa. Gromadzenie danych podczas jazdy jest teraz \u0142atwiejsze ni\u017c kiedykolwiek. \u0141atwe rejestrowanie danych pojazdu w podr\u00f3\u017cy za pomoc\u0105 przycisku lub ustawionych wcze\u015bniej wyzwalaczy start\/stop. Nast\u0119pnie, w dogodnym momencie, mo\u017cesz oceni\u0107 i dostosowa\u0107 warunki startu\/zatrzymania bezpo\u015brednio na komputerze lub laptopie.<\/p>\n<p>&nbsp;<\/p>\n<p>Ta funkcja jest dost\u0119pna jako bezp\u0142atna aktualizacja dla wszystkich urz\u0105dze\u0144 MPVI2+ z zestawem funkcji Pro. Obecnie wi\u0119kszo\u015b\u0107 sterownik\u00f3w obs\u0142ugiwanych przez VCM Scanner jest dost\u0119pna dla funkcji Standalone Data Logging, wi\u0119cej szczeg\u00f3\u0142\u00f3w znajdziesz w podr\u0119czniku u\u017cytkownika.<\/p>\n<p><img decoding=\"async\" class=\"size-full wp-image-20661 aligncenter\" src=\"https:\/\/chiptuningmarket.com\/wp-content\/uploads\/2022\/07\/standaloneloggingplus_CAROUSEL-e1627873527643-1.jpg\" alt=\"HpTuners Pro Feature Set\" width=\"1950\" height=\"650\" srcset=\"https:\/\/chiptuningmarket.com\/wp-content\/uploads\/2022\/07\/standaloneloggingplus_CAROUSEL-e1627873527643-1.jpg 1950w, https:\/\/chiptuningmarket.com\/wp-content\/uploads\/2022\/07\/standaloneloggingplus_CAROUSEL-e1627873527643-1-300x100.jpg 300w, https:\/\/chiptuningmarket.com\/wp-content\/uploads\/2022\/07\/standaloneloggingplus_CAROUSEL-e1627873527643-1-1024x341.jpg 1024w, https:\/\/chiptuningmarket.com\/wp-content\/uploads\/2022\/07\/standaloneloggingplus_CAROUSEL-e1627873527643-1-768x256.jpg 768w, https:\/\/chiptuningmarket.com\/wp-content\/uploads\/2022\/07\/standaloneloggingplus_CAROUSEL-e1627873527643-1-1536x512.jpg 1536w, https:\/\/chiptuningmarket.com\/wp-content\/uploads\/2022\/07\/standaloneloggingplus_CAROUSEL-e1627873527643-1-600x200.jpg 600w\" sizes=\"(max-width: 1950px) 100vw, 1950px\" \/><\/p>\n<p>W ofercie posiadamy r\u00f3wnie\u017c:<br \/>\n<a href=\"https:\/\/chiptuningmarket.com\/pl\/shop\/chiptuning-programatory\/bflash-pl\/bflash-master\/\"><span style=\"color: #0000ff;\">bFlash Master<\/span> <\/a><br \/>\n<a href=\"https:\/\/chiptuningmarket.com\/pl\/shop\/testery-diagnostyczne-diagnoskopy\/topdon\/topdon-phoenix-elite\/\"><span style=\"color: #0000ff;\">TOPDON Phoenix Elite<\/span> <\/a><\/p>\n","protected":false},"excerpt":{"rendered":"<p>Pro Link jest najlepszym rozwi\u0105zaniem dla Ciebie, pozwalaj\u0105c na jednoczesne wykorzystanie 2x analogowych sygna\u0142\u00f3w wej\u015bciowych i 1x sygna\u0142u wej\u015bciowego magistrali CAN.<\/p>\n","protected":false},"featured_media":20656,"template":"","meta":{"_monsterinsights_skip_tracking":false,"_monsterinsights_sitenote_active":false,"_monsterinsights_sitenote_note":"","_monsterinsights_sitenote_category":0},"product_brand":[],"product_cat":[5064,5203,5212],"product_tag":[4493],"class_list":{"0":"post-20662","1":"product","2":"type-product","3":"status-publish","4":"has-post-thumbnail","6":"product_cat-programatory-pl","7":"product_cat-chiptuning-programatory-2-pl","8":"product_cat-hp-tuners-chiptuning-programatory-2-pl","9":"product_tag-hptuners-3-pl","11":"first","12":"outofstock","13":"taxable","14":"shipping-taxable","15":"purchasable","16":"product-type-simple"},"yoast_head":"<!-- This site is optimized with the Yoast SEO plugin v25.2 - https:\/\/yoast.com\/wordpress\/plugins\/seo\/ -->\n<title>\u00a0HpTuners Pro Link+ - Chiptuningmarket<\/title>\n<meta name=\"description\" content=\"Pro Link jest najlepszym rozwi\u0105zaniem dla Ciebie, pozwalaj\u0105c na jednoczesne wykorzystanie 2x analogowych sygna\u0142\u00f3w wej\u015bciowych i 1x sygna\u0142u wej\u015bciowego magistrali CAN.\" \/>\n<meta name=\"robots\" content=\"index, follow, max-snippet:-1, max-image-preview:large, max-video-preview:-1\" \/>\n<link rel=\"canonical\" href=\"https:\/\/chiptuningmarket.com\/pl\/shop\/programatory-pl\/chiptuning-programatory-2-pl\/hp-tuners-chiptuning-programatory-2-pl\/hptuners-pro-pro-link\/\" \/>\n<meta property=\"og:locale\" content=\"pl_PL\" \/>\n<meta property=\"og:type\" content=\"article\" \/>\n<meta property=\"og:title\" content=\"\u00a0HpTuners Pro Link+ - Chiptuningmarket\" \/>\n<meta property=\"og:description\" content=\"Pro Link jest najlepszym rozwi\u0105zaniem dla Ciebie, pozwalaj\u0105c na jednoczesne wykorzystanie 2x analogowych sygna\u0142\u00f3w wej\u015bciowych i 1x sygna\u0142u wej\u015bciowego magistrali CAN.\" \/>\n<meta property=\"og:url\" content=\"https:\/\/chiptuningmarket.com\/pl\/shop\/programatory-pl\/chiptuning-programatory-2-pl\/hp-tuners-chiptuning-programatory-2-pl\/hptuners-pro-pro-link\/\" \/>\n<meta property=\"og:site_name\" content=\"Chiptuningmarket\" \/>\n<meta property=\"article:modified_time\" content=\"2022-07-11T10:08:56+00:00\" \/>\n<meta property=\"og:image\" content=\"https:\/\/chiptuningmarket.com\/wp-content\/uploads\/2022\/07\/ProFeatures_324x324-e1629155046150.jpg\" \/>\n\t<meta property=\"og:image:width\" content=\"324\" \/>\n\t<meta property=\"og:image:height\" content=\"324\" \/>\n\t<meta property=\"og:image:type\" content=\"image\/jpeg\" \/>\n<meta name=\"twitter:card\" content=\"summary_large_image\" \/>\n<meta name=\"twitter:label1\" content=\"Szacowany czas czytania\" \/>\n\t<meta name=\"twitter:data1\" content=\"2 minuty\" \/>\n<script type=\"application\/ld+json\" class=\"yoast-schema-graph\">{\"@context\":\"https:\/\/schema.org\",\"@graph\":[{\"@type\":\"WebPage\",\"@id\":\"https:\/\/chiptuningmarket.com\/pl\/shop\/programatory-pl\/chiptuning-programatory-2-pl\/hp-tuners-chiptuning-programatory-2-pl\/hptuners-pro-pro-link\/\",\"url\":\"https:\/\/chiptuningmarket.com\/pl\/shop\/programatory-pl\/chiptuning-programatory-2-pl\/hp-tuners-chiptuning-programatory-2-pl\/hptuners-pro-pro-link\/\",\"name\":\"\u00a0HpTuners Pro Link+ - Chiptuningmarket\",\"isPartOf\":{\"@id\":\"https:\/\/chiptuningmarket.com\/pl\/#website\"},\"primaryImageOfPage\":{\"@id\":\"https:\/\/chiptuningmarket.com\/pl\/shop\/programatory-pl\/chiptuning-programatory-2-pl\/hp-tuners-chiptuning-programatory-2-pl\/hptuners-pro-pro-link\/#primaryimage\"},\"image\":{\"@id\":\"https:\/\/chiptuningmarket.com\/pl\/shop\/programatory-pl\/chiptuning-programatory-2-pl\/hp-tuners-chiptuning-programatory-2-pl\/hptuners-pro-pro-link\/#primaryimage\"},\"thumbnailUrl\":\"https:\/\/chiptuningmarket.com\/wp-content\/uploads\/2022\/07\/ProFeatures_324x324-e1629155046150.jpg\",\"datePublished\":\"2022-07-11T08:42:33+00:00\",\"dateModified\":\"2022-07-11T10:08:56+00:00\",\"description\":\"Pro Link jest najlepszym rozwi\u0105zaniem dla Ciebie, pozwalaj\u0105c na jednoczesne wykorzystanie 2x analogowych sygna\u0142\u00f3w wej\u015bciowych i 1x sygna\u0142u wej\u015bciowego magistrali CAN.\",\"breadcrumb\":{\"@id\":\"https:\/\/chiptuningmarket.com\/pl\/shop\/programatory-pl\/chiptuning-programatory-2-pl\/hp-tuners-chiptuning-programatory-2-pl\/hptuners-pro-pro-link\/#breadcrumb\"},\"inLanguage\":\"pl-PL\",\"potentialAction\":[{\"@type\":\"ReadAction\",\"target\":[\"https:\/\/chiptuningmarket.com\/pl\/shop\/programatory-pl\/chiptuning-programatory-2-pl\/hp-tuners-chiptuning-programatory-2-pl\/hptuners-pro-pro-link\/\"]}]},{\"@type\":\"ImageObject\",\"inLanguage\":\"pl-PL\",\"@id\":\"https:\/\/chiptuningmarket.com\/pl\/shop\/programatory-pl\/chiptuning-programatory-2-pl\/hp-tuners-chiptuning-programatory-2-pl\/hptuners-pro-pro-link\/#primaryimage\",\"url\":\"https:\/\/chiptuningmarket.com\/wp-content\/uploads\/2022\/07\/ProFeatures_324x324-e1629155046150.jpg\",\"contentUrl\":\"https:\/\/chiptuningmarket.com\/wp-content\/uploads\/2022\/07\/ProFeatures_324x324-e1629155046150.jpg\",\"width\":324,\"height\":324,\"caption\":\"HpTuners Pro Feature Set\"},{\"@type\":\"BreadcrumbList\",\"@id\":\"https:\/\/chiptuningmarket.com\/pl\/shop\/programatory-pl\/chiptuning-programatory-2-pl\/hp-tuners-chiptuning-programatory-2-pl\/hptuners-pro-pro-link\/#breadcrumb\",\"itemListElement\":[{\"@type\":\"ListItem\",\"position\":1,\"name\":\"Home\",\"item\":\"https:\/\/chiptuningmarket.com\/pl\/\"},{\"@type\":\"ListItem\",\"position\":2,\"name\":\"Sklep\",\"item\":\"https:\/\/chiptuningmarket.com\/pl\/shop\/\"},{\"@type\":\"ListItem\",\"position\":3,\"name\":\"\u00a0HpTuners Pro Link+\"}]},{\"@type\":\"WebSite\",\"@id\":\"https:\/\/chiptuningmarket.com\/pl\/#website\",\"url\":\"https:\/\/chiptuningmarket.com\/pl\/\",\"name\":\"Chiptuningmarket\",\"description\":\"Biggest chiptuning shop in Europe\",\"publisher\":{\"@id\":\"https:\/\/chiptuningmarket.com\/pl\/#organization\"},\"alternateName\":\"Worldwide ecu tools supplier\",\"potentialAction\":[{\"@type\":\"SearchAction\",\"target\":{\"@type\":\"EntryPoint\",\"urlTemplate\":\"https:\/\/chiptuningmarket.com\/pl\/?s={search_term_string}\"},\"query-input\":{\"@type\":\"PropertyValueSpecification\",\"valueRequired\":true,\"valueName\":\"search_term_string\"}}],\"inLanguage\":\"pl-PL\"},{\"@type\":\"Organization\",\"@id\":\"https:\/\/chiptuningmarket.com\/pl\/#organization\",\"name\":\"Chiptuningmarket\",\"alternateName\":\"Chiptuning tools supplier\",\"url\":\"https:\/\/chiptuningmarket.com\/pl\/\",\"logo\":{\"@type\":\"ImageObject\",\"inLanguage\":\"pl-PL\",\"@id\":\"https:\/\/chiptuningmarket.com\/pl\/#\/schema\/logo\/image\/\",\"url\":\"https:\/\/chiptuningmarket.com\/wp-content\/uploads\/2023\/05\/logo-ChipTuningMarket-social.png\",\"contentUrl\":\"https:\/\/chiptuningmarket.com\/wp-content\/uploads\/2023\/05\/logo-ChipTuningMarket-social.png\",\"width\":512,\"height\":512,\"caption\":\"Chiptuningmarket\"},\"image\":{\"@id\":\"https:\/\/chiptuningmarket.com\/pl\/#\/schema\/logo\/image\/\"}}]}<\/script>\n<!-- \/ Yoast SEO plugin. -->","yoast_head_json":{"title":"\u00a0HpTuners Pro Link+ - Chiptuningmarket","description":"Pro Link jest najlepszym rozwi\u0105zaniem dla Ciebie, pozwalaj\u0105c na jednoczesne wykorzystanie 2x analogowych sygna\u0142\u00f3w wej\u015bciowych i 1x sygna\u0142u wej\u015bciowego magistrali CAN.","robots":{"index":"index","follow":"follow","max-snippet":"max-snippet:-1","max-image-preview":"max-image-preview:large","max-video-preview":"max-video-preview:-1"},"canonical":"https:\/\/chiptuningmarket.com\/pl\/shop\/programatory-pl\/chiptuning-programatory-2-pl\/hp-tuners-chiptuning-programatory-2-pl\/hptuners-pro-pro-link\/","og_locale":"pl_PL","og_type":"article","og_title":"\u00a0HpTuners Pro Link+ - Chiptuningmarket","og_description":"Pro Link jest najlepszym rozwi\u0105zaniem dla Ciebie, pozwalaj\u0105c na jednoczesne wykorzystanie 2x analogowych sygna\u0142\u00f3w wej\u015bciowych i 1x sygna\u0142u wej\u015bciowego magistrali CAN.","og_url":"https:\/\/chiptuningmarket.com\/pl\/shop\/programatory-pl\/chiptuning-programatory-2-pl\/hp-tuners-chiptuning-programatory-2-pl\/hptuners-pro-pro-link\/","og_site_name":"Chiptuningmarket","article_modified_time":"2022-07-11T10:08:56+00:00","og_image":[{"width":324,"height":324,"url":"https:\/\/chiptuningmarket.com\/wp-content\/uploads\/2022\/07\/ProFeatures_324x324-e1629155046150.jpg","type":"image\/jpeg"}],"twitter_card":"summary_large_image","twitter_misc":{"Szacowany czas czytania":"2 minuty"},"schema":{"@context":"https:\/\/schema.org","@graph":[{"@type":"WebPage","@id":"https:\/\/chiptuningmarket.com\/pl\/shop\/programatory-pl\/chiptuning-programatory-2-pl\/hp-tuners-chiptuning-programatory-2-pl\/hptuners-pro-pro-link\/","url":"https:\/\/chiptuningmarket.com\/pl\/shop\/programatory-pl\/chiptuning-programatory-2-pl\/hp-tuners-chiptuning-programatory-2-pl\/hptuners-pro-pro-link\/","name":"\u00a0HpTuners Pro Link+ - Chiptuningmarket","isPartOf":{"@id":"https:\/\/chiptuningmarket.com\/pl\/#website"},"primaryImageOfPage":{"@id":"https:\/\/chiptuningmarket.com\/pl\/shop\/programatory-pl\/chiptuning-programatory-2-pl\/hp-tuners-chiptuning-programatory-2-pl\/hptuners-pro-pro-link\/#primaryimage"},"image":{"@id":"https:\/\/chiptuningmarket.com\/pl\/shop\/programatory-pl\/chiptuning-programatory-2-pl\/hp-tuners-chiptuning-programatory-2-pl\/hptuners-pro-pro-link\/#primaryimage"},"thumbnailUrl":"https:\/\/chiptuningmarket.com\/wp-content\/uploads\/2022\/07\/ProFeatures_324x324-e1629155046150.jpg","datePublished":"2022-07-11T08:42:33+00:00","dateModified":"2022-07-11T10:08:56+00:00","description":"Pro Link jest najlepszym rozwi\u0105zaniem dla Ciebie, pozwalaj\u0105c na jednoczesne wykorzystanie 2x analogowych sygna\u0142\u00f3w wej\u015bciowych i 1x sygna\u0142u wej\u015bciowego magistrali CAN.","breadcrumb":{"@id":"https:\/\/chiptuningmarket.com\/pl\/shop\/programatory-pl\/chiptuning-programatory-2-pl\/hp-tuners-chiptuning-programatory-2-pl\/hptuners-pro-pro-link\/#breadcrumb"},"inLanguage":"pl-PL","potentialAction":[{"@type":"ReadAction","target":["https:\/\/chiptuningmarket.com\/pl\/shop\/programatory-pl\/chiptuning-programatory-2-pl\/hp-tuners-chiptuning-programatory-2-pl\/hptuners-pro-pro-link\/"]}]},{"@type":"ImageObject","inLanguage":"pl-PL","@id":"https:\/\/chiptuningmarket.com\/pl\/shop\/programatory-pl\/chiptuning-programatory-2-pl\/hp-tuners-chiptuning-programatory-2-pl\/hptuners-pro-pro-link\/#primaryimage","url":"https:\/\/chiptuningmarket.com\/wp-content\/uploads\/2022\/07\/ProFeatures_324x324-e1629155046150.jpg","contentUrl":"https:\/\/chiptuningmarket.com\/wp-content\/uploads\/2022\/07\/ProFeatures_324x324-e1629155046150.jpg","width":324,"height":324,"caption":"HpTuners Pro Feature Set"},{"@type":"BreadcrumbList","@id":"https:\/\/chiptuningmarket.com\/pl\/shop\/programatory-pl\/chiptuning-programatory-2-pl\/hp-tuners-chiptuning-programatory-2-pl\/hptuners-pro-pro-link\/#breadcrumb","itemListElement":[{"@type":"ListItem","position":1,"name":"Home","item":"https:\/\/chiptuningmarket.com\/pl\/"},{"@type":"ListItem","position":2,"name":"Sklep","item":"https:\/\/chiptuningmarket.com\/pl\/shop\/"},{"@type":"ListItem","position":3,"name":"\u00a0HpTuners Pro Link+"}]},{"@type":"WebSite","@id":"https:\/\/chiptuningmarket.com\/pl\/#website","url":"https:\/\/chiptuningmarket.com\/pl\/","name":"Chiptuningmarket","description":"Biggest chiptuning shop in Europe","publisher":{"@id":"https:\/\/chiptuningmarket.com\/pl\/#organization"},"alternateName":"Worldwide ecu tools supplier","potentialAction":[{"@type":"SearchAction","target":{"@type":"EntryPoint","urlTemplate":"https:\/\/chiptuningmarket.com\/pl\/?s={search_term_string}"},"query-input":{"@type":"PropertyValueSpecification","valueRequired":true,"valueName":"search_term_string"}}],"inLanguage":"pl-PL"},{"@type":"Organization","@id":"https:\/\/chiptuningmarket.com\/pl\/#organization","name":"Chiptuningmarket","alternateName":"Chiptuning tools supplier","url":"https:\/\/chiptuningmarket.com\/pl\/","logo":{"@type":"ImageObject","inLanguage":"pl-PL","@id":"https:\/\/chiptuningmarket.com\/pl\/#\/schema\/logo\/image\/","url":"https:\/\/chiptuningmarket.com\/wp-content\/uploads\/2023\/05\/logo-ChipTuningMarket-social.png","contentUrl":"https:\/\/chiptuningmarket.com\/wp-content\/uploads\/2023\/05\/logo-ChipTuningMarket-social.png","width":512,"height":512,"caption":"Chiptuningmarket"},"image":{"@id":"https:\/\/chiptuningmarket.com\/pl\/#\/schema\/logo\/image\/"}}]}},"_links":{"self":[{"href":"https:\/\/chiptuningmarket.com\/pl\/wp-json\/wp\/v2\/product\/20662","targetHints":{"allow":["GET"]}}],"collection":[{"href":"https:\/\/chiptuningmarket.com\/pl\/wp-json\/wp\/v2\/product"}],"about":[{"href":"https:\/\/chiptuningmarket.com\/pl\/wp-json\/wp\/v2\/types\/product"}],"wp:featuredmedia":[{"embeddable":true,"href":"https:\/\/chiptuningmarket.com\/pl\/wp-json\/wp\/v2\/media\/20656"}],"wp:attachment":[{"href":"https:\/\/chiptuningmarket.com\/pl\/wp-json\/wp\/v2\/media?parent=20662"}],"wp:term":[{"taxonomy":"product_brand","embeddable":true,"href":"https:\/\/chiptuningmarket.com\/pl\/wp-json\/wp\/v2\/product_brand?post=20662"},{"taxonomy":"product_cat","embeddable":true,"href":"https:\/\/chiptuningmarket.com\/pl\/wp-json\/wp\/v2\/product_cat?post=20662"},{"taxonomy":"product_tag","embeddable":true,"href":"https:\/\/chiptuningmarket.com\/pl\/wp-json\/wp\/v2\/product_tag?post=20662"}],"curies":[{"name":"wp","href":"https:\/\/api.w.org\/{rel}","templated":true}]}}