{"id":21090,"date":"2022-07-20T10:26:21","date_gmt":"2022-07-20T10:26:21","guid":{"rendered":"https:\/\/chiptuningmarket.com\/?post_type=product&#038;p=21090"},"modified":"2025-03-25T12:06:34","modified_gmt":"2025-03-25T11:06:34","slug":"launch-smartlink-c-hd3-glowica-ciezarowe-rolnicze-budowlane","status":"publish","type":"product","link":"https:\/\/chiptuningmarket.com\/pl\/shop\/urzadzenia-diagnostyczne-pl-pl\/loaders-forklifts-marine-pl\/launch-loaders-forklifts-marine-pl\/launch-smartlink-c-hd3-glowica-ciezarowe-rolnicze-budowlane\/","title":{"rendered":"Launch Smartlink C HD3 g\u0142owica ci\u0119\u017carowe rolnicze\u00a0budowlane"},"content":{"rendered":"<h2 style=\"text-align: center\">Launch Smartlink C HD3 g\u0142owica ci\u0119\u017carowe rolnicze budowlane<\/h2>\n<p><a href=\"https:\/\/chiptuningmarket.com\/wp-content\/uploads\/2022\/07\/Launch-bez-znaku-wodnego.png\"><img decoding=\"async\" class=\"aligncenter wp-image-31358 size-large\" src=\"https:\/\/chiptuningmarket.com\/wp-content\/uploads\/2022\/07\/Launch-bez-znaku-wodnego-968x1024.png\" alt=\"\" width=\"968\" height=\"1024\" srcset=\"https:\/\/chiptuningmarket.com\/wp-content\/uploads\/2022\/07\/Launch-bez-znaku-wodnego-968x1024.png 968w, https:\/\/chiptuningmarket.com\/wp-content\/uploads\/2022\/07\/Launch-bez-znaku-wodnego-284x300.png 284w, https:\/\/chiptuningmarket.com\/wp-content\/uploads\/2022\/07\/Launch-bez-znaku-wodnego-768x812.png 768w, https:\/\/chiptuningmarket.com\/wp-content\/uploads\/2022\/07\/Launch-bez-znaku-wodnego-1452x1536.png 1452w, https:\/\/chiptuningmarket.com\/wp-content\/uploads\/2022\/07\/Launch-bez-znaku-wodnego-1936x2048.png 1936w, https:\/\/chiptuningmarket.com\/wp-content\/uploads\/2022\/07\/Launch-bez-znaku-wodnego-600x635.png 600w\" sizes=\"(max-width: 968px) 100vw, 968px\" \/><\/a><\/p>\n<p>&nbsp;<\/p>\n<div class=\"mp4t_16_s mryx_16_s mr3m_1 mli2_1 mh85_56 mh85_0_l\">\n<div class=\"mgn2_16 _0d3bd_5pK0q\">\n<p><strong>Launch z now\u0105 g\u0142owic\u0105 Smartlink C<\/strong> kt\u00f3ra zast\u0105pi\u0142a poprzedni\u0105 wersj\u0119 HDIII to oryginalny adapter firmy Launch do diagnostyki samochod\u00f3w ci\u0119\u017carowych i pojazd\u00f3w u\u017cytkowych.<\/p>\n<p><b>Towar posiadamy na miejscu<\/b><\/p>\n<p><b>G\u0142\u00f3wne cechy HD 3.0:<\/b><\/p>\n<ul>\n<li>Pe\u0142en pakiet oprogramowania, funkcje diagnostyczne dla samochod\u00f3w ci\u0119\u017carowych;<\/li>\n<li>Oprogramowanie diagnostyczne o najwi\u0119kszym zasi\u0119gu dla marek samochod\u00f3w;<\/li>\n<li>Gwarantowana dok\u0142adno\u015b\u0107 danych testowych;<\/li>\n<li>Wersja oprogramowania jest stale aktualizowana i ulepszana, dzi\u0119ki czemu u\u017cytkownicy mog\u0105 korzysta\u0107 z najnowszej funkcjonalno\u015bci oprogramowania diagnostycznego;<\/li>\n<li>Diagnostyka samochod\u00f3w ci\u0119\u017carowych z silnikami diesla z akumulatorami 12 V lub 24 V. Podczas badania samochod\u00f3w ci\u0119\u017carowych 24 V nie ma potrzeby konwersji baterii;<\/li>\n<li>Oprogramowanie urz\u0105dzenia jest opracowywane zgodnie z mi\u0119dzynarodowymi standardami, co zapewnia kompatybilno\u015b\u0107 interfejsu diagnostycznego z du\u017c\u0105 list\u0105 modeli r\u00f3\u017cnych producent\u00f3w z ca\u0142ego \u015bwiata;<\/li>\n<li>W zestawie wiele adapter\u00f3w i kabli do modeli r\u00f3\u017cnych producent\u00f3w.<\/li>\n<li><b>24 miesi\u0105ce aktualizacji w cenie urz\u0105dzenia<\/b><\/li>\n<li><b>Nie blokuje si\u0119 po up\u0142ywie darmowych aktualizacji, dzia\u0142a bez przerwy<\/b><\/li>\n<\/ul>\n<\/div>\n<\/div>\n<p><a href=\"https:\/\/chiptuningmarket.com\/wp-content\/uploads\/2022\/07\/Launch-6-bez-tla-bez-znaku-wodnego.png\"><img decoding=\"async\" class=\"aligncenter wp-image-31373 size-large\" src=\"https:\/\/chiptuningmarket.com\/wp-content\/uploads\/2022\/07\/Launch-6-bez-tla-bez-znaku-wodnego-1024x713.png\" alt=\"\" width=\"1024\" height=\"713\" srcset=\"https:\/\/chiptuningmarket.com\/wp-content\/uploads\/2022\/07\/Launch-6-bez-tla-bez-znaku-wodnego-1024x713.png 1024w, https:\/\/chiptuningmarket.com\/wp-content\/uploads\/2022\/07\/Launch-6-bez-tla-bez-znaku-wodnego-300x209.png 300w, https:\/\/chiptuningmarket.com\/wp-content\/uploads\/2022\/07\/Launch-6-bez-tla-bez-znaku-wodnego-768x534.png 768w, https:\/\/chiptuningmarket.com\/wp-content\/uploads\/2022\/07\/Launch-6-bez-tla-bez-znaku-wodnego-1536x1069.png 1536w, https:\/\/chiptuningmarket.com\/wp-content\/uploads\/2022\/07\/Launch-6-bez-tla-bez-znaku-wodnego-2048x1425.png 2048w, https:\/\/chiptuningmarket.com\/wp-content\/uploads\/2022\/07\/Launch-6-bez-tla-bez-znaku-wodnego-600x418.png 600w\" sizes=\"(max-width: 1024px) 100vw, 1024px\" \/><\/a><\/p>\n<div class=\"mpof_ki myre_zn myre_8v_l _0d3bd_YrWCD\">\n<div class=\"mp4t_16_s mryx_16_s mr3m_1 mli2_1 mh85_56 mh85_0_l\">\n<div class=\"mgn2_16 _0d3bd_5pK0q\">\n<h2>Funkcje diagnostyczne <strong>Launch HD3 Do Samochod\u00f3w Ci\u0119\u017carowych<\/strong>:<\/h2>\n<ul>\n<li>Odczyt kod\u00f3w usterek<\/li>\n<li>Kasowanie kod\u00f3w usterek<\/li>\n<li>Info o ECU<\/li>\n<li>Parametry w czasie rzeczywistym ( w postaci jednostek lub graficznej)<\/li>\n<li>Test element\u00f3w wykonawczych<\/li>\n<li>Kalibracje<\/li>\n<li>Programowanie<\/li>\n<li>Adaptacje<\/li>\n<li>oraz inne<\/li>\n<\/ul>\n<p>Mo\u017cliwo\u015bci urz\u0105dzenia rosn\u0105 wraz z cz\u0119stymi aktualizacjami. W cenie urz\u0105dzenia jest 2 lata. Interesuj\u0105ce funkcje mo\u017cna sprawdzi\u0107 na stronie producenta X431(.com)<\/p>\n<\/div>\n<\/div>\n<\/div>\n<div class=\"mpof_ki myre_zn myre_8v_l _0d3bd_YrWCD\">\n<div class=\"mp4t_16_s mryx_16_s mr3m_1 mli2_1 mh85_56 mh85_0_l\">\n<div class=\"mgn2_16 _0d3bd_5pK0q\">\n<p><b>Obs\u0142ugiwane marki samochod\u00f3w:<\/b><\/p>\n<p>Europa: Mercedes-Benz, Man, Volvo, Scania, lveco, OAF, Renault, Daf, Irisbus, Irizar, Neoplan, Setra<\/p>\n<p>Stany Zjednoczone: Freightliner, International, Kenworth, Peterbilt, Stering, Western Star, Mack, Detroit Engine, Cummins Engine itp.<\/p>\n<p>Azja: Hino, Fuso, Isuzu, UD, Hyundai<\/p>\n<\/div>\n<\/div>\n<\/div>\n<div class=\"mpof_ki myre_zn myre_8v_l _0d3bd_YrWCD\">\n<div class=\"mp4t_16_s mryx_16_s mr3m_1 mli2_1 mh85_56 mh85_0_l\">\n<div class=\"mgn2_16 _0d3bd_5pK0q\">\n<p><b>Zestaw zawiera:<\/b><\/p>\n<ul>\n<li>X-431 HD Box III &#8211; 1 szt.<\/li>\n<li>Adapter Mercedes 14PIN &#8211; 1 szt.<\/li>\n<li>Adapter CAT \/ Carter 9PIN &#8211; 1 szt.<\/li>\n<li>Adapter DONGFENG 16PIN &#8211; 1 szt.<\/li>\n<li>Adapter Hyundai 16PIN &#8211; 1 szt.<\/li>\n<li>Adapter Isuzu 3PIN &#8211; 1 szt.<\/li>\n<li>Adapter IVECO 30PIN &#8211; 1 szt.<\/li>\n<li>Adapter IVECO 38PIN &#8211; 1 szt.<\/li>\n<li>Adapter MAN 12PIN &#8211; 1 szt.<\/li>\n<li>Adapter MAN 37PIN &#8211; 1 szt.<\/li>\n<li>Adapter Mitsubishi 12 + 16PIN &#8211; 1 szt.<\/li>\n<li>Adapter OBD-16 &#8211; 1 szt.<\/li>\n<li>Adapter OBD-6 &#8211; 1 szt.<\/li>\n<li>Adapter OBD-9 &#8211; 1 szt.<\/li>\n<li>Adapter Renault 12PIN &#8211; 1 szt.<\/li>\n<li>Adapter Volvo 8PIN &#8211; 1 szt.<\/li>\n<li>Adapter WP 3PIN &#8211; 1 szt.<\/li>\n<li>Przew\u00f3d g\u0142\u00f3wny &#8211; 1 szt.<\/li>\n<li>Przew\u00f3d USB A do B &#8211; 1 szt.<\/li>\n<li>Zapalniczka &#8211; 1 szt.<\/li>\n<li>Szczypce &#8211; 1 szt.<\/li>\n<li>Skr\u00f3cona instrukcja obs\u0142ugi &#8211; 1 szt.<\/li>\n<li>Przew\u00f3d USB do Micro USB &#8211; 1 szt.<\/li>\n<li>Koperta z PINem &#8211; 1 szt.<\/li>\n<li>Bezpiecznik do c\u0119g\u00f3w 5 * 20 mm &#8211; 4 szt.<\/li>\n<li>Bezpiecznik do zapalniczki 6 * 30 mm &#8211; 2 szt.<\/li>\n<li>Bateria &#8211; 1 szt.<\/li>\n<\/ul>\n<p>&nbsp;<\/p>\n<\/div>\n<\/div>\n<\/div>\n<p><strong>W naszej ofercie r\u00f3wnie\u017c:<br \/>\n<a href=\"https:\/\/chiptuningmarket.com\/pl\/shop\/nowosci\/autocom-aktualizacje-oprogramowania\/\">Autocom Aktualizacje oprogramowania<\/a><br \/>\n<a href=\"https:\/\/ms-group.pl\/product\/autocom-icon-samochody-osobowe-i-ciezarowe\/\">AUTOCOM ICON samochody osobowe i ci\u0119\u017carowe<\/a><br \/>\n<a href=\"https:\/\/ms-group.pl\/product\/autel-maxidas-ms906s\/\">AUTEL MaxiDAS MS906s<\/a><br \/>\n<a style=\"color: blue\" href=\"https:\/\/ms-group.pl\/product\/autel-maxisys-ms909\/\">AUTEL MaxiSYS MS909<\/a><\/strong><\/p>\n<div class=\"mp4t_16_s mryx_16_s mr3m_1 mli2_1 mh85_56 mh85_0_l\">\n<div class=\"mg9e_8 mg9e_0_s mvrt_0_s mj7a_8 mj7a_0_s mh36_0_s mzmg_6m munh_16_l m3h2_16_l\">\n<div class=\"mp4t_0 mryx_0 munh_56 m3h2_56\"><\/div>\n<\/div>\n<\/div>\n","protected":false},"excerpt":{"rendered":"<p>Launch Smartlink C HD3 Do Samochod\u00f3w Ci\u0119\u017carowych to oryginalny adapter firmy Launch do diagnostyki samochod\u00f3w ci\u0119\u017carowych i pojazd\u00f3w u\u017cytkowych.<\/p>\n","protected":false},"featured_media":31358,"template":"","meta":{"_monsterinsights_skip_tracking":false,"_monsterinsights_sitenote_active":false,"_monsterinsights_sitenote_note":"","_monsterinsights_sitenote_category":0},"product_brand":[],"product_cat":[5059,5684,5262,5272,5263,5276,5264,5280],"product_tag":[3244,3243,3242,2713],"class_list":{"0":"post-21090","1":"product","2":"type-product","3":"status-publish","4":"has-post-thumbnail","6":"product_cat-urzadzenia-diagnostyczne-pl-pl","7":"product_cat-urzadzenia-diagnostyczne-launch","8":"product_cat-ciezarowe-pl","9":"product_cat-launch-ciezarowe-pl","10":"product_cat-traktory-ohw-pl","11":"product_cat-launch-traktory-ohw-pl","12":"product_cat-loaders-forklifts-marine-pl","13":"product_cat-launch-loaders-forklifts-marine-pl","14":"product_tag-diagnostic-trucks","15":"product_tag-diagnostyka-ciezarowek","16":"product_tag-launch-hd3-do-samochodow-ciezarowych","17":"product_tag-diagnostic-tool-pl","19":"first","20":"onbackorder","21":"taxable","22":"shipping-taxable","23":"purchasable","24":"product-type-simple"},"yoast_head":"<!-- This site is optimized with the Yoast SEO plugin v25.2 - https:\/\/yoast.com\/wordpress\/plugins\/seo\/ -->\n<title>Launch Smartlink C HD3 g\u0142owica ci\u0119\u017carowe rolnicze\u00a0budowlane - Chiptuningmarket<\/title>\n<meta name=\"description\" content=\"Launch HD3 Do Samochod\u00f3w Ci\u0119\u017carowych to oryginalny adapter firmy Launch do diagnostyki samochod\u00f3w ci\u0119\u017carowych i pojazd\u00f3w u\u017cytkowych...\" \/>\n<meta name=\"robots\" content=\"index, follow, max-snippet:-1, max-image-preview:large, max-video-preview:-1\" \/>\n<link rel=\"canonical\" href=\"https:\/\/chiptuningmarket.com\/pl\/shop\/urzadzenia-diagnostyczne-pl-pl\/loaders-forklifts-marine-pl\/launch-loaders-forklifts-marine-pl\/launch-smartlink-c-hd3-glowica-ciezarowe-rolnicze-budowlane\/\" \/>\n<meta property=\"og:locale\" content=\"pl_PL\" \/>\n<meta property=\"og:type\" content=\"article\" \/>\n<meta property=\"og:title\" content=\"Launch Smartlink C HD3 g\u0142owica ci\u0119\u017carowe rolnicze\u00a0budowlane - Chiptuningmarket\" \/>\n<meta property=\"og:description\" content=\"Launch HD3 Do Samochod\u00f3w Ci\u0119\u017carowych to oryginalny adapter firmy Launch do diagnostyki samochod\u00f3w ci\u0119\u017carowych i pojazd\u00f3w u\u017cytkowych...\" \/>\n<meta property=\"og:url\" content=\"https:\/\/chiptuningmarket.com\/pl\/shop\/urzadzenia-diagnostyczne-pl-pl\/loaders-forklifts-marine-pl\/launch-loaders-forklifts-marine-pl\/launch-smartlink-c-hd3-glowica-ciezarowe-rolnicze-budowlane\/\" \/>\n<meta property=\"og:site_name\" content=\"Chiptuningmarket\" \/>\n<meta property=\"article:modified_time\" content=\"2025-03-25T11:06:34+00:00\" \/>\n<meta property=\"og:image\" content=\"https:\/\/chiptuningmarket.com\/wp-content\/uploads\/2022\/07\/Launch-bez-znaku-wodnego-968x1024.png\" \/>\n\t<meta property=\"og:image:width\" content=\"968\" \/>\n\t<meta property=\"og:image:height\" content=\"1024\" \/>\n\t<meta property=\"og:image:type\" content=\"image\/png\" \/>\n<meta name=\"twitter:card\" content=\"summary_large_image\" \/>\n<meta name=\"twitter:label1\" content=\"Szacowany czas czytania\" \/>\n\t<meta name=\"twitter:data1\" content=\"3 minuty\" \/>\n<script type=\"application\/ld+json\" class=\"yoast-schema-graph\">{\"@context\":\"https:\/\/schema.org\",\"@graph\":[{\"@type\":\"WebPage\",\"@id\":\"https:\/\/chiptuningmarket.com\/pl\/shop\/urzadzenia-diagnostyczne-pl-pl\/loaders-forklifts-marine-pl\/launch-loaders-forklifts-marine-pl\/launch-smartlink-c-hd3-glowica-ciezarowe-rolnicze-budowlane\/\",\"url\":\"https:\/\/chiptuningmarket.com\/pl\/shop\/urzadzenia-diagnostyczne-pl-pl\/loaders-forklifts-marine-pl\/launch-loaders-forklifts-marine-pl\/launch-smartlink-c-hd3-glowica-ciezarowe-rolnicze-budowlane\/\",\"name\":\"Launch Smartlink C HD3 g\u0142owica ci\u0119\u017carowe rolnicze\u00a0budowlane - Chiptuningmarket\",\"isPartOf\":{\"@id\":\"https:\/\/chiptuningmarket.com\/pl\/#website\"},\"primaryImageOfPage\":{\"@id\":\"https:\/\/chiptuningmarket.com\/pl\/shop\/urzadzenia-diagnostyczne-pl-pl\/loaders-forklifts-marine-pl\/launch-loaders-forklifts-marine-pl\/launch-smartlink-c-hd3-glowica-ciezarowe-rolnicze-budowlane\/#primaryimage\"},\"image\":{\"@id\":\"https:\/\/chiptuningmarket.com\/pl\/shop\/urzadzenia-diagnostyczne-pl-pl\/loaders-forklifts-marine-pl\/launch-loaders-forklifts-marine-pl\/launch-smartlink-c-hd3-glowica-ciezarowe-rolnicze-budowlane\/#primaryimage\"},\"thumbnailUrl\":\"https:\/\/chiptuningmarket.com\/wp-content\/uploads\/2022\/07\/Launch-bez-znaku-wodnego.png\",\"datePublished\":\"2022-07-20T10:26:21+00:00\",\"dateModified\":\"2025-03-25T11:06:34+00:00\",\"description\":\"Launch HD3 Do Samochod\u00f3w Ci\u0119\u017carowych to oryginalny adapter firmy Launch do diagnostyki samochod\u00f3w ci\u0119\u017carowych i pojazd\u00f3w u\u017cytkowych...\",\"breadcrumb\":{\"@id\":\"https:\/\/chiptuningmarket.com\/pl\/shop\/urzadzenia-diagnostyczne-pl-pl\/loaders-forklifts-marine-pl\/launch-loaders-forklifts-marine-pl\/launch-smartlink-c-hd3-glowica-ciezarowe-rolnicze-budowlane\/#breadcrumb\"},\"inLanguage\":\"pl-PL\",\"potentialAction\":[{\"@type\":\"ReadAction\",\"target\":[\"https:\/\/chiptuningmarket.com\/pl\/shop\/urzadzenia-diagnostyczne-pl-pl\/loaders-forklifts-marine-pl\/launch-loaders-forklifts-marine-pl\/launch-smartlink-c-hd3-glowica-ciezarowe-rolnicze-budowlane\/\"]}]},{\"@type\":\"ImageObject\",\"inLanguage\":\"pl-PL\",\"@id\":\"https:\/\/chiptuningmarket.com\/pl\/shop\/urzadzenia-diagnostyczne-pl-pl\/loaders-forklifts-marine-pl\/launch-loaders-forklifts-marine-pl\/launch-smartlink-c-hd3-glowica-ciezarowe-rolnicze-budowlane\/#primaryimage\",\"url\":\"https:\/\/chiptuningmarket.com\/wp-content\/uploads\/2022\/07\/Launch-bez-znaku-wodnego.png\",\"contentUrl\":\"https:\/\/chiptuningmarket.com\/wp-content\/uploads\/2022\/07\/Launch-bez-znaku-wodnego.png\",\"width\":3630,\"height\":3840,\"caption\":\"Launch Smartlink C HD3 g\u0142owica ci\u0119\u017carowe rolnicze\u00a0budowlane\"},{\"@type\":\"BreadcrumbList\",\"@id\":\"https:\/\/chiptuningmarket.com\/pl\/shop\/urzadzenia-diagnostyczne-pl-pl\/loaders-forklifts-marine-pl\/launch-loaders-forklifts-marine-pl\/launch-smartlink-c-hd3-glowica-ciezarowe-rolnicze-budowlane\/#breadcrumb\",\"itemListElement\":[{\"@type\":\"ListItem\",\"position\":1,\"name\":\"Home\",\"item\":\"https:\/\/chiptuningmarket.com\/pl\/\"},{\"@type\":\"ListItem\",\"position\":2,\"name\":\"Sklep\",\"item\":\"https:\/\/chiptuningmarket.com\/pl\/shop\/\"},{\"@type\":\"ListItem\",\"position\":3,\"name\":\"Launch Smartlink C HD3 g\u0142owica ci\u0119\u017carowe rolnicze\u00a0budowlane\"}]},{\"@type\":\"WebSite\",\"@id\":\"https:\/\/chiptuningmarket.com\/pl\/#website\",\"url\":\"https:\/\/chiptuningmarket.com\/pl\/\",\"name\":\"Chiptuningmarket\",\"description\":\"Biggest chiptuning shop in Europe\",\"publisher\":{\"@id\":\"https:\/\/chiptuningmarket.com\/pl\/#organization\"},\"alternateName\":\"Worldwide ecu tools supplier\",\"potentialAction\":[{\"@type\":\"SearchAction\",\"target\":{\"@type\":\"EntryPoint\",\"urlTemplate\":\"https:\/\/chiptuningmarket.com\/pl\/?s={search_term_string}\"},\"query-input\":{\"@type\":\"PropertyValueSpecification\",\"valueRequired\":true,\"valueName\":\"search_term_string\"}}],\"inLanguage\":\"pl-PL\"},{\"@type\":\"Organization\",\"@id\":\"https:\/\/chiptuningmarket.com\/pl\/#organization\",\"name\":\"Chiptuningmarket\",\"alternateName\":\"Chiptuning tools supplier\",\"url\":\"https:\/\/chiptuningmarket.com\/pl\/\",\"logo\":{\"@type\":\"ImageObject\",\"inLanguage\":\"pl-PL\",\"@id\":\"https:\/\/chiptuningmarket.com\/pl\/#\/schema\/logo\/image\/\",\"url\":\"https:\/\/chiptuningmarket.com\/wp-content\/uploads\/2023\/05\/logo-ChipTuningMarket-social.png\",\"contentUrl\":\"https:\/\/chiptuningmarket.com\/wp-content\/uploads\/2023\/05\/logo-ChipTuningMarket-social.png\",\"width\":512,\"height\":512,\"caption\":\"Chiptuningmarket\"},\"image\":{\"@id\":\"https:\/\/chiptuningmarket.com\/pl\/#\/schema\/logo\/image\/\"}}]}<\/script>\n<!-- \/ Yoast SEO plugin. -->","yoast_head_json":{"title":"Launch Smartlink C HD3 g\u0142owica ci\u0119\u017carowe rolnicze\u00a0budowlane - Chiptuningmarket","description":"Launch HD3 Do Samochod\u00f3w Ci\u0119\u017carowych to oryginalny adapter firmy Launch do diagnostyki samochod\u00f3w ci\u0119\u017carowych i pojazd\u00f3w u\u017cytkowych...","robots":{"index":"index","follow":"follow","max-snippet":"max-snippet:-1","max-image-preview":"max-image-preview:large","max-video-preview":"max-video-preview:-1"},"canonical":"https:\/\/chiptuningmarket.com\/pl\/shop\/urzadzenia-diagnostyczne-pl-pl\/loaders-forklifts-marine-pl\/launch-loaders-forklifts-marine-pl\/launch-smartlink-c-hd3-glowica-ciezarowe-rolnicze-budowlane\/","og_locale":"pl_PL","og_type":"article","og_title":"Launch Smartlink C HD3 g\u0142owica ci\u0119\u017carowe rolnicze\u00a0budowlane - Chiptuningmarket","og_description":"Launch HD3 Do Samochod\u00f3w Ci\u0119\u017carowych to oryginalny adapter firmy Launch do diagnostyki samochod\u00f3w ci\u0119\u017carowych i pojazd\u00f3w u\u017cytkowych...","og_url":"https:\/\/chiptuningmarket.com\/pl\/shop\/urzadzenia-diagnostyczne-pl-pl\/loaders-forklifts-marine-pl\/launch-loaders-forklifts-marine-pl\/launch-smartlink-c-hd3-glowica-ciezarowe-rolnicze-budowlane\/","og_site_name":"Chiptuningmarket","article_modified_time":"2025-03-25T11:06:34+00:00","og_image":[{"width":968,"height":1024,"url":"https:\/\/chiptuningmarket.com\/wp-content\/uploads\/2022\/07\/Launch-bez-znaku-wodnego-968x1024.png","type":"image\/png"}],"twitter_card":"summary_large_image","twitter_misc":{"Szacowany czas czytania":"3 minuty"},"schema":{"@context":"https:\/\/schema.org","@graph":[{"@type":"WebPage","@id":"https:\/\/chiptuningmarket.com\/pl\/shop\/urzadzenia-diagnostyczne-pl-pl\/loaders-forklifts-marine-pl\/launch-loaders-forklifts-marine-pl\/launch-smartlink-c-hd3-glowica-ciezarowe-rolnicze-budowlane\/","url":"https:\/\/chiptuningmarket.com\/pl\/shop\/urzadzenia-diagnostyczne-pl-pl\/loaders-forklifts-marine-pl\/launch-loaders-forklifts-marine-pl\/launch-smartlink-c-hd3-glowica-ciezarowe-rolnicze-budowlane\/","name":"Launch Smartlink C HD3 g\u0142owica ci\u0119\u017carowe rolnicze\u00a0budowlane - Chiptuningmarket","isPartOf":{"@id":"https:\/\/chiptuningmarket.com\/pl\/#website"},"primaryImageOfPage":{"@id":"https:\/\/chiptuningmarket.com\/pl\/shop\/urzadzenia-diagnostyczne-pl-pl\/loaders-forklifts-marine-pl\/launch-loaders-forklifts-marine-pl\/launch-smartlink-c-hd3-glowica-ciezarowe-rolnicze-budowlane\/#primaryimage"},"image":{"@id":"https:\/\/chiptuningmarket.com\/pl\/shop\/urzadzenia-diagnostyczne-pl-pl\/loaders-forklifts-marine-pl\/launch-loaders-forklifts-marine-pl\/launch-smartlink-c-hd3-glowica-ciezarowe-rolnicze-budowlane\/#primaryimage"},"thumbnailUrl":"https:\/\/chiptuningmarket.com\/wp-content\/uploads\/2022\/07\/Launch-bez-znaku-wodnego.png","datePublished":"2022-07-20T10:26:21+00:00","dateModified":"2025-03-25T11:06:34+00:00","description":"Launch HD3 Do Samochod\u00f3w Ci\u0119\u017carowych to oryginalny adapter firmy Launch do diagnostyki samochod\u00f3w ci\u0119\u017carowych i pojazd\u00f3w u\u017cytkowych...","breadcrumb":{"@id":"https:\/\/chiptuningmarket.com\/pl\/shop\/urzadzenia-diagnostyczne-pl-pl\/loaders-forklifts-marine-pl\/launch-loaders-forklifts-marine-pl\/launch-smartlink-c-hd3-glowica-ciezarowe-rolnicze-budowlane\/#breadcrumb"},"inLanguage":"pl-PL","potentialAction":[{"@type":"ReadAction","target":["https:\/\/chiptuningmarket.com\/pl\/shop\/urzadzenia-diagnostyczne-pl-pl\/loaders-forklifts-marine-pl\/launch-loaders-forklifts-marine-pl\/launch-smartlink-c-hd3-glowica-ciezarowe-rolnicze-budowlane\/"]}]},{"@type":"ImageObject","inLanguage":"pl-PL","@id":"https:\/\/chiptuningmarket.com\/pl\/shop\/urzadzenia-diagnostyczne-pl-pl\/loaders-forklifts-marine-pl\/launch-loaders-forklifts-marine-pl\/launch-smartlink-c-hd3-glowica-ciezarowe-rolnicze-budowlane\/#primaryimage","url":"https:\/\/chiptuningmarket.com\/wp-content\/uploads\/2022\/07\/Launch-bez-znaku-wodnego.png","contentUrl":"https:\/\/chiptuningmarket.com\/wp-content\/uploads\/2022\/07\/Launch-bez-znaku-wodnego.png","width":3630,"height":3840,"caption":"Launch Smartlink C HD3 g\u0142owica ci\u0119\u017carowe rolnicze\u00a0budowlane"},{"@type":"BreadcrumbList","@id":"https:\/\/chiptuningmarket.com\/pl\/shop\/urzadzenia-diagnostyczne-pl-pl\/loaders-forklifts-marine-pl\/launch-loaders-forklifts-marine-pl\/launch-smartlink-c-hd3-glowica-ciezarowe-rolnicze-budowlane\/#breadcrumb","itemListElement":[{"@type":"ListItem","position":1,"name":"Home","item":"https:\/\/chiptuningmarket.com\/pl\/"},{"@type":"ListItem","position":2,"name":"Sklep","item":"https:\/\/chiptuningmarket.com\/pl\/shop\/"},{"@type":"ListItem","position":3,"name":"Launch Smartlink C HD3 g\u0142owica ci\u0119\u017carowe rolnicze\u00a0budowlane"}]},{"@type":"WebSite","@id":"https:\/\/chiptuningmarket.com\/pl\/#website","url":"https:\/\/chiptuningmarket.com\/pl\/","name":"Chiptuningmarket","description":"Biggest chiptuning shop in Europe","publisher":{"@id":"https:\/\/chiptuningmarket.com\/pl\/#organization"},"alternateName":"Worldwide ecu tools supplier","potentialAction":[{"@type":"SearchAction","target":{"@type":"EntryPoint","urlTemplate":"https:\/\/chiptuningmarket.com\/pl\/?s={search_term_string}"},"query-input":{"@type":"PropertyValueSpecification","valueRequired":true,"valueName":"search_term_string"}}],"inLanguage":"pl-PL"},{"@type":"Organization","@id":"https:\/\/chiptuningmarket.com\/pl\/#organization","name":"Chiptuningmarket","alternateName":"Chiptuning tools supplier","url":"https:\/\/chiptuningmarket.com\/pl\/","logo":{"@type":"ImageObject","inLanguage":"pl-PL","@id":"https:\/\/chiptuningmarket.com\/pl\/#\/schema\/logo\/image\/","url":"https:\/\/chiptuningmarket.com\/wp-content\/uploads\/2023\/05\/logo-ChipTuningMarket-social.png","contentUrl":"https:\/\/chiptuningmarket.com\/wp-content\/uploads\/2023\/05\/logo-ChipTuningMarket-social.png","width":512,"height":512,"caption":"Chiptuningmarket"},"image":{"@id":"https:\/\/chiptuningmarket.com\/pl\/#\/schema\/logo\/image\/"}}]}},"_links":{"self":[{"href":"https:\/\/chiptuningmarket.com\/pl\/wp-json\/wp\/v2\/product\/21090","targetHints":{"allow":["GET"]}}],"collection":[{"href":"https:\/\/chiptuningmarket.com\/pl\/wp-json\/wp\/v2\/product"}],"about":[{"href":"https:\/\/chiptuningmarket.com\/pl\/wp-json\/wp\/v2\/types\/product"}],"wp:featuredmedia":[{"embeddable":true,"href":"https:\/\/chiptuningmarket.com\/pl\/wp-json\/wp\/v2\/media\/31358"}],"wp:attachment":[{"href":"https:\/\/chiptuningmarket.com\/pl\/wp-json\/wp\/v2\/media?parent=21090"}],"wp:term":[{"taxonomy":"product_brand","embeddable":true,"href":"https:\/\/chiptuningmarket.com\/pl\/wp-json\/wp\/v2\/product_brand?post=21090"},{"taxonomy":"product_cat","embeddable":true,"href":"https:\/\/chiptuningmarket.com\/pl\/wp-json\/wp\/v2\/product_cat?post=21090"},{"taxonomy":"product_tag","embeddable":true,"href":"https:\/\/chiptuningmarket.com\/pl\/wp-json\/wp\/v2\/product_tag?post=21090"}],"curies":[{"name":"wp","href":"https:\/\/api.w.org\/{rel}","templated":true}]}}