{"id":21305,"date":"2022-07-29T08:25:07","date_gmt":"2022-07-29T08:25:07","guid":{"rendered":"https:\/\/chiptuningmarket.com\/?post_type=product&#038;p=21305"},"modified":"2024-07-26T11:02:48","modified_gmt":"2024-07-26T11:02:48","slug":"programator-obdstar-x-100-pro","status":"publish","type":"product","link":"https:\/\/chiptuningmarket.com\/pl\/shop\/programatory-pl\/keys-pl\/obd-star-keys-pl\/programator-obdstar-x-100-pro\/","title":{"rendered":"Programator OBDSTAR X-100 PRO"},"content":{"rendered":"<p style=\"text-align: center\"><strong>Programator OBDSTAR X-100 PRO<\/strong><\/p>\n<p><strong>Programator OBDSTAR X-100 RO przeznaczony do kodowania kluczy samochodowych.<\/strong><\/p>\n<p>&nbsp;<\/p>\n<p>Ma\u0142e i por\u0119czne urz\u0105dzenie, kt\u00f3rym zaprogramujesz wi\u0119kszo\u015b\u0107 immobiliser\u00f3w w popularnych markach przez z\u0142\u0105cze OBD 2<\/p>\n<ul>\n<li>Niewielkie wymiary<\/li>\n<li>Obudowa odporna na wstrz\u0105sy<\/li>\n<li>Czytelny monochromatyczny wy\u015bwietlacz<\/li>\n<li>Aktualizacja za pomoc\u0105 karty SD (bezp\u0142atna z wy\u0142\u0105czeniem samochod\u00f3w specjalnych)<\/li>\n<li>Obs\u0142uga w j\u0119zyku angielskim (techniczny)<\/li>\n<\/ul>\n<p>Specyfikacja:<\/p>\n<ul>\n<li>Procesor CORTEX M3<\/li>\n<li>Zasilanie 12V bezpo\u015brednio ze z\u0142\u0105cza OBD 2<\/li>\n<li>Temperatura pracy w zakresie -20\u00b0C do +60\u00b0C<\/li>\n<li>Rozdzielczo\u015b\u0107 ekranu 320&#215;240 TFT<\/li>\n<\/ul>\n<p>Zawarto\u015b\u0107 opakowania:<\/p>\n<ul>\n<li>Urz\u0105dzenie g\u0142\u00f3wne<\/li>\n<li>Przew\u00f3d g\u0142\u00f3wny OBD 2<\/li>\n<li>Adaptery 4 sztuki (OBD2-16, HONDA-3, HYUNDAI\/KIA-10, KIA-20)<\/li>\n<li>Karta micro SD<\/li>\n<li>Czytnik kart SD\/micro SD (do aktualizacji)<\/li>\n<li>Instrukcja obs\u0142ugi<\/li>\n<\/ul>\n<p>G\u0142\u00f3wne funkcje urz\u0105dzenia:<\/p>\n<ul>\n<li>Programowanie nowych kluczy<\/li>\n<li>Odczyt kluczy z pami\u0119ci immobilisera<\/li>\n<li>Programowanie nowego immobilisera<\/li>\n<li>Programowanie nowego sterownika (ECU)<\/li>\n<li>Programowanie nowego numeru klucza mechanicznego<\/li>\n<li>Programowanie VIN<\/li>\n<li>Reset ECU oraz reset immobilisera<\/li>\n<li>Prostota obs\u0142ugi (programowanie kroki po kroku)<\/li>\n<li>Programowanie nowego pilota zdalnego sterowania<\/li>\n<li>Odczyt kodu PIN immobilisera<\/li>\n<li>Korekcja licznika (poprzez OBD)<\/li>\n<li>Aktualizacja poprzez zewn\u0119trzne oprogramowanie PC<\/li>\n<\/ul>\n<p><strong>W naszej ofercie r\u00f3wnie\u017c:<br \/>\n<a href=\"https:\/\/chiptuningmarket.com\/pl\/shop\/elektronika\/universal-pl\/programator-vvdi-2\/\">Programator VVDI 2<\/a><br \/>\n<a href=\"https:\/\/chiptuningmarket.com\/pl\/shop\/elektronika\/universal-pl\/programator-vvdi-bmw-tool\/\">Programator VVDI BMW TOOL<\/a><br \/>\n<a href=\"https:\/\/chiptuningmarket.com\/pl\/shop\/elektronika\/universal-pl\/programator-vvdi-prog\/\">Programator VVDI PROG<\/a><br \/>\n<\/strong><\/p>\n","protected":false},"excerpt":{"rendered":"<p>Ma\u0142e i por\u0119czne urz\u0105dzenie, kt\u00f3rym zaprogramujesz wi\u0119kszo\u015b\u0107 immobiliser\u00f3w w popularnych markach przez z\u0142\u0105cze OBD 2<\/p>\n","protected":false},"featured_media":21316,"template":"","meta":{"_monsterinsights_skip_tracking":false,"_monsterinsights_sitenote_active":false,"_monsterinsights_sitenote_note":"","_monsterinsights_sitenote_category":0},"product_brand":[],"product_cat":[5072,5064,5205,5230],"product_tag":[3547],"class_list":{"0":"post-21305","1":"product","2":"type-product","3":"status-publish","4":"has-post-thumbnail","6":"product_cat-nowosci-pl","7":"product_cat-programatory-pl","8":"product_cat-keys-pl","9":"product_cat-obd-star-keys-pl","10":"product_tag-programator-obdstar-x-100-pro","12":"first","13":"instock","14":"taxable","15":"shipping-taxable","16":"purchasable","17":"product-type-simple"},"yoast_head":"<!-- This site is optimized with the Yoast SEO plugin v25.2 - https:\/\/yoast.com\/wordpress\/plugins\/seo\/ -->\n<title>Programator OBDSTAR X-100 PRO - Chiptuningmarket<\/title>\n<meta name=\"description\" content=\"Programator OBDSTAR X-100 PRO Ma\u0142e i por\u0119czne urz\u0105dzenie, kt\u00f3rym zaprogramujesz wi\u0119kszo\u015b\u0107 immobiliser\u00f3w w popularnych markach przez z\u0142\u0105cz....\" \/>\n<meta name=\"robots\" content=\"index, follow, max-snippet:-1, max-image-preview:large, max-video-preview:-1\" \/>\n<link rel=\"canonical\" href=\"https:\/\/chiptuningmarket.com\/pl\/shop\/programatory-pl\/keys-pl\/obd-star-keys-pl\/programator-obdstar-x-100-pro\/\" \/>\n<meta property=\"og:locale\" content=\"pl_PL\" \/>\n<meta property=\"og:type\" content=\"article\" \/>\n<meta property=\"og:title\" content=\"Programator OBDSTAR X-100 PRO - Chiptuningmarket\" \/>\n<meta property=\"og:description\" content=\"Programator OBDSTAR X-100 PRO Ma\u0142e i por\u0119czne urz\u0105dzenie, kt\u00f3rym zaprogramujesz wi\u0119kszo\u015b\u0107 immobiliser\u00f3w w popularnych markach przez z\u0142\u0105cz....\" \/>\n<meta property=\"og:url\" content=\"https:\/\/chiptuningmarket.com\/pl\/shop\/programatory-pl\/keys-pl\/obd-star-keys-pl\/programator-obdstar-x-100-pro\/\" \/>\n<meta property=\"og:site_name\" content=\"Chiptuningmarket\" \/>\n<meta property=\"article:modified_time\" content=\"2024-07-26T11:02:48+00:00\" \/>\n<meta property=\"og:image\" content=\"https:\/\/chiptuningmarket.com\/wp-content\/uploads\/2022\/07\/big_X100PRO-obdstar.png\" \/>\n\t<meta property=\"og:image:width\" content=\"800\" \/>\n\t<meta property=\"og:image:height\" content=\"800\" \/>\n\t<meta property=\"og:image:type\" content=\"image\/png\" \/>\n<meta name=\"twitter:card\" content=\"summary_large_image\" \/>\n<meta name=\"twitter:label1\" content=\"Szacowany czas czytania\" \/>\n\t<meta name=\"twitter:data1\" content=\"1 minuta\" \/>\n<script type=\"application\/ld+json\" class=\"yoast-schema-graph\">{\"@context\":\"https:\/\/schema.org\",\"@graph\":[{\"@type\":\"WebPage\",\"@id\":\"https:\/\/chiptuningmarket.com\/pl\/shop\/programatory-pl\/keys-pl\/obd-star-keys-pl\/programator-obdstar-x-100-pro\/\",\"url\":\"https:\/\/chiptuningmarket.com\/pl\/shop\/programatory-pl\/keys-pl\/obd-star-keys-pl\/programator-obdstar-x-100-pro\/\",\"name\":\"Programator OBDSTAR X-100 PRO - Chiptuningmarket\",\"isPartOf\":{\"@id\":\"https:\/\/chiptuningmarket.com\/ru\/#website\"},\"primaryImageOfPage\":{\"@id\":\"https:\/\/chiptuningmarket.com\/pl\/shop\/programatory-pl\/keys-pl\/obd-star-keys-pl\/programator-obdstar-x-100-pro\/#primaryimage\"},\"image\":{\"@id\":\"https:\/\/chiptuningmarket.com\/pl\/shop\/programatory-pl\/keys-pl\/obd-star-keys-pl\/programator-obdstar-x-100-pro\/#primaryimage\"},\"thumbnailUrl\":\"https:\/\/chiptuningmarket.com\/wp-content\/uploads\/2022\/07\/big_X100PRO-obdstar.png\",\"datePublished\":\"2022-07-29T08:25:07+00:00\",\"dateModified\":\"2024-07-26T11:02:48+00:00\",\"description\":\"Programator OBDSTAR X-100 PRO Ma\u0142e i por\u0119czne urz\u0105dzenie, kt\u00f3rym zaprogramujesz wi\u0119kszo\u015b\u0107 immobiliser\u00f3w w popularnych markach przez z\u0142\u0105cz....\",\"breadcrumb\":{\"@id\":\"https:\/\/chiptuningmarket.com\/pl\/shop\/programatory-pl\/keys-pl\/obd-star-keys-pl\/programator-obdstar-x-100-pro\/#breadcrumb\"},\"inLanguage\":\"pl-PL\",\"potentialAction\":[{\"@type\":\"ReadAction\",\"target\":[\"https:\/\/chiptuningmarket.com\/pl\/shop\/programatory-pl\/keys-pl\/obd-star-keys-pl\/programator-obdstar-x-100-pro\/\"]}]},{\"@type\":\"ImageObject\",\"inLanguage\":\"pl-PL\",\"@id\":\"https:\/\/chiptuningmarket.com\/pl\/shop\/programatory-pl\/keys-pl\/obd-star-keys-pl\/programator-obdstar-x-100-pro\/#primaryimage\",\"url\":\"https:\/\/chiptuningmarket.com\/wp-content\/uploads\/2022\/07\/big_X100PRO-obdstar.png\",\"contentUrl\":\"https:\/\/chiptuningmarket.com\/wp-content\/uploads\/2022\/07\/big_X100PRO-obdstar.png\",\"width\":800,\"height\":800,\"caption\":\"Programator OBDSTAR X-100 PRO\"},{\"@type\":\"BreadcrumbList\",\"@id\":\"https:\/\/chiptuningmarket.com\/pl\/shop\/programatory-pl\/keys-pl\/obd-star-keys-pl\/programator-obdstar-x-100-pro\/#breadcrumb\",\"itemListElement\":[{\"@type\":\"ListItem\",\"position\":1,\"name\":\"Home\",\"item\":\"https:\/\/chiptuningmarket.com\/pl\/\"},{\"@type\":\"ListItem\",\"position\":2,\"name\":\"Sklep\",\"item\":\"https:\/\/chiptuningmarket.com\/pl\/shop\/\"},{\"@type\":\"ListItem\",\"position\":3,\"name\":\"Programator OBDSTAR X-100 PRO\"}]},{\"@type\":\"WebSite\",\"@id\":\"https:\/\/chiptuningmarket.com\/ru\/#website\",\"url\":\"https:\/\/chiptuningmarket.com\/ru\/\",\"name\":\"Chiptuningmarket\",\"description\":\"Biggest chiptuning shop in Europe\",\"publisher\":{\"@id\":\"https:\/\/chiptuningmarket.com\/ru\/#organization\"},\"alternateName\":\"Worldwide ecu tools supplier\",\"potentialAction\":[{\"@type\":\"SearchAction\",\"target\":{\"@type\":\"EntryPoint\",\"urlTemplate\":\"https:\/\/chiptuningmarket.com\/ru\/?s={search_term_string}\"},\"query-input\":{\"@type\":\"PropertyValueSpecification\",\"valueRequired\":true,\"valueName\":\"search_term_string\"}}],\"inLanguage\":\"pl-PL\"},{\"@type\":\"Organization\",\"@id\":\"https:\/\/chiptuningmarket.com\/ru\/#organization\",\"name\":\"Chiptuningmarket\",\"alternateName\":\"Chiptuning tools supplier\",\"url\":\"https:\/\/chiptuningmarket.com\/ru\/\",\"logo\":{\"@type\":\"ImageObject\",\"inLanguage\":\"pl-PL\",\"@id\":\"https:\/\/chiptuningmarket.com\/ru\/#\/schema\/logo\/image\/\",\"url\":\"https:\/\/chiptuningmarket.com\/wp-content\/uploads\/2023\/05\/logo-ChipTuningMarket-social.png\",\"contentUrl\":\"https:\/\/chiptuningmarket.com\/wp-content\/uploads\/2023\/05\/logo-ChipTuningMarket-social.png\",\"width\":512,\"height\":512,\"caption\":\"Chiptuningmarket\"},\"image\":{\"@id\":\"https:\/\/chiptuningmarket.com\/ru\/#\/schema\/logo\/image\/\"}}]}<\/script>\n<!-- \/ Yoast SEO plugin. -->","yoast_head_json":{"title":"Programator OBDSTAR X-100 PRO - Chiptuningmarket","description":"Programator OBDSTAR X-100 PRO Ma\u0142e i por\u0119czne urz\u0105dzenie, kt\u00f3rym zaprogramujesz wi\u0119kszo\u015b\u0107 immobiliser\u00f3w w popularnych markach przez z\u0142\u0105cz....","robots":{"index":"index","follow":"follow","max-snippet":"max-snippet:-1","max-image-preview":"max-image-preview:large","max-video-preview":"max-video-preview:-1"},"canonical":"https:\/\/chiptuningmarket.com\/pl\/shop\/programatory-pl\/keys-pl\/obd-star-keys-pl\/programator-obdstar-x-100-pro\/","og_locale":"pl_PL","og_type":"article","og_title":"Programator OBDSTAR X-100 PRO - Chiptuningmarket","og_description":"Programator OBDSTAR X-100 PRO Ma\u0142e i por\u0119czne urz\u0105dzenie, kt\u00f3rym zaprogramujesz wi\u0119kszo\u015b\u0107 immobiliser\u00f3w w popularnych markach przez z\u0142\u0105cz....","og_url":"https:\/\/chiptuningmarket.com\/pl\/shop\/programatory-pl\/keys-pl\/obd-star-keys-pl\/programator-obdstar-x-100-pro\/","og_site_name":"Chiptuningmarket","article_modified_time":"2024-07-26T11:02:48+00:00","og_image":[{"width":800,"height":800,"url":"https:\/\/chiptuningmarket.com\/wp-content\/uploads\/2022\/07\/big_X100PRO-obdstar.png","type":"image\/png"}],"twitter_card":"summary_large_image","twitter_misc":{"Szacowany czas czytania":"1 minuta"},"schema":{"@context":"https:\/\/schema.org","@graph":[{"@type":"WebPage","@id":"https:\/\/chiptuningmarket.com\/pl\/shop\/programatory-pl\/keys-pl\/obd-star-keys-pl\/programator-obdstar-x-100-pro\/","url":"https:\/\/chiptuningmarket.com\/pl\/shop\/programatory-pl\/keys-pl\/obd-star-keys-pl\/programator-obdstar-x-100-pro\/","name":"Programator OBDSTAR X-100 PRO - Chiptuningmarket","isPartOf":{"@id":"https:\/\/chiptuningmarket.com\/ru\/#website"},"primaryImageOfPage":{"@id":"https:\/\/chiptuningmarket.com\/pl\/shop\/programatory-pl\/keys-pl\/obd-star-keys-pl\/programator-obdstar-x-100-pro\/#primaryimage"},"image":{"@id":"https:\/\/chiptuningmarket.com\/pl\/shop\/programatory-pl\/keys-pl\/obd-star-keys-pl\/programator-obdstar-x-100-pro\/#primaryimage"},"thumbnailUrl":"https:\/\/chiptuningmarket.com\/wp-content\/uploads\/2022\/07\/big_X100PRO-obdstar.png","datePublished":"2022-07-29T08:25:07+00:00","dateModified":"2024-07-26T11:02:48+00:00","description":"Programator OBDSTAR X-100 PRO Ma\u0142e i por\u0119czne urz\u0105dzenie, kt\u00f3rym zaprogramujesz wi\u0119kszo\u015b\u0107 immobiliser\u00f3w w popularnych markach przez z\u0142\u0105cz....","breadcrumb":{"@id":"https:\/\/chiptuningmarket.com\/pl\/shop\/programatory-pl\/keys-pl\/obd-star-keys-pl\/programator-obdstar-x-100-pro\/#breadcrumb"},"inLanguage":"pl-PL","potentialAction":[{"@type":"ReadAction","target":["https:\/\/chiptuningmarket.com\/pl\/shop\/programatory-pl\/keys-pl\/obd-star-keys-pl\/programator-obdstar-x-100-pro\/"]}]},{"@type":"ImageObject","inLanguage":"pl-PL","@id":"https:\/\/chiptuningmarket.com\/pl\/shop\/programatory-pl\/keys-pl\/obd-star-keys-pl\/programator-obdstar-x-100-pro\/#primaryimage","url":"https:\/\/chiptuningmarket.com\/wp-content\/uploads\/2022\/07\/big_X100PRO-obdstar.png","contentUrl":"https:\/\/chiptuningmarket.com\/wp-content\/uploads\/2022\/07\/big_X100PRO-obdstar.png","width":800,"height":800,"caption":"Programator OBDSTAR X-100 PRO"},{"@type":"BreadcrumbList","@id":"https:\/\/chiptuningmarket.com\/pl\/shop\/programatory-pl\/keys-pl\/obd-star-keys-pl\/programator-obdstar-x-100-pro\/#breadcrumb","itemListElement":[{"@type":"ListItem","position":1,"name":"Home","item":"https:\/\/chiptuningmarket.com\/pl\/"},{"@type":"ListItem","position":2,"name":"Sklep","item":"https:\/\/chiptuningmarket.com\/pl\/shop\/"},{"@type":"ListItem","position":3,"name":"Programator OBDSTAR X-100 PRO"}]},{"@type":"WebSite","@id":"https:\/\/chiptuningmarket.com\/ru\/#website","url":"https:\/\/chiptuningmarket.com\/ru\/","name":"Chiptuningmarket","description":"Biggest chiptuning shop in Europe","publisher":{"@id":"https:\/\/chiptuningmarket.com\/ru\/#organization"},"alternateName":"Worldwide ecu tools supplier","potentialAction":[{"@type":"SearchAction","target":{"@type":"EntryPoint","urlTemplate":"https:\/\/chiptuningmarket.com\/ru\/?s={search_term_string}"},"query-input":{"@type":"PropertyValueSpecification","valueRequired":true,"valueName":"search_term_string"}}],"inLanguage":"pl-PL"},{"@type":"Organization","@id":"https:\/\/chiptuningmarket.com\/ru\/#organization","name":"Chiptuningmarket","alternateName":"Chiptuning tools supplier","url":"https:\/\/chiptuningmarket.com\/ru\/","logo":{"@type":"ImageObject","inLanguage":"pl-PL","@id":"https:\/\/chiptuningmarket.com\/ru\/#\/schema\/logo\/image\/","url":"https:\/\/chiptuningmarket.com\/wp-content\/uploads\/2023\/05\/logo-ChipTuningMarket-social.png","contentUrl":"https:\/\/chiptuningmarket.com\/wp-content\/uploads\/2023\/05\/logo-ChipTuningMarket-social.png","width":512,"height":512,"caption":"Chiptuningmarket"},"image":{"@id":"https:\/\/chiptuningmarket.com\/ru\/#\/schema\/logo\/image\/"}}]}},"_links":{"self":[{"href":"https:\/\/chiptuningmarket.com\/pl\/wp-json\/wp\/v2\/product\/21305","targetHints":{"allow":["GET"]}}],"collection":[{"href":"https:\/\/chiptuningmarket.com\/pl\/wp-json\/wp\/v2\/product"}],"about":[{"href":"https:\/\/chiptuningmarket.com\/pl\/wp-json\/wp\/v2\/types\/product"}],"wp:featuredmedia":[{"embeddable":true,"href":"https:\/\/chiptuningmarket.com\/pl\/wp-json\/wp\/v2\/media\/21316"}],"wp:attachment":[{"href":"https:\/\/chiptuningmarket.com\/pl\/wp-json\/wp\/v2\/media?parent=21305"}],"wp:term":[{"taxonomy":"product_brand","embeddable":true,"href":"https:\/\/chiptuningmarket.com\/pl\/wp-json\/wp\/v2\/product_brand?post=21305"},{"taxonomy":"product_cat","embeddable":true,"href":"https:\/\/chiptuningmarket.com\/pl\/wp-json\/wp\/v2\/product_cat?post=21305"},{"taxonomy":"product_tag","embeddable":true,"href":"https:\/\/chiptuningmarket.com\/pl\/wp-json\/wp\/v2\/product_tag?post=21305"}],"curies":[{"name":"wp","href":"https:\/\/api.w.org\/{rel}","templated":true}]}}