{"id":21357,"date":"2022-08-03T11:49:55","date_gmt":"2022-08-03T11:49:55","guid":{"rendered":"https:\/\/chiptuningmarket.com\/?post_type=product&#038;p=21357"},"modified":"2026-04-02T12:41:07","modified_gmt":"2026-04-02T11:41:07","slug":"pico-4-channel-standard-kit-pq178","status":"publish","type":"product","link":"https:\/\/chiptuningmarket.com\/pl\/shop\/elektronika-wyposazenie-pl\/elektronika-oscyloskopy\/picoscope\/pico-4-channel-standard-kit-pq178\/","title":{"rendered":"PICO 4\u2013Channel Standard Kit PQ178"},"content":{"rendered":"<p style=\"text-align: center\"><strong>PICO 4\u2013Channel Standard Kit PQ178<\/strong><\/p>\n<p>Nasz najbardziej popularny zestaw daje Tobie mo\u017cliwo\u015b\u0107 mierzenia oraz zapisywania czterech sygna\u0142\u00f3w jednocze\u015bnie. Zestaw ten zawiera bogate wyposa\u017cenie, w sk\u0142ad kt\u00f3rego wchodz\u0105 mi\u0119dzy innymi przewody serii premium, sondy multimetrowe, klemy akumulatorowe oraz c\u0119gi pr\u0105dowe. Dzi\u0119ki tym wszystkim akcesoriom mo\u017cliwe jest testowanie niemal wszystkich komponent\u00f3w wsp\u00f3\u0142czesnych pojazd\u00f3w.<\/p>\n<p><strong>W naszej ofercie r\u00f3wnie\u017c:<br \/>\n<\/strong><a href=\"https:\/\/chiptuningmarket.com\/pl\/shop\/elektronika\/pico-wps500x-zestaw-czujnik-cisnienia-i-podcisnienia\/\">PICO WPS500X zestaw czujnik ci\u015bnienia i podci\u015bnienia<\/a><strong><br \/>\n<\/strong><a href=\"https:\/\/chiptuningmarket.com\/pl\/shop\/elektronika\/oscyloskopy\/pico-oscyloskop-automotive-advanced-pq180\/\">PICO oscyloskop automotive 4 kana\u0142owy Advanced Kit PQ180<\/a><\/p>\n","protected":false},"excerpt":{"rendered":"<p>Nasz najbardziej popularny zestaw daje Tobie mo\u017cliwo\u015b\u0107 mierzenia oraz zapisywania czterech sygna\u0142\u00f3w jednocze\u015bnie.<\/p>\n","protected":false},"featured_media":21358,"template":"","meta":{"_monsterinsights_skip_tracking":false,"_monsterinsights_sitenote_active":false,"_monsterinsights_sitenote_note":"","_monsterinsights_sitenote_category":0},"product_brand":[],"product_cat":[5144,5072,5630,5634],"product_tag":[1671,3558,1672,3559],"class_list":{"0":"post-21357","1":"product","2":"type-product","3":"status-publish","4":"has-post-thumbnail","6":"product_cat-elektronika-wyposazenie-pl","7":"product_cat-nowosci-pl","8":"product_cat-elektronika-oscyloskopy","9":"product_cat-picoscope","10":"product_tag-pico-pl","11":"product_tag-pico-4-channel-standard-kit-pq178","12":"product_tag-pico-automotive-pl","13":"product_tag-pico-oscyloskop","15":"first","16":"outofstock","17":"taxable","18":"shipping-taxable","19":"purchasable","20":"product-type-simple"},"yoast_head":"<!-- This site is optimized with the Yoast SEO plugin v25.2 - https:\/\/yoast.com\/wordpress\/plugins\/seo\/ -->\n<title>PICO 4\u2013Channel Standard Kit PQ178 - Chiptuningmarket<\/title>\n<meta name=\"description\" content=\"PICO 4\u2013Channel Standard Kit PQ178 Nasz najbardziej popularny zestaw daje Tobie mo\u017cliwo\u015b\u0107 mierzenia oraz zapisywania czterech sygna\u0142\u00f3w jed...\" \/>\n<meta name=\"robots\" content=\"index, follow, max-snippet:-1, max-image-preview:large, max-video-preview:-1\" \/>\n<link rel=\"canonical\" href=\"https:\/\/chiptuningmarket.com\/pl\/shop\/elektronika-wyposazenie-pl\/elektronika-oscyloskopy\/picoscope\/pico-4-channel-standard-kit-pq178\/\" \/>\n<meta property=\"og:locale\" content=\"pl_PL\" \/>\n<meta property=\"og:type\" content=\"article\" \/>\n<meta property=\"og:title\" content=\"PICO 4\u2013Channel Standard Kit PQ178 - Chiptuningmarket\" \/>\n<meta property=\"og:description\" content=\"PICO 4\u2013Channel Standard Kit PQ178 Nasz najbardziej popularny zestaw daje Tobie mo\u017cliwo\u015b\u0107 mierzenia oraz zapisywania czterech sygna\u0142\u00f3w jed...\" \/>\n<meta property=\"og:url\" content=\"https:\/\/chiptuningmarket.com\/pl\/shop\/elektronika-wyposazenie-pl\/elektronika-oscyloskopy\/picoscope\/pico-4-channel-standard-kit-pq178\/\" \/>\n<meta property=\"og:site_name\" content=\"Chiptuningmarket\" \/>\n<meta property=\"article:modified_time\" content=\"2026-04-02T11:41:07+00:00\" \/>\n<meta property=\"og:image\" content=\"https:\/\/chiptuningmarket.com\/wp-content\/uploads\/2022\/08\/640xNxPQ178-4ch-standard-kit-in-case.jpg.pagespeed.ic_.R_yDEwT07C.webp\" \/>\n\t<meta property=\"og:image:width\" content=\"640\" \/>\n\t<meta property=\"og:image:height\" content=\"611\" \/>\n\t<meta property=\"og:image:type\" content=\"image\/webp\" \/>\n<meta name=\"twitter:card\" content=\"summary_large_image\" \/>\n<meta name=\"twitter:label1\" content=\"Szacowany czas czytania\" \/>\n\t<meta name=\"twitter:data1\" content=\"1 minuta\" \/>\n<script type=\"application\/ld+json\" class=\"yoast-schema-graph\">{\"@context\":\"https:\/\/schema.org\",\"@graph\":[{\"@type\":\"WebPage\",\"@id\":\"https:\/\/chiptuningmarket.com\/pl\/shop\/elektronika-wyposazenie-pl\/elektronika-oscyloskopy\/picoscope\/pico-4-channel-standard-kit-pq178\/\",\"url\":\"https:\/\/chiptuningmarket.com\/pl\/shop\/elektronika-wyposazenie-pl\/elektronika-oscyloskopy\/picoscope\/pico-4-channel-standard-kit-pq178\/\",\"name\":\"PICO 4\u2013Channel Standard Kit PQ178 - Chiptuningmarket\",\"isPartOf\":{\"@id\":\"https:\/\/chiptuningmarket.com\/ru\/#website\"},\"primaryImageOfPage\":{\"@id\":\"https:\/\/chiptuningmarket.com\/pl\/shop\/elektronika-wyposazenie-pl\/elektronika-oscyloskopy\/picoscope\/pico-4-channel-standard-kit-pq178\/#primaryimage\"},\"image\":{\"@id\":\"https:\/\/chiptuningmarket.com\/pl\/shop\/elektronika-wyposazenie-pl\/elektronika-oscyloskopy\/picoscope\/pico-4-channel-standard-kit-pq178\/#primaryimage\"},\"thumbnailUrl\":\"https:\/\/chiptuningmarket.com\/wp-content\/uploads\/2022\/08\/640xNxPQ178-4ch-standard-kit-in-case.jpg.pagespeed.ic_.R_yDEwT07C.webp\",\"datePublished\":\"2022-08-03T11:49:55+00:00\",\"dateModified\":\"2026-04-02T11:41:07+00:00\",\"description\":\"PICO 4\u2013Channel Standard Kit PQ178 Nasz najbardziej popularny zestaw daje Tobie mo\u017cliwo\u015b\u0107 mierzenia oraz zapisywania czterech sygna\u0142\u00f3w jed...\",\"breadcrumb\":{\"@id\":\"https:\/\/chiptuningmarket.com\/pl\/shop\/elektronika-wyposazenie-pl\/elektronika-oscyloskopy\/picoscope\/pico-4-channel-standard-kit-pq178\/#breadcrumb\"},\"inLanguage\":\"pl-PL\",\"potentialAction\":[{\"@type\":\"ReadAction\",\"target\":[\"https:\/\/chiptuningmarket.com\/pl\/shop\/elektronika-wyposazenie-pl\/elektronika-oscyloskopy\/picoscope\/pico-4-channel-standard-kit-pq178\/\"]}]},{\"@type\":\"ImageObject\",\"inLanguage\":\"pl-PL\",\"@id\":\"https:\/\/chiptuningmarket.com\/pl\/shop\/elektronika-wyposazenie-pl\/elektronika-oscyloskopy\/picoscope\/pico-4-channel-standard-kit-pq178\/#primaryimage\",\"url\":\"https:\/\/chiptuningmarket.com\/wp-content\/uploads\/2022\/08\/640xNxPQ178-4ch-standard-kit-in-case.jpg.pagespeed.ic_.R_yDEwT07C.webp\",\"contentUrl\":\"https:\/\/chiptuningmarket.com\/wp-content\/uploads\/2022\/08\/640xNxPQ178-4ch-standard-kit-in-case.jpg.pagespeed.ic_.R_yDEwT07C.webp\",\"width\":640,\"height\":611,\"caption\":\"PICO 4\u2013Channel Standard Kit PQ178\"},{\"@type\":\"BreadcrumbList\",\"@id\":\"https:\/\/chiptuningmarket.com\/pl\/shop\/elektronika-wyposazenie-pl\/elektronika-oscyloskopy\/picoscope\/pico-4-channel-standard-kit-pq178\/#breadcrumb\",\"itemListElement\":[{\"@type\":\"ListItem\",\"position\":1,\"name\":\"Home\",\"item\":\"https:\/\/chiptuningmarket.com\/pl\/\"},{\"@type\":\"ListItem\",\"position\":2,\"name\":\"Sklep\",\"item\":\"https:\/\/chiptuningmarket.com\/pl\/shop\/\"},{\"@type\":\"ListItem\",\"position\":3,\"name\":\"PICO 4\u2013Channel Standard Kit PQ178\"}]},{\"@type\":\"WebSite\",\"@id\":\"https:\/\/chiptuningmarket.com\/ru\/#website\",\"url\":\"https:\/\/chiptuningmarket.com\/ru\/\",\"name\":\"Chiptuningmarket\",\"description\":\"Biggest chiptuning shop in Europe\",\"publisher\":{\"@id\":\"https:\/\/chiptuningmarket.com\/ru\/#organization\"},\"alternateName\":\"Worldwide ecu tools supplier\",\"potentialAction\":[{\"@type\":\"SearchAction\",\"target\":{\"@type\":\"EntryPoint\",\"urlTemplate\":\"https:\/\/chiptuningmarket.com\/ru\/?s={search_term_string}\"},\"query-input\":{\"@type\":\"PropertyValueSpecification\",\"valueRequired\":true,\"valueName\":\"search_term_string\"}}],\"inLanguage\":\"pl-PL\"},{\"@type\":\"Organization\",\"@id\":\"https:\/\/chiptuningmarket.com\/ru\/#organization\",\"name\":\"Chiptuningmarket\",\"alternateName\":\"Chiptuning tools supplier\",\"url\":\"https:\/\/chiptuningmarket.com\/ru\/\",\"logo\":{\"@type\":\"ImageObject\",\"inLanguage\":\"pl-PL\",\"@id\":\"https:\/\/chiptuningmarket.com\/ru\/#\/schema\/logo\/image\/\",\"url\":\"https:\/\/chiptuningmarket.com\/wp-content\/uploads\/2023\/05\/logo-ChipTuningMarket-social.png\",\"contentUrl\":\"https:\/\/chiptuningmarket.com\/wp-content\/uploads\/2023\/05\/logo-ChipTuningMarket-social.png\",\"width\":512,\"height\":512,\"caption\":\"Chiptuningmarket\"},\"image\":{\"@id\":\"https:\/\/chiptuningmarket.com\/ru\/#\/schema\/logo\/image\/\"}}]}<\/script>\n<!-- \/ Yoast SEO plugin. -->","yoast_head_json":{"title":"PICO 4\u2013Channel Standard Kit PQ178 - Chiptuningmarket","description":"PICO 4\u2013Channel Standard Kit PQ178 Nasz najbardziej popularny zestaw daje Tobie mo\u017cliwo\u015b\u0107 mierzenia oraz zapisywania czterech sygna\u0142\u00f3w jed...","robots":{"index":"index","follow":"follow","max-snippet":"max-snippet:-1","max-image-preview":"max-image-preview:large","max-video-preview":"max-video-preview:-1"},"canonical":"https:\/\/chiptuningmarket.com\/pl\/shop\/elektronika-wyposazenie-pl\/elektronika-oscyloskopy\/picoscope\/pico-4-channel-standard-kit-pq178\/","og_locale":"pl_PL","og_type":"article","og_title":"PICO 4\u2013Channel Standard Kit PQ178 - Chiptuningmarket","og_description":"PICO 4\u2013Channel Standard Kit PQ178 Nasz najbardziej popularny zestaw daje Tobie mo\u017cliwo\u015b\u0107 mierzenia oraz zapisywania czterech sygna\u0142\u00f3w jed...","og_url":"https:\/\/chiptuningmarket.com\/pl\/shop\/elektronika-wyposazenie-pl\/elektronika-oscyloskopy\/picoscope\/pico-4-channel-standard-kit-pq178\/","og_site_name":"Chiptuningmarket","article_modified_time":"2026-04-02T11:41:07+00:00","og_image":[{"width":640,"height":611,"url":"https:\/\/chiptuningmarket.com\/wp-content\/uploads\/2022\/08\/640xNxPQ178-4ch-standard-kit-in-case.jpg.pagespeed.ic_.R_yDEwT07C.webp","type":"image\/webp"}],"twitter_card":"summary_large_image","twitter_misc":{"Szacowany czas czytania":"1 minuta"},"schema":{"@context":"https:\/\/schema.org","@graph":[{"@type":"WebPage","@id":"https:\/\/chiptuningmarket.com\/pl\/shop\/elektronika-wyposazenie-pl\/elektronika-oscyloskopy\/picoscope\/pico-4-channel-standard-kit-pq178\/","url":"https:\/\/chiptuningmarket.com\/pl\/shop\/elektronika-wyposazenie-pl\/elektronika-oscyloskopy\/picoscope\/pico-4-channel-standard-kit-pq178\/","name":"PICO 4\u2013Channel Standard Kit PQ178 - Chiptuningmarket","isPartOf":{"@id":"https:\/\/chiptuningmarket.com\/ru\/#website"},"primaryImageOfPage":{"@id":"https:\/\/chiptuningmarket.com\/pl\/shop\/elektronika-wyposazenie-pl\/elektronika-oscyloskopy\/picoscope\/pico-4-channel-standard-kit-pq178\/#primaryimage"},"image":{"@id":"https:\/\/chiptuningmarket.com\/pl\/shop\/elektronika-wyposazenie-pl\/elektronika-oscyloskopy\/picoscope\/pico-4-channel-standard-kit-pq178\/#primaryimage"},"thumbnailUrl":"https:\/\/chiptuningmarket.com\/wp-content\/uploads\/2022\/08\/640xNxPQ178-4ch-standard-kit-in-case.jpg.pagespeed.ic_.R_yDEwT07C.webp","datePublished":"2022-08-03T11:49:55+00:00","dateModified":"2026-04-02T11:41:07+00:00","description":"PICO 4\u2013Channel Standard Kit PQ178 Nasz najbardziej popularny zestaw daje Tobie mo\u017cliwo\u015b\u0107 mierzenia oraz zapisywania czterech sygna\u0142\u00f3w jed...","breadcrumb":{"@id":"https:\/\/chiptuningmarket.com\/pl\/shop\/elektronika-wyposazenie-pl\/elektronika-oscyloskopy\/picoscope\/pico-4-channel-standard-kit-pq178\/#breadcrumb"},"inLanguage":"pl-PL","potentialAction":[{"@type":"ReadAction","target":["https:\/\/chiptuningmarket.com\/pl\/shop\/elektronika-wyposazenie-pl\/elektronika-oscyloskopy\/picoscope\/pico-4-channel-standard-kit-pq178\/"]}]},{"@type":"ImageObject","inLanguage":"pl-PL","@id":"https:\/\/chiptuningmarket.com\/pl\/shop\/elektronika-wyposazenie-pl\/elektronika-oscyloskopy\/picoscope\/pico-4-channel-standard-kit-pq178\/#primaryimage","url":"https:\/\/chiptuningmarket.com\/wp-content\/uploads\/2022\/08\/640xNxPQ178-4ch-standard-kit-in-case.jpg.pagespeed.ic_.R_yDEwT07C.webp","contentUrl":"https:\/\/chiptuningmarket.com\/wp-content\/uploads\/2022\/08\/640xNxPQ178-4ch-standard-kit-in-case.jpg.pagespeed.ic_.R_yDEwT07C.webp","width":640,"height":611,"caption":"PICO 4\u2013Channel Standard Kit PQ178"},{"@type":"BreadcrumbList","@id":"https:\/\/chiptuningmarket.com\/pl\/shop\/elektronika-wyposazenie-pl\/elektronika-oscyloskopy\/picoscope\/pico-4-channel-standard-kit-pq178\/#breadcrumb","itemListElement":[{"@type":"ListItem","position":1,"name":"Home","item":"https:\/\/chiptuningmarket.com\/pl\/"},{"@type":"ListItem","position":2,"name":"Sklep","item":"https:\/\/chiptuningmarket.com\/pl\/shop\/"},{"@type":"ListItem","position":3,"name":"PICO 4\u2013Channel Standard Kit PQ178"}]},{"@type":"WebSite","@id":"https:\/\/chiptuningmarket.com\/ru\/#website","url":"https:\/\/chiptuningmarket.com\/ru\/","name":"Chiptuningmarket","description":"Biggest chiptuning shop in Europe","publisher":{"@id":"https:\/\/chiptuningmarket.com\/ru\/#organization"},"alternateName":"Worldwide ecu tools supplier","potentialAction":[{"@type":"SearchAction","target":{"@type":"EntryPoint","urlTemplate":"https:\/\/chiptuningmarket.com\/ru\/?s={search_term_string}"},"query-input":{"@type":"PropertyValueSpecification","valueRequired":true,"valueName":"search_term_string"}}],"inLanguage":"pl-PL"},{"@type":"Organization","@id":"https:\/\/chiptuningmarket.com\/ru\/#organization","name":"Chiptuningmarket","alternateName":"Chiptuning tools supplier","url":"https:\/\/chiptuningmarket.com\/ru\/","logo":{"@type":"ImageObject","inLanguage":"pl-PL","@id":"https:\/\/chiptuningmarket.com\/ru\/#\/schema\/logo\/image\/","url":"https:\/\/chiptuningmarket.com\/wp-content\/uploads\/2023\/05\/logo-ChipTuningMarket-social.png","contentUrl":"https:\/\/chiptuningmarket.com\/wp-content\/uploads\/2023\/05\/logo-ChipTuningMarket-social.png","width":512,"height":512,"caption":"Chiptuningmarket"},"image":{"@id":"https:\/\/chiptuningmarket.com\/ru\/#\/schema\/logo\/image\/"}}]}},"_links":{"self":[{"href":"https:\/\/chiptuningmarket.com\/pl\/wp-json\/wp\/v2\/product\/21357","targetHints":{"allow":["GET"]}}],"collection":[{"href":"https:\/\/chiptuningmarket.com\/pl\/wp-json\/wp\/v2\/product"}],"about":[{"href":"https:\/\/chiptuningmarket.com\/pl\/wp-json\/wp\/v2\/types\/product"}],"wp:featuredmedia":[{"embeddable":true,"href":"https:\/\/chiptuningmarket.com\/pl\/wp-json\/wp\/v2\/media\/21358"}],"wp:attachment":[{"href":"https:\/\/chiptuningmarket.com\/pl\/wp-json\/wp\/v2\/media?parent=21357"}],"wp:term":[{"taxonomy":"product_brand","embeddable":true,"href":"https:\/\/chiptuningmarket.com\/pl\/wp-json\/wp\/v2\/product_brand?post=21357"},{"taxonomy":"product_cat","embeddable":true,"href":"https:\/\/chiptuningmarket.com\/pl\/wp-json\/wp\/v2\/product_cat?post=21357"},{"taxonomy":"product_tag","embeddable":true,"href":"https:\/\/chiptuningmarket.com\/pl\/wp-json\/wp\/v2\/product_tag?post=21357"}],"curies":[{"name":"wp","href":"https:\/\/api.w.org\/{rel}","templated":true}]}}