{"id":21375,"date":"2022-08-03T13:22:05","date_gmt":"2022-08-03T13:22:05","guid":{"rendered":"https:\/\/chiptuningmarket.com\/?post_type=product&#038;p=21375"},"modified":"2026-04-02T14:16:25","modified_gmt":"2026-04-02T13:16:25","slug":"pico-automotive-4823-8-channel-professional-kit-pq184","status":"publish","type":"product","link":"https:\/\/chiptuningmarket.com\/pl\/shop\/elektronika-wyposazenie-pl\/elektronika-oscyloskopy\/picoscope\/pico-automotive-4823-8-channel-professional-kit-pq184\/","title":{"rendered":"PICO Automotive 4823 8-channel Professional Kit PQ184"},"content":{"rendered":"<h2 style=\"text-align: center\">PICO Automotive 4823 8-channel Professional Kit PQ184<\/h2>\n<p>PicoScope jest u\u017cywany i cieszy si\u0119 zaufaniem wi\u0119kszej liczby autoryzowanych i niezale\u017cnych warsztat\u00f3w ni\u017c jakikolwiek inny system pomiarowy, poniewa\u017c daje im mo\u017cliwo\u015b\u0107, pewno\u015b\u0107 i wsparcie, aby szybko znale\u017a\u0107 i udowodni\u0107 napraw\u0119 wi\u0119kszo\u015bci usterek pojazdu. Kupuj\u0105c PicoScope, korzystasz z ponad 25-letniej inwestycji w najlepsze na \u015bwiecie oscyloskopy diagnostyczne.<\/p>\n<p><img decoding=\"async\" class=\"aligncenter size-full wp-image-21376\" src=\"https:\/\/chiptuningmarket.com\/wp-content\/uploads\/2022\/08\/4823_Professional_kit.png\" alt=\"PICO Automotive 4823 8-channel Professional Kit\" width=\"1010\" height=\"941\" srcset=\"https:\/\/chiptuningmarket.com\/wp-content\/uploads\/2022\/08\/4823_Professional_kit.png 1010w, https:\/\/chiptuningmarket.com\/wp-content\/uploads\/2022\/08\/4823_Professional_kit-300x280.png 300w, https:\/\/chiptuningmarket.com\/wp-content\/uploads\/2022\/08\/4823_Professional_kit-768x716.png 768w, https:\/\/chiptuningmarket.com\/wp-content\/uploads\/2022\/08\/4823_Professional_kit-600x559.png 600w\" sizes=\"(max-width: 1010px) 100vw, 1010px\" \/><\/p>\n<p>&nbsp;<\/p>\n<p>&nbsp;<\/p>\n<p>PicoScope 4823 jest po prostu najlepszym o\u015bmiokana\u0142owym oscyloskopem diagnostycznym dla technik\u00f3w pojazd\u00f3w i sprz\u0119tu, oferuj\u0105cym niezr\u00f3wnan\u0105 wydajno\u015b\u0107 za t\u0119 sam\u0105 kwot\u0119, co sprz\u0119t, kt\u00f3ry sprawia, \u017ce tkwisz lub jeste\u015b sfrustrowany ograniczeniami. Spo\u0142eczno\u015b\u0107 i zasoby Pico s\u0105 dost\u0119pne na ka\u017cdym kroku dzi\u0119ki oscyloskopowi diagnostycznemu PicoScope.<\/p>\n<h4>8-kana\u0142owy zestaw profesjonalny<\/h4>\n<p>Nowy PicoScope 4823 jest dost\u0119pny jako opcja tylko z oscyloskopem, je\u015bli masz ju\u017c samochodowy PicoScope i chcesz doda\u0107 mo\u017cliwo\u015b\u0107 korzystania z o\u015bmiu kana\u0142\u00f3w do swojego zestawu narz\u0119dzi.<\/p>\n<p>Dali\u015bmy Ci mo\u017cliwo\u015b\u0107 dowolnej konfiguracji w\u0142asnego zestawu lub mo\u017cesz wybra\u0107 zestaw Professional, kt\u00f3ry ju\u017c dla Ciebie przygotowali\u015bmy.<\/p>\n<p>Niezale\u017cnie od zastosowania i wymaga\u0144, mamy szereg akcesori\u00f3w i aplikacji Pico, kt\u00f3re umo\u017cliwi\u0105 Ci rozwi\u0105zywanie problem\u00f3w diagnostycznych, w tym elektrycznych, ci\u015bnieniowych, hydraulicznych, rozrz\u0105du, komunikacji, ha\u0142asu, wibracji i wielu innych.<\/p>\n<p>Zestaw Professional zawiera oscyloskop 4823, c\u0119gi pr\u0105dowe 2000 A, 30 A i 60 A, wt\u00f3rne przewody zap\u0142onowe, sond\u0119 typu coil-on-plug, pe\u0142ny zestaw przed\u0142u\u017caczy bezpiecznik\u00f3w, osiem przewod\u00f3w pomiarowych i obszerny zestaw adapter\u00f3w.<\/p>\n","protected":false},"excerpt":{"rendered":"<p>PicoScope jest u\u017cywany i cieszy si\u0119 zaufaniem wi\u0119kszej liczby autoryzowanych i niezale\u017cnych warsztat\u00f3w ni\u017c jakikolwiek inny system pomiarowy, poniewa\u017c daje im mo\u017cliwo\u015b\u0107, pewno\u015b\u0107 i wsparci.<\/p>\n","protected":false},"featured_media":21376,"template":"","meta":{"_monsterinsights_skip_tracking":false,"_monsterinsights_sitenote_active":false,"_monsterinsights_sitenote_note":"","_monsterinsights_sitenote_category":0},"product_brand":[],"product_cat":[5072,5144,5630,5634],"product_tag":[1671,1672,3568,3559],"class_list":{"0":"post-21375","1":"product","2":"type-product","3":"status-publish","4":"has-post-thumbnail","6":"product_cat-nowosci-pl","7":"product_cat-elektronika-wyposazenie-pl","8":"product_cat-elektronika-oscyloskopy","9":"product_cat-picoscope","10":"product_tag-pico-pl","11":"product_tag-pico-automotive-pl","12":"product_tag-pico-automotive-4823-8-channel-professional-kit","13":"product_tag-pico-oscyloskop","15":"first","16":"onbackorder","17":"taxable","18":"shipping-taxable","19":"purchasable","20":"product-type-simple"},"yoast_head":"<!-- This site is optimized with the Yoast SEO plugin v25.2 - https:\/\/yoast.com\/wordpress\/plugins\/seo\/ -->\n<title>PICO Automotive 4823 8-channel Professional Kit PQ184 - Chiptuningmarket<\/title>\n<meta name=\"description\" content=\"PICO Automotive 4823 8-channel Professional Kit PicoScope jest u\u017cywany i cieszy si\u0119 zaufaniem wi\u0119kszej liczby autoryzowanych i niezale...\" \/>\n<meta name=\"robots\" content=\"index, follow, max-snippet:-1, max-image-preview:large, max-video-preview:-1\" \/>\n<link rel=\"canonical\" href=\"https:\/\/chiptuningmarket.com\/pl\/shop\/elektronika-wyposazenie-pl\/elektronika-oscyloskopy\/picoscope\/pico-automotive-4823-8-channel-professional-kit-pq184\/\" \/>\n<meta property=\"og:locale\" content=\"pl_PL\" \/>\n<meta property=\"og:type\" content=\"article\" \/>\n<meta property=\"og:title\" content=\"PICO Automotive 4823 8-channel Professional Kit PQ184 - Chiptuningmarket\" \/>\n<meta property=\"og:description\" content=\"PICO Automotive 4823 8-channel Professional Kit PicoScope jest u\u017cywany i cieszy si\u0119 zaufaniem wi\u0119kszej liczby autoryzowanych i niezale...\" \/>\n<meta property=\"og:url\" content=\"https:\/\/chiptuningmarket.com\/pl\/shop\/elektronika-wyposazenie-pl\/elektronika-oscyloskopy\/picoscope\/pico-automotive-4823-8-channel-professional-kit-pq184\/\" \/>\n<meta property=\"og:site_name\" content=\"Chiptuningmarket\" \/>\n<meta property=\"article:modified_time\" content=\"2026-04-02T13:16:25+00:00\" \/>\n<meta property=\"og:image\" content=\"https:\/\/chiptuningmarket.com\/wp-content\/uploads\/2022\/08\/4823_Professional_kit.png\" \/>\n\t<meta property=\"og:image:width\" content=\"1010\" \/>\n\t<meta property=\"og:image:height\" content=\"941\" \/>\n\t<meta property=\"og:image:type\" content=\"image\/png\" \/>\n<meta name=\"twitter:card\" content=\"summary_large_image\" \/>\n<meta name=\"twitter:label1\" content=\"Szacowany czas czytania\" \/>\n\t<meta name=\"twitter:data1\" content=\"2 minuty\" \/>\n<script type=\"application\/ld+json\" class=\"yoast-schema-graph\">{\"@context\":\"https:\/\/schema.org\",\"@graph\":[{\"@type\":\"WebPage\",\"@id\":\"https:\/\/chiptuningmarket.com\/pl\/shop\/elektronika-wyposazenie-pl\/elektronika-oscyloskopy\/picoscope\/pico-automotive-4823-8-channel-professional-kit-pq184\/\",\"url\":\"https:\/\/chiptuningmarket.com\/pl\/shop\/elektronika-wyposazenie-pl\/elektronika-oscyloskopy\/picoscope\/pico-automotive-4823-8-channel-professional-kit-pq184\/\",\"name\":\"PICO Automotive 4823 8-channel Professional Kit PQ184 - Chiptuningmarket\",\"isPartOf\":{\"@id\":\"https:\/\/chiptuningmarket.com\/ru\/#website\"},\"primaryImageOfPage\":{\"@id\":\"https:\/\/chiptuningmarket.com\/pl\/shop\/elektronika-wyposazenie-pl\/elektronika-oscyloskopy\/picoscope\/pico-automotive-4823-8-channel-professional-kit-pq184\/#primaryimage\"},\"image\":{\"@id\":\"https:\/\/chiptuningmarket.com\/pl\/shop\/elektronika-wyposazenie-pl\/elektronika-oscyloskopy\/picoscope\/pico-automotive-4823-8-channel-professional-kit-pq184\/#primaryimage\"},\"thumbnailUrl\":\"https:\/\/chiptuningmarket.com\/wp-content\/uploads\/2022\/08\/4823_Professional_kit.png\",\"datePublished\":\"2022-08-03T13:22:05+00:00\",\"dateModified\":\"2026-04-02T13:16:25+00:00\",\"description\":\"PICO Automotive 4823 8-channel Professional Kit PicoScope jest u\u017cywany i cieszy si\u0119 zaufaniem wi\u0119kszej liczby autoryzowanych i niezale...\",\"breadcrumb\":{\"@id\":\"https:\/\/chiptuningmarket.com\/pl\/shop\/elektronika-wyposazenie-pl\/elektronika-oscyloskopy\/picoscope\/pico-automotive-4823-8-channel-professional-kit-pq184\/#breadcrumb\"},\"inLanguage\":\"pl-PL\",\"potentialAction\":[{\"@type\":\"ReadAction\",\"target\":[\"https:\/\/chiptuningmarket.com\/pl\/shop\/elektronika-wyposazenie-pl\/elektronika-oscyloskopy\/picoscope\/pico-automotive-4823-8-channel-professional-kit-pq184\/\"]}]},{\"@type\":\"ImageObject\",\"inLanguage\":\"pl-PL\",\"@id\":\"https:\/\/chiptuningmarket.com\/pl\/shop\/elektronika-wyposazenie-pl\/elektronika-oscyloskopy\/picoscope\/pico-automotive-4823-8-channel-professional-kit-pq184\/#primaryimage\",\"url\":\"https:\/\/chiptuningmarket.com\/wp-content\/uploads\/2022\/08\/4823_Professional_kit.png\",\"contentUrl\":\"https:\/\/chiptuningmarket.com\/wp-content\/uploads\/2022\/08\/4823_Professional_kit.png\",\"width\":1010,\"height\":941,\"caption\":\"PICO Automotive 4823 8-channel Professional Kit\"},{\"@type\":\"BreadcrumbList\",\"@id\":\"https:\/\/chiptuningmarket.com\/pl\/shop\/elektronika-wyposazenie-pl\/elektronika-oscyloskopy\/picoscope\/pico-automotive-4823-8-channel-professional-kit-pq184\/#breadcrumb\",\"itemListElement\":[{\"@type\":\"ListItem\",\"position\":1,\"name\":\"Home\",\"item\":\"https:\/\/chiptuningmarket.com\/pl\/\"},{\"@type\":\"ListItem\",\"position\":2,\"name\":\"Sklep\",\"item\":\"https:\/\/chiptuningmarket.com\/pl\/shop\/\"},{\"@type\":\"ListItem\",\"position\":3,\"name\":\"PICO Automotive 4823 8-channel Professional Kit PQ184\"}]},{\"@type\":\"WebSite\",\"@id\":\"https:\/\/chiptuningmarket.com\/ru\/#website\",\"url\":\"https:\/\/chiptuningmarket.com\/ru\/\",\"name\":\"Chiptuningmarket\",\"description\":\"Biggest chiptuning shop in Europe\",\"publisher\":{\"@id\":\"https:\/\/chiptuningmarket.com\/ru\/#organization\"},\"alternateName\":\"Worldwide ecu tools supplier\",\"potentialAction\":[{\"@type\":\"SearchAction\",\"target\":{\"@type\":\"EntryPoint\",\"urlTemplate\":\"https:\/\/chiptuningmarket.com\/ru\/?s={search_term_string}\"},\"query-input\":{\"@type\":\"PropertyValueSpecification\",\"valueRequired\":true,\"valueName\":\"search_term_string\"}}],\"inLanguage\":\"pl-PL\"},{\"@type\":\"Organization\",\"@id\":\"https:\/\/chiptuningmarket.com\/ru\/#organization\",\"name\":\"Chiptuningmarket\",\"alternateName\":\"Chiptuning tools supplier\",\"url\":\"https:\/\/chiptuningmarket.com\/ru\/\",\"logo\":{\"@type\":\"ImageObject\",\"inLanguage\":\"pl-PL\",\"@id\":\"https:\/\/chiptuningmarket.com\/ru\/#\/schema\/logo\/image\/\",\"url\":\"https:\/\/chiptuningmarket.com\/wp-content\/uploads\/2023\/05\/logo-ChipTuningMarket-social.png\",\"contentUrl\":\"https:\/\/chiptuningmarket.com\/wp-content\/uploads\/2023\/05\/logo-ChipTuningMarket-social.png\",\"width\":512,\"height\":512,\"caption\":\"Chiptuningmarket\"},\"image\":{\"@id\":\"https:\/\/chiptuningmarket.com\/ru\/#\/schema\/logo\/image\/\"}}]}<\/script>\n<!-- \/ Yoast SEO plugin. -->","yoast_head_json":{"title":"PICO Automotive 4823 8-channel Professional Kit PQ184 - Chiptuningmarket","description":"PICO Automotive 4823 8-channel Professional Kit PicoScope jest u\u017cywany i cieszy si\u0119 zaufaniem wi\u0119kszej liczby autoryzowanych i niezale...","robots":{"index":"index","follow":"follow","max-snippet":"max-snippet:-1","max-image-preview":"max-image-preview:large","max-video-preview":"max-video-preview:-1"},"canonical":"https:\/\/chiptuningmarket.com\/pl\/shop\/elektronika-wyposazenie-pl\/elektronika-oscyloskopy\/picoscope\/pico-automotive-4823-8-channel-professional-kit-pq184\/","og_locale":"pl_PL","og_type":"article","og_title":"PICO Automotive 4823 8-channel Professional Kit PQ184 - Chiptuningmarket","og_description":"PICO Automotive 4823 8-channel Professional Kit PicoScope jest u\u017cywany i cieszy si\u0119 zaufaniem wi\u0119kszej liczby autoryzowanych i niezale...","og_url":"https:\/\/chiptuningmarket.com\/pl\/shop\/elektronika-wyposazenie-pl\/elektronika-oscyloskopy\/picoscope\/pico-automotive-4823-8-channel-professional-kit-pq184\/","og_site_name":"Chiptuningmarket","article_modified_time":"2026-04-02T13:16:25+00:00","og_image":[{"width":1010,"height":941,"url":"https:\/\/chiptuningmarket.com\/wp-content\/uploads\/2022\/08\/4823_Professional_kit.png","type":"image\/png"}],"twitter_card":"summary_large_image","twitter_misc":{"Szacowany czas czytania":"2 minuty"},"schema":{"@context":"https:\/\/schema.org","@graph":[{"@type":"WebPage","@id":"https:\/\/chiptuningmarket.com\/pl\/shop\/elektronika-wyposazenie-pl\/elektronika-oscyloskopy\/picoscope\/pico-automotive-4823-8-channel-professional-kit-pq184\/","url":"https:\/\/chiptuningmarket.com\/pl\/shop\/elektronika-wyposazenie-pl\/elektronika-oscyloskopy\/picoscope\/pico-automotive-4823-8-channel-professional-kit-pq184\/","name":"PICO Automotive 4823 8-channel Professional Kit PQ184 - Chiptuningmarket","isPartOf":{"@id":"https:\/\/chiptuningmarket.com\/ru\/#website"},"primaryImageOfPage":{"@id":"https:\/\/chiptuningmarket.com\/pl\/shop\/elektronika-wyposazenie-pl\/elektronika-oscyloskopy\/picoscope\/pico-automotive-4823-8-channel-professional-kit-pq184\/#primaryimage"},"image":{"@id":"https:\/\/chiptuningmarket.com\/pl\/shop\/elektronika-wyposazenie-pl\/elektronika-oscyloskopy\/picoscope\/pico-automotive-4823-8-channel-professional-kit-pq184\/#primaryimage"},"thumbnailUrl":"https:\/\/chiptuningmarket.com\/wp-content\/uploads\/2022\/08\/4823_Professional_kit.png","datePublished":"2022-08-03T13:22:05+00:00","dateModified":"2026-04-02T13:16:25+00:00","description":"PICO Automotive 4823 8-channel Professional Kit PicoScope jest u\u017cywany i cieszy si\u0119 zaufaniem wi\u0119kszej liczby autoryzowanych i niezale...","breadcrumb":{"@id":"https:\/\/chiptuningmarket.com\/pl\/shop\/elektronika-wyposazenie-pl\/elektronika-oscyloskopy\/picoscope\/pico-automotive-4823-8-channel-professional-kit-pq184\/#breadcrumb"},"inLanguage":"pl-PL","potentialAction":[{"@type":"ReadAction","target":["https:\/\/chiptuningmarket.com\/pl\/shop\/elektronika-wyposazenie-pl\/elektronika-oscyloskopy\/picoscope\/pico-automotive-4823-8-channel-professional-kit-pq184\/"]}]},{"@type":"ImageObject","inLanguage":"pl-PL","@id":"https:\/\/chiptuningmarket.com\/pl\/shop\/elektronika-wyposazenie-pl\/elektronika-oscyloskopy\/picoscope\/pico-automotive-4823-8-channel-professional-kit-pq184\/#primaryimage","url":"https:\/\/chiptuningmarket.com\/wp-content\/uploads\/2022\/08\/4823_Professional_kit.png","contentUrl":"https:\/\/chiptuningmarket.com\/wp-content\/uploads\/2022\/08\/4823_Professional_kit.png","width":1010,"height":941,"caption":"PICO Automotive 4823 8-channel Professional Kit"},{"@type":"BreadcrumbList","@id":"https:\/\/chiptuningmarket.com\/pl\/shop\/elektronika-wyposazenie-pl\/elektronika-oscyloskopy\/picoscope\/pico-automotive-4823-8-channel-professional-kit-pq184\/#breadcrumb","itemListElement":[{"@type":"ListItem","position":1,"name":"Home","item":"https:\/\/chiptuningmarket.com\/pl\/"},{"@type":"ListItem","position":2,"name":"Sklep","item":"https:\/\/chiptuningmarket.com\/pl\/shop\/"},{"@type":"ListItem","position":3,"name":"PICO Automotive 4823 8-channel Professional Kit PQ184"}]},{"@type":"WebSite","@id":"https:\/\/chiptuningmarket.com\/ru\/#website","url":"https:\/\/chiptuningmarket.com\/ru\/","name":"Chiptuningmarket","description":"Biggest chiptuning shop in Europe","publisher":{"@id":"https:\/\/chiptuningmarket.com\/ru\/#organization"},"alternateName":"Worldwide ecu tools supplier","potentialAction":[{"@type":"SearchAction","target":{"@type":"EntryPoint","urlTemplate":"https:\/\/chiptuningmarket.com\/ru\/?s={search_term_string}"},"query-input":{"@type":"PropertyValueSpecification","valueRequired":true,"valueName":"search_term_string"}}],"inLanguage":"pl-PL"},{"@type":"Organization","@id":"https:\/\/chiptuningmarket.com\/ru\/#organization","name":"Chiptuningmarket","alternateName":"Chiptuning tools supplier","url":"https:\/\/chiptuningmarket.com\/ru\/","logo":{"@type":"ImageObject","inLanguage":"pl-PL","@id":"https:\/\/chiptuningmarket.com\/ru\/#\/schema\/logo\/image\/","url":"https:\/\/chiptuningmarket.com\/wp-content\/uploads\/2023\/05\/logo-ChipTuningMarket-social.png","contentUrl":"https:\/\/chiptuningmarket.com\/wp-content\/uploads\/2023\/05\/logo-ChipTuningMarket-social.png","width":512,"height":512,"caption":"Chiptuningmarket"},"image":{"@id":"https:\/\/chiptuningmarket.com\/ru\/#\/schema\/logo\/image\/"}}]}},"_links":{"self":[{"href":"https:\/\/chiptuningmarket.com\/pl\/wp-json\/wp\/v2\/product\/21375","targetHints":{"allow":["GET"]}}],"collection":[{"href":"https:\/\/chiptuningmarket.com\/pl\/wp-json\/wp\/v2\/product"}],"about":[{"href":"https:\/\/chiptuningmarket.com\/pl\/wp-json\/wp\/v2\/types\/product"}],"wp:featuredmedia":[{"embeddable":true,"href":"https:\/\/chiptuningmarket.com\/pl\/wp-json\/wp\/v2\/media\/21376"}],"wp:attachment":[{"href":"https:\/\/chiptuningmarket.com\/pl\/wp-json\/wp\/v2\/media?parent=21375"}],"wp:term":[{"taxonomy":"product_brand","embeddable":true,"href":"https:\/\/chiptuningmarket.com\/pl\/wp-json\/wp\/v2\/product_brand?post=21375"},{"taxonomy":"product_cat","embeddable":true,"href":"https:\/\/chiptuningmarket.com\/pl\/wp-json\/wp\/v2\/product_cat?post=21375"},{"taxonomy":"product_tag","embeddable":true,"href":"https:\/\/chiptuningmarket.com\/pl\/wp-json\/wp\/v2\/product_tag?post=21375"}],"curies":[{"name":"wp","href":"https:\/\/api.w.org\/{rel}","templated":true}]}}