{"id":21386,"date":"2022-08-04T09:25:36","date_gmt":"2022-08-04T09:25:36","guid":{"rendered":"https:\/\/chiptuningmarket.com\/?post_type=product&#038;p=21386"},"modified":"2025-04-16T12:26:02","modified_gmt":"2025-04-16T11:26:02","slug":"przetwornik-cisnienia-hydraulicznego-wps600","status":"publish","type":"product","link":"https:\/\/chiptuningmarket.com\/pl\/shop\/elektronika-wyposazenie-pl\/elektronika-oscyloskopy\/picoscope\/przetwornik-cisnienia-hydraulicznego-wps600\/","title":{"rendered":"Przetwornik ci\u015bnienia hydraulicznego WPS600\u00a0"},"content":{"rendered":"<h3 class=\"ue3\" style=\"text-align: center\"><strong>Przetwornik ci\u015bnienia hydraulicznego WPS600\u00a0<\/strong><\/h3>\n<div id=\"accessories\">\n<p>Czujnik idealnie nadaje si\u0119 dla specjalist\u00f3w zajmuj\u0105cych si\u0119 diagnostyk\u0105 i konserwacj\u0105 system\u00f3w hydraulicznych w przemy\u015ble, motoryzacji oraz innych sektorach.<\/p>\n<p>Wybieraj\u0105c czujnik Pico WPS600, zyskujesz narz\u0119dzie, kt\u00f3re zapewni niezawodne i dok\u0142adne pomiary, wspieraj\u0105c Ci\u0119 w codziennej pracy.<\/p>\n<p>Dzi\u0119ki wysokiej dok\u0142adno\u015bci i szerokiemu zakresowi pomiarowemu przetwornik ci\u015bnienia hydraulicznego WPS600C \u0142\u0105czy si\u0119 z PicoScope w celu wygodnej analizy i diagnostyki uk\u0142ad\u00f3w ci\u015bnieniowych.<\/p>\n<ul>\n<li>Dok\u0142adny pomiar do 600 bar\u00f3w (8700 psi)<\/li>\n<li>Ultraszybki czas reakcji 100 mikrosekund (od 0% do 90% pe\u0142nej skali)<\/li>\n<li>Wewn\u0119trzny akumulator LiPo<\/li>\n<li>Standardowe z\u0142\u0105cze punktu testowego M16 x 2<\/li>\n<li>Automatyczne zerowanie<\/li>\n<li>Wysoka odporno\u015b\u0107 na zak\u0142\u00f3cenia<\/li>\n<li>Kompensacja temperatury<\/li>\n<li>Nie nadaje si\u0119 do ci\u0105g\u0142ej pracy<\/li>\n<\/ul>\n<h3><strong>Dwa zakresy ci\u015bnienia dla wi\u0119kszej wszechstronno\u015bci:<\/strong><\/h3>\n<p>Dwa zakresy ci\u015bnienia WPS600C umo\u017cliwiaj\u0105 dok\u0142adny pomiar i diagnostyk\u0119 sta\u0142ych i niesta\u0142ych uk\u0142ad\u00f3w hydraulicznych w pojazdach i przemy\u015ble.<\/p>\n<p>Zakres 1 = od 0 do 600 bar\u00f3w (ok. 8700 psi) zapewnia wysok\u0105 rozdzielczo\u015b\u0107 i dok\u0142adno\u015b\u0107 test\u00f3w wysokoci\u015bnieniowych w uk\u0142adach hydraulicznych.<\/p>\n<p>Zakres 2 = od 0 do 60 bar\u00f3w (ok. 870 psi), idealny do uk\u0142ad\u00f3w hydraulicznych niskiego ci\u015bnienia i pomp olejowych.<\/p>\n<p><a href=\"https:\/\/chiptuningmarket.com\/wp-content\/uploads\/2022\/08\/Zrzut-ekranu-2025-02-28-o-13.35.05.png\"><img decoding=\"async\" class=\"wp-image-51691 alignnone\" src=\"https:\/\/chiptuningmarket.com\/wp-content\/uploads\/2022\/08\/Zrzut-ekranu-2025-02-28-o-13.35.05.png\" alt=\"\" width=\"1000\" height=\"156\" srcset=\"https:\/\/chiptuningmarket.com\/wp-content\/uploads\/2022\/08\/Zrzut-ekranu-2025-02-28-o-13.35.05.png 2726w, https:\/\/chiptuningmarket.com\/wp-content\/uploads\/2022\/08\/Zrzut-ekranu-2025-02-28-o-13.35.05-300x47.png 300w, https:\/\/chiptuningmarket.com\/wp-content\/uploads\/2022\/08\/Zrzut-ekranu-2025-02-28-o-13.35.05-1024x159.png 1024w, https:\/\/chiptuningmarket.com\/wp-content\/uploads\/2022\/08\/Zrzut-ekranu-2025-02-28-o-13.35.05-768x119.png 768w, https:\/\/chiptuningmarket.com\/wp-content\/uploads\/2022\/08\/Zrzut-ekranu-2025-02-28-o-13.35.05-1536x239.png 1536w, https:\/\/chiptuningmarket.com\/wp-content\/uploads\/2022\/08\/Zrzut-ekranu-2025-02-28-o-13.35.05-2048x319.png 2048w, https:\/\/chiptuningmarket.com\/wp-content\/uploads\/2022\/08\/Zrzut-ekranu-2025-02-28-o-13.35.05-600x93.png 600w\" sizes=\"(max-width: 1000px) 100vw, 1000px\" \/><\/a><\/p>\n<h3><strong>Typowe zastosowania:<\/strong><\/h3>\n<p>Czujnik WPS600C, u\u017cywany z zestawem Pico 4-Channel 4425A Diesel (PQ179), jest przeznaczony do diagnozowania problem\u00f3w w sprz\u0119cie, zwi\u0105zanych z silnikiem lub hydraulik\u0105. Mo\u017cliwo\u015b\u0107 monitorowania ci\u015bnienia do 600 bar\u00f3w w czasie umo\u017cliwia technikowi pod\u0142\u0105czenie WPS600C do odpowiedniego portu testowego uk\u0142adu hydraulicznego, a nast\u0119pnie przegl\u0105danie aktywno\u015bci i zmian ci\u015bnienia hydraulicznego, kt\u00f3re nigdy wcze\u015bniej nie by\u0142y widoczne za pomoc\u0105 konwencjonalnych miernik\u00f3w.<\/p>\n<ul>\n<li>Wydajno\u015b\u0107 pompy hydraulicznej<\/li>\n<li>Aktywno\u015b\u0107 prze\u0142\u0105czania zaworu hydraulicznego<\/li>\n<li>Wydajno\u015b\u0107 zaworu steruj\u0105cego ci\u015bnieniem hydraulicznym<\/li>\n<li>Spadek ci\u015bnienia hydraulicznego<\/li>\n<li>Pozosta\u0142e ci\u015bnienie hydrauliczne<\/li>\n<\/ul>\n<h3><strong>Adaptery i w\u0119\u017ce:<\/strong><\/h3>\n<p>Ze wzgl\u0119du na szeroki zakres u\u017cywanych z\u0142\u0105czy hydraulicznych nie dostarczamy \u017cadnych konkretnych adapter\u00f3w ani w\u0119\u017cy do stosowania z tym produktem. Te dostarczone z niskoci\u015bnieniowym WPS500X nie nadaj\u0105 si\u0119 do stosowania z systemami hydraulicznymi o wy\u017cszym ci\u015bnieniu. Skontaktuj si\u0119 ze swoim dostawc\u0105 w\u0119\u017cy hydraulicznych, aby uzyska\u0107 dodatkowe z\u0142\u0105czki lub niestandardowe zestawy w\u0119\u017cy, kt\u00f3re mog\u0105 by\u0107 potrzebne do dopasowania do Twojego konkretnego systemu.<\/p>\n<h3><strong>Nic nie mo\u017ce r\u00f3wna\u0107 si\u0119 z WPS600C:<\/strong><\/h3>\n<p>Nie jest niczym niezwyk\u0142ym, \u017ce do ka\u017cdego testu diagnostycznego, kt\u00f3ry chcesz przeprowadzi\u0107, potrzebny jest inny przetwornik ci\u015bnienia. WPS600C eliminuje t\u0119 potrzeb\u0119, zapewniaj\u0105c jeden przetwornik o ultrawysokiej rozdzielczo\u015bci, kt\u00f3ry mo\u017cna wykorzysta\u0107 w wielu zastosowaniach diagnostyki hydraulicznej. Dzi\u0119ki dw\u00f3m zakresom ci\u015bnienia i akumulatorowi Li-Po, wszystko zamkni\u0119te w trwa\u0142ej obudowie, WPS600C jest ekonomiczn\u0105 odpowiedzi\u0105 na analiz\u0119 ci\u015bnienia.<\/p>\n<p>Gdy liczy si\u0119 cena, wydajno\u015b\u0107 i wszechstronno\u015b\u0107, nic nie mo\u017ce si\u0119 r\u00f3wna\u0107 z przetwornikiem ci\u015bnienia WPS600C.<\/p>\n<h3><strong>Zestaw do diagnostyki<\/strong><\/h3>\n<p>Zestaw do diagnostyki silnik\u00f3w i uk\u0142ad\u00f3w hydraulicznych Pico (PQ195) \u0142\u0105czy zestaw hydrauliczny Dual WPS600C (PQ108) z zestawem 4-kana\u0142owym 4425A Diesel (PQ179) firmy Pico.<\/p>\n<h3><strong>Film szkoleniowy:<\/strong><\/h3>\n<p><iframe title=\"Diagnostyka pojazd\u00f3w ci\u0119\u017carowych \/ budowlanych \/ rolniczych  oscyloskopem Pico\" width=\"1170\" height=\"658\" src=\"https:\/\/www.youtube.com\/embed\/w3pMdM5Y6Ug?feature=oembed\" frameborder=\"0\" allow=\"accelerometer; autoplay; clipboard-write; encrypted-media; gyroscope; picture-in-picture; web-share\" referrerpolicy=\"strict-origin-when-cross-origin\" allowfullscreen><\/iframe><\/p>\n<\/div>\n<p>&nbsp;<\/p>\n<p><strong>W naszej ofercie r\u00f3wnie\u017c:<br \/>\n<a href=\"https:\/\/chiptuningmarket.com\/pl\/shop\/elektronika\/pico-wps500x-zestaw-czujnik-cisnienia-i-podcisnienia\/\">PICO WPS500X zestaw czujnik ci\u015bnienia i podci\u015bnienia<\/a><br \/>\n<a href=\"https:\/\/chiptuningmarket.com\/pl\/shop\/elektronika\/oscyloskopy\/pico-oscyloskop-automotive-advanced-pq180\/\">PICO oscyloskop automotive 4 kana\u0142owy Advanced Kit PQ180<\/a><\/strong><\/p>\n","protected":false},"excerpt":{"rendered":"<p>Dzi\u0119ki niezr\u00f3wnanej rozdzielczo\u015bci i dok\u0142adno\u015bci przetwornik\u00f3w ci\u015bnienia WPS Automotive mo\u017cesz wykona\u0107 szybk\u0105 i dok\u0142adn\u0105 analiz\u0119 ci\u015bnienia wielu system\u00f3w samochodowych.<\/p>\n","protected":false},"featured_media":21389,"template":"","meta":{"_monsterinsights_skip_tracking":false,"_monsterinsights_sitenote_active":false,"_monsterinsights_sitenote_note":"","_monsterinsights_sitenote_category":0},"product_brand":[],"product_cat":[5072,5144,5630,5634],"product_tag":[1671,1672,3559,3576],"class_list":{"0":"post-21386","1":"product","2":"type-product","3":"status-publish","4":"has-post-thumbnail","6":"product_cat-nowosci-pl","7":"product_cat-elektronika-wyposazenie-pl","8":"product_cat-elektronika-oscyloskopy","9":"product_cat-picoscope","10":"product_tag-pico-pl","11":"product_tag-pico-automotive-pl","12":"product_tag-pico-oscyloskop","13":"product_tag-przetwornik-cisnienia-hydraulicznego-wps600","15":"first","16":"onbackorder","17":"taxable","18":"shipping-taxable","19":"purchasable","20":"product-type-simple"},"yoast_head":"<!-- This site is optimized with the Yoast SEO plugin v25.2 - https:\/\/yoast.com\/wordpress\/plugins\/seo\/ -->\n<title>Przetwornik ci\u015bnienia hydraulicznego WPS600\u00a0 - Chiptuningmarket<\/title>\n<meta name=\"description\" content=\"Przetwornik ci\u015bnienia hydraulicznego WPS600\u00a0Dzi\u0119ki niezr\u00f3wnanej rozdzielczo\u015bci i dok\u0142adno\u015bci przetwornik\u00f3w ci\u015bnienia WPS Automotive mo\u017ce...\" \/>\n<meta name=\"robots\" content=\"index, follow, max-snippet:-1, max-image-preview:large, max-video-preview:-1\" \/>\n<link rel=\"canonical\" href=\"https:\/\/chiptuningmarket.com\/pl\/shop\/elektronika-wyposazenie-pl\/elektronika-oscyloskopy\/picoscope\/przetwornik-cisnienia-hydraulicznego-wps600\/\" \/>\n<meta property=\"og:locale\" content=\"pl_PL\" \/>\n<meta property=\"og:type\" content=\"article\" \/>\n<meta property=\"og:title\" content=\"Przetwornik ci\u015bnienia hydraulicznego WPS600\u00a0 - Chiptuningmarket\" \/>\n<meta property=\"og:description\" content=\"Przetwornik ci\u015bnienia hydraulicznego WPS600\u00a0Dzi\u0119ki niezr\u00f3wnanej rozdzielczo\u015bci i dok\u0142adno\u015bci przetwornik\u00f3w ci\u015bnienia WPS Automotive mo\u017ce...\" \/>\n<meta property=\"og:url\" content=\"https:\/\/chiptuningmarket.com\/pl\/shop\/elektronika-wyposazenie-pl\/elektronika-oscyloskopy\/picoscope\/przetwornik-cisnienia-hydraulicznego-wps600\/\" \/>\n<meta property=\"og:site_name\" content=\"Chiptuningmarket\" \/>\n<meta property=\"article:modified_time\" content=\"2025-04-16T11:26:02+00:00\" \/>\n<meta property=\"og:image\" content=\"https:\/\/chiptuningmarket.com\/wp-content\/uploads\/2022\/08\/Pico-WPS600-30015455-01.jpg\" \/>\n\t<meta property=\"og:image:width\" content=\"600\" \/>\n\t<meta property=\"og:image:height\" content=\"336\" \/>\n\t<meta property=\"og:image:type\" content=\"image\/jpeg\" \/>\n<meta name=\"twitter:card\" content=\"summary_large_image\" \/>\n<meta name=\"twitter:label1\" content=\"Szacowany czas czytania\" \/>\n\t<meta name=\"twitter:data1\" content=\"3 minuty\" \/>\n<script type=\"application\/ld+json\" class=\"yoast-schema-graph\">{\"@context\":\"https:\/\/schema.org\",\"@graph\":[{\"@type\":\"WebPage\",\"@id\":\"https:\/\/chiptuningmarket.com\/pl\/shop\/elektronika-wyposazenie-pl\/elektronika-oscyloskopy\/picoscope\/przetwornik-cisnienia-hydraulicznego-wps600\/\",\"url\":\"https:\/\/chiptuningmarket.com\/pl\/shop\/elektronika-wyposazenie-pl\/elektronika-oscyloskopy\/picoscope\/przetwornik-cisnienia-hydraulicznego-wps600\/\",\"name\":\"Przetwornik ci\u015bnienia hydraulicznego WPS600\u00a0 - Chiptuningmarket\",\"isPartOf\":{\"@id\":\"https:\/\/chiptuningmarket.com\/ru\/#website\"},\"primaryImageOfPage\":{\"@id\":\"https:\/\/chiptuningmarket.com\/pl\/shop\/elektronika-wyposazenie-pl\/elektronika-oscyloskopy\/picoscope\/przetwornik-cisnienia-hydraulicznego-wps600\/#primaryimage\"},\"image\":{\"@id\":\"https:\/\/chiptuningmarket.com\/pl\/shop\/elektronika-wyposazenie-pl\/elektronika-oscyloskopy\/picoscope\/przetwornik-cisnienia-hydraulicznego-wps600\/#primaryimage\"},\"thumbnailUrl\":\"https:\/\/chiptuningmarket.com\/wp-content\/uploads\/2022\/08\/Pico-WPS600-30015455-01.jpg\",\"datePublished\":\"2022-08-04T09:25:36+00:00\",\"dateModified\":\"2025-04-16T11:26:02+00:00\",\"description\":\"Przetwornik ci\u015bnienia hydraulicznego WPS600\u00a0Dzi\u0119ki niezr\u00f3wnanej rozdzielczo\u015bci i dok\u0142adno\u015bci przetwornik\u00f3w ci\u015bnienia WPS Automotive mo\u017ce...\",\"breadcrumb\":{\"@id\":\"https:\/\/chiptuningmarket.com\/pl\/shop\/elektronika-wyposazenie-pl\/elektronika-oscyloskopy\/picoscope\/przetwornik-cisnienia-hydraulicznego-wps600\/#breadcrumb\"},\"inLanguage\":\"pl-PL\",\"potentialAction\":[{\"@type\":\"ReadAction\",\"target\":[\"https:\/\/chiptuningmarket.com\/pl\/shop\/elektronika-wyposazenie-pl\/elektronika-oscyloskopy\/picoscope\/przetwornik-cisnienia-hydraulicznego-wps600\/\"]}]},{\"@type\":\"ImageObject\",\"inLanguage\":\"pl-PL\",\"@id\":\"https:\/\/chiptuningmarket.com\/pl\/shop\/elektronika-wyposazenie-pl\/elektronika-oscyloskopy\/picoscope\/przetwornik-cisnienia-hydraulicznego-wps600\/#primaryimage\",\"url\":\"https:\/\/chiptuningmarket.com\/wp-content\/uploads\/2022\/08\/Pico-WPS600-30015455-01.jpg\",\"contentUrl\":\"https:\/\/chiptuningmarket.com\/wp-content\/uploads\/2022\/08\/Pico-WPS600-30015455-01.jpg\",\"width\":600,\"height\":336,\"caption\":\"Przetwornik ci\u015bnienia hydraulicznego WPS600\u00a0\"},{\"@type\":\"BreadcrumbList\",\"@id\":\"https:\/\/chiptuningmarket.com\/pl\/shop\/elektronika-wyposazenie-pl\/elektronika-oscyloskopy\/picoscope\/przetwornik-cisnienia-hydraulicznego-wps600\/#breadcrumb\",\"itemListElement\":[{\"@type\":\"ListItem\",\"position\":1,\"name\":\"Home\",\"item\":\"https:\/\/chiptuningmarket.com\/pl\/\"},{\"@type\":\"ListItem\",\"position\":2,\"name\":\"Sklep\",\"item\":\"https:\/\/chiptuningmarket.com\/pl\/shop\/\"},{\"@type\":\"ListItem\",\"position\":3,\"name\":\"Przetwornik ci\u015bnienia hydraulicznego WPS600\u00a0\"}]},{\"@type\":\"WebSite\",\"@id\":\"https:\/\/chiptuningmarket.com\/ru\/#website\",\"url\":\"https:\/\/chiptuningmarket.com\/ru\/\",\"name\":\"Chiptuningmarket\",\"description\":\"Biggest chiptuning shop in Europe\",\"publisher\":{\"@id\":\"https:\/\/chiptuningmarket.com\/ru\/#organization\"},\"alternateName\":\"Worldwide ecu tools supplier\",\"potentialAction\":[{\"@type\":\"SearchAction\",\"target\":{\"@type\":\"EntryPoint\",\"urlTemplate\":\"https:\/\/chiptuningmarket.com\/ru\/?s={search_term_string}\"},\"query-input\":{\"@type\":\"PropertyValueSpecification\",\"valueRequired\":true,\"valueName\":\"search_term_string\"}}],\"inLanguage\":\"pl-PL\"},{\"@type\":\"Organization\",\"@id\":\"https:\/\/chiptuningmarket.com\/ru\/#organization\",\"name\":\"Chiptuningmarket\",\"alternateName\":\"Chiptuning tools supplier\",\"url\":\"https:\/\/chiptuningmarket.com\/ru\/\",\"logo\":{\"@type\":\"ImageObject\",\"inLanguage\":\"pl-PL\",\"@id\":\"https:\/\/chiptuningmarket.com\/ru\/#\/schema\/logo\/image\/\",\"url\":\"https:\/\/chiptuningmarket.com\/wp-content\/uploads\/2023\/05\/logo-ChipTuningMarket-social.png\",\"contentUrl\":\"https:\/\/chiptuningmarket.com\/wp-content\/uploads\/2023\/05\/logo-ChipTuningMarket-social.png\",\"width\":512,\"height\":512,\"caption\":\"Chiptuningmarket\"},\"image\":{\"@id\":\"https:\/\/chiptuningmarket.com\/ru\/#\/schema\/logo\/image\/\"}}]}<\/script>\n<!-- \/ Yoast SEO plugin. -->","yoast_head_json":{"title":"Przetwornik ci\u015bnienia hydraulicznego WPS600\u00a0 - Chiptuningmarket","description":"Przetwornik ci\u015bnienia hydraulicznego WPS600\u00a0Dzi\u0119ki niezr\u00f3wnanej rozdzielczo\u015bci i dok\u0142adno\u015bci przetwornik\u00f3w ci\u015bnienia WPS Automotive mo\u017ce...","robots":{"index":"index","follow":"follow","max-snippet":"max-snippet:-1","max-image-preview":"max-image-preview:large","max-video-preview":"max-video-preview:-1"},"canonical":"https:\/\/chiptuningmarket.com\/pl\/shop\/elektronika-wyposazenie-pl\/elektronika-oscyloskopy\/picoscope\/przetwornik-cisnienia-hydraulicznego-wps600\/","og_locale":"pl_PL","og_type":"article","og_title":"Przetwornik ci\u015bnienia hydraulicznego WPS600\u00a0 - Chiptuningmarket","og_description":"Przetwornik ci\u015bnienia hydraulicznego WPS600\u00a0Dzi\u0119ki niezr\u00f3wnanej rozdzielczo\u015bci i dok\u0142adno\u015bci przetwornik\u00f3w ci\u015bnienia WPS Automotive mo\u017ce...","og_url":"https:\/\/chiptuningmarket.com\/pl\/shop\/elektronika-wyposazenie-pl\/elektronika-oscyloskopy\/picoscope\/przetwornik-cisnienia-hydraulicznego-wps600\/","og_site_name":"Chiptuningmarket","article_modified_time":"2025-04-16T11:26:02+00:00","og_image":[{"width":600,"height":336,"url":"https:\/\/chiptuningmarket.com\/wp-content\/uploads\/2022\/08\/Pico-WPS600-30015455-01.jpg","type":"image\/jpeg"}],"twitter_card":"summary_large_image","twitter_misc":{"Szacowany czas czytania":"3 minuty"},"schema":{"@context":"https:\/\/schema.org","@graph":[{"@type":"WebPage","@id":"https:\/\/chiptuningmarket.com\/pl\/shop\/elektronika-wyposazenie-pl\/elektronika-oscyloskopy\/picoscope\/przetwornik-cisnienia-hydraulicznego-wps600\/","url":"https:\/\/chiptuningmarket.com\/pl\/shop\/elektronika-wyposazenie-pl\/elektronika-oscyloskopy\/picoscope\/przetwornik-cisnienia-hydraulicznego-wps600\/","name":"Przetwornik ci\u015bnienia hydraulicznego WPS600\u00a0 - Chiptuningmarket","isPartOf":{"@id":"https:\/\/chiptuningmarket.com\/ru\/#website"},"primaryImageOfPage":{"@id":"https:\/\/chiptuningmarket.com\/pl\/shop\/elektronika-wyposazenie-pl\/elektronika-oscyloskopy\/picoscope\/przetwornik-cisnienia-hydraulicznego-wps600\/#primaryimage"},"image":{"@id":"https:\/\/chiptuningmarket.com\/pl\/shop\/elektronika-wyposazenie-pl\/elektronika-oscyloskopy\/picoscope\/przetwornik-cisnienia-hydraulicznego-wps600\/#primaryimage"},"thumbnailUrl":"https:\/\/chiptuningmarket.com\/wp-content\/uploads\/2022\/08\/Pico-WPS600-30015455-01.jpg","datePublished":"2022-08-04T09:25:36+00:00","dateModified":"2025-04-16T11:26:02+00:00","description":"Przetwornik ci\u015bnienia hydraulicznego WPS600\u00a0Dzi\u0119ki niezr\u00f3wnanej rozdzielczo\u015bci i dok\u0142adno\u015bci przetwornik\u00f3w ci\u015bnienia WPS Automotive mo\u017ce...","breadcrumb":{"@id":"https:\/\/chiptuningmarket.com\/pl\/shop\/elektronika-wyposazenie-pl\/elektronika-oscyloskopy\/picoscope\/przetwornik-cisnienia-hydraulicznego-wps600\/#breadcrumb"},"inLanguage":"pl-PL","potentialAction":[{"@type":"ReadAction","target":["https:\/\/chiptuningmarket.com\/pl\/shop\/elektronika-wyposazenie-pl\/elektronika-oscyloskopy\/picoscope\/przetwornik-cisnienia-hydraulicznego-wps600\/"]}]},{"@type":"ImageObject","inLanguage":"pl-PL","@id":"https:\/\/chiptuningmarket.com\/pl\/shop\/elektronika-wyposazenie-pl\/elektronika-oscyloskopy\/picoscope\/przetwornik-cisnienia-hydraulicznego-wps600\/#primaryimage","url":"https:\/\/chiptuningmarket.com\/wp-content\/uploads\/2022\/08\/Pico-WPS600-30015455-01.jpg","contentUrl":"https:\/\/chiptuningmarket.com\/wp-content\/uploads\/2022\/08\/Pico-WPS600-30015455-01.jpg","width":600,"height":336,"caption":"Przetwornik ci\u015bnienia hydraulicznego WPS600\u00a0"},{"@type":"BreadcrumbList","@id":"https:\/\/chiptuningmarket.com\/pl\/shop\/elektronika-wyposazenie-pl\/elektronika-oscyloskopy\/picoscope\/przetwornik-cisnienia-hydraulicznego-wps600\/#breadcrumb","itemListElement":[{"@type":"ListItem","position":1,"name":"Home","item":"https:\/\/chiptuningmarket.com\/pl\/"},{"@type":"ListItem","position":2,"name":"Sklep","item":"https:\/\/chiptuningmarket.com\/pl\/shop\/"},{"@type":"ListItem","position":3,"name":"Przetwornik ci\u015bnienia hydraulicznego WPS600\u00a0"}]},{"@type":"WebSite","@id":"https:\/\/chiptuningmarket.com\/ru\/#website","url":"https:\/\/chiptuningmarket.com\/ru\/","name":"Chiptuningmarket","description":"Biggest chiptuning shop in Europe","publisher":{"@id":"https:\/\/chiptuningmarket.com\/ru\/#organization"},"alternateName":"Worldwide ecu tools supplier","potentialAction":[{"@type":"SearchAction","target":{"@type":"EntryPoint","urlTemplate":"https:\/\/chiptuningmarket.com\/ru\/?s={search_term_string}"},"query-input":{"@type":"PropertyValueSpecification","valueRequired":true,"valueName":"search_term_string"}}],"inLanguage":"pl-PL"},{"@type":"Organization","@id":"https:\/\/chiptuningmarket.com\/ru\/#organization","name":"Chiptuningmarket","alternateName":"Chiptuning tools supplier","url":"https:\/\/chiptuningmarket.com\/ru\/","logo":{"@type":"ImageObject","inLanguage":"pl-PL","@id":"https:\/\/chiptuningmarket.com\/ru\/#\/schema\/logo\/image\/","url":"https:\/\/chiptuningmarket.com\/wp-content\/uploads\/2023\/05\/logo-ChipTuningMarket-social.png","contentUrl":"https:\/\/chiptuningmarket.com\/wp-content\/uploads\/2023\/05\/logo-ChipTuningMarket-social.png","width":512,"height":512,"caption":"Chiptuningmarket"},"image":{"@id":"https:\/\/chiptuningmarket.com\/ru\/#\/schema\/logo\/image\/"}}]}},"_links":{"self":[{"href":"https:\/\/chiptuningmarket.com\/pl\/wp-json\/wp\/v2\/product\/21386","targetHints":{"allow":["GET"]}}],"collection":[{"href":"https:\/\/chiptuningmarket.com\/pl\/wp-json\/wp\/v2\/product"}],"about":[{"href":"https:\/\/chiptuningmarket.com\/pl\/wp-json\/wp\/v2\/types\/product"}],"wp:featuredmedia":[{"embeddable":true,"href":"https:\/\/chiptuningmarket.com\/pl\/wp-json\/wp\/v2\/media\/21389"}],"wp:attachment":[{"href":"https:\/\/chiptuningmarket.com\/pl\/wp-json\/wp\/v2\/media?parent=21386"}],"wp:term":[{"taxonomy":"product_brand","embeddable":true,"href":"https:\/\/chiptuningmarket.com\/pl\/wp-json\/wp\/v2\/product_brand?post=21386"},{"taxonomy":"product_cat","embeddable":true,"href":"https:\/\/chiptuningmarket.com\/pl\/wp-json\/wp\/v2\/product_cat?post=21386"},{"taxonomy":"product_tag","embeddable":true,"href":"https:\/\/chiptuningmarket.com\/pl\/wp-json\/wp\/v2\/product_tag?post=21386"}],"curies":[{"name":"wp","href":"https:\/\/api.w.org\/{rel}","templated":true}]}}